{"id":6441,"date":"2015-06-19T15:30:32","date_gmt":"2015-06-19T15:30:32","guid":{"rendered":"https:\/\/www.hexis-graphics.com\/sv\/distribution\/"},"modified":"2024-08-21T10:36:11","modified_gmt":"2024-08-21T10:36:11","slug":"forsaljning","status":"publish","type":"page","link":"https:\/\/www.hexis-graphics.com\/sv\/forsaljning\/","title":{"rendered":"F\u00f6rs\u00e4ljning i Sverige"},"content":{"rendered":"<h2 class=\"nomargin\">HEXIS<\/h2>\n<h3 class=\"silver\">SVERIGE<\/h3>\n<div class=\"headOffice-FR\">\n<h3 class=\"line-white\">HEXIS AB<\/h3>\n<p>\u00d6rjaleden 42<br \/>\n261 51 Landskrona<\/p>\n<p><span class=\"inline\"><i class=\"icon-hexis hexis icon-phone red\"><\/i><a href=\"tel:+46423009310\">+46 (0)42 &#8211; 300 93 10<\/a><\/span><br \/>\n<i class=\"icon-hexis hexis icon-contact red\"><\/i><a href=\"mailto:order.se@hexisgroup.com\">order.se@hexisgroup.com<\/a><\/p>\n<\/div>\n<div class=\"clear\"><\/div>\n<div class=\"hexis-vcard\">\n<p class=\"marginbottom40\">\n<\/div>\n<div class=\"clear\"><\/div>\n<h3 class=\"silve margintop10\">V\u00e5r aff\u00e4rsverksamhet i Sverige<\/h3>\n<div class=\"clear\"><\/div>\n<div class=\"accordian fusion-accordian\"><div class=\"panel-group\" id=\"accordion-1\">\n<div class=\"fusion-panel panel-default\"><div class=\"panel-heading\"><h4 class=\"panel-title toggle\"><a data-toggle=\"collapse\" data-parent=\"#accordion-1\" data-target=\"#collapse-69d15a0d42ffd\" href=\"#collapse-69d15a0d42ffd\"><i class=\"fa-fusion-box\"><\/i>NORRA SVERIGE<\/a><\/h4><\/div><div id=\"collapse-69d15a0d42ffd\" class=\"panel-collapse collapse \"><div class=\"panel-body toggle-content\">\n<div class=\"link-group\">\n<div class=\"hexis-vcard\">\n<h3 class=\"line-red\"><strong>Peter N\u00c4SLUND<\/strong><\/h3>\n<p class=\"marginbottom40\"><i class=\"icon-hexis hexis icon-mobile red\"><\/i><a href=\"tel:+46723399315\">+46 (0)72 \u2013 339 93 15<\/a><br \/>\n<i class=\"icon-hexis hexis icon-contact red\"><\/i><a href=\"mailto:peter.naslund@hexisgroup.com\">peter.naslund@hexisgroup.com<\/a><\/p>\n<\/div>\n<\/div>\n<\/div><\/div><\/div>\n<div class=\"link-group\">\n<div class=\"hexis-vcard\"><\/div>\n<\/div>\n<div class=\"fusion-panel panel-default\"><div class=\"panel-heading\"><h4 class=\"panel-title toggle\"><a data-toggle=\"collapse\" data-parent=\"#accordion-1\" data-target=\"#collapse-69d15a0d43051\" href=\"#collapse-69d15a0d43051\"><i class=\"fa-fusion-box\"><\/i>STOCKHOLM\/M\u00c4LARDALEN<\/a><\/h4><\/div><div id=\"collapse-69d15a0d43051\" class=\"panel-collapse collapse \"><div class=\"panel-body toggle-content\">\n<div class=\"link-group\">\n<div class=\"hexis-vcard\">\n<h3 class=\"line-red\"><strong>Gabriel Alexandersson<\/strong><\/h3>\n<p class=\"marginbottom40\"><i class=\"icon-hexis hexis icon-mobile red\"><\/i><a href=\"tel:0763483450\">+46 (0)76 \u2013 348 34 50<\/a><br \/>\n<i class=\"icon-hexis hexis icon-contact red\"><\/i><a href=\"mailto:gabriel.alexandersson@hexisgroup.com\">gabriel.alexandersson@hexisgroup.com<\/a><\/p>\n<\/div>\n<\/div>\n<div class=\"link-group\">\n<div class=\"hexis-vcard\">\n<h3 class=\"line-red\"><strong>Lars LUNDBERG<\/strong><\/h3>\n<p class=\"marginbottom40\"><i class=\"icon-hexis hexis icon-mobile red\"><\/i><a href=\"tel:+46723099313\">+46 (0)72 \u2013 309 93 13<\/a><br \/>\n<i class=\"icon-hexis hexis icon-contact red\"><\/i><a href=\"mailto:lars.lundberg@hexisgroup.com\">lars.lundberg@hexisgroup.com<\/a><\/p>\n<div class=\"link-group\">\n<div class=\"hexis-vcard\">\n<h3 class=\"line-red\"><strong>Marcus SCH\u00d6FL<\/strong><\/h3>\n<p class=\"marginbottom40\"><i class=\"icon-hexis hexis icon-mobile red\"><\/i><a href=\"tel:+46723096822\">+46 (0)72 \u2013 309 68 22<\/a><br \/>\n<a href=\"mailto:marcus.schofl@hexisgroup.com\" target=\"_blank\" rel=\"nofollow noreferrer noopener\">marcus.schofl@hexisgroup.com<\/a><\/p>\n<\/div>\n<\/div>\n<\/div>\n<\/div>\n<\/div><\/div><\/div>\n<div class=\"fusion-panel panel-default\"><div class=\"panel-heading\"><h4 class=\"panel-title toggle\"><a data-toggle=\"collapse\" data-parent=\"#accordion-1\" data-target=\"#collapse-69d15a0d43084\" href=\"#collapse-69d15a0d43084\"><i class=\"fa-fusion-box\"><\/i>G\u00d6TEBORG\/HALLAND\/SK\u00c5NE\/BLEKINGE<\/a><\/h4><\/div><div id=\"collapse-69d15a0d43084\" class=\"panel-collapse collapse \"><div class=\"panel-body toggle-content\">\n<div class=\"link-group\">\n<div class=\"hexis-vcard\">\n<h3><strong>Oliver Hansson<\/strong><\/h3>\n<p class=\"marginbottom40\"><i class=\"icon-hexis hexis icon-mobile red\"><\/i><a href=\"tel:+46765399290\">+46 (0)76 \u2013 539 92 90<\/a><br \/>\n<i class=\"icon-hexis hexis icon-contact red\"><\/i><a href=\"mailto:oliver.hansson@hexisgroup.com\">oliver.hansson@hexisgroup.com<\/a><\/p>\n<\/div>\n<\/div>\n<\/div><\/div><\/div>\n<div class=\"fusion-panel panel-default\"><div class=\"panel-heading\"><h4 class=\"panel-title toggle\"><a data-toggle=\"collapse\" data-parent=\"#accordion-1\" data-target=\"#collapse-69d15a0d430b0\" href=\"#collapse-69d15a0d430b0\"><i class=\"fa-fusion-box\"><\/i>SK\u00c5NE\/SM\u00c5LAND<\/a><\/h4><\/div><div id=\"collapse-69d15a0d430b0\" class=\"panel-collapse collapse \"><div class=\"panel-body toggle-content\">\n<div class=\"link-group\">\n<div class=\"hexis-vcard\">\n<h3 class=\"line-red\"><strong>Andreas OLSSON<\/strong><\/h3>\n<p class=\"marginbottom40\"><i class=\"icon-hexis hexis icon-mobile red\"><\/i><a href=\"tel:+46723099315\">+46 (0)72 \u2013 329 93 15<\/a><br \/>\n<i class=\"icon-hexis hexis icon-contact red\"><\/i><a href=\"mailto:andreas.olsson@hexisgroup.com\">andreas.olsson@hexisgroup.com<\/a><\/p>\n<\/div>\n<\/div>\n<\/div><\/div><\/div>\n<div class=\"fusion-panel panel-default\"><div class=\"panel-heading\"><h4 class=\"panel-title toggle\"><a data-toggle=\"collapse\" data-parent=\"#accordion-1\" data-target=\"#collapse-69d15a0d430da\" href=\"#collapse-69d15a0d430da\"><i class=\"fa-fusion-box\"><\/i>V\u00c4STRA G\u00d6TALAND\/V\u00c4RMLAND<\/a><\/h4><\/div><div id=\"collapse-69d15a0d430da\" class=\"panel-collapse collapse \"><div class=\"panel-body toggle-content\">\n<div class=\"link-group\">\n<div class=\"hexis-vcard\">\n<h3 class=\"line-red\"><strong>Stefan WALLIN<\/strong><\/h3>\n<p class=\"marginbottom40\"><i class=\"icon-hexis hexis icon-mobile red\"><\/i><a href=\"tel:+46723099036\">+46 (0)72 \u2013 309 90 36<\/a><br \/>\n<i class=\"icon-hexis hexis icon-contact red\"><\/i><a href=\"mailto:stefan.wallin@hexisgroup.com\">stefan.wallin@hexisgroup.com<\/a><\/p>\n<\/div>\n<\/div>\n<\/div><\/div><\/div>\n<\/div><\/div>\n<div class=\"clear\"><\/div>\n<div>\n<h3>AFF\u00c4RS- &amp; MARKNADSUTVECKLING AUTOMOTIVE<\/h3>\n<p>Jonas Sj\u00f6str\u00f6m<\/p>\n<p class=\"marginbottom40\"><i class=\"icon-hexis hexis icon-phone red\"><\/i><a href=\"tel:46791434780\">+46 (0)79 \u2013 143 47 80<\/a><br \/>\n<i class=\"icon-hexis hexis icon-contact red\"><\/i><a href=\"mailto:jonas.sjostrom@hexisgroup.com\">jonas.sjostrom@hexisgroup.com<\/a><\/p>\n<\/div>\n<div class=\"hexis-vcard\">\n<h3 class=\"\" style=\"margin-bottom: 0px;\">HEX\u2019PERT SVERIGE<\/h3>\n<p style=\"margin-bottom: 0px;\">Christian \u201dC2\u201d Lauritsen<\/p>\n<p class=\"marginbottom40\"><i class=\"icon-hexis hexis icon-phone red\"><\/i><a href=\"tel:46723099122\">+46 (0)72 \u2013 309 91 22<\/a><br \/>\n<i class=\"icon-hexis hexis icon-contact red\"><\/i><a href=\"mailto:christian.lauritsen@hexisgroup.com\">christian.lauritsen@hexisgroup.com<\/a><\/p>\n<p style=\"margin-bottom: 0px;\">Ola Gustafsson<\/p>\n<p class=\"marginbottom40\"><i class=\"icon-hexis hexis icon-phone red\"><\/i><a href=\"tel:46424567389\">+46 (0)42-456 73 89<\/a><br \/>\n<i class=\"icon-hexis hexis icon-contact red\"><\/i><a href=\"mailto:ola.gustafsson@hexisgroup.com\">ola.gustafsson@hexisgroup.com<\/a><\/p>\n<\/div>\n<div class=\"clear\"><\/div>\n<div class=\"padding10 bg-silver marginbottom20 margintop20\">\n<h3 class=\"line-red nomargin half\">Patrik MARTINSSON<\/h3>\n<h3 class=\"silver half\">VD<\/h3>\n<p><span class=\"inline\"><i class=\"icon-hexis hexis icon-phone red\"><\/i><a href=\"tel:+46423009310\">+46 (0)42 \u2013 300 93 10<\/a><\/span><span class=\"inline\"><i class=\"icon-hexis hexis icon-mobile red\"><\/i><a href=\"tel:+46733130200\">+46 (0)73 \u2013 313 02 00<\/a><\/span><\/p>\n<\/div>\n<div class=\"clear\"><\/div>\n<div class=\"clear\"><\/div>\n<div class=\"padding10 bg-silver marginbottom20\">\n<h3 class=\"line-red nomargin half\">Joachim WALLGREN<\/h3>\n<h3 class=\"silver half\">F\u00f6rs\u00e4ljningschef<\/h3>\n<p><span class=\"inline\"><i class=\"icon-hexis hexis icon-phone red\"><\/i><a href=\"tel:+46423009310\">+46 (0)42 \u2013 300 93 10<\/a><\/span><span class=\"inline\"><i class=\"icon-hexis hexis icon-mobile red\"><\/i><a href=\"tel:+46723099310\">46 (0)72 \u2013 309 93 10<\/a><\/span><\/p>\n<\/div>\n<div class=\"clear\"><\/div>\n","protected":false},"excerpt":{"rendered":"<p>HEXIS SVERIGE HEXIS AB \u00d6rjaleden 42 261 51 Landskrona +46 (0)42 &#8211; 300 93 10 order.se@hexisgroup.com V\u00e5r aff\u00e4rsverksamhet i Sverige AFF\u00c4RS- &amp; MARKNADSUTVECKLING AUTOMOTIVE Jonas Sj\u00f6str\u00f6m +46 (0)79 \u2013 143 47 80 jonas.sjostrom@hexisgroup.com HEX\u2019PERT SVERIGE Christian \u201dC2\u201d Lauritsen +46 (0)72 \u2013 309 91 22 christian.lauritsen@hexisgroup.com Ola Gustafsson +46 (0)42-456 73 89 ola.gustafsson@hexisgroup.com Patrik MARTINSSON VD [&hellip;]<\/p>\n","protected":false},"author":1,"featured_media":0,"parent":0,"menu_order":90,"comment_status":"closed","ping_status":"closed","template":"page-distribution.php","meta":{"footnotes":""},"class_list":["post-6441","page","type-page","status-publish","hentry"],"yoast_head":"<!-- This site is optimized with the Yoast SEO plugin v26.9 - https:\/\/yoast.com\/product\/yoast-seo-wordpress\/ -->\n<title>F\u00f6rs\u00e4ljning i Sverige - HEXIS Graphics<\/title>\n<meta name=\"robots\" content=\"index, follow, max-snippet:-1, max-image-preview:large, max-video-preview:-1\" \/>\n<link rel=\"canonical\" href=\"https:\/\/www.hexis-graphics.com\/sv\/forsaljning\/\" \/>\n<meta property=\"og:locale\" content=\"sv_SE\" \/>\n<meta property=\"og:type\" content=\"article\" \/>\n<meta property=\"og:title\" content=\"F\u00f6rs\u00e4ljning i Sverige - HEXIS Graphics\" \/>\n<meta property=\"og:description\" content=\"HEXIS SVERIGE HEXIS AB \u00d6rjaleden 42 261 51 Landskrona +46 (0)42 &#8211; 300 93 10 order.se@hexisgroup.com V\u00e5r aff\u00e4rsverksamhet i Sverige AFF\u00c4RS- &amp; MARKNADSUTVECKLING AUTOMOTIVE Jonas Sj\u00f6str\u00f6m +46 (0)79 \u2013 143 47 80 jonas.sjostrom@hexisgroup.com HEX\u2019PERT SVERIGE Christian \u201dC2\u201d Lauritsen +46 (0)72 \u2013 309 91 22 christian.lauritsen@hexisgroup.com Ola Gustafsson +46 (0)42-456 73 89 ola.gustafsson@hexisgroup.com Patrik MARTINSSON VD [&hellip;]\" \/>\n<meta property=\"og:url\" content=\"https:\/\/www.hexis-graphics.com\/sv\/forsaljning\/\" \/>\n<meta property=\"og:site_name\" content=\"HEXIS Graphics\" \/>\n<meta property=\"article:publisher\" content=\"https:\/\/www.facebook.com\/hexisgraphics\" \/>\n<meta property=\"article:modified_time\" content=\"2024-08-21T10:36:11+00:00\" \/>\n<meta property=\"og:image\" content=\"https:\/\/www.hexis-graphics.com\/hexisgraphics\/2016\/05\/logo_HEXIS.jpg\" \/>\n\t<meta property=\"og:image:width\" content=\"250\" \/>\n\t<meta property=\"og:image:height\" content=\"107\" \/>\n\t<meta property=\"og:image:type\" content=\"image\/jpeg\" \/>\n<meta name=\"twitter:card\" content=\"summary_large_image\" \/>\n<meta name=\"twitter:site\" content=\"@hexisgraphics\" \/>\n<meta name=\"twitter:label1\" content=\"Ber\u00e4knad l\u00e4stid\" \/>\n\t<meta name=\"twitter:data1\" content=\"1 minut\" \/>\n<script type=\"application\/ld+json\" class=\"yoast-schema-graph\">{\"@context\":\"https:\/\/schema.org\",\"@graph\":[{\"@type\":\"WebPage\",\"@id\":\"https:\/\/www.hexis-graphics.com\/sv\/forsaljning\/\",\"url\":\"https:\/\/www.hexis-graphics.com\/sv\/forsaljning\/\",\"name\":\"F\u00f6rs\u00e4ljning i Sverige - HEXIS Graphics\",\"isPartOf\":{\"@id\":\"https:\/\/www.hexis-graphics.com\/sv\/#website\"},\"datePublished\":\"2015-06-19T15:30:32+00:00\",\"dateModified\":\"2024-08-21T10:36:11+00:00\",\"breadcrumb\":{\"@id\":\"https:\/\/www.hexis-graphics.com\/sv\/forsaljning\/#breadcrumb\"},\"inLanguage\":\"sv-SE\",\"potentialAction\":[{\"@type\":\"ReadAction\",\"target\":[\"https:\/\/www.hexis-graphics.com\/sv\/forsaljning\/\"]}]},{\"@type\":\"BreadcrumbList\",\"@id\":\"https:\/\/www.hexis-graphics.com\/sv\/forsaljning\/#breadcrumb\",\"itemListElement\":[{\"@type\":\"ListItem\",\"position\":1,\"name\":\"Accueil\",\"item\":\"https:\/\/www.hexis-graphics.com\/sv\/\"},{\"@type\":\"ListItem\",\"position\":2,\"name\":\"F\u00f6rs\u00e4ljning i Sverige\"}]},{\"@type\":\"WebSite\",\"@id\":\"https:\/\/www.hexis-graphics.com\/sv\/#website\",\"url\":\"https:\/\/www.hexis-graphics.com\/sv\/\",\"name\":\"HEXIS Graphics\",\"description\":\"Manufacturer of self-adhesive films\",\"publisher\":{\"@id\":\"https:\/\/www.hexis-graphics.com\/sv\/#organization\"},\"potentialAction\":[{\"@type\":\"SearchAction\",\"target\":{\"@type\":\"EntryPoint\",\"urlTemplate\":\"https:\/\/www.hexis-graphics.com\/sv\/?s={search_term_string}\"},\"query-input\":{\"@type\":\"PropertyValueSpecification\",\"valueRequired\":true,\"valueName\":\"search_term_string\"}}],\"inLanguage\":\"sv-SE\"},{\"@type\":\"Organization\",\"@id\":\"https:\/\/www.hexis-graphics.com\/sv\/#organization\",\"name\":\"HEXIS Graphics\",\"url\":\"https:\/\/www.hexis-graphics.com\/sv\/\",\"logo\":{\"@type\":\"ImageObject\",\"inLanguage\":\"sv-SE\",\"@id\":\"https:\/\/www.hexis-graphics.com\/sv\/#\/schema\/logo\/image\/\",\"url\":\"https:\/\/www.hexis-graphics.com\/hexisgraphics\/2016\/05\/logo_HEXIS.jpg\",\"contentUrl\":\"https:\/\/www.hexis-graphics.com\/hexisgraphics\/2016\/05\/logo_HEXIS.jpg\",\"width\":250,\"height\":107,\"caption\":\"HEXIS Graphics\"},\"image\":{\"@id\":\"https:\/\/www.hexis-graphics.com\/sv\/#\/schema\/logo\/image\/\"},\"sameAs\":[\"https:\/\/www.facebook.com\/hexisgraphics\",\"https:\/\/x.com\/hexisgraphics\",\"https:\/\/www.instagram.com\/hexisgraphics\/\",\"https:\/\/fr.linkedin.com\/company\/hexis-s-a-\",\"https:\/\/www.youtube.com\/user\/HEXISSA\"]}]}<\/script>\n<!-- \/ Yoast SEO plugin. -->","yoast_head_json":{"title":"F\u00f6rs\u00e4ljning i Sverige - HEXIS Graphics","robots":{"index":"index","follow":"follow","max-snippet":"max-snippet:-1","max-image-preview":"max-image-preview:large","max-video-preview":"max-video-preview:-1"},"canonical":"https:\/\/www.hexis-graphics.com\/sv\/forsaljning\/","og_locale":"sv_SE","og_type":"article","og_title":"F\u00f6rs\u00e4ljning i Sverige - HEXIS Graphics","og_description":"HEXIS SVERIGE HEXIS AB \u00d6rjaleden 42 261 51 Landskrona +46 (0)42 &#8211; 300 93 10 order.se@hexisgroup.com V\u00e5r aff\u00e4rsverksamhet i Sverige AFF\u00c4RS- &amp; MARKNADSUTVECKLING AUTOMOTIVE Jonas Sj\u00f6str\u00f6m +46 (0)79 \u2013 143 47 80 jonas.sjostrom@hexisgroup.com HEX\u2019PERT SVERIGE Christian \u201dC2\u201d Lauritsen +46 (0)72 \u2013 309 91 22 christian.lauritsen@hexisgroup.com Ola Gustafsson +46 (0)42-456 73 89 ola.gustafsson@hexisgroup.com Patrik MARTINSSON VD [&hellip;]","og_url":"https:\/\/www.hexis-graphics.com\/sv\/forsaljning\/","og_site_name":"HEXIS Graphics","article_publisher":"https:\/\/www.facebook.com\/hexisgraphics","article_modified_time":"2024-08-21T10:36:11+00:00","og_image":[{"width":250,"height":107,"url":"https:\/\/www.hexis-graphics.com\/hexisgraphics\/2016\/05\/logo_HEXIS.jpg","type":"image\/jpeg"}],"twitter_card":"summary_large_image","twitter_site":"@hexisgraphics","twitter_misc":{"Ber\u00e4knad l\u00e4stid":"1 minut"},"schema":{"@context":"https:\/\/schema.org","@graph":[{"@type":"WebPage","@id":"https:\/\/www.hexis-graphics.com\/sv\/forsaljning\/","url":"https:\/\/www.hexis-graphics.com\/sv\/forsaljning\/","name":"F\u00f6rs\u00e4ljning i Sverige - HEXIS Graphics","isPartOf":{"@id":"https:\/\/www.hexis-graphics.com\/sv\/#website"},"datePublished":"2015-06-19T15:30:32+00:00","dateModified":"2024-08-21T10:36:11+00:00","breadcrumb":{"@id":"https:\/\/www.hexis-graphics.com\/sv\/forsaljning\/#breadcrumb"},"inLanguage":"sv-SE","potentialAction":[{"@type":"ReadAction","target":["https:\/\/www.hexis-graphics.com\/sv\/forsaljning\/"]}]},{"@type":"BreadcrumbList","@id":"https:\/\/www.hexis-graphics.com\/sv\/forsaljning\/#breadcrumb","itemListElement":[{"@type":"ListItem","position":1,"name":"Accueil","item":"https:\/\/www.hexis-graphics.com\/sv\/"},{"@type":"ListItem","position":2,"name":"F\u00f6rs\u00e4ljning i Sverige"}]},{"@type":"WebSite","@id":"https:\/\/www.hexis-graphics.com\/sv\/#website","url":"https:\/\/www.hexis-graphics.com\/sv\/","name":"HEXIS Graphics","description":"Manufacturer of self-adhesive films","publisher":{"@id":"https:\/\/www.hexis-graphics.com\/sv\/#organization"},"potentialAction":[{"@type":"SearchAction","target":{"@type":"EntryPoint","urlTemplate":"https:\/\/www.hexis-graphics.com\/sv\/?s={search_term_string}"},"query-input":{"@type":"PropertyValueSpecification","valueRequired":true,"valueName":"search_term_string"}}],"inLanguage":"sv-SE"},{"@type":"Organization","@id":"https:\/\/www.hexis-graphics.com\/sv\/#organization","name":"HEXIS Graphics","url":"https:\/\/www.hexis-graphics.com\/sv\/","logo":{"@type":"ImageObject","inLanguage":"sv-SE","@id":"https:\/\/www.hexis-graphics.com\/sv\/#\/schema\/logo\/image\/","url":"https:\/\/www.hexis-graphics.com\/hexisgraphics\/2016\/05\/logo_HEXIS.jpg","contentUrl":"https:\/\/www.hexis-graphics.com\/hexisgraphics\/2016\/05\/logo_HEXIS.jpg","width":250,"height":107,"caption":"HEXIS Graphics"},"image":{"@id":"https:\/\/www.hexis-graphics.com\/sv\/#\/schema\/logo\/image\/"},"sameAs":["https:\/\/www.facebook.com\/hexisgraphics","https:\/\/x.com\/hexisgraphics","https:\/\/www.instagram.com\/hexisgraphics\/","https:\/\/fr.linkedin.com\/company\/hexis-s-a-","https:\/\/www.youtube.com\/user\/HEXISSA"]}]}},"_links":{"self":[{"href":"https:\/\/www.hexis-graphics.com\/sv\/wp-json\/wp\/v2\/pages\/6441","targetHints":{"allow":["GET"]}}],"collection":[{"href":"https:\/\/www.hexis-graphics.com\/sv\/wp-json\/wp\/v2\/pages"}],"about":[{"href":"https:\/\/www.hexis-graphics.com\/sv\/wp-json\/wp\/v2\/types\/page"}],"author":[{"embeddable":true,"href":"https:\/\/www.hexis-graphics.com\/sv\/wp-json\/wp\/v2\/users\/1"}],"replies":[{"embeddable":true,"href":"https:\/\/www.hexis-graphics.com\/sv\/wp-json\/wp\/v2\/comments?post=6441"}],"version-history":[{"count":7,"href":"https:\/\/www.hexis-graphics.com\/sv\/wp-json\/wp\/v2\/pages\/6441\/revisions"}],"predecessor-version":[{"id":49812,"href":"https:\/\/www.hexis-graphics.com\/sv\/wp-json\/wp\/v2\/pages\/6441\/revisions\/49812"}],"wp:attachment":[{"href":"https:\/\/www.hexis-graphics.com\/sv\/wp-json\/wp\/v2\/media?parent=6441"}],"curies":[{"name":"wp","href":"https:\/\/api.w.org\/{rel}","templated":true}]}}