{"id":6004,"date":"2015-11-03T22:31:12","date_gmt":"2015-11-03T22:31:12","guid":{"rendered":"https:\/\/www.hexis-graphics.com\/sv\/?page_id=6004"},"modified":"2022-07-04T12:35:38","modified_gmt":"2022-07-04T12:35:38","slug":"faergbibliotek","status":"publish","type":"page","link":"https:\/\/www.hexis-graphics.com\/sv\/supports\/digital-printing\/faergbibliotek\/","title":{"rendered":"F\u00e4rgbibliotek"},"content":{"rendered":"<p style=\"text-align: justify;\">H\u00e4r hittar du de olika f\u00e4rgbiblioteken f\u00f6r varje SUPTAC och RIP program du anv\u00e4nder. Varje fil inneh\u00e5ller filen SUPTAC-colours men \u00e4ven en kort video som f\u00f6rklarar hur du importerar och anv\u00e4nder\u00a0biblioteket r\u00e4tt.<\/p>\n<p style=\"text-align: justify;\"><em>Om du st\u00f6ter p\u00e5 n\u00e5gra sv\u00e5righeter eller problem vid importen eller anv\u00e4ndningen av dessa profiler, tveka inte att kontakta oss p\u00e5: <a class=\"red\" href=\"mailto:profils@hexis.fr\">profils@hexis.fr<\/a><\/em><\/p>\n<p>&nbsp;<\/p>\n<div style=\"float:left;margin:10px;padding:10px;width:90%;border-bottom:1px solid #efefef;\">\n<div style=\"float:left;max-width:50%\">\n<h1 class=\"titreArticle\">Colour charts correspondence<\/h1>\n<p><img decoding=\"async\" style=\"max-height:100px\" src=\"https:\/\/hexis-graphics.com\/img\/colorpalette\/image\/thumb.small.IMG_2830.jpg\"\/><\/p>\n<\/div>\n<div style=\"float:right;\" class=\"bg-red button-background-mini margintop5\"><a class=\"lien1\" href=\"https:\/\/hexis-graphics.com\/documents\/colorpalette\/Correspondances-nuanciers-HEXIS.zip\" target=\"_blank\"><i class=\"icon-hexis hexis icon-brochure white\"><\/i> Download<\/a><\/div>\n<\/div>\n<div style=\"float: left; margin: 10px; padding: 10px; width: 90%; border-bottom: 1px solid #efefef;\">\n<div style=\"float: left;\">\n<h1 class=\"titreArticle\">Onyx<\/h1>\n<p><img decoding=\"async\" style=\"max-height: 75px;\" src=\"https:\/\/hexis-graphics.com\/img\/colorpalette\/image\/thumb.small.onyx_last.jpg\" \/><\/p>\n<\/div>\n<div class=\"bg-red button-background-mini margintop5\" style=\"float: right;\"><a class=\"lien1\" href=\"https:\/\/hexis-graphics.com\/documents\/colorpalette\/color-onyx.zip\" target=\"_blank\"><i class=\"icon-hexis hexis icon-brochure white\"><\/i>Download<\/a><\/div>\n<\/div>\n<div style=\"float: left; margin: 10px; padding: 10px; width: 90%; border-bottom: 1px solid #efefef;\">\n<div style=\"float: left;\">\n<h1 class=\"titreArticle\">Adobe suite<\/h1>\n<p><img decoding=\"async\" style=\"max-height: 75px;\" src=\"https:\/\/hexis-graphics.com\/img\/colorpalette\/image\/thumb.small.logo_ill_in.jpg\" \/><\/p>\n<\/div>\n<div class=\"bg-red button-background-mini margintop5\" style=\"float: right;\"><a class=\"lien1\" href=\"https:\/\/hexis-graphics.com\/documents\/colorpalette\/color-adobe.zip\" target=\"_blank\"><i class=\"icon-hexis hexis icon-brochure white\"><\/i> Download<\/a><\/div>\n<\/div>\n<div style=\"float: left; margin: 10px; padding: 10px; width: 90%; border-bottom: 1px solid #efefef;\">\n<div style=\"float: left;\">\n<h1 class=\"titreArticle\">Caldera<\/h1>\n<p><img decoding=\"async\" style=\"max-height: 75px;\" src=\"https:\/\/hexis-graphics.com\/img\/colorpalette\/image\/thumb.small.Caldera_Logo_2008.jpg\" \/><\/p>\n<\/div>\n<div class=\"bg-red button-background-mini margintop5\" style=\"float: right;\"><a class=\"lien1\" href=\"https:\/\/hexis-graphics.com\/documents\/colorpalette\/color-caldera.zip\" target=\"_blank\"><i class=\"icon-hexis hexis icon-brochure white\"><\/i> Download<\/a><\/div>\n<\/div>\n<div style=\"float: left; margin: 10px; padding: 10px; width: 90%; border-bottom: 1px solid #efefef;\">\n<div style=\"float: left;\">\n<h1 class=\"titreArticle\">Versaworks<\/h1>\n<p><img decoding=\"async\" style=\"max-height: 75px;\" src=\"https:\/\/hexis-graphics.com\/img\/colorpalette\/image\/thumb.small.roland_versaworks.jpg\" \/><\/p>\n<\/div>\n<div class=\"bg-red button-background-mini margintop5\" style=\"float: right;\"><a class=\"lien1\" href=\"https:\/\/hexis-graphics.com\/documents\/colorpalette\/color-versaworks.zip\" target=\"_blank\"><i class=\"icon-hexis hexis icon-brochure white\"><\/i> Download<\/a><\/div>\n<\/div>\n<div style=\"float: left; margin: 10px; padding: 10px; width: 90%; border-bottom: 1px solid #efefef;\">\n<div style=\"float: left;\">\n<h1 class=\"titreArticle\">Sai photoprint<\/h1>\n<p><img decoding=\"async\"  style=\"max-height:75px\" src=\"https:\/\/www.hexis-graphics.com\/hexisgraphics\/2022\/07\/logo-SAI.png\" alt=\"\" width=\"75\"  class=\"size-full wp-image-39451\" srcset=\"https:\/\/www.hexis-graphics.com\/hexisgraphics\/2022\/07\/logo-SAI.png 162w, https:\/\/www.hexis-graphics.com\/hexisgraphics\/2022\/07\/logo-SAI-145x150.png 145w\" sizes=\"(max-width: 162px) 100vw, 162px\" \/><\/p>\n<\/div>\n<div class=\"bg-red button-background-mini margintop5\" style=\"float: right;\"><a class=\"lien1\" href=\"https:\/\/hexis-graphics.com\/documents\/colorpalette\/document_en\/flexi_sign.zip\" target=\"_blank\"><i class=\"icon-hexis hexis icon-brochure white\"><\/i> Download<\/a><\/div>\n<\/div>\n<div style=\"float: left; margin: 10px; padding: 10px; width: 90%; border-bottom: 1px solid #efefef;\">\n<div style=\"float: left;\">\n<h1 class=\"titreArticle\">Coreldraw<\/h1>\n<p><img decoding=\"async\" style=\"max-height: 75px;\" src=\"https:\/\/hexis-graphics.com\/img\/colorpalette\/image\/thumb.small.corel_x5.jpg\" \/><\/p>\n<\/div>\n<div class=\"bg-red button-background-mini margintop5\" style=\"float: right;\"><a class=\"lien1\" href=\"https:\/\/hexis-graphics.com\/documents\/colorpalette\/document_en\/Corel_draw.zip\" target=\"_blank\"><i class=\"icon-hexis hexis icon-brochure white\"><\/i> Download<\/a><\/div>\n<\/div>\n<div style=\"float: left; margin: 10px; padding: 10px; width: 90%; border-bottom: 1px solid #efefef;\">\n<div style=\"float: left;\">\n<h1 class=\"titreArticle\">Wasatch<\/h1>\n<p><img decoding=\"async\" style=\"max-height: 75px;\" src=\"https:\/\/hexis-graphics.com\/img\/colorpalette\/image\/thumb.small.Wasatch_Logo_for_web.jpg\" \/><\/p>\n<\/div>\n<div class=\"bg-red button-background-mini margintop5\" style=\"float: right;\"><a class=\"lien1\" href=\"https:\/\/hexis-graphics.com\/documents\/colorpalette\/document_en\/Wasatch_Suptac.zip\" target=\"_blank\"><i class=\"icon-hexis hexis icon-brochure white\"><\/i> Download<\/a><\/div>\n<\/div>\n<div style=\"float: left; margin: 10px; padding: 10px; width: 90%; border-bottom: 1px solid #efefef;\">\n<div style=\"float: left;\">\n<h1 class=\"titreArticle\">Sign lab<\/h1>\n<p><img decoding=\"async\" style=\"max-height: 75px;\" src=\"https:\/\/hexis-graphics.com\/img\/colorpalette\/image\/thumb.small.signlab_logo.jpg\" \/><\/p>\n<\/div>\n<div class=\"bg-red button-background-mini margintop5\" style=\"float: right;\"><a class=\"lien1\" href=\"https:\/\/hexis-graphics.com\/documents\/colorpalette\/document_en\/sign_lab.zip\" target=\"_blank\"><i class=\"icon-hexis hexis icon-brochure white\"><\/i> Download<\/a><\/div>\n<\/div>\n","protected":false},"excerpt":{"rendered":"<p>H\u00e4r hittar du de olika f\u00e4rgbiblioteken f\u00f6r varje SUPTAC och RIP program du anv\u00e4nder. Varje fil inneh\u00e5ller filen SUPTAC-colours men \u00e4ven en kort video som f\u00f6rklarar hur du importerar och anv\u00e4nder\u00a0biblioteket r\u00e4tt. Om du st\u00f6ter p\u00e5 n\u00e5gra sv\u00e5righeter eller problem vid importen eller anv\u00e4ndningen av dessa profiler, tveka inte att kontakta oss p\u00e5: profils@hexis.fr &nbsp; [&hellip;]<\/p>\n","protected":false},"author":1,"featured_media":0,"parent":5443,"menu_order":0,"comment_status":"closed","ping_status":"closed","template":"page-imn.php","meta":{"footnotes":""},"class_list":["post-6004","page","type-page","status-publish","hentry"],"yoast_head":"<!-- This site is optimized with the Yoast SEO plugin v27.4 - https:\/\/yoast.com\/product\/yoast-seo-wordpress\/ -->\n<title>F\u00e4rgbibliotek - HEXIS Graphics<\/title>\n<meta name=\"robots\" content=\"index, follow, max-snippet:-1, max-image-preview:large, max-video-preview:-1\" \/>\n<link rel=\"canonical\" href=\"https:\/\/www.hexis-graphics.com\/sv\/supports\/digital-printing\/faergbibliotek\/\" \/>\n<meta property=\"og:locale\" content=\"sv_SE\" \/>\n<meta property=\"og:type\" content=\"article\" \/>\n<meta property=\"og:title\" content=\"F\u00e4rgbibliotek - HEXIS Graphics\" \/>\n<meta property=\"og:description\" content=\"H\u00e4r hittar du de olika f\u00e4rgbiblioteken f\u00f6r varje SUPTAC och RIP program du anv\u00e4nder. Varje fil inneh\u00e5ller filen SUPTAC-colours men \u00e4ven en kort video som f\u00f6rklarar hur du importerar och anv\u00e4nder\u00a0biblioteket r\u00e4tt. Om du st\u00f6ter p\u00e5 n\u00e5gra sv\u00e5righeter eller problem vid importen eller anv\u00e4ndningen av dessa profiler, tveka inte att kontakta oss p\u00e5: profils@hexis.fr &nbsp; [&hellip;]\" \/>\n<meta property=\"og:url\" content=\"https:\/\/www.hexis-graphics.com\/sv\/supports\/digital-printing\/faergbibliotek\/\" \/>\n<meta property=\"og:site_name\" content=\"HEXIS Graphics\" \/>\n<meta property=\"article:publisher\" content=\"https:\/\/www.facebook.com\/hexisgraphics\" \/>\n<meta property=\"article:modified_time\" content=\"2022-07-04T12:35:38+00:00\" \/>\n<meta property=\"og:image\" content=\"https:\/\/hexis-graphics.com\/img\/colorpalette\/image\/thumb.small.IMG_2830.jpg\" \/>\n<meta name=\"twitter:card\" content=\"summary_large_image\" \/>\n<meta name=\"twitter:site\" content=\"@hexisgraphics\" \/>\n<script type=\"application\/ld+json\" class=\"yoast-schema-graph\">{\"@context\":\"https:\\\/\\\/schema.org\",\"@graph\":[{\"@type\":\"WebPage\",\"@id\":\"https:\\\/\\\/www.hexis-graphics.com\\\/sv\\\/supports\\\/digital-printing\\\/faergbibliotek\\\/\",\"url\":\"https:\\\/\\\/www.hexis-graphics.com\\\/sv\\\/supports\\\/digital-printing\\\/faergbibliotek\\\/\",\"name\":\"F\u00e4rgbibliotek - HEXIS Graphics\",\"isPartOf\":{\"@id\":\"https:\\\/\\\/www.hexis-graphics.com\\\/sv\\\/#website\"},\"primaryImageOfPage\":{\"@id\":\"https:\\\/\\\/www.hexis-graphics.com\\\/sv\\\/supports\\\/digital-printing\\\/faergbibliotek\\\/#primaryimage\"},\"image\":{\"@id\":\"https:\\\/\\\/www.hexis-graphics.com\\\/sv\\\/supports\\\/digital-printing\\\/faergbibliotek\\\/#primaryimage\"},\"thumbnailUrl\":\"https:\\\/\\\/hexis-graphics.com\\\/img\\\/colorpalette\\\/image\\\/thumb.small.IMG_2830.jpg\",\"datePublished\":\"2015-11-03T22:31:12+00:00\",\"dateModified\":\"2022-07-04T12:35:38+00:00\",\"breadcrumb\":{\"@id\":\"https:\\\/\\\/www.hexis-graphics.com\\\/sv\\\/supports\\\/digital-printing\\\/faergbibliotek\\\/#breadcrumb\"},\"inLanguage\":\"sv-SE\",\"potentialAction\":[{\"@type\":\"ReadAction\",\"target\":[\"https:\\\/\\\/www.hexis-graphics.com\\\/sv\\\/supports\\\/digital-printing\\\/faergbibliotek\\\/\"]}]},{\"@type\":\"ImageObject\",\"inLanguage\":\"sv-SE\",\"@id\":\"https:\\\/\\\/www.hexis-graphics.com\\\/sv\\\/supports\\\/digital-printing\\\/faergbibliotek\\\/#primaryimage\",\"url\":\"https:\\\/\\\/hexis-graphics.com\\\/img\\\/colorpalette\\\/image\\\/thumb.small.IMG_2830.jpg\",\"contentUrl\":\"https:\\\/\\\/hexis-graphics.com\\\/img\\\/colorpalette\\\/image\\\/thumb.small.IMG_2830.jpg\"},{\"@type\":\"BreadcrumbList\",\"@id\":\"https:\\\/\\\/www.hexis-graphics.com\\\/sv\\\/supports\\\/digital-printing\\\/faergbibliotek\\\/#breadcrumb\",\"itemListElement\":[{\"@type\":\"ListItem\",\"position\":1,\"name\":\"Accueil\",\"item\":\"https:\\\/\\\/www.hexis-graphics.com\\\/sv\\\/\"},{\"@type\":\"ListItem\",\"position\":2,\"name\":\"Professionals\",\"item\":\"https:\\\/\\\/www.hexis-graphics.com\\\/sv\\\/supports\\\/\"},{\"@type\":\"ListItem\",\"position\":3,\"name\":\"Digital printing\",\"item\":\"https:\\\/\\\/www.hexis-graphics.com\\\/sv\\\/supports\\\/digital-printing\\\/\"},{\"@type\":\"ListItem\",\"position\":4,\"name\":\"F\u00e4rgbibliotek\"}]},{\"@type\":\"WebSite\",\"@id\":\"https:\\\/\\\/www.hexis-graphics.com\\\/sv\\\/#website\",\"url\":\"https:\\\/\\\/www.hexis-graphics.com\\\/sv\\\/\",\"name\":\"HEXIS Graphics\",\"description\":\"Manufacturer of self-adhesive films\",\"publisher\":{\"@id\":\"https:\\\/\\\/www.hexis-graphics.com\\\/sv\\\/#organization\"},\"potentialAction\":[{\"@type\":\"SearchAction\",\"target\":{\"@type\":\"EntryPoint\",\"urlTemplate\":\"https:\\\/\\\/www.hexis-graphics.com\\\/sv\\\/?s={search_term_string}\"},\"query-input\":{\"@type\":\"PropertyValueSpecification\",\"valueRequired\":true,\"valueName\":\"search_term_string\"}}],\"inLanguage\":\"sv-SE\"},{\"@type\":\"Organization\",\"@id\":\"https:\\\/\\\/www.hexis-graphics.com\\\/sv\\\/#organization\",\"name\":\"HEXIS Graphics\",\"url\":\"https:\\\/\\\/www.hexis-graphics.com\\\/sv\\\/\",\"logo\":{\"@type\":\"ImageObject\",\"inLanguage\":\"sv-SE\",\"@id\":\"https:\\\/\\\/www.hexis-graphics.com\\\/sv\\\/#\\\/schema\\\/logo\\\/image\\\/\",\"url\":\"https:\\\/\\\/www.hexis-graphics.com\\\/hexisgraphics\\\/2016\\\/05\\\/logo_HEXIS.jpg\",\"contentUrl\":\"https:\\\/\\\/www.hexis-graphics.com\\\/hexisgraphics\\\/2016\\\/05\\\/logo_HEXIS.jpg\",\"width\":250,\"height\":107,\"caption\":\"HEXIS Graphics\"},\"image\":{\"@id\":\"https:\\\/\\\/www.hexis-graphics.com\\\/sv\\\/#\\\/schema\\\/logo\\\/image\\\/\"},\"sameAs\":[\"https:\\\/\\\/www.facebook.com\\\/hexisgraphics\",\"https:\\\/\\\/x.com\\\/hexisgraphics\",\"https:\\\/\\\/www.instagram.com\\\/hexisgraphics\\\/\",\"https:\\\/\\\/fr.linkedin.com\\\/company\\\/hexis-s-a-\",\"https:\\\/\\\/www.youtube.com\\\/user\\\/HEXISSA\"]}]}<\/script>\n<!-- \/ Yoast SEO plugin. -->","yoast_head_json":{"title":"F\u00e4rgbibliotek - HEXIS Graphics","robots":{"index":"index","follow":"follow","max-snippet":"max-snippet:-1","max-image-preview":"max-image-preview:large","max-video-preview":"max-video-preview:-1"},"canonical":"https:\/\/www.hexis-graphics.com\/sv\/supports\/digital-printing\/faergbibliotek\/","og_locale":"sv_SE","og_type":"article","og_title":"F\u00e4rgbibliotek - HEXIS Graphics","og_description":"H\u00e4r hittar du de olika f\u00e4rgbiblioteken f\u00f6r varje SUPTAC och RIP program du anv\u00e4nder. Varje fil inneh\u00e5ller filen SUPTAC-colours men \u00e4ven en kort video som f\u00f6rklarar hur du importerar och anv\u00e4nder\u00a0biblioteket r\u00e4tt. Om du st\u00f6ter p\u00e5 n\u00e5gra sv\u00e5righeter eller problem vid importen eller anv\u00e4ndningen av dessa profiler, tveka inte att kontakta oss p\u00e5: profils@hexis.fr &nbsp; [&hellip;]","og_url":"https:\/\/www.hexis-graphics.com\/sv\/supports\/digital-printing\/faergbibliotek\/","og_site_name":"HEXIS Graphics","article_publisher":"https:\/\/www.facebook.com\/hexisgraphics","article_modified_time":"2022-07-04T12:35:38+00:00","og_image":[{"url":"https:\/\/hexis-graphics.com\/img\/colorpalette\/image\/thumb.small.IMG_2830.jpg","type":"","width":"","height":""}],"twitter_card":"summary_large_image","twitter_site":"@hexisgraphics","schema":{"@context":"https:\/\/schema.org","@graph":[{"@type":"WebPage","@id":"https:\/\/www.hexis-graphics.com\/sv\/supports\/digital-printing\/faergbibliotek\/","url":"https:\/\/www.hexis-graphics.com\/sv\/supports\/digital-printing\/faergbibliotek\/","name":"F\u00e4rgbibliotek - HEXIS Graphics","isPartOf":{"@id":"https:\/\/www.hexis-graphics.com\/sv\/#website"},"primaryImageOfPage":{"@id":"https:\/\/www.hexis-graphics.com\/sv\/supports\/digital-printing\/faergbibliotek\/#primaryimage"},"image":{"@id":"https:\/\/www.hexis-graphics.com\/sv\/supports\/digital-printing\/faergbibliotek\/#primaryimage"},"thumbnailUrl":"https:\/\/hexis-graphics.com\/img\/colorpalette\/image\/thumb.small.IMG_2830.jpg","datePublished":"2015-11-03T22:31:12+00:00","dateModified":"2022-07-04T12:35:38+00:00","breadcrumb":{"@id":"https:\/\/www.hexis-graphics.com\/sv\/supports\/digital-printing\/faergbibliotek\/#breadcrumb"},"inLanguage":"sv-SE","potentialAction":[{"@type":"ReadAction","target":["https:\/\/www.hexis-graphics.com\/sv\/supports\/digital-printing\/faergbibliotek\/"]}]},{"@type":"ImageObject","inLanguage":"sv-SE","@id":"https:\/\/www.hexis-graphics.com\/sv\/supports\/digital-printing\/faergbibliotek\/#primaryimage","url":"https:\/\/hexis-graphics.com\/img\/colorpalette\/image\/thumb.small.IMG_2830.jpg","contentUrl":"https:\/\/hexis-graphics.com\/img\/colorpalette\/image\/thumb.small.IMG_2830.jpg"},{"@type":"BreadcrumbList","@id":"https:\/\/www.hexis-graphics.com\/sv\/supports\/digital-printing\/faergbibliotek\/#breadcrumb","itemListElement":[{"@type":"ListItem","position":1,"name":"Accueil","item":"https:\/\/www.hexis-graphics.com\/sv\/"},{"@type":"ListItem","position":2,"name":"Professionals","item":"https:\/\/www.hexis-graphics.com\/sv\/supports\/"},{"@type":"ListItem","position":3,"name":"Digital printing","item":"https:\/\/www.hexis-graphics.com\/sv\/supports\/digital-printing\/"},{"@type":"ListItem","position":4,"name":"F\u00e4rgbibliotek"}]},{"@type":"WebSite","@id":"https:\/\/www.hexis-graphics.com\/sv\/#website","url":"https:\/\/www.hexis-graphics.com\/sv\/","name":"HEXIS Graphics","description":"Manufacturer of self-adhesive films","publisher":{"@id":"https:\/\/www.hexis-graphics.com\/sv\/#organization"},"potentialAction":[{"@type":"SearchAction","target":{"@type":"EntryPoint","urlTemplate":"https:\/\/www.hexis-graphics.com\/sv\/?s={search_term_string}"},"query-input":{"@type":"PropertyValueSpecification","valueRequired":true,"valueName":"search_term_string"}}],"inLanguage":"sv-SE"},{"@type":"Organization","@id":"https:\/\/www.hexis-graphics.com\/sv\/#organization","name":"HEXIS Graphics","url":"https:\/\/www.hexis-graphics.com\/sv\/","logo":{"@type":"ImageObject","inLanguage":"sv-SE","@id":"https:\/\/www.hexis-graphics.com\/sv\/#\/schema\/logo\/image\/","url":"https:\/\/www.hexis-graphics.com\/hexisgraphics\/2016\/05\/logo_HEXIS.jpg","contentUrl":"https:\/\/www.hexis-graphics.com\/hexisgraphics\/2016\/05\/logo_HEXIS.jpg","width":250,"height":107,"caption":"HEXIS Graphics"},"image":{"@id":"https:\/\/www.hexis-graphics.com\/sv\/#\/schema\/logo\/image\/"},"sameAs":["https:\/\/www.facebook.com\/hexisgraphics","https:\/\/x.com\/hexisgraphics","https:\/\/www.instagram.com\/hexisgraphics\/","https:\/\/fr.linkedin.com\/company\/hexis-s-a-","https:\/\/www.youtube.com\/user\/HEXISSA"]}]}},"_links":{"self":[{"href":"https:\/\/www.hexis-graphics.com\/sv\/wp-json\/wp\/v2\/pages\/6004","targetHints":{"allow":["GET"]}}],"collection":[{"href":"https:\/\/www.hexis-graphics.com\/sv\/wp-json\/wp\/v2\/pages"}],"about":[{"href":"https:\/\/www.hexis-graphics.com\/sv\/wp-json\/wp\/v2\/types\/page"}],"author":[{"embeddable":true,"href":"https:\/\/www.hexis-graphics.com\/sv\/wp-json\/wp\/v2\/users\/1"}],"replies":[{"embeddable":true,"href":"https:\/\/www.hexis-graphics.com\/sv\/wp-json\/wp\/v2\/comments?post=6004"}],"version-history":[{"count":3,"href":"https:\/\/www.hexis-graphics.com\/sv\/wp-json\/wp\/v2\/pages\/6004\/revisions"}],"predecessor-version":[{"id":39469,"href":"https:\/\/www.hexis-graphics.com\/sv\/wp-json\/wp\/v2\/pages\/6004\/revisions\/39469"}],"up":[{"embeddable":true,"href":"https:\/\/www.hexis-graphics.com\/sv\/wp-json\/wp\/v2\/pages\/5443"}],"wp:attachment":[{"href":"https:\/\/www.hexis-graphics.com\/sv\/wp-json\/wp\/v2\/media?parent=6004"}],"curies":[{"name":"wp","href":"https:\/\/api.w.org\/{rel}","templated":true}]}}