{"id":5437,"date":"2015-09-29T17:18:26","date_gmt":"2015-09-29T17:18:26","guid":{"rendered":"https:\/\/www.hexis-graphics.com\/sv\/societe\/contact\/"},"modified":"2026-03-16T11:12:36","modified_gmt":"2026-03-16T11:12:36","slug":"kontakta-oss","status":"publish","type":"page","link":"https:\/\/www.hexis-graphics.com\/sv\/foretag\/kontakta-oss\/","title":{"rendered":"Kontakta oss"},"content":{"rendered":"<h2 class=\"nomargin\">F\u00d6RS\u00c4LJNING i Sverige<\/h2>\n<h3 class=\"silver\">HEXIS AB<\/h3>\n<div class=\"button-diagonal bg-yellow alignright marginright32\"><a title=\"\" href=\"https:\/\/www.hexis-graphics.com\/sv\/forsaljning\/\">F\u00d6RS\u00c4LJNING i Sverige<\/a><\/div>\n<div class=\"hexis-vcard col six tablet-six mobile-full nomargin nopadding\">\n<h3 class=\"line-red\">HEXIS AB \/ Huvudkontor\/Lager<\/h3>\n<p>Hexis AB<br \/>\n\u00d6rjaleden 42<br \/>\n261 51 Landskrona<\/p>\n<p><span class=\"inline\"><i class=\"icon-hexis hexis icon-phone red\"><\/i><a href=\"tel:+46423009310\">+46 (0)42-300 9310<\/a><\/span><br \/>\n<a href=\"mailto:contact.se@hexisgroup.com\">contact.se@hexisgroup.com<\/a><br \/>\n<i class=\"icon-hexis hexis icon-contact red\"><\/i><a href=\"mailto:order.se@hexisgroup.com\">order.se@hexisgroup.com<\/a><\/p>\n<h3 class=\"line-red\">HEXIS AB \/ Kontor\/Lager<\/h3>\n<p>Hexis AB<br \/>\nMediav\u00e4gen 17<br \/>\n135 48 Tyres\u00f6<\/p>\n<p><span class=\"inline\"><i class=\"icon-hexis hexis icon-phone red\"><\/i><a href=\"tel:+46812108200\">+46 (0)8-12 10 82 00<\/a><\/span><br \/>\n<a href=\"mailto:contact.se@hexisgroup.com\">contact.se@hexisgroup.com<\/a><br \/>\n<i class=\"icon-hexis hexis icon-contact red\"><\/i><a href=\"mailto:order.se@hexisgroup.com\">order.se@hexisgroup.com<\/a><\/p>\n<\/div>\n<div class=\"hexis-vcard col six tablet-six mobile-full nomargin nopadding\" style=\"display: none;\">\n<h3 class=\"line-red\">\u00d6PPETTIDER<\/h3>\n<p>m\u00e5ndag &#8211; fredag 08.00 &#8211; 17.00<br \/>\nlunchst\u00e4ngt 12.00 &#8211; 13.00<\/p>\n<p>dag f\u00f6re r\u00f6d dag 08.00 &#8211; 16.00<br \/>\nlunchst\u00e4ngt 12.00 &#8211; 13.00<\/p>\n<\/div>\n<div class=\"clear\"><\/div>\n<h2 class=\"nomargin\">F\u00d6RS\u00c4LJNING i Danmark<\/h2>\n<h3 class=\"silver\">HEXIS ApS<\/h3>\n<div class=\"button-diagonal bg-yellow alignright marginright32\"><a href=\"https:\/\/www.hexis-graphics.com\/sv\/forsaljning-danmark\/\">F\u00d6RS\u00c4LJNING i Danmark<\/a><\/div>\n<div class=\"hexis-vcard col six tablet-six mobile-full nomargin nopadding\">\n<h3 class=\"line-red\">HEXIS ApS<\/h3>\n<p>c\/o Hexis AB<br \/>\n\u00d6rjaleden 42<br \/>\n261 51 Landskrona<\/p>\n<p><span class=\"inline\"><i class=\"icon-hexis hexis icon-phone red\"><\/i><a href=\"tel:+4533604899\">+45 3360 4899<\/a><\/span><br \/>\n<i class=\"icon-hexis hexis icon-contact red\"><\/i><a href=\"mailto:order.dk@hexisgroup.com\">order.dk@hexisgroup.com<\/a><\/p>\n<\/div>\n<div class=\"clear\"><\/div>\n<div class=\"headOffice-FR\">\n<h2 class=\"line-white\">HEXIS S.A.S.<\/h2>\n<p>Z.I. Horizons Sud &#8211; CS970003 &#8211; 34110<br \/>\nFRONTIGNAN CEDEX<\/p>\n<p><span class=\"inline\"><i class=\"icon-hexis hexis icon-phone red\"><\/i><a href=\"tel:+33467186688\">+33 4 67 18 66 88<\/a><\/span><span class=\"inline\"><i class=\"icon-hexis hexis icon-fax red\"><\/i>+33 4 67 48 38 79<\/span><br \/>\n<i class=\"icon-hexis hexis icon-contact red\"><\/i><a href=\"mailto:info.fr@hexisgroup.com\">info.fr@hexisgroup.com<\/a><\/p>\n<\/div>\n<div class=\"button-diagonal bg-yellow alignright marginright32\"><a href=\"https:\/\/www.hexis-graphics.com\/sv\/forsaljning-danmark\/\">F\u00d6RS\u00c4LJNING i Danmark<\/a><\/div>\n<div class=\"button-diagonal bg-yellow alignright marginright32\"><a title=\"\" href=\"https:\/\/www.hexis-graphics.com\/sv\/forsaljning\/\">F\u00d6RS\u00c4LJNING i Sverige<\/a><\/div>\n","protected":false},"excerpt":{"rendered":"<p>F\u00d6RS\u00c4LJNING i Sverige HEXIS AB F\u00d6RS\u00c4LJNING i Sverige HEXIS AB \/ Huvudkontor\/Lager Hexis AB \u00d6rjaleden 42 261 51 Landskrona +46 (0)42-300 9310 contact.se@hexisgroup.com order.se@hexisgroup.com HEXIS AB \/ Kontor\/Lager Hexis AB Mediav\u00e4gen 17 135 48 Tyres\u00f6 +46 (0)8-12 10 82 00 contact.se@hexisgroup.com order.se@hexisgroup.com \u00d6PPETTIDER m\u00e5ndag &#8211; fredag 08.00 &#8211; 17.00 lunchst\u00e4ngt 12.00 &#8211; 13.00 dag f\u00f6re [&hellip;]<\/p>\n","protected":false},"author":5,"featured_media":0,"parent":5431,"menu_order":50,"comment_status":"closed","ping_status":"closed","template":"page-contact.php","meta":{"footnotes":""},"class_list":["post-5437","page","type-page","status-publish","hentry"],"yoast_head":"<!-- This site is optimized with the Yoast SEO plugin v26.9 - https:\/\/yoast.com\/product\/yoast-seo-wordpress\/ -->\n<title>Kontakta oss - HEXIS Graphics<\/title>\n<meta name=\"robots\" content=\"index, follow, max-snippet:-1, max-image-preview:large, max-video-preview:-1\" \/>\n<link rel=\"canonical\" href=\"https:\/\/www.hexis-graphics.com\/sv\/foretag\/kontakta-oss\/\" \/>\n<meta property=\"og:locale\" content=\"sv_SE\" \/>\n<meta property=\"og:type\" content=\"article\" \/>\n<meta property=\"og:title\" content=\"Kontakta oss - HEXIS Graphics\" \/>\n<meta property=\"og:description\" content=\"F\u00d6RS\u00c4LJNING i Sverige HEXIS AB F\u00d6RS\u00c4LJNING i Sverige HEXIS AB \/ Huvudkontor\/Lager Hexis AB \u00d6rjaleden 42 261 51 Landskrona +46 (0)42-300 9310 contact.se@hexisgroup.com order.se@hexisgroup.com HEXIS AB \/ Kontor\/Lager Hexis AB Mediav\u00e4gen 17 135 48 Tyres\u00f6 +46 (0)8-12 10 82 00 contact.se@hexisgroup.com order.se@hexisgroup.com \u00d6PPETTIDER m\u00e5ndag &#8211; fredag 08.00 &#8211; 17.00 lunchst\u00e4ngt 12.00 &#8211; 13.00 dag f\u00f6re [&hellip;]\" \/>\n<meta property=\"og:url\" content=\"https:\/\/www.hexis-graphics.com\/sv\/foretag\/kontakta-oss\/\" \/>\n<meta property=\"og:site_name\" content=\"HEXIS Graphics\" \/>\n<meta property=\"article:publisher\" content=\"https:\/\/www.facebook.com\/hexisgraphics\" \/>\n<meta property=\"article:modified_time\" content=\"2026-03-16T11:12:36+00:00\" \/>\n<meta property=\"og:image\" content=\"https:\/\/www.hexis-graphics.com\/hexisgraphics\/2016\/05\/logo_HEXIS.jpg\" \/>\n\t<meta property=\"og:image:width\" content=\"250\" \/>\n\t<meta property=\"og:image:height\" content=\"107\" \/>\n\t<meta property=\"og:image:type\" content=\"image\/jpeg\" \/>\n<meta name=\"twitter:card\" content=\"summary_large_image\" \/>\n<meta name=\"twitter:site\" content=\"@hexisgraphics\" \/>\n<meta name=\"twitter:label1\" content=\"Ber\u00e4knad l\u00e4stid\" \/>\n\t<meta name=\"twitter:data1\" content=\"1 minut\" \/>\n<script type=\"application\/ld+json\" class=\"yoast-schema-graph\">{\"@context\":\"https:\/\/schema.org\",\"@graph\":[{\"@type\":\"WebPage\",\"@id\":\"https:\/\/www.hexis-graphics.com\/sv\/foretag\/kontakta-oss\/\",\"url\":\"https:\/\/www.hexis-graphics.com\/sv\/foretag\/kontakta-oss\/\",\"name\":\"Kontakta oss - HEXIS Graphics\",\"isPartOf\":{\"@id\":\"https:\/\/www.hexis-graphics.com\/sv\/#website\"},\"datePublished\":\"2015-09-29T17:18:26+00:00\",\"dateModified\":\"2026-03-16T11:12:36+00:00\",\"breadcrumb\":{\"@id\":\"https:\/\/www.hexis-graphics.com\/sv\/foretag\/kontakta-oss\/#breadcrumb\"},\"inLanguage\":\"sv-SE\",\"potentialAction\":[{\"@type\":\"ReadAction\",\"target\":[\"https:\/\/www.hexis-graphics.com\/sv\/foretag\/kontakta-oss\/\"]}]},{\"@type\":\"BreadcrumbList\",\"@id\":\"https:\/\/www.hexis-graphics.com\/sv\/foretag\/kontakta-oss\/#breadcrumb\",\"itemListElement\":[{\"@type\":\"ListItem\",\"position\":1,\"name\":\"Accueil\",\"item\":\"https:\/\/www.hexis-graphics.com\/sv\/\"},{\"@type\":\"ListItem\",\"position\":2,\"name\":\"HEXIS\",\"item\":\"https:\/\/www.hexis-graphics.com\/sv\/foretag\/\"},{\"@type\":\"ListItem\",\"position\":3,\"name\":\"Kontakta oss\"}]},{\"@type\":\"WebSite\",\"@id\":\"https:\/\/www.hexis-graphics.com\/sv\/#website\",\"url\":\"https:\/\/www.hexis-graphics.com\/sv\/\",\"name\":\"HEXIS Graphics\",\"description\":\"Manufacturer of self-adhesive films\",\"publisher\":{\"@id\":\"https:\/\/www.hexis-graphics.com\/sv\/#organization\"},\"potentialAction\":[{\"@type\":\"SearchAction\",\"target\":{\"@type\":\"EntryPoint\",\"urlTemplate\":\"https:\/\/www.hexis-graphics.com\/sv\/?s={search_term_string}\"},\"query-input\":{\"@type\":\"PropertyValueSpecification\",\"valueRequired\":true,\"valueName\":\"search_term_string\"}}],\"inLanguage\":\"sv-SE\"},{\"@type\":\"Organization\",\"@id\":\"https:\/\/www.hexis-graphics.com\/sv\/#organization\",\"name\":\"HEXIS Graphics\",\"url\":\"https:\/\/www.hexis-graphics.com\/sv\/\",\"logo\":{\"@type\":\"ImageObject\",\"inLanguage\":\"sv-SE\",\"@id\":\"https:\/\/www.hexis-graphics.com\/sv\/#\/schema\/logo\/image\/\",\"url\":\"https:\/\/www.hexis-graphics.com\/hexisgraphics\/2016\/05\/logo_HEXIS.jpg\",\"contentUrl\":\"https:\/\/www.hexis-graphics.com\/hexisgraphics\/2016\/05\/logo_HEXIS.jpg\",\"width\":250,\"height\":107,\"caption\":\"HEXIS Graphics\"},\"image\":{\"@id\":\"https:\/\/www.hexis-graphics.com\/sv\/#\/schema\/logo\/image\/\"},\"sameAs\":[\"https:\/\/www.facebook.com\/hexisgraphics\",\"https:\/\/x.com\/hexisgraphics\",\"https:\/\/www.instagram.com\/hexisgraphics\/\",\"https:\/\/fr.linkedin.com\/company\/hexis-s-a-\",\"https:\/\/www.youtube.com\/user\/HEXISSA\"]}]}<\/script>\n<!-- \/ Yoast SEO plugin. -->","yoast_head_json":{"title":"Kontakta oss - HEXIS Graphics","robots":{"index":"index","follow":"follow","max-snippet":"max-snippet:-1","max-image-preview":"max-image-preview:large","max-video-preview":"max-video-preview:-1"},"canonical":"https:\/\/www.hexis-graphics.com\/sv\/foretag\/kontakta-oss\/","og_locale":"sv_SE","og_type":"article","og_title":"Kontakta oss - HEXIS Graphics","og_description":"F\u00d6RS\u00c4LJNING i Sverige HEXIS AB F\u00d6RS\u00c4LJNING i Sverige HEXIS AB \/ Huvudkontor\/Lager Hexis AB \u00d6rjaleden 42 261 51 Landskrona +46 (0)42-300 9310 contact.se@hexisgroup.com order.se@hexisgroup.com HEXIS AB \/ Kontor\/Lager Hexis AB Mediav\u00e4gen 17 135 48 Tyres\u00f6 +46 (0)8-12 10 82 00 contact.se@hexisgroup.com order.se@hexisgroup.com \u00d6PPETTIDER m\u00e5ndag &#8211; fredag 08.00 &#8211; 17.00 lunchst\u00e4ngt 12.00 &#8211; 13.00 dag f\u00f6re [&hellip;]","og_url":"https:\/\/www.hexis-graphics.com\/sv\/foretag\/kontakta-oss\/","og_site_name":"HEXIS Graphics","article_publisher":"https:\/\/www.facebook.com\/hexisgraphics","article_modified_time":"2026-03-16T11:12:36+00:00","og_image":[{"width":250,"height":107,"url":"https:\/\/www.hexis-graphics.com\/hexisgraphics\/2016\/05\/logo_HEXIS.jpg","type":"image\/jpeg"}],"twitter_card":"summary_large_image","twitter_site":"@hexisgraphics","twitter_misc":{"Ber\u00e4knad l\u00e4stid":"1 minut"},"schema":{"@context":"https:\/\/schema.org","@graph":[{"@type":"WebPage","@id":"https:\/\/www.hexis-graphics.com\/sv\/foretag\/kontakta-oss\/","url":"https:\/\/www.hexis-graphics.com\/sv\/foretag\/kontakta-oss\/","name":"Kontakta oss - HEXIS Graphics","isPartOf":{"@id":"https:\/\/www.hexis-graphics.com\/sv\/#website"},"datePublished":"2015-09-29T17:18:26+00:00","dateModified":"2026-03-16T11:12:36+00:00","breadcrumb":{"@id":"https:\/\/www.hexis-graphics.com\/sv\/foretag\/kontakta-oss\/#breadcrumb"},"inLanguage":"sv-SE","potentialAction":[{"@type":"ReadAction","target":["https:\/\/www.hexis-graphics.com\/sv\/foretag\/kontakta-oss\/"]}]},{"@type":"BreadcrumbList","@id":"https:\/\/www.hexis-graphics.com\/sv\/foretag\/kontakta-oss\/#breadcrumb","itemListElement":[{"@type":"ListItem","position":1,"name":"Accueil","item":"https:\/\/www.hexis-graphics.com\/sv\/"},{"@type":"ListItem","position":2,"name":"HEXIS","item":"https:\/\/www.hexis-graphics.com\/sv\/foretag\/"},{"@type":"ListItem","position":3,"name":"Kontakta oss"}]},{"@type":"WebSite","@id":"https:\/\/www.hexis-graphics.com\/sv\/#website","url":"https:\/\/www.hexis-graphics.com\/sv\/","name":"HEXIS Graphics","description":"Manufacturer of self-adhesive films","publisher":{"@id":"https:\/\/www.hexis-graphics.com\/sv\/#organization"},"potentialAction":[{"@type":"SearchAction","target":{"@type":"EntryPoint","urlTemplate":"https:\/\/www.hexis-graphics.com\/sv\/?s={search_term_string}"},"query-input":{"@type":"PropertyValueSpecification","valueRequired":true,"valueName":"search_term_string"}}],"inLanguage":"sv-SE"},{"@type":"Organization","@id":"https:\/\/www.hexis-graphics.com\/sv\/#organization","name":"HEXIS Graphics","url":"https:\/\/www.hexis-graphics.com\/sv\/","logo":{"@type":"ImageObject","inLanguage":"sv-SE","@id":"https:\/\/www.hexis-graphics.com\/sv\/#\/schema\/logo\/image\/","url":"https:\/\/www.hexis-graphics.com\/hexisgraphics\/2016\/05\/logo_HEXIS.jpg","contentUrl":"https:\/\/www.hexis-graphics.com\/hexisgraphics\/2016\/05\/logo_HEXIS.jpg","width":250,"height":107,"caption":"HEXIS Graphics"},"image":{"@id":"https:\/\/www.hexis-graphics.com\/sv\/#\/schema\/logo\/image\/"},"sameAs":["https:\/\/www.facebook.com\/hexisgraphics","https:\/\/x.com\/hexisgraphics","https:\/\/www.instagram.com\/hexisgraphics\/","https:\/\/fr.linkedin.com\/company\/hexis-s-a-","https:\/\/www.youtube.com\/user\/HEXISSA"]}]}},"_links":{"self":[{"href":"https:\/\/www.hexis-graphics.com\/sv\/wp-json\/wp\/v2\/pages\/5437","targetHints":{"allow":["GET"]}}],"collection":[{"href":"https:\/\/www.hexis-graphics.com\/sv\/wp-json\/wp\/v2\/pages"}],"about":[{"href":"https:\/\/www.hexis-graphics.com\/sv\/wp-json\/wp\/v2\/types\/page"}],"author":[{"embeddable":true,"href":"https:\/\/www.hexis-graphics.com\/sv\/wp-json\/wp\/v2\/users\/5"}],"replies":[{"embeddable":true,"href":"https:\/\/www.hexis-graphics.com\/sv\/wp-json\/wp\/v2\/comments?post=5437"}],"version-history":[{"count":6,"href":"https:\/\/www.hexis-graphics.com\/sv\/wp-json\/wp\/v2\/pages\/5437\/revisions"}],"predecessor-version":[{"id":58140,"href":"https:\/\/www.hexis-graphics.com\/sv\/wp-json\/wp\/v2\/pages\/5437\/revisions\/58140"}],"up":[{"embeddable":true,"href":"https:\/\/www.hexis-graphics.com\/sv\/wp-json\/wp\/v2\/pages\/5431"}],"wp:attachment":[{"href":"https:\/\/www.hexis-graphics.com\/sv\/wp-json\/wp\/v2\/media?parent=5437"}],"curies":[{"name":"wp","href":"https:\/\/api.w.org\/{rel}","templated":true}]}}