{"id":5431,"date":"2015-09-25T17:39:42","date_gmt":"2015-09-25T17:39:42","guid":{"rendered":"https:\/\/www.hexis-graphics.com\/sv\/societe\/"},"modified":"2026-03-19T10:32:24","modified_gmt":"2026-03-19T10:32:24","slug":"foretag","status":"publish","type":"page","link":"https:\/\/www.hexis-graphics.com\/sv\/foretag\/","title":{"rendered":"HEXIS"},"content":{"rendered":"\t\t<div data-elementor-type=\"wp-page\" data-elementor-id=\"5431\" class=\"elementor elementor-5431 elementor-4943\" data-elementor-post-type=\"page\">\n\t\t\t\t<div class=\"elementor-element elementor-element-4e4e8abe e-flex e-con-boxed e-con e-parent\" data-id=\"4e4e8abe\" data-element_type=\"container\">\n\t\t\t\t\t<div class=\"e-con-inner\">\n\t\t\t\t<div class=\"elementor-element elementor-element-4c721628 elementor-widget elementor-widget-text-editor\" data-id=\"4c721628\" data-element_type=\"widget\" data-widget_type=\"text-editor.default\">\n\t\t\t\t<div class=\"elementor-widget-container\">\n\t\t\t\t\t\t\t\t\t<div class=\"vce-row-container\" data-vce-boxed-width=\"true\"><div id=\"el-823f7608\" class=\"vce-row vce-row--col-gap-30 vce-row-equal-height vce-row-content--top\" data-vce-do-apply=\"all el-823f7608\"><div class=\"vce-row-content\" data-vce-element-content=\"true\"><p><\/p><div id=\"el-0376474c\" class=\"vce-col vce-col--md-auto vce-col--xs-1 vce-col--xs-last vce-col--xs-first vce-col--sm-last vce-col--sm-first vce-col--md-last vce-col--lg-last vce-col--xl-last vce-col--md-first vce-col--lg-first vce-col--xl-first\"><div class=\"vce-col-inner\" data-vce-do-apply=\"border margin background el-0376474c\"><div class=\"vce-col-content\" data-vce-element-content=\"true\" data-vce-do-apply=\"padding el-0376474c\"><p><\/p><div class=\"vce-text-block\"><div id=\"el-c9eace44\" class=\"vce-text-block-wrapper vce\" data-vce-do-apply=\"all el-c9eace44\"><p><\/p><section><div id=\"hexisgroup\" class=\"section row\"><div class=\"container-full\"><div class=\"col four tablet-full mobile-full\"><h1 class=\"borderRed\">About HEXIS &#8230;<\/h1><h3 class=\"silver marginleft16\">HEXIS SAS are a major manufacturer of self-adhesive films for visual communication, objects customization and surface protection.<\/h3><div class=\"button-grey button-background-mini margintop20 marginleft16\"><a title=\"\" href=\"https:\/\/www.hexis-graphics.com\/hexisgraphics\/2024\/09\/PressKit_2024_EN.zip\"><i class=\"icon-hexis hexis icon-pdf white\"><\/i> PRESS KIT<\/a><\/div><\/div><div class=\"col eight tablet-full mobile-full silver margintop80\"><p>Since its foundation in 1989, HEXIS have successfully held their position as the French leader in the sign and digital printing industry despite fierce international competition.<\/p><p>HEXIS have 2 manufacturing sites: one at our headquarters in Frontignan (H\u00e9rault department), and one in Hagetmau (Landes department). At a time when the \u201cMade in France\u201d label needs to be promoted, HEXIS have been working for many years to highlight French know-how in our factories, thus supporting employment in France and contributing to environmental protection. The HEXIS Group employs 464 people around the world, including 350 in France.<\/p><div class=\"col nine tablet-full mobile-full silver nomargin nopadding\"><h4 class=\"black\">HEXIS know-how<\/h4><p>The company specializes in high-performance self-adhesive cast PVC, polyurethane and latex films and offers highly innovative solutions for professionals of digital printing, signage, visual communication, vehicle wrapping and textile marking.<\/p><p>The applications for these products are billboards, the decoration of premises and objects, signage, light boxes, markings for vehicles (cars, trains, trams, boats, planes,\u2026), objects and textiles, lamination, etc.<\/p><p>Today, the market for adhesive films is diversifying rapidly. Customisation and made-to-measure tasks for our highly technical films are increasingly common. New markets are emerging, with the use of adhesive film in design, decoration and both interior and exterior design.<\/p><p>For several years now, HEXIS has marketed an entire range of products for industrial projects.<br \/>We also market adhesive films, to both replace paint and protect surfaces on high-speed train carriages, regional trains and trams in both France and abroad. Similarly, the wagons of the Paris and London undergrounds are covered by HEXIS, making it possible to combine both aesthetic coherence and protection against degradation.<\/p><\/div><div class=\"col three tablet-full mobile-full nomargin nopadding textright\"><img decoding=\"async\" class=\"margintop40\" src=\"|!|vcvUploadUrl|!|\/2022\/09\/Certifications-ISO-HEXIS.png\" alt=\"\" \/><br \/><img decoding=\"async\" class=\"margintop20\" src=\"|!|vcvUploadUrl|!|\/2015\/09\/hexis-madeinfrance.jpg\" alt=\"\" \/><\/div><\/div><\/div><div class=\"clear\">\u00a0<\/div><\/div><\/section><p><\/p><p><\/p><section><div id=\"hexishistory\" class=\"section row\" style=\"display: none;\"><div class=\"container-full\"><div class=\"col four tablet-four mobile-full\"><h2 class=\"borderWhite\">Evolution<\/h2><\/div><div class=\"clear\">\u00a0<\/div><\/div><\/div><\/section><p><\/p><p><\/p><section><div id=\"hexisproducts\" class=\"section bg-black\"><div class=\"container-full textcenter\" style=\"height: 170px; padding-top: 25px; padding-bottom: 20px;\"><div class=\"fusion-column-wrapper\"><div class=\"ffusion-slider-sc flexslider flexslider-hover-type-none\"><ul class=\"slides\"><li class=\"flex-active-slide\" style=\"position: relative; opacity: 1; display: block; max-width: 100%; height: 170px; z-index: 2;\"><h3 class=\"silver margintop20\">The activities of the company are divided into 5 main families of product<\/h3><h3 class=\"proregular white margintop10\"><span class=\"hover-type-none\">Full-coloured films for computer-assisted cutting<\/span><\/h3><\/li><li style=\"position: relative; opacity: 0; display: block; max-width: 100%; height: 170px; z-index: 1;\"><h3 class=\"silver margintop20\">The activities of the company are divided into 5 main families of product<\/h3><h3 class=\"proregular white margintop10\"><span class=\"hover-type-none\">Supports for large format digital printing<\/span><\/h3><\/li><li style=\"position: relative; opacity: 0; display: block; max-width: 100%; height: 170px; z-index: 1;\"><h3 class=\"silver margintop20\">The activities of the company are divided into 5 main families of product<\/h3><h3 class=\"proregular white margintop10\"><span class=\"hover-type-none\">Films for Total Covering (WRAP)<\/span><\/h3><\/li><li style=\"position: relative; opacity: 0; display: block; max-width: 100%; height: 170px; z-index: 1;\"><h3 class=\"silver margintop20\">The activities of the company are divided into 5 main families of product<\/h3><h3 class=\"proregular white margintop10\"><span class=\"hover-type-none\">Films for textile markings (cuttable, printable, DTF)<\/span><\/h3><\/li><li style=\"position: relative; opacity: 0; display: block; max-width: 100%; height: 170px; z-index: 1;\"><h3 class=\"silver margintop20\">The activities of the company are divided into 5 main families of product<\/h3><h3 class=\"proregular white margintop10\"><span class=\"hover-type-none\">Films for surface protection (anti-microbial, anti-graffiti, anti-scratch\u2026)<\/span><\/h3><\/li><\/ul><\/div><div class=\"fusion-clearfix\">\u00a0<\/div><\/div><\/div><div class=\"clear\">\u00a0<\/div><\/div><\/section><section class=\"module parallax parallax-kit textcenter top156\"><div class=\"button-diagonal big bg-red\"><a href=\"|!|vcvUploadUrl|!|\/2024\/09\/PressKit_2024_EN.zip\" rel=\"bookmark\">DOWNLOAD PRESS KIT<\/a><\/div><div class=\"container-full\"><h3 class=\"white\">Find out more about HEXIS! HEXIS, a manufacturer of adhesive films.<\/h3><\/div><div class=\"clear\">\u00a0<\/div><\/section><p><\/p><p><\/p><section><div id=\"hexisinnovation\" class=\"section row\"><div class=\"container-full\"><div class=\"col twelve tablet-full mobile-full margintop20\"><h2 class=\"borderRed\">The Research &amp; Development department<\/h2><\/div><div class=\"clear\">\u00a0<\/div><div class=\"col four tablet-full mobile-full nomargin nopadding\"><h3 class=\"silver marginleft16\">HEXIS devotes 2,5 % of its turnover to R&amp;D, and employs 20 people in its laboratories. HEXIS has a laboratory on both of its production sites, for both R&amp;D and quality control.<\/h3><\/div><div class=\"col eight tablet-full mobile-full textright\"><div class=\"resize\"><img decoding=\"async\" src=\"|!|vcvUploadUrl|!|\/2015\/09\/hexis-laboratoire.jpg\" alt=\"\" \/><\/div><\/div><div class=\"clear\">\u00a0<\/div><div class=\"col twelve tablet-full mobile-full textcenter margintop20\" style=\"display: none;\"><h3 class=\"proregular\">L\u2019innovation constante dans le domaine des adh\u00e9sifs et des films coul\u00e9s et calandr\u00e9s a toujours \u00e9t\u00e9 le vrai moteur de la croissance chez HEXIS.<\/h3><\/div><div class=\"clear\">\u00a0<\/div><div class=\" twelve tablet-full mobile-full textcenter margintop60\"><h3 class=\"proregular marginbottom20\">State-of-the-art analyses guarantee the quality of our products. To do so, we assess:<\/h3><ul class=\"rounded\" style=\"padding: 0px !important;\"><li><i class=\"icon-special hexis big icon-elongation\"><\/i><div>Elongation and breaking load<\/div><\/li><li><i class=\"icon-special hexis big icon-couleur\"><\/i><div>Colour conformity<\/div><\/li><li><i class=\"icon-special hexis big icon-rugosite\"><\/i><div>Surface roughness<\/div><\/li><li><i class=\"icon-special hexis big icon-pelage\"><\/i><div>Peel force<\/div><\/li><li><i class=\"icon-special hexis big icon-tack\"><\/i><div>Immediate adhesion (\u201ctack\u201d)<\/div><\/li><li><i class=\"icon-special hexis big icon-adhesion\"><\/i><div>Final adhesion to the support<\/div><\/li><li><i class=\"icon-special hexis big icon-stabilite\"><\/i><div>Stability over time (in a heat chamber and in \u201cQUV\u201d)<\/div><\/li><\/ul><div class=\"clear\">\u00a0<\/div><\/div><\/div><div class=\"clear\">\u00a0<\/div><\/div><\/section><p><\/p><p><\/p><section class=\"module parallax parallax-worldmap\"><div class=\"container-full\"><div class=\"col six tablet-full mobile-full\"><h2 class=\"borderWhite white\">After France \u2026 the world!<\/h2><h3 class=\"white marginleft16\">Through diversification and the high added value of technical films, HEXIS has taken up the challenge of globalisation and today exports half of its production all around the world thanks to its 10 subsidiaries and its distributors.<\/h3><p>One avenue for international development for HEXIS is subsidiaries: creation, integration or external growth.<\/p><h4 class=\"white marginleft16 margintop40\">Subsidiaries<\/h4><div class=\"button-group marginleft16\"><div class=\"btnBlack btnColor\">SWITZERLAND<\/div><div class=\"btnBlack btnColor\">AUSTRALIA<\/div><div class=\"btnBlack btnColor\">UNITED STATES<\/div><div class=\"btnBlack btnColor\">GERMANY<\/div><div class=\"btnBlack btnColor\">ITALY<\/div><div class=\"btnBlack btnColor\">SPAIN<\/div><div class=\"btnBlack btnColor\">SWEDEN<\/div><div class=\"btnBlack btnColor\">DENMARK<\/div><div class=\"btnBlack btnColor\">FRENCH WEST INDIES<\/div><div class=\"btnBlack btnColor\">REUNION ISLAND<\/div><\/div><\/div><div class=\"col six tablet-full mobile-full margintop20\"><p><img decoding=\"async\" src=\"|!|vcvUploadUrl|!|\/2015\/09\/hexis-filiales.png\" alt=\"\" \/><\/p><h4 class=\"white margintop30\">Distributors + Independent franchised companies<\/h4><p class=\"white\">HEXIS works in partnership with independent franchised companies in the Netherlands (HEXIS Nederland), Middle East (HEXIS ME) and the United Kingdom (HEXIS UK). 50 distributors supply 85 other countries around the world.<\/p><div class=\"button-diagonal big bg-yellow\"><a href=\"\/?page_id=6441\" rel=\"bookmark\">OUR HEXIS NETWORK <\/a><\/div><\/div><div class=\"clear\">\u00a0<\/div><\/div><\/section><p><\/p><p><\/p><section><div id=\"hexisnumbers\" class=\"section row\"><div class=\"container-full\"><div class=\"col twelve tablet-full mobile-full margintop20\"><h2 class=\"borderRed\">Our key figures<\/h2><h3 class=\"silver\">To continue our growth, we work on improving the quality of our products and processes and, naturally, continue to develop our production tools so as to be able to extend our production capacities.<\/h3><div class=\"clear\">\u00a0<\/div><div class=\"col four mobile-full marginleft16\"><div style=\"position: relative; top: 10px; left: 0px; text-align: center;\"><img decoding=\"async\" title=\"Usine de Frontignan\" src=\"|!|vcvUploadUrl|!|\/2015\/09\/icon-petite-usine.svg\" alt=\"Usine de Frontignan\" \/><\/div><div class=\"proregular\" style=\"display: block; position: relative; top: -66px; left: 0px; font-size: 16px; color: white; text-align: center;\"><span style=\"display: block; margin-bottom: 0px;\">1989<\/span><span style=\"display: block; text-align: center; margin-bottom: 0px; font-size: 16px; color: #fff;\">12.000m\u00b2<\/span><span style=\"display: block;\">FRONTIGNAN<\/span><\/div><\/div><div class=\"col one nomargin nopadding\">\u00a0<\/div><div class=\"col seven mobile-full nomargin nopadding textleft\"><div style=\"position: relative; top: 10px; left: 0px;\"><img decoding=\"async\" title=\"Usine d'Hagetmau\" src=\"|!|vcvUploadUrl|!|\/2015\/09\/icon-grande-usine.svg\" alt=\"Usine d'Hagetmau\" \/><\/div><div class=\"proregular\" style=\"max-width: 490px; display: block; position: relative; top: -66px; left: 0px; font-size: 16px; text-align: center; color: white;\"><span style=\"display: block; margin-bottom: 0px;\">2010<\/span><span style=\"display: block; text-align: center; margin-bottom: 0px; font-size: 16px; color: #fff;\">+24.000 m\u00b2<\/span><span style=\"display: block;\">HAGETMAU<\/span><\/div><\/div><div class=\"clear\">\u00a0<\/div><h4 class=\"red marginleft16 margintop20\" style=\"position: relative; top: -50px;\"><span class=\"proregular red\">Annual production capacity<\/span>20 millions de m\u00b2 of adhesive films<\/h4><\/div><\/div><\/div><\/section><p><\/p><p><\/p><section class=\"module parallax parallax-entreprise textcenter top156\"><div class=\"button-diagonal big bg-red\"><a href=\"|!|vcvUploadUrl|!|\/2024\/09\/Corporate-Presentation_EN_2024.pdf\" rel=\"bookmark\">COMPANY PRESENTATION<\/a><\/div><div class=\"clear\">\u00a0<\/div><\/section><p><\/p><p><\/p><section><div id=\"hexisquality\" class=\"section row\"><div class=\"container-full\"><div class=\"col twelve tablet-full mobile-full margintop20\"><h2 class=\"borderRed\">Quality and sustainable development<\/h2><\/div><div class=\"clear\">\u00a0<\/div><div class=\"col eight tablet-full mobile-full nomargin nopadding\"><h3 class=\"silver marginleft16\">Under the leadership of the company\u2019s founder, Michel Mateu, HEXIS has integrated a large number of the values of sustainable development into the running of the company, particularly in the social field. In parallel, HEXIS has made major investments in the last few years and has implemented actions to limit the impact of its activities on the environment. The following good practices can be seen as examples.<\/h3><\/div><div class=\"col four tablet-full mobile-full textcenter\"><img decoding=\"async\" style=\"vertical-align: middle;\" src=\"|!|vcvUploadUrl|!|\/2022\/09\/Ecovadis-HEXIS.png\" alt=\"\" width=\"100px\" height=\"100px\" \/><img decoding=\"async\" class=\"\" style=\"vertical-align: middle; max-width: 250px;\" src=\"|!|vcvUploadUrl|!|\/2022\/09\/Certifications-ISO-HEXIS.png\" alt=\"\" \/><\/div><\/div><div class=\"clear\">\u00a0<\/div><\/div><\/section><p><\/p><\/div><\/div><p><\/p><\/div><\/div><\/div><p><\/p><\/div><\/div><\/div><p><\/p>\t\t\t\t\t\t\t\t<\/div>\n\t\t\t\t<\/div>\n\t\t\t\t\t<\/div>\n\t\t\t\t<\/div>\n\t\t\t\t<\/div>\n\t\t","protected":false},"excerpt":{"rendered":"<p>About HEXIS &#8230; HEXIS SAS are a major manufacturer of self-adhesive films for visual communication, objects customization and surface protection. PRESS KIT Since its foundation in 1989, HEXIS have successfully held their position as the French leader in the sign and digital printing industry despite fierce international competition. HEXIS have 2 manufacturing sites: one at [&hellip;]<\/p>\n","protected":false},"author":3,"featured_media":0,"parent":0,"menu_order":10,"comment_status":"closed","ping_status":"closed","template":"page-hexis.php","meta":{"footnotes":""},"class_list":["post-5431","page","type-page","status-publish","hentry"],"yoast_head":"<!-- This site is optimized with the Yoast SEO plugin v26.9 - https:\/\/yoast.com\/product\/yoast-seo-wordpress\/ -->\n<title>HEXIS - HEXIS Graphics<\/title>\n<meta name=\"robots\" content=\"index, follow, max-snippet:-1, max-image-preview:large, max-video-preview:-1\" \/>\n<link rel=\"canonical\" href=\"https:\/\/www.hexis-graphics.com\/sv\/foretag\/\" \/>\n<meta property=\"og:locale\" content=\"sv_SE\" \/>\n<meta property=\"og:type\" content=\"article\" \/>\n<meta property=\"og:title\" content=\"HEXIS - HEXIS Graphics\" \/>\n<meta property=\"og:description\" content=\"About HEXIS &#8230; HEXIS SAS are a major manufacturer of self-adhesive films for visual communication, objects customization and surface protection. PRESS KIT Since its foundation in 1989, HEXIS have successfully held their position as the French leader in the sign and digital printing industry despite fierce international competition. HEXIS have 2 manufacturing sites: one at [&hellip;]\" \/>\n<meta property=\"og:url\" content=\"https:\/\/www.hexis-graphics.com\/sv\/foretag\/\" \/>\n<meta property=\"og:site_name\" content=\"HEXIS Graphics\" \/>\n<meta property=\"article:publisher\" content=\"https:\/\/www.facebook.com\/hexisgraphics\" \/>\n<meta property=\"article:modified_time\" content=\"2026-03-19T10:32:24+00:00\" \/>\n<meta property=\"og:image\" content=\"https:\/\/www.hexis-graphics.com\/hexisgraphics\/2016\/05\/logo_HEXIS.jpg\" \/>\n\t<meta property=\"og:image:width\" content=\"250\" \/>\n\t<meta property=\"og:image:height\" content=\"107\" \/>\n\t<meta property=\"og:image:type\" content=\"image\/jpeg\" \/>\n<meta name=\"twitter:card\" content=\"summary_large_image\" \/>\n<meta name=\"twitter:site\" content=\"@hexisgraphics\" \/>\n<meta name=\"twitter:label1\" content=\"Ber\u00e4knad l\u00e4stid\" \/>\n\t<meta name=\"twitter:data1\" content=\"6 minuter\" \/>\n<script type=\"application\/ld+json\" class=\"yoast-schema-graph\">{\"@context\":\"https:\/\/schema.org\",\"@graph\":[{\"@type\":\"WebPage\",\"@id\":\"https:\/\/www.hexis-graphics.com\/sv\/foretag\/\",\"url\":\"https:\/\/www.hexis-graphics.com\/sv\/foretag\/\",\"name\":\"HEXIS - HEXIS Graphics\",\"isPartOf\":{\"@id\":\"https:\/\/www.hexis-graphics.com\/sv\/#website\"},\"datePublished\":\"2015-09-25T17:39:42+00:00\",\"dateModified\":\"2026-03-19T10:32:24+00:00\",\"breadcrumb\":{\"@id\":\"https:\/\/www.hexis-graphics.com\/sv\/foretag\/#breadcrumb\"},\"inLanguage\":\"sv-SE\",\"potentialAction\":[{\"@type\":\"ReadAction\",\"target\":[\"https:\/\/www.hexis-graphics.com\/sv\/foretag\/\"]}]},{\"@type\":\"BreadcrumbList\",\"@id\":\"https:\/\/www.hexis-graphics.com\/sv\/foretag\/#breadcrumb\",\"itemListElement\":[{\"@type\":\"ListItem\",\"position\":1,\"name\":\"Accueil\",\"item\":\"https:\/\/www.hexis-graphics.com\/sv\/\"},{\"@type\":\"ListItem\",\"position\":2,\"name\":\"HEXIS\"}]},{\"@type\":\"WebSite\",\"@id\":\"https:\/\/www.hexis-graphics.com\/sv\/#website\",\"url\":\"https:\/\/www.hexis-graphics.com\/sv\/\",\"name\":\"HEXIS Graphics\",\"description\":\"Manufacturer of self-adhesive films\",\"publisher\":{\"@id\":\"https:\/\/www.hexis-graphics.com\/sv\/#organization\"},\"potentialAction\":[{\"@type\":\"SearchAction\",\"target\":{\"@type\":\"EntryPoint\",\"urlTemplate\":\"https:\/\/www.hexis-graphics.com\/sv\/?s={search_term_string}\"},\"query-input\":{\"@type\":\"PropertyValueSpecification\",\"valueRequired\":true,\"valueName\":\"search_term_string\"}}],\"inLanguage\":\"sv-SE\"},{\"@type\":\"Organization\",\"@id\":\"https:\/\/www.hexis-graphics.com\/sv\/#organization\",\"name\":\"HEXIS Graphics\",\"url\":\"https:\/\/www.hexis-graphics.com\/sv\/\",\"logo\":{\"@type\":\"ImageObject\",\"inLanguage\":\"sv-SE\",\"@id\":\"https:\/\/www.hexis-graphics.com\/sv\/#\/schema\/logo\/image\/\",\"url\":\"https:\/\/www.hexis-graphics.com\/hexisgraphics\/2016\/05\/logo_HEXIS.jpg\",\"contentUrl\":\"https:\/\/www.hexis-graphics.com\/hexisgraphics\/2016\/05\/logo_HEXIS.jpg\",\"width\":250,\"height\":107,\"caption\":\"HEXIS Graphics\"},\"image\":{\"@id\":\"https:\/\/www.hexis-graphics.com\/sv\/#\/schema\/logo\/image\/\"},\"sameAs\":[\"https:\/\/www.facebook.com\/hexisgraphics\",\"https:\/\/x.com\/hexisgraphics\",\"https:\/\/www.instagram.com\/hexisgraphics\/\",\"https:\/\/fr.linkedin.com\/company\/hexis-s-a-\",\"https:\/\/www.youtube.com\/user\/HEXISSA\"]}]}<\/script>\n<!-- \/ Yoast SEO plugin. -->","yoast_head_json":{"title":"HEXIS - HEXIS Graphics","robots":{"index":"index","follow":"follow","max-snippet":"max-snippet:-1","max-image-preview":"max-image-preview:large","max-video-preview":"max-video-preview:-1"},"canonical":"https:\/\/www.hexis-graphics.com\/sv\/foretag\/","og_locale":"sv_SE","og_type":"article","og_title":"HEXIS - HEXIS Graphics","og_description":"About HEXIS &#8230; HEXIS SAS are a major manufacturer of self-adhesive films for visual communication, objects customization and surface protection. PRESS KIT Since its foundation in 1989, HEXIS have successfully held their position as the French leader in the sign and digital printing industry despite fierce international competition. HEXIS have 2 manufacturing sites: one at [&hellip;]","og_url":"https:\/\/www.hexis-graphics.com\/sv\/foretag\/","og_site_name":"HEXIS Graphics","article_publisher":"https:\/\/www.facebook.com\/hexisgraphics","article_modified_time":"2026-03-19T10:32:24+00:00","og_image":[{"width":250,"height":107,"url":"https:\/\/www.hexis-graphics.com\/hexisgraphics\/2016\/05\/logo_HEXIS.jpg","type":"image\/jpeg"}],"twitter_card":"summary_large_image","twitter_site":"@hexisgraphics","twitter_misc":{"Ber\u00e4knad l\u00e4stid":"6 minuter"},"schema":{"@context":"https:\/\/schema.org","@graph":[{"@type":"WebPage","@id":"https:\/\/www.hexis-graphics.com\/sv\/foretag\/","url":"https:\/\/www.hexis-graphics.com\/sv\/foretag\/","name":"HEXIS - HEXIS Graphics","isPartOf":{"@id":"https:\/\/www.hexis-graphics.com\/sv\/#website"},"datePublished":"2015-09-25T17:39:42+00:00","dateModified":"2026-03-19T10:32:24+00:00","breadcrumb":{"@id":"https:\/\/www.hexis-graphics.com\/sv\/foretag\/#breadcrumb"},"inLanguage":"sv-SE","potentialAction":[{"@type":"ReadAction","target":["https:\/\/www.hexis-graphics.com\/sv\/foretag\/"]}]},{"@type":"BreadcrumbList","@id":"https:\/\/www.hexis-graphics.com\/sv\/foretag\/#breadcrumb","itemListElement":[{"@type":"ListItem","position":1,"name":"Accueil","item":"https:\/\/www.hexis-graphics.com\/sv\/"},{"@type":"ListItem","position":2,"name":"HEXIS"}]},{"@type":"WebSite","@id":"https:\/\/www.hexis-graphics.com\/sv\/#website","url":"https:\/\/www.hexis-graphics.com\/sv\/","name":"HEXIS Graphics","description":"Manufacturer of self-adhesive films","publisher":{"@id":"https:\/\/www.hexis-graphics.com\/sv\/#organization"},"potentialAction":[{"@type":"SearchAction","target":{"@type":"EntryPoint","urlTemplate":"https:\/\/www.hexis-graphics.com\/sv\/?s={search_term_string}"},"query-input":{"@type":"PropertyValueSpecification","valueRequired":true,"valueName":"search_term_string"}}],"inLanguage":"sv-SE"},{"@type":"Organization","@id":"https:\/\/www.hexis-graphics.com\/sv\/#organization","name":"HEXIS Graphics","url":"https:\/\/www.hexis-graphics.com\/sv\/","logo":{"@type":"ImageObject","inLanguage":"sv-SE","@id":"https:\/\/www.hexis-graphics.com\/sv\/#\/schema\/logo\/image\/","url":"https:\/\/www.hexis-graphics.com\/hexisgraphics\/2016\/05\/logo_HEXIS.jpg","contentUrl":"https:\/\/www.hexis-graphics.com\/hexisgraphics\/2016\/05\/logo_HEXIS.jpg","width":250,"height":107,"caption":"HEXIS Graphics"},"image":{"@id":"https:\/\/www.hexis-graphics.com\/sv\/#\/schema\/logo\/image\/"},"sameAs":["https:\/\/www.facebook.com\/hexisgraphics","https:\/\/x.com\/hexisgraphics","https:\/\/www.instagram.com\/hexisgraphics\/","https:\/\/fr.linkedin.com\/company\/hexis-s-a-","https:\/\/www.youtube.com\/user\/HEXISSA"]}]}},"_links":{"self":[{"href":"https:\/\/www.hexis-graphics.com\/sv\/wp-json\/wp\/v2\/pages\/5431","targetHints":{"allow":["GET"]}}],"collection":[{"href":"https:\/\/www.hexis-graphics.com\/sv\/wp-json\/wp\/v2\/pages"}],"about":[{"href":"https:\/\/www.hexis-graphics.com\/sv\/wp-json\/wp\/v2\/types\/page"}],"author":[{"embeddable":true,"href":"https:\/\/www.hexis-graphics.com\/sv\/wp-json\/wp\/v2\/users\/3"}],"replies":[{"embeddable":true,"href":"https:\/\/www.hexis-graphics.com\/sv\/wp-json\/wp\/v2\/comments?post=5431"}],"version-history":[{"count":3,"href":"https:\/\/www.hexis-graphics.com\/sv\/wp-json\/wp\/v2\/pages\/5431\/revisions"}],"predecessor-version":[{"id":58241,"href":"https:\/\/www.hexis-graphics.com\/sv\/wp-json\/wp\/v2\/pages\/5431\/revisions\/58241"}],"wp:attachment":[{"href":"https:\/\/www.hexis-graphics.com\/sv\/wp-json\/wp\/v2\/media?parent=5431"}],"curies":[{"name":"wp","href":"https:\/\/api.w.org\/{rel}","templated":true}]}}