{"id":26773,"date":"2019-06-27T15:45:24","date_gmt":"2019-06-27T15:45:24","guid":{"rendered":"https:\/\/www.hexis-graphics.com\/?page_id=26773"},"modified":"2024-08-21T10:37:43","modified_gmt":"2024-08-21T10:37:43","slug":"forsaljning-danmark","status":"publish","type":"page","link":"https:\/\/www.hexis-graphics.com\/sv\/forsaljning-danmark\/","title":{"rendered":"F\u00f6rs\u00e4ljning i Danmark"},"content":{"rendered":"<div class=\"vce-row-container\">\n<div id=\"el-3611e9a1\" class=\"vce-row vce-row--col-gap-30 vce-row-columns--top vce-row-content--top\" data-vce-do-apply=\"all el-3611e9a1\">\n<div class=\"vce-row-content\" data-vce-element-content=\"true\">\n<div id=\"el-83a4207c\" class=\"vce-col vce-col--md-100p vce-col--xs-1 vce-col--xs-last vce-col--xs-first vce-col--sm-last vce-col--sm-first vce-col--md-last vce-col--lg-last vce-col--xl-last vce-col--md-first vce-col--lg-first vce-col--xl-first\" data-vce-do-apply=\"background border el-83a4207c\">\n<div class=\"vce-col-inner\" data-vce-element-content=\"true\" data-vce-do-apply=\"padding margin el-83a4207c\">\n<div class=\"vce-text-block\">\n<div id=\"el-7d8f7bfa\" class=\"vce-text-block-wrapper vce\" data-vce-do-apply=\"all el-7d8f7bfa\">\n<h2 class=\"nomargin\">HEXIS<\/h2>\n<h3 class=\"silver\">DANMARK<\/h3>\n<div class=\"headOffice-FR\">\n<h3 class=\"line-white\">HEXIS ApS<\/h3>\n<p>c\/o Hexis AB<br \/>\n\u00d6rjaleden 42<br \/>\n261 51 Landskrona<\/p>\n<p><span class=\"inline\"><a href=\"tel:+4533604899\">+45 3360 4899<\/a><\/span><br \/>\n<a href=\"mailto:order.dk@hexisgroup.com\">order.dk@hexisgroup.com<\/a><\/p>\n<\/div>\n<div class=\"clear\"><\/div>\n<div class=\"hexis-vcard\">\n<p class=\"marginbottom40\">\n<\/div>\n<div class=\"clear\"><\/div>\n<h3 class=\"silve margintop10\">V\u00e5r aff\u00e4rsverksamhet i Danmark<\/h3>\n<div class=\"clear\"><\/div>\n<div class=\"accordian fusion-accordian\"><div class=\"panel-group\" id=\"accordion-1\">\n<div class=\"fusion-panel panel-default\"><div class=\"panel-heading\"><h4 class=\"panel-title toggle\"><a class=\"active\" data-toggle=\"collapse\" data-parent=\"#accordion-1\" data-target=\"#collapse-69dbff019f8e8\" href=\"#collapse-69dbff019f8e8\"><i class=\"fa-fusion-box\"><\/i>DANMARK<\/a><\/h4><\/div><div id=\"collapse-69dbff019f8e8\" class=\"panel-collapse collapse in\"><div class=\"panel-body toggle-content\">\n<div class=\"link-group\">\n<div class=\"hexis-vcard\">\n<h3 class=\"line-red\">Mikkel Ekenberg<\/h3>\n<p class=\"marginbottom40\"><a href=\"tel:+45 6098 2190\">+45 6098 2190<\/a><br \/>\n<a href=\"mailto:mikkel.ekenberg@hexisgroup.com\">mikkel.ekenberg@hexisgroup.com<\/a><\/p>\n<\/div>\n<\/div>\n<div class=\"hexis-vcard\">\n<h3 class=\"line-red\">Christel Juhl Meinhardt<\/h3>\n<p class=\"marginbottom40\"><a href=\"tel:+4593988787\">+45 9398 8787<\/a><br \/>\n<a href=\"mailto:christel.juhl-meinhardt@hexisgroup.com\">christel.juhl-meinhardt@hexisgroup.com<\/a><\/p>\n<div class=\"hexis-vcard\"><strong>Order<\/strong>: order.dk@hexisgroup.com<\/div>\n<\/div>\n<\/div><\/div><\/div>\n<\/div><\/div>\n<div class=\"clear\"><\/div>\n<div class=\"hexis-vcard\">\n<h3 class=\"\" style=\"margin-bottom: 0px;\">HEX\u2019PERT SVERIGE<\/h3>\n<div class=\"link-group\" style=\"margin-top: 10px;\">\n<div class=\"hexis-vcard\">\n<p style=\"margin-bottom: 0px;\">Christian \u201dC2\u201d Lauritsen<\/p>\n<p class=\"marginbottom40\"><a href=\"tel:46723099122\">+46 (0)72 \u2013 309 91 22<\/a><br \/>\n<a href=\"mailto:christian.lauritsen@hexisgroup.com\">christian.lauritsen@hexisgroup.com<\/a><\/p>\n<\/div>\n<div class=\"hexis-vcard\">\n<p style=\"margin-bottom: 0px;\">Ola Gustafsson<\/p>\n<p class=\"marginbottom40\"><a href=\"tel:46424567389\">+46 (0)42-456 73 89<\/a><br \/>\n<a href=\"mailto:ola.gustafsson@hexisgroup.com\">ola.gustafsson@hexisgroup.com<\/a><\/p>\n<\/div>\n<\/div>\n<\/div>\n<div class=\"clear\"><\/div>\n<div class=\"padding10 bg-silver marginbottom20 margintop20\">\n<h3 class=\"line-red nomargin half\">Patrik MARTINSSON<\/h3>\n<h3 class=\"silver half\">VD<\/h3>\n<p><span class=\"inline\"><a href=\"tel:+46423009310\">+46 (0)42 \u2013 300 93 10<\/a><\/span><span class=\"inline\"><a href=\"tel:+46733130200\">+46 (0)73 \u2013 313 02 00<\/a><\/span><\/p>\n<\/div>\n<div class=\"clear\"><\/div>\n<div class=\"clear\"><\/div>\n<div class=\"padding10 bg-silver marginbottom20\">\n<h3 class=\"line-red nomargin half\">Joachim WALLGREN<\/h3>\n<h3 class=\"silver half\">F\u00f6rs\u00e4ljningschef<\/h3>\n<p><span class=\"inline\"><a href=\"tel:+46423009310\">+46 (0)42 \u2013 300 93 10<\/a><\/span><span class=\"inline\"><a href=\"tel:+46723099310\">+46 (0)72 \u2013 309 93 10<\/a><\/span><\/p>\n<\/div>\n<div class=\"clear\"><\/div>\n<\/div>\n<\/div>\n<\/div>\n<\/div>\n<\/div>\n<\/div>\n<\/div>\n<p><!--vcv no format--><\/p>\n","protected":false},"excerpt":{"rendered":"<p>HEXIS DANMARK HEXIS ApS c\/o Hexis AB \u00d6rjaleden 42 261 51 Landskrona +45 3360 4899 order.dk@hexisgroup.com V\u00e5r aff\u00e4rsverksamhet i Danmark HEX\u2019PERT SVERIGE Christian \u201dC2\u201d Lauritsen +46 (0)72 \u2013 309 91 22 christian.lauritsen@hexisgroup.com Ola Gustafsson +46 (0)42-456 73 89 ola.gustafsson@hexisgroup.com Patrik MARTINSSON VD +46 (0)42 \u2013 300 93 10+46 (0)73 \u2013 313 02 00 Joachim WALLGREN [&hellip;]<\/p>\n","protected":false},"author":3,"featured_media":0,"parent":0,"menu_order":90,"comment_status":"closed","ping_status":"closed","template":"page-DANMARK.php","meta":{"footnotes":""},"class_list":["post-26773","page","type-page","status-publish","hentry"],"yoast_head":"<!-- This site is optimized with the Yoast SEO plugin v26.9 - https:\/\/yoast.com\/product\/yoast-seo-wordpress\/ -->\n<title>F\u00f6rs\u00e4ljning i Danmark - HEXIS Graphics<\/title>\n<meta name=\"robots\" content=\"index, follow, max-snippet:-1, max-image-preview:large, max-video-preview:-1\" \/>\n<link rel=\"canonical\" href=\"https:\/\/www.hexis-graphics.com\/sv\/forsaljning-danmark\/\" \/>\n<meta property=\"og:locale\" content=\"sv_SE\" \/>\n<meta property=\"og:type\" content=\"article\" \/>\n<meta property=\"og:title\" content=\"F\u00f6rs\u00e4ljning i Danmark - HEXIS Graphics\" \/>\n<meta property=\"og:description\" content=\"HEXIS DANMARK HEXIS ApS c\/o Hexis AB \u00d6rjaleden 42 261 51 Landskrona +45 3360 4899 order.dk@hexisgroup.com V\u00e5r aff\u00e4rsverksamhet i Danmark HEX\u2019PERT SVERIGE Christian \u201dC2\u201d Lauritsen +46 (0)72 \u2013 309 91 22 christian.lauritsen@hexisgroup.com Ola Gustafsson +46 (0)42-456 73 89 ola.gustafsson@hexisgroup.com Patrik MARTINSSON VD +46 (0)42 \u2013 300 93 10+46 (0)73 \u2013 313 02 00 Joachim WALLGREN [&hellip;]\" \/>\n<meta property=\"og:url\" content=\"https:\/\/www.hexis-graphics.com\/sv\/forsaljning-danmark\/\" \/>\n<meta property=\"og:site_name\" content=\"HEXIS Graphics\" \/>\n<meta property=\"article:publisher\" content=\"https:\/\/www.facebook.com\/hexisgraphics\" \/>\n<meta property=\"article:modified_time\" content=\"2024-08-21T10:37:43+00:00\" \/>\n<meta property=\"og:image\" content=\"https:\/\/www.hexis-graphics.com\/hexisgraphics\/2016\/05\/logo_HEXIS.jpg\" \/>\n\t<meta property=\"og:image:width\" content=\"250\" \/>\n\t<meta property=\"og:image:height\" content=\"107\" \/>\n\t<meta property=\"og:image:type\" content=\"image\/jpeg\" \/>\n<meta name=\"twitter:card\" content=\"summary_large_image\" \/>\n<meta name=\"twitter:site\" content=\"@hexisgraphics\" \/>\n<meta name=\"twitter:label1\" content=\"Ber\u00e4knad l\u00e4stid\" \/>\n\t<meta name=\"twitter:data1\" content=\"1 minut\" \/>\n<script type=\"application\/ld+json\" class=\"yoast-schema-graph\">{\"@context\":\"https:\/\/schema.org\",\"@graph\":[{\"@type\":\"WebPage\",\"@id\":\"https:\/\/www.hexis-graphics.com\/sv\/forsaljning-danmark\/\",\"url\":\"https:\/\/www.hexis-graphics.com\/sv\/forsaljning-danmark\/\",\"name\":\"F\u00f6rs\u00e4ljning i Danmark - HEXIS Graphics\",\"isPartOf\":{\"@id\":\"https:\/\/www.hexis-graphics.com\/sv\/#website\"},\"datePublished\":\"2019-06-27T15:45:24+00:00\",\"dateModified\":\"2024-08-21T10:37:43+00:00\",\"breadcrumb\":{\"@id\":\"https:\/\/www.hexis-graphics.com\/sv\/forsaljning-danmark\/#breadcrumb\"},\"inLanguage\":\"sv-SE\",\"potentialAction\":[{\"@type\":\"ReadAction\",\"target\":[\"https:\/\/www.hexis-graphics.com\/sv\/forsaljning-danmark\/\"]}]},{\"@type\":\"BreadcrumbList\",\"@id\":\"https:\/\/www.hexis-graphics.com\/sv\/forsaljning-danmark\/#breadcrumb\",\"itemListElement\":[{\"@type\":\"ListItem\",\"position\":1,\"name\":\"Accueil\",\"item\":\"https:\/\/www.hexis-graphics.com\/sv\/\"},{\"@type\":\"ListItem\",\"position\":2,\"name\":\"F\u00f6rs\u00e4ljning i Danmark\"}]},{\"@type\":\"WebSite\",\"@id\":\"https:\/\/www.hexis-graphics.com\/sv\/#website\",\"url\":\"https:\/\/www.hexis-graphics.com\/sv\/\",\"name\":\"HEXIS Graphics\",\"description\":\"Manufacturer of self-adhesive films\",\"publisher\":{\"@id\":\"https:\/\/www.hexis-graphics.com\/sv\/#organization\"},\"potentialAction\":[{\"@type\":\"SearchAction\",\"target\":{\"@type\":\"EntryPoint\",\"urlTemplate\":\"https:\/\/www.hexis-graphics.com\/sv\/?s={search_term_string}\"},\"query-input\":{\"@type\":\"PropertyValueSpecification\",\"valueRequired\":true,\"valueName\":\"search_term_string\"}}],\"inLanguage\":\"sv-SE\"},{\"@type\":\"Organization\",\"@id\":\"https:\/\/www.hexis-graphics.com\/sv\/#organization\",\"name\":\"HEXIS Graphics\",\"url\":\"https:\/\/www.hexis-graphics.com\/sv\/\",\"logo\":{\"@type\":\"ImageObject\",\"inLanguage\":\"sv-SE\",\"@id\":\"https:\/\/www.hexis-graphics.com\/sv\/#\/schema\/logo\/image\/\",\"url\":\"https:\/\/www.hexis-graphics.com\/hexisgraphics\/2016\/05\/logo_HEXIS.jpg\",\"contentUrl\":\"https:\/\/www.hexis-graphics.com\/hexisgraphics\/2016\/05\/logo_HEXIS.jpg\",\"width\":250,\"height\":107,\"caption\":\"HEXIS Graphics\"},\"image\":{\"@id\":\"https:\/\/www.hexis-graphics.com\/sv\/#\/schema\/logo\/image\/\"},\"sameAs\":[\"https:\/\/www.facebook.com\/hexisgraphics\",\"https:\/\/x.com\/hexisgraphics\",\"https:\/\/www.instagram.com\/hexisgraphics\/\",\"https:\/\/fr.linkedin.com\/company\/hexis-s-a-\",\"https:\/\/www.youtube.com\/user\/HEXISSA\"]}]}<\/script>\n<!-- \/ Yoast SEO plugin. -->","yoast_head_json":{"title":"F\u00f6rs\u00e4ljning i Danmark - HEXIS Graphics","robots":{"index":"index","follow":"follow","max-snippet":"max-snippet:-1","max-image-preview":"max-image-preview:large","max-video-preview":"max-video-preview:-1"},"canonical":"https:\/\/www.hexis-graphics.com\/sv\/forsaljning-danmark\/","og_locale":"sv_SE","og_type":"article","og_title":"F\u00f6rs\u00e4ljning i Danmark - HEXIS Graphics","og_description":"HEXIS DANMARK HEXIS ApS c\/o Hexis AB \u00d6rjaleden 42 261 51 Landskrona +45 3360 4899 order.dk@hexisgroup.com V\u00e5r aff\u00e4rsverksamhet i Danmark HEX\u2019PERT SVERIGE Christian \u201dC2\u201d Lauritsen +46 (0)72 \u2013 309 91 22 christian.lauritsen@hexisgroup.com Ola Gustafsson +46 (0)42-456 73 89 ola.gustafsson@hexisgroup.com Patrik MARTINSSON VD +46 (0)42 \u2013 300 93 10+46 (0)73 \u2013 313 02 00 Joachim WALLGREN [&hellip;]","og_url":"https:\/\/www.hexis-graphics.com\/sv\/forsaljning-danmark\/","og_site_name":"HEXIS Graphics","article_publisher":"https:\/\/www.facebook.com\/hexisgraphics","article_modified_time":"2024-08-21T10:37:43+00:00","og_image":[{"width":250,"height":107,"url":"https:\/\/www.hexis-graphics.com\/hexisgraphics\/2016\/05\/logo_HEXIS.jpg","type":"image\/jpeg"}],"twitter_card":"summary_large_image","twitter_site":"@hexisgraphics","twitter_misc":{"Ber\u00e4knad l\u00e4stid":"1 minut"},"schema":{"@context":"https:\/\/schema.org","@graph":[{"@type":"WebPage","@id":"https:\/\/www.hexis-graphics.com\/sv\/forsaljning-danmark\/","url":"https:\/\/www.hexis-graphics.com\/sv\/forsaljning-danmark\/","name":"F\u00f6rs\u00e4ljning i Danmark - HEXIS Graphics","isPartOf":{"@id":"https:\/\/www.hexis-graphics.com\/sv\/#website"},"datePublished":"2019-06-27T15:45:24+00:00","dateModified":"2024-08-21T10:37:43+00:00","breadcrumb":{"@id":"https:\/\/www.hexis-graphics.com\/sv\/forsaljning-danmark\/#breadcrumb"},"inLanguage":"sv-SE","potentialAction":[{"@type":"ReadAction","target":["https:\/\/www.hexis-graphics.com\/sv\/forsaljning-danmark\/"]}]},{"@type":"BreadcrumbList","@id":"https:\/\/www.hexis-graphics.com\/sv\/forsaljning-danmark\/#breadcrumb","itemListElement":[{"@type":"ListItem","position":1,"name":"Accueil","item":"https:\/\/www.hexis-graphics.com\/sv\/"},{"@type":"ListItem","position":2,"name":"F\u00f6rs\u00e4ljning i Danmark"}]},{"@type":"WebSite","@id":"https:\/\/www.hexis-graphics.com\/sv\/#website","url":"https:\/\/www.hexis-graphics.com\/sv\/","name":"HEXIS Graphics","description":"Manufacturer of self-adhesive films","publisher":{"@id":"https:\/\/www.hexis-graphics.com\/sv\/#organization"},"potentialAction":[{"@type":"SearchAction","target":{"@type":"EntryPoint","urlTemplate":"https:\/\/www.hexis-graphics.com\/sv\/?s={search_term_string}"},"query-input":{"@type":"PropertyValueSpecification","valueRequired":true,"valueName":"search_term_string"}}],"inLanguage":"sv-SE"},{"@type":"Organization","@id":"https:\/\/www.hexis-graphics.com\/sv\/#organization","name":"HEXIS Graphics","url":"https:\/\/www.hexis-graphics.com\/sv\/","logo":{"@type":"ImageObject","inLanguage":"sv-SE","@id":"https:\/\/www.hexis-graphics.com\/sv\/#\/schema\/logo\/image\/","url":"https:\/\/www.hexis-graphics.com\/hexisgraphics\/2016\/05\/logo_HEXIS.jpg","contentUrl":"https:\/\/www.hexis-graphics.com\/hexisgraphics\/2016\/05\/logo_HEXIS.jpg","width":250,"height":107,"caption":"HEXIS Graphics"},"image":{"@id":"https:\/\/www.hexis-graphics.com\/sv\/#\/schema\/logo\/image\/"},"sameAs":["https:\/\/www.facebook.com\/hexisgraphics","https:\/\/x.com\/hexisgraphics","https:\/\/www.instagram.com\/hexisgraphics\/","https:\/\/fr.linkedin.com\/company\/hexis-s-a-","https:\/\/www.youtube.com\/user\/HEXISSA"]}]}},"_links":{"self":[{"href":"https:\/\/www.hexis-graphics.com\/sv\/wp-json\/wp\/v2\/pages\/26773","targetHints":{"allow":["GET"]}}],"collection":[{"href":"https:\/\/www.hexis-graphics.com\/sv\/wp-json\/wp\/v2\/pages"}],"about":[{"href":"https:\/\/www.hexis-graphics.com\/sv\/wp-json\/wp\/v2\/types\/page"}],"author":[{"embeddable":true,"href":"https:\/\/www.hexis-graphics.com\/sv\/wp-json\/wp\/v2\/users\/3"}],"replies":[{"embeddable":true,"href":"https:\/\/www.hexis-graphics.com\/sv\/wp-json\/wp\/v2\/comments?post=26773"}],"version-history":[{"count":5,"href":"https:\/\/www.hexis-graphics.com\/sv\/wp-json\/wp\/v2\/pages\/26773\/revisions"}],"predecessor-version":[{"id":49813,"href":"https:\/\/www.hexis-graphics.com\/sv\/wp-json\/wp\/v2\/pages\/26773\/revisions\/49813"}],"wp:attachment":[{"href":"https:\/\/www.hexis-graphics.com\/sv\/wp-json\/wp\/v2\/media?parent=26773"}],"curies":[{"name":"wp","href":"https:\/\/api.w.org\/{rel}","templated":true}]}}