{"id":5941,"date":"2015-11-03T17:14:03","date_gmt":"2015-11-03T17:14:03","guid":{"rendered":"https:\/\/www.hexis-graphics.com\/it\/societe\/research-development\/"},"modified":"2019-07-17T09:23:46","modified_gmt":"2019-07-17T09:23:46","slug":"ricerca-sviluppo","status":"publish","type":"page","link":"https:\/\/www.hexis-graphics.com\/it\/societa\/ricerca-sviluppo\/","title":{"rendered":"Ricerca &#038; Sviluppo"},"content":{"rendered":"<section>\n<div class=\"section row\">\n<div class=\"container-full\">\n<div class=\"col four tablet-full mobile-full\">\n<h2 class=\"borderRed\">L\u2019azienda e i suoi prodotti<\/h2>\n<h3 class=\"silver  marginleft16\"><\/h3>\n<\/div>\n<div class=\"col eight tablet-full mobile-full silver margintop40\">\n<p>HEXIS S.A. \u00e8 uno dei principali attori nel mercato della produzione e dell\u2019applicazione di pellicole destinate alla comunicazione visiva. L\u2019azienda ha festeggiato i propri 30 anni di innovazione nel 2019! <\/p>\n<p>L\u2019azienda \u00e8 specializzata nelle pellicole autoadesive, cast, in PVC, PU e Lattice di alta gamma e sviluppa in modo innovativo una linea di prodotti destinati ai professionisti della stampa digitale, segnaletica, sign painter, ed alle imprese specializzate nelle applicazioni su tessuti. <\/p>\n<p>Da alcuni anni HEXIS ha sviluppato una gamma completa di prodotti al fine di rispondere a nuovi progetti industriali. <\/p>\n<\/div>\n<div class=\"clear\"><\/div>\n<\/div>\n<\/div>\n<\/section>\n<section>\n<div class=\"section bg-silver\">\n<div class=\"container-full\">\n<div class=\"col eight tablet-six mobile-full\">\n<iframe src=\"https:\/\/player.vimeo.com\/video\/162560142\" width=\"100%\" height=\"400px\" frameborder=\"0\" webkitallowfullscreen mozallowfullscreen allowfullscreen style=\"max-width:710px;\"><\/iframe>\n<\/div>\n<div class=\"col four tablet-six mobile-full margintop30\">\n<h4>Innovazione e crescita<\/h4>\n<p class=\"silver\">La costante innovazione nel settore degli adesivi e dei film cast e calandrati \u00e8 sempre stato il vero motore della crescita di HEXIS. A tal fine, lavoriamo per migliorare la qualit\u00e0 dei nostri prodotti, dei nostri process e continuiamo a sviluppare i nostri mezzi di produzione in modo da estendere le nostre capacit\u00e0 produttive.<\/p>\n<p class=\"silver\">Abbiamo cos\u00ec investito nella costruzione di un secondo sito di produzione a Hagetmau nelle Landes. Attualmente sono gi\u00e0 stati investiti 7,8M\u20ac ed abbiamo in progetto un secondo piano di investimenti che inizier\u00e0 nel 2015 per un ammontare di 7 M\u20ac.<\/p>\n<\/div>\n<div class=\"clear\"><\/div>\n<\/div>\n<\/div>\n<\/section>\n<section>\n<div class=\"section row\">\n<div class=\"container-full\">\n<div class=\"col four tablet-full mobile-full\">\n<h2 class=\"borderRed\">I laboratori<\/h2>\n<h3 class=\"silver\">HEXIS volge il 3 % del suo fatturato alla Ricerca e Sviluppo ed conta 20 addetti nei suoi laboratori.<\/h3>\n<\/div>\n<div class=\"col four tablet-full mobile-full margintop40\">\n<p>I laboratori assicurano una parte del controllo qualit\u00e0 delle materie prime, dei prodotti semi-finiti in corso di produzione, come pure del prodotto finito all\u2019uscita della catena di produzione. I valori misurati, vitali per le performances del prodotto e per le pellicole adesive, comprendono essenzialmente: <\/p>\n<\/div>\n<div class=\"col four tablet-full mobile-full margintop30\">\n<ul>\n<li>L\u2019allungamento e la resistenza allla rottura<\/li>\n<li>La conformit\u00e0 del colore<\/li>\n<li>La ruvidezza della superficie<\/li>\n<li>La forza di rimozione<\/li>\n<li>L\u2019aderenza immediata (il\u00abtack\u00bb)<\/li>\n<li>L\u2019aderenza difinita sul supporto<\/li>\n<li>La stabilit\u00e0 nel tempo (in forno e in \u00abQUV\u00bb)<\/li>\n<\/ul>\n<\/div>\n<div class=\"clear\"><\/div>\n<\/div>\n<\/div>\n<\/section>\n<section>\n<div class=\"section row\">\n<div class=\"container-full\">\n<h2 class=\"borderRed\">Le maggiori innovazioni<\/h2>\n<\/div>\n<div class=\"container-full\">\n<div class=\"col six tablet-full mobile-full\">\n<p>Il nostro laboratorio Ricerca e Sviluppo opera attivamente per sviluppare le nostre gamme di film cast da taglio e stampabili come pure per creare nuovi prodotti. Questi lavori di ricerca hanno generato grandi innovazioni nel settore degli adesivi.<\/p>\n<p>HEXIS ha lanciato nel 2006 una nuova tecnologia la \u00abHEX\u2019Press\u00bb, che agevola la posa di film adesivizzati su un supporto, grazie a un sistema di evacuazione delle bolle d\u2019aria. Evitando la formazione di pieghe e bolle, questo prodotto riduce notevolmente il tempo di posa ed offre una resa perfetta delle grafiche sul supporto.<br \/>\nSempre nel 2006, il laboratorio ha sviluppato un film cast, il \u201cCast\u201d, processo originale che permette di ottenere un film PVC estremamente conformabile e ultrasottile (da 30 a 80\u00b5m). Questo prodotto ha permesso al gruppo di conquistare nuove quote nel mercato mondiale di supporti adesivi per il \u00ab Total Wrapping \u00bb, procedimento che consiste nel rivestire completamente un veicolo con un film stampato. <\/p>\n<p>Da pi\u00f9 di 10 anni, al fine di proporre una soluzione ai problemi di manutenzione dei fabbricanti e degli operatori di trasporti pubblici, HEXIS ha ideato tutta una gamma di film adesivi in alternativa alla vernice. Queste soluzioni permettono di risparmiare tempo e includono propriet\u00e0 protettive per superfici di ogni genere (antigraffio, antigraffiti, ecc .). Cos\u00ec, le carrozze della metropolitana di Parigi e di Londra, ma anche le carrozze di numerosi TGV, treni regionali e tram in Francia e all\u2019estero, sono \u201cvestite\u201d da HEXIS, coniugando cos\u00ec coerenza estetica e protezione contro i degradi.<\/p>\n<p>Nel 2008 nasce un film antibatterico PUREZONE, che consente di lottare contro la proliferazione dei batteri nei locali pubblici, gli ospedali, ecc.<\/p>\n<p>Nel 2010, HEXIS lancia la propria gamma di film per applicazioni du tessuti con la gamma Cutflex di film da taglio per plotter e la gamma Printflex di film stampabili.<\/p>\n<\/div>\n<div class=\"col six tablet-full mobile-full silver\">\n<p>Tutti i giorni i nostri coloristi creano colori su richiesta dei clienti e inventano i colori di domani.<\/p>\n<p> Nel 2014, il loro compito \u00e8 stato essenzialmente di adattare le nostre   paste di pigmenti al fine di renderle conformi alla normativa Reach.<\/p>\n<p>Da alcuni anni, prosegue lo sviluppo di gamme di prodotti ecologici con il lancio di una nuova generazione di film prodotti partendo da emulsioni a base acqua (latex, PU, ecc.). Queste pellicole prive di PVC, destinate alla comunicazione visiva di alta gamma, rispondono alle pi\u00f9 rigorose esigenze dello sviluppo sostenibile. La nuova tecnologia di produzione a base acquosa riduce del 70% la quantit\u00e0 di solventi utilizzati per la fabbricazione. Questi prodotti conformemente alla normativa non contengono n\u00e9 cloro, n\u00e9 ftalati, n\u00e9 metalli pesanti. <\/p>\n<p>Nel 2010, HEXIS \u00e8 stata selezionata come Laur\u00e9at r\u00e9gional des Troph\u00e9es INPI dell\u2019innovazione. I Troph\u00e9es INPI dell\u2019innovazione mirano a ricompensare le imprese che presentano una buona crescita economica e che utilizzano la propriet\u00e0 industriale nella loro strategia di sviluppo. <\/p>\n<p>Nel 2014, in occasione del FESPA, HEXIS ha ricevuto due EDP (European Digital Press) Awards per l\u2019HX190WG2, un film cast multistrato destinato alla stampa digitale, e per l\u2019HFLEX100P, un film Flex senza PVC destinato ad applicazioni su tessuti.<\/p>\n<p>Grazie a questa diversificazione e al forte valore aggiunto che conferiscono i film tecnici, HEXIS ha raccolto la sfida della globalizzazione ed oggi esporta il 50% della sua produzione nel mondo intero attraverso le sue 6 filiali e 50 distributori gestiti dal servizio export. <\/p>\n<\/div>\n<div class=\"clear\"><\/div>\n<\/div>\n<\/div>\n<\/section>\n","protected":false},"excerpt":{"rendered":"<p>L\u2019azienda e i suoi prodotti HEXIS S.A. \u00e8 uno dei principali attori nel mercato della produzione e dell\u2019applicazione di pellicole destinate alla comunicazione visiva. L\u2019azienda ha festeggiato i propri 30 anni di innovazione nel 2019! L\u2019azienda \u00e8 specializzata nelle pellicole autoadesive, cast, in PVC, PU e Lattice di alta gamma e sviluppa in modo innovativo [&hellip;]<\/p>\n","protected":false},"author":1,"featured_media":0,"parent":5428,"menu_order":20,"comment_status":"closed","ping_status":"closed","template":"page-hexis.php","meta":{"footnotes":""},"class_list":["post-5941","page","type-page","status-publish","hentry"],"yoast_head":"<!-- This site is optimized with the Yoast SEO plugin v26.9 - https:\/\/yoast.com\/product\/yoast-seo-wordpress\/ -->\n<title>Ricerca &amp; Sviluppo - HEXIS Graphics<\/title>\n<meta name=\"robots\" content=\"index, follow, max-snippet:-1, max-image-preview:large, max-video-preview:-1\" \/>\n<link rel=\"canonical\" href=\"https:\/\/www.hexis-graphics.com\/it\/societa\/ricerca-sviluppo\/\" \/>\n<meta property=\"og:locale\" content=\"it_IT\" \/>\n<meta property=\"og:type\" content=\"article\" \/>\n<meta property=\"og:title\" content=\"Ricerca &amp; Sviluppo - HEXIS Graphics\" \/>\n<meta property=\"og:description\" content=\"L\u2019azienda e i suoi prodotti HEXIS S.A. \u00e8 uno dei principali attori nel mercato della produzione e dell\u2019applicazione di pellicole destinate alla comunicazione visiva. L\u2019azienda ha festeggiato i propri 30 anni di innovazione nel 2019! L\u2019azienda \u00e8 specializzata nelle pellicole autoadesive, cast, in PVC, PU e Lattice di alta gamma e sviluppa in modo innovativo [&hellip;]\" \/>\n<meta property=\"og:url\" content=\"https:\/\/www.hexis-graphics.com\/it\/societa\/ricerca-sviluppo\/\" \/>\n<meta property=\"og:site_name\" content=\"HEXIS Graphics\" \/>\n<meta property=\"article:publisher\" content=\"https:\/\/www.facebook.com\/hexisgraphics\" \/>\n<meta property=\"article:modified_time\" content=\"2019-07-17T09:23:46+00:00\" \/>\n<meta property=\"og:image\" content=\"https:\/\/www.hexis-graphics.com\/hexisgraphics\/2016\/05\/logo_HEXIS.jpg\" \/>\n\t<meta property=\"og:image:width\" content=\"250\" \/>\n\t<meta property=\"og:image:height\" content=\"107\" \/>\n\t<meta property=\"og:image:type\" content=\"image\/jpeg\" \/>\n<meta name=\"twitter:card\" content=\"summary_large_image\" \/>\n<meta name=\"twitter:site\" content=\"@hexisgraphics\" \/>\n<meta name=\"twitter:label1\" content=\"Tempo di lettura stimato\" \/>\n\t<meta name=\"twitter:data1\" content=\"4 minuti\" \/>\n<script type=\"application\/ld+json\" class=\"yoast-schema-graph\">{\"@context\":\"https:\/\/schema.org\",\"@graph\":[{\"@type\":\"WebPage\",\"@id\":\"https:\/\/www.hexis-graphics.com\/it\/societa\/ricerca-sviluppo\/\",\"url\":\"https:\/\/www.hexis-graphics.com\/it\/societa\/ricerca-sviluppo\/\",\"name\":\"Ricerca & Sviluppo - HEXIS Graphics\",\"isPartOf\":{\"@id\":\"https:\/\/www.hexis-graphics.com\/it\/#website\"},\"datePublished\":\"2015-11-03T17:14:03+00:00\",\"dateModified\":\"2019-07-17T09:23:46+00:00\",\"breadcrumb\":{\"@id\":\"https:\/\/www.hexis-graphics.com\/it\/societa\/ricerca-sviluppo\/#breadcrumb\"},\"inLanguage\":\"it-IT\",\"potentialAction\":[{\"@type\":\"ReadAction\",\"target\":[\"https:\/\/www.hexis-graphics.com\/it\/societa\/ricerca-sviluppo\/\"]}]},{\"@type\":\"BreadcrumbList\",\"@id\":\"https:\/\/www.hexis-graphics.com\/it\/societa\/ricerca-sviluppo\/#breadcrumb\",\"itemListElement\":[{\"@type\":\"ListItem\",\"position\":1,\"name\":\"Accueil\",\"item\":\"https:\/\/www.hexis-graphics.com\/it\/\"},{\"@type\":\"ListItem\",\"position\":2,\"name\":\"HEXIS\",\"item\":\"https:\/\/www.hexis-graphics.com\/it\/societa\/\"},{\"@type\":\"ListItem\",\"position\":3,\"name\":\"Ricerca &#038; Sviluppo\"}]},{\"@type\":\"WebSite\",\"@id\":\"https:\/\/www.hexis-graphics.com\/it\/#website\",\"url\":\"https:\/\/www.hexis-graphics.com\/it\/\",\"name\":\"HEXIS Graphics\",\"description\":\"Manufacturer of self-adhesive films\",\"publisher\":{\"@id\":\"https:\/\/www.hexis-graphics.com\/it\/#organization\"},\"potentialAction\":[{\"@type\":\"SearchAction\",\"target\":{\"@type\":\"EntryPoint\",\"urlTemplate\":\"https:\/\/www.hexis-graphics.com\/it\/?s={search_term_string}\"},\"query-input\":{\"@type\":\"PropertyValueSpecification\",\"valueRequired\":true,\"valueName\":\"search_term_string\"}}],\"inLanguage\":\"it-IT\"},{\"@type\":\"Organization\",\"@id\":\"https:\/\/www.hexis-graphics.com\/it\/#organization\",\"name\":\"HEXIS Graphics\",\"url\":\"https:\/\/www.hexis-graphics.com\/it\/\",\"logo\":{\"@type\":\"ImageObject\",\"inLanguage\":\"it-IT\",\"@id\":\"https:\/\/www.hexis-graphics.com\/it\/#\/schema\/logo\/image\/\",\"url\":\"https:\/\/www.hexis-graphics.com\/hexisgraphics\/2016\/05\/logo_HEXIS.jpg\",\"contentUrl\":\"https:\/\/www.hexis-graphics.com\/hexisgraphics\/2016\/05\/logo_HEXIS.jpg\",\"width\":250,\"height\":107,\"caption\":\"HEXIS Graphics\"},\"image\":{\"@id\":\"https:\/\/www.hexis-graphics.com\/it\/#\/schema\/logo\/image\/\"},\"sameAs\":[\"https:\/\/www.facebook.com\/hexisgraphics\",\"https:\/\/x.com\/hexisgraphics\",\"https:\/\/www.instagram.com\/hexisgraphics\/\",\"https:\/\/fr.linkedin.com\/company\/hexis-s-a-\",\"https:\/\/www.youtube.com\/user\/HEXISSA\"]}]}<\/script>\n<!-- \/ Yoast SEO plugin. -->","yoast_head_json":{"title":"Ricerca & Sviluppo - HEXIS Graphics","robots":{"index":"index","follow":"follow","max-snippet":"max-snippet:-1","max-image-preview":"max-image-preview:large","max-video-preview":"max-video-preview:-1"},"canonical":"https:\/\/www.hexis-graphics.com\/it\/societa\/ricerca-sviluppo\/","og_locale":"it_IT","og_type":"article","og_title":"Ricerca & Sviluppo - HEXIS Graphics","og_description":"L\u2019azienda e i suoi prodotti HEXIS S.A. \u00e8 uno dei principali attori nel mercato della produzione e dell\u2019applicazione di pellicole destinate alla comunicazione visiva. L\u2019azienda ha festeggiato i propri 30 anni di innovazione nel 2019! L\u2019azienda \u00e8 specializzata nelle pellicole autoadesive, cast, in PVC, PU e Lattice di alta gamma e sviluppa in modo innovativo [&hellip;]","og_url":"https:\/\/www.hexis-graphics.com\/it\/societa\/ricerca-sviluppo\/","og_site_name":"HEXIS Graphics","article_publisher":"https:\/\/www.facebook.com\/hexisgraphics","article_modified_time":"2019-07-17T09:23:46+00:00","og_image":[{"width":250,"height":107,"url":"https:\/\/www.hexis-graphics.com\/hexisgraphics\/2016\/05\/logo_HEXIS.jpg","type":"image\/jpeg"}],"twitter_card":"summary_large_image","twitter_site":"@hexisgraphics","twitter_misc":{"Tempo di lettura stimato":"4 minuti"},"schema":{"@context":"https:\/\/schema.org","@graph":[{"@type":"WebPage","@id":"https:\/\/www.hexis-graphics.com\/it\/societa\/ricerca-sviluppo\/","url":"https:\/\/www.hexis-graphics.com\/it\/societa\/ricerca-sviluppo\/","name":"Ricerca & Sviluppo - HEXIS Graphics","isPartOf":{"@id":"https:\/\/www.hexis-graphics.com\/it\/#website"},"datePublished":"2015-11-03T17:14:03+00:00","dateModified":"2019-07-17T09:23:46+00:00","breadcrumb":{"@id":"https:\/\/www.hexis-graphics.com\/it\/societa\/ricerca-sviluppo\/#breadcrumb"},"inLanguage":"it-IT","potentialAction":[{"@type":"ReadAction","target":["https:\/\/www.hexis-graphics.com\/it\/societa\/ricerca-sviluppo\/"]}]},{"@type":"BreadcrumbList","@id":"https:\/\/www.hexis-graphics.com\/it\/societa\/ricerca-sviluppo\/#breadcrumb","itemListElement":[{"@type":"ListItem","position":1,"name":"Accueil","item":"https:\/\/www.hexis-graphics.com\/it\/"},{"@type":"ListItem","position":2,"name":"HEXIS","item":"https:\/\/www.hexis-graphics.com\/it\/societa\/"},{"@type":"ListItem","position":3,"name":"Ricerca &#038; Sviluppo"}]},{"@type":"WebSite","@id":"https:\/\/www.hexis-graphics.com\/it\/#website","url":"https:\/\/www.hexis-graphics.com\/it\/","name":"HEXIS Graphics","description":"Manufacturer of self-adhesive films","publisher":{"@id":"https:\/\/www.hexis-graphics.com\/it\/#organization"},"potentialAction":[{"@type":"SearchAction","target":{"@type":"EntryPoint","urlTemplate":"https:\/\/www.hexis-graphics.com\/it\/?s={search_term_string}"},"query-input":{"@type":"PropertyValueSpecification","valueRequired":true,"valueName":"search_term_string"}}],"inLanguage":"it-IT"},{"@type":"Organization","@id":"https:\/\/www.hexis-graphics.com\/it\/#organization","name":"HEXIS Graphics","url":"https:\/\/www.hexis-graphics.com\/it\/","logo":{"@type":"ImageObject","inLanguage":"it-IT","@id":"https:\/\/www.hexis-graphics.com\/it\/#\/schema\/logo\/image\/","url":"https:\/\/www.hexis-graphics.com\/hexisgraphics\/2016\/05\/logo_HEXIS.jpg","contentUrl":"https:\/\/www.hexis-graphics.com\/hexisgraphics\/2016\/05\/logo_HEXIS.jpg","width":250,"height":107,"caption":"HEXIS Graphics"},"image":{"@id":"https:\/\/www.hexis-graphics.com\/it\/#\/schema\/logo\/image\/"},"sameAs":["https:\/\/www.facebook.com\/hexisgraphics","https:\/\/x.com\/hexisgraphics","https:\/\/www.instagram.com\/hexisgraphics\/","https:\/\/fr.linkedin.com\/company\/hexis-s-a-","https:\/\/www.youtube.com\/user\/HEXISSA"]}]}},"_links":{"self":[{"href":"https:\/\/www.hexis-graphics.com\/it\/wp-json\/wp\/v2\/pages\/5941","targetHints":{"allow":["GET"]}}],"collection":[{"href":"https:\/\/www.hexis-graphics.com\/it\/wp-json\/wp\/v2\/pages"}],"about":[{"href":"https:\/\/www.hexis-graphics.com\/it\/wp-json\/wp\/v2\/types\/page"}],"author":[{"embeddable":true,"href":"https:\/\/www.hexis-graphics.com\/it\/wp-json\/wp\/v2\/users\/1"}],"replies":[{"embeddable":true,"href":"https:\/\/www.hexis-graphics.com\/it\/wp-json\/wp\/v2\/comments?post=5941"}],"version-history":[{"count":1,"href":"https:\/\/www.hexis-graphics.com\/it\/wp-json\/wp\/v2\/pages\/5941\/revisions"}],"predecessor-version":[{"id":27217,"href":"https:\/\/www.hexis-graphics.com\/it\/wp-json\/wp\/v2\/pages\/5941\/revisions\/27217"}],"up":[{"embeddable":true,"href":"https:\/\/www.hexis-graphics.com\/it\/wp-json\/wp\/v2\/pages\/5428"}],"wp:attachment":[{"href":"https:\/\/www.hexis-graphics.com\/it\/wp-json\/wp\/v2\/media?parent=5941"}],"curies":[{"name":"wp","href":"https:\/\/api.w.org\/{rel}","templated":true}]}}