{"id":5428,"date":"2015-09-25T17:39:42","date_gmt":"2015-09-25T17:39:42","guid":{"rendered":"https:\/\/www.hexis-graphics.com\/it\/societe\/"},"modified":"2026-03-19T10:30:35","modified_gmt":"2026-03-19T10:30:35","slug":"societa","status":"publish","type":"page","link":"https:\/\/www.hexis-graphics.com\/it\/societa\/","title":{"rendered":"HEXIS"},"content":{"rendered":"\t\t<div data-elementor-type=\"wp-page\" data-elementor-id=\"5428\" class=\"elementor elementor-5428 elementor-4943\" data-elementor-post-type=\"page\">\n\t\t\t\t<div class=\"elementor-element elementor-element-4bc9fd81 e-flex e-con-boxed e-con e-parent\" data-id=\"4bc9fd81\" data-element_type=\"container\">\n\t\t\t\t\t<div class=\"e-con-inner\">\n\t\t\t\t<div class=\"elementor-element elementor-element-7d2e989b elementor-widget elementor-widget-text-editor\" data-id=\"7d2e989b\" data-element_type=\"widget\" data-widget_type=\"text-editor.default\">\n\t\t\t\t<div class=\"elementor-widget-container\">\n\t\t\t\t\t\t\t\t\t<div class=\"vce-row-container\" data-vce-boxed-width=\"true\"><div id=\"el-738e4ba7\" class=\"vce-row vce-row--col-gap-30 vce-row-equal-height vce-row-content--top\" data-vce-do-apply=\"all el-738e4ba7\"><div class=\"vce-row-content\" data-vce-element-content=\"true\"><p><\/p><div id=\"el-1dad8e11\" class=\"vce-col vce-col--md-auto vce-col--xs-1 vce-col--xs-last vce-col--xs-first vce-col--sm-last vce-col--sm-first vce-col--md-last vce-col--lg-last vce-col--xl-last vce-col--md-first vce-col--lg-first vce-col--xl-first\"><div class=\"vce-col-inner\" data-vce-do-apply=\"border margin background el-1dad8e11\"><div class=\"vce-col-content\" data-vce-element-content=\"true\" data-vce-do-apply=\"padding el-1dad8e11\"><p><\/p><div class=\"vce-text-block\"><div id=\"el-443540f8\" class=\"vce-text-block-wrapper vce\" data-vce-do-apply=\"all el-443540f8\"><p><\/p><section><div id=\"hexisgroup\" class=\"section row\"><div class=\"container-full\"><div class=\"col four tablet-full mobile-full\"><h1 class=\"borderRed\">A proposito di HEXIS<\/h1><h3 class=\"silver marginleft16\">HEXIS SAS \u00e8 uno dei principali attori nel mercato della produzione e dell\u2019applicazione di pellicole destinate alla comunicazione visiva, alla customizzazione ed alla protezione di superfici.<\/h3><div class=\"button-grey button-background-mini margintop20 marginleft16\"><a title=\"\" href=\"https:\/\/www.hexis-graphics.com\/hexisgraphics\/2024\/09\/PressKit_2024_EN.zip\"><i class=\"icon-hexis hexis icon-pdf white\"><\/i> PRESS KITS<\/a><\/div><\/div><div class=\"col eight tablet-full mobile-full silver margintop80\"><p>Dalla sua creazione nel 1989, HEXIS difende con successo la propria posizione di leader francese di supporti per applicazioni e per la stampa digitale rispetto alla concorrenza internazionale.<\/p><p>HEXIS dispone di 2 stabilimenti di produzione, uno sul sito della propria sede sociale a Frontignan (34), il secondo a Hagetmau (40). In un\u2019epoca in cui si deve valorizzare il \u00ab Made in France \u00bb, HEXIS si mobilizza per mettere in evidenza il know-how francese nei propri stabilimenti, sviluppando cos\u00ec l\u2019impiego sul territorio francese e partecipando alla protezione dell\u2019ambiente. Il Gruppo conta 464 dipendenti nel mondo, di cui 350 in Francia.<\/p><div class=\"col nine tablet-full mobile-full silver nomargin nopadding\"><h4 class=\"black\">Il know-how HEXIS<\/h4><p>L\u2019azienda \u00e8 specializzata nei film cast PVC, PU e Latex di alta gamma e sviluppa in modo innovativo una linea di prodotti destinati ai professionisti della stampa digitale, segnaletica, sign painter, ed alle imprese specializzate nelle applicazioni su tessuti.<\/p><p>I loro settori di applicazione sono la cartellonistica, la decorazione di locali e di oggetti, la segnaletica, le insegne luminose, le applicazioni su veicoli (auto, treni, tram, natanti, aerei&#8230;), oggetti e tessuti, la plastificazione, ecc.<\/p><p>Oggi, il mercato delle pellicole adesive \u00e8 in piena diversificazione. La personalizzazione e le creazioni su misura, realizzate con i nostri film ad elevata tecnicit\u00e0, sono sempre pi\u00f9 diffuse. E con l\u2019utilizzo di film adesivi nel design, la decorazione e l\u2019architettura di interni ed esterni si aprono nuovi mercati.<\/p><p>Gi\u00e0 da alcuni anni HEXIS propone una gamma completa di prodotti al fine di rispondere a nuovi progetti industriali. Da qualche anno presentiamo film adesivi per sostituire le vernici e proteggere le superfici delle carrozze dei TGV, dei treni regionali e dei tram, sia in Francia che all\u2019estero. Anche le carrozze della metropolitana di Parigi e di Londra sono \u201cvestite\u201d da HEXIS, coniugando cos\u00ec coerenza estetica e protezione contro i degradi.<\/p><\/div><div class=\"col three tablet-full mobile-full nomargin nopadding textright\"><img decoding=\"async\" class=\"margintop40\" src=\"|!|vcvUploadUrl|!|\/2022\/09\/Certifications-ISO-HEXIS.png\" alt=\"\" \/><br \/><img decoding=\"async\" class=\"margintop20\" src=\"|!|vcvUploadUrl|!|\/2015\/09\/hexis-madeinfrance.jpg\" alt=\"\" \/><\/div><\/div><\/div><div class=\"clear\">\u00a0<\/div><\/div><\/section><section><div id=\"hexishistory\" class=\"section row\" style=\"display: none;\"><div class=\"container-full\"><div class=\"col four tablet-four mobile-full\"><h2 class=\"borderWhite\">Evolution<\/h2><\/div><div class=\"clear\">\u00a0<\/div><\/div><\/div><\/section><p><\/p><p><\/p><section><div id=\"hexisproducts\" class=\"section bg-black\"><div class=\"container-full textcenter\" style=\"height: 170px; padding-top: 25px; padding-bottom: 20px;\"><div class=\"fusion-column-wrapper\"><div class=\"ffusion-slider-sc flexslider flexslider-hover-type-none\"><ul class=\"slides\"><li class=\"flex-active-slide\" style=\"position: relative; opacity: 1; display: block; max-width: 100%; height: 170px; z-index: 2;\"><h3 class=\"silver margintop20\">L\u2019attivit\u00e0 dell\u2019azienda si declina in 5 grandi famiglie di prodotti<\/h3><h3 class=\"proregular white margintop10\"><span class=\"hover-type-none\">I film colorati da taglio per plotter<\/span><\/h3><\/li><li style=\"position: relative; opacity: 0; display: block; max-width: 100%; height: 170px; z-index: 1;\"><h3 class=\"silver margintop20\">L\u2019attivit\u00e0 dell\u2019azienda si declina in 5 grandi famiglie di prodotti<\/h3><h3 class=\"proregular white margintop10\"><span class=\"hover-type-none\">I supporti per la stampa digitale di grande formato<\/span><\/h3><\/li><li style=\"position: relative; opacity: 0; display: block; max-width: 100%; height: 170px; z-index: 1;\"><h3 class=\"silver margintop20\">L\u2019attivit\u00e0 dell\u2019azienda si declina in 5 grandi famiglie di prodotti<\/h3><h3 class=\"proregular white margintop10\"><span class=\"hover-type-none\">I film per il Wrapping (rivestimento completo)<\/span><\/h3><\/li><li style=\"position: relative; opacity: 0; display: block; max-width: 100%; height: 170px; z-index: 1;\"><h3 class=\"silver margintop20\">L\u2019attivit\u00e0 dell\u2019azienda si declina in 5 grandi famiglie di prodotti<\/h3><h3 class=\"proregular white margintop10\"><span class=\"hover-type-none\">I film per applicazioni su tessuti (da taglio, stampabili, DTF)<\/span><\/h3><\/li><li style=\"position: relative; opacity: 0; display: block; max-width: 100%; height: 170px; z-index: 1;\"><h3 class=\"silver margintop20\">L\u2019attivit\u00e0 dell\u2019azienda si declina in 5 grandi famiglie di prodotti<\/h3><h3 class=\"proregular white margintop10\"><span class=\"hover-type-none\">I film di protezione di qualunque superficie (antibatterici, antigrafitti, antigraffio)<\/span><\/h3><\/li><\/ul><\/div><div class=\"fusion-clearfix\">\u00a0<\/div><\/div><\/div><div class=\"clear\">\u00a0<\/div><\/div><\/section><section class=\"module parallax parallax-kit textcenter top156\"><div class=\"button-diagonal big bg-red\"><a href=\"|!|vcvUploadUrl|!|\/2024\/09\/PressKit_2024_EN.zip\" rel=\"bookmark\">SCARICA PRESS KITS<\/a><\/div><div class=\"container-full\"><h3 class=\"white\">Per saperne di pi\u00f9 su HEXIS ! HEXIS, fabbricante di pellicole adesive.<\/h3><\/div><div class=\"clear\">\u00a0<\/div><\/section><p><\/p><p><\/p><section><div id=\"hexisinnovation\" class=\"section row\"><div class=\"container-full\"><div class=\"col twelve tablet-full mobile-full margintop20\"><h2 class=\"borderRed\">Il laboratorio di Ricerca &amp; Sviluppo<\/h2><\/div><div class=\"clear\">\u00a0<\/div><div class=\"col four tablet-full mobile-full nomargin nopadding\"><h3 class=\"silver marginleft16\">HEXIS volge il 2,5 % del suo Fatturato alla Ricerca e Sviluppo e impiega 20 persone nei propri laboratori. HEXIS dispone di un laboratorio su ciascuno dei suoi due siti di produzione, sia per la Ricerca e Sviluppo che per il Controllo Qualit\u00e0.<\/h3><\/div><div class=\"col eight tablet-full mobile-full textright\"><div class=\"resize\"><img decoding=\"async\" src=\"|!|vcvUploadUrl|!|\/2015\/09\/hexis-laboratoire.jpg\" alt=\"\" \/><\/div><\/div><div class=\"clear\">\u00a0<\/div><div class=\"col twelve tablet-full mobile-full textcenter margintop20\" style=\"display: none;\"><h3 class=\"proregular\">L\u2019innovation constante dans le domaine des adh\u00e9sifs et des films coul\u00e9s et calandr\u00e9s a toujours \u00e9t\u00e9 le vrai moteur de la croissance chez HEXIS.<\/h3><\/div><div class=\"clear\">\u00a0<\/div><div class=\" twelve tablet-full mobile-full textcenter margintop60\"><h3 class=\"proregular marginbottom20\">Analisi approfondite garantiscono la qualit\u00e0 dei nostri prodotti. A questo scopo valutiamo:<\/h3><ul class=\"rounded\" style=\"padding: 0px !important;\"><li><i class=\"icon-special hexis big icon-elongation\"><\/i><div>L\u2019allungamento e la resistenza alla rottura<\/div><\/li><li><i class=\"icon-special hexis big icon-couleur\"><\/i><div>La conformit\u00e0 del colore<\/div><\/li><li><i class=\"icon-special hexis big icon-rugosite\"><\/i><div>La ruvidezza della superficie<\/div><\/li><li><i class=\"icon-special hexis big icon-pelage\"><\/i><div>La forza di rimozione<\/div><\/li><li><i class=\"icon-special hexis big icon-tack\"><\/i><div>L&#8217;aderenza immediata (il \u00abtack\u00bb)<\/div><\/li><li><i class=\"icon-special hexis big icon-adhesion\"><\/i><div>L&#8217;aderenza definitiva sul supporto<\/div><\/li><li><i class=\"icon-special hexis big icon-stabilite\"><\/i><div>La stabilit\u00e0 nel tempo (in un forno e in \u00abQUV\u00bb)<\/div><\/li><\/ul><div class=\"clear\">\u00a0<\/div><\/div><\/div><div class=\"clear\">\u00a0<\/div><\/div><\/section><p><\/p><p><\/p><section class=\"module parallax parallax-worldmap\"><div class=\"container-full\"><div class=\"col six tablet-full mobile-full\"><h2 class=\"borderWhite white\">Dopo la Francia \u2026 il mondo!<\/h2><h3 class=\"white marginleft16\">Grazie alla diversificazione e al forte valore aggiunto che conferiscono i film tecnici, HEXIS ha raccolto la sfida della globalizzazione ed oggi esporta il 50% della sua produzione nel mondo intero attraverso le sue 10 filiali e i suoi distributori.<\/h3><p>Uno degli assi dello sviluppo di HEXIS nel mondo si basa sulla filiazione: creazione, integrazione o crescita esterna.<\/p><h4 class=\"white marginleft16 margintop40\">Filiali<\/h4><div class=\"button-group marginleft16\"><div class=\"btnBlack btnColor\">SPAGNA<\/div><div class=\"btnBlack btnColor\">GERMANIA<\/div><div class=\"btnBlack btnColor\">SVIZZERA<\/div><div class=\"btnBlack btnColor\">AUSTRALIA<\/div><div class=\"btnBlack btnColor\">ITALIA<\/div><div class=\"btnBlack btnColor\">STATI UNITI<\/div><div class=\"btnBlack btnColor\">SVEZIA<\/div><div class=\"btnBlack btnColor\">DANIMARCA<\/div><div class=\"btnBlack btnColor\">ANTILLE FRANCESI<\/div><div class=\"btnBlack btnColor\">LA R\u00c9UNION<\/div><\/div><\/div><div class=\"col six tablet-full mobile-full margintop20\"><p><img decoding=\"async\" src=\"|!|vcvUploadUrl|!|\/2015\/09\/hexis-filiales.png\" alt=\"\" \/><\/p><h4 class=\"white margintop30\">Distributori + Soci\u00e9t\u00e0 indipendenti in frinchising<\/h4><p class=\"white\">HEXIS lavora in partenariato con imprese indipendenti in franchising nei Paesi Bassi (HEXIS Nederland), Medio Oriente (HEXIS ME) e nel Regno Unito (HEXIS UK). 50 distributori riforniscono 65 paesi nel mondo.<\/p><div class=\"button-diagonal big bg-yellow\"><a href=\"\/?page_id=6439\" rel=\"bookmark\">LA NOSTRA RETE HEXIS <\/a><\/div><\/div><div class=\"clear\">\u00a0<\/div><\/div><\/section><p><\/p><p><\/p><section><div id=\"hexisnumbers\" class=\"section row\"><div class=\"container-full\"><div class=\"col twelve tablet-full mobile-full margintop20\"><h2 class=\"borderRed\">Le nostre cifre chiave<\/h2><h3 class=\"silver\">Al fine di incrementare la nostra crescita, lavoriamo per migliorare la qualit\u00e0 dei nostri prodotti, dei nostri process, continuando a sviluppare i nostri mezzi di produzione per estendere le nostre capacit\u00e0 di produzione.<\/h3><div class=\"clear\">\u00a0<\/div><div class=\"col four mobile-full marginleft16\"><div style=\"position: relative; top: 10px; left: 0px; text-align: center;\"><img decoding=\"async\" title=\"Usine de Frontignan\" src=\"|!|vcvUploadUrl|!|\/2015\/09\/icon-petite-usine.svg\" alt=\"Usine de Frontignan\" \/><\/div><div class=\"proregular\" style=\"display: block; position: relative; top: -66px; left: 0px; font-size: 16px; color: white; text-align: center;\"><span style=\"display: block; margin-bottom: 0px;\">1989<\/span><span style=\"display: block; text-align: center; margin-bottom: 0px; font-size: 16px; color: #fff;\">12.000m\u00b2<\/span><span style=\"display: block;\">FRONTIGNAN<\/span><\/div><\/div><div class=\"col one nomargin nopadding\">\u00a0<\/div><div class=\"col seven nomargin nopadding textleft\"><div style=\"position: relative; top: 10px; left: 0px;\"><img decoding=\"async\" title=\"Usine d'Hagetmau\" src=\"|!|vcvUploadUrl|!|\/2015\/09\/icon-grande-usine.svg\" alt=\"Usine d'Hagetmau\" \/><\/div><div class=\"proregular\" style=\"max-width: 490px; display: block; position: relative; top: -66px; left: 0px; font-size: 16px; text-align: center; color: white;\"><span style=\"display: block; margin-bottom: 0px;\">2010<\/span><span style=\"display: block; text-align: center; margin-bottom: 0px; font-size: 16px; color: #fff;\">+24.000 m\u00b2<\/span><span style=\"display: block;\">HAGETMAU<\/span><\/div><\/div><div class=\"clear\">\u00a0<\/div><h4 class=\"red margintop20\" style=\"position: relative; top: -50px;\"><span class=\"proregular red\">Capacit\u00e0 produttiva annua<\/span>20 milioni di m\u00b2 di film adesivi<\/h4><\/div><\/div><\/div><\/section><p><\/p><p><\/p><section class=\"module parallax parallax-entreprise textcenter top156\"><div class=\"button-diagonal big bg-red\"><a href=\"|!|vcvUploadUrl|!|\/2024\/09\/Corporate-Presentation_EN_2024.pdf\" rel=\"bookmark\">NOTRE PR\u00c9SENTATION D&#8217;ENTREPRISE<\/a><\/div><div class=\"clear\">\u00a0<\/div><\/section><p><\/p><p><\/p><section><div id=\"hexisquality\" class=\"section row\"><div class=\"container-full\"><div class=\"col twelve tablet-full mobile-full margintop20\"><h2 class=\"borderRed\">Qualit\u00e0 e sviluppo sostenibile<\/h2><\/div><div class=\"clear\">\u00a0<\/div><div class=\"col eight tablet-full mobile-full nomargin nopadding\"><h3 class=\"silver marginleft16\">Grazie all\u2019impulso del suo fondatore, Michel Mateu, HEXIS ha adottato diversi valori relativi allo sviluppo sostenibile nelle varie attivit\u00e0 dell\u2019impresa, in particolare nel settore sociale. Contemporaneamente, HEXIS ha effettuato in questi ultimi anni forti investimenti ed ha messo a punto diverse azioni dirette a limitare l\u2019impatto delle sue attivit\u00e0 sull\u2019ambiente. Ad esempio, possiamo citare le seguenti azioni.<\/h3><\/div><div class=\"col four tablet-full mobile-full textcenter\"><img decoding=\"async\" style=\"vertical-align: middle;\" src=\"|!|vcvUploadUrl|!|\/2022\/09\/Ecovadis-HEXIS.png\" alt=\"\" width=\"100px\" height=\"100px\" \/><img decoding=\"async\" class=\"\" style=\"vertical-align: middle; max-width: 250px;\" src=\"|!|vcvUploadUrl|!|\/2022\/09\/Certifications-ISO-HEXIS.png\" alt=\"\" \/><\/div><\/div><div class=\"clear\">\u00a0<\/div><\/div><\/section><p><\/p><\/div><\/div><p><\/p><\/div><\/div><\/div><p><\/p><\/div><\/div><\/div><p><\/p>\t\t\t\t\t\t\t\t<\/div>\n\t\t\t\t<\/div>\n\t\t\t\t\t<\/div>\n\t\t\t\t<\/div>\n\t\t\t\t<\/div>\n\t\t","protected":false},"excerpt":{"rendered":"<p>A proposito di HEXIS HEXIS SAS \u00e8 uno dei principali attori nel mercato della produzione e dell\u2019applicazione di pellicole destinate alla comunicazione visiva, alla customizzazione ed alla protezione di superfici. PRESS KITS Dalla sua creazione nel 1989, HEXIS difende con successo la propria posizione di leader francese di supporti per applicazioni e per la stampa [&hellip;]<\/p>\n","protected":false},"author":3,"featured_media":0,"parent":0,"menu_order":10,"comment_status":"closed","ping_status":"closed","template":"page-hexis.php","meta":{"footnotes":""},"class_list":["post-5428","page","type-page","status-publish","hentry"],"yoast_head":"<!-- This site is optimized with the Yoast SEO plugin v26.9 - https:\/\/yoast.com\/product\/yoast-seo-wordpress\/ -->\n<title>HEXIS - HEXIS Graphics<\/title>\n<meta name=\"robots\" content=\"index, follow, max-snippet:-1, max-image-preview:large, max-video-preview:-1\" \/>\n<link rel=\"canonical\" href=\"https:\/\/www.hexis-graphics.com\/it\/societa\/\" \/>\n<meta property=\"og:locale\" content=\"it_IT\" \/>\n<meta property=\"og:type\" content=\"article\" \/>\n<meta property=\"og:title\" content=\"HEXIS - HEXIS Graphics\" \/>\n<meta property=\"og:description\" content=\"A proposito di HEXIS HEXIS SAS \u00e8 uno dei principali attori nel mercato della produzione e dell\u2019applicazione di pellicole destinate alla comunicazione visiva, alla customizzazione ed alla protezione di superfici. PRESS KITS Dalla sua creazione nel 1989, HEXIS difende con successo la propria posizione di leader francese di supporti per applicazioni e per la stampa [&hellip;]\" \/>\n<meta property=\"og:url\" content=\"https:\/\/www.hexis-graphics.com\/it\/societa\/\" \/>\n<meta property=\"og:site_name\" content=\"HEXIS Graphics\" \/>\n<meta property=\"article:publisher\" content=\"https:\/\/www.facebook.com\/hexisgraphics\" \/>\n<meta property=\"article:modified_time\" content=\"2026-03-19T10:30:35+00:00\" \/>\n<meta property=\"og:image\" content=\"https:\/\/www.hexis-graphics.com\/hexisgraphics\/2016\/05\/logo_HEXIS.jpg\" \/>\n\t<meta property=\"og:image:width\" content=\"250\" \/>\n\t<meta property=\"og:image:height\" content=\"107\" \/>\n\t<meta property=\"og:image:type\" content=\"image\/jpeg\" \/>\n<meta name=\"twitter:card\" content=\"summary_large_image\" \/>\n<meta name=\"twitter:site\" content=\"@hexisgraphics\" \/>\n<meta name=\"twitter:label1\" content=\"Tempo di lettura stimato\" \/>\n\t<meta name=\"twitter:data1\" content=\"6 minuti\" \/>\n<script type=\"application\/ld+json\" class=\"yoast-schema-graph\">{\"@context\":\"https:\/\/schema.org\",\"@graph\":[{\"@type\":\"WebPage\",\"@id\":\"https:\/\/www.hexis-graphics.com\/it\/societa\/\",\"url\":\"https:\/\/www.hexis-graphics.com\/it\/societa\/\",\"name\":\"HEXIS - HEXIS Graphics\",\"isPartOf\":{\"@id\":\"https:\/\/www.hexis-graphics.com\/it\/#website\"},\"datePublished\":\"2015-09-25T17:39:42+00:00\",\"dateModified\":\"2026-03-19T10:30:35+00:00\",\"breadcrumb\":{\"@id\":\"https:\/\/www.hexis-graphics.com\/it\/societa\/#breadcrumb\"},\"inLanguage\":\"it-IT\",\"potentialAction\":[{\"@type\":\"ReadAction\",\"target\":[\"https:\/\/www.hexis-graphics.com\/it\/societa\/\"]}]},{\"@type\":\"BreadcrumbList\",\"@id\":\"https:\/\/www.hexis-graphics.com\/it\/societa\/#breadcrumb\",\"itemListElement\":[{\"@type\":\"ListItem\",\"position\":1,\"name\":\"Accueil\",\"item\":\"https:\/\/www.hexis-graphics.com\/it\/\"},{\"@type\":\"ListItem\",\"position\":2,\"name\":\"HEXIS\"}]},{\"@type\":\"WebSite\",\"@id\":\"https:\/\/www.hexis-graphics.com\/it\/#website\",\"url\":\"https:\/\/www.hexis-graphics.com\/it\/\",\"name\":\"HEXIS Graphics\",\"description\":\"Manufacturer of self-adhesive films\",\"publisher\":{\"@id\":\"https:\/\/www.hexis-graphics.com\/it\/#organization\"},\"potentialAction\":[{\"@type\":\"SearchAction\",\"target\":{\"@type\":\"EntryPoint\",\"urlTemplate\":\"https:\/\/www.hexis-graphics.com\/it\/?s={search_term_string}\"},\"query-input\":{\"@type\":\"PropertyValueSpecification\",\"valueRequired\":true,\"valueName\":\"search_term_string\"}}],\"inLanguage\":\"it-IT\"},{\"@type\":\"Organization\",\"@id\":\"https:\/\/www.hexis-graphics.com\/it\/#organization\",\"name\":\"HEXIS Graphics\",\"url\":\"https:\/\/www.hexis-graphics.com\/it\/\",\"logo\":{\"@type\":\"ImageObject\",\"inLanguage\":\"it-IT\",\"@id\":\"https:\/\/www.hexis-graphics.com\/it\/#\/schema\/logo\/image\/\",\"url\":\"https:\/\/www.hexis-graphics.com\/hexisgraphics\/2016\/05\/logo_HEXIS.jpg\",\"contentUrl\":\"https:\/\/www.hexis-graphics.com\/hexisgraphics\/2016\/05\/logo_HEXIS.jpg\",\"width\":250,\"height\":107,\"caption\":\"HEXIS Graphics\"},\"image\":{\"@id\":\"https:\/\/www.hexis-graphics.com\/it\/#\/schema\/logo\/image\/\"},\"sameAs\":[\"https:\/\/www.facebook.com\/hexisgraphics\",\"https:\/\/x.com\/hexisgraphics\",\"https:\/\/www.instagram.com\/hexisgraphics\/\",\"https:\/\/fr.linkedin.com\/company\/hexis-s-a-\",\"https:\/\/www.youtube.com\/user\/HEXISSA\"]}]}<\/script>\n<!-- \/ Yoast SEO plugin. -->","yoast_head_json":{"title":"HEXIS - HEXIS Graphics","robots":{"index":"index","follow":"follow","max-snippet":"max-snippet:-1","max-image-preview":"max-image-preview:large","max-video-preview":"max-video-preview:-1"},"canonical":"https:\/\/www.hexis-graphics.com\/it\/societa\/","og_locale":"it_IT","og_type":"article","og_title":"HEXIS - HEXIS Graphics","og_description":"A proposito di HEXIS HEXIS SAS \u00e8 uno dei principali attori nel mercato della produzione e dell\u2019applicazione di pellicole destinate alla comunicazione visiva, alla customizzazione ed alla protezione di superfici. PRESS KITS Dalla sua creazione nel 1989, HEXIS difende con successo la propria posizione di leader francese di supporti per applicazioni e per la stampa [&hellip;]","og_url":"https:\/\/www.hexis-graphics.com\/it\/societa\/","og_site_name":"HEXIS Graphics","article_publisher":"https:\/\/www.facebook.com\/hexisgraphics","article_modified_time":"2026-03-19T10:30:35+00:00","og_image":[{"width":250,"height":107,"url":"https:\/\/www.hexis-graphics.com\/hexisgraphics\/2016\/05\/logo_HEXIS.jpg","type":"image\/jpeg"}],"twitter_card":"summary_large_image","twitter_site":"@hexisgraphics","twitter_misc":{"Tempo di lettura stimato":"6 minuti"},"schema":{"@context":"https:\/\/schema.org","@graph":[{"@type":"WebPage","@id":"https:\/\/www.hexis-graphics.com\/it\/societa\/","url":"https:\/\/www.hexis-graphics.com\/it\/societa\/","name":"HEXIS - HEXIS Graphics","isPartOf":{"@id":"https:\/\/www.hexis-graphics.com\/it\/#website"},"datePublished":"2015-09-25T17:39:42+00:00","dateModified":"2026-03-19T10:30:35+00:00","breadcrumb":{"@id":"https:\/\/www.hexis-graphics.com\/it\/societa\/#breadcrumb"},"inLanguage":"it-IT","potentialAction":[{"@type":"ReadAction","target":["https:\/\/www.hexis-graphics.com\/it\/societa\/"]}]},{"@type":"BreadcrumbList","@id":"https:\/\/www.hexis-graphics.com\/it\/societa\/#breadcrumb","itemListElement":[{"@type":"ListItem","position":1,"name":"Accueil","item":"https:\/\/www.hexis-graphics.com\/it\/"},{"@type":"ListItem","position":2,"name":"HEXIS"}]},{"@type":"WebSite","@id":"https:\/\/www.hexis-graphics.com\/it\/#website","url":"https:\/\/www.hexis-graphics.com\/it\/","name":"HEXIS Graphics","description":"Manufacturer of self-adhesive films","publisher":{"@id":"https:\/\/www.hexis-graphics.com\/it\/#organization"},"potentialAction":[{"@type":"SearchAction","target":{"@type":"EntryPoint","urlTemplate":"https:\/\/www.hexis-graphics.com\/it\/?s={search_term_string}"},"query-input":{"@type":"PropertyValueSpecification","valueRequired":true,"valueName":"search_term_string"}}],"inLanguage":"it-IT"},{"@type":"Organization","@id":"https:\/\/www.hexis-graphics.com\/it\/#organization","name":"HEXIS Graphics","url":"https:\/\/www.hexis-graphics.com\/it\/","logo":{"@type":"ImageObject","inLanguage":"it-IT","@id":"https:\/\/www.hexis-graphics.com\/it\/#\/schema\/logo\/image\/","url":"https:\/\/www.hexis-graphics.com\/hexisgraphics\/2016\/05\/logo_HEXIS.jpg","contentUrl":"https:\/\/www.hexis-graphics.com\/hexisgraphics\/2016\/05\/logo_HEXIS.jpg","width":250,"height":107,"caption":"HEXIS Graphics"},"image":{"@id":"https:\/\/www.hexis-graphics.com\/it\/#\/schema\/logo\/image\/"},"sameAs":["https:\/\/www.facebook.com\/hexisgraphics","https:\/\/x.com\/hexisgraphics","https:\/\/www.instagram.com\/hexisgraphics\/","https:\/\/fr.linkedin.com\/company\/hexis-s-a-","https:\/\/www.youtube.com\/user\/HEXISSA"]}]}},"_links":{"self":[{"href":"https:\/\/www.hexis-graphics.com\/it\/wp-json\/wp\/v2\/pages\/5428","targetHints":{"allow":["GET"]}}],"collection":[{"href":"https:\/\/www.hexis-graphics.com\/it\/wp-json\/wp\/v2\/pages"}],"about":[{"href":"https:\/\/www.hexis-graphics.com\/it\/wp-json\/wp\/v2\/types\/page"}],"author":[{"embeddable":true,"href":"https:\/\/www.hexis-graphics.com\/it\/wp-json\/wp\/v2\/users\/3"}],"replies":[{"embeddable":true,"href":"https:\/\/www.hexis-graphics.com\/it\/wp-json\/wp\/v2\/comments?post=5428"}],"version-history":[{"count":3,"href":"https:\/\/www.hexis-graphics.com\/it\/wp-json\/wp\/v2\/pages\/5428\/revisions"}],"predecessor-version":[{"id":58235,"href":"https:\/\/www.hexis-graphics.com\/it\/wp-json\/wp\/v2\/pages\/5428\/revisions\/58235"}],"wp:attachment":[{"href":"https:\/\/www.hexis-graphics.com\/it\/wp-json\/wp\/v2\/media?parent=5428"}],"curies":[{"name":"wp","href":"https:\/\/api.w.org\/{rel}","templated":true}]}}