{"id":790,"date":"2015-06-19T07:40:18","date_gmt":"2015-06-19T07:40:18","guid":{"rendered":"https:\/\/www.hexis-graphics.com\/?page_id=790"},"modified":"2017-11-30T16:05:57","modified_gmt":"2017-11-30T16:05:57","slug":"profils-icc","status":"publish","type":"page","link":"https:\/\/www.hexis-graphics.com\/fr\/supports\/impression-numerique\/profils-icc\/","title":{"rendered":"Profils ICC"},"content":{"rendered":"<h2 class=\"borderRed\">Limitation d&rsquo;utilisation<\/h2>\n<p>Dans une volont\u00e9 de service et soucieux de vous offrir un rendu optimal sur nos supports d&rsquo;impression, Hexis souhaite vous fournir les outils et conseils n\u00e9cessaires \u00e0 la bonne utilisation de ses produits.<\/p>\n<p>Ces profils ICC vous sont fournis \u00e0 titre gracieux.<\/p>\n<p>Hexis d\u00e9cline toute responsabilit\u00e9 li\u00e9e aux cons\u00e9quences directes ou indirectes de l\u2019installation et de l\u2019utilisation de ces profils ICC.<\/p>\n<p>L\u2019utilisateur est seul et pleinement responsable de la qualit\u00e9 d\u2019impression et de la pr\u00e9cision colorim\u00e9trique obtenue \u00e0 l\u2019aide de ces derniers.<br \/>\nCes profils ont \u00e9t\u00e9 d\u00e9velopp\u00e9s par nos sp\u00e9cialistes en colorim\u00e9trie du d\u00e9partement imagerie num\u00e9rique. Ils ne sont exacts que pour un illuminant donn\u00e9 (illuminant normalis\u00e9), pour l\u2019imprimante \u00e0 l\u2019aide de laquelle ils ont \u00e9t\u00e9 d\u00e9velopp\u00e9s, et pour les conditions de temp\u00e9rature ambiante et d\u2019humidit\u00e9 relative correspondants \u00e0 leur cr\u00e9ation. En effet certains param\u00e8tres peuvent changer d\u2019une imprimante \u00e0 l\u2019autre, mais aussi relativement aux conditions d\u2019environnements, avec des cons\u00e9quences importantes sur la qualit\u00e9 d\u2019impression.<\/p>\n<p>L\u2019utilisateur doit \u00e9galement avoir conscience qu\u2019un profil ICC de p\u00e9riph\u00e9rique de sortie ne fonctionne pas seul. Ce n\u2019est qu\u2019un outil parmi d\u2019autres dans la cha\u00eene graphique num\u00e9rique permettant d\u2019arriver \u00e0 une ma\u00eetrise de la couleur, et sa bonne utilisation n\u00e9cessite de solides connaissances en gestion des couleurs.<\/p>\n<p>Pour plus d\u2019informations sur la bonne utilisation de ces profils et de ce que l\u2019on peut en attendre, vous pouvez consulter notre fiche d\u2019aide \u00ab De la bonne utilisation des profils ICC \u00bb ci-contre.<\/p>\n","protected":false},"excerpt":{"rendered":"<p>Limitation d&rsquo;utilisation Dans une volont\u00e9 de service et soucieux de vous offrir un rendu optimal sur nos supports d&rsquo;impression, Hexis souhaite vous fournir les outils et conseils n\u00e9cessaires \u00e0 la bonne utilisation de ses produits. Ces profils ICC vous sont fournis \u00e0 titre gracieux. Hexis d\u00e9cline toute responsabilit\u00e9 li\u00e9e aux cons\u00e9quences directes ou indirectes de [&hellip;]<\/p>\n","protected":false},"author":1,"featured_media":0,"parent":1639,"menu_order":0,"comment_status":"closed","ping_status":"closed","template":"page-icc.php","meta":{"footnotes":""},"class_list":["post-790","page","type-page","status-publish","hentry"],"yoast_head":"<!-- This site is optimized with the Yoast SEO plugin v26.9 - https:\/\/yoast.com\/product\/yoast-seo-wordpress\/ -->\n<title>Profils ICC - HEXIS Graphics<\/title>\n<meta name=\"robots\" content=\"index, follow, max-snippet:-1, max-image-preview:large, max-video-preview:-1\" \/>\n<link rel=\"canonical\" href=\"https:\/\/www.hexis-graphics.com\/fr\/supports\/impression-numerique\/profils-icc\/\" \/>\n<meta property=\"og:locale\" content=\"fr_FR\" \/>\n<meta property=\"og:type\" content=\"article\" \/>\n<meta property=\"og:title\" content=\"Profils ICC - HEXIS Graphics\" \/>\n<meta property=\"og:description\" content=\"Limitation d&rsquo;utilisation Dans une volont\u00e9 de service et soucieux de vous offrir un rendu optimal sur nos supports d&rsquo;impression, Hexis souhaite vous fournir les outils et conseils n\u00e9cessaires \u00e0 la bonne utilisation de ses produits. Ces profils ICC vous sont fournis \u00e0 titre gracieux. Hexis d\u00e9cline toute responsabilit\u00e9 li\u00e9e aux cons\u00e9quences directes ou indirectes de [&hellip;]\" \/>\n<meta property=\"og:url\" content=\"https:\/\/www.hexis-graphics.com\/fr\/supports\/impression-numerique\/profils-icc\/\" \/>\n<meta property=\"og:site_name\" content=\"HEXIS Graphics\" \/>\n<meta property=\"article:publisher\" content=\"https:\/\/www.facebook.com\/hexisgraphics\" \/>\n<meta property=\"article:modified_time\" content=\"2017-11-30T16:05:57+00:00\" \/>\n<meta property=\"og:image\" content=\"https:\/\/www.hexis-graphics.com\/hexisgraphics\/2016\/05\/logo_HEXIS.jpg\" \/>\n\t<meta property=\"og:image:width\" content=\"250\" \/>\n\t<meta property=\"og:image:height\" content=\"107\" \/>\n\t<meta property=\"og:image:type\" content=\"image\/jpeg\" \/>\n<meta name=\"twitter:card\" content=\"summary_large_image\" \/>\n<meta name=\"twitter:site\" content=\"@hexisgraphics\" \/>\n<meta name=\"twitter:label1\" content=\"Dur\u00e9e de lecture estim\u00e9e\" \/>\n\t<meta name=\"twitter:data1\" content=\"1 minute\" \/>\n<script type=\"application\/ld+json\" class=\"yoast-schema-graph\">{\"@context\":\"https:\/\/schema.org\",\"@graph\":[{\"@type\":\"WebPage\",\"@id\":\"https:\/\/www.hexis-graphics.com\/fr\/supports\/impression-numerique\/profils-icc\/\",\"url\":\"https:\/\/www.hexis-graphics.com\/fr\/supports\/impression-numerique\/profils-icc\/\",\"name\":\"Profils ICC - HEXIS Graphics\",\"isPartOf\":{\"@id\":\"https:\/\/www.hexis-graphics.com\/fr\/#website\"},\"datePublished\":\"2015-06-19T07:40:18+00:00\",\"dateModified\":\"2017-11-30T16:05:57+00:00\",\"breadcrumb\":{\"@id\":\"https:\/\/www.hexis-graphics.com\/fr\/supports\/impression-numerique\/profils-icc\/#breadcrumb\"},\"inLanguage\":\"fr-FR\",\"potentialAction\":[{\"@type\":\"ReadAction\",\"target\":[\"https:\/\/www.hexis-graphics.com\/fr\/supports\/impression-numerique\/profils-icc\/\"]}]},{\"@type\":\"BreadcrumbList\",\"@id\":\"https:\/\/www.hexis-graphics.com\/fr\/supports\/impression-numerique\/profils-icc\/#breadcrumb\",\"itemListElement\":[{\"@type\":\"ListItem\",\"position\":1,\"name\":\"Accueil\",\"item\":\"https:\/\/www.hexis-graphics.com\/fr\/\"},{\"@type\":\"ListItem\",\"position\":2,\"name\":\"Espace PRO\",\"item\":\"https:\/\/www.hexis-graphics.com\/fr\/supports\/\"},{\"@type\":\"ListItem\",\"position\":3,\"name\":\"Impression num\u00e9rique\",\"item\":\"https:\/\/www.hexis-graphics.com\/fr\/supports\/impression-numerique\/\"},{\"@type\":\"ListItem\",\"position\":4,\"name\":\"Profils ICC\"}]},{\"@type\":\"WebSite\",\"@id\":\"https:\/\/www.hexis-graphics.com\/fr\/#website\",\"url\":\"https:\/\/www.hexis-graphics.com\/fr\/\",\"name\":\"HEXIS Graphics\",\"description\":\"Manufacturer of self-adhesive films\",\"publisher\":{\"@id\":\"https:\/\/www.hexis-graphics.com\/fr\/#organization\"},\"potentialAction\":[{\"@type\":\"SearchAction\",\"target\":{\"@type\":\"EntryPoint\",\"urlTemplate\":\"https:\/\/www.hexis-graphics.com\/fr\/?s={search_term_string}\"},\"query-input\":{\"@type\":\"PropertyValueSpecification\",\"valueRequired\":true,\"valueName\":\"search_term_string\"}}],\"inLanguage\":\"fr-FR\"},{\"@type\":\"Organization\",\"@id\":\"https:\/\/www.hexis-graphics.com\/fr\/#organization\",\"name\":\"HEXIS Graphics\",\"url\":\"https:\/\/www.hexis-graphics.com\/fr\/\",\"logo\":{\"@type\":\"ImageObject\",\"inLanguage\":\"fr-FR\",\"@id\":\"https:\/\/www.hexis-graphics.com\/fr\/#\/schema\/logo\/image\/\",\"url\":\"https:\/\/www.hexis-graphics.com\/hexisgraphics\/2016\/05\/logo_HEXIS.jpg\",\"contentUrl\":\"https:\/\/www.hexis-graphics.com\/hexisgraphics\/2016\/05\/logo_HEXIS.jpg\",\"width\":250,\"height\":107,\"caption\":\"HEXIS Graphics\"},\"image\":{\"@id\":\"https:\/\/www.hexis-graphics.com\/fr\/#\/schema\/logo\/image\/\"},\"sameAs\":[\"https:\/\/www.facebook.com\/hexisgraphics\",\"https:\/\/x.com\/hexisgraphics\",\"https:\/\/www.instagram.com\/hexisgraphics\/\",\"https:\/\/fr.linkedin.com\/company\/hexis-s-a-\",\"https:\/\/www.youtube.com\/user\/HEXISSA\"]}]}<\/script>\n<!-- \/ Yoast SEO plugin. -->","yoast_head_json":{"title":"Profils ICC - HEXIS Graphics","robots":{"index":"index","follow":"follow","max-snippet":"max-snippet:-1","max-image-preview":"max-image-preview:large","max-video-preview":"max-video-preview:-1"},"canonical":"https:\/\/www.hexis-graphics.com\/fr\/supports\/impression-numerique\/profils-icc\/","og_locale":"fr_FR","og_type":"article","og_title":"Profils ICC - HEXIS Graphics","og_description":"Limitation d&rsquo;utilisation Dans une volont\u00e9 de service et soucieux de vous offrir un rendu optimal sur nos supports d&rsquo;impression, Hexis souhaite vous fournir les outils et conseils n\u00e9cessaires \u00e0 la bonne utilisation de ses produits. Ces profils ICC vous sont fournis \u00e0 titre gracieux. Hexis d\u00e9cline toute responsabilit\u00e9 li\u00e9e aux cons\u00e9quences directes ou indirectes de [&hellip;]","og_url":"https:\/\/www.hexis-graphics.com\/fr\/supports\/impression-numerique\/profils-icc\/","og_site_name":"HEXIS Graphics","article_publisher":"https:\/\/www.facebook.com\/hexisgraphics","article_modified_time":"2017-11-30T16:05:57+00:00","og_image":[{"width":250,"height":107,"url":"https:\/\/www.hexis-graphics.com\/hexisgraphics\/2016\/05\/logo_HEXIS.jpg","type":"image\/jpeg"}],"twitter_card":"summary_large_image","twitter_site":"@hexisgraphics","twitter_misc":{"Dur\u00e9e de lecture estim\u00e9e":"1 minute"},"schema":{"@context":"https:\/\/schema.org","@graph":[{"@type":"WebPage","@id":"https:\/\/www.hexis-graphics.com\/fr\/supports\/impression-numerique\/profils-icc\/","url":"https:\/\/www.hexis-graphics.com\/fr\/supports\/impression-numerique\/profils-icc\/","name":"Profils ICC - HEXIS Graphics","isPartOf":{"@id":"https:\/\/www.hexis-graphics.com\/fr\/#website"},"datePublished":"2015-06-19T07:40:18+00:00","dateModified":"2017-11-30T16:05:57+00:00","breadcrumb":{"@id":"https:\/\/www.hexis-graphics.com\/fr\/supports\/impression-numerique\/profils-icc\/#breadcrumb"},"inLanguage":"fr-FR","potentialAction":[{"@type":"ReadAction","target":["https:\/\/www.hexis-graphics.com\/fr\/supports\/impression-numerique\/profils-icc\/"]}]},{"@type":"BreadcrumbList","@id":"https:\/\/www.hexis-graphics.com\/fr\/supports\/impression-numerique\/profils-icc\/#breadcrumb","itemListElement":[{"@type":"ListItem","position":1,"name":"Accueil","item":"https:\/\/www.hexis-graphics.com\/fr\/"},{"@type":"ListItem","position":2,"name":"Espace PRO","item":"https:\/\/www.hexis-graphics.com\/fr\/supports\/"},{"@type":"ListItem","position":3,"name":"Impression num\u00e9rique","item":"https:\/\/www.hexis-graphics.com\/fr\/supports\/impression-numerique\/"},{"@type":"ListItem","position":4,"name":"Profils ICC"}]},{"@type":"WebSite","@id":"https:\/\/www.hexis-graphics.com\/fr\/#website","url":"https:\/\/www.hexis-graphics.com\/fr\/","name":"HEXIS Graphics","description":"Manufacturer of self-adhesive films","publisher":{"@id":"https:\/\/www.hexis-graphics.com\/fr\/#organization"},"potentialAction":[{"@type":"SearchAction","target":{"@type":"EntryPoint","urlTemplate":"https:\/\/www.hexis-graphics.com\/fr\/?s={search_term_string}"},"query-input":{"@type":"PropertyValueSpecification","valueRequired":true,"valueName":"search_term_string"}}],"inLanguage":"fr-FR"},{"@type":"Organization","@id":"https:\/\/www.hexis-graphics.com\/fr\/#organization","name":"HEXIS Graphics","url":"https:\/\/www.hexis-graphics.com\/fr\/","logo":{"@type":"ImageObject","inLanguage":"fr-FR","@id":"https:\/\/www.hexis-graphics.com\/fr\/#\/schema\/logo\/image\/","url":"https:\/\/www.hexis-graphics.com\/hexisgraphics\/2016\/05\/logo_HEXIS.jpg","contentUrl":"https:\/\/www.hexis-graphics.com\/hexisgraphics\/2016\/05\/logo_HEXIS.jpg","width":250,"height":107,"caption":"HEXIS Graphics"},"image":{"@id":"https:\/\/www.hexis-graphics.com\/fr\/#\/schema\/logo\/image\/"},"sameAs":["https:\/\/www.facebook.com\/hexisgraphics","https:\/\/x.com\/hexisgraphics","https:\/\/www.instagram.com\/hexisgraphics\/","https:\/\/fr.linkedin.com\/company\/hexis-s-a-","https:\/\/www.youtube.com\/user\/HEXISSA"]}]}},"_links":{"self":[{"href":"https:\/\/www.hexis-graphics.com\/fr\/wp-json\/wp\/v2\/pages\/790","targetHints":{"allow":["GET"]}}],"collection":[{"href":"https:\/\/www.hexis-graphics.com\/fr\/wp-json\/wp\/v2\/pages"}],"about":[{"href":"https:\/\/www.hexis-graphics.com\/fr\/wp-json\/wp\/v2\/types\/page"}],"author":[{"embeddable":true,"href":"https:\/\/www.hexis-graphics.com\/fr\/wp-json\/wp\/v2\/users\/1"}],"replies":[{"embeddable":true,"href":"https:\/\/www.hexis-graphics.com\/fr\/wp-json\/wp\/v2\/comments?post=790"}],"version-history":[{"count":2,"href":"https:\/\/www.hexis-graphics.com\/fr\/wp-json\/wp\/v2\/pages\/790\/revisions"}],"predecessor-version":[{"id":21752,"href":"https:\/\/www.hexis-graphics.com\/fr\/wp-json\/wp\/v2\/pages\/790\/revisions\/21752"}],"up":[{"embeddable":true,"href":"https:\/\/www.hexis-graphics.com\/fr\/wp-json\/wp\/v2\/pages\/1639"}],"wp:attachment":[{"href":"https:\/\/www.hexis-graphics.com\/fr\/wp-json\/wp\/v2\/media?parent=790"}],"curies":[{"name":"wp","href":"https:\/\/api.w.org\/{rel}","templated":true}]}}