{"id":756,"date":"2015-05-20T16:13:48","date_gmt":"2015-05-20T16:13:48","guid":{"rendered":"https:\/\/www.hexis-graphics.com\/?page_id=756"},"modified":"2021-01-27T16:19:05","modified_gmt":"2021-01-27T16:19:05","slug":"recherche-developpement","status":"publish","type":"page","link":"https:\/\/www.hexis-graphics.com\/fr\/societe\/recherche-developpement\/","title":{"rendered":"Recherche &#038; D\u00e9veloppement"},"content":{"rendered":"<section>\n<div class=\"section row\">\n<div class=\"container-full\">\n<div class=\"col four tablet-full mobile-full\">\n<h2 class=\"borderRed\">La recherche et l&rsquo;innovation constituent des \u00e9l\u00e9ments cl\u00e9s de notre strat\u00e9gie<\/h2>\n<h3 class=\"silver  marginleft16\"><\/h3>\n<\/div>\n<div class=\"col eight tablet-full mobile-full silver margintop40\">\n<p>HEXIS S.A.S. est un acteur majeur du march\u00e9 de la production et de l&rsquo;adh\u00e9sivage de films destin\u00e9s \u00e0 la communication visuelle. L&rsquo;entreprise a f\u00eat\u00e9 ses 30 ans d&rsquo;innovation en 2019 !<\/p>\n<p>L&rsquo;entreprise est sp\u00e9cialis\u00e9e dans les films auto-adh\u00e9sifs PVC, PU et latex coul\u00e9s haut de gamme et d\u00e9veloppe de fa\u00e7on innovante des gammes de produits destin\u00e9s aux professionnels de l&rsquo;impression num\u00e9rique, peintres en lettres, signal\u00e9ticiens et soci\u00e9t\u00e9s sp\u00e9cialis\u00e9es dans le marquage textile.<\/p>\n<p>Depuis quelques ann\u00e9es d\u00e9j\u00e0 HEXIS commercialise toute une gamme de produit afin de r\u00e9pondre \u00e0 des projets industriels.<\/p>\n<\/div>\n<div class=\"clear\"><\/div>\n<\/div>\n<\/div>\n<\/section>\n<section>\n<div class=\"section bg-silver\">\n<div class=\"container-full\">\n<div class=\"col eight tablet-six mobile-full\">\n<iframe src=\"https:\/\/player.vimeo.com\/video\/162560142\" width=\"100%\" height=\"400px\" frameborder=\"0\" webkitallowfullscreen mozallowfullscreen allowfullscreen style=\"max-width:710px;\"><\/iframe>\n<\/div>\n<div class=\"col four tablet-six mobile-full margintop30\">\n<h4>Innovation, croissance et comp\u00e9titivit\u00e9<\/h4>\n<p class=\"silver\">L&rsquo;innovation constante dans le domaine des adh\u00e9sifs, des films coul\u00e9s et calandr\u00e9s a toujours \u00e9t\u00e9 le vrai moteur de la croissance chez HEXIS. A cette fin, nous travaillons \u00e0 l&rsquo;am\u00e9lioration de la qualit\u00e9 de nos produits, de nos process et bien entendu continuons le d\u00e9veloppement de notre outil de production.<\/p>\n<h4>D\u00e9veloppement de l&rsquo;outil de production<\/h4>\n<p class=\"silver\"> Afin d&rsquo;\u00e9tendre nos capacit\u00e9s de production, nous avons investi dans un deuxi\u00e8me site de production \u00e0 Hagetmau dans les Landes. Actuellement 7,8 M\u20ac ont d\u00e9j\u00e0 \u00e9t\u00e9 investis et nous envisageons une deuxi\u00e8me tranche d&rsquo;investissements pour un montant de 7 M\u20ac.<\/p>\n<\/div>\n<div class=\"clear\"><\/div>\n<\/div>\n<\/div>\n<\/section>\n<section>\n<div class=\"section row\">\n<div class=\"container-full\">\n<div class=\"col four tablet-full mobile-full\">\n<h2 class=\"borderRed\">Les laboratoires<\/h2>\n<h3 class=\"silver\">HEXIS consacre 3 % de son C.A. en R&#038;D et emploie 20 personnes dans ses laboratoires.<\/h3>\n<\/div>\n<div class=\"col four tablet-full mobile-full margintop40\">\n<p>Les laboratoires assurent une partie du contr\u00f4le qualit\u00e9 des mati\u00e8res premi\u00e8res, des produits semi-finis en cours de production ainsi que du produit final au sortir de la cha\u00eene de production.<br \/>Les valeurs mesur\u00e9es, vitales pour les performances du produit et pour les films adh\u00e9sifs, comprennent essentiellement:<\/p>\n<\/div>\n<div class=\"col four tablet-full mobile-full margintop30\">\n<ul>\n<li>L&rsquo;\u00e9longation et la force \u00e0 la rupture<\/li>\n<li>La conformit\u00e9 de la couleur<\/li>\n<li>La rugosit\u00e9 de la surface<\/li>\n<li>La force de pelage<\/li>\n<li>L&rsquo;adh\u00e9sion imm\u00e9diate (le \u00ab tack \u00bb)<\/li>\n<li>L&rsquo;adh\u00e9sion finale sur le support<\/li>\n<li>La stabilit\u00e9 dans le temps (en \u00e9tuve et \u00ab QUV \u00bb)<\/li>\n<\/ul>\n<\/div>\n<div class=\"clear\"><\/div>\n<\/div>\n<\/div>\n<\/section>\n<section>\n<div class=\"section row\">\n<div class=\"container-full\">\n<h2 class=\"borderRed\">Les innovations majeures<\/h2>\n<\/div>\n<div class=\"container-full\">\n<div class=\"col six tablet-full mobile-full\">\n<p>Notre laboratoire R&#038;D est tr\u00e8s actif dans le d\u00e9veloppement de nos gammes de films coul\u00e9s de DAO et imprimables ainsi que dans la mise au point de nouveaut\u00e9s majeures. Ces travaux de recherche ont amen\u00e9 des \u00e9volutions majeures dans les domaines des adh\u00e9sifs.<\/p>\n<p>HEXIS a lanc\u00e9 en 2006 une nouvelle technologie d&rsquo;adh\u00e9sif le \u00ab HEX&rsquo;Press\u00bb, facilitant la pose de films adh\u00e9siv\u00e9s sur un support gr\u00e2ce \u00e0 un syst\u00e8me d&rsquo;\u00e9vacuation des bulles d&rsquo;air. En \u00e9vitant les plis et les bulles, ce produit r\u00e9duit consid\u00e9rablement le temps de pose tout en offrant un rendu parfait des visuels sur le support.<br \/>\n\u00c9galement en 2006, le laboratoire a d\u00e9velopp\u00e9 un film coul\u00e9, le \u00ab\u202fCast\u202f\u00bb, proc\u00e9d\u00e9 original qui permet d&rsquo;obtenir un film PVC extr\u00eamement conformable et ultrafin (30 \u00e0 80 \u202f\u00b5m). Il a permis au groupe de conqu\u00e9rir de nouvelles parts du march\u00e9 mondial de supports adh\u00e9sifs pour le \u00ab Total Covering \u00bb, op\u00e9ration qui consiste \u00e0 recouvrir int\u00e9gralement un v\u00e9hicule avec un film imprim\u00e9.<\/p>\n<p>Depuis plus de 10 ans, afin d&rsquo;apporter une solution aux probl\u00e9matiques de maintenance des fabricants et des op\u00e9rateurs de transports public, HEXIS a con\u00e7u toute une gamme de films adh\u00e9sifs comme alternative \u00e0 la peinture. Ces solutions permettent un gain de temps lors de la mise en \u0153uvre et incluent des propri\u00e9t\u00e9s de protection de surfaces (anti-rayures, anti-graffiti\u2026). Ainsi, les rames des m\u00e9tros de Paris et de Londres mais aussi les voitures de nombreux TGV, trains r\u00e9gionaux et tramways en France et \u00e0 l&rsquo;\u00e9tranger sont habill\u00e9s en HEXIS, permettant \u00e0 la fois coh\u00e9rence esth\u00e9tique et protection contre les d\u00e9gradations.<\/p>\n<p>En 2008 c&rsquo;est un film antimicrobien PUREZONE qui voit le jour, permettant de lutter contre la prolif\u00e9ration des bact\u00e9ries dans les lieux publics, les h\u00f4pitaux\u2026<\/p>\n<p>En 2010, HEXIS lance sa propre gamme de films pour le marquage textile avec la gamme Cutflex de DAO et la gamme Printflex des films imprimables.<\/p>\n<\/div>\n<div class=\"col six tablet-full mobile-full silver\">\n<p>Tous les jours nos coloristes cr\u00e9ent  les couleurs \u00e0 la demande des clients et inventent les couleurs de demain.<\/p>\n<p>En 2014, leur r\u00f4le aura principalement \u00e9t\u00e9 d&rsquo;adapter nos p\u00e2tes pigmentaires pour assurer leur conformit\u00e9 \u00e0 la r\u00e9glementation Reach.<\/p>\n<p>Ces derni\u00e8res ann\u00e9es, le d\u00e9veloppement de gammes de produits \u00e9cologiques se poursuit avec le lancement d&rsquo;une g\u00e9n\u00e9ration de films fabriqu\u00e9s \u00e0 partir d&rsquo;\u00e9mulsions aqueuses (latex, PU, etc.). Ces films sans PVC destin\u00e9s \u00e0 la communication visuelle haut de gamme r\u00e9pondent aux plus strictes exigences du d\u00e9veloppement durable. La nouvelle technologie de production sur base aqueuse r\u00e9duit de 70% la quantit\u00e9 de solvants utilis\u00e9s lors de la fabrication. Ces produits en conformit\u00e9 avec la r\u00e9glementation ne contiennent ni chlore, ni phtalates, ni m\u00e9taux lourds.<\/p>\n<p>En 2010, HEXIS est s\u00e9lectionn\u00e9 comme Laur\u00e9at r\u00e9gional des Troph\u00e9es INPI de l&rsquo;innovation. Les Troph\u00e9es INPI de l&rsquo;innovation se donnent comme objectif de r\u00e9compenser les entreprises qui pr\u00e9sentent notamment une bonne croissance \u00e9conomique et qui utilisent la propri\u00e9t\u00e9 industrielle dans leur strat\u00e9gie de d\u00e9veloppement.<\/p>\n<p>En 2014 HEXIS re\u00e7oit, \u00e0 l&rsquo;occasion du FESPA, deux EDP (European Digital Press) Awards pour le HX190WG2, un film coul\u00e9 multicouche destin\u00e9 \u00e0 l&rsquo;impression num\u00e9rique, et le HFLEX100P, un film Flex sans PVC destin\u00e9 au marquage de textiles.<\/p>\n<p>Gr\u00e2ce \u00e0 cette diversification et \u00e0 la forte valeur ajout\u00e9e que repr\u00e9sentent les films techniques, HEXIS a relev\u00e9 les d\u00e9fis de la mondialisation et exporte aujourd&rsquo;hui la moiti\u00e9 de sa production dans le monde entier par le biais de ses filiales et de cinquante distributeurs qui sont g\u00e9r\u00e9s par le service export.<\/p>\n<\/div>\n<div class=\"clear\"><\/div>\n<\/div>\n<\/div>\n<\/section>\n","protected":false},"excerpt":{"rendered":"<p>La recherche et l&rsquo;innovation constituent des \u00e9l\u00e9ments cl\u00e9s de notre strat\u00e9gie HEXIS S.A.S. est un acteur majeur du march\u00e9 de la production et de l&rsquo;adh\u00e9sivage de films destin\u00e9s \u00e0 la communication visuelle. L&rsquo;entreprise a f\u00eat\u00e9 ses 30 ans d&rsquo;innovation en 2019 ! L&rsquo;entreprise est sp\u00e9cialis\u00e9e dans les films auto-adh\u00e9sifs PVC, PU et latex coul\u00e9s haut [&hellip;]<\/p>\n","protected":false},"author":1,"featured_media":0,"parent":4943,"menu_order":20,"comment_status":"closed","ping_status":"closed","template":"page-hexis.php","meta":{"footnotes":""},"class_list":["post-756","page","type-page","status-publish","hentry"],"yoast_head":"<!-- This site is optimized with the Yoast SEO plugin v26.9 - https:\/\/yoast.com\/product\/yoast-seo-wordpress\/ -->\n<title>Recherche &amp; D\u00e9veloppement - HEXIS Graphics<\/title>\n<meta name=\"robots\" content=\"index, follow, max-snippet:-1, max-image-preview:large, max-video-preview:-1\" \/>\n<link rel=\"canonical\" href=\"https:\/\/www.hexis-graphics.com\/fr\/societe\/recherche-developpement\/\" \/>\n<meta property=\"og:locale\" content=\"fr_FR\" \/>\n<meta property=\"og:type\" content=\"article\" \/>\n<meta property=\"og:title\" content=\"Recherche &amp; D\u00e9veloppement - HEXIS Graphics\" \/>\n<meta property=\"og:description\" content=\"La recherche et l&rsquo;innovation constituent des \u00e9l\u00e9ments cl\u00e9s de notre strat\u00e9gie HEXIS S.A.S. est un acteur majeur du march\u00e9 de la production et de l&rsquo;adh\u00e9sivage de films destin\u00e9s \u00e0 la communication visuelle. L&rsquo;entreprise a f\u00eat\u00e9 ses 30 ans d&rsquo;innovation en 2019 ! L&rsquo;entreprise est sp\u00e9cialis\u00e9e dans les films auto-adh\u00e9sifs PVC, PU et latex coul\u00e9s haut [&hellip;]\" \/>\n<meta property=\"og:url\" content=\"https:\/\/www.hexis-graphics.com\/fr\/societe\/recherche-developpement\/\" \/>\n<meta property=\"og:site_name\" content=\"HEXIS Graphics\" \/>\n<meta property=\"article:publisher\" content=\"https:\/\/www.facebook.com\/hexisgraphics\" \/>\n<meta property=\"article:modified_time\" content=\"2021-01-27T16:19:05+00:00\" \/>\n<meta property=\"og:image\" content=\"https:\/\/www.hexis-graphics.com\/hexisgraphics\/2016\/05\/logo_HEXIS.jpg\" \/>\n\t<meta property=\"og:image:width\" content=\"250\" \/>\n\t<meta property=\"og:image:height\" content=\"107\" \/>\n\t<meta property=\"og:image:type\" content=\"image\/jpeg\" \/>\n<meta name=\"twitter:card\" content=\"summary_large_image\" \/>\n<meta name=\"twitter:site\" content=\"@hexisgraphics\" \/>\n<meta name=\"twitter:label1\" content=\"Dur\u00e9e de lecture estim\u00e9e\" \/>\n\t<meta name=\"twitter:data1\" content=\"5 minutes\" \/>\n<script type=\"application\/ld+json\" class=\"yoast-schema-graph\">{\"@context\":\"https:\/\/schema.org\",\"@graph\":[{\"@type\":\"WebPage\",\"@id\":\"https:\/\/www.hexis-graphics.com\/fr\/societe\/recherche-developpement\/\",\"url\":\"https:\/\/www.hexis-graphics.com\/fr\/societe\/recherche-developpement\/\",\"name\":\"Recherche & D\u00e9veloppement - HEXIS Graphics\",\"isPartOf\":{\"@id\":\"https:\/\/www.hexis-graphics.com\/fr\/#website\"},\"datePublished\":\"2015-05-20T16:13:48+00:00\",\"dateModified\":\"2021-01-27T16:19:05+00:00\",\"breadcrumb\":{\"@id\":\"https:\/\/www.hexis-graphics.com\/fr\/societe\/recherche-developpement\/#breadcrumb\"},\"inLanguage\":\"fr-FR\",\"potentialAction\":[{\"@type\":\"ReadAction\",\"target\":[\"https:\/\/www.hexis-graphics.com\/fr\/societe\/recherche-developpement\/\"]}]},{\"@type\":\"BreadcrumbList\",\"@id\":\"https:\/\/www.hexis-graphics.com\/fr\/societe\/recherche-developpement\/#breadcrumb\",\"itemListElement\":[{\"@type\":\"ListItem\",\"position\":1,\"name\":\"Accueil\",\"item\":\"https:\/\/www.hexis-graphics.com\/fr\/\"},{\"@type\":\"ListItem\",\"position\":2,\"name\":\"HEXIS\",\"item\":\"https:\/\/www.hexis-graphics.com\/fr\/societe\/\"},{\"@type\":\"ListItem\",\"position\":3,\"name\":\"Recherche &#038; D\u00e9veloppement\"}]},{\"@type\":\"WebSite\",\"@id\":\"https:\/\/www.hexis-graphics.com\/fr\/#website\",\"url\":\"https:\/\/www.hexis-graphics.com\/fr\/\",\"name\":\"HEXIS Graphics\",\"description\":\"Manufacturer of self-adhesive films\",\"publisher\":{\"@id\":\"https:\/\/www.hexis-graphics.com\/fr\/#organization\"},\"potentialAction\":[{\"@type\":\"SearchAction\",\"target\":{\"@type\":\"EntryPoint\",\"urlTemplate\":\"https:\/\/www.hexis-graphics.com\/fr\/?s={search_term_string}\"},\"query-input\":{\"@type\":\"PropertyValueSpecification\",\"valueRequired\":true,\"valueName\":\"search_term_string\"}}],\"inLanguage\":\"fr-FR\"},{\"@type\":\"Organization\",\"@id\":\"https:\/\/www.hexis-graphics.com\/fr\/#organization\",\"name\":\"HEXIS Graphics\",\"url\":\"https:\/\/www.hexis-graphics.com\/fr\/\",\"logo\":{\"@type\":\"ImageObject\",\"inLanguage\":\"fr-FR\",\"@id\":\"https:\/\/www.hexis-graphics.com\/fr\/#\/schema\/logo\/image\/\",\"url\":\"https:\/\/www.hexis-graphics.com\/hexisgraphics\/2016\/05\/logo_HEXIS.jpg\",\"contentUrl\":\"https:\/\/www.hexis-graphics.com\/hexisgraphics\/2016\/05\/logo_HEXIS.jpg\",\"width\":250,\"height\":107,\"caption\":\"HEXIS Graphics\"},\"image\":{\"@id\":\"https:\/\/www.hexis-graphics.com\/fr\/#\/schema\/logo\/image\/\"},\"sameAs\":[\"https:\/\/www.facebook.com\/hexisgraphics\",\"https:\/\/x.com\/hexisgraphics\",\"https:\/\/www.instagram.com\/hexisgraphics\/\",\"https:\/\/fr.linkedin.com\/company\/hexis-s-a-\",\"https:\/\/www.youtube.com\/user\/HEXISSA\"]}]}<\/script>\n<!-- \/ Yoast SEO plugin. -->","yoast_head_json":{"title":"Recherche & D\u00e9veloppement - HEXIS Graphics","robots":{"index":"index","follow":"follow","max-snippet":"max-snippet:-1","max-image-preview":"max-image-preview:large","max-video-preview":"max-video-preview:-1"},"canonical":"https:\/\/www.hexis-graphics.com\/fr\/societe\/recherche-developpement\/","og_locale":"fr_FR","og_type":"article","og_title":"Recherche & D\u00e9veloppement - HEXIS Graphics","og_description":"La recherche et l&rsquo;innovation constituent des \u00e9l\u00e9ments cl\u00e9s de notre strat\u00e9gie HEXIS S.A.S. est un acteur majeur du march\u00e9 de la production et de l&rsquo;adh\u00e9sivage de films destin\u00e9s \u00e0 la communication visuelle. L&rsquo;entreprise a f\u00eat\u00e9 ses 30 ans d&rsquo;innovation en 2019 ! L&rsquo;entreprise est sp\u00e9cialis\u00e9e dans les films auto-adh\u00e9sifs PVC, PU et latex coul\u00e9s haut [&hellip;]","og_url":"https:\/\/www.hexis-graphics.com\/fr\/societe\/recherche-developpement\/","og_site_name":"HEXIS Graphics","article_publisher":"https:\/\/www.facebook.com\/hexisgraphics","article_modified_time":"2021-01-27T16:19:05+00:00","og_image":[{"width":250,"height":107,"url":"https:\/\/www.hexis-graphics.com\/hexisgraphics\/2016\/05\/logo_HEXIS.jpg","type":"image\/jpeg"}],"twitter_card":"summary_large_image","twitter_site":"@hexisgraphics","twitter_misc":{"Dur\u00e9e de lecture estim\u00e9e":"5 minutes"},"schema":{"@context":"https:\/\/schema.org","@graph":[{"@type":"WebPage","@id":"https:\/\/www.hexis-graphics.com\/fr\/societe\/recherche-developpement\/","url":"https:\/\/www.hexis-graphics.com\/fr\/societe\/recherche-developpement\/","name":"Recherche & D\u00e9veloppement - HEXIS Graphics","isPartOf":{"@id":"https:\/\/www.hexis-graphics.com\/fr\/#website"},"datePublished":"2015-05-20T16:13:48+00:00","dateModified":"2021-01-27T16:19:05+00:00","breadcrumb":{"@id":"https:\/\/www.hexis-graphics.com\/fr\/societe\/recherche-developpement\/#breadcrumb"},"inLanguage":"fr-FR","potentialAction":[{"@type":"ReadAction","target":["https:\/\/www.hexis-graphics.com\/fr\/societe\/recherche-developpement\/"]}]},{"@type":"BreadcrumbList","@id":"https:\/\/www.hexis-graphics.com\/fr\/societe\/recherche-developpement\/#breadcrumb","itemListElement":[{"@type":"ListItem","position":1,"name":"Accueil","item":"https:\/\/www.hexis-graphics.com\/fr\/"},{"@type":"ListItem","position":2,"name":"HEXIS","item":"https:\/\/www.hexis-graphics.com\/fr\/societe\/"},{"@type":"ListItem","position":3,"name":"Recherche &#038; D\u00e9veloppement"}]},{"@type":"WebSite","@id":"https:\/\/www.hexis-graphics.com\/fr\/#website","url":"https:\/\/www.hexis-graphics.com\/fr\/","name":"HEXIS Graphics","description":"Manufacturer of self-adhesive films","publisher":{"@id":"https:\/\/www.hexis-graphics.com\/fr\/#organization"},"potentialAction":[{"@type":"SearchAction","target":{"@type":"EntryPoint","urlTemplate":"https:\/\/www.hexis-graphics.com\/fr\/?s={search_term_string}"},"query-input":{"@type":"PropertyValueSpecification","valueRequired":true,"valueName":"search_term_string"}}],"inLanguage":"fr-FR"},{"@type":"Organization","@id":"https:\/\/www.hexis-graphics.com\/fr\/#organization","name":"HEXIS Graphics","url":"https:\/\/www.hexis-graphics.com\/fr\/","logo":{"@type":"ImageObject","inLanguage":"fr-FR","@id":"https:\/\/www.hexis-graphics.com\/fr\/#\/schema\/logo\/image\/","url":"https:\/\/www.hexis-graphics.com\/hexisgraphics\/2016\/05\/logo_HEXIS.jpg","contentUrl":"https:\/\/www.hexis-graphics.com\/hexisgraphics\/2016\/05\/logo_HEXIS.jpg","width":250,"height":107,"caption":"HEXIS Graphics"},"image":{"@id":"https:\/\/www.hexis-graphics.com\/fr\/#\/schema\/logo\/image\/"},"sameAs":["https:\/\/www.facebook.com\/hexisgraphics","https:\/\/x.com\/hexisgraphics","https:\/\/www.instagram.com\/hexisgraphics\/","https:\/\/fr.linkedin.com\/company\/hexis-s-a-","https:\/\/www.youtube.com\/user\/HEXISSA"]}]}},"_links":{"self":[{"href":"https:\/\/www.hexis-graphics.com\/fr\/wp-json\/wp\/v2\/pages\/756","targetHints":{"allow":["GET"]}}],"collection":[{"href":"https:\/\/www.hexis-graphics.com\/fr\/wp-json\/wp\/v2\/pages"}],"about":[{"href":"https:\/\/www.hexis-graphics.com\/fr\/wp-json\/wp\/v2\/types\/page"}],"author":[{"embeddable":true,"href":"https:\/\/www.hexis-graphics.com\/fr\/wp-json\/wp\/v2\/users\/1"}],"replies":[{"embeddable":true,"href":"https:\/\/www.hexis-graphics.com\/fr\/wp-json\/wp\/v2\/comments?post=756"}],"version-history":[{"count":2,"href":"https:\/\/www.hexis-graphics.com\/fr\/wp-json\/wp\/v2\/pages\/756\/revisions"}],"predecessor-version":[{"id":33692,"href":"https:\/\/www.hexis-graphics.com\/fr\/wp-json\/wp\/v2\/pages\/756\/revisions\/33692"}],"up":[{"embeddable":true,"href":"https:\/\/www.hexis-graphics.com\/fr\/wp-json\/wp\/v2\/pages\/4943"}],"wp:attachment":[{"href":"https:\/\/www.hexis-graphics.com\/fr\/wp-json\/wp\/v2\/media?parent=756"}],"curies":[{"name":"wp","href":"https:\/\/api.w.org\/{rel}","templated":true}]}}