{"id":663,"date":"2015-05-18T15:12:55","date_gmt":"2015-05-18T15:12:55","guid":{"rendered":"https:\/\/www.hexis-graphics.com\/?page_id=663"},"modified":"2022-10-10T13:58:39","modified_gmt":"2022-10-10T13:58:39","slug":"durabilite","status":"publish","type":"page","link":"https:\/\/www.hexis-graphics.com\/fr\/supports\/durabilite\/","title":{"rendered":"Durabilit\u00e9"},"content":{"rendered":"<div style=\"text-align: center; background-color: #c90219; color: white; padding: 15px; margin-top: 10px;\">\n<p>R\u00c8GLES G\u00c9N\u00c9RALES DE CONVERSION DES DURABILIT\u00c9S INDICATIVES SELON LA ZONE G\u00c9OGRAPHIQUE<\/p>\n<h1 style=\"color: #ffffff !important;\">GAMME DAO, WRAPPING, IMN ET FILMS DE PROTECTION AUTOMOBILE<\/h1>\n<\/div>\n<div style=\"clear: both;\"><\/div>\n<div style=\"float: left;\"><button id=\"gf_button_get_form_5\" class=\"button-black button-background-mini\" style=\"float: left; margin-right: 10px; font-size: 13px; margin-top: 15px;\"><a style=\"padding: 0px;\" href=\"https:\/\/www.hexis-graphics.com\/hexisgraphics\/2022\/10\/durabilit\u00e9s-selon-zones-g\u00e9ographiques-FTP-fran\u00e7ais-076E.pdf\" target=\"_blank\" rel=\"noopener\">T\u00e9l\u00e9charger PDF &#8211; 124Kb<\/a><\/button><\/div>\n<div style=\"float: right;\"><span style=\"float: left; margin-right: 10px; font-size: 13px; margin-top: 15px;\">FTP.DAO.076E 10.22<\/span><\/div>\n<div style=\"clear: both;\"><\/div>\n<div style=\"text-align: justify;\">\n<h3 class=\"titreArticle\" style=\"text-decoration: underline;\">DURABILIT\u00c9S INDICATIVES :<\/h3>\n<p>Les durabilit\u00e9s indicatives(1) qui figurent sur les fiches techniques produits des gammes DAO, WRAPPING, IMN et FILMS DE PROTECTION AUTOMOBILE sont donn\u00e9es pour des films HEXIS non modifi\u00e9s, non transform\u00e9s, pour une exposition verticale (\u00b110\u00b0) en climat Europe Centrale (ce qui correspond \u00e0 la zone g\u00e9ographique 1). Les conditions de durabilit\u00e9 sont inh\u00e9rentes \u00e0 cette position \u00e0 quelques degr\u00e9s pr\u00e8s. Les autres positions accentuent les chocs climatiques et une alt\u00e9ration de brillance, de couleur, voire un l\u00e9ger poudrage peuvent appara\u00eetre. Une application sur capot de v\u00e9hicule est particuli\u00e8rement s\u00e9v\u00e8re, du fait de l\u2019exposition horizontale et de l\u2019\u00e9chauffement apport\u00e9 par le moteur.<\/p>\n<p>Le tableau ci-dessous pr\u00e9sente les formules de conversion permettant d\u2019estimer la durabilit\u00e9(1) pour une autre orientation et\/ou une autre zone g\u00e9ographique.<\/p>\n<table class=\"faq-table\" style=\"border: 2px solid; text-align: center; width: 100%; border-spacing: 0;\" border=\"1\">\n<thead>\n<tr>\n<td rowspan=\"2\"><\/td>\n<td style=\"text-align: center;\" colspan=\"3\">Zone 1<\/td>\n<td style=\"text-align: center;\" colspan=\"3\">Zone 2<\/td>\n<td style=\"text-align: center;\" colspan=\"3\">Zone 3<\/td>\n<\/tr>\n<tr>\n<td class=\"last\" style=\"background-color: darkgrey; padding: 2px; width: 10%;\">Vertical<\/td>\n<td class=\"last\" style=\"background-color: grey; padding: 2px; width: 10%;\">Non vertical<\/td>\n<td class=\"last\" style=\"background-color: #c90219; color: white; padding: 2px; width: 10%; border: 1px solid #000000;\">Horizontal<\/td>\n<td class=\"last\" style=\"background-color: darkgrey; padding: 2px; width: 10%;\">Verticale<\/td>\n<td class=\"last\" style=\"background-color: grey; padding: 2px; width: 10%;\">Non vertical<\/td>\n<td class=\"last\" style=\"background-color: #c90219; color: white; padding: 2px; width: 10%; border: 1px solid #000000;\">Horizontal<\/td>\n<td class=\"last\" style=\"background-color: darkgrey; padding: 2px; width: 10%;\">Verticale<\/td>\n<td class=\"last\" style=\"background-color: grey; padding: 2px; width: 10%;\">Non vertical<\/td>\n<td class=\"last\" style=\"background-color: #c90219; color: white; padding: 2px; width: 10%; border: 1px solid #000000;\">Horizontal<\/td>\n<\/tr>\n<\/thead>\n<tbody>\n<tr>\n<td class=\"first\" style=\"padding: 2px;\">Calcul des Durabilit\u00e9s Indicatives <sup>(1)<\/sup><\/td>\n<td style=\"background-color: darkgrey; padding: 2px; width: 15%;\">Durabilit\u00e9s indicatives figurants sur les fiches techniques produits (Di1)<\/td>\n<td style=\"background-color: grey; padding: 2px;\">Di1 * 0,50<\/td>\n<td style=\"background-color: #c90219; color: white; padding: 2px; border: 1px solid #000000;\">Di1 * 0,35<\/td>\n<td style=\"background-color: darkgrey; padding: 2px;\">Di1 * 0,65<\/td>\n<td style=\"background-color: grey; padding: 2px; ; border: 1px solid #000000;\">Di1 * 0,35<\/td>\n<td style=\"background-color: #c90219; color: white; padding: 2px; border: 1px solid #000000;\">Di1 * 0,15<\/td>\n<td style=\"background-color: darkgrey; padding: 2px;\">Di1 * 0,35<\/td>\n<td style=\"background-color: grey; padding: 2px; border: 1px solid #000000;\">Di1 * 0,15<\/td>\n<td style=\"background-color: #c90219; color: white; padding: 2px;\">Di1 * 0,10<\/td>\n<\/tr>\n<\/tbody>\n<\/table>\n<h2 style=\"text-decoration: underline; font-size: 14px; color: dimgrey; margin-top: 15px;\">D\u00c9FINITION DES ZONES CLIMATIQUES :<\/h2>\n<div class=\"row\" style=\"padding: 15px; margin-top: -45px;\">\n<div class=\"col four\">\n<h3 style=\"font-size: 14px; font-weight: bold; text-align: center;\">Zone g\u00e9ographique 1 :<\/h3>\n<p class=\"titreArticle\">Allemagne, Andorre, Arm\u00e9nie, Autriche, Azerbaijan, Bi\u00e9lorussie, Belgique, Bosnie-Herz\u00e9govine, Canada, Croatie, Danemark, Estonie, Etats-Unis d\u2019Am\u00e9rique (hors \u00e9tats cit\u00e9s en zone 2), Finlande, France m\u00e9tropolitaine, G\u00e9orgie, Groenland, Hongrie, Islande, Irlande, Italie (nord de Rome), Kazakhstan, Lettonie, Lichtenstein, Lituanie, Luxembourg, Moldavie, Mont\u00e9n\u00e9gro, Norv\u00e8ge, Pays-Bas, Pologne, R\u00e9p. Tch\u00e8que, Roumanie, Royaume-Uni, Russie, Serbie, Slovaquie, Slov\u00e9nie, Su\u00e8de, Suisse, Ukraine.<\/p>\n<\/div>\n<div class=\"col four\">\n<h3 style=\"font-size: 14px; font-weight: bold; text-align: center;\">Zone g\u00e9ographique 2 :<\/h3>\n<p class=\"titreArticle\">Afghanistan, Afrique du Sud, Albanie, Antilles (les), Argentine, Australie (Etats du sud), Bahamas, Bangladesh, Barbade, Belize, Bhoutan, Birmanie, Bolivie, Br\u00e9sil, Bulgarie, Cambodge, Cap vert, Chili, Chine, Chypre, Colombie, Cor\u00e9e, Costa Rica, Cr\u00e8te, Cuba, Espagne, Equateur, Etats-Unis d\u2019Am\u00e9rique (Etats d\u2019Arizona, Californie, Floride, Nevada, Nouveau Mexique, Texas, Utah), Fidji, FWI (Guadeloupe, Martinique\u2026), Gr\u00e8ce, Guatemala, Guyane, Ha\u00efti, Honduras, Inde, Indon\u00e9sie, Iles Cara\u00efbes, Italie (sud de Rome), Jama\u00efque, Japon, Kirghizstan, Laos, Lesotho, Mac\u00e9doine, Malaisie, Maldives (les), Malte, Mongolie, N\u00e9pal, Nicaragua, Nouvelle-Z\u00e9lande, Ouzb\u00e9kistan, Pakistan, Panama, Papouasie-Nouvelle-Guin\u00e9e, Paraguay, P\u00e9rou, Philippines, Polyn\u00e9sie, Porto Rico, Portugal, R\u00e9p. coop\u00e9rative du Guyana, R\u00e9p. Dominicaine, Sardaigne, Salvador, Singapour, Sri Lanka, Surinam, Swaziland, Syrie, Tadjikistan, Ta\u00efwan, Tha\u00eflande, Timor oriental, Turquie, Turkm\u00e9nistan, Uruguay, Venezuela, Vietnam.<\/p>\n<\/div>\n<div class=\"col four\">\n<h3 style=\"font-size: 14px; font-weight: bold; text-align: center;\">Zone g\u00e9ographique 3 :<\/h3>\n<p class=\"titreArticle\">Alg\u00e9rie, Angola, Arabie Saoudite, Australie (Etats du nord et zones d\u00e9sertiques), Bahre\u00efn, B\u00e9nin, Botswana, Burkina Fasso, Burundi, Cameroun, Congo, C\u00f4te d\u2019Ivoire, Djibuti, Egypte, Emirats arabes unis, Erythr\u00e9e, Ethiopie, Gabon, Gambie, Ghana, Guin\u00e9e, Guin\u00e9e- Bissau, Guin\u00e9e-Equatoriale, Ile Maurice, Ile de la R\u00e9union, Iraq, Iran, Isra\u00ebl, Jordanie, Kenya, Kowe\u00eft, Liban, Lib\u00e9ria, Libye, Madagascar, Malawi, Mali, Maroc, Mauritanie, Mexique, Mozambique, Namibie, Niger, Nigeria, Oman, Ouganda, Palestine, Qatar, R\u00e9p. Centrafricaine, R\u00e9p. d\u00e9mocratique du Congo, Rwanda, S\u00e9n\u00e9gal, Sierra Leone, Sahara Occidental, Somalie, Soudan, Tchad, Tanzanie, Togo, Tunisie, Y\u00e9men, Zambie, Zimbabwe.<\/p>\n<p class=\"titreArticle\">Toutes zones d\u00e9sertiques.<br \/>\nToutes zones d\u2019altitude sup\u00e9rieure \u00e0 1000 m.<\/p>\n<\/div>\n<\/div>\n<div class=\"definition\" style=\"display: inline-block; margin-top: -40px;\">\n<h2 style=\"text-decoration: underline; font-size: 14px; color: dimgrey;\">D\u00c9FINITION DES ORIENTATIONS :<\/h2>\n<div style=\"float: left; display: inline-block; ; padding-top: 15px; width: 570px; margin: -25px;\">\n<ul style=\"list-style: none;\">\n<li style=\"background-color: gainsboro; padding: 3px 10px;\">Exposition Verticale : \u00b1 10\u00b0 par rapport \u00e0 la verticale<\/li>\n<li style=\"background-color: darkgrey; padding: 3px 10px;\">Exposition non Verticale : 11 \u00e0 79\u00b0 par rapport \u00e0 la verticale<\/li>\n<li style=\"background-color: #c80b0e; color: white; padding: 3px 10px;\">Exposition Horizontale : 80 \u00e0 90\u00b0 par rapport \u00e0 la verticale<\/li>\n<\/ul>\n<\/div>\n<p><img decoding=\"async\" class=\"alignright lazyloaded\" style=\"float: left; display: inline-block; margin-top: -55px; margin-left: 50px;\" src=\"https:\/\/hexis-graphics.com\/img\/durability\/orientation.png\" alt=\"orientations possibles\" width=\"188\" height=\"200\" data-lazy-src=\"https:\/\/hexis-graphics.com\/img\/durability\/orientation.png\" \/><noscript>&lt;img class=\u00a0\u00bbalignright\u00a0\u00bb src=\u00a0\u00bbhttps:\/\/hexis-graphics.com\/img\/durability\/orientation.png\u00a0\u00bb alt=\u00a0\u00bborientations possibles\u00a0\u00bb \/&gt;<\/noscript><\/p>\n<div style=\"float: left; display: inline-block;\">\n<ul>\n<li>La durabilit\u00e9 r\u00e9elle d\u2019un produit d\u00e9pend d\u2019un grand nombre de param\u00e8tres, incluant, entre autres, la qualit\u00e9 et la pr\u00e9paration du support, l\u2019exposition (milieu, climat, angle d\u2019exposition), la maintenance du graphisme, le degr\u00e9 de pollution, la technologie d\u2019impression et la qualit\u00e9 des encres utilis\u00e9es pour les films d\u2019impression num\u00e9rique.<\/li>\n<li style=\"margin-top: 15px;\">Recommandation (dans la mesure du possible) : l\u2019ensoleillement et l\u2019exposition prolong\u00e9s aux intemp\u00e9ries et \u00e0 la pollution peuvent provoquer un vieillissement du film(2). Un v\u00e9hicule recouvert de film doit \u00eatre prot\u00e9g\u00e9 du soleil et des intemp\u00e9ries (pluies, ros\u00e9es\u2026) aussi souvent que cela est possible : dans la journ\u00e9e, se garer \u00e0 l\u2019ombre ; la nuit, garer le v\u00e9hicule dans un garage ferm\u00e9 (\u00e0 d\u00e9faut, couvrir le v\u00e9hicule d\u2019une housse de protection).<\/li>\n<\/ul>\n<\/div>\n<h3 class=\"titreArticle\" style=\"font-size: 13px; text-decoration: underline; float: left; margin-top: -5px;\">REMARQUES :<\/h3>\n<div style=\"float: left; display: inline-block; font-size: 12px; margin-top: -15px;\">\n<p>(1) Les durabilit\u00e9s indiqu\u00e9es dans ce document ne constituent pas une garantie. Il s\u2019agit d\u2019une estimation d\u2019une dur\u00e9e pendant laquelle le film garde une apparence correcte, \u00e0 une distance d\u2019observation usuelle.<br \/>\nLa d\u00e9gradation des mat\u00e9riaux (telle une l\u00e9g\u00e8re et progressive modification de la couleur et de la brillance) est un ph\u00e9nom\u00e8ne naturel et in\u00e9vitable.<\/p>\n<p>(2) Si une d\u00e9gradation importante du film (due \u00e0 une exposition prolong\u00e9e \u00e0 l\u2019ensoleillement, aux intemp\u00e9ries, aux agents polluants) apparait (d\u00e9coloration, farinage, brunissement\u2026), celui-ci doit \u00eatre retir\u00e9 imm\u00e9diatement du v\u00e9hicule, afin d\u2019\u00e9viter tout endommagement de la peinture sous-jacente.<\/p>\n<p>La tr\u00e8s grande diversit\u00e9 des supports de marquage et des possibilit\u00e9s toujours nouvelles doivent conduire l\u2019utilisateur \u00e0 examiner les aptitudes du produit lors de chaque usage.<br \/>\nToutes les informations publi\u00e9es sont bas\u00e9es sur des mesures r\u00e9guli\u00e8rement effectu\u00e9es en laboratoire. Elles ne constituent pas cependant un facteur de garantie intangible. Le vendeur d\u00e9cline tous les dommages indirects et ne sera responsable qu\u2019\u00e0 concurrence du prix de ses produits. Toutes nos sp\u00e9cifications sont sujettes aux changements sans notification pr\u00e9alable. La mise \u00e0 jour de nos sp\u00e9cifications est automatique sur notre site www.hexis-graphics.com.<\/p>\n<\/div>\n<\/div>\n<\/div>\n","protected":false},"excerpt":{"rendered":"<p>R\u00c8GLES G\u00c9N\u00c9RALES DE CONVERSION DES DURABILIT\u00c9S INDICATIVES SELON LA ZONE G\u00c9OGRAPHIQUE GAMME DAO, WRAPPING, IMN ET FILMS DE PROTECTION AUTOMOBILE T\u00e9l\u00e9charger PDF &#8211; 124Kb FTP.DAO.076E 10.22 DURABILIT\u00c9S INDICATIVES : Les durabilit\u00e9s indicatives(1) qui figurent sur les fiches techniques produits des gammes DAO, WRAPPING, IMN et FILMS DE PROTECTION AUTOMOBILE sont donn\u00e9es pour des films HEXIS [&hellip;]<\/p>\n","protected":false},"author":1,"featured_media":0,"parent":6,"menu_order":0,"comment_status":"closed","ping_status":"closed","template":"","meta":{"footnotes":""},"class_list":["post-663","page","type-page","status-publish","hentry"],"yoast_head":"<!-- This site is optimized with the Yoast SEO plugin v26.9 - https:\/\/yoast.com\/product\/yoast-seo-wordpress\/ -->\n<title>Durabilit\u00e9 - HEXIS Graphics<\/title>\n<meta name=\"robots\" content=\"index, follow, max-snippet:-1, max-image-preview:large, max-video-preview:-1\" \/>\n<link rel=\"canonical\" href=\"https:\/\/www.hexis-graphics.com\/fr\/supports\/durabilite\/\" \/>\n<meta property=\"og:locale\" content=\"fr_FR\" \/>\n<meta property=\"og:type\" content=\"article\" \/>\n<meta property=\"og:title\" content=\"Durabilit\u00e9 - HEXIS Graphics\" \/>\n<meta property=\"og:description\" content=\"R\u00c8GLES G\u00c9N\u00c9RALES DE CONVERSION DES DURABILIT\u00c9S INDICATIVES SELON LA ZONE G\u00c9OGRAPHIQUE GAMME DAO, WRAPPING, IMN ET FILMS DE PROTECTION AUTOMOBILE T\u00e9l\u00e9charger PDF &#8211; 124Kb FTP.DAO.076E 10.22 DURABILIT\u00c9S INDICATIVES : Les durabilit\u00e9s indicatives(1) qui figurent sur les fiches techniques produits des gammes DAO, WRAPPING, IMN et FILMS DE PROTECTION AUTOMOBILE sont donn\u00e9es pour des films HEXIS [&hellip;]\" \/>\n<meta property=\"og:url\" content=\"https:\/\/www.hexis-graphics.com\/fr\/supports\/durabilite\/\" \/>\n<meta property=\"og:site_name\" content=\"HEXIS Graphics\" \/>\n<meta property=\"article:publisher\" content=\"https:\/\/www.facebook.com\/hexisgraphics\" \/>\n<meta property=\"article:modified_time\" content=\"2022-10-10T13:58:39+00:00\" \/>\n<meta property=\"og:image\" content=\"https:\/\/hexis-graphics.com\/img\/durability\/orientation.png\" \/>\n<meta name=\"twitter:card\" content=\"summary_large_image\" \/>\n<meta name=\"twitter:site\" content=\"@hexisgraphics\" \/>\n<meta name=\"twitter:label1\" content=\"Dur\u00e9e de lecture estim\u00e9e\" \/>\n\t<meta name=\"twitter:data1\" content=\"5 minutes\" \/>\n<script type=\"application\/ld+json\" class=\"yoast-schema-graph\">{\"@context\":\"https:\/\/schema.org\",\"@graph\":[{\"@type\":\"WebPage\",\"@id\":\"https:\/\/www.hexis-graphics.com\/fr\/supports\/durabilite\/\",\"url\":\"https:\/\/www.hexis-graphics.com\/fr\/supports\/durabilite\/\",\"name\":\"Durabilit\u00e9 - HEXIS Graphics\",\"isPartOf\":{\"@id\":\"https:\/\/www.hexis-graphics.com\/fr\/#website\"},\"primaryImageOfPage\":{\"@id\":\"https:\/\/www.hexis-graphics.com\/fr\/supports\/durabilite\/#primaryimage\"},\"image\":{\"@id\":\"https:\/\/www.hexis-graphics.com\/fr\/supports\/durabilite\/#primaryimage\"},\"thumbnailUrl\":\"https:\/\/hexis-graphics.com\/img\/durability\/orientation.png\",\"datePublished\":\"2015-05-18T15:12:55+00:00\",\"dateModified\":\"2022-10-10T13:58:39+00:00\",\"breadcrumb\":{\"@id\":\"https:\/\/www.hexis-graphics.com\/fr\/supports\/durabilite\/#breadcrumb\"},\"inLanguage\":\"fr-FR\",\"potentialAction\":[{\"@type\":\"ReadAction\",\"target\":[\"https:\/\/www.hexis-graphics.com\/fr\/supports\/durabilite\/\"]}]},{\"@type\":\"ImageObject\",\"inLanguage\":\"fr-FR\",\"@id\":\"https:\/\/www.hexis-graphics.com\/fr\/supports\/durabilite\/#primaryimage\",\"url\":\"https:\/\/hexis-graphics.com\/img\/durability\/orientation.png\",\"contentUrl\":\"https:\/\/hexis-graphics.com\/img\/durability\/orientation.png\"},{\"@type\":\"BreadcrumbList\",\"@id\":\"https:\/\/www.hexis-graphics.com\/fr\/supports\/durabilite\/#breadcrumb\",\"itemListElement\":[{\"@type\":\"ListItem\",\"position\":1,\"name\":\"Accueil\",\"item\":\"https:\/\/www.hexis-graphics.com\/fr\/\"},{\"@type\":\"ListItem\",\"position\":2,\"name\":\"Espace PRO\",\"item\":\"https:\/\/www.hexis-graphics.com\/fr\/supports\/\"},{\"@type\":\"ListItem\",\"position\":3,\"name\":\"Durabilit\u00e9\"}]},{\"@type\":\"WebSite\",\"@id\":\"https:\/\/www.hexis-graphics.com\/fr\/#website\",\"url\":\"https:\/\/www.hexis-graphics.com\/fr\/\",\"name\":\"HEXIS Graphics\",\"description\":\"Manufacturer of self-adhesive films\",\"publisher\":{\"@id\":\"https:\/\/www.hexis-graphics.com\/fr\/#organization\"},\"potentialAction\":[{\"@type\":\"SearchAction\",\"target\":{\"@type\":\"EntryPoint\",\"urlTemplate\":\"https:\/\/www.hexis-graphics.com\/fr\/?s={search_term_string}\"},\"query-input\":{\"@type\":\"PropertyValueSpecification\",\"valueRequired\":true,\"valueName\":\"search_term_string\"}}],\"inLanguage\":\"fr-FR\"},{\"@type\":\"Organization\",\"@id\":\"https:\/\/www.hexis-graphics.com\/fr\/#organization\",\"name\":\"HEXIS Graphics\",\"url\":\"https:\/\/www.hexis-graphics.com\/fr\/\",\"logo\":{\"@type\":\"ImageObject\",\"inLanguage\":\"fr-FR\",\"@id\":\"https:\/\/www.hexis-graphics.com\/fr\/#\/schema\/logo\/image\/\",\"url\":\"https:\/\/www.hexis-graphics.com\/hexisgraphics\/2016\/05\/logo_HEXIS.jpg\",\"contentUrl\":\"https:\/\/www.hexis-graphics.com\/hexisgraphics\/2016\/05\/logo_HEXIS.jpg\",\"width\":250,\"height\":107,\"caption\":\"HEXIS Graphics\"},\"image\":{\"@id\":\"https:\/\/www.hexis-graphics.com\/fr\/#\/schema\/logo\/image\/\"},\"sameAs\":[\"https:\/\/www.facebook.com\/hexisgraphics\",\"https:\/\/x.com\/hexisgraphics\",\"https:\/\/www.instagram.com\/hexisgraphics\/\",\"https:\/\/fr.linkedin.com\/company\/hexis-s-a-\",\"https:\/\/www.youtube.com\/user\/HEXISSA\"]}]}<\/script>\n<!-- \/ Yoast SEO plugin. -->","yoast_head_json":{"title":"Durabilit\u00e9 - HEXIS Graphics","robots":{"index":"index","follow":"follow","max-snippet":"max-snippet:-1","max-image-preview":"max-image-preview:large","max-video-preview":"max-video-preview:-1"},"canonical":"https:\/\/www.hexis-graphics.com\/fr\/supports\/durabilite\/","og_locale":"fr_FR","og_type":"article","og_title":"Durabilit\u00e9 - HEXIS Graphics","og_description":"R\u00c8GLES G\u00c9N\u00c9RALES DE CONVERSION DES DURABILIT\u00c9S INDICATIVES SELON LA ZONE G\u00c9OGRAPHIQUE GAMME DAO, WRAPPING, IMN ET FILMS DE PROTECTION AUTOMOBILE T\u00e9l\u00e9charger PDF &#8211; 124Kb FTP.DAO.076E 10.22 DURABILIT\u00c9S INDICATIVES : Les durabilit\u00e9s indicatives(1) qui figurent sur les fiches techniques produits des gammes DAO, WRAPPING, IMN et FILMS DE PROTECTION AUTOMOBILE sont donn\u00e9es pour des films HEXIS [&hellip;]","og_url":"https:\/\/www.hexis-graphics.com\/fr\/supports\/durabilite\/","og_site_name":"HEXIS Graphics","article_publisher":"https:\/\/www.facebook.com\/hexisgraphics","article_modified_time":"2022-10-10T13:58:39+00:00","og_image":[{"url":"https:\/\/hexis-graphics.com\/img\/durability\/orientation.png","type":"","width":"","height":""}],"twitter_card":"summary_large_image","twitter_site":"@hexisgraphics","twitter_misc":{"Dur\u00e9e de lecture estim\u00e9e":"5 minutes"},"schema":{"@context":"https:\/\/schema.org","@graph":[{"@type":"WebPage","@id":"https:\/\/www.hexis-graphics.com\/fr\/supports\/durabilite\/","url":"https:\/\/www.hexis-graphics.com\/fr\/supports\/durabilite\/","name":"Durabilit\u00e9 - HEXIS Graphics","isPartOf":{"@id":"https:\/\/www.hexis-graphics.com\/fr\/#website"},"primaryImageOfPage":{"@id":"https:\/\/www.hexis-graphics.com\/fr\/supports\/durabilite\/#primaryimage"},"image":{"@id":"https:\/\/www.hexis-graphics.com\/fr\/supports\/durabilite\/#primaryimage"},"thumbnailUrl":"https:\/\/hexis-graphics.com\/img\/durability\/orientation.png","datePublished":"2015-05-18T15:12:55+00:00","dateModified":"2022-10-10T13:58:39+00:00","breadcrumb":{"@id":"https:\/\/www.hexis-graphics.com\/fr\/supports\/durabilite\/#breadcrumb"},"inLanguage":"fr-FR","potentialAction":[{"@type":"ReadAction","target":["https:\/\/www.hexis-graphics.com\/fr\/supports\/durabilite\/"]}]},{"@type":"ImageObject","inLanguage":"fr-FR","@id":"https:\/\/www.hexis-graphics.com\/fr\/supports\/durabilite\/#primaryimage","url":"https:\/\/hexis-graphics.com\/img\/durability\/orientation.png","contentUrl":"https:\/\/hexis-graphics.com\/img\/durability\/orientation.png"},{"@type":"BreadcrumbList","@id":"https:\/\/www.hexis-graphics.com\/fr\/supports\/durabilite\/#breadcrumb","itemListElement":[{"@type":"ListItem","position":1,"name":"Accueil","item":"https:\/\/www.hexis-graphics.com\/fr\/"},{"@type":"ListItem","position":2,"name":"Espace PRO","item":"https:\/\/www.hexis-graphics.com\/fr\/supports\/"},{"@type":"ListItem","position":3,"name":"Durabilit\u00e9"}]},{"@type":"WebSite","@id":"https:\/\/www.hexis-graphics.com\/fr\/#website","url":"https:\/\/www.hexis-graphics.com\/fr\/","name":"HEXIS Graphics","description":"Manufacturer of self-adhesive films","publisher":{"@id":"https:\/\/www.hexis-graphics.com\/fr\/#organization"},"potentialAction":[{"@type":"SearchAction","target":{"@type":"EntryPoint","urlTemplate":"https:\/\/www.hexis-graphics.com\/fr\/?s={search_term_string}"},"query-input":{"@type":"PropertyValueSpecification","valueRequired":true,"valueName":"search_term_string"}}],"inLanguage":"fr-FR"},{"@type":"Organization","@id":"https:\/\/www.hexis-graphics.com\/fr\/#organization","name":"HEXIS Graphics","url":"https:\/\/www.hexis-graphics.com\/fr\/","logo":{"@type":"ImageObject","inLanguage":"fr-FR","@id":"https:\/\/www.hexis-graphics.com\/fr\/#\/schema\/logo\/image\/","url":"https:\/\/www.hexis-graphics.com\/hexisgraphics\/2016\/05\/logo_HEXIS.jpg","contentUrl":"https:\/\/www.hexis-graphics.com\/hexisgraphics\/2016\/05\/logo_HEXIS.jpg","width":250,"height":107,"caption":"HEXIS Graphics"},"image":{"@id":"https:\/\/www.hexis-graphics.com\/fr\/#\/schema\/logo\/image\/"},"sameAs":["https:\/\/www.facebook.com\/hexisgraphics","https:\/\/x.com\/hexisgraphics","https:\/\/www.instagram.com\/hexisgraphics\/","https:\/\/fr.linkedin.com\/company\/hexis-s-a-","https:\/\/www.youtube.com\/user\/HEXISSA"]}]}},"_links":{"self":[{"href":"https:\/\/www.hexis-graphics.com\/fr\/wp-json\/wp\/v2\/pages\/663","targetHints":{"allow":["GET"]}}],"collection":[{"href":"https:\/\/www.hexis-graphics.com\/fr\/wp-json\/wp\/v2\/pages"}],"about":[{"href":"https:\/\/www.hexis-graphics.com\/fr\/wp-json\/wp\/v2\/types\/page"}],"author":[{"embeddable":true,"href":"https:\/\/www.hexis-graphics.com\/fr\/wp-json\/wp\/v2\/users\/1"}],"replies":[{"embeddable":true,"href":"https:\/\/www.hexis-graphics.com\/fr\/wp-json\/wp\/v2\/comments?post=663"}],"version-history":[{"count":7,"href":"https:\/\/www.hexis-graphics.com\/fr\/wp-json\/wp\/v2\/pages\/663\/revisions"}],"predecessor-version":[{"id":40848,"href":"https:\/\/www.hexis-graphics.com\/fr\/wp-json\/wp\/v2\/pages\/663\/revisions\/40848"}],"up":[{"embeddable":true,"href":"https:\/\/www.hexis-graphics.com\/fr\/wp-json\/wp\/v2\/pages\/6"}],"wp:attachment":[{"href":"https:\/\/www.hexis-graphics.com\/fr\/wp-json\/wp\/v2\/media?parent=663"}],"curies":[{"name":"wp","href":"https:\/\/api.w.org\/{rel}","templated":true}]}}