{"id":6,"date":"2015-05-05T15:08:43","date_gmt":"2015-05-05T15:08:43","guid":{"rendered":"https:\/\/www.hexis-graphics.com\/?page_id=6"},"modified":"2025-01-16T06:32:05","modified_gmt":"2025-01-16T06:32:05","slug":"supports","status":"publish","type":"page","link":"https:\/\/www.hexis-graphics.com\/fr\/supports\/","title":{"rendered":"Espace PRO"},"content":{"rendered":"<p><!-- Outils Hexis --><\/p>\n<section>\n<div id=\"hexissupport\" class=\"section row\">\n<div class=\"container-full marginbottom30 margintop10\">\n<div class=\"col twelve tablet-full mobile-full textcenter\">\n<p class=\"subtitle silver\">RETROUVEZ TOUTES LES INFORMATIONS N\u00c9CESSAIRES POUR VOUS ACCOMPAGNER AU QUOTIDIEN<\/p>\n<h2 class=\"small\">Votre bo\u00eete \u00e0 outils que vous soyez imprimeur, architecte, designer ou poseur&#8230;<\/h2>\n<div class=\"clear\"><\/div>\n<\/div>\n<div class=\"col four tablet-full mobile-full nomargin\">\n<div class=\"col twelve tablet-five mobile-full\"><a href=\"#\" rel=\"bookmark\"><br \/>\n<img decoding=\"async\" style=\"max-width: 100%;\" src=\"https:\/\/www.hexis-graphics.com\/wp-content\/themes\/Hexis\/images\/profilICC.jpg\" alt=\"Profils ICC HEXIS\" \/><br \/>\n<\/a><\/div>\n<div class=\"col twelve tablet-one\"><\/div>\n<div class=\"col twelve tablet-six mobile-full nomargin nopadding\">\n<h3 class=\"support\">Impression num\u00e9rique<\/h3>\n<div class=\"news silver\">HEXIS d\u00e9veloppe des profils ICC correspondants \u00e0 tout type de support et mod\u00e8le d&rsquo;imprimante num\u00e9rique.<\/div>\n<div class=\"button-diagonal bg-graphite margintop20\"><a href=\"https:\/\/www.hexis-graphics.com\/fr\/supports\/impression-numerique\/profils-icc\/\" rel=\"bookmark\">TROUVEZ VOTRE PROFIL ICC<\/a><\/div>\n<\/div>\n<div class=\"clear\"><\/div>\n<\/div>\n<div class=\"col four tablet-full mobile-full\">\n<div class=\"col twelve tablet-five mobile-full\"><a href=\"#\" rel=\"bookmark\"><br \/>\n<img decoding=\"async\" style=\"max-width: 100%;\" src=\"https:\/\/www.hexis-graphics.com\/wp-content\/themes\/Hexis\/images\/produits.jpg\" alt=\"Fiches techniques et de pose HEXIS\" \/><br \/>\n<\/a><\/div>\n<div class=\"col twelve tablet-one\"><\/div>\n<div class=\"col twelve tablet-six mobile-full nomargin nopadding\">\n<h3 class=\"support\">Fiches produits et fiches de pose<\/h3>\n<div class=\"news silver\">Acc\u00e9dez facilement \u00e0 toutes les documentations relatives \u00e0 nos produits et \u00e0 leur version t\u00e9l\u00e9chargeable.<\/div>\n<div class=\"button-diagonal bg-red margintop20\"><a href=\"https:\/\/www.hexis-graphics.com\/fr\/supports\/fiches-techniques\/\" rel=\"bookmark\">T\u00c9L\u00c9CHARGEZ LES FICHES<\/a><\/div>\n<\/div>\n<div class=\"clear\"><\/div>\n<\/div>\n<div class=\"col four tablet-full mobile-full\">\n<div class=\"col twelve tablet-five mobile-full\"><a href=\"#\" rel=\"bookmark\"><br \/>\n<img decoding=\"async\" style=\"max-width: 100%;\" src=\"https:\/\/www.hexis-graphics.com\/wp-content\/themes\/Hexis\/images\/bulletins.jpg\" alt=\"Bulletins techniques HEXIS\" \/><br \/>\n<\/a><\/div>\n<div class=\"col twelve tablet-one\"><\/div>\n<div class=\"col twelve tablet-six mobile-full nomargin nopadding\">\n<h3 class=\"support\">Fiches de s\u00e9curit\u00e9 et PV Feu<\/h3>\n<div class=\"news silver\">Acc\u00e9dez facilement \u00e0 toutes les documentations.<\/div>\n<div class=\"button-diagonal bg-grey margintop20\"><a href=\"https:\/\/www.hexis-graphics.com\/fr\/supports\/fiches-securite\/\" rel=\"bookmark\">CONSULTEZ NOS FICHES<\/a><\/div>\n<\/div>\n<div class=\"clear\"><\/div>\n<\/div>\n<\/div>\n<div class=\"clear\"><\/div>\n<\/div>\n<\/section>\n<p><!-- End Outils Hexis --><\/p>\n<p><!-- Vid\u00e9os --><\/p>\n<section class=\"module parallax parallax-videos textcenter top156\"  style=\" margin: 100px 0px;\">\n<div class=\"button-diagonal big bg-red\"><a href=\"https:\/\/www.hexis-graphics.com\/fr\/supports\/videos\/\" rel=\"bookmark\">VISIONNEZ TOUTES NOS VID\u00c9OS<\/a><\/div>\n<div class=\"container-full\">\n<h3 class=\"white\">D\u00e9couvrez nos vid\u00e9os tutorielles !Tous les trucs et astuces de nos formateurs \u00e0 la pose de vinyle.<\/h3>\n<\/div>\n<div class=\"clear\"><\/div>\n<\/section>\n<p><!-- End Vid\u00e9os --><\/p>\n<p><!-- Formations Hexis --><\/p>\n<section>\n<div id=\"hexistraining\" class=\"section row\">\n<div class=\"container-full\">\n<div class=\"col seven tablet-full mobile-full\">\n<h2 class=\"borderRed\">Les formations et certification HEXIS<\/h2>\n<h3 class=\"silver\">Le Centre de Formation HEXIS permet de r\u00e9pondre de fa\u00e7on qualitative \u00e0 vos demandes parmi nos domaines d&rsquo;expertise. Que vous soyez employ\u00e9, \u00e0 la recherche d&rsquo;un emploi ou particulier, nous vous proposons tous types de formation aux techniques de pose de films adh\u00e9sifs sur tous supports.<\/h3>\n<h3 class=\"silver marginleft16 margintop20\">Pour plus d&rsquo;informations, visitez le site <a href=\"http:\/\/www.hexis-formations.com\/\" target=\"_blank\" rel=\"noopener\">www.hexis-formations.com<\/a><\/h3>\n<div class=\"button-diagonal bg-red margintop20 marginleft16 nomobile\"><a href=\"http:\/\/hexis-training.com\" target=\"_blank\" rel=\"bookmark noopener\">Trouvez la formation qui vous convient!<\/a><\/div>\n<div class=\"nodesktop notablet mobile-full\">test<br \/>\n<a href=\"http:\/\/hexis-training.com\" target=\"_blank\" rel=\"bookmark noopener\">Trouvez la formation qui vous convient!<\/a><\/div>\n<\/div>\n<div class=\"col one nomobile notablet\"><\/div>\n<div class=\"col four tablet-full mobile-full nomargin bg-silver margintop20\">\n<h3 class=\"margintop20 marginleft16\">Int\u00e9ress\u00e9s par nos produits ?<\/h3>\n<p><a class=\"button-catalogue button-background margintop20\" style=\"display: none;\" title=\"\" href=\"#\">Commandez les nuanciers<\/a><br \/>\n<a class=\"button-swatches button-background margintop20\" title=\"\" href=\"http:\/\/catalogues.hexis-graphics.com\/\" target=\"_blank\" rel=\"noopener\">Consultez les catalogues<\/a><br \/>\n<a class=\"button-newsletter button-background margintop20\" style=\"display: none;\" title=\"\" href=\"#\">M&rsquo;abonner a la newsletter<\/a><\/p>\n<h3 class=\"margintop20 marginleft16 marginbottom20\"><a href=\"https:\/\/www.hexis-graphics.com\/fr\/supports\/durabilite\/\" rel=\"bookmark\">Durabilit\u00e9<\/a> \/ <a href=\"https:\/\/www.hexis-graphics.com\/fr\/supports\/faq\/\" rel=\"bookmark\">FAQs<\/a><\/h3>\n<div class=\"clear\"><\/div>\n<\/div>\n<\/div>\n<div class=\"clear\"><\/div>\n<\/div>\n<\/section>\n<p><!-- End Formations Hexis --><\/p>\n<p><!-- End Content --><\/p>\n<div class=\"clear\"><\/div>\n","protected":false},"excerpt":{"rendered":"<p>RETROUVEZ TOUTES LES INFORMATIONS N\u00c9CESSAIRES POUR VOUS ACCOMPAGNER AU QUOTIDIEN Votre bo\u00eete \u00e0 outils que vous soyez imprimeur, architecte, designer ou poseur&#8230; Impression num\u00e9rique HEXIS d\u00e9veloppe des profils ICC correspondants \u00e0 tout type de support et mod\u00e8le d&rsquo;imprimante num\u00e9rique. TROUVEZ VOTRE PROFIL ICC Fiches produits et fiches de pose Acc\u00e9dez facilement \u00e0 toutes les documentations [&hellip;]<\/p>\n","protected":false},"author":1,"featured_media":0,"parent":0,"menu_order":40,"comment_status":"closed","ping_status":"closed","template":"page-hexispro.php","meta":{"footnotes":""},"class_list":["post-6","page","type-page","status-publish","hentry"],"yoast_head":"<!-- This site is optimized with the Yoast SEO plugin v26.9 - https:\/\/yoast.com\/product\/yoast-seo-wordpress\/ -->\n<title>Espace pro : documentation technique des produits HEXIS<\/title>\n<meta name=\"description\" content=\"L&#039;espace pro HEXIS propose toute la documentation technique li\u00e9e \u00e0 nos produits : profils ICC, fiches techniques, fiches de pose, catalogue, FAQ\" \/>\n<meta name=\"robots\" content=\"index, follow, max-snippet:-1, max-image-preview:large, max-video-preview:-1\" \/>\n<link rel=\"canonical\" href=\"https:\/\/www.hexis-graphics.com\/fr\/supports\/\" \/>\n<meta property=\"og:locale\" content=\"fr_FR\" \/>\n<meta property=\"og:type\" content=\"article\" \/>\n<meta property=\"og:title\" content=\"Espace pro : documentation technique des produits HEXIS\" \/>\n<meta property=\"og:description\" content=\"L&#039;espace pro HEXIS propose toute la documentation technique li\u00e9e \u00e0 nos produits : profils ICC, fiches techniques, fiches de pose, catalogue, FAQ\" \/>\n<meta property=\"og:url\" content=\"https:\/\/www.hexis-graphics.com\/fr\/supports\/\" \/>\n<meta property=\"og:site_name\" content=\"HEXIS Graphics\" \/>\n<meta property=\"article:publisher\" content=\"https:\/\/www.facebook.com\/hexisgraphics\" \/>\n<meta property=\"article:modified_time\" content=\"2025-01-16T06:32:05+00:00\" \/>\n<meta property=\"og:image\" content=\"https:\/\/www.hexis-graphics.com\/wp-content\/themes\/Hexis\/images\/profilICC.jpg\" \/>\n<meta name=\"twitter:card\" content=\"summary_large_image\" \/>\n<meta name=\"twitter:site\" content=\"@hexisgraphics\" \/>\n<meta name=\"twitter:label1\" content=\"Dur\u00e9e de lecture estim\u00e9e\" \/>\n\t<meta name=\"twitter:data1\" content=\"2 minutes\" \/>\n<script type=\"application\/ld+json\" class=\"yoast-schema-graph\">{\"@context\":\"https:\/\/schema.org\",\"@graph\":[{\"@type\":\"WebPage\",\"@id\":\"https:\/\/www.hexis-graphics.com\/fr\/supports\/\",\"url\":\"https:\/\/www.hexis-graphics.com\/fr\/supports\/\",\"name\":\"Espace pro : documentation technique des produits HEXIS\",\"isPartOf\":{\"@id\":\"https:\/\/www.hexis-graphics.com\/fr\/#website\"},\"primaryImageOfPage\":{\"@id\":\"https:\/\/www.hexis-graphics.com\/fr\/supports\/#primaryimage\"},\"image\":{\"@id\":\"https:\/\/www.hexis-graphics.com\/fr\/supports\/#primaryimage\"},\"thumbnailUrl\":\"https:\/\/www.hexis-graphics.com\/wp-content\/themes\/Hexis\/images\/profilICC.jpg\",\"datePublished\":\"2015-05-05T15:08:43+00:00\",\"dateModified\":\"2025-01-16T06:32:05+00:00\",\"description\":\"L'espace pro HEXIS propose toute la documentation technique li\u00e9e \u00e0 nos produits : profils ICC, fiches techniques, fiches de pose, catalogue, FAQ\",\"breadcrumb\":{\"@id\":\"https:\/\/www.hexis-graphics.com\/fr\/supports\/#breadcrumb\"},\"inLanguage\":\"fr-FR\",\"potentialAction\":[{\"@type\":\"ReadAction\",\"target\":[\"https:\/\/www.hexis-graphics.com\/fr\/supports\/\"]}]},{\"@type\":\"ImageObject\",\"inLanguage\":\"fr-FR\",\"@id\":\"https:\/\/www.hexis-graphics.com\/fr\/supports\/#primaryimage\",\"url\":\"https:\/\/www.hexis-graphics.com\/wp-content\/themes\/Hexis\/images\/profilICC.jpg\",\"contentUrl\":\"https:\/\/www.hexis-graphics.com\/wp-content\/themes\/Hexis\/images\/profilICC.jpg\"},{\"@type\":\"BreadcrumbList\",\"@id\":\"https:\/\/www.hexis-graphics.com\/fr\/supports\/#breadcrumb\",\"itemListElement\":[{\"@type\":\"ListItem\",\"position\":1,\"name\":\"Accueil\",\"item\":\"https:\/\/www.hexis-graphics.com\/fr\/\"},{\"@type\":\"ListItem\",\"position\":2,\"name\":\"Espace PRO\"}]},{\"@type\":\"WebSite\",\"@id\":\"https:\/\/www.hexis-graphics.com\/fr\/#website\",\"url\":\"https:\/\/www.hexis-graphics.com\/fr\/\",\"name\":\"HEXIS Graphics\",\"description\":\"Manufacturer of self-adhesive films\",\"publisher\":{\"@id\":\"https:\/\/www.hexis-graphics.com\/fr\/#organization\"},\"potentialAction\":[{\"@type\":\"SearchAction\",\"target\":{\"@type\":\"EntryPoint\",\"urlTemplate\":\"https:\/\/www.hexis-graphics.com\/fr\/?s={search_term_string}\"},\"query-input\":{\"@type\":\"PropertyValueSpecification\",\"valueRequired\":true,\"valueName\":\"search_term_string\"}}],\"inLanguage\":\"fr-FR\"},{\"@type\":\"Organization\",\"@id\":\"https:\/\/www.hexis-graphics.com\/fr\/#organization\",\"name\":\"HEXIS Graphics\",\"url\":\"https:\/\/www.hexis-graphics.com\/fr\/\",\"logo\":{\"@type\":\"ImageObject\",\"inLanguage\":\"fr-FR\",\"@id\":\"https:\/\/www.hexis-graphics.com\/fr\/#\/schema\/logo\/image\/\",\"url\":\"https:\/\/www.hexis-graphics.com\/hexisgraphics\/2016\/05\/logo_HEXIS.jpg\",\"contentUrl\":\"https:\/\/www.hexis-graphics.com\/hexisgraphics\/2016\/05\/logo_HEXIS.jpg\",\"width\":250,\"height\":107,\"caption\":\"HEXIS Graphics\"},\"image\":{\"@id\":\"https:\/\/www.hexis-graphics.com\/fr\/#\/schema\/logo\/image\/\"},\"sameAs\":[\"https:\/\/www.facebook.com\/hexisgraphics\",\"https:\/\/x.com\/hexisgraphics\",\"https:\/\/www.instagram.com\/hexisgraphics\/\",\"https:\/\/fr.linkedin.com\/company\/hexis-s-a-\",\"https:\/\/www.youtube.com\/user\/HEXISSA\"]}]}<\/script>\n<!-- \/ Yoast SEO plugin. -->","yoast_head_json":{"title":"Espace pro : documentation technique des produits HEXIS","description":"L'espace pro HEXIS propose toute la documentation technique li\u00e9e \u00e0 nos produits : profils ICC, fiches techniques, fiches de pose, catalogue, FAQ","robots":{"index":"index","follow":"follow","max-snippet":"max-snippet:-1","max-image-preview":"max-image-preview:large","max-video-preview":"max-video-preview:-1"},"canonical":"https:\/\/www.hexis-graphics.com\/fr\/supports\/","og_locale":"fr_FR","og_type":"article","og_title":"Espace pro : documentation technique des produits HEXIS","og_description":"L'espace pro HEXIS propose toute la documentation technique li\u00e9e \u00e0 nos produits : profils ICC, fiches techniques, fiches de pose, catalogue, FAQ","og_url":"https:\/\/www.hexis-graphics.com\/fr\/supports\/","og_site_name":"HEXIS Graphics","article_publisher":"https:\/\/www.facebook.com\/hexisgraphics","article_modified_time":"2025-01-16T06:32:05+00:00","og_image":[{"url":"https:\/\/www.hexis-graphics.com\/wp-content\/themes\/Hexis\/images\/profilICC.jpg","type":"","width":"","height":""}],"twitter_card":"summary_large_image","twitter_site":"@hexisgraphics","twitter_misc":{"Dur\u00e9e de lecture estim\u00e9e":"2 minutes"},"schema":{"@context":"https:\/\/schema.org","@graph":[{"@type":"WebPage","@id":"https:\/\/www.hexis-graphics.com\/fr\/supports\/","url":"https:\/\/www.hexis-graphics.com\/fr\/supports\/","name":"Espace pro : documentation technique des produits HEXIS","isPartOf":{"@id":"https:\/\/www.hexis-graphics.com\/fr\/#website"},"primaryImageOfPage":{"@id":"https:\/\/www.hexis-graphics.com\/fr\/supports\/#primaryimage"},"image":{"@id":"https:\/\/www.hexis-graphics.com\/fr\/supports\/#primaryimage"},"thumbnailUrl":"https:\/\/www.hexis-graphics.com\/wp-content\/themes\/Hexis\/images\/profilICC.jpg","datePublished":"2015-05-05T15:08:43+00:00","dateModified":"2025-01-16T06:32:05+00:00","description":"L'espace pro HEXIS propose toute la documentation technique li\u00e9e \u00e0 nos produits : profils ICC, fiches techniques, fiches de pose, catalogue, FAQ","breadcrumb":{"@id":"https:\/\/www.hexis-graphics.com\/fr\/supports\/#breadcrumb"},"inLanguage":"fr-FR","potentialAction":[{"@type":"ReadAction","target":["https:\/\/www.hexis-graphics.com\/fr\/supports\/"]}]},{"@type":"ImageObject","inLanguage":"fr-FR","@id":"https:\/\/www.hexis-graphics.com\/fr\/supports\/#primaryimage","url":"https:\/\/www.hexis-graphics.com\/wp-content\/themes\/Hexis\/images\/profilICC.jpg","contentUrl":"https:\/\/www.hexis-graphics.com\/wp-content\/themes\/Hexis\/images\/profilICC.jpg"},{"@type":"BreadcrumbList","@id":"https:\/\/www.hexis-graphics.com\/fr\/supports\/#breadcrumb","itemListElement":[{"@type":"ListItem","position":1,"name":"Accueil","item":"https:\/\/www.hexis-graphics.com\/fr\/"},{"@type":"ListItem","position":2,"name":"Espace PRO"}]},{"@type":"WebSite","@id":"https:\/\/www.hexis-graphics.com\/fr\/#website","url":"https:\/\/www.hexis-graphics.com\/fr\/","name":"HEXIS Graphics","description":"Manufacturer of self-adhesive films","publisher":{"@id":"https:\/\/www.hexis-graphics.com\/fr\/#organization"},"potentialAction":[{"@type":"SearchAction","target":{"@type":"EntryPoint","urlTemplate":"https:\/\/www.hexis-graphics.com\/fr\/?s={search_term_string}"},"query-input":{"@type":"PropertyValueSpecification","valueRequired":true,"valueName":"search_term_string"}}],"inLanguage":"fr-FR"},{"@type":"Organization","@id":"https:\/\/www.hexis-graphics.com\/fr\/#organization","name":"HEXIS Graphics","url":"https:\/\/www.hexis-graphics.com\/fr\/","logo":{"@type":"ImageObject","inLanguage":"fr-FR","@id":"https:\/\/www.hexis-graphics.com\/fr\/#\/schema\/logo\/image\/","url":"https:\/\/www.hexis-graphics.com\/hexisgraphics\/2016\/05\/logo_HEXIS.jpg","contentUrl":"https:\/\/www.hexis-graphics.com\/hexisgraphics\/2016\/05\/logo_HEXIS.jpg","width":250,"height":107,"caption":"HEXIS Graphics"},"image":{"@id":"https:\/\/www.hexis-graphics.com\/fr\/#\/schema\/logo\/image\/"},"sameAs":["https:\/\/www.facebook.com\/hexisgraphics","https:\/\/x.com\/hexisgraphics","https:\/\/www.instagram.com\/hexisgraphics\/","https:\/\/fr.linkedin.com\/company\/hexis-s-a-","https:\/\/www.youtube.com\/user\/HEXISSA"]}]}},"_links":{"self":[{"href":"https:\/\/www.hexis-graphics.com\/fr\/wp-json\/wp\/v2\/pages\/6","targetHints":{"allow":["GET"]}}],"collection":[{"href":"https:\/\/www.hexis-graphics.com\/fr\/wp-json\/wp\/v2\/pages"}],"about":[{"href":"https:\/\/www.hexis-graphics.com\/fr\/wp-json\/wp\/v2\/types\/page"}],"author":[{"embeddable":true,"href":"https:\/\/www.hexis-graphics.com\/fr\/wp-json\/wp\/v2\/users\/1"}],"replies":[{"embeddable":true,"href":"https:\/\/www.hexis-graphics.com\/fr\/wp-json\/wp\/v2\/comments?post=6"}],"version-history":[{"count":3,"href":"https:\/\/www.hexis-graphics.com\/fr\/wp-json\/wp\/v2\/pages\/6\/revisions"}],"predecessor-version":[{"id":51645,"href":"https:\/\/www.hexis-graphics.com\/fr\/wp-json\/wp\/v2\/pages\/6\/revisions\/51645"}],"wp:attachment":[{"href":"https:\/\/www.hexis-graphics.com\/fr\/wp-json\/wp\/v2\/media?parent=6"}],"curies":[{"name":"wp","href":"https:\/\/api.w.org\/{rel}","templated":true}]}}