{"id":52934,"date":"2025-03-04T11:16:39","date_gmt":"2025-03-04T11:16:39","guid":{"rendered":"https:\/\/www.hexis-graphics.com\/?page_id=52934"},"modified":"2025-06-10T08:55:19","modified_gmt":"2025-06-10T08:55:19","slug":"trouver-un-mediapplicateur","status":"publish","type":"page","link":"https:\/\/www.hexis-graphics.com\/fr\/trouver-un-mediapplicateur\/","title":{"rendered":"Trouver un m\u00e9diapplicateur"},"content":{"rendered":"\t\t<div data-elementor-type=\"wp-page\" data-elementor-id=\"52934\" class=\"elementor elementor-52934\" data-elementor-post-type=\"page\">\n\t\t\t\t<div class=\"elementor-element elementor-element-ff1867a e-flex e-con-boxed e-con e-parent\" data-id=\"ff1867a\" data-element_type=\"container\">\n\t\t\t\t\t<div class=\"e-con-inner\">\n\t\t\t\t<div class=\"elementor-element elementor-element-f0c569b elementor-widget elementor-widget-text-editor\" data-id=\"f0c569b\" data-element_type=\"widget\" data-widget_type=\"text-editor.default\">\n\t\t\t\t<div class=\"elementor-widget-container\">\n\t\t\t\t\t\t\t\t\t<p><strong data-start=\"413\" data-end=\"477\">Besoin d\u2019un sp\u00e9cialiste pour la pose de votre film adh\u00e9sif ?<\/strong> D\u00e9couvrez nos installateurs certifi\u00e9s \u00e0 travers le monde et confiez votre projet \u00e0 des experts.<\/p>\t\t\t\t\t\t\t\t<\/div>\n\t\t\t\t<\/div>\n\t\t<div class=\"elementor-element elementor-element-2426f21 e-grid e-con-full e-con e-child\" data-id=\"2426f21\" data-element_type=\"container\">\n\t\t\t\t<div class=\"elementor-element elementor-element-73faba6 elementor-widget elementor-widget-image\" data-id=\"73faba6\" data-element_type=\"widget\" data-widget_type=\"image.default\">\n\t\t\t\t<div class=\"elementor-widget-container\">\n\t\t\t\t\t\t\t\t\t\t\t\t\t\t\t\t<a href=\"https:\/\/www.bodyfence.net\/trouver-un-installeur-bodyfence\/\" target=\"_blank\">\n\t\t\t\t\t\t\t<img fetchpriority=\"high\" decoding=\"async\" width=\"586\" height=\"227\" src=\"https:\/\/www.hexis-graphics.com\/hexisgraphics\/2025\/06\/b-corner-png-e1749545359564.webp\" class=\"attachment-large size-large wp-image-54886 has-transparency\" alt=\"\" srcset=\"https:\/\/www.hexis-graphics.com\/hexisgraphics\/2025\/06\/b-corner-png-e1749545359564.webp 586w, https:\/\/www.hexis-graphics.com\/hexisgraphics\/2025\/06\/b-corner-png-e1749545359564-300x116.webp 300w, https:\/\/www.hexis-graphics.com\/hexisgraphics\/2025\/06\/b-corner-png-e1749545359564-150x58.webp 150w, https:\/\/www.hexis-graphics.com\/hexisgraphics\/2025\/06\/b-corner-png-e1749545359564-400x155.webp 400w, https:\/\/www.hexis-graphics.com\/hexisgraphics\/2025\/06\/b-corner-png-e1749545359564-320x124.webp 320w, https:\/\/www.hexis-graphics.com\/hexisgraphics\/2025\/06\/b-corner-png-e1749545359564-480x186.webp 480w, https:\/\/www.hexis-graphics.com\/hexisgraphics\/2025\/06\/b-corner-png-e1749545359564-350x136.webp 350w\" sizes=\"(max-width: 586px) 100vw, 586px\" data-has-transparency=\"true\" data-dominant-color=\"0e0606\" style=\"--dominant-color: #0e0606\" \/>\t\t\t\t\t\t\t\t<\/a>\n\t\t\t\t\t\t\t\t\t\t\t\t\t\t\t<\/div>\n\t\t\t\t<\/div>\n\t\t\t\t<div class=\"elementor-element elementor-element-49fe803 elementor-widget elementor-widget-image\" data-id=\"49fe803\" data-element_type=\"widget\" data-widget_type=\"image.default\">\n\t\t\t\t<div class=\"elementor-widget-container\">\n\t\t\t\t\t\t\t\t\t\t\t\t\t\t\t<img decoding=\"async\" width=\"150\" height=\"50\" src=\"https:\/\/www.hexis-graphics.com\/hexisgraphics\/2025\/06\/icon_ci_bodyfence.svg\" class=\"attachment-large size-large wp-image-54879\" alt=\"\" \/>\t\t\t\t\t\t\t\t\t\t\t\t\t\t\t<\/div>\n\t\t\t\t<\/div>\n\t\t\t\t<div class=\"elementor-element elementor-element-6b31bd4 elementor-widget elementor-widget-image\" data-id=\"6b31bd4\" data-element_type=\"widget\" data-widget_type=\"image.default\">\n\t\t\t\t<div class=\"elementor-widget-container\">\n\t\t\t\t\t\t\t\t\t\t\t\t\t\t\t<img decoding=\"async\" width=\"153\" height=\"50\" src=\"https:\/\/www.hexis-graphics.com\/hexisgraphics\/2025\/06\/icon_ci_wrap.svg\" class=\"attachment-large size-large wp-image-54865\" alt=\"\" \/>\t\t\t\t\t\t\t\t\t\t\t\t\t\t\t<\/div>\n\t\t\t\t<\/div>\n\t\t\t\t<div class=\"elementor-element elementor-element-ac5fea1 elementor-widget elementor-widget-image\" data-id=\"ac5fea1\" data-element_type=\"widget\" data-widget_type=\"image.default\">\n\t\t\t\t<div class=\"elementor-widget-container\">\n\t\t\t\t\t\t\t\t\t\t\t\t\t\t\t<img loading=\"lazy\" decoding=\"async\" width=\"150\" height=\"50\" src=\"https:\/\/www.hexis-graphics.com\/hexisgraphics\/2025\/06\/icon_ci_sign.svg\" class=\"attachment-large size-large wp-image-54872\" alt=\"\" \/>\t\t\t\t\t\t\t\t\t\t\t\t\t\t\t<\/div>\n\t\t\t\t<\/div>\n\t\t\t\t<\/div>\n\t\t\t\t<div class=\"elementor-element elementor-element-4ca1f2a elementor-widget elementor-widget-html\" data-id=\"4ca1f2a\" data-element_type=\"widget\" data-widget_type=\"html.default\">\n\t\t\t\t<div class=\"elementor-widget-container\">\n\t\t\t\t\t<iframe id=\"hex-main-contacts\" src=\"https:\/\/data.hexis-graphics.com\/public\/fr\/gforms\/contacts-certified-installers-fr\/?&amp;ga=UA-44262865-1\" frameborder=\"0\" scroalling=\"yes\" style=\"width: 100%;border: none;height:1000px\"><\/iframe>\t\t\t\t<\/div>\n\t\t\t\t<\/div>\n\t\t\t\t\t<\/div>\n\t\t\t\t<\/div>\n\t\t<div class=\"elementor-element elementor-element-d7db73f elementor-hidden-desktop elementor-hidden-tablet elementor-hidden-mobile e-flex e-con-boxed e-con e-parent\" data-id=\"d7db73f\" data-element_type=\"container\">\n\t\t\t\t\t<div class=\"e-con-inner\">\n\t\t<div class=\"elementor-element elementor-element-1661ab3 e-con-full e-flex e-con e-child\" data-id=\"1661ab3\" data-element_type=\"container\">\n\t\t\t\t<div class=\"elementor-element elementor-element-e5d426f elementor-flip-box--effect-flip elementor-flip-box--direction-up elementor-widget elementor-widget-flip-box\" data-id=\"e5d426f\" data-element_type=\"widget\" data-widget_type=\"flip-box.default\">\n\t\t\t\t<div class=\"elementor-widget-container\">\n\t\t\t\t\t\t\t<div class=\"elementor-flip-box\" tabindex=\"0\">\n\t\t\t<div class=\"elementor-flip-box__layer elementor-flip-box__front\">\n\t\t\t\t<div class=\"elementor-flip-box__layer__overlay\">\n\t\t\t\t\t<div class=\"elementor-flip-box__layer__inner\">\n\t\t\t\t\t\t\t\t\t\t\t\t\t<div class=\"elementor-icon-wrapper elementor-view-default\">\n\t\t\t\t\t\t\t\t<div class=\"elementor-icon\">\n\t\t\t\t\t\t\t\t\t<svg aria-hidden=\"true\" class=\"e-font-icon-svg e-fas-cog\" viewBox=\"0 0 512 512\" xmlns=\"http:\/\/www.w3.org\/2000\/svg\"><path d=\"M487.4 315.7l-42.6-24.6c4.3-23.2 4.3-47 0-70.2l42.6-24.6c4.9-2.8 7.1-8.6 5.5-14-11.1-35.6-30-67.8-54.7-94.6-3.8-4.1-10-5.1-14.8-2.3L380.8 110c-17.9-15.4-38.5-27.3-60.8-35.1V25.8c0-5.6-3.9-10.5-9.4-11.7-36.7-8.2-74.3-7.8-109.2 0-5.5 1.2-9.4 6.1-9.4 11.7V75c-22.2 7.9-42.8 19.8-60.8 35.1L88.7 85.5c-4.9-2.8-11-1.9-14.8 2.3-24.7 26.7-43.6 58.9-54.7 94.6-1.7 5.4.6 11.2 5.5 14L67.3 221c-4.3 23.2-4.3 47 0 70.2l-42.6 24.6c-4.9 2.8-7.1 8.6-5.5 14 11.1 35.6 30 67.8 54.7 94.6 3.8 4.1 10 5.1 14.8 2.3l42.6-24.6c17.9 15.4 38.5 27.3 60.8 35.1v49.2c0 5.6 3.9 10.5 9.4 11.7 36.7 8.2 74.3 7.8 109.2 0 5.5-1.2 9.4-6.1 9.4-11.7v-49.2c22.2-7.9 42.8-19.8 60.8-35.1l42.6 24.6c4.9 2.8 11 1.9 14.8-2.3 24.7-26.7 43.6-58.9 54.7-94.6 1.5-5.5-.7-11.3-5.6-14.1zM256 336c-44.1 0-80-35.9-80-80s35.9-80 80-80 80 35.9 80 80-35.9 80-80 80z\"><\/path><\/svg>\t\t\t\t\t\t\t\t<\/div>\n\t\t\t\t\t\t\t<\/div>\n\t\t\t\t\t\t\n\t\t\t\t\t\t\t\t\t\t\t\t\t<h3 class=\"elementor-flip-box__layer__title\">\n\t\t\t\t\t\t\t\tTROUVEZ VOTRE FORMATION\t\t\t\t\t\t\t<\/h3>\n\t\t\t\t\t\t\n\t\t\t\t\t\t\t\t\t\t\t<\/div>\n\t\t\t\t<\/div>\n\t\t\t<\/div>\n\t\t\t<div class=\"elementor-flip-box__layer elementor-flip-box__back\">\n\t\t\t<div class=\"elementor-flip-box__layer__overlay\">\n\t\t\t\t<div class=\"elementor-flip-box__layer__inner\">\n\t\t\t\t\t\t\t\t\t\t\t<h3 class=\"elementor-flip-box__layer__title\">\n\t\t\t\t\t\t\tHEXIS FORMATIONS\t\t\t\t\t\t<\/h3>\n\t\t\t\t\t\n\t\t\t\t\t\t\t\t\t\t\t<div class=\"elementor-flip-box__layer__description\">\n\t\t\t\t\t\t\tQui mieux qu'HEXIS peut vous former \u00e0 l'application de film adh\u00e9sif ?\t\t\t\t\t\t<\/div>\n\t\t\t\t\t\n\t\t\t\t\t\t\t\t\t\t\t<a class=\"elementor-flip-box__button elementor-button elementor-size-sm\" href=\"https:\/\/fr.hexis-training.com\/formations\/\">\n\t\t\t\t\t\t\tCliquez ici\t\t\t\t\t\t<\/a>\n\t\t\t\t\t\t\t\t<\/div>\n\t\t<\/div>\n\t\t<\/div>\n\t\t<\/div>\n\t\t\t\t\t\t<\/div>\n\t\t\t\t<\/div>\n\t\t\t\t<\/div>\n\t\t<div class=\"elementor-element elementor-element-ce31241 e-con-full e-flex e-con e-child\" data-id=\"ce31241\" data-element_type=\"container\">\n\t\t\t\t<div class=\"elementor-element elementor-element-2606f44 elementor-flip-box--effect-flip elementor-flip-box--direction-up elementor-widget elementor-widget-flip-box\" data-id=\"2606f44\" data-element_type=\"widget\" data-widget_type=\"flip-box.default\">\n\t\t\t\t<div class=\"elementor-widget-container\">\n\t\t\t\t\t\t\t<div class=\"elementor-flip-box\" tabindex=\"0\">\n\t\t\t<div class=\"elementor-flip-box__layer elementor-flip-box__front\">\n\t\t\t\t<div class=\"elementor-flip-box__layer__overlay\">\n\t\t\t\t\t<div class=\"elementor-flip-box__layer__inner\">\n\t\t\t\t\t\t\t\t\t\t\t\t\t<div class=\"elementor-icon-wrapper elementor-view-default\">\n\t\t\t\t\t\t\t\t<div class=\"elementor-icon\">\n\t\t\t\t\t\t\t\t\t<svg aria-hidden=\"true\" class=\"e-font-icon-svg e-fas-user-graduate\" viewBox=\"0 0 448 512\" xmlns=\"http:\/\/www.w3.org\/2000\/svg\"><path d=\"M319.4 320.6L224 416l-95.4-95.4C57.1 323.7 0 382.2 0 454.4v9.6c0 26.5 21.5 48 48 48h352c26.5 0 48-21.5 48-48v-9.6c0-72.2-57.1-130.7-128.6-133.8zM13.6 79.8l6.4 1.5v58.4c-7 4.2-12 11.5-12 20.3 0 8.4 4.6 15.4 11.1 19.7L3.5 242c-1.7 6.9 2.1 14 7.6 14h41.8c5.5 0 9.3-7.1 7.6-14l-15.6-62.3C51.4 175.4 56 168.4 56 160c0-8.8-5-16.1-12-20.3V87.1l66 15.9c-8.6 17.2-14 36.4-14 57 0 70.7 57.3 128 128 128s128-57.3 128-128c0-20.6-5.3-39.8-14-57l96.3-23.2c18.2-4.4 18.2-27.1 0-31.5l-190.4-46c-13-3.1-26.7-3.1-39.7 0L13.6 48.2c-18.1 4.4-18.1 27.2 0 31.6z\"><\/path><\/svg>\t\t\t\t\t\t\t\t<\/div>\n\t\t\t\t\t\t\t<\/div>\n\t\t\t\t\t\t\n\t\t\t\t\t\t\t\t\t\t\t\t\t<h3 class=\"elementor-flip-box__layer__title\">\n\t\t\t\t\t\t\t\tDEVENEZ UN HEXPERT HEXIS\t\t\t\t\t\t\t<\/h3>\n\t\t\t\t\t\t\n\t\t\t\t\t\t\t\t\t\t\t<\/div>\n\t\t\t\t<\/div>\n\t\t\t<\/div>\n\t\t\t<div class=\"elementor-flip-box__layer elementor-flip-box__back\">\n\t\t\t<div class=\"elementor-flip-box__layer__overlay\">\n\t\t\t\t<div class=\"elementor-flip-box__layer__inner\">\n\t\t\t\t\t\t\t\t\t\t\t<h3 class=\"elementor-flip-box__layer__title\">\n\t\t\t\t\t\t\tHEXIS FORMATIONS\t\t\t\t\t\t<\/h3>\n\t\t\t\t\t\n\t\t\t\t\t\t\t\t\t\t\t<div class=\"elementor-flip-box__layer__description\">\n\t\t\t\t\t\t\tRejoignez le r\u00e9seau des m\u00e9diapplicateurs agr\u00e9es HEXIS\t\t\t\t\t\t<\/div>\n\t\t\t\t\t\n\t\t\t\t\t\t\t\t\t\t\t<a class=\"elementor-flip-box__button elementor-button elementor-size-sm\" href=\"https:\/\/fr.hexis-training.com\/programme-hexpert\/\">\n\t\t\t\t\t\t\tCliquez ici\t\t\t\t\t\t<\/a>\n\t\t\t\t\t\t\t\t<\/div>\n\t\t<\/div>\n\t\t<\/div>\n\t\t<\/div>\n\t\t\t\t\t\t<\/div>\n\t\t\t\t<\/div>\n\t\t\t\t<\/div>\n\t\t\t\t\t<\/div>\n\t\t\t\t<\/div>\n\t\t\t\t<\/div>\n\t\t","protected":false},"excerpt":{"rendered":"<p>Besoin d\u2019un sp\u00e9cialiste pour la pose de votre film adh\u00e9sif ? D\u00e9couvrez nos installateurs certifi\u00e9s \u00e0 travers le monde et confiez votre projet \u00e0 des experts. TROUVEZ VOTRE FORMATION HEXIS FORMATIONS Qui mieux qu&rsquo;HEXIS peut vous former \u00e0 l&rsquo;application de film adh\u00e9sif ? Cliquez ici DEVENEZ UN HEXPERT HEXIS HEXIS FORMATIONS Rejoignez le r\u00e9seau des [&hellip;]<\/p>\n","protected":false},"author":34,"featured_media":0,"parent":0,"menu_order":0,"comment_status":"closed","ping_status":"closed","template":"","meta":{"footnotes":""},"class_list":["post-52934","page","type-page","status-publish","hentry"],"yoast_head":"<!-- This site is optimized with the Yoast SEO plugin v26.9 - https:\/\/yoast.com\/product\/yoast-seo-wordpress\/ -->\n<title>Trouver un m\u00e9diapplicateur - HEXIS Graphics<\/title>\n<meta name=\"robots\" content=\"index, follow, max-snippet:-1, max-image-preview:large, max-video-preview:-1\" \/>\n<link rel=\"canonical\" href=\"https:\/\/www.hexis-graphics.com\/fr\/trouver-un-mediapplicateur\/\" \/>\n<meta property=\"og:locale\" content=\"fr_FR\" \/>\n<meta property=\"og:type\" content=\"article\" \/>\n<meta property=\"og:title\" content=\"Trouver un m\u00e9diapplicateur - HEXIS Graphics\" \/>\n<meta property=\"og:description\" content=\"Besoin d\u2019un sp\u00e9cialiste pour la pose de votre film adh\u00e9sif ? D\u00e9couvrez nos installateurs certifi\u00e9s \u00e0 travers le monde et confiez votre projet \u00e0 des experts. TROUVEZ VOTRE FORMATION HEXIS FORMATIONS Qui mieux qu&rsquo;HEXIS peut vous former \u00e0 l&rsquo;application de film adh\u00e9sif ? Cliquez ici DEVENEZ UN HEXPERT HEXIS HEXIS FORMATIONS Rejoignez le r\u00e9seau des [&hellip;]\" \/>\n<meta property=\"og:url\" content=\"https:\/\/www.hexis-graphics.com\/fr\/trouver-un-mediapplicateur\/\" \/>\n<meta property=\"og:site_name\" content=\"HEXIS Graphics\" \/>\n<meta property=\"article:publisher\" content=\"https:\/\/www.facebook.com\/hexisgraphics\" \/>\n<meta property=\"article:modified_time\" content=\"2025-06-10T08:55:19+00:00\" \/>\n<meta property=\"og:image\" content=\"https:\/\/www.hexis-graphics.com\/hexisgraphics\/2025\/06\/b-corner-png-e1749545359564.webp\" \/>\n\t<meta property=\"og:image:width\" content=\"586\" \/>\n\t<meta property=\"og:image:height\" content=\"227\" \/>\n\t<meta property=\"og:image:type\" content=\"image\/png\" \/>\n<meta name=\"twitter:card\" content=\"summary_large_image\" \/>\n<meta name=\"twitter:site\" content=\"@hexisgraphics\" \/>\n<meta name=\"twitter:label1\" content=\"Dur\u00e9e de lecture estim\u00e9e\" \/>\n\t<meta name=\"twitter:data1\" content=\"2 minutes\" \/>\n<script type=\"application\/ld+json\" class=\"yoast-schema-graph\">{\"@context\":\"https:\/\/schema.org\",\"@graph\":[{\"@type\":\"WebPage\",\"@id\":\"https:\/\/www.hexis-graphics.com\/fr\/trouver-un-mediapplicateur\/\",\"url\":\"https:\/\/www.hexis-graphics.com\/fr\/trouver-un-mediapplicateur\/\",\"name\":\"Trouver un m\u00e9diapplicateur - HEXIS Graphics\",\"isPartOf\":{\"@id\":\"https:\/\/www.hexis-graphics.com\/fr\/#website\"},\"primaryImageOfPage\":{\"@id\":\"https:\/\/www.hexis-graphics.com\/fr\/trouver-un-mediapplicateur\/#primaryimage\"},\"image\":{\"@id\":\"https:\/\/www.hexis-graphics.com\/fr\/trouver-un-mediapplicateur\/#primaryimage\"},\"thumbnailUrl\":\"https:\/\/www.hexis-graphics.com\/hexisgraphics\/2025\/06\/b-corner-png-e1749545359564.webp\",\"datePublished\":\"2025-03-04T11:16:39+00:00\",\"dateModified\":\"2025-06-10T08:55:19+00:00\",\"breadcrumb\":{\"@id\":\"https:\/\/www.hexis-graphics.com\/fr\/trouver-un-mediapplicateur\/#breadcrumb\"},\"inLanguage\":\"fr-FR\",\"potentialAction\":[{\"@type\":\"ReadAction\",\"target\":[\"https:\/\/www.hexis-graphics.com\/fr\/trouver-un-mediapplicateur\/\"]}]},{\"@type\":\"ImageObject\",\"inLanguage\":\"fr-FR\",\"@id\":\"https:\/\/www.hexis-graphics.com\/fr\/trouver-un-mediapplicateur\/#primaryimage\",\"url\":\"https:\/\/www.hexis-graphics.com\/hexisgraphics\/2025\/06\/b-corner-png-e1749545359564.webp\",\"contentUrl\":\"https:\/\/www.hexis-graphics.com\/hexisgraphics\/2025\/06\/b-corner-png-e1749545359564.webp\"},{\"@type\":\"BreadcrumbList\",\"@id\":\"https:\/\/www.hexis-graphics.com\/fr\/trouver-un-mediapplicateur\/#breadcrumb\",\"itemListElement\":[{\"@type\":\"ListItem\",\"position\":1,\"name\":\"Accueil\",\"item\":\"https:\/\/www.hexis-graphics.com\/fr\/\"},{\"@type\":\"ListItem\",\"position\":2,\"name\":\"Trouver un m\u00e9diapplicateur\"}]},{\"@type\":\"WebSite\",\"@id\":\"https:\/\/www.hexis-graphics.com\/fr\/#website\",\"url\":\"https:\/\/www.hexis-graphics.com\/fr\/\",\"name\":\"HEXIS Graphics\",\"description\":\"Manufacturer of self-adhesive films\",\"publisher\":{\"@id\":\"https:\/\/www.hexis-graphics.com\/fr\/#organization\"},\"potentialAction\":[{\"@type\":\"SearchAction\",\"target\":{\"@type\":\"EntryPoint\",\"urlTemplate\":\"https:\/\/www.hexis-graphics.com\/fr\/?s={search_term_string}\"},\"query-input\":{\"@type\":\"PropertyValueSpecification\",\"valueRequired\":true,\"valueName\":\"search_term_string\"}}],\"inLanguage\":\"fr-FR\"},{\"@type\":\"Organization\",\"@id\":\"https:\/\/www.hexis-graphics.com\/fr\/#organization\",\"name\":\"HEXIS Graphics\",\"url\":\"https:\/\/www.hexis-graphics.com\/fr\/\",\"logo\":{\"@type\":\"ImageObject\",\"inLanguage\":\"fr-FR\",\"@id\":\"https:\/\/www.hexis-graphics.com\/fr\/#\/schema\/logo\/image\/\",\"url\":\"https:\/\/www.hexis-graphics.com\/hexisgraphics\/2016\/05\/logo_HEXIS.jpg\",\"contentUrl\":\"https:\/\/www.hexis-graphics.com\/hexisgraphics\/2016\/05\/logo_HEXIS.jpg\",\"width\":250,\"height\":107,\"caption\":\"HEXIS Graphics\"},\"image\":{\"@id\":\"https:\/\/www.hexis-graphics.com\/fr\/#\/schema\/logo\/image\/\"},\"sameAs\":[\"https:\/\/www.facebook.com\/hexisgraphics\",\"https:\/\/x.com\/hexisgraphics\",\"https:\/\/www.instagram.com\/hexisgraphics\/\",\"https:\/\/fr.linkedin.com\/company\/hexis-s-a-\",\"https:\/\/www.youtube.com\/user\/HEXISSA\"]}]}<\/script>\n<!-- \/ Yoast SEO plugin. -->","yoast_head_json":{"title":"Trouver un m\u00e9diapplicateur - HEXIS Graphics","robots":{"index":"index","follow":"follow","max-snippet":"max-snippet:-1","max-image-preview":"max-image-preview:large","max-video-preview":"max-video-preview:-1"},"canonical":"https:\/\/www.hexis-graphics.com\/fr\/trouver-un-mediapplicateur\/","og_locale":"fr_FR","og_type":"article","og_title":"Trouver un m\u00e9diapplicateur - HEXIS Graphics","og_description":"Besoin d\u2019un sp\u00e9cialiste pour la pose de votre film adh\u00e9sif ? D\u00e9couvrez nos installateurs certifi\u00e9s \u00e0 travers le monde et confiez votre projet \u00e0 des experts. TROUVEZ VOTRE FORMATION HEXIS FORMATIONS Qui mieux qu&rsquo;HEXIS peut vous former \u00e0 l&rsquo;application de film adh\u00e9sif ? Cliquez ici DEVENEZ UN HEXPERT HEXIS HEXIS FORMATIONS Rejoignez le r\u00e9seau des [&hellip;]","og_url":"https:\/\/www.hexis-graphics.com\/fr\/trouver-un-mediapplicateur\/","og_site_name":"HEXIS Graphics","article_publisher":"https:\/\/www.facebook.com\/hexisgraphics","article_modified_time":"2025-06-10T08:55:19+00:00","og_image":[{"width":586,"height":227,"url":"https:\/\/www.hexis-graphics.com\/hexisgraphics\/2025\/06\/b-corner-png-e1749545359564.webp","type":"image\/png"}],"twitter_card":"summary_large_image","twitter_site":"@hexisgraphics","twitter_misc":{"Dur\u00e9e de lecture estim\u00e9e":"2 minutes"},"schema":{"@context":"https:\/\/schema.org","@graph":[{"@type":"WebPage","@id":"https:\/\/www.hexis-graphics.com\/fr\/trouver-un-mediapplicateur\/","url":"https:\/\/www.hexis-graphics.com\/fr\/trouver-un-mediapplicateur\/","name":"Trouver un m\u00e9diapplicateur - HEXIS Graphics","isPartOf":{"@id":"https:\/\/www.hexis-graphics.com\/fr\/#website"},"primaryImageOfPage":{"@id":"https:\/\/www.hexis-graphics.com\/fr\/trouver-un-mediapplicateur\/#primaryimage"},"image":{"@id":"https:\/\/www.hexis-graphics.com\/fr\/trouver-un-mediapplicateur\/#primaryimage"},"thumbnailUrl":"https:\/\/www.hexis-graphics.com\/hexisgraphics\/2025\/06\/b-corner-png-e1749545359564.webp","datePublished":"2025-03-04T11:16:39+00:00","dateModified":"2025-06-10T08:55:19+00:00","breadcrumb":{"@id":"https:\/\/www.hexis-graphics.com\/fr\/trouver-un-mediapplicateur\/#breadcrumb"},"inLanguage":"fr-FR","potentialAction":[{"@type":"ReadAction","target":["https:\/\/www.hexis-graphics.com\/fr\/trouver-un-mediapplicateur\/"]}]},{"@type":"ImageObject","inLanguage":"fr-FR","@id":"https:\/\/www.hexis-graphics.com\/fr\/trouver-un-mediapplicateur\/#primaryimage","url":"https:\/\/www.hexis-graphics.com\/hexisgraphics\/2025\/06\/b-corner-png-e1749545359564.webp","contentUrl":"https:\/\/www.hexis-graphics.com\/hexisgraphics\/2025\/06\/b-corner-png-e1749545359564.webp"},{"@type":"BreadcrumbList","@id":"https:\/\/www.hexis-graphics.com\/fr\/trouver-un-mediapplicateur\/#breadcrumb","itemListElement":[{"@type":"ListItem","position":1,"name":"Accueil","item":"https:\/\/www.hexis-graphics.com\/fr\/"},{"@type":"ListItem","position":2,"name":"Trouver un m\u00e9diapplicateur"}]},{"@type":"WebSite","@id":"https:\/\/www.hexis-graphics.com\/fr\/#website","url":"https:\/\/www.hexis-graphics.com\/fr\/","name":"HEXIS Graphics","description":"Manufacturer of self-adhesive films","publisher":{"@id":"https:\/\/www.hexis-graphics.com\/fr\/#organization"},"potentialAction":[{"@type":"SearchAction","target":{"@type":"EntryPoint","urlTemplate":"https:\/\/www.hexis-graphics.com\/fr\/?s={search_term_string}"},"query-input":{"@type":"PropertyValueSpecification","valueRequired":true,"valueName":"search_term_string"}}],"inLanguage":"fr-FR"},{"@type":"Organization","@id":"https:\/\/www.hexis-graphics.com\/fr\/#organization","name":"HEXIS Graphics","url":"https:\/\/www.hexis-graphics.com\/fr\/","logo":{"@type":"ImageObject","inLanguage":"fr-FR","@id":"https:\/\/www.hexis-graphics.com\/fr\/#\/schema\/logo\/image\/","url":"https:\/\/www.hexis-graphics.com\/hexisgraphics\/2016\/05\/logo_HEXIS.jpg","contentUrl":"https:\/\/www.hexis-graphics.com\/hexisgraphics\/2016\/05\/logo_HEXIS.jpg","width":250,"height":107,"caption":"HEXIS Graphics"},"image":{"@id":"https:\/\/www.hexis-graphics.com\/fr\/#\/schema\/logo\/image\/"},"sameAs":["https:\/\/www.facebook.com\/hexisgraphics","https:\/\/x.com\/hexisgraphics","https:\/\/www.instagram.com\/hexisgraphics\/","https:\/\/fr.linkedin.com\/company\/hexis-s-a-","https:\/\/www.youtube.com\/user\/HEXISSA"]}]}},"_links":{"self":[{"href":"https:\/\/www.hexis-graphics.com\/fr\/wp-json\/wp\/v2\/pages\/52934","targetHints":{"allow":["GET"]}}],"collection":[{"href":"https:\/\/www.hexis-graphics.com\/fr\/wp-json\/wp\/v2\/pages"}],"about":[{"href":"https:\/\/www.hexis-graphics.com\/fr\/wp-json\/wp\/v2\/types\/page"}],"author":[{"embeddable":true,"href":"https:\/\/www.hexis-graphics.com\/fr\/wp-json\/wp\/v2\/users\/34"}],"replies":[{"embeddable":true,"href":"https:\/\/www.hexis-graphics.com\/fr\/wp-json\/wp\/v2\/comments?post=52934"}],"version-history":[{"count":3,"href":"https:\/\/www.hexis-graphics.com\/fr\/wp-json\/wp\/v2\/pages\/52934\/revisions"}],"predecessor-version":[{"id":54907,"href":"https:\/\/www.hexis-graphics.com\/fr\/wp-json\/wp\/v2\/pages\/52934\/revisions\/54907"}],"wp:attachment":[{"href":"https:\/\/www.hexis-graphics.com\/fr\/wp-json\/wp\/v2\/media?parent=52934"}],"curies":[{"name":"wp","href":"https:\/\/api.w.org\/{rel}","templated":true}]}}