{"id":1643,"date":"2015-09-21T10:10:03","date_gmt":"2015-09-21T10:10:03","guid":{"rendered":"https:\/\/www.hexis-graphics.com\/fr\/?page_id=1643"},"modified":"2022-10-14T05:03:03","modified_gmt":"2022-10-14T05:03:03","slug":"guides","status":"publish","type":"page","link":"https:\/\/www.hexis-graphics.com\/fr\/supports\/impression-numerique\/guides\/","title":{"rendered":"Guides d&rsquo;utilisation"},"content":{"rendered":"<p style=\"text-align: justify;\">Vous trouverez sur cette page diff\u00e9rents guides et explicatifs sur l\u2019importation et l\u2019utilisation des profils icc. Un guide complet et g\u00e9n\u00e9ral sur la gestion de la couleur est \u00e9galement \u00e0 votre disposition. Chaque pdf contient des explications d\u2019importation propres \u00e0 chaque RIP mais \u00e9galement les r\u00e9glages colorim\u00e9triques de base s\u2019appliquant \u00e0 une bonne utilisation de ces profils. Rappelez-vous qu\u2019il n\u2019existe pas de solution toute pr\u00eate et qu\u2019il vous faut ma\u00eetriser l\u2019ensemble de votre cha\u00eene graphique.<\/p>\n<p style=\"display:none;\">Si vous rencontrez des difficult\u00e9s ou des probl\u00e8mes lors de l\u2019importation ou l\u2019utilisation des profils n\u2019h\u00e9sitez pas \u00e0 nous contacter \u00e0 l\u2019adresse suivante : <a class=\"red\" href=\"mailto:profils@hexis.fr\">profils@hexis.fr<\/a><\/p>\n<div style=\"clear: both;\"><\/div>\n<div style=\"border: 1px solid #efefef;padding: 20px 40px;margin-bottom: 25px;background:#F7F5F5;width: 35%;float: left;min-width: 240px;\">\n<h1 class=\"titreArticle\">Guide d&rsquo;utilisation<\/h1>\n<p>Notions de base pour la compr\u00e9hension et la ma\u00eetrise de l\u2019impression num\u00e9rique grand format.<\/p>\n<div class=\"bg-red button-background-mini margintop5\"><a class=\"lien1\" href=\"https:\/\/www.hexis-graphics.com\/hexisgraphics\/2018\/03\/HEXIS_IMN_Guide.zip\" target=\"_blank\"><i class=\"icon-hexis hexis icon-brochure white\"><\/i> T\u00e9l\u00e9charger 9 Mo<\/a><\/div>\n<\/div>\n<div style=\"border: 1px solid #efefef;padding: 20px 40px;margin-bottom: 25px;background:#F7F5F5;width: 35%;float: left;min-width: 240px;min-height: 229px;\">\n<h1 class=\"titreArticle\">Digital Printing Troubleshooting<\/h1>\n<p>Utilitaire permettant la d\u00e9tection de diff\u00e9rents probl\u00e8mes d&rsquo;impression.<\/p>\n<div class=\"bg-red button-background-mini margintop5\"><a class=\"lien1\" href=\"https:\/\/indd.adobe.com\/embed\/c934a975-e365-44b1-badf-8a9787c33141?startpage=1&#038;allowFullscreen=true\" target=\"_blank\"><i class=\"icon-hexis hexis icon-brochure white\"><\/i> Consulter<\/a><\/div>\n<\/div>\n<div style=\"clear: both;\"><\/div>\n<div style=\"float: left;padding: 20px;width: 94%;border: 1px solid #efefef;margin: 10px 0px;\">\n<div style=\"float: left;\">\n<h1 class=\"titreArticle\">Versaworks<\/h1>\n<p>Importation des profils et param\u00e9trage dans Versaworks\n<\/p><\/div>\n<div class=\"bg-red button-background-mini margintop5\" style=\"float: right;\"><a class=\"lien1\" href=\"https:\/\/hexis-graphics.com\/documents\/guide\/document_fr\/EFU.DOC.13A_Configurer_RolandVersaWorks_pour_imprimer_sur_vos_supports_HEXIS.pdf\" target=\"_blank\"><i class=\"icon-hexis hexis icon-brochure white\"><\/i> T\u00e9l\u00e9charger 706 Ko<\/a><\/div>\n<\/div>\n<div style=\"float: left;padding: 20px;width: 94%;border: 1px solid #efefef;margin: 10px 0px;\">\n<div style=\"float: left;\">\n<h1 class=\"titreArticle\">Caldera<\/h1>\n<p>Importation des profils et param\u00e9trage dans Caldera\n<\/p><\/div>\n<div class=\"bg-red button-background-mini margintop5\" style=\"float: right;\"><a class=\"lien1\" href=\"https:\/\/hexis-graphics.com\/documents\/guide\/document_fr\/EFU.DOC.14A_Configurer_Caldera_pour_imprimer_sur_vos_supports_HEXIS.pdf\" target=\"_blank\"><i class=\"icon-hexis hexis icon-brochure white\"><\/i> T\u00e9l\u00e9charger 2 Mo<\/a><\/div>\n<\/div>\n<div style=\"float: left;padding: 20px;width: 94%;border: 1px solid #efefef;margin: 10px 0px;\">\n<div style=\"float: left;\">\n<h1 class=\"titreArticle\">Onyx<\/h1>\n<p>Importation des profils et param\u00e9trage dans Onyx\n<\/p><\/div>\n<div class=\"bg-red button-background-mini margintop5\" style=\"float: right;\"><a class=\"lien1\" href=\"https:\/\/hexis-graphics.com\/documents\/guide\/document_fr\/EFU.DOC.15A_Configurer_Onyx_pour_imprimer_sur_vos_supports_HEXIS.pdf\" target=\"_blank\"><i class=\"icon-hexis hexis icon-brochure white\"><\/i> T\u00e9l\u00e9charger 1 Mo<\/a><\/div>\n<\/div>\n<div style=\"float: left;padding: 20px;width: 94%;border: 1px solid #efefef;margin: 10px 0px;\">\n<div style=\"float: left;\">\n<h1 class=\"titreArticle\">Wasatch<\/h1>\n<p>Importation des profils dans Wasatch\n<\/p><\/div>\n<div class=\"bg-red button-background-mini margintop5\" style=\"float: right;\"><a class=\"lien1\" href=\"https:\/\/hexis-graphics.com\/documents\/guide\/document_fr\/technical_bulletin_import_icc_wasatch_v1_fr.pdf\" target=\"_blank\"><i class=\"icon-hexis hexis icon-brochure white\"><\/i> T\u00e9l\u00e9charger 828 Ko<\/a><\/div>\n<\/div>\n<div style=\"float: left;padding: 20px;width: 94%;border: 1px solid #efefef;margin: 10px 0px;\">\n<div style=\"float: left;\">\n<h1 class=\"titreArticle\">Scanvec<\/h1>\n<p>Importation des profils dans Scanvec\n<\/p><\/div>\n<div class=\"bg-red button-background-mini margintop5\" style=\"float: right;\"><a class=\"lien1\" href=\"https:\/\/hexis-graphics.com\/documents\/guide\/document_fr\/technical_bulletin_import_icc_SAi_v1_fr.pdf\" target=\"_blank\"><i class=\"icon-hexis hexis icon-brochure white\"><\/i> T\u00e9l\u00e9charger 786 Ko<\/a><\/div>\n<\/div>\n<div style=\"clear: both;\"><\/div>\n<div style=\"border: 1px solid #efefef; padding: 20px; margin-bottom: 25px;display:none\">\n<h1 class=\"titreArticle\">Profils crois\u00e9s<\/h1>\n<p>Tableau pour utiliser un profil de remplacement si jamais le profil recherch\u00e9 n&rsquo;existe pas.<\/p>\n<div class=\"bg-red button-background-mini margintop5\"><a class=\"lien1\" href=\"https:\/\/hexis-graphics.com\/documents\/guide\/document_fr\/profils_croises_20170106_FR.pdf\" target=\"_blank\"><i class=\"icon-hexis hexis icon-brochure white\"><\/i> T\u00e9l\u00e9charger 20 Ko<\/a><\/div>\n<\/div>\n<div style=\"clear: both;\"><\/div>\n","protected":false},"excerpt":{"rendered":"<p>Vous trouverez sur cette page diff\u00e9rents guides et explicatifs sur l\u2019importation et l\u2019utilisation des profils icc. Un guide complet et g\u00e9n\u00e9ral sur la gestion de la couleur est \u00e9galement \u00e0 votre disposition. Chaque pdf contient des explications d\u2019importation propres \u00e0 chaque RIP mais \u00e9galement les r\u00e9glages colorim\u00e9triques de base s\u2019appliquant \u00e0 une bonne utilisation de [&hellip;]<\/p>\n","protected":false},"author":1,"featured_media":0,"parent":1639,"menu_order":0,"comment_status":"closed","ping_status":"closed","template":"page-imn.php","meta":{"footnotes":""},"class_list":["post-1643","page","type-page","status-publish","hentry"],"yoast_head":"<!-- This site is optimized with the Yoast SEO plugin v26.9 - https:\/\/yoast.com\/product\/yoast-seo-wordpress\/ -->\n<title>Guides d&#039;utilisation - HEXIS Graphics<\/title>\n<meta name=\"robots\" content=\"index, follow, max-snippet:-1, max-image-preview:large, max-video-preview:-1\" \/>\n<link rel=\"canonical\" href=\"https:\/\/www.hexis-graphics.com\/fr\/supports\/impression-numerique\/guides\/\" \/>\n<meta property=\"og:locale\" content=\"fr_FR\" \/>\n<meta property=\"og:type\" content=\"article\" \/>\n<meta property=\"og:title\" content=\"Guides d&#039;utilisation - HEXIS Graphics\" \/>\n<meta property=\"og:description\" content=\"Vous trouverez sur cette page diff\u00e9rents guides et explicatifs sur l\u2019importation et l\u2019utilisation des profils icc. Un guide complet et g\u00e9n\u00e9ral sur la gestion de la couleur est \u00e9galement \u00e0 votre disposition. Chaque pdf contient des explications d\u2019importation propres \u00e0 chaque RIP mais \u00e9galement les r\u00e9glages colorim\u00e9triques de base s\u2019appliquant \u00e0 une bonne utilisation de [&hellip;]\" \/>\n<meta property=\"og:url\" content=\"https:\/\/www.hexis-graphics.com\/fr\/supports\/impression-numerique\/guides\/\" \/>\n<meta property=\"og:site_name\" content=\"HEXIS Graphics\" \/>\n<meta property=\"article:publisher\" content=\"https:\/\/www.facebook.com\/hexisgraphics\" \/>\n<meta property=\"article:modified_time\" content=\"2022-10-14T05:03:03+00:00\" \/>\n<meta property=\"og:image\" content=\"https:\/\/www.hexis-graphics.com\/hexisgraphics\/2016\/05\/logo_HEXIS.jpg\" \/>\n\t<meta property=\"og:image:width\" content=\"250\" \/>\n\t<meta property=\"og:image:height\" content=\"107\" \/>\n\t<meta property=\"og:image:type\" content=\"image\/jpeg\" \/>\n<meta name=\"twitter:card\" content=\"summary_large_image\" \/>\n<meta name=\"twitter:site\" content=\"@hexisgraphics\" \/>\n<meta name=\"twitter:label1\" content=\"Dur\u00e9e de lecture estim\u00e9e\" \/>\n\t<meta name=\"twitter:data1\" content=\"1 minute\" \/>\n<script type=\"application\/ld+json\" class=\"yoast-schema-graph\">{\"@context\":\"https:\/\/schema.org\",\"@graph\":[{\"@type\":\"WebPage\",\"@id\":\"https:\/\/www.hexis-graphics.com\/fr\/supports\/impression-numerique\/guides\/\",\"url\":\"https:\/\/www.hexis-graphics.com\/fr\/supports\/impression-numerique\/guides\/\",\"name\":\"Guides d'utilisation - HEXIS Graphics\",\"isPartOf\":{\"@id\":\"https:\/\/www.hexis-graphics.com\/fr\/#website\"},\"datePublished\":\"2015-09-21T10:10:03+00:00\",\"dateModified\":\"2022-10-14T05:03:03+00:00\",\"breadcrumb\":{\"@id\":\"https:\/\/www.hexis-graphics.com\/fr\/supports\/impression-numerique\/guides\/#breadcrumb\"},\"inLanguage\":\"fr-FR\",\"potentialAction\":[{\"@type\":\"ReadAction\",\"target\":[\"https:\/\/www.hexis-graphics.com\/fr\/supports\/impression-numerique\/guides\/\"]}]},{\"@type\":\"BreadcrumbList\",\"@id\":\"https:\/\/www.hexis-graphics.com\/fr\/supports\/impression-numerique\/guides\/#breadcrumb\",\"itemListElement\":[{\"@type\":\"ListItem\",\"position\":1,\"name\":\"Accueil\",\"item\":\"https:\/\/www.hexis-graphics.com\/fr\/\"},{\"@type\":\"ListItem\",\"position\":2,\"name\":\"Espace PRO\",\"item\":\"https:\/\/www.hexis-graphics.com\/fr\/supports\/\"},{\"@type\":\"ListItem\",\"position\":3,\"name\":\"Impression num\u00e9rique\",\"item\":\"https:\/\/www.hexis-graphics.com\/fr\/supports\/impression-numerique\/\"},{\"@type\":\"ListItem\",\"position\":4,\"name\":\"Guides d&rsquo;utilisation\"}]},{\"@type\":\"WebSite\",\"@id\":\"https:\/\/www.hexis-graphics.com\/fr\/#website\",\"url\":\"https:\/\/www.hexis-graphics.com\/fr\/\",\"name\":\"HEXIS Graphics\",\"description\":\"Manufacturer of self-adhesive films\",\"publisher\":{\"@id\":\"https:\/\/www.hexis-graphics.com\/fr\/#organization\"},\"potentialAction\":[{\"@type\":\"SearchAction\",\"target\":{\"@type\":\"EntryPoint\",\"urlTemplate\":\"https:\/\/www.hexis-graphics.com\/fr\/?s={search_term_string}\"},\"query-input\":{\"@type\":\"PropertyValueSpecification\",\"valueRequired\":true,\"valueName\":\"search_term_string\"}}],\"inLanguage\":\"fr-FR\"},{\"@type\":\"Organization\",\"@id\":\"https:\/\/www.hexis-graphics.com\/fr\/#organization\",\"name\":\"HEXIS Graphics\",\"url\":\"https:\/\/www.hexis-graphics.com\/fr\/\",\"logo\":{\"@type\":\"ImageObject\",\"inLanguage\":\"fr-FR\",\"@id\":\"https:\/\/www.hexis-graphics.com\/fr\/#\/schema\/logo\/image\/\",\"url\":\"https:\/\/www.hexis-graphics.com\/hexisgraphics\/2016\/05\/logo_HEXIS.jpg\",\"contentUrl\":\"https:\/\/www.hexis-graphics.com\/hexisgraphics\/2016\/05\/logo_HEXIS.jpg\",\"width\":250,\"height\":107,\"caption\":\"HEXIS Graphics\"},\"image\":{\"@id\":\"https:\/\/www.hexis-graphics.com\/fr\/#\/schema\/logo\/image\/\"},\"sameAs\":[\"https:\/\/www.facebook.com\/hexisgraphics\",\"https:\/\/x.com\/hexisgraphics\",\"https:\/\/www.instagram.com\/hexisgraphics\/\",\"https:\/\/fr.linkedin.com\/company\/hexis-s-a-\",\"https:\/\/www.youtube.com\/user\/HEXISSA\"]}]}<\/script>\n<!-- \/ Yoast SEO plugin. -->","yoast_head_json":{"title":"Guides d'utilisation - HEXIS Graphics","robots":{"index":"index","follow":"follow","max-snippet":"max-snippet:-1","max-image-preview":"max-image-preview:large","max-video-preview":"max-video-preview:-1"},"canonical":"https:\/\/www.hexis-graphics.com\/fr\/supports\/impression-numerique\/guides\/","og_locale":"fr_FR","og_type":"article","og_title":"Guides d'utilisation - HEXIS Graphics","og_description":"Vous trouverez sur cette page diff\u00e9rents guides et explicatifs sur l\u2019importation et l\u2019utilisation des profils icc. Un guide complet et g\u00e9n\u00e9ral sur la gestion de la couleur est \u00e9galement \u00e0 votre disposition. Chaque pdf contient des explications d\u2019importation propres \u00e0 chaque RIP mais \u00e9galement les r\u00e9glages colorim\u00e9triques de base s\u2019appliquant \u00e0 une bonne utilisation de [&hellip;]","og_url":"https:\/\/www.hexis-graphics.com\/fr\/supports\/impression-numerique\/guides\/","og_site_name":"HEXIS Graphics","article_publisher":"https:\/\/www.facebook.com\/hexisgraphics","article_modified_time":"2022-10-14T05:03:03+00:00","og_image":[{"width":250,"height":107,"url":"https:\/\/www.hexis-graphics.com\/hexisgraphics\/2016\/05\/logo_HEXIS.jpg","type":"image\/jpeg"}],"twitter_card":"summary_large_image","twitter_site":"@hexisgraphics","twitter_misc":{"Dur\u00e9e de lecture estim\u00e9e":"1 minute"},"schema":{"@context":"https:\/\/schema.org","@graph":[{"@type":"WebPage","@id":"https:\/\/www.hexis-graphics.com\/fr\/supports\/impression-numerique\/guides\/","url":"https:\/\/www.hexis-graphics.com\/fr\/supports\/impression-numerique\/guides\/","name":"Guides d'utilisation - HEXIS Graphics","isPartOf":{"@id":"https:\/\/www.hexis-graphics.com\/fr\/#website"},"datePublished":"2015-09-21T10:10:03+00:00","dateModified":"2022-10-14T05:03:03+00:00","breadcrumb":{"@id":"https:\/\/www.hexis-graphics.com\/fr\/supports\/impression-numerique\/guides\/#breadcrumb"},"inLanguage":"fr-FR","potentialAction":[{"@type":"ReadAction","target":["https:\/\/www.hexis-graphics.com\/fr\/supports\/impression-numerique\/guides\/"]}]},{"@type":"BreadcrumbList","@id":"https:\/\/www.hexis-graphics.com\/fr\/supports\/impression-numerique\/guides\/#breadcrumb","itemListElement":[{"@type":"ListItem","position":1,"name":"Accueil","item":"https:\/\/www.hexis-graphics.com\/fr\/"},{"@type":"ListItem","position":2,"name":"Espace PRO","item":"https:\/\/www.hexis-graphics.com\/fr\/supports\/"},{"@type":"ListItem","position":3,"name":"Impression num\u00e9rique","item":"https:\/\/www.hexis-graphics.com\/fr\/supports\/impression-numerique\/"},{"@type":"ListItem","position":4,"name":"Guides d&rsquo;utilisation"}]},{"@type":"WebSite","@id":"https:\/\/www.hexis-graphics.com\/fr\/#website","url":"https:\/\/www.hexis-graphics.com\/fr\/","name":"HEXIS Graphics","description":"Manufacturer of self-adhesive films","publisher":{"@id":"https:\/\/www.hexis-graphics.com\/fr\/#organization"},"potentialAction":[{"@type":"SearchAction","target":{"@type":"EntryPoint","urlTemplate":"https:\/\/www.hexis-graphics.com\/fr\/?s={search_term_string}"},"query-input":{"@type":"PropertyValueSpecification","valueRequired":true,"valueName":"search_term_string"}}],"inLanguage":"fr-FR"},{"@type":"Organization","@id":"https:\/\/www.hexis-graphics.com\/fr\/#organization","name":"HEXIS Graphics","url":"https:\/\/www.hexis-graphics.com\/fr\/","logo":{"@type":"ImageObject","inLanguage":"fr-FR","@id":"https:\/\/www.hexis-graphics.com\/fr\/#\/schema\/logo\/image\/","url":"https:\/\/www.hexis-graphics.com\/hexisgraphics\/2016\/05\/logo_HEXIS.jpg","contentUrl":"https:\/\/www.hexis-graphics.com\/hexisgraphics\/2016\/05\/logo_HEXIS.jpg","width":250,"height":107,"caption":"HEXIS Graphics"},"image":{"@id":"https:\/\/www.hexis-graphics.com\/fr\/#\/schema\/logo\/image\/"},"sameAs":["https:\/\/www.facebook.com\/hexisgraphics","https:\/\/x.com\/hexisgraphics","https:\/\/www.instagram.com\/hexisgraphics\/","https:\/\/fr.linkedin.com\/company\/hexis-s-a-","https:\/\/www.youtube.com\/user\/HEXISSA"]}]}},"_links":{"self":[{"href":"https:\/\/www.hexis-graphics.com\/fr\/wp-json\/wp\/v2\/pages\/1643","targetHints":{"allow":["GET"]}}],"collection":[{"href":"https:\/\/www.hexis-graphics.com\/fr\/wp-json\/wp\/v2\/pages"}],"about":[{"href":"https:\/\/www.hexis-graphics.com\/fr\/wp-json\/wp\/v2\/types\/page"}],"author":[{"embeddable":true,"href":"https:\/\/www.hexis-graphics.com\/fr\/wp-json\/wp\/v2\/users\/1"}],"replies":[{"embeddable":true,"href":"https:\/\/www.hexis-graphics.com\/fr\/wp-json\/wp\/v2\/comments?post=1643"}],"version-history":[{"count":4,"href":"https:\/\/www.hexis-graphics.com\/fr\/wp-json\/wp\/v2\/pages\/1643\/revisions"}],"predecessor-version":[{"id":40911,"href":"https:\/\/www.hexis-graphics.com\/fr\/wp-json\/wp\/v2\/pages\/1643\/revisions\/40911"}],"up":[{"embeddable":true,"href":"https:\/\/www.hexis-graphics.com\/fr\/wp-json\/wp\/v2\/pages\/1639"}],"wp:attachment":[{"href":"https:\/\/www.hexis-graphics.com\/fr\/wp-json\/wp\/v2\/media?parent=1643"}],"curies":[{"name":"wp","href":"https:\/\/api.w.org\/{rel}","templated":true}]}}