{"id":1641,"date":"2015-09-21T10:09:23","date_gmt":"2015-09-21T10:09:23","guid":{"rendered":"https:\/\/www.hexis-graphics.com\/fr\/?page_id=1641"},"modified":"2022-07-04T12:20:26","modified_gmt":"2022-07-04T12:20:26","slug":"palettes-de-couleurs","status":"publish","type":"page","link":"https:\/\/www.hexis-graphics.com\/fr\/supports\/impression-numerique\/palettes-de-couleurs\/","title":{"rendered":"Palettes de couleurs"},"content":{"rendered":"<h2 class=\"borderRed\">Nuanciers de couleurs<\/h2>\n<p>Vous trouverez ici les diff\u00e9rentes palettes de couleurs des nuanciers HEXIS propre \u00e0 chaque logiciel et RIP que vous utilisez. Chaque dossier se compose de fichiers de couleurs de nuanciers HEXIS mais \u00e9galement d&rsquo;une petite vid\u00e9o explicative sur la bonne importation et utilisation de votre biblioth\u00e8que.<\/p>\n<p>&nbsp;<\/p>\n<div style=\"float:left;margin:10px;padding:10px;width:90%;border-bottom:1px solid #efefef;\">\n<div style=\"float:left;max-width:50%\">\n<h1 class=\"titreArticle\">Correspondances nuanciers HEXIS<\/h1>\n<p><img decoding=\"async\" style=\"max-height:100px\" src=\"https:\/\/hexis-graphics.com\/img\/colorpalette\/image\/thumb.small.IMG_2830.jpg\"\/><\/p>\n<\/div>\n<div style=\"float:right;\" class=\"bg-red button-background-mini margintop5\"><a class=\"lien1\" href=\"https:\/\/hexis-graphics.com\/documents\/colorpalette\/Correspondances-nuanciers-HEXIS.zip\" target=\"_blank\"><i class=\"icon-hexis hexis icon-brochure white\"><\/i>T\u00e9l\u00e9charger<\/a><\/div>\n<\/div>\n<div style=\"float:left;margin:10px;padding:10px;width:90%;border-bottom:1px solid #efefef;\">\n<div style=\"float:left;\">\n<h1 class=\"titreArticle\">Versaworks<\/h1>\n<p><img decoding=\"async\"  style=\"max-height:75px\" src=\"https:\/\/hexis-graphics.com\/img\/colorpalette\/image\/thumb.small.roland_versaworks.jpg\"\/><\/p>\n<\/div>\n<div style=\"float:right;\" class=\"bg-red button-background-mini margintop5\"><a class=\"lien1\" href=\"https:\/\/hexis-graphics.com\/documents\/colorpalette\/color-versaworks.zip\" target=\"_blank\"><i class=\"icon-hexis hexis icon-brochure white\"><\/i> T\u00e9l\u00e9charger<\/a><\/div>\n<\/div>\n<div style=\"float:left;margin:10px;padding:10px;width:90%;border-bottom:1px solid #efefef;\">\n<div style=\"float:left;\">\n<h1 class=\"titreArticle\">Caldera<\/h1>\n<p><img decoding=\"async\"  style=\"max-height:75px\" src=\"https:\/\/hexis-graphics.com\/img\/colorpalette\/image\/thumb.small.Caldera_Logo_2008.jpg\"\/><\/p>\n<\/div>\n<div style=\"float:right;\" class=\"bg-red button-background-mini margintop5\"><a class=\"lien1\" href=\"https:\/\/hexis-graphics.com\/documents\/colorpalette\/color-caldera.zip\" target=\"_blank\"><i class=\"icon-hexis hexis icon-brochure white\"><\/i> T\u00e9l\u00e9charger<\/a><\/div>\n<\/div>\n<div style=\"float:left;margin:10px;padding:10px;width:90%;border-bottom:1px solid #efefef;\">\n<div style=\"float:left;\">\n<h1 class=\"titreArticle\">Onyx<\/h1>\n<p><img decoding=\"async\" style=\"max-height:75px\" src=\"https:\/\/hexis-graphics.com\/img\/colorpalette\/image\/thumb.small.onyx_last.jpg\"\/><\/p>\n<\/div>\n<div style=\"float:right;\" class=\"bg-red button-background-mini margintop5\"><a class=\"lien1\" href=\"https:\/\/hexis-graphics.com\/documents\/colorpalette\/color-onyx.zip\" target=\"_blank\"><i class=\"icon-hexis hexis icon-brochure white\"><\/i>T\u00e9l\u00e9charger<\/a><\/div>\n<\/div>\n<div style=\"float:left;margin:10px;padding:10px;width:90%;border-bottom:1px solid #efefef;\">\n<div style=\"float:left;\">\n<h1 class=\"titreArticle\">Adobe suite<\/h1>\n<p><img decoding=\"async\" style=\"max-height:75px\" src=\"https:\/\/hexis-graphics.com\/img\/colorpalette\/image\/thumb.small.logo_ill_in.jpg\"\/><\/p>\n<\/div>\n<div style=\"float:right;\" class=\"bg-red button-background-mini margintop5\"><a class=\"lien1\" href=\"https:\/\/hexis-graphics.com\/documents\/colorpalette\/color-adobe.zip\" target=\"_blank\"><i class=\"icon-hexis hexis icon-brochure white\"><\/i> T\u00e9l\u00e9charger<\/a><\/div>\n<\/div>\n<div style=\"float:left;margin:10px;padding:10px;width:90%;border-bottom:1px solid #efefef;\">\n<div style=\"float:left;\">\n<h1 class=\"titreArticle\">Sai photoprint<\/h1>\n<p><img decoding=\"async\"  style=\"max-height:75px\" src=\"https:\/\/www.hexis-graphics.com\/hexisgraphics\/2022\/07\/logo-SAI.png\" alt=\"\" width=\"75\"  class=\"size-full wp-image-39451\" srcset=\"https:\/\/www.hexis-graphics.com\/hexisgraphics\/2022\/07\/logo-SAI.png 162w, https:\/\/www.hexis-graphics.com\/hexisgraphics\/2022\/07\/logo-SAI-145x150.png 145w\" sizes=\"(max-width: 162px) 100vw, 162px\" \/><\/p>\n<\/div>\n<div style=\"float:right;\" class=\"bg-red button-background-mini margintop5\"><a class=\"lien1\" href=\"https:\/\/hexis-graphics.com\/documents\/colorpalette\/document_en\/flexi_sign.zip\" target=\"_blank\"><i class=\"icon-hexis hexis icon-brochure white\"><\/i> T\u00e9l\u00e9charger<\/a><\/div>\n<\/div>\n<div style=\"float:left;margin:10px;padding:10px;width:90%;border-bottom:1px solid #efefef;\">\n<div style=\"float:left;\">\n<h1 class=\"titreArticle\">Coreldraw<\/h1>\n<p><img decoding=\"async\"  style=\"max-height:75px\" src=\"https:\/\/hexis-graphics.com\/img\/colorpalette\/image\/thumb.small.corel_x5.jpg\"\/><\/p>\n<\/div>\n<div style=\"float:right;\" class=\"bg-red button-background-mini margintop5\"><a class=\"lien1\" href=\"https:\/\/hexis-graphics.com\/documents\/colorpalette\/document_en\/Corel_draw.zip\" target=\"_blank\"><i class=\"icon-hexis hexis icon-brochure white\"><\/i> T\u00e9l\u00e9charger<\/a><\/div>\n<\/div>\n<div style=\"float:left;margin:10px;padding:10px;width:90%;border-bottom:1px solid #efefef;\">\n<div style=\"float:left;\">\n<h1 class=\"titreArticle\">Wasatch<\/h1>\n<p><img decoding=\"async\"  style=\"max-height:75px\" src=\"https:\/\/hexis-graphics.com\/img\/colorpalette\/image\/thumb.small.Wasatch_Logo_for_web.jpg\"\/><\/p>\n<\/div>\n<div style=\"float:right;\" class=\"bg-red button-background-mini margintop5\"><a class=\"lien1\" href=\"https:\/\/hexis-graphics.com\/documents\/colorpalette\/document_en\/Wasatch_Suptac.zip\" target=\"_blank\"><i class=\"icon-hexis hexis icon-brochure white\"><\/i> T\u00e9l\u00e9charger<\/a><\/div>\n<\/div>\n<div style=\"float:left;margin:10px;padding:10px;width:90%;border-bottom:1px solid #efefef;\">\n<div style=\"float:left;\">\n<h1 class=\"titreArticle\">Sign lab<\/h1>\n<p><img decoding=\"async\"  style=\"max-height:75px\" style=\"max-height:75px\" src=\"https:\/\/hexis-graphics.com\/img\/colorpalette\/image\/thumb.small.signlab_logo.jpg\"\/><\/p>\n<\/div>\n<div style=\"float:right;\" class=\"bg-red button-background-mini margintop5\"><a class=\"lien1\" href=\"https:\/\/hexis-graphics.com\/documents\/colorpalette\/document_en\/sign_lab.zip\" target=\"_blank\"><i class=\"icon-hexis hexis icon-brochure white\"><\/i> T\u00e9l\u00e9charger<\/a><\/div>\n<\/div>\n","protected":false},"excerpt":{"rendered":"<p>Nuanciers de couleurs Vous trouverez ici les diff\u00e9rentes palettes de couleurs des nuanciers HEXIS propre \u00e0 chaque logiciel et RIP que vous utilisez. Chaque dossier se compose de fichiers de couleurs de nuanciers HEXIS mais \u00e9galement d&rsquo;une petite vid\u00e9o explicative sur la bonne importation et utilisation de votre biblioth\u00e8que. &nbsp; Correspondances nuanciers HEXIS T\u00e9l\u00e9charger Versaworks [&hellip;]<\/p>\n","protected":false},"author":1,"featured_media":0,"parent":1639,"menu_order":0,"comment_status":"closed","ping_status":"closed","template":"page-imn.php","meta":{"footnotes":""},"class_list":["post-1641","page","type-page","status-publish","hentry"],"yoast_head":"<!-- This site is optimized with the Yoast SEO plugin v27.4 - https:\/\/yoast.com\/product\/yoast-seo-wordpress\/ -->\n<title>Palettes de couleurs - HEXIS Graphics<\/title>\n<meta name=\"robots\" content=\"index, follow, max-snippet:-1, max-image-preview:large, max-video-preview:-1\" \/>\n<link rel=\"canonical\" href=\"https:\/\/www.hexis-graphics.com\/fr\/supports\/impression-numerique\/palettes-de-couleurs\/\" \/>\n<meta property=\"og:locale\" content=\"fr_FR\" \/>\n<meta property=\"og:type\" content=\"article\" \/>\n<meta property=\"og:title\" content=\"Palettes de couleurs - HEXIS Graphics\" \/>\n<meta property=\"og:description\" content=\"Nuanciers de couleurs Vous trouverez ici les diff\u00e9rentes palettes de couleurs des nuanciers HEXIS propre \u00e0 chaque logiciel et RIP que vous utilisez. Chaque dossier se compose de fichiers de couleurs de nuanciers HEXIS mais \u00e9galement d&rsquo;une petite vid\u00e9o explicative sur la bonne importation et utilisation de votre biblioth\u00e8que. &nbsp; Correspondances nuanciers HEXIS T\u00e9l\u00e9charger Versaworks [&hellip;]\" \/>\n<meta property=\"og:url\" content=\"https:\/\/www.hexis-graphics.com\/fr\/supports\/impression-numerique\/palettes-de-couleurs\/\" \/>\n<meta property=\"og:site_name\" content=\"HEXIS Graphics\" \/>\n<meta property=\"article:publisher\" content=\"https:\/\/www.facebook.com\/hexisgraphics\" \/>\n<meta property=\"article:modified_time\" content=\"2022-07-04T12:20:26+00:00\" \/>\n<meta property=\"og:image\" content=\"https:\/\/hexis-graphics.com\/img\/colorpalette\/image\/thumb.small.IMG_2830.jpg\" \/>\n<meta name=\"twitter:card\" content=\"summary_large_image\" \/>\n<meta name=\"twitter:site\" content=\"@hexisgraphics\" \/>\n<script type=\"application\/ld+json\" class=\"yoast-schema-graph\">{\"@context\":\"https:\\\/\\\/schema.org\",\"@graph\":[{\"@type\":\"WebPage\",\"@id\":\"https:\\\/\\\/www.hexis-graphics.com\\\/fr\\\/supports\\\/impression-numerique\\\/palettes-de-couleurs\\\/\",\"url\":\"https:\\\/\\\/www.hexis-graphics.com\\\/fr\\\/supports\\\/impression-numerique\\\/palettes-de-couleurs\\\/\",\"name\":\"Palettes de couleurs - HEXIS Graphics\",\"isPartOf\":{\"@id\":\"https:\\\/\\\/www.hexis-graphics.com\\\/fr\\\/#website\"},\"primaryImageOfPage\":{\"@id\":\"https:\\\/\\\/www.hexis-graphics.com\\\/fr\\\/supports\\\/impression-numerique\\\/palettes-de-couleurs\\\/#primaryimage\"},\"image\":{\"@id\":\"https:\\\/\\\/www.hexis-graphics.com\\\/fr\\\/supports\\\/impression-numerique\\\/palettes-de-couleurs\\\/#primaryimage\"},\"thumbnailUrl\":\"https:\\\/\\\/hexis-graphics.com\\\/img\\\/colorpalette\\\/image\\\/thumb.small.IMG_2830.jpg\",\"datePublished\":\"2015-09-21T10:09:23+00:00\",\"dateModified\":\"2022-07-04T12:20:26+00:00\",\"breadcrumb\":{\"@id\":\"https:\\\/\\\/www.hexis-graphics.com\\\/fr\\\/supports\\\/impression-numerique\\\/palettes-de-couleurs\\\/#breadcrumb\"},\"inLanguage\":\"fr-FR\",\"potentialAction\":[{\"@type\":\"ReadAction\",\"target\":[\"https:\\\/\\\/www.hexis-graphics.com\\\/fr\\\/supports\\\/impression-numerique\\\/palettes-de-couleurs\\\/\"]}]},{\"@type\":\"ImageObject\",\"inLanguage\":\"fr-FR\",\"@id\":\"https:\\\/\\\/www.hexis-graphics.com\\\/fr\\\/supports\\\/impression-numerique\\\/palettes-de-couleurs\\\/#primaryimage\",\"url\":\"https:\\\/\\\/hexis-graphics.com\\\/img\\\/colorpalette\\\/image\\\/thumb.small.IMG_2830.jpg\",\"contentUrl\":\"https:\\\/\\\/hexis-graphics.com\\\/img\\\/colorpalette\\\/image\\\/thumb.small.IMG_2830.jpg\"},{\"@type\":\"BreadcrumbList\",\"@id\":\"https:\\\/\\\/www.hexis-graphics.com\\\/fr\\\/supports\\\/impression-numerique\\\/palettes-de-couleurs\\\/#breadcrumb\",\"itemListElement\":[{\"@type\":\"ListItem\",\"position\":1,\"name\":\"Accueil\",\"item\":\"https:\\\/\\\/www.hexis-graphics.com\\\/fr\\\/\"},{\"@type\":\"ListItem\",\"position\":2,\"name\":\"Espace PRO\",\"item\":\"https:\\\/\\\/www.hexis-graphics.com\\\/fr\\\/supports\\\/\"},{\"@type\":\"ListItem\",\"position\":3,\"name\":\"Impression num\u00e9rique\",\"item\":\"https:\\\/\\\/www.hexis-graphics.com\\\/fr\\\/supports\\\/impression-numerique\\\/\"},{\"@type\":\"ListItem\",\"position\":4,\"name\":\"Palettes de couleurs\"}]},{\"@type\":\"WebSite\",\"@id\":\"https:\\\/\\\/www.hexis-graphics.com\\\/fr\\\/#website\",\"url\":\"https:\\\/\\\/www.hexis-graphics.com\\\/fr\\\/\",\"name\":\"HEXIS Graphics\",\"description\":\"Manufacturer of self-adhesive films\",\"publisher\":{\"@id\":\"https:\\\/\\\/www.hexis-graphics.com\\\/fr\\\/#organization\"},\"potentialAction\":[{\"@type\":\"SearchAction\",\"target\":{\"@type\":\"EntryPoint\",\"urlTemplate\":\"https:\\\/\\\/www.hexis-graphics.com\\\/fr\\\/?s={search_term_string}\"},\"query-input\":{\"@type\":\"PropertyValueSpecification\",\"valueRequired\":true,\"valueName\":\"search_term_string\"}}],\"inLanguage\":\"fr-FR\"},{\"@type\":\"Organization\",\"@id\":\"https:\\\/\\\/www.hexis-graphics.com\\\/fr\\\/#organization\",\"name\":\"HEXIS Graphics\",\"url\":\"https:\\\/\\\/www.hexis-graphics.com\\\/fr\\\/\",\"logo\":{\"@type\":\"ImageObject\",\"inLanguage\":\"fr-FR\",\"@id\":\"https:\\\/\\\/www.hexis-graphics.com\\\/fr\\\/#\\\/schema\\\/logo\\\/image\\\/\",\"url\":\"https:\\\/\\\/www.hexis-graphics.com\\\/hexisgraphics\\\/2016\\\/05\\\/logo_HEXIS.jpg\",\"contentUrl\":\"https:\\\/\\\/www.hexis-graphics.com\\\/hexisgraphics\\\/2016\\\/05\\\/logo_HEXIS.jpg\",\"width\":250,\"height\":107,\"caption\":\"HEXIS Graphics\"},\"image\":{\"@id\":\"https:\\\/\\\/www.hexis-graphics.com\\\/fr\\\/#\\\/schema\\\/logo\\\/image\\\/\"},\"sameAs\":[\"https:\\\/\\\/www.facebook.com\\\/hexisgraphics\",\"https:\\\/\\\/x.com\\\/hexisgraphics\",\"https:\\\/\\\/www.instagram.com\\\/hexisgraphics\\\/\",\"https:\\\/\\\/fr.linkedin.com\\\/company\\\/hexis-s-a-\",\"https:\\\/\\\/www.youtube.com\\\/user\\\/HEXISSA\"]}]}<\/script>\n<!-- \/ Yoast SEO plugin. -->","yoast_head_json":{"title":"Palettes de couleurs - HEXIS Graphics","robots":{"index":"index","follow":"follow","max-snippet":"max-snippet:-1","max-image-preview":"max-image-preview:large","max-video-preview":"max-video-preview:-1"},"canonical":"https:\/\/www.hexis-graphics.com\/fr\/supports\/impression-numerique\/palettes-de-couleurs\/","og_locale":"fr_FR","og_type":"article","og_title":"Palettes de couleurs - HEXIS Graphics","og_description":"Nuanciers de couleurs Vous trouverez ici les diff\u00e9rentes palettes de couleurs des nuanciers HEXIS propre \u00e0 chaque logiciel et RIP que vous utilisez. Chaque dossier se compose de fichiers de couleurs de nuanciers HEXIS mais \u00e9galement d&rsquo;une petite vid\u00e9o explicative sur la bonne importation et utilisation de votre biblioth\u00e8que. &nbsp; Correspondances nuanciers HEXIS T\u00e9l\u00e9charger Versaworks [&hellip;]","og_url":"https:\/\/www.hexis-graphics.com\/fr\/supports\/impression-numerique\/palettes-de-couleurs\/","og_site_name":"HEXIS Graphics","article_publisher":"https:\/\/www.facebook.com\/hexisgraphics","article_modified_time":"2022-07-04T12:20:26+00:00","og_image":[{"url":"https:\/\/hexis-graphics.com\/img\/colorpalette\/image\/thumb.small.IMG_2830.jpg","type":"","width":"","height":""}],"twitter_card":"summary_large_image","twitter_site":"@hexisgraphics","schema":{"@context":"https:\/\/schema.org","@graph":[{"@type":"WebPage","@id":"https:\/\/www.hexis-graphics.com\/fr\/supports\/impression-numerique\/palettes-de-couleurs\/","url":"https:\/\/www.hexis-graphics.com\/fr\/supports\/impression-numerique\/palettes-de-couleurs\/","name":"Palettes de couleurs - HEXIS Graphics","isPartOf":{"@id":"https:\/\/www.hexis-graphics.com\/fr\/#website"},"primaryImageOfPage":{"@id":"https:\/\/www.hexis-graphics.com\/fr\/supports\/impression-numerique\/palettes-de-couleurs\/#primaryimage"},"image":{"@id":"https:\/\/www.hexis-graphics.com\/fr\/supports\/impression-numerique\/palettes-de-couleurs\/#primaryimage"},"thumbnailUrl":"https:\/\/hexis-graphics.com\/img\/colorpalette\/image\/thumb.small.IMG_2830.jpg","datePublished":"2015-09-21T10:09:23+00:00","dateModified":"2022-07-04T12:20:26+00:00","breadcrumb":{"@id":"https:\/\/www.hexis-graphics.com\/fr\/supports\/impression-numerique\/palettes-de-couleurs\/#breadcrumb"},"inLanguage":"fr-FR","potentialAction":[{"@type":"ReadAction","target":["https:\/\/www.hexis-graphics.com\/fr\/supports\/impression-numerique\/palettes-de-couleurs\/"]}]},{"@type":"ImageObject","inLanguage":"fr-FR","@id":"https:\/\/www.hexis-graphics.com\/fr\/supports\/impression-numerique\/palettes-de-couleurs\/#primaryimage","url":"https:\/\/hexis-graphics.com\/img\/colorpalette\/image\/thumb.small.IMG_2830.jpg","contentUrl":"https:\/\/hexis-graphics.com\/img\/colorpalette\/image\/thumb.small.IMG_2830.jpg"},{"@type":"BreadcrumbList","@id":"https:\/\/www.hexis-graphics.com\/fr\/supports\/impression-numerique\/palettes-de-couleurs\/#breadcrumb","itemListElement":[{"@type":"ListItem","position":1,"name":"Accueil","item":"https:\/\/www.hexis-graphics.com\/fr\/"},{"@type":"ListItem","position":2,"name":"Espace PRO","item":"https:\/\/www.hexis-graphics.com\/fr\/supports\/"},{"@type":"ListItem","position":3,"name":"Impression num\u00e9rique","item":"https:\/\/www.hexis-graphics.com\/fr\/supports\/impression-numerique\/"},{"@type":"ListItem","position":4,"name":"Palettes de couleurs"}]},{"@type":"WebSite","@id":"https:\/\/www.hexis-graphics.com\/fr\/#website","url":"https:\/\/www.hexis-graphics.com\/fr\/","name":"HEXIS Graphics","description":"Manufacturer of self-adhesive films","publisher":{"@id":"https:\/\/www.hexis-graphics.com\/fr\/#organization"},"potentialAction":[{"@type":"SearchAction","target":{"@type":"EntryPoint","urlTemplate":"https:\/\/www.hexis-graphics.com\/fr\/?s={search_term_string}"},"query-input":{"@type":"PropertyValueSpecification","valueRequired":true,"valueName":"search_term_string"}}],"inLanguage":"fr-FR"},{"@type":"Organization","@id":"https:\/\/www.hexis-graphics.com\/fr\/#organization","name":"HEXIS Graphics","url":"https:\/\/www.hexis-graphics.com\/fr\/","logo":{"@type":"ImageObject","inLanguage":"fr-FR","@id":"https:\/\/www.hexis-graphics.com\/fr\/#\/schema\/logo\/image\/","url":"https:\/\/www.hexis-graphics.com\/hexisgraphics\/2016\/05\/logo_HEXIS.jpg","contentUrl":"https:\/\/www.hexis-graphics.com\/hexisgraphics\/2016\/05\/logo_HEXIS.jpg","width":250,"height":107,"caption":"HEXIS Graphics"},"image":{"@id":"https:\/\/www.hexis-graphics.com\/fr\/#\/schema\/logo\/image\/"},"sameAs":["https:\/\/www.facebook.com\/hexisgraphics","https:\/\/x.com\/hexisgraphics","https:\/\/www.instagram.com\/hexisgraphics\/","https:\/\/fr.linkedin.com\/company\/hexis-s-a-","https:\/\/www.youtube.com\/user\/HEXISSA"]}]}},"_links":{"self":[{"href":"https:\/\/www.hexis-graphics.com\/fr\/wp-json\/wp\/v2\/pages\/1641","targetHints":{"allow":["GET"]}}],"collection":[{"href":"https:\/\/www.hexis-graphics.com\/fr\/wp-json\/wp\/v2\/pages"}],"about":[{"href":"https:\/\/www.hexis-graphics.com\/fr\/wp-json\/wp\/v2\/types\/page"}],"author":[{"embeddable":true,"href":"https:\/\/www.hexis-graphics.com\/fr\/wp-json\/wp\/v2\/users\/1"}],"replies":[{"embeddable":true,"href":"https:\/\/www.hexis-graphics.com\/fr\/wp-json\/wp\/v2\/comments?post=1641"}],"version-history":[{"count":3,"href":"https:\/\/www.hexis-graphics.com\/fr\/wp-json\/wp\/v2\/pages\/1641\/revisions"}],"predecessor-version":[{"id":39460,"href":"https:\/\/www.hexis-graphics.com\/fr\/wp-json\/wp\/v2\/pages\/1641\/revisions\/39460"}],"up":[{"embeddable":true,"href":"https:\/\/www.hexis-graphics.com\/fr\/wp-json\/wp\/v2\/pages\/1639"}],"wp:attachment":[{"href":"https:\/\/www.hexis-graphics.com\/fr\/wp-json\/wp\/v2\/media?parent=1641"}],"curies":[{"name":"wp","href":"https:\/\/api.w.org\/{rel}","templated":true}]}}