{"id":678,"date":"2015-05-19T14:12:14","date_gmt":"2015-05-19T14:12:14","guid":{"rendered":"https:\/\/www.hexis-graphics.com\/?page_id=678"},"modified":"2016-04-25T15:43:46","modified_gmt":"2016-04-25T15:43:46","slug":"soporte","status":"publish","type":"page","link":"https:\/\/www.hexis-graphics.com\/es\/soporte\/","title":{"rendered":"Soporte t\u00e9cnico"},"content":{"rendered":"<p><!-- Outils Hexis --><\/p>\n<section>\n<div id=\"hexissupport\" class=\"section row\">\n<div class=\"container-full marginbottom30 margintop10\">\n<div class=\"col twelve tablet-full mobile-full textcenter\">\n<p class=\"subtitle silver\">ENCUENTRA TODA LA INFORMACI\u00d3N NECESARIA PARA TU D\u00cdA A D\u00cdA<\/p>\n<h2 class=\"small\">Obt\u00e9n tu kit de trabajo ya seas impresor, arquitecto, dise\u00f1ador o instalador.<\/h2>\n<div class=\"clear\"><\/div>\n<\/div>\n<div class=\"col four tablet-full mobile-full nomargin\">\n<div class=\"col twelve tablet-five mobile-full\"><a href=\"https:\/\/www.hexis-graphics.com\/es\/soporte\/impresion-digital\/\" rel=\"bookmark\"><br \/>\n<img decoding=\"async\" style=\"max-width: 100%;\" src=\"https:\/\/www.hexis-graphics.com\/wp-content\/themes\/Hexis\/images\/profilICC.jpg\" alt=\"Profils ICC HEXIS\" \/><br \/>\n<\/a><\/div>\n<div class=\"col twelve tablet-one\"><\/div>\n<div class=\"col twelve tablet-six mobile-full nomargin nopadding\"><a href=\"#\" rel=\"bookmark\"><br \/>\n<\/a><\/p>\n<h3 class=\"support\">Impresi\u00f3n digital<\/h3>\n<div class=\"news silver\">HEXIS desarrolla perfiles ICC para todo tipo de sustratos y modelos de impresi\u00f3n digital.<\/div>\n<div class=\"button-diagonal bg-graphite margintop20\"><a href=\"https:\/\/www.hexis-graphics.com\/es\/soporte\/impresion-digital\/\" rel=\"bookmark\">ENCUENTRA TU PERFIL ICC<\/a><\/div>\n<\/div>\n<div class=\"clear\"><\/div>\n<\/div>\n<div class=\"col four tablet-full mobile-full\">\n<div class=\"col twelve tablet-five mobile-full\"><a href=\"https:\/\/www.hexis-graphics.com\/es\/soporte\/boletines-tecnicos\/\" rel=\"bookmark\"><br \/>\n<img decoding=\"async\" style=\"max-width: 100%;\" src=\"https:\/\/www.hexis-graphics.com\/wp-content\/themes\/Hexis\/images\/bulletins.jpg\" alt=\"Bulletins techniques HEXIS\" \/><br \/>\n<\/a><\/div>\n<div class=\"col twelve tablet-one\"><\/div>\n<div class=\"col twelve tablet-six mobile-full nomargin nopadding\"><a href=\"#\" rel=\"bookmark\"><br \/>\n<\/a><\/p>\n<h3 class=\"support\">Consejos y trucos<\/h3>\n<div class=\"news silver\">Te ayudamos en la elecci\u00f3n del film, a preparar la superficie y aplicar el vinilo id\u00f3neo y de la mejor manera.<\/div>\n<div class=\"button-diagonal bg-grey margintop20\"><a href=\"https:\/\/www.hexis-graphics.com\/es\/soporte\/boletines-tecnicos\/\" rel=\"bookmark\">CONSULTA LOS BOLETINES T\u00c9CNICOS<\/a><\/div>\n<\/div>\n<div class=\"clear\"><\/div>\n<\/div>\n<div class=\"col four tablet-full mobile-full\">\n<div class=\"col twelve tablet-five mobile-full\"><a href=\"https:\/\/www.hexis-graphics.com\/es\/soporte\/fichas-tecnicas\/\" rel=\"bookmark\"><br \/>\n<img decoding=\"async\" style=\"max-width: 100%;\" src=\"https:\/\/www.hexis-graphics.com\/wp-content\/themes\/Hexis\/images\/produits.jpg\" alt=\"Fiches techniques et de pose HEXIS\" \/><br \/>\n<\/a><\/div>\n<div class=\"col twelve tablet-one\"><\/div>\n<div class=\"col twelve tablet-six mobile-full nomargin nopadding\"><a href=\"#\" rel=\"bookmark\"><br \/>\n<\/a><\/p>\n<h3 class=\"support\">Fichas t\u00e9cnicas y gu\u00edas de aplicaci\u00f3n<\/h3>\n<div class=\"news silver\">Accede f\u00e1cilmente a todos los documentos de cada uno de nuestros productos y a su versi\u00f3n descargable.<\/div>\n<div class=\"button-diagonal bg-red margintop20\"><a href=\"https:\/\/www.hexis-graphics.com\/es\/soporte\/fichas-tecnicas\/\" rel=\"bookmark\">DESCARGA LA INFO T\u00c9CNICA<\/a><\/div>\n<\/div>\n<div class=\"clear\"><\/div>\n<\/div>\n<\/div>\n<div class=\"clear\"><\/div>\n<\/div>\n<\/section>\n<p><!-- End Outils Hexis --><\/p>\n<p><!-- Vid\u00e9os --><\/p>\n<section class=\"module parallax parallax-videos textcenter top156\">\n<div class=\"button-diagonal big bg-red\"><a href=\"https:\/\/www.hexis-graphics.com\/es\/soporte\/videos\/\" rel=\"bookmark\">VISUALIZA TODOS NUESTROS V\u00cdDEOS<\/a><\/div>\n<div class=\"container-full\">\n<h3 class=\"white\">\u00a1Descubre nuestros video tutoriales! <span>Todos los consejos y tips de nuestros formadores sobre la colocaci\u00f3n de vinilos.<\/span><\/h3>\n<\/div>\n<div class=\"clear\"><\/div>\n<\/section>\n<p><!-- End Vid\u00e9os --><\/p>\n<p><!-- Formations Hexis --><\/p>\n<section>\n<div id=\"hexistraining\" class=\"section row\">\n<div class=\"container-full\">\n<div class=\"col seven tablet-full mobile-full\">\n<h2 class=\"borderRed\">Formaci\u00f3n y certificaci\u00f3n HEXIS<\/h2>\n<h3 class=\"silver\">El Centro de Formaci\u00f3n HEXIS te permite satisfacer tus peticiones entre cada una de nuestras \u00e1reas de especializaci\u00f3n. Si est\u00e1s trabajando, buscas empleo o eres aut\u00f3nomo, te ofrecemos todo tipo de formaci\u00f3n en t\u00e9cnicas de instalaci\u00f3n de films adhesivos en todo tipo de soportes.<\/h3>\n<h3 class=\"silver marginleft16 margintop20\">Para m\u00e1s informaci\u00f3n, visita nuestra web <a href=\"http:\/\/www.hexis-training.com\/es\/\" target=\"_blank\">www.hexis-training.com<\/a><\/h3>\n<div class=\"button-diagonal bg-red margintop20 marginleft16 nomobile\"><a href=\"http:\/\/www.hexis-training.com\/es\/\" target=\"_blank\" rel=\"bookmark\">Encuentra aqu\u00ed la informaci\u00f3n que necesitas<\/a><\/div>\n<div class=\"nodesktop notablet mobile-full\">test<br \/>\n<a href=\"http:\/\/www.hexis-training.com\/es\/\" target=\"_blank\" rel=\"bookmark\">Encuentra aqu\u00ed la informaci\u00f3n que necesitas.<\/a><\/div>\n<\/div>\n<div class=\"col one nomobile notablet\"><\/div>\n<div class=\"col four tablet-full mobile-full nomargin bg-silver margintop20\">\n<h3 class=\"margintop20 marginleft16\">\u00bfInteresado en nuestros productos?<\/h3>\n<p><a class=\"button-catalogue button-background margintop20\" title=\"\" href=\"#\">Solicita nuestros muestrarios<\/a><br \/>\n<a class=\"button-swatches button-background margintop20\" title=\"\" href=\"http:\/\/catalogues.hexis-graphics.com\/\" target=\"_blank\">Consulta nuestros cat\u00e1logos<\/a><br \/>\n<a class=\"button-newsletter button-background margintop20\" title=\"\" href=\"#\">Suscr\u00edbete a la newsletter<\/a><\/p>\n<h3 class=\"margintop20 marginleft16 marginbottom20\"><a href=\"https:\/\/www.hexis-graphics.com\/es\/soporte\/durabilidad\/\" rel=\"bookmark\">Durabilidad<\/a> \/ <a href=\"https:\/\/www.hexis-graphics.com\/es\/soporte\/faq\/\" rel=\"bookmark\">FAQs<\/a><\/h3>\n<div class=\"clear\"><\/div>\n<\/div>\n<\/div>\n<div class=\"clear\"><\/div>\n<\/div>\n<\/section>\n<p><!-- End Formations Hexis --><\/p>\n<p><!-- End Content --><\/p>\n<div class=\"clear\"><\/div>\n","protected":false},"excerpt":{"rendered":"<p>ENCUENTRA TODA LA INFORMACI\u00d3N NECESARIA PARA TU D\u00cdA A D\u00cdA Obt\u00e9n tu kit de trabajo ya seas impresor, arquitecto, dise\u00f1ador o instalador. Impresi\u00f3n digital HEXIS desarrolla perfiles ICC para todo tipo de sustratos y modelos de impresi\u00f3n digital. ENCUENTRA TU PERFIL ICC Consejos y trucos Te ayudamos en la elecci\u00f3n del film, a preparar la [&hellip;]<\/p>\n","protected":false},"author":1,"featured_media":0,"parent":0,"menu_order":40,"comment_status":"closed","ping_status":"closed","template":"page-hexispro.php","meta":{"footnotes":""},"class_list":["post-678","page","type-page","status-publish","hentry"],"yoast_head":"<!-- This site is optimized with the Yoast SEO plugin v26.9 - https:\/\/yoast.com\/product\/yoast-seo-wordpress\/ -->\n<title>Soporte t\u00e9cnico - HEXIS Graphics<\/title>\n<meta name=\"robots\" content=\"index, follow, max-snippet:-1, max-image-preview:large, max-video-preview:-1\" \/>\n<link rel=\"canonical\" href=\"https:\/\/www.hexis-graphics.com\/es\/soporte\/\" \/>\n<meta property=\"og:locale\" content=\"es_ES\" \/>\n<meta property=\"og:type\" content=\"article\" \/>\n<meta property=\"og:title\" content=\"Soporte t\u00e9cnico - HEXIS Graphics\" \/>\n<meta property=\"og:description\" content=\"ENCUENTRA TODA LA INFORMACI\u00d3N NECESARIA PARA TU D\u00cdA A D\u00cdA Obt\u00e9n tu kit de trabajo ya seas impresor, arquitecto, dise\u00f1ador o instalador. Impresi\u00f3n digital HEXIS desarrolla perfiles ICC para todo tipo de sustratos y modelos de impresi\u00f3n digital. ENCUENTRA TU PERFIL ICC Consejos y trucos Te ayudamos en la elecci\u00f3n del film, a preparar la [&hellip;]\" \/>\n<meta property=\"og:url\" content=\"https:\/\/www.hexis-graphics.com\/es\/soporte\/\" \/>\n<meta property=\"og:site_name\" content=\"HEXIS Graphics\" \/>\n<meta property=\"article:publisher\" content=\"https:\/\/www.facebook.com\/hexisgraphics\" \/>\n<meta property=\"article:modified_time\" content=\"2016-04-25T15:43:46+00:00\" \/>\n<meta property=\"og:image\" content=\"https:\/\/www.hexis-graphics.com\/wp-content\/themes\/Hexis\/images\/profilICC.jpg\" \/>\n<meta name=\"twitter:card\" content=\"summary_large_image\" \/>\n<meta name=\"twitter:site\" content=\"@hexisgraphics\" \/>\n<meta name=\"twitter:label1\" content=\"Tiempo de lectura\" \/>\n\t<meta name=\"twitter:data1\" content=\"1 minuto\" \/>\n<script type=\"application\/ld+json\" class=\"yoast-schema-graph\">{\"@context\":\"https:\/\/schema.org\",\"@graph\":[{\"@type\":\"WebPage\",\"@id\":\"https:\/\/www.hexis-graphics.com\/es\/soporte\/\",\"url\":\"https:\/\/www.hexis-graphics.com\/es\/soporte\/\",\"name\":\"Soporte t\u00e9cnico - HEXIS Graphics\",\"isPartOf\":{\"@id\":\"https:\/\/www.hexis-graphics.com\/es\/#website\"},\"primaryImageOfPage\":{\"@id\":\"https:\/\/www.hexis-graphics.com\/es\/soporte\/#primaryimage\"},\"image\":{\"@id\":\"https:\/\/www.hexis-graphics.com\/es\/soporte\/#primaryimage\"},\"thumbnailUrl\":\"https:\/\/www.hexis-graphics.com\/wp-content\/themes\/Hexis\/images\/profilICC.jpg\",\"datePublished\":\"2015-05-19T14:12:14+00:00\",\"dateModified\":\"2016-04-25T15:43:46+00:00\",\"breadcrumb\":{\"@id\":\"https:\/\/www.hexis-graphics.com\/es\/soporte\/#breadcrumb\"},\"inLanguage\":\"es\",\"potentialAction\":[{\"@type\":\"ReadAction\",\"target\":[\"https:\/\/www.hexis-graphics.com\/es\/soporte\/\"]}]},{\"@type\":\"ImageObject\",\"inLanguage\":\"es\",\"@id\":\"https:\/\/www.hexis-graphics.com\/es\/soporte\/#primaryimage\",\"url\":\"https:\/\/www.hexis-graphics.com\/wp-content\/themes\/Hexis\/images\/profilICC.jpg\",\"contentUrl\":\"https:\/\/www.hexis-graphics.com\/wp-content\/themes\/Hexis\/images\/profilICC.jpg\"},{\"@type\":\"BreadcrumbList\",\"@id\":\"https:\/\/www.hexis-graphics.com\/es\/soporte\/#breadcrumb\",\"itemListElement\":[{\"@type\":\"ListItem\",\"position\":1,\"name\":\"Accueil\",\"item\":\"https:\/\/www.hexis-graphics.com\/es\/\"},{\"@type\":\"ListItem\",\"position\":2,\"name\":\"Soporte t\u00e9cnico\"}]},{\"@type\":\"WebSite\",\"@id\":\"https:\/\/www.hexis-graphics.com\/es\/#website\",\"url\":\"https:\/\/www.hexis-graphics.com\/es\/\",\"name\":\"HEXIS Graphics\",\"description\":\"Manufacturer of self-adhesive films\",\"publisher\":{\"@id\":\"https:\/\/www.hexis-graphics.com\/es\/#organization\"},\"potentialAction\":[{\"@type\":\"SearchAction\",\"target\":{\"@type\":\"EntryPoint\",\"urlTemplate\":\"https:\/\/www.hexis-graphics.com\/es\/?s={search_term_string}\"},\"query-input\":{\"@type\":\"PropertyValueSpecification\",\"valueRequired\":true,\"valueName\":\"search_term_string\"}}],\"inLanguage\":\"es\"},{\"@type\":\"Organization\",\"@id\":\"https:\/\/www.hexis-graphics.com\/es\/#organization\",\"name\":\"HEXIS Graphics\",\"url\":\"https:\/\/www.hexis-graphics.com\/es\/\",\"logo\":{\"@type\":\"ImageObject\",\"inLanguage\":\"es\",\"@id\":\"https:\/\/www.hexis-graphics.com\/es\/#\/schema\/logo\/image\/\",\"url\":\"https:\/\/www.hexis-graphics.com\/hexisgraphics\/2016\/05\/logo_HEXIS.jpg\",\"contentUrl\":\"https:\/\/www.hexis-graphics.com\/hexisgraphics\/2016\/05\/logo_HEXIS.jpg\",\"width\":250,\"height\":107,\"caption\":\"HEXIS Graphics\"},\"image\":{\"@id\":\"https:\/\/www.hexis-graphics.com\/es\/#\/schema\/logo\/image\/\"},\"sameAs\":[\"https:\/\/www.facebook.com\/hexisgraphics\",\"https:\/\/x.com\/hexisgraphics\",\"https:\/\/www.instagram.com\/hexisgraphics\/\",\"https:\/\/fr.linkedin.com\/company\/hexis-s-a-\",\"https:\/\/www.youtube.com\/user\/HEXISSA\"]}]}<\/script>\n<!-- \/ Yoast SEO plugin. -->","yoast_head_json":{"title":"Soporte t\u00e9cnico - HEXIS Graphics","robots":{"index":"index","follow":"follow","max-snippet":"max-snippet:-1","max-image-preview":"max-image-preview:large","max-video-preview":"max-video-preview:-1"},"canonical":"https:\/\/www.hexis-graphics.com\/es\/soporte\/","og_locale":"es_ES","og_type":"article","og_title":"Soporte t\u00e9cnico - HEXIS Graphics","og_description":"ENCUENTRA TODA LA INFORMACI\u00d3N NECESARIA PARA TU D\u00cdA A D\u00cdA Obt\u00e9n tu kit de trabajo ya seas impresor, arquitecto, dise\u00f1ador o instalador. Impresi\u00f3n digital HEXIS desarrolla perfiles ICC para todo tipo de sustratos y modelos de impresi\u00f3n digital. ENCUENTRA TU PERFIL ICC Consejos y trucos Te ayudamos en la elecci\u00f3n del film, a preparar la [&hellip;]","og_url":"https:\/\/www.hexis-graphics.com\/es\/soporte\/","og_site_name":"HEXIS Graphics","article_publisher":"https:\/\/www.facebook.com\/hexisgraphics","article_modified_time":"2016-04-25T15:43:46+00:00","og_image":[{"url":"https:\/\/www.hexis-graphics.com\/wp-content\/themes\/Hexis\/images\/profilICC.jpg","type":"","width":"","height":""}],"twitter_card":"summary_large_image","twitter_site":"@hexisgraphics","twitter_misc":{"Tiempo de lectura":"1 minuto"},"schema":{"@context":"https:\/\/schema.org","@graph":[{"@type":"WebPage","@id":"https:\/\/www.hexis-graphics.com\/es\/soporte\/","url":"https:\/\/www.hexis-graphics.com\/es\/soporte\/","name":"Soporte t\u00e9cnico - HEXIS Graphics","isPartOf":{"@id":"https:\/\/www.hexis-graphics.com\/es\/#website"},"primaryImageOfPage":{"@id":"https:\/\/www.hexis-graphics.com\/es\/soporte\/#primaryimage"},"image":{"@id":"https:\/\/www.hexis-graphics.com\/es\/soporte\/#primaryimage"},"thumbnailUrl":"https:\/\/www.hexis-graphics.com\/wp-content\/themes\/Hexis\/images\/profilICC.jpg","datePublished":"2015-05-19T14:12:14+00:00","dateModified":"2016-04-25T15:43:46+00:00","breadcrumb":{"@id":"https:\/\/www.hexis-graphics.com\/es\/soporte\/#breadcrumb"},"inLanguage":"es","potentialAction":[{"@type":"ReadAction","target":["https:\/\/www.hexis-graphics.com\/es\/soporte\/"]}]},{"@type":"ImageObject","inLanguage":"es","@id":"https:\/\/www.hexis-graphics.com\/es\/soporte\/#primaryimage","url":"https:\/\/www.hexis-graphics.com\/wp-content\/themes\/Hexis\/images\/profilICC.jpg","contentUrl":"https:\/\/www.hexis-graphics.com\/wp-content\/themes\/Hexis\/images\/profilICC.jpg"},{"@type":"BreadcrumbList","@id":"https:\/\/www.hexis-graphics.com\/es\/soporte\/#breadcrumb","itemListElement":[{"@type":"ListItem","position":1,"name":"Accueil","item":"https:\/\/www.hexis-graphics.com\/es\/"},{"@type":"ListItem","position":2,"name":"Soporte t\u00e9cnico"}]},{"@type":"WebSite","@id":"https:\/\/www.hexis-graphics.com\/es\/#website","url":"https:\/\/www.hexis-graphics.com\/es\/","name":"HEXIS Graphics","description":"Manufacturer of self-adhesive films","publisher":{"@id":"https:\/\/www.hexis-graphics.com\/es\/#organization"},"potentialAction":[{"@type":"SearchAction","target":{"@type":"EntryPoint","urlTemplate":"https:\/\/www.hexis-graphics.com\/es\/?s={search_term_string}"},"query-input":{"@type":"PropertyValueSpecification","valueRequired":true,"valueName":"search_term_string"}}],"inLanguage":"es"},{"@type":"Organization","@id":"https:\/\/www.hexis-graphics.com\/es\/#organization","name":"HEXIS Graphics","url":"https:\/\/www.hexis-graphics.com\/es\/","logo":{"@type":"ImageObject","inLanguage":"es","@id":"https:\/\/www.hexis-graphics.com\/es\/#\/schema\/logo\/image\/","url":"https:\/\/www.hexis-graphics.com\/hexisgraphics\/2016\/05\/logo_HEXIS.jpg","contentUrl":"https:\/\/www.hexis-graphics.com\/hexisgraphics\/2016\/05\/logo_HEXIS.jpg","width":250,"height":107,"caption":"HEXIS Graphics"},"image":{"@id":"https:\/\/www.hexis-graphics.com\/es\/#\/schema\/logo\/image\/"},"sameAs":["https:\/\/www.facebook.com\/hexisgraphics","https:\/\/x.com\/hexisgraphics","https:\/\/www.instagram.com\/hexisgraphics\/","https:\/\/fr.linkedin.com\/company\/hexis-s-a-","https:\/\/www.youtube.com\/user\/HEXISSA"]}]}},"_links":{"self":[{"href":"https:\/\/www.hexis-graphics.com\/es\/wp-json\/wp\/v2\/pages\/678","targetHints":{"allow":["GET"]}}],"collection":[{"href":"https:\/\/www.hexis-graphics.com\/es\/wp-json\/wp\/v2\/pages"}],"about":[{"href":"https:\/\/www.hexis-graphics.com\/es\/wp-json\/wp\/v2\/types\/page"}],"author":[{"embeddable":true,"href":"https:\/\/www.hexis-graphics.com\/es\/wp-json\/wp\/v2\/users\/1"}],"replies":[{"embeddable":true,"href":"https:\/\/www.hexis-graphics.com\/es\/wp-json\/wp\/v2\/comments?post=678"}],"version-history":[{"count":0,"href":"https:\/\/www.hexis-graphics.com\/es\/wp-json\/wp\/v2\/pages\/678\/revisions"}],"wp:attachment":[{"href":"https:\/\/www.hexis-graphics.com\/es\/wp-json\/wp\/v2\/media?parent=678"}],"curies":[{"name":"wp","href":"https:\/\/api.w.org\/{rel}","templated":true}]}}