{"id":6440,"date":"2015-06-19T15:30:32","date_gmt":"2015-06-19T15:30:32","guid":{"rendered":"https:\/\/www.hexis-graphics.com\/es\/distribution\/"},"modified":"2024-01-22T18:17:11","modified_gmt":"2024-01-22T18:17:11","slug":"donde-comprar","status":"publish","type":"page","link":"https:\/\/www.hexis-graphics.com\/es\/donde-comprar\/","title":{"rendered":"D\u00f3nde comprar"},"content":{"rendered":"<p><!DOCTYPE html PUBLIC \"-\/\/W3C\/\/DTD XHTML 1.0 Transitional\/\/EN\" \"http:\/\/www.w3.org\/TR\/xhtml1\/DTD\/xhtml1-transitional.dtd\"><br \/>\n<html xmlns=\"http:\/\/www.w3.org\/1999\/xhtml\"><br \/>\n<head><br \/>\n<meta http-equiv=\"Content-Type\" content=\"text\/html; charset=utf-8\" \/><br \/>\n<title>Documento sin t\u00edtulo<\/title><br \/>\n<\/head><\/p>\n<p><body><\/p>\n<h2 class=\"nomargin\">HEXIS<\/h2>\n<h3 class=\"silver\">ESPA\u00d1A<\/h3>\n<div class=\"headOffice-ES\">\n<h3 class=\"line-white\">HEXIS GRAPHICS ESPA\u00d1A<\/h3>\n<p><strong>&gt; BARCELONA<\/strong> \u00b7 C\/ Priora Xixilona, 62<br \/>\nP.I. Can Terrers \u00b7 08530 La Garriga<br \/>\n<strong>&gt; MADRID<\/strong> \u00b7 Camino Pajares y del Porcal 16<br \/>\nParque A3 \u00b7 28500 Arganda del Rey<\/p>\n<p><span class=\"inline\"><i class=\"icon-hexis hexis icon-phone red\"><\/i><a href=\"tel:+34937322500\">93 732 25 00<\/a><\/span><br \/>\n<a href=\"mailto:contact.es@hexisgroup.com\">contact.es@hexisgroup.com<\/a><\/p>\n<\/div>\n<p><\/p>\n<div class=\"clear\"><\/div>\n<div class=\"padding10 bg-silver margintop20\">\n<h3 class=\"line-red nomargin half\">Xavier CASAS<\/h3>\n<h3 class=\"silver half\">Director General<\/h3>\n<p><span class=\"inline\"><i class=\"icon-hexis hexis icon-phone red\"><\/i><a href=\"tel:+34937322500\">93 732 25 00<\/a><\/span><\/p>\n<\/div>\n<div class=\"clear\"><\/div>\n<div class=\"padding10 bg-silver margintop20\">\n<h3 class=\"line-red nomargin half\">Ripu BAKSHI<\/h3>\n<h3 class=\"silver half\">Director Comercial<\/h3>\n<p><span class=\"inline\"><i class=\"icon-hexis hexis icon-phone red\"><\/i><a href=\"tel:+34937322500\">93 732 25 00<\/a><\/span><br \/>\n<a href=\"mailto:ripu.bakshi@hexisgroup.com\">ripu.bakshi@hexisgroup.com<\/a><\/p>\n<\/div>\n<div class=\"clear\"><\/div>\n<h3 class=\"silve margintop10\"><span id=\"result_box\" lang=\"it\" xml:lang=\"it\">Nuestra red comercial<\/span><\/h3>\n<div class=\"clear\"><\/div>\n<div class=\"accordian fusion-accordian\"><div class=\"panel-group\" id=\"accordion-1\">\n<div class=\"fusion-panel panel-default\"><div class=\"panel-heading\"><h4 class=\"panel-title toggle\"><a data-toggle=\"collapse\" data-parent=\"#accordion-1\" data-target=\"#collapse-69deb46a10dbf\" href=\"#collapse-69deb46a10dbf\"><i class=\"fa-fusion-box\"><\/i>ANDALUC\u00cdA<\/a><\/h4><\/div><div id=\"collapse-69deb46a10dbf\" class=\"panel-collapse collapse \"><div class=\"panel-body toggle-content\">\n<div class=\"link-group\">\n<div class=\"hexis-vcard\">\n<h3 class=\"line-red\">Paco AGUILAR<\/h3>\n<p class=\"marginbottom40\"><i class=\"icon-hexis hexis icon-mobile red\"><\/i><a href=\"tel:+34683546575\">683 546 575<\/a><br \/>\n<i class=\"icon-hexis hexis icon-contact red\"><\/i><a href=\"mailto:paco.aguilar@hexisgroup.com\">paco.aguilar@hexisgroup.com<\/a><\/p>\n<\/div>\n<\/div>\n<\/div><\/div><\/div>\n<div class=\"fusion-panel panel-default\"><div class=\"panel-heading\"><h4 class=\"panel-title toggle\"><a data-toggle=\"collapse\" data-parent=\"#accordion-1\" data-target=\"#collapse-69deb46a10e10\" href=\"#collapse-69deb46a10e10\"><i class=\"fa-fusion-box\"><\/i>ARAG\u00d3N<\/a><\/h4><\/div><div id=\"collapse-69deb46a10e10\" class=\"panel-collapse collapse \"><div class=\"panel-body toggle-content\">\n<div class=\"link-group\">\n<div class=\"hexis-vcard\">\n<h3 class=\"line-red\">Manuel BUSTAMANTE<\/h3>\n<p class=\"marginbottom40\"><i class=\"icon-hexis hexis icon-mobile red\"><\/i><a href=\"tel:+34646068377\">646 068 377<\/a><br \/>\n<i class=\"icon-hexis hexis icon-contact red\"><\/i><a href=\"mailto:manuel.bustamante@hexisgroup.com\">manuel.bustamante@hexisgroup.com<\/a><\/p>\n<\/div>\n<\/div>\n<\/div><\/div><\/div>\n<div class=\"fusion-panel panel-default\"><div class=\"panel-heading\"><h4 class=\"panel-title toggle\"><a data-toggle=\"collapse\" data-parent=\"#accordion-1\" data-target=\"#collapse-69deb46a10e50\" href=\"#collapse-69deb46a10e50\"><i class=\"fa-fusion-box\"><\/i>ASTURIAS<\/a><\/h4><\/div><div id=\"collapse-69deb46a10e50\" class=\"panel-collapse collapse \"><div class=\"panel-body toggle-content\">\n<div class=\"link-group\">\n<div class=\"hexis-vcard\">\n<h3 class=\"line-red\">Javier ABAITUA<\/h3>\n<p class=\"marginbottom40\"><i class=\"icon-hexis hexis icon-mobile red\"><\/i><a href=\"tel:+34619879477\">619 879 477<\/a><br \/>\n<i class=\"icon-hexis hexis icon-contact red\"><\/i><a href=\"mailto:javier.abaitua@hexisgroup.com\">javier.abaitua@hexisgroup.com<\/a><\/p>\n<\/div>\n<\/div>\n<\/div><\/div><\/div>\n<div class=\"fusion-panel panel-default\"><div class=\"panel-heading\"><h4 class=\"panel-title toggle\"><a data-toggle=\"collapse\" data-parent=\"#accordion-1\" data-target=\"#collapse-69deb46a10e7d\" href=\"#collapse-69deb46a10e7d\"><i class=\"fa-fusion-box\"><\/i>ISLAS BALEARES<\/a><\/h4><\/div><div id=\"collapse-69deb46a10e7d\" class=\"panel-collapse collapse \"><div class=\"panel-body toggle-content\">\n<div class=\"link-group\">\n<div class=\"hexis-vcard\">\n<h3 class=\"line-red\">Manuel BUSTAMANTE<\/h3>\n<p class=\"marginbottom40\"><i class=\"icon-hexis hexis icon-mobile red\"><\/i><a href=\"tel:+34646068377\">646 068 377<\/a><br \/>\n<i class=\"icon-hexis hexis icon-contact red\"><\/i><a href=\"mailto:manuel.bustamante@hexisgroup.com\">manuel.bustamante@hexisgroup.com<\/a><\/p>\n<\/div>\n<\/div>\n<\/div><\/div><\/div>\n<div class=\"fusion-panel panel-default\"><div class=\"panel-heading\"><h4 class=\"panel-title toggle\"><a data-toggle=\"collapse\" data-parent=\"#accordion-1\" data-target=\"#collapse-69deb46a10ea9\" href=\"#collapse-69deb46a10ea9\"><i class=\"fa-fusion-box\"><\/i>CANARIAS<\/a><\/h4><\/div><div id=\"collapse-69deb46a10ea9\" class=\"panel-collapse collapse \"><div class=\"panel-body toggle-content\">\n<div class=\"link-group\">\n<div class=\"hexis-vcard\">\n<h3 class=\"line-red\">Atlantida Soluciones Digitales, S.L.<\/h3>\n<p><span class=\"inline\"><i class=\"icon-hexis hexis icon-phone red\"><\/i><a href=\"tel:+34922615992\">922 615 992<\/a><\/span><br \/>\n<i class=\"icon-hexis hexis icon-contact red\"><\/i><a href=\"mailto:info@atlantidasoluciones.es\">info@atlantidasoluciones.es<\/a><\/p>\n<\/div>\n<\/div>\n<\/div><\/div><\/div>\n<div class=\"fusion-panel panel-default\"><div class=\"panel-heading\"><h4 class=\"panel-title toggle\"><a data-toggle=\"collapse\" data-parent=\"#accordion-1\" data-target=\"#collapse-69deb46a10ed4\" href=\"#collapse-69deb46a10ed4\"><i class=\"fa-fusion-box\"><\/i>CANTABRIA<\/a><\/h4><\/div><div id=\"collapse-69deb46a10ed4\" class=\"panel-collapse collapse \"><div class=\"panel-body toggle-content\">\n<div class=\"link-group\">\n<div class=\"hexis-vcard\">\n<h3 class=\"line-red\">Javier ABAITUA<\/h3>\n<p class=\"marginbottom40\"><i class=\"icon-hexis hexis icon-mobile red\"><\/i><a href=\"tel:+34619879477\">619 879 477<\/a><br \/>\n<i class=\"icon-hexis hexis icon-contact red\"><\/i><a href=\"mailto:javier.abaitua@hexisgroup.com\">javier.abaitua@hexisgroup.com<\/a><\/p>\n<\/div>\n<\/div>\n<\/div><\/div><\/div>\n<div class=\"fusion-panel panel-default\"><div class=\"panel-heading\"><h4 class=\"panel-title toggle\"><a data-toggle=\"collapse\" data-parent=\"#accordion-1\" data-target=\"#collapse-69deb46a10efd\" href=\"#collapse-69deb46a10efd\"><i class=\"fa-fusion-box\"><\/i>CASTILLA LA MANCHA<\/a><\/h4><\/div><div id=\"collapse-69deb46a10efd\" class=\"panel-collapse collapse \"><div class=\"panel-body toggle-content\">\n<div class=\"link-group\">\n<div class=\"hexis-vcard\">\n<h3 class=\"line-red\">Paco AGUILAR<\/h3>\n<p class=\"marginbottom40\"><i class=\"icon-hexis hexis icon-mobile red\"><\/i><a href=\"tel:+34683546575\">683 546 575<\/a><br \/>\n<i class=\"icon-hexis hexis icon-contact red\"><\/i><a href=\"mailto:paco.aguilar@hexisgroup.com\">paco.aguilar@hexisgroup.com<\/a><\/p>\n<\/div>\n<\/div>\n<\/div><\/div><\/div>\n<div class=\"fusion-panel panel-default\"><div class=\"panel-heading\"><h4 class=\"panel-title toggle\"><a data-toggle=\"collapse\" data-parent=\"#accordion-1\" data-target=\"#collapse-69deb46a10f27\" href=\"#collapse-69deb46a10f27\"><i class=\"fa-fusion-box\"><\/i>CASTILLA Y LE\u00d3N<\/a><\/h4><\/div><div id=\"collapse-69deb46a10f27\" class=\"panel-collapse collapse \"><div class=\"panel-body toggle-content\">\n<div class=\"link-group\">\n<div class=\"hexis-vcard\">\n<h3 class=\"line-red\">David GARC\u00cdA<\/h3>\n<p class=\"marginbottom40\"><i class=\"icon-hexis hexis icon-mobile red\"><\/i><a href=\"tel:+34638664210 \">638 664 210<\/a><br \/>\n<i class=\"icon-hexis hexis icon-contact red\"><\/i><a href=\"mailto:david.garcia@hexisgroup.com\">david.garcia@hexisgroup.com<\/a><\/p>\n<\/div>\n<\/div>\n<\/div><\/div><\/div>\n<div class=\"fusion-panel panel-default\"><div class=\"panel-heading\"><h4 class=\"panel-title toggle\"><a data-toggle=\"collapse\" data-parent=\"#accordion-1\" data-target=\"#collapse-69deb46a10f51\" href=\"#collapse-69deb46a10f51\"><i class=\"fa-fusion-box\"><\/i>CATALU\u00d1A<\/a><\/h4><\/div><div id=\"collapse-69deb46a10f51\" class=\"panel-collapse collapse \"><div class=\"panel-body toggle-content\">\n<div class=\"link-group\">\n<div class=\"hexis-vcard\">\n<h3 class=\"line-red\">Aitor HERRERO<\/h3>\n<p class=\"marginbottom40\"><i class=\"icon-hexis hexis icon-mobile red\"><\/i><a href=\"tel:+34617593168\">617 593 168<\/a><br \/>\n<i class=\"icon-hexis hexis icon-contact red\"><\/i><a href=\"mailto:aitor.herrero@hexisgroup.com\">aitor.herrero@hexisgroup.com<\/a><\/p>\n<\/div>\n<div class=\"hexis-vcard\">\n<h3 class=\"line-red\">Manuel BUSTAMANTE<\/h3>\n<p class=\"marginbottom40\"><i class=\"icon-hexis hexis icon-mobile red\"><\/i><a href=\"tel:+34646068377\">646 068 377<\/a><br \/>\n<i class=\"icon-hexis hexis icon-contact red\"><\/i><a href=\"mailto:manuel.bustamante@hexisgroup.com\">manuel.bustamante@hexisgroup.com<\/a><\/p>\n<\/div>\n<\/div>\n<\/div><\/div><\/div>\n<div class=\"fusion-panel panel-default\"><div class=\"panel-heading\"><h4 class=\"panel-title toggle\"><a data-toggle=\"collapse\" data-parent=\"#accordion-1\" data-target=\"#collapse-69deb46a10f85\" href=\"#collapse-69deb46a10f85\"><i class=\"fa-fusion-box\"><\/i>COMUNIDAD VALENCIANA<\/a><\/h4><\/div><div id=\"collapse-69deb46a10f85\" class=\"panel-collapse collapse \"><div class=\"panel-body toggle-content\">\n<div class=\"link-group\">\n<div class=\"hexis-vcard\">\n<h3 class=\"line-red\">Joaqu\u00edn D\u00cdAZ<\/h3>\n<p><span class=\"inline\"><i class=\"icon-hexis hexis icon-phone red\"><\/i><a href=\"tel:+34683576636\">683 576 636<\/a><\/span><br \/>\n<i class=\"icon-hexis hexis icon-contact red\"><\/i><a href=\"mailto:joaquin.diaz@hexisgroup.com\">joaquin.diaz@hexisgroup.com<\/a><\/p>\n<\/div>\n<\/div>\n<\/div><\/div><\/div>\n<div class=\"fusion-panel panel-default\"><div class=\"panel-heading\"><h4 class=\"panel-title toggle\"><a data-toggle=\"collapse\" data-parent=\"#accordion-1\" data-target=\"#collapse-69deb46a10faf\" href=\"#collapse-69deb46a10faf\"><i class=\"fa-fusion-box\"><\/i>EXTREMADURA<\/a><\/h4><\/div><div id=\"collapse-69deb46a10faf\" class=\"panel-collapse collapse \"><div class=\"panel-body toggle-content\">\n<div class=\"link-group\">\n<div class=\"hexis-vcard\">\n<h3 class=\"line-red\">David GARC\u00cdA<\/h3>\n<p class=\"marginbottom40\"><i class=\"icon-hexis hexis icon-mobile red\"><\/i><a href=\"tel:+34638664210 \">638 664 210<\/a><br \/>\n<i class=\"icon-hexis hexis icon-contact red\"><\/i><a href=\"mailto:david.garcia@hexisgroup.com\">david.garcia@hexisgroup.com<\/a><\/p>\n<\/div>\n<\/div>\n<\/div><\/div><\/div>\n<div class=\"fusion-panel panel-default\"><div class=\"panel-heading\"><h4 class=\"panel-title toggle\"><a data-toggle=\"collapse\" data-parent=\"#accordion-1\" data-target=\"#collapse-69deb46a10fd8\" href=\"#collapse-69deb46a10fd8\"><i class=\"fa-fusion-box\"><\/i>GALICIA<\/a><\/h4><\/div><div id=\"collapse-69deb46a10fd8\" class=\"panel-collapse collapse \"><div class=\"panel-body toggle-content\">\n<div class=\"link-group\">\n<div class=\"hexis-vcard\">\n<h3 class=\"line-red\">David GARC\u00cdA<\/h3>\n<p class=\"marginbottom40\"><i class=\"icon-hexis hexis icon-mobile red\"><\/i><a href=\"tel:+34638664210 \">638 664 210<\/a><br \/>\n<i class=\"icon-hexis hexis icon-contact red\"><\/i><a href=\"mailto:david.garcia@hexisgroup.com\">david.garcia@hexisgroup.com<\/a><\/p>\n<\/div>\n<\/div>\n<\/div><\/div><\/div>\n<div class=\"fusion-panel panel-default\"><div class=\"panel-heading\"><h4 class=\"panel-title toggle\"><a data-toggle=\"collapse\" data-parent=\"#accordion-1\" data-target=\"#collapse-69deb46a11001\" href=\"#collapse-69deb46a11001\"><i class=\"fa-fusion-box\"><\/i>LA RIOJA<\/a><\/h4><\/div><div id=\"collapse-69deb46a11001\" class=\"panel-collapse collapse \"><div class=\"panel-body toggle-content\">\n<div class=\"link-group\">\n<div class=\"hexis-vcard\">\n<h3 class=\"line-red\">Javier ABAITUA<\/h3>\n<p class=\"marginbottom40\"><i class=\"icon-hexis hexis icon-mobile red\"><\/i><a href=\"tel:+34619879477\">619 879 477<\/a><br \/>\n<i class=\"icon-hexis hexis icon-contact red\"><\/i><a href=\"mailto:javier.abaitua@hexisgroup.com\">javier.abaitua@hexisgroup.com<\/a><\/p>\n<\/div>\n<\/div>\n<\/div><\/div><\/div>\n<div class=\"fusion-panel panel-default\"><div class=\"panel-heading\"><h4 class=\"panel-title toggle\"><a data-toggle=\"collapse\" data-parent=\"#accordion-1\" data-target=\"#collapse-69deb46a1102b\" href=\"#collapse-69deb46a1102b\"><i class=\"fa-fusion-box\"><\/i>MADRID<\/a><\/h4><\/div><div id=\"collapse-69deb46a1102b\" class=\"panel-collapse collapse \"><div class=\"panel-body toggle-content\">\n<div class=\"link-group\">\n<div class=\"hexis-vcard\">\n<h3 class=\"line-red\">David GARC\u00cdA<\/h3>\n<p class=\"marginbottom40\"><i class=\"icon-hexis hexis icon-mobile red\"><\/i><a href=\"tel:+34638664210 \">638 664 210<\/a><br \/>\n<i class=\"icon-hexis hexis icon-contact red\"><\/i><a href=\"mailto:david.garcia@hexisgroup.com\">david.garcia@hexisgroup.com<\/a><\/p>\n<\/div>\n<p><strong><\/strong><\/p>\n<div class=\"hexis-vcard marginleft-30\">\n<h3 class=\"line-red\">Jos\u00e9 Antonio FERN\u00c1NDEZ<\/h3>\n<p class=\"marginbottom40\"><i class=\"icon-hexis hexis icon-mobile red\"><\/i><a href=\"tel:+34618054893\">618 054 893<\/a><br \/>\n<i class=\"icon-hexis hexis icon-contact red\"><\/i><a href=\"mailto:jose-antonio.fernandez@hexisgroup.com\">jose-antonio.fernandez@hexisgroup.com<\/a><\/p>\n<\/div>\n<\/div>\n<\/div><\/div><\/div>\n<div class=\"fusion-panel panel-default\"><div class=\"panel-heading\"><h4 class=\"panel-title toggle\"><a data-toggle=\"collapse\" data-parent=\"#accordion-1\" data-target=\"#collapse-69deb46a1106c\" href=\"#collapse-69deb46a1106c\"><i class=\"fa-fusion-box\"><\/i>NAVARRA<\/a><\/h4><\/div><div id=\"collapse-69deb46a1106c\" class=\"panel-collapse collapse \"><div class=\"panel-body toggle-content\">\n<div class=\"link-group\">\n<div class=\"hexis-vcard\">\n<h3 class=\"line-red\">Javier ABAITUA<\/h3>\n<p class=\"marginbottom40\"><i class=\"icon-hexis hexis icon-mobile red\"><\/i><a href=\"tel:+34619879477\">619 879 477<\/a><br \/>\n<i class=\"icon-hexis hexis icon-contact red\"><\/i><a href=\"mailto:javier.abaitua@hexisgroup.com\">javier.abaitua@hexisgroup.com<\/a><\/p>\n<\/div>\n<\/div>\n<\/div><\/div><\/div>\n<div class=\"fusion-panel panel-default\"><div class=\"panel-heading\"><h4 class=\"panel-title toggle\"><a data-toggle=\"collapse\" data-parent=\"#accordion-1\" data-target=\"#collapse-69deb46a11097\" href=\"#collapse-69deb46a11097\"><i class=\"fa-fusion-box\"><\/i>PA\u00cdS VASCO<\/a><\/h4><\/div><div id=\"collapse-69deb46a11097\" class=\"panel-collapse collapse \"><div class=\"panel-body toggle-content\">\n<div class=\"link-group\">\n<div class=\"hexis-vcard\">\n<h3 class=\"line-red\">Javier ABAITUA<\/h3>\n<p class=\"marginbottom40\"><i class=\"icon-hexis hexis icon-mobile red\"><\/i><a href=\"tel:+34619879477\">619 879 477<\/a><br \/>\n<i class=\"icon-hexis hexis icon-contact red\"><\/i><a href=\"mailto:javier.abaitua@hexisgroup.com\">javier.abaitua@hexisgroup.com<\/a><\/p>\n<\/div>\n<\/div>\n<\/div><\/div><\/div>\n<div class=\"fusion-panel panel-default\"><div class=\"panel-heading\"><h4 class=\"panel-title toggle\"><a data-toggle=\"collapse\" data-parent=\"#accordion-1\" data-target=\"#collapse-69deb46a110c4\" href=\"#collapse-69deb46a110c4\"><i class=\"fa-fusion-box\"><\/i>MURCIA<\/a><\/h4><\/div><div id=\"collapse-69deb46a110c4\" class=\"panel-collapse collapse \"><div class=\"panel-body toggle-content\">\n<div class=\"link-group\">\n<div class=\"hexis-vcard\">\n<h3 class=\"line-red\">Joaqu\u00edn D\u00cdAZ<\/h3>\n<p><span class=\"inline\"><i class=\"icon-hexis hexis icon-phone red\"><\/i><a href=\"tel:+34683576636\">683 576 636<\/a><\/span><br \/>\n<i class=\"icon-hexis hexis icon-contact red\"><\/i><a href=\"mailto:joaquin.diaz@hexisgroup.com\">joaquin.diaz@hexisgroup.com<\/a><\/p>\n<\/div>\n<\/div>\n<\/div><\/div><\/div>\n<\/div><\/div>\n<\/body><br \/>\n<\/html><\/p>\n","protected":false},"excerpt":{"rendered":"<p>Documento sin t\u00edtulo HEXIS ESPA\u00d1A HEXIS GRAPHICS ESPA\u00d1A &gt; BARCELONA \u00b7 C\/ Priora Xixilona, 62 P.I. Can Terrers \u00b7 08530 La Garriga &gt; MADRID \u00b7 Camino Pajares y del Porcal 16 Parque A3 \u00b7 28500 Arganda del Rey 93 732 25 00 contact.es@hexisgroup.com Xavier CASAS Director General 93 732 25 00 Ripu BAKSHI Director Comercial [&hellip;]<\/p>\n","protected":false},"author":1,"featured_media":0,"parent":0,"menu_order":90,"comment_status":"closed","ping_status":"closed","template":"page-distribution.php","meta":{"footnotes":""},"class_list":["post-6440","page","type-page","status-publish","hentry"],"yoast_head":"<!-- This site is optimized with the Yoast SEO plugin v26.9 - https:\/\/yoast.com\/product\/yoast-seo-wordpress\/ -->\n<title>D\u00f3nde comprar - HEXIS Graphics<\/title>\n<meta name=\"robots\" content=\"index, follow, max-snippet:-1, max-image-preview:large, max-video-preview:-1\" \/>\n<link rel=\"canonical\" href=\"https:\/\/www.hexis-graphics.com\/es\/donde-comprar\/\" \/>\n<meta property=\"og:locale\" content=\"es_ES\" \/>\n<meta property=\"og:type\" content=\"article\" \/>\n<meta property=\"og:title\" content=\"D\u00f3nde comprar - HEXIS Graphics\" \/>\n<meta property=\"og:description\" content=\"Documento sin t\u00edtulo HEXIS ESPA\u00d1A HEXIS GRAPHICS ESPA\u00d1A &gt; BARCELONA \u00b7 C\/ Priora Xixilona, 62 P.I. Can Terrers \u00b7 08530 La Garriga &gt; MADRID \u00b7 Camino Pajares y del Porcal 16 Parque A3 \u00b7 28500 Arganda del Rey 93 732 25 00 contact.es@hexisgroup.com Xavier CASAS Director General 93 732 25 00 Ripu BAKSHI Director Comercial [&hellip;]\" \/>\n<meta property=\"og:url\" content=\"https:\/\/www.hexis-graphics.com\/es\/donde-comprar\/\" \/>\n<meta property=\"og:site_name\" content=\"HEXIS Graphics\" \/>\n<meta property=\"article:publisher\" content=\"https:\/\/www.facebook.com\/hexisgraphics\" \/>\n<meta property=\"article:modified_time\" content=\"2024-01-22T18:17:11+00:00\" \/>\n<meta property=\"og:image\" content=\"https:\/\/www.hexis-graphics.com\/hexisgraphics\/2016\/05\/logo_HEXIS.jpg\" \/>\n\t<meta property=\"og:image:width\" content=\"250\" \/>\n\t<meta property=\"og:image:height\" content=\"107\" \/>\n\t<meta property=\"og:image:type\" content=\"image\/jpeg\" \/>\n<meta name=\"twitter:card\" content=\"summary_large_image\" \/>\n<meta name=\"twitter:site\" content=\"@hexisgraphics\" \/>\n<meta name=\"twitter:label1\" content=\"Tiempo de lectura\" \/>\n\t<meta name=\"twitter:data1\" content=\"1 minuto\" \/>\n<script type=\"application\/ld+json\" class=\"yoast-schema-graph\">{\"@context\":\"https:\/\/schema.org\",\"@graph\":[{\"@type\":\"WebPage\",\"@id\":\"https:\/\/www.hexis-graphics.com\/es\/donde-comprar\/\",\"url\":\"https:\/\/www.hexis-graphics.com\/es\/donde-comprar\/\",\"name\":\"D\u00f3nde comprar - HEXIS Graphics\",\"isPartOf\":{\"@id\":\"https:\/\/www.hexis-graphics.com\/es\/#website\"},\"datePublished\":\"2015-06-19T15:30:32+00:00\",\"dateModified\":\"2024-01-22T18:17:11+00:00\",\"breadcrumb\":{\"@id\":\"https:\/\/www.hexis-graphics.com\/es\/donde-comprar\/#breadcrumb\"},\"inLanguage\":\"es\",\"potentialAction\":[{\"@type\":\"ReadAction\",\"target\":[\"https:\/\/www.hexis-graphics.com\/es\/donde-comprar\/\"]}]},{\"@type\":\"BreadcrumbList\",\"@id\":\"https:\/\/www.hexis-graphics.com\/es\/donde-comprar\/#breadcrumb\",\"itemListElement\":[{\"@type\":\"ListItem\",\"position\":1,\"name\":\"Accueil\",\"item\":\"https:\/\/www.hexis-graphics.com\/es\/\"},{\"@type\":\"ListItem\",\"position\":2,\"name\":\"D\u00f3nde comprar\"}]},{\"@type\":\"WebSite\",\"@id\":\"https:\/\/www.hexis-graphics.com\/es\/#website\",\"url\":\"https:\/\/www.hexis-graphics.com\/es\/\",\"name\":\"HEXIS Graphics\",\"description\":\"Manufacturer of self-adhesive films\",\"publisher\":{\"@id\":\"https:\/\/www.hexis-graphics.com\/es\/#organization\"},\"potentialAction\":[{\"@type\":\"SearchAction\",\"target\":{\"@type\":\"EntryPoint\",\"urlTemplate\":\"https:\/\/www.hexis-graphics.com\/es\/?s={search_term_string}\"},\"query-input\":{\"@type\":\"PropertyValueSpecification\",\"valueRequired\":true,\"valueName\":\"search_term_string\"}}],\"inLanguage\":\"es\"},{\"@type\":\"Organization\",\"@id\":\"https:\/\/www.hexis-graphics.com\/es\/#organization\",\"name\":\"HEXIS Graphics\",\"url\":\"https:\/\/www.hexis-graphics.com\/es\/\",\"logo\":{\"@type\":\"ImageObject\",\"inLanguage\":\"es\",\"@id\":\"https:\/\/www.hexis-graphics.com\/es\/#\/schema\/logo\/image\/\",\"url\":\"https:\/\/www.hexis-graphics.com\/hexisgraphics\/2016\/05\/logo_HEXIS.jpg\",\"contentUrl\":\"https:\/\/www.hexis-graphics.com\/hexisgraphics\/2016\/05\/logo_HEXIS.jpg\",\"width\":250,\"height\":107,\"caption\":\"HEXIS Graphics\"},\"image\":{\"@id\":\"https:\/\/www.hexis-graphics.com\/es\/#\/schema\/logo\/image\/\"},\"sameAs\":[\"https:\/\/www.facebook.com\/hexisgraphics\",\"https:\/\/x.com\/hexisgraphics\",\"https:\/\/www.instagram.com\/hexisgraphics\/\",\"https:\/\/fr.linkedin.com\/company\/hexis-s-a-\",\"https:\/\/www.youtube.com\/user\/HEXISSA\"]}]}<\/script>\n<!-- \/ Yoast SEO plugin. -->","yoast_head_json":{"title":"D\u00f3nde comprar - HEXIS Graphics","robots":{"index":"index","follow":"follow","max-snippet":"max-snippet:-1","max-image-preview":"max-image-preview:large","max-video-preview":"max-video-preview:-1"},"canonical":"https:\/\/www.hexis-graphics.com\/es\/donde-comprar\/","og_locale":"es_ES","og_type":"article","og_title":"D\u00f3nde comprar - HEXIS Graphics","og_description":"Documento sin t\u00edtulo HEXIS ESPA\u00d1A HEXIS GRAPHICS ESPA\u00d1A &gt; BARCELONA \u00b7 C\/ Priora Xixilona, 62 P.I. Can Terrers \u00b7 08530 La Garriga &gt; MADRID \u00b7 Camino Pajares y del Porcal 16 Parque A3 \u00b7 28500 Arganda del Rey 93 732 25 00 contact.es@hexisgroup.com Xavier CASAS Director General 93 732 25 00 Ripu BAKSHI Director Comercial [&hellip;]","og_url":"https:\/\/www.hexis-graphics.com\/es\/donde-comprar\/","og_site_name":"HEXIS Graphics","article_publisher":"https:\/\/www.facebook.com\/hexisgraphics","article_modified_time":"2024-01-22T18:17:11+00:00","og_image":[{"width":250,"height":107,"url":"https:\/\/www.hexis-graphics.com\/hexisgraphics\/2016\/05\/logo_HEXIS.jpg","type":"image\/jpeg"}],"twitter_card":"summary_large_image","twitter_site":"@hexisgraphics","twitter_misc":{"Tiempo de lectura":"1 minuto"},"schema":{"@context":"https:\/\/schema.org","@graph":[{"@type":"WebPage","@id":"https:\/\/www.hexis-graphics.com\/es\/donde-comprar\/","url":"https:\/\/www.hexis-graphics.com\/es\/donde-comprar\/","name":"D\u00f3nde comprar - HEXIS Graphics","isPartOf":{"@id":"https:\/\/www.hexis-graphics.com\/es\/#website"},"datePublished":"2015-06-19T15:30:32+00:00","dateModified":"2024-01-22T18:17:11+00:00","breadcrumb":{"@id":"https:\/\/www.hexis-graphics.com\/es\/donde-comprar\/#breadcrumb"},"inLanguage":"es","potentialAction":[{"@type":"ReadAction","target":["https:\/\/www.hexis-graphics.com\/es\/donde-comprar\/"]}]},{"@type":"BreadcrumbList","@id":"https:\/\/www.hexis-graphics.com\/es\/donde-comprar\/#breadcrumb","itemListElement":[{"@type":"ListItem","position":1,"name":"Accueil","item":"https:\/\/www.hexis-graphics.com\/es\/"},{"@type":"ListItem","position":2,"name":"D\u00f3nde comprar"}]},{"@type":"WebSite","@id":"https:\/\/www.hexis-graphics.com\/es\/#website","url":"https:\/\/www.hexis-graphics.com\/es\/","name":"HEXIS Graphics","description":"Manufacturer of self-adhesive films","publisher":{"@id":"https:\/\/www.hexis-graphics.com\/es\/#organization"},"potentialAction":[{"@type":"SearchAction","target":{"@type":"EntryPoint","urlTemplate":"https:\/\/www.hexis-graphics.com\/es\/?s={search_term_string}"},"query-input":{"@type":"PropertyValueSpecification","valueRequired":true,"valueName":"search_term_string"}}],"inLanguage":"es"},{"@type":"Organization","@id":"https:\/\/www.hexis-graphics.com\/es\/#organization","name":"HEXIS Graphics","url":"https:\/\/www.hexis-graphics.com\/es\/","logo":{"@type":"ImageObject","inLanguage":"es","@id":"https:\/\/www.hexis-graphics.com\/es\/#\/schema\/logo\/image\/","url":"https:\/\/www.hexis-graphics.com\/hexisgraphics\/2016\/05\/logo_HEXIS.jpg","contentUrl":"https:\/\/www.hexis-graphics.com\/hexisgraphics\/2016\/05\/logo_HEXIS.jpg","width":250,"height":107,"caption":"HEXIS Graphics"},"image":{"@id":"https:\/\/www.hexis-graphics.com\/es\/#\/schema\/logo\/image\/"},"sameAs":["https:\/\/www.facebook.com\/hexisgraphics","https:\/\/x.com\/hexisgraphics","https:\/\/www.instagram.com\/hexisgraphics\/","https:\/\/fr.linkedin.com\/company\/hexis-s-a-","https:\/\/www.youtube.com\/user\/HEXISSA"]}]}},"_links":{"self":[{"href":"https:\/\/www.hexis-graphics.com\/es\/wp-json\/wp\/v2\/pages\/6440","targetHints":{"allow":["GET"]}}],"collection":[{"href":"https:\/\/www.hexis-graphics.com\/es\/wp-json\/wp\/v2\/pages"}],"about":[{"href":"https:\/\/www.hexis-graphics.com\/es\/wp-json\/wp\/v2\/types\/page"}],"author":[{"embeddable":true,"href":"https:\/\/www.hexis-graphics.com\/es\/wp-json\/wp\/v2\/users\/1"}],"replies":[{"embeddable":true,"href":"https:\/\/www.hexis-graphics.com\/es\/wp-json\/wp\/v2\/comments?post=6440"}],"version-history":[{"count":6,"href":"https:\/\/www.hexis-graphics.com\/es\/wp-json\/wp\/v2\/pages\/6440\/revisions"}],"predecessor-version":[{"id":47212,"href":"https:\/\/www.hexis-graphics.com\/es\/wp-json\/wp\/v2\/pages\/6440\/revisions\/47212"}],"wp:attachment":[{"href":"https:\/\/www.hexis-graphics.com\/es\/wp-json\/wp\/v2\/media?parent=6440"}],"curies":[{"name":"wp","href":"https:\/\/api.w.org\/{rel}","templated":true}]}}