{"id":5976,"date":"2015-11-03T20:05:30","date_gmt":"2015-11-03T20:05:30","guid":{"rendered":"https:\/\/www.hexis-graphics.com\/es\/?page_id=5976"},"modified":"2022-10-14T05:15:10","modified_gmt":"2022-10-14T05:15:10","slug":"manuales","status":"publish","type":"page","link":"https:\/\/www.hexis-graphics.com\/es\/soporte\/impresion-digital\/manuales\/","title":{"rendered":"Manuales"},"content":{"rendered":"<p style=\"text-align: justify;\">Aqu\u00ed encontrar\u00e1 diversas gu\u00edas y un explicativo sobre la importaci\u00f3n y el uso de perfiles icc.<br \/>\nUna gu\u00eda completa y exhaustiva sobre la gesti\u00f3n del color est\u00e1 tambi\u00e9n disponible. Cada pdf contiene explicaciones espec\u00edficas de importaci\u00f3n para cada RIP y los ajustes colorim\u00e9tricos que se aplican para el buen uso de estos perfiles. Recuerde que no hay una respuesta preparada y que hay que dominar el conjunto del canal gr\u00e1fico.<\/p>\n<div style=\"clear: both;\"><\/div>\n<div style=\"border: 1px solid #efefef;padding: 20px 40px;margin-bottom: 25px;background:#F7F5F5;width: 35%;float: left;min-width: 240px;\">\n<h1 class=\"titreArticle\">Gu\u00eda de aplicaci\u00f3n<\/h1>\n<p>Nociones b\u00e1sicas para comprender y controlar la impresi\u00f3n digital de gran formato<\/p>\n<div class=\"bg-red button-background-mini margintop5\"><a class=\"lien1\" href=\"https:\/\/www.hexis-graphics.com\/hexisgraphics\/2018\/06\/HEXIS_IMN_Guide_ES.zip\" target=\"_blank\"><i class=\"icon-hexis hexis icon-brochure white\"><\/i> DESCARGAR 9 Mo<\/a><\/div>\n<\/div>\n<div style=\"clear: both;\"><\/div>\n<div style=\"float: left;padding: 20px;width: 94%;border: 1px solid #efefef;margin: 10px 0px;\">\n<div style=\"float: left;\">\n<h1 class=\"titreArticle\">Versaworks<\/h1>\n<p>Importaci\u00f3n de perfiles y configuraci\u00f3n en Versaworks<\/p>\n<\/div>\n<div class=\"bg-red button-background-mini margintop5\" style=\"float: right;\"><a class=\"lien1\" href=\"https:\/\/hexis-graphics.com\/documents\/guide\/document_en\/EFU.DOC.13A-EN_Configuring_RolandVersaWorks_to_print_on_your_HEXIS_media.pdf\" target=\"_blank\"><i class=\"icon-hexis hexis icon-brochure white\"><\/i> DESCARGAR 706 Ko<\/a><\/div>\n<\/div>\n<div style=\"float: left;padding: 20px;width: 94%;border: 1px solid #efefef;margin: 10px 0px;\">\n<div style=\"float: left;\">\n<h1 class=\"titreArticle\">Caldera<\/h1>\n<p>Importaci\u00f3n de perfiles y configuraci\u00f3n en Caldera<\/p>\n<\/div>\n<div class=\"bg-red button-background-mini margintop5\" style=\"float: right;\"><a class=\"lien1\" href=\"https:\/\/hexis-graphics.com\/documents\/guide\/document_en\/EFU.DOC.14A-EN_Configuring_Caldera_to_print_on_your_HEXIS_media.pdf\" target=\"_blank\"><i class=\"icon-hexis hexis icon-brochure white\"><\/i> DESCARGAR 2 Mo<\/a><\/div>\n<\/div>\n<div style=\"float: left;padding: 20px;width: 94%;border: 1px solid #efefef;margin: 10px 0px;\">\n<div style=\"float: left;\">\n<h1 class=\"titreArticle\">Onyx<\/h1>\n<p>Importaci\u00f3n de perfiles y configuraci\u00f3n en Onyx<\/p>\n<\/div>\n<div class=\"bg-red button-background-mini margintop5\" style=\"float: right;\"><a class=\"lien1\" href=\"https:\/\/hexis-graphics.com\/documents\/guide\/document_en\/EFU.DOC.15A-EN_Configuring_Onyx_to_print_on_your_HEXIS_media.pdf\" target=\"_blank\"><i class=\"icon-hexis hexis icon-brochure white\"><\/i> DESCARGAR 1 Mo<\/a><\/div>\n<\/div>\n<div style=\"float: left;padding: 20px;width: 94%;border: 1px solid #efefef;margin: 10px 0px;\">\n<div style=\"float: left;\">\n<h1 class=\"titreArticle\">Wasatch<\/h1>\n<p>Importaci\u00f3n de perfiles en Wasatch<\/p>\n<\/div>\n<div class=\"bg-red button-background-mini margintop5\" style=\"float: right;\"><a class=\"lien1\" href=\"https:\/\/hexis-graphics.com\/documents\/guide\/document_fr\/technical_bulletin_import_icc_wasatch_v1_eng.pdf\" target=\"_blank\"><i class=\"icon-hexis hexis icon-brochure white\"><\/i> DESCARGAR 828 Ko<\/a><\/div>\n<\/div>\n<div style=\"float: left;padding: 20px;width: 94%;border: 1px solid #efefef;margin: 10px 0px;\">\n<div style=\"float: left;\">\n<h1 class=\"titreArticle\">Scanvec<\/h1>\n<p>Importaci\u00f3n de perfiles en Scanvec<\/p>\n<\/div>\n<div class=\"bg-red button-background-mini margintop5\" style=\"float: right;\"><a class=\"lien1\" href=\"https:\/\/hexis-graphics.com\/documents\/guide\/document_fr\/technical_bulletin_import_icc_SAi_v1_eng.pdf\" target=\"_blank\"><i class=\"icon-hexis hexis icon-brochure white\"><\/i> DESCARGAR 786 Ko<\/a><\/div>\n<\/div>\n","protected":false},"excerpt":{"rendered":"<p>Aqu\u00ed encontrar\u00e1 diversas gu\u00edas y un explicativo sobre la importaci\u00f3n y el uso de perfiles icc. Una gu\u00eda completa y exhaustiva sobre la gesti\u00f3n del color est\u00e1 tambi\u00e9n disponible. Cada pdf contiene explicaciones espec\u00edficas de importaci\u00f3n para cada RIP y los ajustes colorim\u00e9tricos que se aplican para el buen uso de estos perfiles. Recuerde que [&hellip;]<\/p>\n","protected":false},"author":1,"featured_media":0,"parent":5441,"menu_order":0,"comment_status":"closed","ping_status":"closed","template":"page-imn.php","meta":{"footnotes":""},"class_list":["post-5976","page","type-page","status-publish","hentry"],"yoast_head":"<!-- This site is optimized with the Yoast SEO plugin v26.9 - https:\/\/yoast.com\/product\/yoast-seo-wordpress\/ -->\n<title>Manuales - HEXIS Graphics<\/title>\n<meta name=\"robots\" content=\"index, follow, max-snippet:-1, max-image-preview:large, max-video-preview:-1\" \/>\n<link rel=\"canonical\" href=\"https:\/\/www.hexis-graphics.com\/es\/soporte\/impresion-digital\/manuales\/\" \/>\n<meta property=\"og:locale\" content=\"es_ES\" \/>\n<meta property=\"og:type\" content=\"article\" \/>\n<meta property=\"og:title\" content=\"Manuales - HEXIS Graphics\" \/>\n<meta property=\"og:description\" content=\"Aqu\u00ed encontrar\u00e1 diversas gu\u00edas y un explicativo sobre la importaci\u00f3n y el uso de perfiles icc. Una gu\u00eda completa y exhaustiva sobre la gesti\u00f3n del color est\u00e1 tambi\u00e9n disponible. Cada pdf contiene explicaciones espec\u00edficas de importaci\u00f3n para cada RIP y los ajustes colorim\u00e9tricos que se aplican para el buen uso de estos perfiles. Recuerde que [&hellip;]\" \/>\n<meta property=\"og:url\" content=\"https:\/\/www.hexis-graphics.com\/es\/soporte\/impresion-digital\/manuales\/\" \/>\n<meta property=\"og:site_name\" content=\"HEXIS Graphics\" \/>\n<meta property=\"article:publisher\" content=\"https:\/\/www.facebook.com\/hexisgraphics\" \/>\n<meta property=\"article:modified_time\" content=\"2022-10-14T05:15:10+00:00\" \/>\n<meta property=\"og:image\" content=\"https:\/\/www.hexis-graphics.com\/hexisgraphics\/2016\/05\/logo_HEXIS.jpg\" \/>\n\t<meta property=\"og:image:width\" content=\"250\" \/>\n\t<meta property=\"og:image:height\" content=\"107\" \/>\n\t<meta property=\"og:image:type\" content=\"image\/jpeg\" \/>\n<meta name=\"twitter:card\" content=\"summary_large_image\" \/>\n<meta name=\"twitter:site\" content=\"@hexisgraphics\" \/>\n<meta name=\"twitter:label1\" content=\"Tiempo de lectura\" \/>\n\t<meta name=\"twitter:data1\" content=\"1 minuto\" \/>\n<script type=\"application\/ld+json\" class=\"yoast-schema-graph\">{\"@context\":\"https:\/\/schema.org\",\"@graph\":[{\"@type\":\"WebPage\",\"@id\":\"https:\/\/www.hexis-graphics.com\/es\/soporte\/impresion-digital\/manuales\/\",\"url\":\"https:\/\/www.hexis-graphics.com\/es\/soporte\/impresion-digital\/manuales\/\",\"name\":\"Manuales - HEXIS Graphics\",\"isPartOf\":{\"@id\":\"https:\/\/www.hexis-graphics.com\/es\/#website\"},\"datePublished\":\"2015-11-03T20:05:30+00:00\",\"dateModified\":\"2022-10-14T05:15:10+00:00\",\"breadcrumb\":{\"@id\":\"https:\/\/www.hexis-graphics.com\/es\/soporte\/impresion-digital\/manuales\/#breadcrumb\"},\"inLanguage\":\"es\",\"potentialAction\":[{\"@type\":\"ReadAction\",\"target\":[\"https:\/\/www.hexis-graphics.com\/es\/soporte\/impresion-digital\/manuales\/\"]}]},{\"@type\":\"BreadcrumbList\",\"@id\":\"https:\/\/www.hexis-graphics.com\/es\/soporte\/impresion-digital\/manuales\/#breadcrumb\",\"itemListElement\":[{\"@type\":\"ListItem\",\"position\":1,\"name\":\"Accueil\",\"item\":\"https:\/\/www.hexis-graphics.com\/es\/\"},{\"@type\":\"ListItem\",\"position\":2,\"name\":\"Soporte t\u00e9cnico\",\"item\":\"https:\/\/www.hexis-graphics.com\/es\/soporte\/\"},{\"@type\":\"ListItem\",\"position\":3,\"name\":\"Impresi\u00f3n digital\",\"item\":\"https:\/\/www.hexis-graphics.com\/es\/soporte\/impresion-digital\/\"},{\"@type\":\"ListItem\",\"position\":4,\"name\":\"Manuales\"}]},{\"@type\":\"WebSite\",\"@id\":\"https:\/\/www.hexis-graphics.com\/es\/#website\",\"url\":\"https:\/\/www.hexis-graphics.com\/es\/\",\"name\":\"HEXIS Graphics\",\"description\":\"Manufacturer of self-adhesive films\",\"publisher\":{\"@id\":\"https:\/\/www.hexis-graphics.com\/es\/#organization\"},\"potentialAction\":[{\"@type\":\"SearchAction\",\"target\":{\"@type\":\"EntryPoint\",\"urlTemplate\":\"https:\/\/www.hexis-graphics.com\/es\/?s={search_term_string}\"},\"query-input\":{\"@type\":\"PropertyValueSpecification\",\"valueRequired\":true,\"valueName\":\"search_term_string\"}}],\"inLanguage\":\"es\"},{\"@type\":\"Organization\",\"@id\":\"https:\/\/www.hexis-graphics.com\/es\/#organization\",\"name\":\"HEXIS Graphics\",\"url\":\"https:\/\/www.hexis-graphics.com\/es\/\",\"logo\":{\"@type\":\"ImageObject\",\"inLanguage\":\"es\",\"@id\":\"https:\/\/www.hexis-graphics.com\/es\/#\/schema\/logo\/image\/\",\"url\":\"https:\/\/www.hexis-graphics.com\/hexisgraphics\/2016\/05\/logo_HEXIS.jpg\",\"contentUrl\":\"https:\/\/www.hexis-graphics.com\/hexisgraphics\/2016\/05\/logo_HEXIS.jpg\",\"width\":250,\"height\":107,\"caption\":\"HEXIS Graphics\"},\"image\":{\"@id\":\"https:\/\/www.hexis-graphics.com\/es\/#\/schema\/logo\/image\/\"},\"sameAs\":[\"https:\/\/www.facebook.com\/hexisgraphics\",\"https:\/\/x.com\/hexisgraphics\",\"https:\/\/www.instagram.com\/hexisgraphics\/\",\"https:\/\/fr.linkedin.com\/company\/hexis-s-a-\",\"https:\/\/www.youtube.com\/user\/HEXISSA\"]}]}<\/script>\n<!-- \/ Yoast SEO plugin. -->","yoast_head_json":{"title":"Manuales - HEXIS Graphics","robots":{"index":"index","follow":"follow","max-snippet":"max-snippet:-1","max-image-preview":"max-image-preview:large","max-video-preview":"max-video-preview:-1"},"canonical":"https:\/\/www.hexis-graphics.com\/es\/soporte\/impresion-digital\/manuales\/","og_locale":"es_ES","og_type":"article","og_title":"Manuales - HEXIS Graphics","og_description":"Aqu\u00ed encontrar\u00e1 diversas gu\u00edas y un explicativo sobre la importaci\u00f3n y el uso de perfiles icc. Una gu\u00eda completa y exhaustiva sobre la gesti\u00f3n del color est\u00e1 tambi\u00e9n disponible. Cada pdf contiene explicaciones espec\u00edficas de importaci\u00f3n para cada RIP y los ajustes colorim\u00e9tricos que se aplican para el buen uso de estos perfiles. Recuerde que [&hellip;]","og_url":"https:\/\/www.hexis-graphics.com\/es\/soporte\/impresion-digital\/manuales\/","og_site_name":"HEXIS Graphics","article_publisher":"https:\/\/www.facebook.com\/hexisgraphics","article_modified_time":"2022-10-14T05:15:10+00:00","og_image":[{"width":250,"height":107,"url":"https:\/\/www.hexis-graphics.com\/hexisgraphics\/2016\/05\/logo_HEXIS.jpg","type":"image\/jpeg"}],"twitter_card":"summary_large_image","twitter_site":"@hexisgraphics","twitter_misc":{"Tiempo de lectura":"1 minuto"},"schema":{"@context":"https:\/\/schema.org","@graph":[{"@type":"WebPage","@id":"https:\/\/www.hexis-graphics.com\/es\/soporte\/impresion-digital\/manuales\/","url":"https:\/\/www.hexis-graphics.com\/es\/soporte\/impresion-digital\/manuales\/","name":"Manuales - HEXIS Graphics","isPartOf":{"@id":"https:\/\/www.hexis-graphics.com\/es\/#website"},"datePublished":"2015-11-03T20:05:30+00:00","dateModified":"2022-10-14T05:15:10+00:00","breadcrumb":{"@id":"https:\/\/www.hexis-graphics.com\/es\/soporte\/impresion-digital\/manuales\/#breadcrumb"},"inLanguage":"es","potentialAction":[{"@type":"ReadAction","target":["https:\/\/www.hexis-graphics.com\/es\/soporte\/impresion-digital\/manuales\/"]}]},{"@type":"BreadcrumbList","@id":"https:\/\/www.hexis-graphics.com\/es\/soporte\/impresion-digital\/manuales\/#breadcrumb","itemListElement":[{"@type":"ListItem","position":1,"name":"Accueil","item":"https:\/\/www.hexis-graphics.com\/es\/"},{"@type":"ListItem","position":2,"name":"Soporte t\u00e9cnico","item":"https:\/\/www.hexis-graphics.com\/es\/soporte\/"},{"@type":"ListItem","position":3,"name":"Impresi\u00f3n digital","item":"https:\/\/www.hexis-graphics.com\/es\/soporte\/impresion-digital\/"},{"@type":"ListItem","position":4,"name":"Manuales"}]},{"@type":"WebSite","@id":"https:\/\/www.hexis-graphics.com\/es\/#website","url":"https:\/\/www.hexis-graphics.com\/es\/","name":"HEXIS Graphics","description":"Manufacturer of self-adhesive films","publisher":{"@id":"https:\/\/www.hexis-graphics.com\/es\/#organization"},"potentialAction":[{"@type":"SearchAction","target":{"@type":"EntryPoint","urlTemplate":"https:\/\/www.hexis-graphics.com\/es\/?s={search_term_string}"},"query-input":{"@type":"PropertyValueSpecification","valueRequired":true,"valueName":"search_term_string"}}],"inLanguage":"es"},{"@type":"Organization","@id":"https:\/\/www.hexis-graphics.com\/es\/#organization","name":"HEXIS Graphics","url":"https:\/\/www.hexis-graphics.com\/es\/","logo":{"@type":"ImageObject","inLanguage":"es","@id":"https:\/\/www.hexis-graphics.com\/es\/#\/schema\/logo\/image\/","url":"https:\/\/www.hexis-graphics.com\/hexisgraphics\/2016\/05\/logo_HEXIS.jpg","contentUrl":"https:\/\/www.hexis-graphics.com\/hexisgraphics\/2016\/05\/logo_HEXIS.jpg","width":250,"height":107,"caption":"HEXIS Graphics"},"image":{"@id":"https:\/\/www.hexis-graphics.com\/es\/#\/schema\/logo\/image\/"},"sameAs":["https:\/\/www.facebook.com\/hexisgraphics","https:\/\/x.com\/hexisgraphics","https:\/\/www.instagram.com\/hexisgraphics\/","https:\/\/fr.linkedin.com\/company\/hexis-s-a-","https:\/\/www.youtube.com\/user\/HEXISSA"]}]}},"_links":{"self":[{"href":"https:\/\/www.hexis-graphics.com\/es\/wp-json\/wp\/v2\/pages\/5976","targetHints":{"allow":["GET"]}}],"collection":[{"href":"https:\/\/www.hexis-graphics.com\/es\/wp-json\/wp\/v2\/pages"}],"about":[{"href":"https:\/\/www.hexis-graphics.com\/es\/wp-json\/wp\/v2\/types\/page"}],"author":[{"embeddable":true,"href":"https:\/\/www.hexis-graphics.com\/es\/wp-json\/wp\/v2\/users\/1"}],"replies":[{"embeddable":true,"href":"https:\/\/www.hexis-graphics.com\/es\/wp-json\/wp\/v2\/comments?post=5976"}],"version-history":[{"count":4,"href":"https:\/\/www.hexis-graphics.com\/es\/wp-json\/wp\/v2\/pages\/5976\/revisions"}],"predecessor-version":[{"id":40918,"href":"https:\/\/www.hexis-graphics.com\/es\/wp-json\/wp\/v2\/pages\/5976\/revisions\/40918"}],"up":[{"embeddable":true,"href":"https:\/\/www.hexis-graphics.com\/es\/wp-json\/wp\/v2\/pages\/5441"}],"wp:attachment":[{"href":"https:\/\/www.hexis-graphics.com\/es\/wp-json\/wp\/v2\/media?parent=5976"}],"curies":[{"name":"wp","href":"https:\/\/api.w.org\/{rel}","templated":true}]}}