{"id":5967,"date":"2015-05-18T15:13:16","date_gmt":"2015-05-18T15:13:16","guid":{"rendered":"https:\/\/www.hexis-graphics.com\/es\/soportes\/formations\/"},"modified":"2016-03-28T14:07:44","modified_gmt":"2016-03-28T14:07:44","slug":"formacion-y-certificacion","status":"publish","type":"page","link":"https:\/\/www.hexis-graphics.com\/es\/soporte\/formacion-y-certificacion\/","title":{"rendered":"Formaci\u00f3n y Certificaci\u00f3n"},"content":{"rendered":"<h1>CENTRO DE FORMACI\u00d3N HEXIS.<a href=\"https:\/\/www.hexis-graphics.com\/hexisgraphics\/2015\/10\/services-formations.jpg\"><img fetchpriority=\"high\" decoding=\"async\" class=\"alignright size-featured wp-image-5527\" src=\"https:\/\/www.hexis-graphics.com\/hexisgraphics\/2015\/10\/services-formations-374x248.jpg\" alt=\"services-formations\" width=\"374\" height=\"248\" srcset=\"https:\/\/www.hexis-graphics.com\/hexisgraphics\/2015\/10\/services-formations-374x248.jpg 374w, https:\/\/www.hexis-graphics.com\/hexisgraphics\/2015\/10\/services-formations-150x99.jpg 150w, https:\/\/www.hexis-graphics.com\/hexisgraphics\/2015\/10\/services-formations-300x198.jpg 300w, https:\/\/www.hexis-graphics.com\/hexisgraphics\/2015\/10\/services-formations-1024x677.jpg 1024w, https:\/\/www.hexis-graphics.com\/hexisgraphics\/2015\/10\/services-formations-400x265.jpg 400w, https:\/\/www.hexis-graphics.com\/hexisgraphics\/2015\/10\/services-formations-75x50.jpg 75w, https:\/\/www.hexis-graphics.com\/hexisgraphics\/2015\/10\/services-formations.jpg 1170w\" sizes=\"(max-width: 374px) 100vw, 374px\" \/><\/a><\/h1>\n<ul>\n<li>M\u00e1s de 250m\u00b2 dedicados a la formaci\u00f3n: temperatura id\u00f3nea, iluminaci\u00f3n adaptada\u2026<\/li>\n<li>Des outils p\u00e9dagogiques efficaces: v\u00e9hicules, portes utilitaires, vitres b\u00e2timent\u2026<\/li>\n<li>N\u00famero m\u00e1ximo de participantes: 4 alumnos.<\/li>\n<li>Visite du site de production \u00e0 chaque formation.<\/li>\n<li>Service et son accueil chaleureux.<\/li>\n<\/ul>\n<p>HEXIS es el <strong>\u00fanico fabricante franc\u00e9s<\/strong> y el mejor cualificado para formar a profesionales del sector. Les formateurs sont en contact direct avec le laboratoire et la production.<br \/>\nVous souhaitez cr\u00e9er, <strong>d\u00e9velopper votre activ\u00e9 dans la communication visuelle<\/strong> ?<br \/>\nHEXIS te ofrece diferentes cursos de formaci\u00f3n&#8230;<\/p>\n<p>Para m\u00e1s informaci\u00f3n:<a href=\"http:\/\/www.hexis-formations.com\" target=\"_blank\"> http:\/\/www.hexis-formations.com<\/a><\/p>\n","protected":false},"excerpt":{"rendered":"<p>CENTRO DE FORMACI\u00d3N HEXIS. M\u00e1s de 250m\u00b2 dedicados a la formaci\u00f3n: temperatura id\u00f3nea, iluminaci\u00f3n adaptada\u2026 Des outils p\u00e9dagogiques efficaces: v\u00e9hicules, portes utilitaires, vitres b\u00e2timent\u2026 N\u00famero m\u00e1ximo de participantes: 4 alumnos. Visite du site de production \u00e0 chaque formation. Service et son accueil chaleureux. HEXIS es el \u00fanico fabricante franc\u00e9s y el mejor cualificado para formar [&hellip;]<\/p>\n","protected":false},"author":1,"featured_media":0,"parent":678,"menu_order":0,"comment_status":"closed","ping_status":"closed","template":"","meta":{"footnotes":""},"class_list":["post-5967","page","type-page","status-publish","hentry"],"yoast_head":"<!-- This site is optimized with the Yoast SEO plugin v26.9 - https:\/\/yoast.com\/product\/yoast-seo-wordpress\/ -->\n<title>Formaci\u00f3n y Certificaci\u00f3n - HEXIS Graphics<\/title>\n<meta name=\"robots\" content=\"index, follow, max-snippet:-1, max-image-preview:large, max-video-preview:-1\" \/>\n<link rel=\"canonical\" href=\"https:\/\/www.hexis-graphics.com\/es\/soporte\/formacion-y-certificacion\/\" \/>\n<meta property=\"og:locale\" content=\"es_ES\" \/>\n<meta property=\"og:type\" content=\"article\" \/>\n<meta property=\"og:title\" content=\"Formaci\u00f3n y Certificaci\u00f3n - HEXIS Graphics\" \/>\n<meta property=\"og:description\" content=\"CENTRO DE FORMACI\u00d3N HEXIS. M\u00e1s de 250m\u00b2 dedicados a la formaci\u00f3n: temperatura id\u00f3nea, iluminaci\u00f3n adaptada\u2026 Des outils p\u00e9dagogiques efficaces: v\u00e9hicules, portes utilitaires, vitres b\u00e2timent\u2026 N\u00famero m\u00e1ximo de participantes: 4 alumnos. Visite du site de production \u00e0 chaque formation. Service et son accueil chaleureux. HEXIS es el \u00fanico fabricante franc\u00e9s y el mejor cualificado para formar [&hellip;]\" \/>\n<meta property=\"og:url\" content=\"https:\/\/www.hexis-graphics.com\/es\/soporte\/formacion-y-certificacion\/\" \/>\n<meta property=\"og:site_name\" content=\"HEXIS Graphics\" \/>\n<meta property=\"article:publisher\" content=\"https:\/\/www.facebook.com\/hexisgraphics\" \/>\n<meta property=\"article:modified_time\" content=\"2016-03-28T14:07:44+00:00\" \/>\n<meta property=\"og:image\" content=\"https:\/\/www.hexis-graphics.com\/hexisgraphics\/2015\/10\/services-formations-374x248.jpg\" \/>\n<meta name=\"twitter:card\" content=\"summary_large_image\" \/>\n<meta name=\"twitter:site\" content=\"@hexisgraphics\" \/>\n<meta name=\"twitter:label1\" content=\"Tiempo de lectura\" \/>\n\t<meta name=\"twitter:data1\" content=\"1 minuto\" \/>\n<script type=\"application\/ld+json\" class=\"yoast-schema-graph\">{\"@context\":\"https:\/\/schema.org\",\"@graph\":[{\"@type\":\"WebPage\",\"@id\":\"https:\/\/www.hexis-graphics.com\/es\/soporte\/formacion-y-certificacion\/\",\"url\":\"https:\/\/www.hexis-graphics.com\/es\/soporte\/formacion-y-certificacion\/\",\"name\":\"Formaci\u00f3n y Certificaci\u00f3n - HEXIS Graphics\",\"isPartOf\":{\"@id\":\"https:\/\/www.hexis-graphics.com\/es\/#website\"},\"primaryImageOfPage\":{\"@id\":\"https:\/\/www.hexis-graphics.com\/es\/soporte\/formacion-y-certificacion\/#primaryimage\"},\"image\":{\"@id\":\"https:\/\/www.hexis-graphics.com\/es\/soporte\/formacion-y-certificacion\/#primaryimage\"},\"thumbnailUrl\":\"https:\/\/www.hexis-graphics.com\/hexisgraphics\/2015\/10\/services-formations-374x248.jpg\",\"datePublished\":\"2015-05-18T15:13:16+00:00\",\"dateModified\":\"2016-03-28T14:07:44+00:00\",\"breadcrumb\":{\"@id\":\"https:\/\/www.hexis-graphics.com\/es\/soporte\/formacion-y-certificacion\/#breadcrumb\"},\"inLanguage\":\"es\",\"potentialAction\":[{\"@type\":\"ReadAction\",\"target\":[\"https:\/\/www.hexis-graphics.com\/es\/soporte\/formacion-y-certificacion\/\"]}]},{\"@type\":\"ImageObject\",\"inLanguage\":\"es\",\"@id\":\"https:\/\/www.hexis-graphics.com\/es\/soporte\/formacion-y-certificacion\/#primaryimage\",\"url\":\"https:\/\/www.hexis-graphics.com\/hexisgraphics\/2015\/10\/services-formations-374x248.jpg\",\"contentUrl\":\"https:\/\/www.hexis-graphics.com\/hexisgraphics\/2015\/10\/services-formations-374x248.jpg\"},{\"@type\":\"BreadcrumbList\",\"@id\":\"https:\/\/www.hexis-graphics.com\/es\/soporte\/formacion-y-certificacion\/#breadcrumb\",\"itemListElement\":[{\"@type\":\"ListItem\",\"position\":1,\"name\":\"Accueil\",\"item\":\"https:\/\/www.hexis-graphics.com\/es\/\"},{\"@type\":\"ListItem\",\"position\":2,\"name\":\"Soporte t\u00e9cnico\",\"item\":\"https:\/\/www.hexis-graphics.com\/es\/soporte\/\"},{\"@type\":\"ListItem\",\"position\":3,\"name\":\"Formaci\u00f3n y Certificaci\u00f3n\"}]},{\"@type\":\"WebSite\",\"@id\":\"https:\/\/www.hexis-graphics.com\/es\/#website\",\"url\":\"https:\/\/www.hexis-graphics.com\/es\/\",\"name\":\"HEXIS Graphics\",\"description\":\"Manufacturer of self-adhesive films\",\"publisher\":{\"@id\":\"https:\/\/www.hexis-graphics.com\/es\/#organization\"},\"potentialAction\":[{\"@type\":\"SearchAction\",\"target\":{\"@type\":\"EntryPoint\",\"urlTemplate\":\"https:\/\/www.hexis-graphics.com\/es\/?s={search_term_string}\"},\"query-input\":{\"@type\":\"PropertyValueSpecification\",\"valueRequired\":true,\"valueName\":\"search_term_string\"}}],\"inLanguage\":\"es\"},{\"@type\":\"Organization\",\"@id\":\"https:\/\/www.hexis-graphics.com\/es\/#organization\",\"name\":\"HEXIS Graphics\",\"url\":\"https:\/\/www.hexis-graphics.com\/es\/\",\"logo\":{\"@type\":\"ImageObject\",\"inLanguage\":\"es\",\"@id\":\"https:\/\/www.hexis-graphics.com\/es\/#\/schema\/logo\/image\/\",\"url\":\"https:\/\/www.hexis-graphics.com\/hexisgraphics\/2016\/05\/logo_HEXIS.jpg\",\"contentUrl\":\"https:\/\/www.hexis-graphics.com\/hexisgraphics\/2016\/05\/logo_HEXIS.jpg\",\"width\":250,\"height\":107,\"caption\":\"HEXIS Graphics\"},\"image\":{\"@id\":\"https:\/\/www.hexis-graphics.com\/es\/#\/schema\/logo\/image\/\"},\"sameAs\":[\"https:\/\/www.facebook.com\/hexisgraphics\",\"https:\/\/x.com\/hexisgraphics\",\"https:\/\/www.instagram.com\/hexisgraphics\/\",\"https:\/\/fr.linkedin.com\/company\/hexis-s-a-\",\"https:\/\/www.youtube.com\/user\/HEXISSA\"]}]}<\/script>\n<!-- \/ Yoast SEO plugin. -->","yoast_head_json":{"title":"Formaci\u00f3n y Certificaci\u00f3n - HEXIS Graphics","robots":{"index":"index","follow":"follow","max-snippet":"max-snippet:-1","max-image-preview":"max-image-preview:large","max-video-preview":"max-video-preview:-1"},"canonical":"https:\/\/www.hexis-graphics.com\/es\/soporte\/formacion-y-certificacion\/","og_locale":"es_ES","og_type":"article","og_title":"Formaci\u00f3n y Certificaci\u00f3n - HEXIS Graphics","og_description":"CENTRO DE FORMACI\u00d3N HEXIS. M\u00e1s de 250m\u00b2 dedicados a la formaci\u00f3n: temperatura id\u00f3nea, iluminaci\u00f3n adaptada\u2026 Des outils p\u00e9dagogiques efficaces: v\u00e9hicules, portes utilitaires, vitres b\u00e2timent\u2026 N\u00famero m\u00e1ximo de participantes: 4 alumnos. Visite du site de production \u00e0 chaque formation. Service et son accueil chaleureux. HEXIS es el \u00fanico fabricante franc\u00e9s y el mejor cualificado para formar [&hellip;]","og_url":"https:\/\/www.hexis-graphics.com\/es\/soporte\/formacion-y-certificacion\/","og_site_name":"HEXIS Graphics","article_publisher":"https:\/\/www.facebook.com\/hexisgraphics","article_modified_time":"2016-03-28T14:07:44+00:00","og_image":[{"url":"https:\/\/www.hexis-graphics.com\/hexisgraphics\/2015\/10\/services-formations-374x248.jpg","type":"","width":"","height":""}],"twitter_card":"summary_large_image","twitter_site":"@hexisgraphics","twitter_misc":{"Tiempo de lectura":"1 minuto"},"schema":{"@context":"https:\/\/schema.org","@graph":[{"@type":"WebPage","@id":"https:\/\/www.hexis-graphics.com\/es\/soporte\/formacion-y-certificacion\/","url":"https:\/\/www.hexis-graphics.com\/es\/soporte\/formacion-y-certificacion\/","name":"Formaci\u00f3n y Certificaci\u00f3n - HEXIS Graphics","isPartOf":{"@id":"https:\/\/www.hexis-graphics.com\/es\/#website"},"primaryImageOfPage":{"@id":"https:\/\/www.hexis-graphics.com\/es\/soporte\/formacion-y-certificacion\/#primaryimage"},"image":{"@id":"https:\/\/www.hexis-graphics.com\/es\/soporte\/formacion-y-certificacion\/#primaryimage"},"thumbnailUrl":"https:\/\/www.hexis-graphics.com\/hexisgraphics\/2015\/10\/services-formations-374x248.jpg","datePublished":"2015-05-18T15:13:16+00:00","dateModified":"2016-03-28T14:07:44+00:00","breadcrumb":{"@id":"https:\/\/www.hexis-graphics.com\/es\/soporte\/formacion-y-certificacion\/#breadcrumb"},"inLanguage":"es","potentialAction":[{"@type":"ReadAction","target":["https:\/\/www.hexis-graphics.com\/es\/soporte\/formacion-y-certificacion\/"]}]},{"@type":"ImageObject","inLanguage":"es","@id":"https:\/\/www.hexis-graphics.com\/es\/soporte\/formacion-y-certificacion\/#primaryimage","url":"https:\/\/www.hexis-graphics.com\/hexisgraphics\/2015\/10\/services-formations-374x248.jpg","contentUrl":"https:\/\/www.hexis-graphics.com\/hexisgraphics\/2015\/10\/services-formations-374x248.jpg"},{"@type":"BreadcrumbList","@id":"https:\/\/www.hexis-graphics.com\/es\/soporte\/formacion-y-certificacion\/#breadcrumb","itemListElement":[{"@type":"ListItem","position":1,"name":"Accueil","item":"https:\/\/www.hexis-graphics.com\/es\/"},{"@type":"ListItem","position":2,"name":"Soporte t\u00e9cnico","item":"https:\/\/www.hexis-graphics.com\/es\/soporte\/"},{"@type":"ListItem","position":3,"name":"Formaci\u00f3n y Certificaci\u00f3n"}]},{"@type":"WebSite","@id":"https:\/\/www.hexis-graphics.com\/es\/#website","url":"https:\/\/www.hexis-graphics.com\/es\/","name":"HEXIS Graphics","description":"Manufacturer of self-adhesive films","publisher":{"@id":"https:\/\/www.hexis-graphics.com\/es\/#organization"},"potentialAction":[{"@type":"SearchAction","target":{"@type":"EntryPoint","urlTemplate":"https:\/\/www.hexis-graphics.com\/es\/?s={search_term_string}"},"query-input":{"@type":"PropertyValueSpecification","valueRequired":true,"valueName":"search_term_string"}}],"inLanguage":"es"},{"@type":"Organization","@id":"https:\/\/www.hexis-graphics.com\/es\/#organization","name":"HEXIS Graphics","url":"https:\/\/www.hexis-graphics.com\/es\/","logo":{"@type":"ImageObject","inLanguage":"es","@id":"https:\/\/www.hexis-graphics.com\/es\/#\/schema\/logo\/image\/","url":"https:\/\/www.hexis-graphics.com\/hexisgraphics\/2016\/05\/logo_HEXIS.jpg","contentUrl":"https:\/\/www.hexis-graphics.com\/hexisgraphics\/2016\/05\/logo_HEXIS.jpg","width":250,"height":107,"caption":"HEXIS Graphics"},"image":{"@id":"https:\/\/www.hexis-graphics.com\/es\/#\/schema\/logo\/image\/"},"sameAs":["https:\/\/www.facebook.com\/hexisgraphics","https:\/\/x.com\/hexisgraphics","https:\/\/www.instagram.com\/hexisgraphics\/","https:\/\/fr.linkedin.com\/company\/hexis-s-a-","https:\/\/www.youtube.com\/user\/HEXISSA"]}]}},"_links":{"self":[{"href":"https:\/\/www.hexis-graphics.com\/es\/wp-json\/wp\/v2\/pages\/5967","targetHints":{"allow":["GET"]}}],"collection":[{"href":"https:\/\/www.hexis-graphics.com\/es\/wp-json\/wp\/v2\/pages"}],"about":[{"href":"https:\/\/www.hexis-graphics.com\/es\/wp-json\/wp\/v2\/types\/page"}],"author":[{"embeddable":true,"href":"https:\/\/www.hexis-graphics.com\/es\/wp-json\/wp\/v2\/users\/1"}],"replies":[{"embeddable":true,"href":"https:\/\/www.hexis-graphics.com\/es\/wp-json\/wp\/v2\/comments?post=5967"}],"version-history":[{"count":0,"href":"https:\/\/www.hexis-graphics.com\/es\/wp-json\/wp\/v2\/pages\/5967\/revisions"}],"up":[{"embeddable":true,"href":"https:\/\/www.hexis-graphics.com\/es\/wp-json\/wp\/v2\/pages\/678"}],"wp:attachment":[{"href":"https:\/\/www.hexis-graphics.com\/es\/wp-json\/wp\/v2\/media?parent=5967"}],"curies":[{"name":"wp","href":"https:\/\/api.w.org\/{rel}","templated":true}]}}