{"id":5942,"date":"2015-11-03T17:14:03","date_gmt":"2015-11-03T17:14:03","guid":{"rendered":"https:\/\/www.hexis-graphics.com\/es\/societe\/research-development\/"},"modified":"2019-07-17T09:34:17","modified_gmt":"2019-07-17T09:34:17","slug":"investigacion-y-desarrollo","status":"publish","type":"page","link":"https:\/\/www.hexis-graphics.com\/es\/societe\/investigacion-y-desarrollo\/","title":{"rendered":"Investigaci\u00f3n y desarrollo"},"content":{"rendered":"<section>\n<div class=\"section row\">\n<div class=\"container-full\">\n<div class=\"col four tablet-full mobile-full\">\n<h2 class=\"borderRed\">Apostamos por la investigaci\u00f3n, el desarrollo y la innovaci\u00f3n<\/h2>\n<h3 class=\"silver  marginleft16\"><\/h3>\n<\/div>\n<div class=\"col eight tablet-full mobile-full silver margintop40\">\n<p>HEXIS S.A. es uno de los principales referentes del sector de la fabricaci\u00f3n de films adhesivos para la comunicaci\u00f3n visual, la rotulaci\u00f3n y la protecci\u00f3n de superficies. \u00a1En 2019 la empresa celebr\u00f3 sus 30 a\u00f1os de innovaci\u00f3n!<\/p>\n<p>La empresa se ha especializado en la fabricaci\u00f3n de films fundidos de altas prestaciones, tanto de PVC como de PU o l\u00e1tex. Asimismo desarrolla continuamente  nuevas soluciones que van destinadas a los profesionales de la industria gr\u00e1fica, la se\u00f1al\u00e9tica, la rotulaci\u00f3n de veh\u00edculos o la personalizaci\u00f3n textil.<\/p>\n<p>En estos \u00faltimos a\u00f1os HEXIS tambi\u00e9n ha trabajado en la creaci\u00f3n de nuevos productos que respondan a nuevas exigencias en lo referente a usos industriales.<\/p>\n<\/div>\n<div class=\"clear\"><\/div>\n<\/div>\n<\/div>\n<\/section>\n<section>\n<div class=\"section bg-silver\">\n<div class=\"container-full\">\n<div class=\"col eight tablet-six mobile-full\">\n<iframe src=\"https:\/\/player.vimeo.com\/video\/162560142\" width=\"100%\" height=\"400px\" frameborder=\"0\" webkitallowfullscreen mozallowfullscreen allowfullscreen style=\"max-width:710px;\"><\/iframe>\n<\/div>\n<div class=\"col four tablet-six mobile-full margintop30\">\n<h4>Innovaci\u00f3n y crecimiento<\/h4>\n<p class=\"silver\">La innovaci\u00f3n constante en el campo de los films adhesivos, fundidos o calandrados, ha sido el motor que ha impulsado el crecimiento y el \u00e9xito de HEXIS. Trabajamos continuamente  en esta direcci\u00f3n para mejorar la calidad de los productos y procesos, a la vez que adecuamos nuestras instalaciones para ampliar la capacidad productiva.<\/p>\n<h4>Mejora de la capacidad productiva<\/h4>\n<p class=\"silver\">Se han invertido ya 7,8 millones de euros en el desarrollo de una nueva planta de producci\u00f3n en Hagetmau (al suroeste de Francia) y se tiene prevista una inversi\u00f3n de 7 millones de euros adicionales para llevar a cabo la segunda fase iniciada en 2015.<\/p>\n<\/div>\n<div class=\"clear\"><\/div>\n<\/div>\n<\/div>\n<\/section>\n","protected":false},"excerpt":{"rendered":"<p>Apostamos por la investigaci\u00f3n, el desarrollo y la innovaci\u00f3n HEXIS S.A. es uno de los principales referentes del sector de la fabricaci\u00f3n de films adhesivos para la comunicaci\u00f3n visual, la rotulaci\u00f3n y la protecci\u00f3n de superficies. \u00a1En 2019 la empresa celebr\u00f3 sus 30 a\u00f1os de innovaci\u00f3n! La empresa se ha especializado en la fabricaci\u00f3n de [&hellip;]<\/p>\n","protected":false},"author":1,"featured_media":0,"parent":27719,"menu_order":20,"comment_status":"closed","ping_status":"closed","template":"page-hexis.php","meta":{"footnotes":""},"class_list":["post-5942","page","type-page","status-publish","hentry"],"yoast_head":"<!-- This site is optimized with the Yoast SEO plugin v26.9 - https:\/\/yoast.com\/product\/yoast-seo-wordpress\/ -->\n<title>Investigaci\u00f3n y desarrollo - HEXIS Graphics<\/title>\n<meta name=\"robots\" content=\"index, follow, max-snippet:-1, max-image-preview:large, max-video-preview:-1\" \/>\n<link rel=\"canonical\" href=\"https:\/\/www.hexis-graphics.com\/es\/societe\/investigacion-y-desarrollo\/\" \/>\n<meta property=\"og:locale\" content=\"es_ES\" \/>\n<meta property=\"og:type\" content=\"article\" \/>\n<meta property=\"og:title\" content=\"Investigaci\u00f3n y desarrollo - HEXIS Graphics\" \/>\n<meta property=\"og:description\" content=\"Apostamos por la investigaci\u00f3n, el desarrollo y la innovaci\u00f3n HEXIS S.A. es uno de los principales referentes del sector de la fabricaci\u00f3n de films adhesivos para la comunicaci\u00f3n visual, la rotulaci\u00f3n y la protecci\u00f3n de superficies. \u00a1En 2019 la empresa celebr\u00f3 sus 30 a\u00f1os de innovaci\u00f3n! La empresa se ha especializado en la fabricaci\u00f3n de [&hellip;]\" \/>\n<meta property=\"og:url\" content=\"https:\/\/www.hexis-graphics.com\/es\/societe\/investigacion-y-desarrollo\/\" \/>\n<meta property=\"og:site_name\" content=\"HEXIS Graphics\" \/>\n<meta property=\"article:publisher\" content=\"https:\/\/www.facebook.com\/hexisgraphics\" \/>\n<meta property=\"article:modified_time\" content=\"2019-07-17T09:34:17+00:00\" \/>\n<meta property=\"og:image\" content=\"https:\/\/www.hexis-graphics.com\/hexisgraphics\/2016\/05\/logo_HEXIS.jpg\" \/>\n\t<meta property=\"og:image:width\" content=\"250\" \/>\n\t<meta property=\"og:image:height\" content=\"107\" \/>\n\t<meta property=\"og:image:type\" content=\"image\/jpeg\" \/>\n<meta name=\"twitter:card\" content=\"summary_large_image\" \/>\n<meta name=\"twitter:site\" content=\"@hexisgraphics\" \/>\n<meta name=\"twitter:label1\" content=\"Tiempo de lectura\" \/>\n\t<meta name=\"twitter:data1\" content=\"1 minuto\" \/>\n<script type=\"application\/ld+json\" class=\"yoast-schema-graph\">{\"@context\":\"https:\/\/schema.org\",\"@graph\":[{\"@type\":\"WebPage\",\"@id\":\"https:\/\/www.hexis-graphics.com\/es\/societe\/investigacion-y-desarrollo\/\",\"url\":\"https:\/\/www.hexis-graphics.com\/es\/societe\/investigacion-y-desarrollo\/\",\"name\":\"Investigaci\u00f3n y desarrollo - HEXIS Graphics\",\"isPartOf\":{\"@id\":\"https:\/\/www.hexis-graphics.com\/es\/#website\"},\"datePublished\":\"2015-11-03T17:14:03+00:00\",\"dateModified\":\"2019-07-17T09:34:17+00:00\",\"breadcrumb\":{\"@id\":\"https:\/\/www.hexis-graphics.com\/es\/societe\/investigacion-y-desarrollo\/#breadcrumb\"},\"inLanguage\":\"es\",\"potentialAction\":[{\"@type\":\"ReadAction\",\"target\":[\"https:\/\/www.hexis-graphics.com\/es\/societe\/investigacion-y-desarrollo\/\"]}]},{\"@type\":\"BreadcrumbList\",\"@id\":\"https:\/\/www.hexis-graphics.com\/es\/societe\/investigacion-y-desarrollo\/#breadcrumb\",\"itemListElement\":[{\"@type\":\"ListItem\",\"position\":1,\"name\":\"Accueil\",\"item\":\"https:\/\/www.hexis-graphics.com\/es\/\"},{\"@type\":\"ListItem\",\"position\":2,\"name\":\"HEXIS\",\"item\":\"https:\/\/www.hexis-graphics.com\/es\/societe\/\"},{\"@type\":\"ListItem\",\"position\":3,\"name\":\"Investigaci\u00f3n y desarrollo\"}]},{\"@type\":\"WebSite\",\"@id\":\"https:\/\/www.hexis-graphics.com\/es\/#website\",\"url\":\"https:\/\/www.hexis-graphics.com\/es\/\",\"name\":\"HEXIS Graphics\",\"description\":\"Manufacturer of self-adhesive films\",\"publisher\":{\"@id\":\"https:\/\/www.hexis-graphics.com\/es\/#organization\"},\"potentialAction\":[{\"@type\":\"SearchAction\",\"target\":{\"@type\":\"EntryPoint\",\"urlTemplate\":\"https:\/\/www.hexis-graphics.com\/es\/?s={search_term_string}\"},\"query-input\":{\"@type\":\"PropertyValueSpecification\",\"valueRequired\":true,\"valueName\":\"search_term_string\"}}],\"inLanguage\":\"es\"},{\"@type\":\"Organization\",\"@id\":\"https:\/\/www.hexis-graphics.com\/es\/#organization\",\"name\":\"HEXIS Graphics\",\"url\":\"https:\/\/www.hexis-graphics.com\/es\/\",\"logo\":{\"@type\":\"ImageObject\",\"inLanguage\":\"es\",\"@id\":\"https:\/\/www.hexis-graphics.com\/es\/#\/schema\/logo\/image\/\",\"url\":\"https:\/\/www.hexis-graphics.com\/hexisgraphics\/2016\/05\/logo_HEXIS.jpg\",\"contentUrl\":\"https:\/\/www.hexis-graphics.com\/hexisgraphics\/2016\/05\/logo_HEXIS.jpg\",\"width\":250,\"height\":107,\"caption\":\"HEXIS Graphics\"},\"image\":{\"@id\":\"https:\/\/www.hexis-graphics.com\/es\/#\/schema\/logo\/image\/\"},\"sameAs\":[\"https:\/\/www.facebook.com\/hexisgraphics\",\"https:\/\/x.com\/hexisgraphics\",\"https:\/\/www.instagram.com\/hexisgraphics\/\",\"https:\/\/fr.linkedin.com\/company\/hexis-s-a-\",\"https:\/\/www.youtube.com\/user\/HEXISSA\"]}]}<\/script>\n<!-- \/ Yoast SEO plugin. -->","yoast_head_json":{"title":"Investigaci\u00f3n y desarrollo - HEXIS Graphics","robots":{"index":"index","follow":"follow","max-snippet":"max-snippet:-1","max-image-preview":"max-image-preview:large","max-video-preview":"max-video-preview:-1"},"canonical":"https:\/\/www.hexis-graphics.com\/es\/societe\/investigacion-y-desarrollo\/","og_locale":"es_ES","og_type":"article","og_title":"Investigaci\u00f3n y desarrollo - HEXIS Graphics","og_description":"Apostamos por la investigaci\u00f3n, el desarrollo y la innovaci\u00f3n HEXIS S.A. es uno de los principales referentes del sector de la fabricaci\u00f3n de films adhesivos para la comunicaci\u00f3n visual, la rotulaci\u00f3n y la protecci\u00f3n de superficies. \u00a1En 2019 la empresa celebr\u00f3 sus 30 a\u00f1os de innovaci\u00f3n! La empresa se ha especializado en la fabricaci\u00f3n de [&hellip;]","og_url":"https:\/\/www.hexis-graphics.com\/es\/societe\/investigacion-y-desarrollo\/","og_site_name":"HEXIS Graphics","article_publisher":"https:\/\/www.facebook.com\/hexisgraphics","article_modified_time":"2019-07-17T09:34:17+00:00","og_image":[{"width":250,"height":107,"url":"https:\/\/www.hexis-graphics.com\/hexisgraphics\/2016\/05\/logo_HEXIS.jpg","type":"image\/jpeg"}],"twitter_card":"summary_large_image","twitter_site":"@hexisgraphics","twitter_misc":{"Tiempo de lectura":"1 minuto"},"schema":{"@context":"https:\/\/schema.org","@graph":[{"@type":"WebPage","@id":"https:\/\/www.hexis-graphics.com\/es\/societe\/investigacion-y-desarrollo\/","url":"https:\/\/www.hexis-graphics.com\/es\/societe\/investigacion-y-desarrollo\/","name":"Investigaci\u00f3n y desarrollo - HEXIS Graphics","isPartOf":{"@id":"https:\/\/www.hexis-graphics.com\/es\/#website"},"datePublished":"2015-11-03T17:14:03+00:00","dateModified":"2019-07-17T09:34:17+00:00","breadcrumb":{"@id":"https:\/\/www.hexis-graphics.com\/es\/societe\/investigacion-y-desarrollo\/#breadcrumb"},"inLanguage":"es","potentialAction":[{"@type":"ReadAction","target":["https:\/\/www.hexis-graphics.com\/es\/societe\/investigacion-y-desarrollo\/"]}]},{"@type":"BreadcrumbList","@id":"https:\/\/www.hexis-graphics.com\/es\/societe\/investigacion-y-desarrollo\/#breadcrumb","itemListElement":[{"@type":"ListItem","position":1,"name":"Accueil","item":"https:\/\/www.hexis-graphics.com\/es\/"},{"@type":"ListItem","position":2,"name":"HEXIS","item":"https:\/\/www.hexis-graphics.com\/es\/societe\/"},{"@type":"ListItem","position":3,"name":"Investigaci\u00f3n y desarrollo"}]},{"@type":"WebSite","@id":"https:\/\/www.hexis-graphics.com\/es\/#website","url":"https:\/\/www.hexis-graphics.com\/es\/","name":"HEXIS Graphics","description":"Manufacturer of self-adhesive films","publisher":{"@id":"https:\/\/www.hexis-graphics.com\/es\/#organization"},"potentialAction":[{"@type":"SearchAction","target":{"@type":"EntryPoint","urlTemplate":"https:\/\/www.hexis-graphics.com\/es\/?s={search_term_string}"},"query-input":{"@type":"PropertyValueSpecification","valueRequired":true,"valueName":"search_term_string"}}],"inLanguage":"es"},{"@type":"Organization","@id":"https:\/\/www.hexis-graphics.com\/es\/#organization","name":"HEXIS Graphics","url":"https:\/\/www.hexis-graphics.com\/es\/","logo":{"@type":"ImageObject","inLanguage":"es","@id":"https:\/\/www.hexis-graphics.com\/es\/#\/schema\/logo\/image\/","url":"https:\/\/www.hexis-graphics.com\/hexisgraphics\/2016\/05\/logo_HEXIS.jpg","contentUrl":"https:\/\/www.hexis-graphics.com\/hexisgraphics\/2016\/05\/logo_HEXIS.jpg","width":250,"height":107,"caption":"HEXIS Graphics"},"image":{"@id":"https:\/\/www.hexis-graphics.com\/es\/#\/schema\/logo\/image\/"},"sameAs":["https:\/\/www.facebook.com\/hexisgraphics","https:\/\/x.com\/hexisgraphics","https:\/\/www.instagram.com\/hexisgraphics\/","https:\/\/fr.linkedin.com\/company\/hexis-s-a-","https:\/\/www.youtube.com\/user\/HEXISSA"]}]}},"_links":{"self":[{"href":"https:\/\/www.hexis-graphics.com\/es\/wp-json\/wp\/v2\/pages\/5942","targetHints":{"allow":["GET"]}}],"collection":[{"href":"https:\/\/www.hexis-graphics.com\/es\/wp-json\/wp\/v2\/pages"}],"about":[{"href":"https:\/\/www.hexis-graphics.com\/es\/wp-json\/wp\/v2\/types\/page"}],"author":[{"embeddable":true,"href":"https:\/\/www.hexis-graphics.com\/es\/wp-json\/wp\/v2\/users\/1"}],"replies":[{"embeddable":true,"href":"https:\/\/www.hexis-graphics.com\/es\/wp-json\/wp\/v2\/comments?post=5942"}],"version-history":[{"count":1,"href":"https:\/\/www.hexis-graphics.com\/es\/wp-json\/wp\/v2\/pages\/5942\/revisions"}],"predecessor-version":[{"id":27222,"href":"https:\/\/www.hexis-graphics.com\/es\/wp-json\/wp\/v2\/pages\/5942\/revisions\/27222"}],"up":[{"embeddable":true,"href":"https:\/\/www.hexis-graphics.com\/es\/wp-json\/wp\/v2\/pages\/27719"}],"wp:attachment":[{"href":"https:\/\/www.hexis-graphics.com\/es\/wp-json\/wp\/v2\/media?parent=5942"}],"curies":[{"name":"wp","href":"https:\/\/api.w.org\/{rel}","templated":true}]}}