{"id":5937,"date":"2015-11-03T17:13:35","date_gmt":"2015-11-03T17:13:35","guid":{"rendered":"https:\/\/www.hexis-graphics.com\/es\/societe\/quality-environment\/"},"modified":"2024-11-06T15:02:36","modified_gmt":"2024-11-06T15:02:36","slug":"calidad-sostenibilidad","status":"publish","type":"page","link":"https:\/\/www.hexis-graphics.com\/es\/acerca-hexis\/calidad-sostenibilidad\/","title":{"rendered":"Calidad y desarrollo sostenible"},"content":{"rendered":"<p><!--vcv no format--><!-- vcwb\/dynamicElementComment:f6b281ce --><\/p>\n<div class=\"vce-row-container\" data-vce-boxed-width=\"true\">\n<div class=\"vce-row vce-row--col-gap-30 vce-row-content--top\" id=\"el-f6b281ce\" data-vce-do-apply=\"all el-f6b281ce\">\n<div class=\"vce-row-content\" data-vce-element-content=\"true\"><!-- vcwb\/dynamicElementComment:368d2cc6 --><\/p>\n<div class=\"vce-col vce-col--md-100p vce-col--xs-1 vce-col--xs-last vce-col--xs-first vce-col--sm-last vce-col--sm-first vce-col--md-last vce-col--lg-last vce-col--xl-last vce-col--md-first vce-col--lg-first vce-col--xl-first\" id=\"el-368d2cc6\">\n<div class=\"vce-col-inner\" data-vce-do-apply=\"border margin background  el-368d2cc6\">\n<div class=\"vce-col-content\" data-vce-element-content=\"true\" data-vce-do-apply=\"padding el-368d2cc6\"><!-- vcwb\/dynamicElementComment:dc4e0bc5 --><\/p>\n<div class=\"vce-text-block\">\n<div class=\"vce-text-block-wrapper vce\" id=\"el-dc4e0bc5\" data-vce-do-apply=\"all el-dc4e0bc5\">\n<section>\n<div class=\"section row\">\n<div class=\"container-full\">\n<div class=\"col four tablet-full mobile-full\">\n<h1 class=\"borderRed\">Calidad y desarrollo sostenible<\/h1>\n<h3 class=\"silver marginleft16\">&nbsp;<\/h3>\n<\/div>\n<div class=\"col eight tablet-full mobile-full silver margintop40\">\n<div class=\"col nine tablet-full mobile-full silver nomargin nopadding\">\n<p>Bajo el impulso de su presidente, Michel Mateu, el grupo HEXIS ha apostado por incorporar los valores del desarrollo sostenible a las metas corporativas de la organizaci\u00f3n, estando as\u00ed especialmente comprometida con la responsabilidad social.<\/p>\n<p>En estos \u00faltimos a\u00f1os, HEXIS tambi\u00e9n ha acometido grandes inversiones para implementar medidas tendientes a reducir el impacto ambiental.<\/p>\n<p>Entre todas las buenas pr\u00e1cticas que HEXIS ha adoptado para avanzar hacia el desarrollo sostenible cabe destacar las siguientes: un crecimiento econ\u00f3mico racional, un desarrollo social y ambiental sostenible, as\u00ed como una mejor gesti\u00f3n energ\u00e9tica.<\/p>\n<\/div>\n<div class=\"col three tablet-full mobile-full nomargin nopadding textright\"><img decoding=\"async\" src=\"..\/..\/..\/hexisgraphics\/2015\/09\/iso9001.jpg\" alt=\"\"><br \/><img decoding=\"async\" class=\"margintop20\" src=\"..\/..\/..\/hexisgraphics\/2015\/09\/hexis-madeinfrance.jpg\" alt=\"\"><\/div>\n<\/div>\n<\/div>\n<\/div>\n<\/section>\n<\/div>\n<\/div>\n<p><!-- \/vcwb\/dynamicElementComment:dc4e0bc5 --><\/div>\n<\/div>\n<\/div>\n<p><!-- \/vcwb\/dynamicElementComment:368d2cc6 --><!-- vcwb\/dynamicElementComment:f37464f4 --><\/p>\n<div class=\"vce-col vce-col--md-100p vce-col--xs-1 vce-col--xs-last vce-col--xs-first vce-col--sm-last vce-col--sm-first vce-col--md-last vce-col--lg-last vce-col--xl-last vce-col--md-first vce-col--lg-first vce-col--xl-first\" id=\"el-f37464f4\">\n<div class=\"vce-col-inner\" data-vce-do-apply=\"border margin background  el-f37464f4\">\n<div class=\"vce-col-content\" data-vce-element-content=\"true\" data-vce-do-apply=\"padding el-f37464f4\"><!-- vcwb\/dynamicElementComment:3c9f07b9 --><\/p>\n<div class=\"vce-raw-html\">\n<div class=\"vce-raw-html-wrapper\" id=\"el-3c9f07b9\" data-vce-do-apply=\"all el-3c9f07b9\"><center><a href=\"|!|vcvUploadUrl|!|\/2024\/08\/HEXIS-MANUEL-RSE-2024.pdf\" target=\"_blank\" rel=\"noopener noreferrer\"><button style=\"border-radius: 20px; background-color: #c60c30; color: white; padding: 10px 20px; width: auto; display: inline-block; margin: 0 10px;\" type=\"button\" ,=\"\" align=\"center\">CSR Report 2024<\/button><\/a><\/center><\/div>\n<\/div>\n<p><!-- \/vcwb\/dynamicElementComment:3c9f07b9 --><!-- vcwb\/dynamicElementComment:acd859c5 --><\/p>\n<div class=\"vce-text-block\">\n<div class=\"vce-text-block-wrapper vce\" id=\"el-acd859c5\" data-vce-do-apply=\"all el-acd859c5\">\n<section>\n<div class=\"section row\">\n<div class=\"container-full\">\n<div class=\"col eight tablet-full mobile-full silver margintop40\">\n<div class=\"col three tablet-full mobile-full nomargin nopadding textright\"><span style=\"color: #2c292c;\">&nbsp;<\/span><\/div>\n<\/div>\n<\/div>\n<\/div>\n<\/section>\n<section>\n<div class=\"section bg-silver\">\n<div class=\"container-full\">\n<div class=\"col four tablet-six mobile-full margintop30\"><img decoding=\"async\" src=\"..\/..\/..\/hexisgraphics\/2015\/05\/batiment_hexis.jpg\" alt=\"\"><\/div>\n<div class=\"col eight tablet-six mobile-full margintop20\">\n<h2 style=\"margin: 0 0 15px 0;\">Nuestro compromiso econ\u00f3mico y social<\/h2>\n<h4>Calidad, eficiencia y perenidad de la empresa<\/h4>\n<ul style=\"padding: 0 0 0 16px;\">\n<li>Crecimiento controlado de la facturaci\u00f3n y estabilizaci\u00f3n de los recursos humanos<\/li>\n<li>Certificaci\u00f3n ISO 9001: compromiso con la calidad y la satisfacci\u00f3n del cliente<\/li>\n<li>Mejora continua e innovaci\u00f3n: fuertes inversiones en I+D+i y aumento de la capacidad productiva<\/li>\n<\/ul>\n<h4>Desarrollo de las personas<\/h4>\n<ul style=\"padding: 0 0 0 16px;\">\n<li>Mejores pr\u00e1cticas en materia de no discriminaci\u00f3n e integraci\u00f3n de personas en riesgo de exclusi\u00f3n social<\/li>\n<li>Apoyo a la inserci\u00f3n laboral en Centros Especiales de Empleo, ayuda humanitaria y promoci\u00f3n del deporte paral\u00edmpico<\/li>\n<li>Generaci\u00f3n de empleo estable en el entorno local y medidas para evitar las deslocalizaciones<\/li>\n<li>Acciones de formaci\u00f3n, informaci\u00f3n y sensibilizaci\u00f3n del personal<\/li>\n<\/ul>\n<\/div>\n<div class=\"clear\">&nbsp;<\/div>\n<\/div>\n<\/div>\n<\/section>\n<section>\n<div class=\"section\">\n<div class=\"container-full\">\n<h2 class=\"borderRed\">Responsabilidad con el Medio ambiente<\/h2>\n<div class=\"col nomargin three tablet-full mobile-full\">\n<h4>Cumplimiento de la normativa sobre actividades clasificadas sometidas a licencia de actividad<\/h4>\n<p class=\"silver\">Conforme a la directiva SEVESO 3, HEXIS ha integrado en su plan de actuaci\u00f3n nuevas medidas para cumplir con las disposiciones legales sobre sustancias peligrosas, mezclas o preparados.<\/p>\n<p class=\"silver\">El objetivo fundamental de esta directiva es el control de accidentes mayores en la industria, por lo que conlleva la puesta en marcha de un sistema de prevenci\u00f3n de riesgos antes de que los fallos acontezcan.<\/p>\n<\/div>\n<div class=\"col three tablet-full mobile-full\">\n<h4>Reducci\u00f3n de las emisiones atmosf\u00e9ricas y procesos de recuperaci\u00f3n del calor*<\/h4>\n<p class=\"silver\">HEXIS ha invertido m\u00e1s de 650.000\u20ac en adaptar sus instalaciones para as\u00ed tratar los gases residuales mediante la incineraci\u00f3n de compuestos org\u00e1nicos vol\u00e1tiles. Esta t\u00e9cnica es la m\u00e1s efectiva para eliminar la casi totalidad de los disolventes que proceden de la fabricaci\u00f3n y minimizar al m\u00e1ximo los vertidos al agua de compuestos org\u00e1nicos vol\u00e1tiles.<\/p>\n<p class=\"silver\">Tambi\u00e9n realizamos autocontroles peri\u00f3dicos para garantizar el estricto cumplimiento de toda la legislaci\u00f3n vigente.<\/p>\n<p><em class=\"small\" style=\"padding: 0;\">(*) en colaboraci\u00f3n con ADEME, Agencia francesa de Medioambiente y Energ\u00eda<\/em><\/p>\n<\/div>\n<div class=\"col three tablet-full mobile-full\">\n<h4>Aplicaci\u00f3n del ecodise\u00f1o y plan de sensibilizaci\u00f3n para implicar a los proveedores de materias primas<\/h4>\n<p class=\"silver\">Concretamente en el desarrollo de los soportes (\u201cliner\u201d) de nuestros films adhesivos, cumplimos con la normativa medioambiental, seg\u00fan establece las normas europeas EN13430 (referente al reciclado de materiales), EN13431 (recuperaci\u00f3n de energ\u00eda), EN13428 (l\u00edmites de residuos t\u00f3xicos) y EN13695 (ausencia de metales pesados).<\/p>\n<\/div>\n<div class=\"col three tablet-full mobile-full\">\n<h4>Reciclado y valorizaci\u00f3n de residuos, especialmente en el caso de los pl\u00e1sticos que envuelven las bobinas<\/h4>\n<p class=\"silver\">En HEXIS realizamos un seguimiento de los residuos peligrosos producidos a diario durante todo el proceso de fabricaci\u00f3n, desde su origen hasta su tratamiento. Este seguimiento, la realizaci\u00f3n de completos an\u00e1lisis estad\u00edsticos y el af\u00e1n por reducir los residuos se han convertido en una prioridad del d\u00eda a d\u00eda.<\/p>\n<p class=\"silver\">Asimismo los datos obtenidos sobre generaci\u00f3n de residuos peligrosos sirven para cumplimentar en el registro PRTR la declaraci\u00f3n anual de emisiones y transferencia de contaminantes.<\/p>\n<\/div>\n<\/div>\n<\/div>\n<\/section>\n<\/div>\n<\/div>\n<p><!-- \/vcwb\/dynamicElementComment:acd859c5 --><\/div>\n<\/div>\n<\/div>\n<p><!-- \/vcwb\/dynamicElementComment:f37464f4 --><\/div>\n<\/div>\n<\/div>\n<p><!-- \/vcwb\/dynamicElementComment:f6b281ce --><!--vcv no format--><\/p>\n","protected":false},"excerpt":{"rendered":"<p>Calidad y desarrollo sostenible &nbsp; Bajo el impulso de su presidente, Michel Mateu, el grupo HEXIS ha apostado por incorporar los valores del desarrollo sostenible a las metas corporativas de la organizaci\u00f3n, estando as\u00ed especialmente comprometida con la responsabilidad social. En estos \u00faltimos a\u00f1os, HEXIS tambi\u00e9n ha acometido grandes inversiones para implementar medidas tendientes a [&hellip;]<\/p>\n","protected":false},"author":1,"featured_media":0,"parent":5429,"menu_order":10,"comment_status":"closed","ping_status":"closed","template":"page-hexis.php","meta":{"footnotes":""},"class_list":["post-5937","page","type-page","status-publish","hentry"],"yoast_head":"<!-- This site is optimized with the Yoast SEO plugin v27.4 - https:\/\/yoast.com\/product\/yoast-seo-wordpress\/ -->\n<title>Calidad y desarrollo sostenible - HEXIS Graphics<\/title>\n<meta name=\"robots\" content=\"index, follow, max-snippet:-1, max-image-preview:large, max-video-preview:-1\" \/>\n<link rel=\"canonical\" href=\"https:\/\/www.hexis-graphics.com\/es\/acerca-hexis\/calidad-sostenibilidad\/\" \/>\n<meta property=\"og:locale\" content=\"es_ES\" \/>\n<meta property=\"og:type\" content=\"article\" \/>\n<meta property=\"og:title\" content=\"Calidad y desarrollo sostenible - HEXIS Graphics\" \/>\n<meta property=\"og:description\" content=\"Calidad y desarrollo sostenible &nbsp; Bajo el impulso de su presidente, Michel Mateu, el grupo HEXIS ha apostado por incorporar los valores del desarrollo sostenible a las metas corporativas de la organizaci\u00f3n, estando as\u00ed especialmente comprometida con la responsabilidad social. En estos \u00faltimos a\u00f1os, HEXIS tambi\u00e9n ha acometido grandes inversiones para implementar medidas tendientes a [&hellip;]\" \/>\n<meta property=\"og:url\" content=\"https:\/\/www.hexis-graphics.com\/es\/acerca-hexis\/calidad-sostenibilidad\/\" \/>\n<meta property=\"og:site_name\" content=\"HEXIS Graphics\" \/>\n<meta property=\"article:publisher\" content=\"https:\/\/www.facebook.com\/hexisgraphics\" \/>\n<meta property=\"article:modified_time\" content=\"2024-11-06T15:02:36+00:00\" \/>\n<meta property=\"og:image\" content=\"https:\/\/www.hexis-graphics.com\/hexisgraphics\/2016\/05\/logo_HEXIS.jpg\" \/>\n\t<meta property=\"og:image:width\" content=\"250\" \/>\n\t<meta property=\"og:image:height\" content=\"107\" \/>\n\t<meta property=\"og:image:type\" content=\"image\/jpeg\" \/>\n<meta name=\"twitter:card\" content=\"summary_large_image\" \/>\n<meta name=\"twitter:site\" content=\"@hexisgraphics\" \/>\n<meta name=\"twitter:label1\" content=\"Tiempo de lectura\" \/>\n\t<meta name=\"twitter:data1\" content=\"3 minutos\" \/>\n<script type=\"application\/ld+json\" class=\"yoast-schema-graph\">{\"@context\":\"https:\\\/\\\/schema.org\",\"@graph\":[{\"@type\":\"WebPage\",\"@id\":\"https:\\\/\\\/www.hexis-graphics.com\\\/es\\\/acerca-hexis\\\/calidad-sostenibilidad\\\/\",\"url\":\"https:\\\/\\\/www.hexis-graphics.com\\\/es\\\/acerca-hexis\\\/calidad-sostenibilidad\\\/\",\"name\":\"Calidad y desarrollo sostenible - HEXIS Graphics\",\"isPartOf\":{\"@id\":\"https:\\\/\\\/www.hexis-graphics.com\\\/es\\\/#website\"},\"datePublished\":\"2015-11-03T17:13:35+00:00\",\"dateModified\":\"2024-11-06T15:02:36+00:00\",\"breadcrumb\":{\"@id\":\"https:\\\/\\\/www.hexis-graphics.com\\\/es\\\/acerca-hexis\\\/calidad-sostenibilidad\\\/#breadcrumb\"},\"inLanguage\":\"es\",\"potentialAction\":[{\"@type\":\"ReadAction\",\"target\":[\"https:\\\/\\\/www.hexis-graphics.com\\\/es\\\/acerca-hexis\\\/calidad-sostenibilidad\\\/\"]}]},{\"@type\":\"BreadcrumbList\",\"@id\":\"https:\\\/\\\/www.hexis-graphics.com\\\/es\\\/acerca-hexis\\\/calidad-sostenibilidad\\\/#breadcrumb\",\"itemListElement\":[{\"@type\":\"ListItem\",\"position\":1,\"name\":\"Accueil\",\"item\":\"https:\\\/\\\/www.hexis-graphics.com\\\/es\\\/\"},{\"@type\":\"ListItem\",\"position\":2,\"name\":\"Acerca de Hexis\",\"item\":\"https:\\\/\\\/www.hexis-graphics.com\\\/es\\\/acerca-hexis\\\/\"},{\"@type\":\"ListItem\",\"position\":3,\"name\":\"Calidad y desarrollo sostenible\"}]},{\"@type\":\"WebSite\",\"@id\":\"https:\\\/\\\/www.hexis-graphics.com\\\/es\\\/#website\",\"url\":\"https:\\\/\\\/www.hexis-graphics.com\\\/es\\\/\",\"name\":\"HEXIS Graphics\",\"description\":\"Manufacturer of self-adhesive films\",\"publisher\":{\"@id\":\"https:\\\/\\\/www.hexis-graphics.com\\\/es\\\/#organization\"},\"potentialAction\":[{\"@type\":\"SearchAction\",\"target\":{\"@type\":\"EntryPoint\",\"urlTemplate\":\"https:\\\/\\\/www.hexis-graphics.com\\\/es\\\/?s={search_term_string}\"},\"query-input\":{\"@type\":\"PropertyValueSpecification\",\"valueRequired\":true,\"valueName\":\"search_term_string\"}}],\"inLanguage\":\"es\"},{\"@type\":\"Organization\",\"@id\":\"https:\\\/\\\/www.hexis-graphics.com\\\/es\\\/#organization\",\"name\":\"HEXIS Graphics\",\"url\":\"https:\\\/\\\/www.hexis-graphics.com\\\/es\\\/\",\"logo\":{\"@type\":\"ImageObject\",\"inLanguage\":\"es\",\"@id\":\"https:\\\/\\\/www.hexis-graphics.com\\\/es\\\/#\\\/schema\\\/logo\\\/image\\\/\",\"url\":\"https:\\\/\\\/www.hexis-graphics.com\\\/hexisgraphics\\\/2016\\\/05\\\/logo_HEXIS.jpg\",\"contentUrl\":\"https:\\\/\\\/www.hexis-graphics.com\\\/hexisgraphics\\\/2016\\\/05\\\/logo_HEXIS.jpg\",\"width\":250,\"height\":107,\"caption\":\"HEXIS Graphics\"},\"image\":{\"@id\":\"https:\\\/\\\/www.hexis-graphics.com\\\/es\\\/#\\\/schema\\\/logo\\\/image\\\/\"},\"sameAs\":[\"https:\\\/\\\/www.facebook.com\\\/hexisgraphics\",\"https:\\\/\\\/x.com\\\/hexisgraphics\",\"https:\\\/\\\/www.instagram.com\\\/hexisgraphics\\\/\",\"https:\\\/\\\/fr.linkedin.com\\\/company\\\/hexis-s-a-\",\"https:\\\/\\\/www.youtube.com\\\/user\\\/HEXISSA\"]}]}<\/script>\n<!-- \/ Yoast SEO plugin. -->","yoast_head_json":{"title":"Calidad y desarrollo sostenible - HEXIS Graphics","robots":{"index":"index","follow":"follow","max-snippet":"max-snippet:-1","max-image-preview":"max-image-preview:large","max-video-preview":"max-video-preview:-1"},"canonical":"https:\/\/www.hexis-graphics.com\/es\/acerca-hexis\/calidad-sostenibilidad\/","og_locale":"es_ES","og_type":"article","og_title":"Calidad y desarrollo sostenible - HEXIS Graphics","og_description":"Calidad y desarrollo sostenible &nbsp; Bajo el impulso de su presidente, Michel Mateu, el grupo HEXIS ha apostado por incorporar los valores del desarrollo sostenible a las metas corporativas de la organizaci\u00f3n, estando as\u00ed especialmente comprometida con la responsabilidad social. En estos \u00faltimos a\u00f1os, HEXIS tambi\u00e9n ha acometido grandes inversiones para implementar medidas tendientes a [&hellip;]","og_url":"https:\/\/www.hexis-graphics.com\/es\/acerca-hexis\/calidad-sostenibilidad\/","og_site_name":"HEXIS Graphics","article_publisher":"https:\/\/www.facebook.com\/hexisgraphics","article_modified_time":"2024-11-06T15:02:36+00:00","og_image":[{"width":250,"height":107,"url":"https:\/\/www.hexis-graphics.com\/hexisgraphics\/2016\/05\/logo_HEXIS.jpg","type":"image\/jpeg"}],"twitter_card":"summary_large_image","twitter_site":"@hexisgraphics","twitter_misc":{"Tiempo de lectura":"3 minutos"},"schema":{"@context":"https:\/\/schema.org","@graph":[{"@type":"WebPage","@id":"https:\/\/www.hexis-graphics.com\/es\/acerca-hexis\/calidad-sostenibilidad\/","url":"https:\/\/www.hexis-graphics.com\/es\/acerca-hexis\/calidad-sostenibilidad\/","name":"Calidad y desarrollo sostenible - HEXIS Graphics","isPartOf":{"@id":"https:\/\/www.hexis-graphics.com\/es\/#website"},"datePublished":"2015-11-03T17:13:35+00:00","dateModified":"2024-11-06T15:02:36+00:00","breadcrumb":{"@id":"https:\/\/www.hexis-graphics.com\/es\/acerca-hexis\/calidad-sostenibilidad\/#breadcrumb"},"inLanguage":"es","potentialAction":[{"@type":"ReadAction","target":["https:\/\/www.hexis-graphics.com\/es\/acerca-hexis\/calidad-sostenibilidad\/"]}]},{"@type":"BreadcrumbList","@id":"https:\/\/www.hexis-graphics.com\/es\/acerca-hexis\/calidad-sostenibilidad\/#breadcrumb","itemListElement":[{"@type":"ListItem","position":1,"name":"Accueil","item":"https:\/\/www.hexis-graphics.com\/es\/"},{"@type":"ListItem","position":2,"name":"Acerca de Hexis","item":"https:\/\/www.hexis-graphics.com\/es\/acerca-hexis\/"},{"@type":"ListItem","position":3,"name":"Calidad y desarrollo sostenible"}]},{"@type":"WebSite","@id":"https:\/\/www.hexis-graphics.com\/es\/#website","url":"https:\/\/www.hexis-graphics.com\/es\/","name":"HEXIS Graphics","description":"Manufacturer of self-adhesive films","publisher":{"@id":"https:\/\/www.hexis-graphics.com\/es\/#organization"},"potentialAction":[{"@type":"SearchAction","target":{"@type":"EntryPoint","urlTemplate":"https:\/\/www.hexis-graphics.com\/es\/?s={search_term_string}"},"query-input":{"@type":"PropertyValueSpecification","valueRequired":true,"valueName":"search_term_string"}}],"inLanguage":"es"},{"@type":"Organization","@id":"https:\/\/www.hexis-graphics.com\/es\/#organization","name":"HEXIS Graphics","url":"https:\/\/www.hexis-graphics.com\/es\/","logo":{"@type":"ImageObject","inLanguage":"es","@id":"https:\/\/www.hexis-graphics.com\/es\/#\/schema\/logo\/image\/","url":"https:\/\/www.hexis-graphics.com\/hexisgraphics\/2016\/05\/logo_HEXIS.jpg","contentUrl":"https:\/\/www.hexis-graphics.com\/hexisgraphics\/2016\/05\/logo_HEXIS.jpg","width":250,"height":107,"caption":"HEXIS Graphics"},"image":{"@id":"https:\/\/www.hexis-graphics.com\/es\/#\/schema\/logo\/image\/"},"sameAs":["https:\/\/www.facebook.com\/hexisgraphics","https:\/\/x.com\/hexisgraphics","https:\/\/www.instagram.com\/hexisgraphics\/","https:\/\/fr.linkedin.com\/company\/hexis-s-a-","https:\/\/www.youtube.com\/user\/HEXISSA"]}]}},"_links":{"self":[{"href":"https:\/\/www.hexis-graphics.com\/es\/wp-json\/wp\/v2\/pages\/5937","targetHints":{"allow":["GET"]}}],"collection":[{"href":"https:\/\/www.hexis-graphics.com\/es\/wp-json\/wp\/v2\/pages"}],"about":[{"href":"https:\/\/www.hexis-graphics.com\/es\/wp-json\/wp\/v2\/types\/page"}],"author":[{"embeddable":true,"href":"https:\/\/www.hexis-graphics.com\/es\/wp-json\/wp\/v2\/users\/1"}],"replies":[{"embeddable":true,"href":"https:\/\/www.hexis-graphics.com\/es\/wp-json\/wp\/v2\/comments?post=5937"}],"version-history":[{"count":3,"href":"https:\/\/www.hexis-graphics.com\/es\/wp-json\/wp\/v2\/pages\/5937\/revisions"}],"predecessor-version":[{"id":50822,"href":"https:\/\/www.hexis-graphics.com\/es\/wp-json\/wp\/v2\/pages\/5937\/revisions\/50822"}],"up":[{"embeddable":true,"href":"https:\/\/www.hexis-graphics.com\/es\/wp-json\/wp\/v2\/pages\/5429"}],"wp:attachment":[{"href":"https:\/\/www.hexis-graphics.com\/es\/wp-json\/wp\/v2\/media?parent=5937"}],"curies":[{"name":"wp","href":"https:\/\/api.w.org\/{rel}","templated":true}]}}