{"id":5429,"date":"2015-09-25T17:39:42","date_gmt":"2015-09-25T17:39:42","guid":{"rendered":"https:\/\/www.hexis-graphics.com\/es\/societe\/"},"modified":"2026-03-19T10:31:20","modified_gmt":"2026-03-19T10:31:20","slug":"acerca-hexis","status":"publish","type":"page","link":"https:\/\/www.hexis-graphics.com\/es\/acerca-hexis\/","title":{"rendered":"Acerca de Hexis"},"content":{"rendered":"\t\t<div data-elementor-type=\"wp-page\" data-elementor-id=\"5429\" class=\"elementor elementor-5429 elementor-4943\" data-elementor-post-type=\"page\">\n\t\t\t\t<div class=\"elementor-element elementor-element-1fa3615 e-flex e-con-boxed e-con e-parent\" data-id=\"1fa3615\" data-element_type=\"container\">\n\t\t\t\t\t<div class=\"e-con-inner\">\n\t\t\t\t<div class=\"elementor-element elementor-element-1f296a03 elementor-widget elementor-widget-text-editor\" data-id=\"1f296a03\" data-element_type=\"widget\" data-widget_type=\"text-editor.default\">\n\t\t\t\t<div class=\"elementor-widget-container\">\n\t\t\t\t\t\t\t\t\t<div class=\"vce-row-container\" data-vce-boxed-width=\"true\"><div id=\"el-449a204d\" class=\"vce-row vce-row--col-gap-30 vce-row-equal-height vce-row-content--top\" data-vce-do-apply=\"all el-449a204d\"><div class=\"vce-row-content\" data-vce-element-content=\"true\"><p><\/p><div id=\"el-a237bcc8\" class=\"vce-col vce-col--md-auto vce-col--xs-1 vce-col--xs-last vce-col--xs-first vce-col--sm-last vce-col--sm-first vce-col--md-last vce-col--lg-last vce-col--xl-last vce-col--md-first vce-col--lg-first vce-col--xl-first\"><div class=\"vce-col-inner\" data-vce-do-apply=\"border margin background el-a237bcc8\"><div class=\"vce-col-content\" data-vce-element-content=\"true\" data-vce-do-apply=\"padding el-a237bcc8\"><p><\/p><div class=\"vce-text-block\"><div id=\"el-40af842e\" class=\"vce-text-block-wrapper vce\" data-vce-do-apply=\"all el-40af842e\"><p><\/p><section><div id=\"hexisgroup\" class=\"section row\"><div class=\"container-full\"><div class=\"col four tablet-full mobile-full\"><h1 class=\"borderRed\">Acerca de Hexis\u2026<\/h1><h3 class=\"silver marginleft16\">HEXIS SAS es uno de los principales referentes del sector de la fabricaci\u00f3n de films adhesivos para la comunicaci\u00f3n visual, la rotulaci\u00f3n y la protecci\u00f3n de superficies.<\/h3><div class=\"button-grey button-background-mini margintop20 marginleft16\"><a title=\"\" href=\"https:\/\/www.hexis-graphics.com\/hexisgraphics\/2024\/09\/PressKit_2024_EN.zip\"><i class=\"icon-hexis hexis icon-pdf white\"><\/i> KIT DE PRENSA <\/a><\/div><\/div><div class=\"col eight tablet-full mobile-full silver margintop80\"><p>Desde el inicio de su andadura en 1989, HEXIS sigue defendiendo su posici\u00f3n como l\u00edder franc\u00e9s en productos destinados a la rotulaci\u00f3n e impresi\u00f3n digital, haciendo frente con \u00e9xito a los competidores internacionales.<\/p><p>HEXIS cuenta con dos centros de producci\u00f3n: La primera planta y las oficinas centrales se sit\u00faan en Frontignan (a orillas del Mediterr\u00e1neo); La segunda f\u00e1brica, en la localidad de Hagetmau (al suroeste de Francia).<br \/>Hace unos a\u00f1os empezamos a identificar la procedencia de nuestros productos con el sello \u00ab MADE IN FRANCE \u00bb. Este sello reconoce la voluntad de HEXIS por quedarse en su pa\u00eds de origen, apostando por mantener la producci\u00f3n en territorio galo. Tambi\u00e9n da cuenta de su saber hacer industrial y de su firma, compromiso por revitalizar el empleo y fomentar el desarrollo sostenible.<br \/>El grupo HEXIS cuenta con una plantilla de 464 empleados a nivel mundial de los cuales 350 trabajan en Francia.<\/p><div class=\"col nine tablet-full mobile-full silver nomargin nopadding\"><h4 class=\"black\">El know-how de HEXIS<\/h4><p>La empresa se ha especializado en la fabricaci\u00f3n de films fundidos de altas prestaciones, tanto de PVC como de l\u00e1tex o poliuretano. Asimismo desarrolla continuamente nuevas soluciones que van destinadas a los profesionales de la industria gr\u00e1fica, la se\u00f1al\u00e9tica, la rotulaci\u00f3n o la personalizaci\u00f3n textil.<\/p><p>Nuestros productos han sido creados para m\u00faltiples aplicaciones, seg\u00fan se trate de publicidad exterior, decoraci\u00f3n de interiores (tanto espacios como mobiliario), se\u00f1al\u00e9tica y rotulaci\u00f3n publicitaria, rotulaci\u00f3n de veh\u00edculos (Autom\u00f3viles, trenes, tranv\u00edas, barcos, aviones\u2026), personalizaci\u00f3n de objetos y estampaci\u00f3n textil, protecci\u00f3n y seguridad, etc.<\/p><p>El sector de los films adhesivos est\u00e1 en plena transformaci\u00f3n gracias a la diversificaci\u00f3n de productos. La alta tecnicidad de nuestros films abre nuevas posibilidades para la customizaci\u00f3n y personalizaci\u00f3n a medida, nuevos usos y aplicaciones que se extienden a otros sectores como el dise\u00f1o industrial, la decoraci\u00f3n de interiores y la arquitectura exterior.<\/p><p>HEXIS lleva ya algunos a\u00f1os comercializando una gama de productos espec\u00edficamente destinados a aplicaciones en entornos industriales. Ofrecemos una serie de films adhesivos con los que cambiar de color sin pintar o proteger de las pintadas los vagones de trenes de alta velocidad (TGV, AVE\u2026), otros trenes regionales y tranv\u00edas.<br \/>Presentes en Francia y en el extranjero, HEXIS tambi\u00e9n ha sido el elegido para cubrir con sus vinilos las l\u00edneas de metro de Par\u00eds y Londres, logrando que la coherencia est\u00e9tica sea la mejor aliada para la protecci\u00f3n frente a la degradaci\u00f3n.<\/p><\/div><div class=\"col three tablet-full mobile-full nomargin nopadding textright\"><img decoding=\"async\" class=\"margintop40\" src=\"|!|vcvUploadUrl|!|\/2022\/09\/Certifications-ISO-HEXIS.png\" alt=\"\" \/><br \/><img decoding=\"async\" class=\"margintop20\" src=\"|!|vcvUploadUrl|!|\/2015\/09\/hexis-madeinfrance.jpg\" alt=\"\" \/><\/div><\/div><\/div><div class=\"clear\">\u00a0<\/div><\/div><\/section><p><\/p><p><\/p><section><div id=\"hexishistory\" class=\"section row\" style=\"display: none;\"><div class=\"container-full\"><div class=\"col four tablet-four mobile-full\"><h2 class=\"borderWhite\">Nuestra evoluci\u00f3n<\/h2><\/div><div class=\"clear\">\u00a0<\/div><\/div><\/div><\/section><p><\/p><p><\/p><section><div id=\"hexisproducts\" class=\"section bg-black\"><div class=\"container-full textcenter\" style=\"height: 170px; padding-top: 25px; padding-bottom: 20px;\"><div class=\"fusion-column-wrapper\"><div class=\"ffusion-slider-sc flexslider flexslider-hover-type-none\"><ul class=\"slides\"><li class=\"flex-active-slide\" style=\"position: relative; opacity: 1; display: block; max-width: 100%; height: 170px; z-index: 2;\"><h3 class=\"silver margintop20\">Ofrecemos una amplia gama de soluciones, las cuales podemos agrupar en cinco grandes familias de producto:<\/h3><h3 class=\"proregular white margintop10\"><span class=\"hover-type-none\"> Vinilos de corte coloreados <\/span><\/h3><\/li><li style=\"position: relative; opacity: 0; display: block; max-width: 100%; height: 170px; z-index: 1;\"><h3 class=\"silver margintop20\">Ofrecemos una amplia gama de soluciones, las cuales podemos agrupar en cinco grandes familias de producto:<\/h3><h3 class=\"proregular white margintop10\"><span class=\"hover-type-none\"> Films para la impresi\u00f3n digital de gran formato<\/span><\/h3><\/li><li style=\"position: relative; opacity: 0; display: block; max-width: 100%; height: 170px; z-index: 1;\"><h3 class=\"silver margintop20\">Ofrecemos una amplia gama de soluciones, las cuales podemos agrupar en cinco grandes familias de producto:<\/h3><h3 class=\"proregular white margintop10\"><span class=\"hover-type-none\"> Films especiales para la rotulaci\u00f3n integral (WRAP)<\/span><\/h3><\/li><li style=\"position: relative; opacity: 0; display: block; max-width: 100%; height: 170px; z-index: 1;\"><h3 class=\"silver margintop20\">Ofrecemos una amplia gama de soluciones, las cuales podemos agrupar en cinco grandes familias de producto<\/h3><h3 class=\"proregular white margintop10\"><span class=\"hover-type-none\"> Films de marcaje textil (especial corte, impresi\u00f3n, DTF)<\/span><\/h3><\/li><li style=\"position: relative; opacity: 0; display: block; max-width: 100%; height: 170px; z-index: 1;\"><h3 class=\"silver margintop20\">Ofrecemos una amplia gama de soluciones, las cuales podemos agrupar en cinco grandes familias de producto:<\/h3><h3 class=\"proregular white margintop10\"><span class=\"hover-type-none\"> L\u00e1minas protectoras (antimicrobianas, anti-graffiti y anti-rayas)<\/span><\/h3><\/li><\/ul><\/div><div class=\"fusion-clearfix\">\u00a0<\/div><\/div><\/div><div class=\"clear\">\u00a0<\/div><\/div><\/section><section class=\"module parallax parallax-kit textcenter top156\"><div class=\"button-diagonal big bg-red\"><a href=\"|!|vcvUploadUrl|!|\/2024\/09\/PressKit_2024_EN.zip\" rel=\"bookmark\"> DESCARGA NUESTRO KIT DE PRENSA <\/a><\/div><div class=\"container-full\"><h3 class=\"white\">\u00a1Conoce m\u00e1s a fondo HEXIS! HEXIS, fabricante de films adhesivos.<\/h3><\/div><div class=\"clear\">\u00a0<\/div><\/section><p><br \/><\/p><section><div id=\"hexisinnovation\" class=\"section row\"><div class=\"container-full\"><div class=\"col twelve tablet-full mobile-full margintop20\"><h2 class=\"borderRed\">Investigaci\u00f3n y desarrollo<\/h2><\/div><div class=\"clear\">\u00a0<\/div><div class=\"col four tablet-full mobile-full nomargin nopadding\"><h3 class=\"silver marginleft16\">HEXIS cuenta con un departamento propio de I+D+i compuesto por 20 personas, al que destina cada a\u00f1o un 2,5% de su facturaci\u00f3n. En cada uno de sus dos centros de producci\u00f3n dispone de un laboratorio totalmente equipado para desarrollar labores de investigaci\u00f3n y controles de calidad.<\/h3><\/div><div class=\"col eight tablet-full mobile-full textright\"><div class=\"resize\"><img decoding=\"async\" src=\"|!|vcvUploadUrl|!|\/2015\/09\/hexis-laboratoire.jpg\" alt=\"\" \/><\/div><\/div><div class=\"clear\">\u00a0<\/div><div class=\"col twelve tablet-full mobile-full textcenter margintop20\" style=\"display: none;\"><h3 class=\"proregular\">Uno de los pilares del crecimiento de HEXIS ha sido la constante innovaci\u00f3n en el campo de los films adhesivos y vinilos fundidos y calandrados.<\/h3><\/div><div class=\"clear\">\u00a0<\/div><div class=\" twelve tablet-full mobile-full textcenter margintop60\"><h3 class=\"proregular marginbottom20\">Para establecer y controlar la calidad del producto se realizan mediciones de estas caracter\u00edsticas:<\/h3><ul class=\"rounded\" style=\"padding: 0px !important;\"><li><i class=\"icon-special hexis big icon-elongation\"><\/i><div>Elongaci\u00f3n y resistencia a la rotura<\/div><\/li><li><i class=\"icon-special hexis big icon-couleur\"><\/i><div>Determinaci\u00f3n colorim\u00e9trica<\/div><\/li><li><i class=\"icon-special hexis big icon-rugosite\"><\/i><div>Rugosidad superficial<\/div><\/li><li><i class=\"icon-special hexis big icon-pelage\"><\/i><div>Fuerza de desprendimiento<\/div><\/li><li><i class=\"icon-special hexis big icon-tack\"><\/i><div>Adherencia inicial (\u201ctack\u201d)<\/div><\/li><li><i class=\"icon-special hexis big icon-adhesion\"><\/i><div>Adherencia final sobre el soporte<\/div><\/li><li><i class=\"icon-special hexis big icon-stabilite\"><\/i><div>Resistencia a la intemperie (en horno o c\u00e1mara QUV)<\/div><\/li><\/ul><div class=\"clear\">\u00a0<\/div><\/div><\/div><div class=\"clear\">\u00a0<\/div><\/div><\/section><p><\/p><p><\/p><section class=\"module parallax parallax-worldmap\"><div class=\"container-full\"><div class=\"col six tablet-full mobile-full\"><h2 class=\"borderWhite white\">Empez\u00f3 a triunfar en Francia\u2026 para luego conquistar el mundo<\/h2><h3 class=\"white marginleft16\">HEXIS encara el futuro con un negocio m\u00e1s internacionalizado, m\u00e1s diversificado y centrado en la innovaci\u00f3n tecnol\u00f3gica para generar productos de alto valor a\u00f1adido. Ha logrado superar el desaf\u00edo de la internacionalizaci\u00f3n, consiguiendo exportar m\u00e1s de la mitad de su producci\u00f3n a trav\u00e9s de sus 10 filiales y de una amplia red de distribuidores en todo el mundo.<\/h3><p>Las claves en las que se apoya el grupo HEXIS para llevar a cabo su estrategia de desarrollo internacional son: la creaci\u00f3n de nuevas filiales, la integraci\u00f3n y el crecimiento externo.<\/p><h4 class=\"white marginleft16 margintop40\">Filiales<\/h4><div class=\"button-group marginleft16\"><div class=\"btnBlack btnColor\">SVIZA<\/div><div class=\"btnBlack btnColor\">AUSTRALIA<\/div><div class=\"btnBlack btnColor\">ESTADOS UNIDOS<\/div><div class=\"btnBlack btnColor\">ALEMANIA<\/div><div class=\"btnBlack btnColor\">ITALIA<\/div><div class=\"btnBlack btnColor\">ESPA\u00d1A<\/div><div class=\"btnBlack btnColor\">SUECIA<\/div><div class=\"btnBlack btnColor\">DINAMARCA<\/div><div class=\"btnBlack btnColor\">ANTILLAS FRANCESAS (FWI)<\/div><div class=\"btnBlack btnColor\">ISLA DE LA REUNI\u00d3N<\/div><\/div><\/div><div class=\"col six tablet-full mobile-full margintop20\"><p><img decoding=\"async\" src=\"|!|vcvUploadUrl|!|\/2015\/09\/hexis-filiales.png\" alt=\"\" \/><\/p><h4 class=\"white margintop30\">Distribuidores y Empresas franquiciadas independientes<\/h4><p class=\"white\">HEXIS distribuye sus productos a trav\u00e9s de una red de empresas independientes, que act\u00faan como franquiciados en el mercado neerland\u00e9s (HEXIS Nederland), Oriente Medio (HEXIS ME) y del Reino Unido (HEXIS UK). Tambi\u00e9n cuenta con una amplia red comercial con m\u00e1s de 50 distribuidores presentes en m\u00e1s de 65 pa\u00edses del mundo.<\/p><div class=\"button-diagonal big bg-yellow\"><a href=\"\/?page_id=6440\" rel=\"bookmark\"> NUESTRA RED COMERCIAL <\/a><\/div><\/div><div class=\"clear\">\u00a0<\/div><\/div><\/section><p><\/p><p><\/p><section><div id=\"hexisnumbers\" class=\"section row\"><div class=\"container-full\"><div class=\"col twelve tablet-full mobile-full margintop20\"><h2 class=\"borderRed\">Cifras clave<\/h2><h3 class=\"silver\">Para lograr los objetivos de crecimiento, trabajamos en la mejora continua de nuestros productos y de los procesos de elaboraci\u00f3n, adem\u00e1s de ampliar nuestras instalaciones para aumentar la capacidad de producci\u00f3n.<\/h3><div class=\"clear\">\u00a0<\/div><div class=\"col four mobile-full marginleft16\"><div style=\"position: relative; top: 10px; left: 0px; text-align: center;\"><img decoding=\"async\" title=\"Usine de Frontignan\" src=\"|!|vcvUploadUrl|!|\/2015\/09\/icon-petite-usine.svg\" alt=\"Usine de Frontignan\" \/><\/div><div class=\"proregular\" style=\"display: block; position: relative; top: -66px; left: 0px; font-size: 16px; color: white; text-align: center;\"><span style=\"display: block; margin-bottom: 0px;\">1989<\/span><span style=\"display: block; text-align: center; margin-bottom: 0px; font-size: 16px; color: #fff;\">12.000m\u00b2<\/span><span style=\"display: block;\">FRONTIGNAN<\/span><\/div><\/div><div class=\"col one nomargin nopadding\">\u00a0<\/div><div class=\"col seven mobile-full nomargin nopadding textleft\"><div style=\"position: relative; top: 10px; left: 0px;\"><img decoding=\"async\" title=\"Usine d'Hagetmau\" src=\"|!|vcvUploadUrl|!|\/2015\/09\/icon-grande-usine.svg\" alt=\"Usine d'Hagetmau\" \/><\/div><div class=\"proregular\" style=\"max-width: 490px; display: block; position: relative; top: -66px; left: 0px; font-size: 16px; text-align: center; color: white;\"><span style=\"display: block; margin-bottom: 0px;\">2010<\/span><span style=\"display: block; text-align: center; margin-bottom: 0px; font-size: 16px; color: #fff;\">+24.000 m\u00b2<\/span><span style=\"display: block;\">HAGETMAU<\/span><\/div><\/div><div class=\"clear\">\u00a0<\/div><h4 class=\"red margintop20\" style=\"position: relative; top: -50px;\"><span class=\"proregular red\"> Capacidad de producci\u00f3n anual<\/span>20 millones de m\u00b2 en films adhesivos<\/h4><\/div><\/div><\/div><\/section><p><\/p><p><\/p><section class=\"module parallax parallax-entreprise textcenter top156\"><div class=\"button-diagonal big bg-red\"><a href=\"|!|vcvUploadUrl|!|\/2024\/09\/Corporate-Presentation_EN_2024.pdf\" rel=\"bookmark\"> PRESENTACI\u00d3N DE NUESTRA EMPRESA <\/a><\/div><div class=\"clear\">\u00a0<\/div><\/section><p><\/p><p><\/p><section><div id=\"hexisquality\" class=\"section row\"><div class=\"container-full\"><div class=\"col twelve tablet-full mobile-full margintop20\"><h2 class=\"borderRed\">Calidad y desarrollo sostenible<\/h2><\/div><div class=\"clear\">\u00a0<\/div><div class=\"col eight tablet-full mobile-full nomargin nopadding\"><h3 class=\"silver marginleft16\">Bajo el impulso de su fundador, Michel Mateu, el grupo HEXIS ha apostado por incorporar los valores del desarrollo sostenible a las metas corporativas de la organizaci\u00f3n, estando as\u00ed especialmente comprometida con la responsabilidad social. En estos \u00faltimos a\u00f1os, HEXIS tambi\u00e9n ha acometido grandes inversiones para implementar medidas tendientes a reducir el impacto ambiental.<\/h3><\/div><div class=\"col four tablet-full mobile-full textcenter\"><img decoding=\"async\" style=\"vertical-align: middle;\" src=\"|!|vcvUploadUrl|!|\/2022\/09\/Ecovadis-HEXIS.png\" alt=\"\" width=\"100px\" height=\"100px\" \/><img decoding=\"async\" class=\"\" style=\"vertical-align: middle; max-width: 250px;\" src=\"|!|vcvUploadUrl|!|\/2022\/09\/Certifications-ISO-HEXIS.png\" alt=\"\" \/><\/div><\/div><div class=\"clear\">\u00a0<\/div><\/div><\/section><p><\/p><\/div><\/div><p><\/p><\/div><\/div><\/div><p><\/p><\/div><\/div><\/div><p><\/p>\t\t\t\t\t\t\t\t<\/div>\n\t\t\t\t<\/div>\n\t\t\t\t\t<\/div>\n\t\t\t\t<\/div>\n\t\t\t\t<\/div>\n\t\t","protected":false},"excerpt":{"rendered":"<p>Acerca de Hexis\u2026 HEXIS SAS es uno de los principales referentes del sector de la fabricaci\u00f3n de films adhesivos para la comunicaci\u00f3n visual, la rotulaci\u00f3n y la protecci\u00f3n de superficies. KIT DE PRENSA Desde el inicio de su andadura en 1989, HEXIS sigue defendiendo su posici\u00f3n como l\u00edder franc\u00e9s en productos destinados a la rotulaci\u00f3n [&hellip;]<\/p>\n","protected":false},"author":3,"featured_media":0,"parent":0,"menu_order":10,"comment_status":"closed","ping_status":"closed","template":"page-hexis.php","meta":{"footnotes":""},"class_list":["post-5429","page","type-page","status-publish","hentry"],"yoast_head":"<!-- This site is optimized with the Yoast SEO plugin v26.9 - https:\/\/yoast.com\/product\/yoast-seo-wordpress\/ -->\n<title>Acerca de Hexis - HEXIS Graphics<\/title>\n<meta name=\"robots\" content=\"index, follow, max-snippet:-1, max-image-preview:large, max-video-preview:-1\" \/>\n<link rel=\"canonical\" href=\"https:\/\/www.hexis-graphics.com\/es\/acerca-hexis\/\" \/>\n<meta property=\"og:locale\" content=\"es_ES\" \/>\n<meta property=\"og:type\" content=\"article\" \/>\n<meta property=\"og:title\" content=\"Acerca de Hexis - HEXIS Graphics\" \/>\n<meta property=\"og:description\" content=\"Acerca de Hexis\u2026 HEXIS SAS es uno de los principales referentes del sector de la fabricaci\u00f3n de films adhesivos para la comunicaci\u00f3n visual, la rotulaci\u00f3n y la protecci\u00f3n de superficies. KIT DE PRENSA Desde el inicio de su andadura en 1989, HEXIS sigue defendiendo su posici\u00f3n como l\u00edder franc\u00e9s en productos destinados a la rotulaci\u00f3n [&hellip;]\" \/>\n<meta property=\"og:url\" content=\"https:\/\/www.hexis-graphics.com\/es\/acerca-hexis\/\" \/>\n<meta property=\"og:site_name\" content=\"HEXIS Graphics\" \/>\n<meta property=\"article:publisher\" content=\"https:\/\/www.facebook.com\/hexisgraphics\" \/>\n<meta property=\"article:modified_time\" content=\"2026-03-19T10:31:20+00:00\" \/>\n<meta property=\"og:image\" content=\"https:\/\/www.hexis-graphics.com\/hexisgraphics\/2016\/05\/logo_HEXIS.jpg\" \/>\n\t<meta property=\"og:image:width\" content=\"250\" \/>\n\t<meta property=\"og:image:height\" content=\"107\" \/>\n\t<meta property=\"og:image:type\" content=\"image\/jpeg\" \/>\n<meta name=\"twitter:card\" content=\"summary_large_image\" \/>\n<meta name=\"twitter:site\" content=\"@hexisgraphics\" \/>\n<meta name=\"twitter:label1\" content=\"Tiempo de lectura\" \/>\n\t<meta name=\"twitter:data1\" content=\"6 minutos\" \/>\n<script type=\"application\/ld+json\" class=\"yoast-schema-graph\">{\"@context\":\"https:\/\/schema.org\",\"@graph\":[{\"@type\":\"WebPage\",\"@id\":\"https:\/\/www.hexis-graphics.com\/es\/acerca-hexis\/\",\"url\":\"https:\/\/www.hexis-graphics.com\/es\/acerca-hexis\/\",\"name\":\"Acerca de Hexis - HEXIS Graphics\",\"isPartOf\":{\"@id\":\"https:\/\/www.hexis-graphics.com\/es\/#website\"},\"datePublished\":\"2015-09-25T17:39:42+00:00\",\"dateModified\":\"2026-03-19T10:31:20+00:00\",\"breadcrumb\":{\"@id\":\"https:\/\/www.hexis-graphics.com\/es\/acerca-hexis\/#breadcrumb\"},\"inLanguage\":\"es\",\"potentialAction\":[{\"@type\":\"ReadAction\",\"target\":[\"https:\/\/www.hexis-graphics.com\/es\/acerca-hexis\/\"]}]},{\"@type\":\"BreadcrumbList\",\"@id\":\"https:\/\/www.hexis-graphics.com\/es\/acerca-hexis\/#breadcrumb\",\"itemListElement\":[{\"@type\":\"ListItem\",\"position\":1,\"name\":\"Accueil\",\"item\":\"https:\/\/www.hexis-graphics.com\/es\/\"},{\"@type\":\"ListItem\",\"position\":2,\"name\":\"Acerca de Hexis\"}]},{\"@type\":\"WebSite\",\"@id\":\"https:\/\/www.hexis-graphics.com\/es\/#website\",\"url\":\"https:\/\/www.hexis-graphics.com\/es\/\",\"name\":\"HEXIS Graphics\",\"description\":\"Manufacturer of self-adhesive films\",\"publisher\":{\"@id\":\"https:\/\/www.hexis-graphics.com\/es\/#organization\"},\"potentialAction\":[{\"@type\":\"SearchAction\",\"target\":{\"@type\":\"EntryPoint\",\"urlTemplate\":\"https:\/\/www.hexis-graphics.com\/es\/?s={search_term_string}\"},\"query-input\":{\"@type\":\"PropertyValueSpecification\",\"valueRequired\":true,\"valueName\":\"search_term_string\"}}],\"inLanguage\":\"es\"},{\"@type\":\"Organization\",\"@id\":\"https:\/\/www.hexis-graphics.com\/es\/#organization\",\"name\":\"HEXIS Graphics\",\"url\":\"https:\/\/www.hexis-graphics.com\/es\/\",\"logo\":{\"@type\":\"ImageObject\",\"inLanguage\":\"es\",\"@id\":\"https:\/\/www.hexis-graphics.com\/es\/#\/schema\/logo\/image\/\",\"url\":\"https:\/\/www.hexis-graphics.com\/hexisgraphics\/2016\/05\/logo_HEXIS.jpg\",\"contentUrl\":\"https:\/\/www.hexis-graphics.com\/hexisgraphics\/2016\/05\/logo_HEXIS.jpg\",\"width\":250,\"height\":107,\"caption\":\"HEXIS Graphics\"},\"image\":{\"@id\":\"https:\/\/www.hexis-graphics.com\/es\/#\/schema\/logo\/image\/\"},\"sameAs\":[\"https:\/\/www.facebook.com\/hexisgraphics\",\"https:\/\/x.com\/hexisgraphics\",\"https:\/\/www.instagram.com\/hexisgraphics\/\",\"https:\/\/fr.linkedin.com\/company\/hexis-s-a-\",\"https:\/\/www.youtube.com\/user\/HEXISSA\"]}]}<\/script>\n<!-- \/ Yoast SEO plugin. -->","yoast_head_json":{"title":"Acerca de Hexis - HEXIS Graphics","robots":{"index":"index","follow":"follow","max-snippet":"max-snippet:-1","max-image-preview":"max-image-preview:large","max-video-preview":"max-video-preview:-1"},"canonical":"https:\/\/www.hexis-graphics.com\/es\/acerca-hexis\/","og_locale":"es_ES","og_type":"article","og_title":"Acerca de Hexis - HEXIS Graphics","og_description":"Acerca de Hexis\u2026 HEXIS SAS es uno de los principales referentes del sector de la fabricaci\u00f3n de films adhesivos para la comunicaci\u00f3n visual, la rotulaci\u00f3n y la protecci\u00f3n de superficies. KIT DE PRENSA Desde el inicio de su andadura en 1989, HEXIS sigue defendiendo su posici\u00f3n como l\u00edder franc\u00e9s en productos destinados a la rotulaci\u00f3n [&hellip;]","og_url":"https:\/\/www.hexis-graphics.com\/es\/acerca-hexis\/","og_site_name":"HEXIS Graphics","article_publisher":"https:\/\/www.facebook.com\/hexisgraphics","article_modified_time":"2026-03-19T10:31:20+00:00","og_image":[{"width":250,"height":107,"url":"https:\/\/www.hexis-graphics.com\/hexisgraphics\/2016\/05\/logo_HEXIS.jpg","type":"image\/jpeg"}],"twitter_card":"summary_large_image","twitter_site":"@hexisgraphics","twitter_misc":{"Tiempo de lectura":"6 minutos"},"schema":{"@context":"https:\/\/schema.org","@graph":[{"@type":"WebPage","@id":"https:\/\/www.hexis-graphics.com\/es\/acerca-hexis\/","url":"https:\/\/www.hexis-graphics.com\/es\/acerca-hexis\/","name":"Acerca de Hexis - HEXIS Graphics","isPartOf":{"@id":"https:\/\/www.hexis-graphics.com\/es\/#website"},"datePublished":"2015-09-25T17:39:42+00:00","dateModified":"2026-03-19T10:31:20+00:00","breadcrumb":{"@id":"https:\/\/www.hexis-graphics.com\/es\/acerca-hexis\/#breadcrumb"},"inLanguage":"es","potentialAction":[{"@type":"ReadAction","target":["https:\/\/www.hexis-graphics.com\/es\/acerca-hexis\/"]}]},{"@type":"BreadcrumbList","@id":"https:\/\/www.hexis-graphics.com\/es\/acerca-hexis\/#breadcrumb","itemListElement":[{"@type":"ListItem","position":1,"name":"Accueil","item":"https:\/\/www.hexis-graphics.com\/es\/"},{"@type":"ListItem","position":2,"name":"Acerca de Hexis"}]},{"@type":"WebSite","@id":"https:\/\/www.hexis-graphics.com\/es\/#website","url":"https:\/\/www.hexis-graphics.com\/es\/","name":"HEXIS Graphics","description":"Manufacturer of self-adhesive films","publisher":{"@id":"https:\/\/www.hexis-graphics.com\/es\/#organization"},"potentialAction":[{"@type":"SearchAction","target":{"@type":"EntryPoint","urlTemplate":"https:\/\/www.hexis-graphics.com\/es\/?s={search_term_string}"},"query-input":{"@type":"PropertyValueSpecification","valueRequired":true,"valueName":"search_term_string"}}],"inLanguage":"es"},{"@type":"Organization","@id":"https:\/\/www.hexis-graphics.com\/es\/#organization","name":"HEXIS Graphics","url":"https:\/\/www.hexis-graphics.com\/es\/","logo":{"@type":"ImageObject","inLanguage":"es","@id":"https:\/\/www.hexis-graphics.com\/es\/#\/schema\/logo\/image\/","url":"https:\/\/www.hexis-graphics.com\/hexisgraphics\/2016\/05\/logo_HEXIS.jpg","contentUrl":"https:\/\/www.hexis-graphics.com\/hexisgraphics\/2016\/05\/logo_HEXIS.jpg","width":250,"height":107,"caption":"HEXIS Graphics"},"image":{"@id":"https:\/\/www.hexis-graphics.com\/es\/#\/schema\/logo\/image\/"},"sameAs":["https:\/\/www.facebook.com\/hexisgraphics","https:\/\/x.com\/hexisgraphics","https:\/\/www.instagram.com\/hexisgraphics\/","https:\/\/fr.linkedin.com\/company\/hexis-s-a-","https:\/\/www.youtube.com\/user\/HEXISSA"]}]}},"_links":{"self":[{"href":"https:\/\/www.hexis-graphics.com\/es\/wp-json\/wp\/v2\/pages\/5429","targetHints":{"allow":["GET"]}}],"collection":[{"href":"https:\/\/www.hexis-graphics.com\/es\/wp-json\/wp\/v2\/pages"}],"about":[{"href":"https:\/\/www.hexis-graphics.com\/es\/wp-json\/wp\/v2\/types\/page"}],"author":[{"embeddable":true,"href":"https:\/\/www.hexis-graphics.com\/es\/wp-json\/wp\/v2\/users\/3"}],"replies":[{"embeddable":true,"href":"https:\/\/www.hexis-graphics.com\/es\/wp-json\/wp\/v2\/comments?post=5429"}],"version-history":[{"count":3,"href":"https:\/\/www.hexis-graphics.com\/es\/wp-json\/wp\/v2\/pages\/5429\/revisions"}],"predecessor-version":[{"id":58238,"href":"https:\/\/www.hexis-graphics.com\/es\/wp-json\/wp\/v2\/pages\/5429\/revisions\/58238"}],"wp:attachment":[{"href":"https:\/\/www.hexis-graphics.com\/es\/wp-json\/wp\/v2\/media?parent=5429"}],"curies":[{"name":"wp","href":"https:\/\/api.w.org\/{rel}","templated":true}]}}