{"id":5077,"date":"2015-09-28T20:32:36","date_gmt":"2015-09-28T20:32:36","guid":{"rendered":"https:\/\/www.hexis-graphics.com\/es\/?page_id=5077"},"modified":"2022-10-13T10:52:11","modified_gmt":"2022-10-13T10:52:11","slug":"durabilidad","status":"publish","type":"page","link":"https:\/\/www.hexis-graphics.com\/es\/soporte\/durabilidad\/","title":{"rendered":"Durabilidad"},"content":{"rendered":"<div style=\"text-align: center; background-color: #c90219; color: white; padding: 15px; margin-top: 10px;\">\n<p>&nbsp;<\/p>\n<p>REGLAS GENERALES DE CONVERSI\u00d3N PARA ESTIMAR LA DURABILIDAD SEG\u00daN LA LOCALIZACI\u00d3N<\/p>\n<h1 style=\"color: #ffffff !important;\">GAMA CORTE &amp; SE\u00d1AL\u00c9TICA, ROTULACI\u00d3N INTEGRAL, IMPRESI\u00d3N DIGITAL Y FILMS DE PROTECCI\u00d3N PARA AUTOM\u00d3VILES<\/h1>\n<\/div>\n<div style=\"clear: both;\"><\/div>\n<div style=\"float: left;\"><button id=\"gf_button_get_form_5\" class=\"button-black button-background-mini\" style=\"float: left; margin-right: 10px; font-size: 13px; margin-top: 15px;\"><a style=\"padding: 0px;\" href=\"https:\/\/www.hexis-graphics.com\/hexisgraphics\/2022\/10\/Durabilidades-seg\u00fan-la-localizaci\u00f3n-FTP-espagnol-076E.pdf\" target=\"_blank\" rel=\"noopener\">Descargar<\/a><\/button><\/div>\n<div style=\"float: right;\"><span style=\"float: left; margin-right: 10px; font-size: 13px; margin-top: 15px;\">FTP.DAO.076E 10.22<\/span><\/div>\n<div style=\"clear: both;\"><\/div>\n<div style=\"text-align: justify;\">\n<h3 class=\"titreArticle\" style=\"text-decoration: underline;\">DURABILIDADES INDICATIVAS:<\/h3>\n<p>Las durabilidades estimadas(1) indicadas en las fichas t\u00e9cnicas de las series Corte &amp; Se\u00f1al\u00e9tica, Rotulaci\u00f3n Integral, Impresi\u00f3n Digital y Films de Protecci\u00f3n para Autom\u00f3viles se corresponden con films HEXIS ni modificados, ni transformados, con una exposici\u00f3n vertical (\u00b1 10\u00b0) en un clima de Europa Central (correspondiente a la zona geogr\u00e1fica 1). Las condiciones de durabilidad est\u00e1n relacionadas con esta posici\u00f3n y algunos grados de tolerancia. El resto de posiciones acent\u00faan los choques clim\u00e1ticos y pueden alterar el brillo y el color, incluso la superficie podr\u00eda quedar ligeramente blanquecina. Su aplicaci\u00f3n sobre el cap\u00f3 de un veh\u00edculo re\u00fane todos los factores m\u00e1s adversos, debido a la exposici\u00f3n horizontal y al calor que desprende el motor.<\/p>\n<p>En el siguiente cuadro detallamos las reglas de conversi\u00f3n para calcular la durabilidad estimada(1) en funci\u00f3n de la posici\u00f3n y\/o la situaci\u00f3n geogr\u00e1fica.<\/p>\n<table class=\"faq-table\" style=\"border: 2px solid black; text-align: center; width: 100%; border-spacing: 0;\" border=\"1\">\n<thead>\n<tr>\n<td rowspan=\"2\"><\/td>\n<td style=\"text-align: center;\" colspan=\"3\">Zona 1<\/td>\n<td style=\"text-align: center;\" colspan=\"3\">Zona 2<\/td>\n<td style=\"text-align: center;\" colspan=\"3\">Zona 3<\/td>\n<\/tr>\n<tr>\n<td class=\"last\" style=\"background-color: darkgrey; padding: 2px; width: 10%;\">Vertical<\/td>\n<td class=\"last\" style=\"background-color: grey; padding: 2px; width: 10%;\">No vertical<\/td>\n<td class=\"last\" style=\"background-color: #c90219; color: white; padding: 2px; width: 10%; border: 1px solid #000000;\">Horizontal<\/td>\n<td class=\"last\" style=\"background-color: darkgrey; padding: 2px; width: 10%;\">Vertical<\/td>\n<td class=\"last\" style=\"background-color: grey; padding: 2px; width: 10%;\">No vertical<\/td>\n<td class=\"last\" style=\"background-color: #c90219; color: white; padding: 2px; width: 10%; border: 1px solid #000000;\">Horizontal<\/td>\n<td class=\"last\" style=\"background-color: darkgrey; padding: 2px; width: 10%;\">Vertical<\/td>\n<td class=\"last\" style=\"background-color: grey; padding: 2px; width: 10%;\">No vertical<\/td>\n<td class=\"last\" style=\"background-color: #c90219; color: white; padding: 2px; width: 10%; border: 1px solid #000000;\">Horizontal<\/td>\n<\/tr>\n<\/thead>\n<tbody>\n<tr>\n<td class=\"first\" style=\"padding: 2px;\">Estimaci\u00f3n de la durabilidad <sup>(1)<\/sup><\/td>\n<td style=\"background-color: darkgrey; padding: 2px; width: 15%;\">Datos de durabilidad estimada indicados en las fichas t\u00e9cnicas (Di1)<\/td>\n<td style=\"background-color: grey; padding: 2px;\">Di1 * 0,50<\/td>\n<td style=\"background-color: #c90219; color: white; padding: 2px; border: 1px solid #000000;\">Di1 * 0,35<\/td>\n<td style=\"background-color: darkgrey; padding: 2px;\">Di1 * 0,65<\/td>\n<td style=\"background-color: grey; padding: 2px;\">Di1 * 0,35<\/td>\n<td style=\"background-color: #c90219; color: white; padding: 2px; border: 1px solid #000000;\">Di1 * 0,15<\/td>\n<td style=\"background-color: darkgrey; padding: 2px;\">Di1 * 0,35<\/td>\n<td style=\"background-color: grey; padding: 2px;\">Di1 * 0,15<\/td>\n<td style=\"background-color: #c90219; color: white; padding: 2px;\">Di1 * 0,10<\/td>\n<\/tr>\n<\/tbody>\n<\/table>\n<h2 style=\"text-decoration: underline; font-size: 14px; color: dimgrey; margin-top: 15px;\">Definici\u00f3n de las zonas clim\u00e1ticas:<\/h2>\n<div class=\"row\" style=\"padding: 15px; margin-top: -45px;\">\n<div class=\"col four\">\n<h3 style=\"font-size: 14px; font-weight: bold; text-align: center;\">Zona geogr\u00e1fica 1:<\/h3>\n<p class=\"titreArticle\">Alemania, Andorra, Armenia, Austria, Azerbaiy\u00e1n, Bielorrusia, B\u00e9lgica, Bosnia y Herzegovina, Canad\u00e1, Croacia, Dinamarca, Eslovaquia, Eslovenia, Estados Unidos (excepto los estados mencionados en la zona 2), Estonia, Finlandia, Francia metropolitana, Georgia, Groenlandia, Hungr\u00eda, Islandia, Irlanda, Italia (al norte de Roma), Kazajist\u00e1n, Letonia, Liechtenstein, Lituania, Luxemburgo, Moldavia, Montenegro, Noruega, Pa\u00edses Bajos, Polonia, Rep\u00fablica Checa, Reino Unido, Ruman\u00eda, Rusia, Serbia, Suecia, Suiza, Ucrania.<\/p>\n<\/div>\n<div class=\"col four\">\n<h3 style=\"font-size: 14px; font-weight: bold; text-align: center;\">Zona geogr\u00e1fica 2:<\/h3>\n<p class=\"titreArticle\">Afganist\u00e1n, Albania, Antillas francesas (Las), Argentina, Australia (estados del sur), Bahamas, Banglad\u00e9s, Barbados, Belice, Birmania, Bolivia, Brasil, Bulgaria, But\u00e1n, Cabo Verde, Camboya, Cerde\u00f1a, Chile, China, Chipre, Colombia, Corea, Costa Rica, Creta, Cuba, Ecuador, El Salvador, Espa\u00f1a, Estados Unidos (Arizona, California, Florida, Nevada, Nuevo M\u00e9xico, Texas, Utah), Filipinas, Fiyi, FWI (Guadalupe, Martinica, etc.), Grecia, Guatemala, Guyana, Hait\u00ed, Honduras, India, Indonesia, Islas del Caribe, Italia (al sur de Roma), Jamaica, Jap\u00f3n, Kirguist\u00e1n, Laos, Lesoto, Macedonia, Malasia, Islas Maldivas, Malta, Mongolia, Nepal, Nicaragua, Nueva Zelanda, Pakist\u00e1n, Panam\u00e1, Pap\u00faa Nueva Guinea, Paraguay, Per\u00fa, Polinesia, Portugal, Puerto Rico, Rep\u00fablica Cooperativa de Guyana, Rep\u00fablica Dominicana, Singapur, Sri Lanka, Suazilandia, Sud\u00e1frica, Surinam, Siria, Tailandia, Taiw\u00e1n, Tayikist\u00e1n, Timor Oriental, Turqu\u00eda, Turkmenist\u00e1n, Uruguay, Uzbekist\u00e1n, Venezuela, Vietnam.<\/p>\n<\/div>\n<div class=\"col four\">\n<h3 style=\"font-size: 14px; font-weight: bold; text-align: center;\">Zona geogr\u00e1fica 3:<\/h3>\n<p class=\"titreArticle\">Angola, Arabia Saudita, Argelia, Australia (estados del norte y zonas des\u00e9rticas), Bar\u00e9in, Ben\u00edn, Botsuana, Burkina Faso, Burundi, Camer\u00fan, Catar, Chad, Congo, Costa de Marfil, Egipto, Emiratos \u00c1rabes Unidos, Eritrea, Etiop\u00eda, Gab\u00f3n, Gambia, Ghana, Guinea, Guinea-Bis\u00e1u, Guinea Ecuatorial, Irak, Ir\u00e1n, Israel, Jordania, Kenia, Kuwait, L\u00edbano, Liberia, Libia, Madagascar, Malaui, Mal\u00ed, Marruecos, Mauricio, Mauritania, M\u00e9xico, Mozambique, Namibia, N\u00edger, Nigeria, Om\u00e1n, Palestina, Rep\u00fablica Centroafricana, Rep\u00fablica Democr\u00e1tica del Congo, Reuni\u00f3n, Ruanda, S\u00e1hara Occidental, Senegal, Sierra Leona, Somalia, Sud\u00e1n, Tanzania, Togo, T\u00fanez, Uganda, Yemen, Yibuti, Zambia, Zimbabue.<br \/>\nCualquier zona des\u00e9rtica.<br \/>\nCualquier zona con una altitud superior a 1000 m.<\/p>\n<\/div>\n<\/div>\n<div class=\"definition\" style=\"display: inline-block; margin-top: -40px;\">\n<h2 style=\"text-decoration: underline; font-size: 14px; color: dimgrey;\">Definici\u00f3n de las orientaciones:<\/h2>\n<div style=\"float: left; display: inline-block; ; padding-top: 15px; width: 570px; margin: -25px;\">\n<ul style=\"list-style: none;\">\n<li style=\"background-color: gainsboro; padding: 3px 10px;\">Exposici\u00f3n vertical: \u00b1 10\u00b0 dependiendo de la verticalidad<\/li>\n<li style=\"background-color: darkgrey; padding: 3px 10px;\">Exposici\u00f3n no vertical: de 11 a 79\u00b0 dependiendo de la verticalidad<\/li>\n<li style=\"background-color: #c80b0e; color: white; padding: 3px 10px;\">Exposici\u00f3n horizontal: de 80 a 90\u00b0 dependiendo de la verticalidad<\/li>\n<\/ul>\n<\/div>\n<p><img decoding=\"async\" class=\"alignright lazyloaded\" style=\"float: left; display: inline-block; margin-top: -55px; margin-left: 50px;\" src=\"https:\/\/hexis-graphics.com\/img\/durability\/orientation.png\" alt=\"orientations possibles\" width=\"188\" height=\"200\" data-lazy-src=\"https:\/\/hexis-graphics.com\/img\/durability\/orientation.png\" \/><\/p>\n<p>&nbsp;<\/p>\n<p>&nbsp;<\/p>\n<p>&nbsp;<\/p>\n<p>&nbsp;<\/p>\n<ul>\n<li>La duraci\u00f3n real del producto depende de un gran n\u00famero de par\u00e1metros, incluyendo, entre otros, la calidad y la preparaci\u00f3n del soporte, las condiciones de exposici\u00f3n (ambientales, climatol\u00f3gicas y de posici\u00f3n), el mantenimiento del film, el grado de contaminaci\u00f3n, la tecnolog\u00eda de impresi\u00f3n y la calidad de las tintas utilizadas para los films de impresi\u00f3n digital.<\/li>\n<li>Recomendamos (en la medida de lo posible) que se evite una exposici\u00f3n prolongada a la luz solar y a la intemperie, as\u00ed como a la contaminaci\u00f3n ambiental, ya que aceleran el proceso de degradaci\u00f3n del film(2). Un veh\u00edculo revestido con el film debe protegerse siempre que sea posible del intenso sol y de la intemperie (lluvia, roc\u00edo, etc.): durante las horas centrales del d\u00eda intente aparcar a la sombra, y por la noche, deje su veh\u00edculo en un garaje cerrado o c\u00fabralo con una funda protectora.<\/li>\n<\/ul>\n<div style=\"float: left; display: inline-block;\"><\/div>\n<h3 class=\"titreArticle\" style=\"font-size: 13px; text-decoration: underline; float: left; margin-top: -5px;\">ADVERTENCIAS:<\/h3>\n<div style=\"float: left; display: inline-block; font-size: 12px; margin-top: -15px;\">\n<p>(1) Los datos de durabilidad indicados en este documento pretenden ser una fuente de informaci\u00f3n y no constituyen ninguna garant\u00eda. Se trata de estimar la vida \u00fatil del producto conservando un aspecto visual correcto a una distancia de observaci\u00f3n usual.<br \/>\nTodos los materiales, sin excepci\u00f3n alguna, se degradan con el paso del tiempo dando lugar a leves variaciones de color y a la p\u00e9rdida paulatina del brillo. Se trata de un fen\u00f3meno natural e inevitable.<\/p>\n<p>(2) Si el film se degrada sustancialmente (mostrando signos de decoloraci\u00f3n, empolvamiento y amarilleamiento) por una exposici\u00f3n solar prolongada, fuerte intemperie o un alto grado de contaminaci\u00f3n ambiental, recomendamos su retirada inmediata para evitar el deterioro de la superficie pintada del veh\u00edculo.<\/p>\n<p>La gran diversidad de superficies de aplicaci\u00f3n y las nuevas posibilidades deben impulsar al usuario a examinar las propiedades del producto en cada uso. Toda la informaci\u00f3n aqu\u00ed publicada se basa en mediciones realizadas regularmente en laboratorio. Sin embargo, no constituye un factor de garant\u00eda intangible. El vendedor no se hace responsable de ning\u00fan da\u00f1o indirecto y su responsabilidad ser\u00e1 como m\u00e1ximo la del valor de sus productos. Todas nuestras especificaciones est\u00e1n sujetas a modificaci\u00f3n sin notificaci\u00f3n previa. La actualizaci\u00f3n de nuestras especificaciones se incluye autom\u00e1ticamente en nuestra p\u00e1gina web www.hexis-graphics.com.<\/p>\n<\/div>\n<\/div>\n<\/div>\n","protected":false},"excerpt":{"rendered":"<p>&nbsp; REGLAS GENERALES DE CONVERSI\u00d3N PARA ESTIMAR LA DURABILIDAD SEG\u00daN LA LOCALIZACI\u00d3N GAMA CORTE &amp; SE\u00d1AL\u00c9TICA, ROTULACI\u00d3N INTEGRAL, IMPRESI\u00d3N DIGITAL Y FILMS DE PROTECCI\u00d3N PARA AUTOM\u00d3VILES Descargar FTP.DAO.076E 10.22 DURABILIDADES INDICATIVAS: Las durabilidades estimadas(1) indicadas en las fichas t\u00e9cnicas de las series Corte &amp; Se\u00f1al\u00e9tica, Rotulaci\u00f3n Integral, Impresi\u00f3n Digital y Films de Protecci\u00f3n para Autom\u00f3viles [&hellip;]<\/p>\n","protected":false},"author":1,"featured_media":0,"parent":678,"menu_order":0,"comment_status":"closed","ping_status":"closed","template":"","meta":{"footnotes":""},"class_list":["post-5077","page","type-page","status-publish","hentry"],"yoast_head":"<!-- This site is optimized with the Yoast SEO plugin v26.9 - https:\/\/yoast.com\/product\/yoast-seo-wordpress\/ -->\n<title>Durabilidad - HEXIS Graphics<\/title>\n<meta name=\"robots\" content=\"index, follow, max-snippet:-1, max-image-preview:large, max-video-preview:-1\" \/>\n<link rel=\"canonical\" href=\"https:\/\/www.hexis-graphics.com\/es\/soporte\/durabilidad\/\" \/>\n<meta property=\"og:locale\" content=\"es_ES\" \/>\n<meta property=\"og:type\" content=\"article\" \/>\n<meta property=\"og:title\" content=\"Durabilidad - HEXIS Graphics\" \/>\n<meta property=\"og:description\" content=\"&nbsp; REGLAS GENERALES DE CONVERSI\u00d3N PARA ESTIMAR LA DURABILIDAD SEG\u00daN LA LOCALIZACI\u00d3N GAMA CORTE &amp; SE\u00d1AL\u00c9TICA, ROTULACI\u00d3N INTEGRAL, IMPRESI\u00d3N DIGITAL Y FILMS DE PROTECCI\u00d3N PARA AUTOM\u00d3VILES Descargar FTP.DAO.076E 10.22 DURABILIDADES INDICATIVAS: Las durabilidades estimadas(1) indicadas en las fichas t\u00e9cnicas de las series Corte &amp; Se\u00f1al\u00e9tica, Rotulaci\u00f3n Integral, Impresi\u00f3n Digital y Films de Protecci\u00f3n para Autom\u00f3viles [&hellip;]\" \/>\n<meta property=\"og:url\" content=\"https:\/\/www.hexis-graphics.com\/es\/soporte\/durabilidad\/\" \/>\n<meta property=\"og:site_name\" content=\"HEXIS Graphics\" \/>\n<meta property=\"article:publisher\" content=\"https:\/\/www.facebook.com\/hexisgraphics\" \/>\n<meta property=\"article:modified_time\" content=\"2022-10-13T10:52:11+00:00\" \/>\n<meta property=\"og:image\" content=\"https:\/\/hexis-graphics.com\/img\/durability\/orientation.png\" \/>\n<meta name=\"twitter:card\" content=\"summary_large_image\" \/>\n<meta name=\"twitter:site\" content=\"@hexisgraphics\" \/>\n<meta name=\"twitter:label1\" content=\"Tiempo de lectura\" \/>\n\t<meta name=\"twitter:data1\" content=\"5 minutos\" \/>\n<script type=\"application\/ld+json\" class=\"yoast-schema-graph\">{\"@context\":\"https:\/\/schema.org\",\"@graph\":[{\"@type\":\"WebPage\",\"@id\":\"https:\/\/www.hexis-graphics.com\/es\/soporte\/durabilidad\/\",\"url\":\"https:\/\/www.hexis-graphics.com\/es\/soporte\/durabilidad\/\",\"name\":\"Durabilidad - HEXIS Graphics\",\"isPartOf\":{\"@id\":\"https:\/\/www.hexis-graphics.com\/es\/#website\"},\"primaryImageOfPage\":{\"@id\":\"https:\/\/www.hexis-graphics.com\/es\/soporte\/durabilidad\/#primaryimage\"},\"image\":{\"@id\":\"https:\/\/www.hexis-graphics.com\/es\/soporte\/durabilidad\/#primaryimage\"},\"thumbnailUrl\":\"https:\/\/hexis-graphics.com\/img\/durability\/orientation.png\",\"datePublished\":\"2015-09-28T20:32:36+00:00\",\"dateModified\":\"2022-10-13T10:52:11+00:00\",\"breadcrumb\":{\"@id\":\"https:\/\/www.hexis-graphics.com\/es\/soporte\/durabilidad\/#breadcrumb\"},\"inLanguage\":\"es\",\"potentialAction\":[{\"@type\":\"ReadAction\",\"target\":[\"https:\/\/www.hexis-graphics.com\/es\/soporte\/durabilidad\/\"]}]},{\"@type\":\"ImageObject\",\"inLanguage\":\"es\",\"@id\":\"https:\/\/www.hexis-graphics.com\/es\/soporte\/durabilidad\/#primaryimage\",\"url\":\"https:\/\/hexis-graphics.com\/img\/durability\/orientation.png\",\"contentUrl\":\"https:\/\/hexis-graphics.com\/img\/durability\/orientation.png\"},{\"@type\":\"BreadcrumbList\",\"@id\":\"https:\/\/www.hexis-graphics.com\/es\/soporte\/durabilidad\/#breadcrumb\",\"itemListElement\":[{\"@type\":\"ListItem\",\"position\":1,\"name\":\"Accueil\",\"item\":\"https:\/\/www.hexis-graphics.com\/es\/\"},{\"@type\":\"ListItem\",\"position\":2,\"name\":\"Soporte t\u00e9cnico\",\"item\":\"https:\/\/www.hexis-graphics.com\/es\/soporte\/\"},{\"@type\":\"ListItem\",\"position\":3,\"name\":\"Durabilidad\"}]},{\"@type\":\"WebSite\",\"@id\":\"https:\/\/www.hexis-graphics.com\/es\/#website\",\"url\":\"https:\/\/www.hexis-graphics.com\/es\/\",\"name\":\"HEXIS Graphics\",\"description\":\"Manufacturer of self-adhesive films\",\"publisher\":{\"@id\":\"https:\/\/www.hexis-graphics.com\/es\/#organization\"},\"potentialAction\":[{\"@type\":\"SearchAction\",\"target\":{\"@type\":\"EntryPoint\",\"urlTemplate\":\"https:\/\/www.hexis-graphics.com\/es\/?s={search_term_string}\"},\"query-input\":{\"@type\":\"PropertyValueSpecification\",\"valueRequired\":true,\"valueName\":\"search_term_string\"}}],\"inLanguage\":\"es\"},{\"@type\":\"Organization\",\"@id\":\"https:\/\/www.hexis-graphics.com\/es\/#organization\",\"name\":\"HEXIS Graphics\",\"url\":\"https:\/\/www.hexis-graphics.com\/es\/\",\"logo\":{\"@type\":\"ImageObject\",\"inLanguage\":\"es\",\"@id\":\"https:\/\/www.hexis-graphics.com\/es\/#\/schema\/logo\/image\/\",\"url\":\"https:\/\/www.hexis-graphics.com\/hexisgraphics\/2016\/05\/logo_HEXIS.jpg\",\"contentUrl\":\"https:\/\/www.hexis-graphics.com\/hexisgraphics\/2016\/05\/logo_HEXIS.jpg\",\"width\":250,\"height\":107,\"caption\":\"HEXIS Graphics\"},\"image\":{\"@id\":\"https:\/\/www.hexis-graphics.com\/es\/#\/schema\/logo\/image\/\"},\"sameAs\":[\"https:\/\/www.facebook.com\/hexisgraphics\",\"https:\/\/x.com\/hexisgraphics\",\"https:\/\/www.instagram.com\/hexisgraphics\/\",\"https:\/\/fr.linkedin.com\/company\/hexis-s-a-\",\"https:\/\/www.youtube.com\/user\/HEXISSA\"]}]}<\/script>\n<!-- \/ Yoast SEO plugin. -->","yoast_head_json":{"title":"Durabilidad - HEXIS Graphics","robots":{"index":"index","follow":"follow","max-snippet":"max-snippet:-1","max-image-preview":"max-image-preview:large","max-video-preview":"max-video-preview:-1"},"canonical":"https:\/\/www.hexis-graphics.com\/es\/soporte\/durabilidad\/","og_locale":"es_ES","og_type":"article","og_title":"Durabilidad - HEXIS Graphics","og_description":"&nbsp; REGLAS GENERALES DE CONVERSI\u00d3N PARA ESTIMAR LA DURABILIDAD SEG\u00daN LA LOCALIZACI\u00d3N GAMA CORTE &amp; SE\u00d1AL\u00c9TICA, ROTULACI\u00d3N INTEGRAL, IMPRESI\u00d3N DIGITAL Y FILMS DE PROTECCI\u00d3N PARA AUTOM\u00d3VILES Descargar FTP.DAO.076E 10.22 DURABILIDADES INDICATIVAS: Las durabilidades estimadas(1) indicadas en las fichas t\u00e9cnicas de las series Corte &amp; Se\u00f1al\u00e9tica, Rotulaci\u00f3n Integral, Impresi\u00f3n Digital y Films de Protecci\u00f3n para Autom\u00f3viles [&hellip;]","og_url":"https:\/\/www.hexis-graphics.com\/es\/soporte\/durabilidad\/","og_site_name":"HEXIS Graphics","article_publisher":"https:\/\/www.facebook.com\/hexisgraphics","article_modified_time":"2022-10-13T10:52:11+00:00","og_image":[{"url":"https:\/\/hexis-graphics.com\/img\/durability\/orientation.png","type":"","width":"","height":""}],"twitter_card":"summary_large_image","twitter_site":"@hexisgraphics","twitter_misc":{"Tiempo de lectura":"5 minutos"},"schema":{"@context":"https:\/\/schema.org","@graph":[{"@type":"WebPage","@id":"https:\/\/www.hexis-graphics.com\/es\/soporte\/durabilidad\/","url":"https:\/\/www.hexis-graphics.com\/es\/soporte\/durabilidad\/","name":"Durabilidad - HEXIS Graphics","isPartOf":{"@id":"https:\/\/www.hexis-graphics.com\/es\/#website"},"primaryImageOfPage":{"@id":"https:\/\/www.hexis-graphics.com\/es\/soporte\/durabilidad\/#primaryimage"},"image":{"@id":"https:\/\/www.hexis-graphics.com\/es\/soporte\/durabilidad\/#primaryimage"},"thumbnailUrl":"https:\/\/hexis-graphics.com\/img\/durability\/orientation.png","datePublished":"2015-09-28T20:32:36+00:00","dateModified":"2022-10-13T10:52:11+00:00","breadcrumb":{"@id":"https:\/\/www.hexis-graphics.com\/es\/soporte\/durabilidad\/#breadcrumb"},"inLanguage":"es","potentialAction":[{"@type":"ReadAction","target":["https:\/\/www.hexis-graphics.com\/es\/soporte\/durabilidad\/"]}]},{"@type":"ImageObject","inLanguage":"es","@id":"https:\/\/www.hexis-graphics.com\/es\/soporte\/durabilidad\/#primaryimage","url":"https:\/\/hexis-graphics.com\/img\/durability\/orientation.png","contentUrl":"https:\/\/hexis-graphics.com\/img\/durability\/orientation.png"},{"@type":"BreadcrumbList","@id":"https:\/\/www.hexis-graphics.com\/es\/soporte\/durabilidad\/#breadcrumb","itemListElement":[{"@type":"ListItem","position":1,"name":"Accueil","item":"https:\/\/www.hexis-graphics.com\/es\/"},{"@type":"ListItem","position":2,"name":"Soporte t\u00e9cnico","item":"https:\/\/www.hexis-graphics.com\/es\/soporte\/"},{"@type":"ListItem","position":3,"name":"Durabilidad"}]},{"@type":"WebSite","@id":"https:\/\/www.hexis-graphics.com\/es\/#website","url":"https:\/\/www.hexis-graphics.com\/es\/","name":"HEXIS Graphics","description":"Manufacturer of self-adhesive films","publisher":{"@id":"https:\/\/www.hexis-graphics.com\/es\/#organization"},"potentialAction":[{"@type":"SearchAction","target":{"@type":"EntryPoint","urlTemplate":"https:\/\/www.hexis-graphics.com\/es\/?s={search_term_string}"},"query-input":{"@type":"PropertyValueSpecification","valueRequired":true,"valueName":"search_term_string"}}],"inLanguage":"es"},{"@type":"Organization","@id":"https:\/\/www.hexis-graphics.com\/es\/#organization","name":"HEXIS Graphics","url":"https:\/\/www.hexis-graphics.com\/es\/","logo":{"@type":"ImageObject","inLanguage":"es","@id":"https:\/\/www.hexis-graphics.com\/es\/#\/schema\/logo\/image\/","url":"https:\/\/www.hexis-graphics.com\/hexisgraphics\/2016\/05\/logo_HEXIS.jpg","contentUrl":"https:\/\/www.hexis-graphics.com\/hexisgraphics\/2016\/05\/logo_HEXIS.jpg","width":250,"height":107,"caption":"HEXIS Graphics"},"image":{"@id":"https:\/\/www.hexis-graphics.com\/es\/#\/schema\/logo\/image\/"},"sameAs":["https:\/\/www.facebook.com\/hexisgraphics","https:\/\/x.com\/hexisgraphics","https:\/\/www.instagram.com\/hexisgraphics\/","https:\/\/fr.linkedin.com\/company\/hexis-s-a-","https:\/\/www.youtube.com\/user\/HEXISSA"]}]}},"_links":{"self":[{"href":"https:\/\/www.hexis-graphics.com\/es\/wp-json\/wp\/v2\/pages\/5077","targetHints":{"allow":["GET"]}}],"collection":[{"href":"https:\/\/www.hexis-graphics.com\/es\/wp-json\/wp\/v2\/pages"}],"about":[{"href":"https:\/\/www.hexis-graphics.com\/es\/wp-json\/wp\/v2\/types\/page"}],"author":[{"embeddable":true,"href":"https:\/\/www.hexis-graphics.com\/es\/wp-json\/wp\/v2\/users\/1"}],"replies":[{"embeddable":true,"href":"https:\/\/www.hexis-graphics.com\/es\/wp-json\/wp\/v2\/comments?post=5077"}],"version-history":[{"count":6,"href":"https:\/\/www.hexis-graphics.com\/es\/wp-json\/wp\/v2\/pages\/5077\/revisions"}],"predecessor-version":[{"id":40886,"href":"https:\/\/www.hexis-graphics.com\/es\/wp-json\/wp\/v2\/pages\/5077\/revisions\/40886"}],"up":[{"embeddable":true,"href":"https:\/\/www.hexis-graphics.com\/es\/wp-json\/wp\/v2\/pages\/678"}],"wp:attachment":[{"href":"https:\/\/www.hexis-graphics.com\/es\/wp-json\/wp\/v2\/media?parent=5077"}],"curies":[{"name":"wp","href":"https:\/\/api.w.org\/{rel}","templated":true}]}}