{"id":10551,"date":"2015-11-24T21:20:58","date_gmt":"2015-11-24T21:20:58","guid":{"rendered":"https:\/\/www.hexis-graphics.com\/es\/?page_id=10551"},"modified":"2022-07-04T12:35:21","modified_gmt":"2022-07-04T12:35:21","slug":"cartas-de-colores","status":"publish","type":"page","link":"https:\/\/www.hexis-graphics.com\/es\/soporte\/impresion-digital\/cartas-de-colores\/","title":{"rendered":"Cartas de colores"},"content":{"rendered":"<p>Aqu\u00ed est\u00e1n las diferentes paletas de colores SUPTAC para cada software RIP que usted utiliza.<br \/>\nCada carpeta contiene un fichero de colores SUPTAC y un video explicativo de la importaci\u00f3n y el buen uso de la biblioteca.<br \/>\nSi tiene dificultades o problemas durante la importaci\u00f3n o el uso de estas bibliotecas por favor cont\u00e1ctenos a la direcci\u00f3n siguiente : profils@hexis.fr<br \/>\n&nbsp;<\/p>\n<div style=\"float:left;margin:10px;padding:10px;width:90%;border-bottom:1px solid #efefef;\">\n<div style=\"float:left;max-width:50%\">\n<h1 class=\"titreArticle\">Colour charts correspondence<\/h1>\n<p><img decoding=\"async\" style=\"max-height:100px\" src=\"https:\/\/hexis-graphics.com\/img\/colorpalette\/image\/thumb.small.IMG_2830.jpg\"\/><\/p>\n<\/div>\n<div style=\"float:right;\" class=\"bg-red button-background-mini margintop5\"><a class=\"lien1\" href=\"https:\/\/hexis-graphics.com\/documents\/colorpalette\/Correspondances-nuanciers-HEXIS.zip\" target=\"_blank\"><i class=\"icon-hexis hexis icon-brochure white\"><\/i>DESCARGAR<\/a><\/div>\n<\/div>\n<div style=\"float: left; margin: 10px; padding: 10px; width: 90%; border-bottom: 1px solid #efefef;\">\n<div style=\"float: left;\">\n<h1 class=\"titreArticle\">Onyx<\/h1>\n<p><img decoding=\"async\" style=\"max-height: 75px;\" src=\"https:\/\/hexis-graphics.com\/img\/colorpalette\/image\/thumb.small.onyx_last.jpg\" \/><\/p>\n<\/div>\n<div class=\"bg-red button-background-mini margintop5\" style=\"float: right;\"><a class=\"lien1\" href=\"https:\/\/hexis-graphics.com\/documents\/colorpalette\/color-onyx.zip\" target=\"_blank\"><i class=\"icon-hexis hexis icon-brochure white\"><\/i>DESCARGAR<\/a><\/div>\n<\/div>\n<div style=\"float: left; margin: 10px; padding: 10px; width: 90%; border-bottom: 1px solid #efefef;\">\n<div style=\"float: left;\">\n<h1 class=\"titreArticle\">Adobe suite<\/h1>\n<p><img decoding=\"async\" style=\"max-height: 75px;\" src=\"https:\/\/hexis-graphics.com\/img\/colorpalette\/image\/thumb.small.logo_ill_in.jpg\" \/><\/p>\n<\/div>\n<div class=\"bg-red button-background-mini margintop5\" style=\"float: right;\"><a class=\"lien1\" href=\"https:\/\/hexis-graphics.com\/documents\/colorpalette\/color-adobe.zip\" target=\"_blank\"><i class=\"icon-hexis hexis icon-brochure white\"><\/i> DESCARGAR<\/a><\/div>\n<\/div>\n<div style=\"float: left; margin: 10px; padding: 10px; width: 90%; border-bottom: 1px solid #efefef;\">\n<div style=\"float: left;\">\n<h1 class=\"titreArticle\">Caldera<\/h1>\n<p><img decoding=\"async\" style=\"max-height: 75px;\" src=\"https:\/\/hexis-graphics.com\/img\/colorpalette\/image\/thumb.small.Caldera_Logo_2008.jpg\" \/><\/p>\n<\/div>\n<div class=\"bg-red button-background-mini margintop5\" style=\"float: right;\"><a class=\"lien1\" href=\"https:\/\/hexis-graphics.com\/documents\/colorpalette\/color-caldera.zip\" target=\"_blank\"><i class=\"icon-hexis hexis icon-brochure white\"><\/i> DESCARGAR<\/a><\/div>\n<\/div>\n<div style=\"float: left; margin: 10px; padding: 10px; width: 90%; border-bottom: 1px solid #efefef;\">\n<div style=\"float: left;\">\n<h1 class=\"titreArticle\">Versaworks<\/h1>\n<p><img decoding=\"async\" style=\"max-height: 75px;\" src=\"https:\/\/hexis-graphics.com\/img\/colorpalette\/image\/thumb.small.roland_versaworks.jpg\" \/><\/p>\n<\/div>\n<div class=\"bg-red button-background-mini margintop5\" style=\"float: right;\"><a class=\"lien1\" href=\"https:\/\/hexis-graphics.com\/documents\/colorpalette\/color-versaworks.zip\" target=\"_blank\"><i class=\"icon-hexis hexis icon-brochure white\"><\/i> DESCARGAR<\/a><\/div>\n<\/div>\n<div style=\"float: left; margin: 10px; padding: 10px; width: 90%; border-bottom: 1px solid #efefef;\">\n<div style=\"float: left;\">\n<h1 class=\"titreArticle\">Sai photoprint<\/h1>\n<p><img decoding=\"async\"  style=\"max-height:75px\" src=\"https:\/\/www.hexis-graphics.com\/hexisgraphics\/2022\/07\/logo-SAI.png\" alt=\"\" width=\"75\"  class=\"size-full wp-image-39451\" srcset=\"https:\/\/www.hexis-graphics.com\/hexisgraphics\/2022\/07\/logo-SAI.png 162w, https:\/\/www.hexis-graphics.com\/hexisgraphics\/2022\/07\/logo-SAI-145x150.png 145w\" sizes=\"(max-width: 162px) 100vw, 162px\" \/><\/p>\n<\/div>\n<div class=\"bg-red button-background-mini margintop5\" style=\"float: right;\"><a class=\"lien1\" href=\"https:\/\/hexis-graphics.com\/documents\/colorpalette\/document_en\/flexi_sign.zip\" target=\"_blank\"><i class=\"icon-hexis hexis icon-brochure white\"><\/i> DESCARGAR<\/a><\/div>\n<\/div>\n<div style=\"float: left; margin: 10px; padding: 10px; width: 90%; border-bottom: 1px solid #efefef;\">\n<div style=\"float: left;\">\n<h1 class=\"titreArticle\">Coreldraw<\/h1>\n<p><img decoding=\"async\" style=\"max-height: 75px;\" src=\"https:\/\/hexis-graphics.com\/img\/colorpalette\/image\/thumb.small.corel_x5.jpg\" \/><\/p>\n<\/div>\n<div class=\"bg-red button-background-mini margintop5\" style=\"float: right;\"><a class=\"lien1\" href=\"https:\/\/hexis-graphics.com\/documents\/colorpalette\/document_en\/Corel_draw.zip\" target=\"_blank\"><i class=\"icon-hexis hexis icon-brochure white\"><\/i> DESCARGAR<\/a><\/div>\n<\/div>\n<div style=\"float: left; margin: 10px; padding: 10px; width: 90%; border-bottom: 1px solid #efefef;\">\n<div style=\"float: left;\">\n<h1 class=\"titreArticle\">Wasatch<\/h1>\n<p><img decoding=\"async\" style=\"max-height: 75px;\" src=\"https:\/\/hexis-graphics.com\/img\/colorpalette\/image\/thumb.small.Wasatch_Logo_for_web.jpg\" \/><\/p>\n<\/div>\n<div class=\"bg-red button-background-mini margintop5\" style=\"float: right;\"><a class=\"lien1\" href=\"https:\/\/hexis-graphics.com\/documents\/colorpalette\/document_en\/Wasatch_Suptac.zip\" target=\"_blank\"><i class=\"icon-hexis hexis icon-brochure white\"><\/i> DESCARGAR<\/a><\/div>\n<\/div>\n<div style=\"float: left; margin: 10px; padding: 10px; width: 90%; border-bottom: 1px solid #efefef;\">\n<div style=\"float: left;\">\n<h1 class=\"titreArticle\">Sign lab<\/h1>\n<p><img decoding=\"async\" style=\"max-height: 75px;\" src=\"https:\/\/hexis-graphics.com\/img\/colorpalette\/image\/thumb.small.signlab_logo.jpg\" \/><\/p>\n<\/div>\n<div class=\"bg-red button-background-mini margintop5\" style=\"float: right;\"><a class=\"lien1\" href=\"https:\/\/hexis-graphics.com\/documents\/colorpalette\/document_en\/sign_lab.zip\" target=\"_blank\"><i class=\"icon-hexis hexis icon-brochure white\"><\/i> DESCARGAR<\/a><\/div>\n<\/div>\n","protected":false},"excerpt":{"rendered":"<p>Aqu\u00ed est\u00e1n las diferentes paletas de colores SUPTAC para cada software RIP que usted utiliza. Cada carpeta contiene un fichero de colores SUPTAC y un video explicativo de la importaci\u00f3n y el buen uso de la biblioteca. Si tiene dificultades o problemas durante la importaci\u00f3n o el uso de estas bibliotecas por favor cont\u00e1ctenos a [&hellip;]<\/p>\n","protected":false},"author":1,"featured_media":0,"parent":5441,"menu_order":0,"comment_status":"closed","ping_status":"closed","template":"page-imn.php","meta":{"footnotes":""},"class_list":["post-10551","page","type-page","status-publish","hentry"],"yoast_head":"<!-- This site is optimized with the Yoast SEO plugin v26.9 - https:\/\/yoast.com\/product\/yoast-seo-wordpress\/ -->\n<title>Cartas de colores - HEXIS Graphics<\/title>\n<meta name=\"robots\" content=\"index, follow, max-snippet:-1, max-image-preview:large, max-video-preview:-1\" \/>\n<link rel=\"canonical\" href=\"https:\/\/www.hexis-graphics.com\/es\/soporte\/impresion-digital\/cartas-de-colores\/\" \/>\n<meta property=\"og:locale\" content=\"es_ES\" \/>\n<meta property=\"og:type\" content=\"article\" \/>\n<meta property=\"og:title\" content=\"Cartas de colores - HEXIS Graphics\" \/>\n<meta property=\"og:description\" content=\"Aqu\u00ed est\u00e1n las diferentes paletas de colores SUPTAC para cada software RIP que usted utiliza. Cada carpeta contiene un fichero de colores SUPTAC y un video explicativo de la importaci\u00f3n y el buen uso de la biblioteca. Si tiene dificultades o problemas durante la importaci\u00f3n o el uso de estas bibliotecas por favor cont\u00e1ctenos a [&hellip;]\" \/>\n<meta property=\"og:url\" content=\"https:\/\/www.hexis-graphics.com\/es\/soporte\/impresion-digital\/cartas-de-colores\/\" \/>\n<meta property=\"og:site_name\" content=\"HEXIS Graphics\" \/>\n<meta property=\"article:publisher\" content=\"https:\/\/www.facebook.com\/hexisgraphics\" \/>\n<meta property=\"article:modified_time\" content=\"2022-07-04T12:35:21+00:00\" \/>\n<meta property=\"og:image\" content=\"https:\/\/hexis-graphics.com\/img\/colorpalette\/image\/thumb.small.IMG_2830.jpg\" \/>\n<meta name=\"twitter:card\" content=\"summary_large_image\" \/>\n<meta name=\"twitter:site\" content=\"@hexisgraphics\" \/>\n<script type=\"application\/ld+json\" class=\"yoast-schema-graph\">{\"@context\":\"https:\/\/schema.org\",\"@graph\":[{\"@type\":\"WebPage\",\"@id\":\"https:\/\/www.hexis-graphics.com\/es\/soporte\/impresion-digital\/cartas-de-colores\/\",\"url\":\"https:\/\/www.hexis-graphics.com\/es\/soporte\/impresion-digital\/cartas-de-colores\/\",\"name\":\"Cartas de colores - HEXIS Graphics\",\"isPartOf\":{\"@id\":\"https:\/\/www.hexis-graphics.com\/es\/#website\"},\"primaryImageOfPage\":{\"@id\":\"https:\/\/www.hexis-graphics.com\/es\/soporte\/impresion-digital\/cartas-de-colores\/#primaryimage\"},\"image\":{\"@id\":\"https:\/\/www.hexis-graphics.com\/es\/soporte\/impresion-digital\/cartas-de-colores\/#primaryimage\"},\"thumbnailUrl\":\"https:\/\/hexis-graphics.com\/img\/colorpalette\/image\/thumb.small.IMG_2830.jpg\",\"datePublished\":\"2015-11-24T21:20:58+00:00\",\"dateModified\":\"2022-07-04T12:35:21+00:00\",\"breadcrumb\":{\"@id\":\"https:\/\/www.hexis-graphics.com\/es\/soporte\/impresion-digital\/cartas-de-colores\/#breadcrumb\"},\"inLanguage\":\"es\",\"potentialAction\":[{\"@type\":\"ReadAction\",\"target\":[\"https:\/\/www.hexis-graphics.com\/es\/soporte\/impresion-digital\/cartas-de-colores\/\"]}]},{\"@type\":\"ImageObject\",\"inLanguage\":\"es\",\"@id\":\"https:\/\/www.hexis-graphics.com\/es\/soporte\/impresion-digital\/cartas-de-colores\/#primaryimage\",\"url\":\"https:\/\/hexis-graphics.com\/img\/colorpalette\/image\/thumb.small.IMG_2830.jpg\",\"contentUrl\":\"https:\/\/hexis-graphics.com\/img\/colorpalette\/image\/thumb.small.IMG_2830.jpg\"},{\"@type\":\"BreadcrumbList\",\"@id\":\"https:\/\/www.hexis-graphics.com\/es\/soporte\/impresion-digital\/cartas-de-colores\/#breadcrumb\",\"itemListElement\":[{\"@type\":\"ListItem\",\"position\":1,\"name\":\"Accueil\",\"item\":\"https:\/\/www.hexis-graphics.com\/es\/\"},{\"@type\":\"ListItem\",\"position\":2,\"name\":\"Soporte t\u00e9cnico\",\"item\":\"https:\/\/www.hexis-graphics.com\/es\/soporte\/\"},{\"@type\":\"ListItem\",\"position\":3,\"name\":\"Impresi\u00f3n digital\",\"item\":\"https:\/\/www.hexis-graphics.com\/es\/soporte\/impresion-digital\/\"},{\"@type\":\"ListItem\",\"position\":4,\"name\":\"Cartas de colores\"}]},{\"@type\":\"WebSite\",\"@id\":\"https:\/\/www.hexis-graphics.com\/es\/#website\",\"url\":\"https:\/\/www.hexis-graphics.com\/es\/\",\"name\":\"HEXIS Graphics\",\"description\":\"Manufacturer of self-adhesive films\",\"publisher\":{\"@id\":\"https:\/\/www.hexis-graphics.com\/es\/#organization\"},\"potentialAction\":[{\"@type\":\"SearchAction\",\"target\":{\"@type\":\"EntryPoint\",\"urlTemplate\":\"https:\/\/www.hexis-graphics.com\/es\/?s={search_term_string}\"},\"query-input\":{\"@type\":\"PropertyValueSpecification\",\"valueRequired\":true,\"valueName\":\"search_term_string\"}}],\"inLanguage\":\"es\"},{\"@type\":\"Organization\",\"@id\":\"https:\/\/www.hexis-graphics.com\/es\/#organization\",\"name\":\"HEXIS Graphics\",\"url\":\"https:\/\/www.hexis-graphics.com\/es\/\",\"logo\":{\"@type\":\"ImageObject\",\"inLanguage\":\"es\",\"@id\":\"https:\/\/www.hexis-graphics.com\/es\/#\/schema\/logo\/image\/\",\"url\":\"https:\/\/www.hexis-graphics.com\/hexisgraphics\/2016\/05\/logo_HEXIS.jpg\",\"contentUrl\":\"https:\/\/www.hexis-graphics.com\/hexisgraphics\/2016\/05\/logo_HEXIS.jpg\",\"width\":250,\"height\":107,\"caption\":\"HEXIS Graphics\"},\"image\":{\"@id\":\"https:\/\/www.hexis-graphics.com\/es\/#\/schema\/logo\/image\/\"},\"sameAs\":[\"https:\/\/www.facebook.com\/hexisgraphics\",\"https:\/\/x.com\/hexisgraphics\",\"https:\/\/www.instagram.com\/hexisgraphics\/\",\"https:\/\/fr.linkedin.com\/company\/hexis-s-a-\",\"https:\/\/www.youtube.com\/user\/HEXISSA\"]}]}<\/script>\n<!-- \/ Yoast SEO plugin. -->","yoast_head_json":{"title":"Cartas de colores - HEXIS Graphics","robots":{"index":"index","follow":"follow","max-snippet":"max-snippet:-1","max-image-preview":"max-image-preview:large","max-video-preview":"max-video-preview:-1"},"canonical":"https:\/\/www.hexis-graphics.com\/es\/soporte\/impresion-digital\/cartas-de-colores\/","og_locale":"es_ES","og_type":"article","og_title":"Cartas de colores - HEXIS Graphics","og_description":"Aqu\u00ed est\u00e1n las diferentes paletas de colores SUPTAC para cada software RIP que usted utiliza. Cada carpeta contiene un fichero de colores SUPTAC y un video explicativo de la importaci\u00f3n y el buen uso de la biblioteca. Si tiene dificultades o problemas durante la importaci\u00f3n o el uso de estas bibliotecas por favor cont\u00e1ctenos a [&hellip;]","og_url":"https:\/\/www.hexis-graphics.com\/es\/soporte\/impresion-digital\/cartas-de-colores\/","og_site_name":"HEXIS Graphics","article_publisher":"https:\/\/www.facebook.com\/hexisgraphics","article_modified_time":"2022-07-04T12:35:21+00:00","og_image":[{"url":"https:\/\/hexis-graphics.com\/img\/colorpalette\/image\/thumb.small.IMG_2830.jpg","type":"","width":"","height":""}],"twitter_card":"summary_large_image","twitter_site":"@hexisgraphics","schema":{"@context":"https:\/\/schema.org","@graph":[{"@type":"WebPage","@id":"https:\/\/www.hexis-graphics.com\/es\/soporte\/impresion-digital\/cartas-de-colores\/","url":"https:\/\/www.hexis-graphics.com\/es\/soporte\/impresion-digital\/cartas-de-colores\/","name":"Cartas de colores - HEXIS Graphics","isPartOf":{"@id":"https:\/\/www.hexis-graphics.com\/es\/#website"},"primaryImageOfPage":{"@id":"https:\/\/www.hexis-graphics.com\/es\/soporte\/impresion-digital\/cartas-de-colores\/#primaryimage"},"image":{"@id":"https:\/\/www.hexis-graphics.com\/es\/soporte\/impresion-digital\/cartas-de-colores\/#primaryimage"},"thumbnailUrl":"https:\/\/hexis-graphics.com\/img\/colorpalette\/image\/thumb.small.IMG_2830.jpg","datePublished":"2015-11-24T21:20:58+00:00","dateModified":"2022-07-04T12:35:21+00:00","breadcrumb":{"@id":"https:\/\/www.hexis-graphics.com\/es\/soporte\/impresion-digital\/cartas-de-colores\/#breadcrumb"},"inLanguage":"es","potentialAction":[{"@type":"ReadAction","target":["https:\/\/www.hexis-graphics.com\/es\/soporte\/impresion-digital\/cartas-de-colores\/"]}]},{"@type":"ImageObject","inLanguage":"es","@id":"https:\/\/www.hexis-graphics.com\/es\/soporte\/impresion-digital\/cartas-de-colores\/#primaryimage","url":"https:\/\/hexis-graphics.com\/img\/colorpalette\/image\/thumb.small.IMG_2830.jpg","contentUrl":"https:\/\/hexis-graphics.com\/img\/colorpalette\/image\/thumb.small.IMG_2830.jpg"},{"@type":"BreadcrumbList","@id":"https:\/\/www.hexis-graphics.com\/es\/soporte\/impresion-digital\/cartas-de-colores\/#breadcrumb","itemListElement":[{"@type":"ListItem","position":1,"name":"Accueil","item":"https:\/\/www.hexis-graphics.com\/es\/"},{"@type":"ListItem","position":2,"name":"Soporte t\u00e9cnico","item":"https:\/\/www.hexis-graphics.com\/es\/soporte\/"},{"@type":"ListItem","position":3,"name":"Impresi\u00f3n digital","item":"https:\/\/www.hexis-graphics.com\/es\/soporte\/impresion-digital\/"},{"@type":"ListItem","position":4,"name":"Cartas de colores"}]},{"@type":"WebSite","@id":"https:\/\/www.hexis-graphics.com\/es\/#website","url":"https:\/\/www.hexis-graphics.com\/es\/","name":"HEXIS Graphics","description":"Manufacturer of self-adhesive films","publisher":{"@id":"https:\/\/www.hexis-graphics.com\/es\/#organization"},"potentialAction":[{"@type":"SearchAction","target":{"@type":"EntryPoint","urlTemplate":"https:\/\/www.hexis-graphics.com\/es\/?s={search_term_string}"},"query-input":{"@type":"PropertyValueSpecification","valueRequired":true,"valueName":"search_term_string"}}],"inLanguage":"es"},{"@type":"Organization","@id":"https:\/\/www.hexis-graphics.com\/es\/#organization","name":"HEXIS Graphics","url":"https:\/\/www.hexis-graphics.com\/es\/","logo":{"@type":"ImageObject","inLanguage":"es","@id":"https:\/\/www.hexis-graphics.com\/es\/#\/schema\/logo\/image\/","url":"https:\/\/www.hexis-graphics.com\/hexisgraphics\/2016\/05\/logo_HEXIS.jpg","contentUrl":"https:\/\/www.hexis-graphics.com\/hexisgraphics\/2016\/05\/logo_HEXIS.jpg","width":250,"height":107,"caption":"HEXIS Graphics"},"image":{"@id":"https:\/\/www.hexis-graphics.com\/es\/#\/schema\/logo\/image\/"},"sameAs":["https:\/\/www.facebook.com\/hexisgraphics","https:\/\/x.com\/hexisgraphics","https:\/\/www.instagram.com\/hexisgraphics\/","https:\/\/fr.linkedin.com\/company\/hexis-s-a-","https:\/\/www.youtube.com\/user\/HEXISSA"]}]}},"_links":{"self":[{"href":"https:\/\/www.hexis-graphics.com\/es\/wp-json\/wp\/v2\/pages\/10551","targetHints":{"allow":["GET"]}}],"collection":[{"href":"https:\/\/www.hexis-graphics.com\/es\/wp-json\/wp\/v2\/pages"}],"about":[{"href":"https:\/\/www.hexis-graphics.com\/es\/wp-json\/wp\/v2\/types\/page"}],"author":[{"embeddable":true,"href":"https:\/\/www.hexis-graphics.com\/es\/wp-json\/wp\/v2\/users\/1"}],"replies":[{"embeddable":true,"href":"https:\/\/www.hexis-graphics.com\/es\/wp-json\/wp\/v2\/comments?post=10551"}],"version-history":[{"count":4,"href":"https:\/\/www.hexis-graphics.com\/es\/wp-json\/wp\/v2\/pages\/10551\/revisions"}],"predecessor-version":[{"id":39468,"href":"https:\/\/www.hexis-graphics.com\/es\/wp-json\/wp\/v2\/pages\/10551\/revisions\/39468"}],"up":[{"embeddable":true,"href":"https:\/\/www.hexis-graphics.com\/es\/wp-json\/wp\/v2\/pages\/5441"}],"wp:attachment":[{"href":"https:\/\/www.hexis-graphics.com\/es\/wp-json\/wp\/v2\/media?parent=10551"}],"curies":[{"name":"wp","href":"https:\/\/api.w.org\/{rel}","templated":true}]}}