{"id":10526,"date":"2015-11-24T21:08:09","date_gmt":"2015-11-24T21:08:09","guid":{"rendered":"https:\/\/www.hexis-graphics.com\/es\/?page_id=10526"},"modified":"2016-05-11T16:12:05","modified_gmt":"2016-05-11T16:12:05","slug":"perfiles-icc","status":"publish","type":"page","link":"https:\/\/www.hexis-graphics.com\/es\/soporte\/impresion-digital\/perfiles-icc\/","title":{"rendered":"Perfiles ICC"},"content":{"rendered":"<h2 class=\"borderRed\">Perfiles ICC<\/h2>\n<p>Con el af\u00e1n de garantizar las m\u00e1ximas prestaciones de nuestros productos destinados a la impresi\u00f3n digital, HEXIS les facilita herramientas y asesoramiento t\u00e9cnico para que optimice el rendimiento de nuestros productos.<\/p>\n<p>En esta secci\u00f3n encontrar\u00e1 una extensa lista de perfiles ICC para los modelos de impresora m\u00e1s habituales, todos ellos dise\u00f1ados para un tipo de soporte, un tipo de tinta y software RIP.<br \/>\nEstos perfiles ICC se proporcionan de forma gratuita.<\/p>\n<p>HEXIS declina toda responsabilidad sobre los da\u00f1os o p\u00e9rdidas que sean consecuencia directa o indirecta de la instalaci\u00f3n y uso de estos perfiles ICC.<br \/>\nEl usuario es el \u00fanico y totalmente responsable de los resultados obtenidos en lo realtivo a la calidad de impresi\u00f3n, incluyendo la precisi\u00f3n del color.<\/p>\n<p>Estos perfiles han sido desarrollados por expertos en colorimetr\u00eda que integran nuestro departamento de preimpresi\u00f3n. S\u00f3lo sirven para el dispositivo para el que fueron creados y garantizan la exactitud del color bajo unas expresas condiciones de luz, temperatura o humedad. Cualquier cambio que se realice en la configuraci\u00f3n de la impresora o variaci\u00f3n en los factores ambientales afectar\u00e1 a la calidad de sus impresiones.<\/p>\n<p>El uso de perfiles ICC constituye el primer paso para obtener una reproducci\u00f3n fiable del color en el dispositivo de salida. No es el paso definitivo para asegurar una correcta gesti\u00f3n del color. Para ello se requieren conocimientos m\u00e1s avanzados para controlar otros aspectos fundamentales del flujo de trabajo, como por ejemplo la configuraci\u00f3n del espacio de trabajo.<\/p>\n<p>Para obtener m\u00e1s informaci\u00f3n sobre el uso adecuado de estos perfiles, no dudes en contactar con nosotros.<\/p>\n","protected":false},"excerpt":{"rendered":"<p>Perfiles ICC Con el af\u00e1n de garantizar las m\u00e1ximas prestaciones de nuestros productos destinados a la impresi\u00f3n digital, HEXIS les facilita herramientas y asesoramiento t\u00e9cnico para que optimice el rendimiento de nuestros productos. En esta secci\u00f3n encontrar\u00e1 una extensa lista de perfiles ICC para los modelos de impresora m\u00e1s habituales, todos ellos dise\u00f1ados para un [&hellip;]<\/p>\n","protected":false},"author":1,"featured_media":0,"parent":5441,"menu_order":0,"comment_status":"closed","ping_status":"closed","template":"page-icc.php","meta":{"footnotes":""},"class_list":["post-10526","page","type-page","status-publish","hentry"],"yoast_head":"<!-- This site is optimized with the Yoast SEO plugin v26.9 - https:\/\/yoast.com\/product\/yoast-seo-wordpress\/ -->\n<title>Perfiles ICC - HEXIS Graphics<\/title>\n<meta name=\"robots\" content=\"index, follow, max-snippet:-1, max-image-preview:large, max-video-preview:-1\" \/>\n<link rel=\"canonical\" href=\"https:\/\/www.hexis-graphics.com\/es\/soporte\/impresion-digital\/perfiles-icc\/\" \/>\n<meta property=\"og:locale\" content=\"es_ES\" \/>\n<meta property=\"og:type\" content=\"article\" \/>\n<meta property=\"og:title\" content=\"Perfiles ICC - HEXIS Graphics\" \/>\n<meta property=\"og:description\" content=\"Perfiles ICC Con el af\u00e1n de garantizar las m\u00e1ximas prestaciones de nuestros productos destinados a la impresi\u00f3n digital, HEXIS les facilita herramientas y asesoramiento t\u00e9cnico para que optimice el rendimiento de nuestros productos. En esta secci\u00f3n encontrar\u00e1 una extensa lista de perfiles ICC para los modelos de impresora m\u00e1s habituales, todos ellos dise\u00f1ados para un [&hellip;]\" \/>\n<meta property=\"og:url\" content=\"https:\/\/www.hexis-graphics.com\/es\/soporte\/impresion-digital\/perfiles-icc\/\" \/>\n<meta property=\"og:site_name\" content=\"HEXIS Graphics\" \/>\n<meta property=\"article:publisher\" content=\"https:\/\/www.facebook.com\/hexisgraphics\" \/>\n<meta property=\"article:modified_time\" content=\"2016-05-11T16:12:05+00:00\" \/>\n<meta property=\"og:image\" content=\"https:\/\/www.hexis-graphics.com\/hexisgraphics\/2016\/05\/logo_HEXIS.jpg\" \/>\n\t<meta property=\"og:image:width\" content=\"250\" \/>\n\t<meta property=\"og:image:height\" content=\"107\" \/>\n\t<meta property=\"og:image:type\" content=\"image\/jpeg\" \/>\n<meta name=\"twitter:card\" content=\"summary_large_image\" \/>\n<meta name=\"twitter:site\" content=\"@hexisgraphics\" \/>\n<meta name=\"twitter:label1\" content=\"Tiempo de lectura\" \/>\n\t<meta name=\"twitter:data1\" content=\"1 minuto\" \/>\n<script type=\"application\/ld+json\" class=\"yoast-schema-graph\">{\"@context\":\"https:\/\/schema.org\",\"@graph\":[{\"@type\":\"WebPage\",\"@id\":\"https:\/\/www.hexis-graphics.com\/es\/soporte\/impresion-digital\/perfiles-icc\/\",\"url\":\"https:\/\/www.hexis-graphics.com\/es\/soporte\/impresion-digital\/perfiles-icc\/\",\"name\":\"Perfiles ICC - HEXIS Graphics\",\"isPartOf\":{\"@id\":\"https:\/\/www.hexis-graphics.com\/es\/#website\"},\"datePublished\":\"2015-11-24T21:08:09+00:00\",\"dateModified\":\"2016-05-11T16:12:05+00:00\",\"breadcrumb\":{\"@id\":\"https:\/\/www.hexis-graphics.com\/es\/soporte\/impresion-digital\/perfiles-icc\/#breadcrumb\"},\"inLanguage\":\"es\",\"potentialAction\":[{\"@type\":\"ReadAction\",\"target\":[\"https:\/\/www.hexis-graphics.com\/es\/soporte\/impresion-digital\/perfiles-icc\/\"]}]},{\"@type\":\"BreadcrumbList\",\"@id\":\"https:\/\/www.hexis-graphics.com\/es\/soporte\/impresion-digital\/perfiles-icc\/#breadcrumb\",\"itemListElement\":[{\"@type\":\"ListItem\",\"position\":1,\"name\":\"Accueil\",\"item\":\"https:\/\/www.hexis-graphics.com\/es\/\"},{\"@type\":\"ListItem\",\"position\":2,\"name\":\"Soporte t\u00e9cnico\",\"item\":\"https:\/\/www.hexis-graphics.com\/es\/soporte\/\"},{\"@type\":\"ListItem\",\"position\":3,\"name\":\"Impresi\u00f3n digital\",\"item\":\"https:\/\/www.hexis-graphics.com\/es\/soporte\/impresion-digital\/\"},{\"@type\":\"ListItem\",\"position\":4,\"name\":\"Perfiles ICC\"}]},{\"@type\":\"WebSite\",\"@id\":\"https:\/\/www.hexis-graphics.com\/es\/#website\",\"url\":\"https:\/\/www.hexis-graphics.com\/es\/\",\"name\":\"HEXIS Graphics\",\"description\":\"Manufacturer of self-adhesive films\",\"publisher\":{\"@id\":\"https:\/\/www.hexis-graphics.com\/es\/#organization\"},\"potentialAction\":[{\"@type\":\"SearchAction\",\"target\":{\"@type\":\"EntryPoint\",\"urlTemplate\":\"https:\/\/www.hexis-graphics.com\/es\/?s={search_term_string}\"},\"query-input\":{\"@type\":\"PropertyValueSpecification\",\"valueRequired\":true,\"valueName\":\"search_term_string\"}}],\"inLanguage\":\"es\"},{\"@type\":\"Organization\",\"@id\":\"https:\/\/www.hexis-graphics.com\/es\/#organization\",\"name\":\"HEXIS Graphics\",\"url\":\"https:\/\/www.hexis-graphics.com\/es\/\",\"logo\":{\"@type\":\"ImageObject\",\"inLanguage\":\"es\",\"@id\":\"https:\/\/www.hexis-graphics.com\/es\/#\/schema\/logo\/image\/\",\"url\":\"https:\/\/www.hexis-graphics.com\/hexisgraphics\/2016\/05\/logo_HEXIS.jpg\",\"contentUrl\":\"https:\/\/www.hexis-graphics.com\/hexisgraphics\/2016\/05\/logo_HEXIS.jpg\",\"width\":250,\"height\":107,\"caption\":\"HEXIS Graphics\"},\"image\":{\"@id\":\"https:\/\/www.hexis-graphics.com\/es\/#\/schema\/logo\/image\/\"},\"sameAs\":[\"https:\/\/www.facebook.com\/hexisgraphics\",\"https:\/\/x.com\/hexisgraphics\",\"https:\/\/www.instagram.com\/hexisgraphics\/\",\"https:\/\/fr.linkedin.com\/company\/hexis-s-a-\",\"https:\/\/www.youtube.com\/user\/HEXISSA\"]}]}<\/script>\n<!-- \/ Yoast SEO plugin. -->","yoast_head_json":{"title":"Perfiles ICC - HEXIS Graphics","robots":{"index":"index","follow":"follow","max-snippet":"max-snippet:-1","max-image-preview":"max-image-preview:large","max-video-preview":"max-video-preview:-1"},"canonical":"https:\/\/www.hexis-graphics.com\/es\/soporte\/impresion-digital\/perfiles-icc\/","og_locale":"es_ES","og_type":"article","og_title":"Perfiles ICC - HEXIS Graphics","og_description":"Perfiles ICC Con el af\u00e1n de garantizar las m\u00e1ximas prestaciones de nuestros productos destinados a la impresi\u00f3n digital, HEXIS les facilita herramientas y asesoramiento t\u00e9cnico para que optimice el rendimiento de nuestros productos. En esta secci\u00f3n encontrar\u00e1 una extensa lista de perfiles ICC para los modelos de impresora m\u00e1s habituales, todos ellos dise\u00f1ados para un [&hellip;]","og_url":"https:\/\/www.hexis-graphics.com\/es\/soporte\/impresion-digital\/perfiles-icc\/","og_site_name":"HEXIS Graphics","article_publisher":"https:\/\/www.facebook.com\/hexisgraphics","article_modified_time":"2016-05-11T16:12:05+00:00","og_image":[{"width":250,"height":107,"url":"https:\/\/www.hexis-graphics.com\/hexisgraphics\/2016\/05\/logo_HEXIS.jpg","type":"image\/jpeg"}],"twitter_card":"summary_large_image","twitter_site":"@hexisgraphics","twitter_misc":{"Tiempo de lectura":"1 minuto"},"schema":{"@context":"https:\/\/schema.org","@graph":[{"@type":"WebPage","@id":"https:\/\/www.hexis-graphics.com\/es\/soporte\/impresion-digital\/perfiles-icc\/","url":"https:\/\/www.hexis-graphics.com\/es\/soporte\/impresion-digital\/perfiles-icc\/","name":"Perfiles ICC - HEXIS Graphics","isPartOf":{"@id":"https:\/\/www.hexis-graphics.com\/es\/#website"},"datePublished":"2015-11-24T21:08:09+00:00","dateModified":"2016-05-11T16:12:05+00:00","breadcrumb":{"@id":"https:\/\/www.hexis-graphics.com\/es\/soporte\/impresion-digital\/perfiles-icc\/#breadcrumb"},"inLanguage":"es","potentialAction":[{"@type":"ReadAction","target":["https:\/\/www.hexis-graphics.com\/es\/soporte\/impresion-digital\/perfiles-icc\/"]}]},{"@type":"BreadcrumbList","@id":"https:\/\/www.hexis-graphics.com\/es\/soporte\/impresion-digital\/perfiles-icc\/#breadcrumb","itemListElement":[{"@type":"ListItem","position":1,"name":"Accueil","item":"https:\/\/www.hexis-graphics.com\/es\/"},{"@type":"ListItem","position":2,"name":"Soporte t\u00e9cnico","item":"https:\/\/www.hexis-graphics.com\/es\/soporte\/"},{"@type":"ListItem","position":3,"name":"Impresi\u00f3n digital","item":"https:\/\/www.hexis-graphics.com\/es\/soporte\/impresion-digital\/"},{"@type":"ListItem","position":4,"name":"Perfiles ICC"}]},{"@type":"WebSite","@id":"https:\/\/www.hexis-graphics.com\/es\/#website","url":"https:\/\/www.hexis-graphics.com\/es\/","name":"HEXIS Graphics","description":"Manufacturer of self-adhesive films","publisher":{"@id":"https:\/\/www.hexis-graphics.com\/es\/#organization"},"potentialAction":[{"@type":"SearchAction","target":{"@type":"EntryPoint","urlTemplate":"https:\/\/www.hexis-graphics.com\/es\/?s={search_term_string}"},"query-input":{"@type":"PropertyValueSpecification","valueRequired":true,"valueName":"search_term_string"}}],"inLanguage":"es"},{"@type":"Organization","@id":"https:\/\/www.hexis-graphics.com\/es\/#organization","name":"HEXIS Graphics","url":"https:\/\/www.hexis-graphics.com\/es\/","logo":{"@type":"ImageObject","inLanguage":"es","@id":"https:\/\/www.hexis-graphics.com\/es\/#\/schema\/logo\/image\/","url":"https:\/\/www.hexis-graphics.com\/hexisgraphics\/2016\/05\/logo_HEXIS.jpg","contentUrl":"https:\/\/www.hexis-graphics.com\/hexisgraphics\/2016\/05\/logo_HEXIS.jpg","width":250,"height":107,"caption":"HEXIS Graphics"},"image":{"@id":"https:\/\/www.hexis-graphics.com\/es\/#\/schema\/logo\/image\/"},"sameAs":["https:\/\/www.facebook.com\/hexisgraphics","https:\/\/x.com\/hexisgraphics","https:\/\/www.instagram.com\/hexisgraphics\/","https:\/\/fr.linkedin.com\/company\/hexis-s-a-","https:\/\/www.youtube.com\/user\/HEXISSA"]}]}},"_links":{"self":[{"href":"https:\/\/www.hexis-graphics.com\/es\/wp-json\/wp\/v2\/pages\/10526","targetHints":{"allow":["GET"]}}],"collection":[{"href":"https:\/\/www.hexis-graphics.com\/es\/wp-json\/wp\/v2\/pages"}],"about":[{"href":"https:\/\/www.hexis-graphics.com\/es\/wp-json\/wp\/v2\/types\/page"}],"author":[{"embeddable":true,"href":"https:\/\/www.hexis-graphics.com\/es\/wp-json\/wp\/v2\/users\/1"}],"replies":[{"embeddable":true,"href":"https:\/\/www.hexis-graphics.com\/es\/wp-json\/wp\/v2\/comments?post=10526"}],"version-history":[{"count":0,"href":"https:\/\/www.hexis-graphics.com\/es\/wp-json\/wp\/v2\/pages\/10526\/revisions"}],"up":[{"embeddable":true,"href":"https:\/\/www.hexis-graphics.com\/es\/wp-json\/wp\/v2\/pages\/5441"}],"wp:attachment":[{"href":"https:\/\/www.hexis-graphics.com\/es\/wp-json\/wp\/v2\/media?parent=10526"}],"curies":[{"name":"wp","href":"https:\/\/api.w.org\/{rel}","templated":true}]}}