{"id":676,"date":"2015-05-19T14:11:42","date_gmt":"2015-05-19T14:11:42","guid":{"rendered":"https:\/\/www.hexis-graphics.com\/?page_id=676"},"modified":"2016-04-12T13:16:51","modified_gmt":"2016-04-12T13:16:51","slug":"professionals","status":"publish","type":"page","link":"https:\/\/www.hexis-graphics.com\/de\/professionals\/","title":{"rendered":"PROFESSIONALS"},"content":{"rendered":"<p><!-- Outils Hexis --><\/p>\n<section>\n<div class=\"section row\" id=\"hexissupport\">\n<div class=\"container-full marginbottom30 margintop10\">\n<div class=\"col twelve tablet-full mobile-full textcenter\">\n<p class=\"subtitle silver\">FINDEN SIE ALLE INFORMATIONEN, DIE IHNEN IM ALLTAG HELFEN<\/p>\n<h2 class=\"small\">Ihre Toolbox, egal ob Sie Drucker, Architekt, Designer oder Installateur von Folien sind&#8230;<\/h2>\n<div class=\"clear\"><\/div>\n<\/div>\n<div class=\"col four tablet-full mobile-full nomargin\">\n<div class=\"col twelve tablet-five mobile-full\">\n                <a href=\"#\" rel=\"bookmark\"><br \/>\n\t\t\t\t<img decoding=\"async\" style=\"max-width:100%\" src=\"https:\/\/www.hexis-graphics.com\/wp-content\/themes\/Hexis\/images\/profilICC.jpg\" alt=\"Profils ICC HEXIS\"><br \/>\n                <\/a>\n                <\/div>\n<div class=\"col twelve tablet-one\">&nbsp;<\/div>\n<div class=\"col twelve tablet-six mobile-full nomargin nopadding\">\n                <a href=\"#\" rel=\"bookmark\"><\/p>\n<h3 class=\"support\">Digitaldruck<\/h3>\n<p><\/a><\/p>\n<div class=\"news silver\">HEXIS entwickelt ICC-Profile f\u00fcr alle Druckmedien- und Digitaldruckertypen.<\/div>\n<div class=\"button-diagonal bg-graphite margintop20\">\n                 <a href=\"https:\/\/www.hexis-graphics.com\/de\/professionals\/digitaldruck\/icc-profile\/\" rel=\"bookmark\">Finden Sie Ihr ICC-Profil<\/a>\n\t\t\t\t<\/div>\n<\/p><\/div>\n<div class=\"clear\"><\/div>\n<\/p><\/div>\n<div class=\"col four tablet-full mobile-full\">\n<div class=\"col twelve tablet-five mobile-full\">\n                <a href=\"#\" rel=\"bookmark\"><br \/>\n\t\t\t\t<img decoding=\"async\" style=\"max-width:100%\" src=\"https:\/\/www.hexis-graphics.com\/wp-content\/themes\/Hexis\/images\/bulletins.jpg\" alt=\"Bulletins techniques HEXIS\"><br \/>\n                <\/a>\n                <\/div>\n<div class=\"col twelve tablet-one\">&nbsp;<\/div>\n<div class=\"col twelve tablet-six mobile-full nomargin nopadding\">\n                 <a href=\"#\" rel=\"bookmark\"><\/p>\n<h3 class=\"support\">Technischen datenbl\u00e4tter<\/h3>\n<p><\/a><\/p>\n<div class=\"news silver\">Wie bereiten Sie am besten Ihren Untergrund vor, wie w\u00e4hlen und verkleben Sie die richtige Folie am besten!<\/div>\n<div class=\"button-diagonal bg-grey margintop20\">\n\t\t\t\t<a href=\"https:\/\/www.hexis-graphics.com\/de\/professionals\/technische-mitteilungen\/\" rel=\"bookmark\">TECHNISCHEN DATENBL\u00c4TTER<\/a>\n\t\t\t\t<\/div>\n<\/p><\/div>\n<div class=\"clear\"><\/div>\n<\/p><\/div>\n<div class=\"col four tablet-full mobile-full\">\n<div class=\"col twelve tablet-five mobile-full\">\n                <a href=\"#\" rel=\"bookmark\"><br \/>\n\t\t\t\t<img decoding=\"async\" style=\"max-width:100%\" src=\"https:\/\/www.hexis-graphics.com\/wp-content\/themes\/Hexis\/images\/produits.jpg\" alt=\"Fiches techniques et de pose HEXIS\"><br \/>\n                <\/a>\n                <\/div>\n<div class=\"col twelve tablet-one\">&nbsp;<\/div>\n<div class=\"col twelve tablet-six mobile-full nomargin nopadding\">\n                <a href=\"#\" rel=\"bookmark\"><\/p>\n<h3 class=\"support\">Dateien herunterladen<\/h3>\n<p><\/a><\/p>\n<div class=\"news silver\">So erreichen Sie alle Dokumentationen \u00fcber unsere Produkte, auch zum Herunterladen. <\/div>\n<div class=\"button-diagonal bg-red margintop20\">\n                <a href=\"https:\/\/www.hexis-graphics.com\/de\/professionals\/technische-datenblaetter\/\" rel=\"bookmark\">DATEIEN HERUNTERLADEN<\/a>\n\t\t\t\t<\/div>\n<\/p><\/div>\n<div class=\"clear\"><\/div>\n<\/p><\/div>\n<\/div>\n<div class=\"clear\"><\/div>\n<\/div>\n<\/section>\n<p><!-- End Outils Hexis --><\/p>\n<p><!-- Vid\u00e9os --><\/p>\n<section class=\"module parallax parallax-videos textcenter top156\">\n<div class=\"button-diagonal big bg-red\">\n<a href=\"https:\/\/www.hexis-graphics.com\/de\/professionals\/videos\/\" rel=\"bookmark\">SCHAUEN SIE SICH UNSERE VIDEOS AN<\/a>\n<\/div>\n<div class=\"container-full\">\n<h3 class=\"white\"> Entdecken Sie unsere Schulungsvideos! <span>Kniffe und Tipps von unseren Ausbildern f\u00fcr die Folienverklebung.<\/span><\/h3>\n<\/div>\n<div class=\"clear\"><\/div>\n<\/section>\n<p><!-- End Vid\u00e9os --><\/p>\n<p><!-- Formations Hexis --><\/p>\n<section>\n<div class=\"section row\" id=\"hexistraining\">\n<div class=\"container-full\">\n<div class=\"col seven tablet-full mobile-full\">\n<h2 class=\"borderRed\">Schulungen und Zertifizierungen von HEXIS<\/h2>\n<h3 class=\"silver\">Das HEXIS-Schulungszentrum erm\u00f6glicht uns qualifizierte Antworten auf allen unseren Wissensgebieten. Ob Sie Angestellter, Arbeitssuchender oder einfach Privatperson sind, wir bieten Ihnen Schulungen \u00fcber Verklebetechniken f\u00fcr die verschiedensten Selbstklebefolien und Untergr\u00fcnde an.<\/h3>\n<h3 class=\"silver marginleft16 margintop20\">Auf unserer Website <a href=\"http:\/\/www.hexis-training.com\/\" target=\"_blank\">www.hexis-training.com<\/a>finden Sie weitere Informationen <\/h3>\n<div class=\"button-diagonal bg-red margintop20 marginleft16 nomobile\">\n                 <a href=\"http:\/\/hexis-training.com\" target=\"_blank\" rel=\"bookmark\">Finden Sie die Schulung, die Sie brauchen!<\/a>\n\t\t\t\t<\/div>\n<div class=\"nodesktop notablet mobile-full\">test<br \/>\n                 <a href=\"http:\/\/hexis-training.com\" target=\"_blank\" rel=\"bookmark\">Finden Sie die Schulung, die Sie brauchen!<\/a>\n\t\t\t\t<\/div>\n<\/div>\n<div class=\"col one nomobile notablet\"><\/div>\n<div class=\"col four tablet-full mobile-full nomargin bg-silver margintop20\">\n<h3 class=\"margintop20 marginleft16\">WEITERE INFORMATIONEN :<\/h3>\n<p><a href=\"http:\/\/catalogues.hexis-graphics.com\/\" target=\"_blank\" title=\"\" class=\"button-swatches button-background margintop20\">Kataloge ansehen<\/a><br \/>\n<a href=\"#\" title=\"\" class=\"button-newsletter button-background margintop20\">HEXIS E-Mails abonnieren.<\/a><\/p>\n<h3 class=\"margintop20 marginleft16 marginbottom20\"><a href=\"https:\/\/www.hexis-graphics.com\/de\/professionals\/haltbarkeit\/\" rel=\"bookmark\">Haltbarkeit<\/a>  \/  <a href=\"https:\/\/www.hexis-graphics.com\/de\/professionals\/faq\/\" rel=\"bookmark\">FAQs<\/a><\/h3>\n<div class=\"clear\"><\/div>\n<\/div>\n<\/div>\n<div class=\"clear\"><\/div>\n<\/div>\n<\/section>\n<p><!-- End Formations Hexis --><\/p>\n<p><!-- End Content --><\/p>\n<div class=\"clear\"><\/div>\n","protected":false},"excerpt":{"rendered":"<p>FINDEN SIE ALLE INFORMATIONEN, DIE IHNEN IM ALLTAG HELFEN Ihre Toolbox, egal ob Sie Drucker, Architekt, Designer oder Installateur von Folien sind&#8230; &nbsp; Digitaldruck HEXIS entwickelt ICC-Profile f\u00fcr alle Druckmedien- und Digitaldruckertypen. Finden Sie Ihr ICC-Profil &nbsp; Technischen datenbl\u00e4tter Wie bereiten Sie am besten Ihren Untergrund vor, wie w\u00e4hlen und verkleben Sie die richtige Folie [&hellip;]<\/p>\n","protected":false},"author":1,"featured_media":0,"parent":0,"menu_order":40,"comment_status":"closed","ping_status":"closed","template":"page-hexispro.php","meta":{"footnotes":""},"class_list":["post-676","page","type-page","status-publish","hentry"],"yoast_head":"<!-- This site is optimized with the Yoast SEO plugin v26.9 - https:\/\/yoast.com\/product\/yoast-seo-wordpress\/ -->\n<title>PROFESSIONALS - HEXIS Graphics<\/title>\n<meta name=\"robots\" content=\"index, follow, max-snippet:-1, max-image-preview:large, max-video-preview:-1\" \/>\n<link rel=\"canonical\" href=\"https:\/\/www.hexis-graphics.com\/de\/professionals\/\" \/>\n<meta property=\"og:locale\" content=\"de_DE\" \/>\n<meta property=\"og:type\" content=\"article\" \/>\n<meta property=\"og:title\" content=\"PROFESSIONALS - HEXIS Graphics\" \/>\n<meta property=\"og:description\" content=\"FINDEN SIE ALLE INFORMATIONEN, DIE IHNEN IM ALLTAG HELFEN Ihre Toolbox, egal ob Sie Drucker, Architekt, Designer oder Installateur von Folien sind&#8230; &nbsp; Digitaldruck HEXIS entwickelt ICC-Profile f\u00fcr alle Druckmedien- und Digitaldruckertypen. Finden Sie Ihr ICC-Profil &nbsp; Technischen datenbl\u00e4tter Wie bereiten Sie am besten Ihren Untergrund vor, wie w\u00e4hlen und verkleben Sie die richtige Folie [&hellip;]\" \/>\n<meta property=\"og:url\" content=\"https:\/\/www.hexis-graphics.com\/de\/professionals\/\" \/>\n<meta property=\"og:site_name\" content=\"HEXIS Graphics\" \/>\n<meta property=\"article:publisher\" content=\"https:\/\/www.facebook.com\/hexisgraphics\" \/>\n<meta property=\"article:modified_time\" content=\"2016-04-12T13:16:51+00:00\" \/>\n<meta property=\"og:image\" content=\"https:\/\/www.hexis-graphics.com\/wp-content\/themes\/Hexis\/images\/profilICC.jpg\" \/>\n<meta name=\"twitter:card\" content=\"summary_large_image\" \/>\n<meta name=\"twitter:site\" content=\"@hexisgraphics\" \/>\n<meta name=\"twitter:label1\" content=\"Gesch\u00e4tzte Lesezeit\" \/>\n\t<meta name=\"twitter:data1\" content=\"1\u00a0Minute\" \/>\n<script type=\"application\/ld+json\" class=\"yoast-schema-graph\">{\"@context\":\"https:\/\/schema.org\",\"@graph\":[{\"@type\":\"WebPage\",\"@id\":\"https:\/\/www.hexis-graphics.com\/de\/professionals\/\",\"url\":\"https:\/\/www.hexis-graphics.com\/de\/professionals\/\",\"name\":\"PROFESSIONALS - HEXIS Graphics\",\"isPartOf\":{\"@id\":\"https:\/\/www.hexis-graphics.com\/de\/#website\"},\"primaryImageOfPage\":{\"@id\":\"https:\/\/www.hexis-graphics.com\/de\/professionals\/#primaryimage\"},\"image\":{\"@id\":\"https:\/\/www.hexis-graphics.com\/de\/professionals\/#primaryimage\"},\"thumbnailUrl\":\"https:\/\/www.hexis-graphics.com\/wp-content\/themes\/Hexis\/images\/profilICC.jpg\",\"datePublished\":\"2015-05-19T14:11:42+00:00\",\"dateModified\":\"2016-04-12T13:16:51+00:00\",\"breadcrumb\":{\"@id\":\"https:\/\/www.hexis-graphics.com\/de\/professionals\/#breadcrumb\"},\"inLanguage\":\"de\",\"potentialAction\":[{\"@type\":\"ReadAction\",\"target\":[\"https:\/\/www.hexis-graphics.com\/de\/professionals\/\"]}]},{\"@type\":\"ImageObject\",\"inLanguage\":\"de\",\"@id\":\"https:\/\/www.hexis-graphics.com\/de\/professionals\/#primaryimage\",\"url\":\"https:\/\/www.hexis-graphics.com\/wp-content\/themes\/Hexis\/images\/profilICC.jpg\",\"contentUrl\":\"https:\/\/www.hexis-graphics.com\/wp-content\/themes\/Hexis\/images\/profilICC.jpg\"},{\"@type\":\"BreadcrumbList\",\"@id\":\"https:\/\/www.hexis-graphics.com\/de\/professionals\/#breadcrumb\",\"itemListElement\":[{\"@type\":\"ListItem\",\"position\":1,\"name\":\"Accueil\",\"item\":\"https:\/\/www.hexis-graphics.com\/de\/\"},{\"@type\":\"ListItem\",\"position\":2,\"name\":\"PROFESSIONALS\"}]},{\"@type\":\"WebSite\",\"@id\":\"https:\/\/www.hexis-graphics.com\/de\/#website\",\"url\":\"https:\/\/www.hexis-graphics.com\/de\/\",\"name\":\"HEXIS Graphics\",\"description\":\"Manufacturer of self-adhesive films\",\"publisher\":{\"@id\":\"https:\/\/www.hexis-graphics.com\/de\/#organization\"},\"potentialAction\":[{\"@type\":\"SearchAction\",\"target\":{\"@type\":\"EntryPoint\",\"urlTemplate\":\"https:\/\/www.hexis-graphics.com\/de\/?s={search_term_string}\"},\"query-input\":{\"@type\":\"PropertyValueSpecification\",\"valueRequired\":true,\"valueName\":\"search_term_string\"}}],\"inLanguage\":\"de\"},{\"@type\":\"Organization\",\"@id\":\"https:\/\/www.hexis-graphics.com\/de\/#organization\",\"name\":\"HEXIS Graphics\",\"url\":\"https:\/\/www.hexis-graphics.com\/de\/\",\"logo\":{\"@type\":\"ImageObject\",\"inLanguage\":\"de\",\"@id\":\"https:\/\/www.hexis-graphics.com\/de\/#\/schema\/logo\/image\/\",\"url\":\"https:\/\/www.hexis-graphics.com\/hexisgraphics\/2016\/05\/logo_HEXIS.jpg\",\"contentUrl\":\"https:\/\/www.hexis-graphics.com\/hexisgraphics\/2016\/05\/logo_HEXIS.jpg\",\"width\":250,\"height\":107,\"caption\":\"HEXIS Graphics\"},\"image\":{\"@id\":\"https:\/\/www.hexis-graphics.com\/de\/#\/schema\/logo\/image\/\"},\"sameAs\":[\"https:\/\/www.facebook.com\/hexisgraphics\",\"https:\/\/x.com\/hexisgraphics\",\"https:\/\/www.instagram.com\/hexisgraphics\/\",\"https:\/\/fr.linkedin.com\/company\/hexis-s-a-\",\"https:\/\/www.youtube.com\/user\/HEXISSA\"]}]}<\/script>\n<!-- \/ Yoast SEO plugin. -->","yoast_head_json":{"title":"PROFESSIONALS - HEXIS Graphics","robots":{"index":"index","follow":"follow","max-snippet":"max-snippet:-1","max-image-preview":"max-image-preview:large","max-video-preview":"max-video-preview:-1"},"canonical":"https:\/\/www.hexis-graphics.com\/de\/professionals\/","og_locale":"de_DE","og_type":"article","og_title":"PROFESSIONALS - HEXIS Graphics","og_description":"FINDEN SIE ALLE INFORMATIONEN, DIE IHNEN IM ALLTAG HELFEN Ihre Toolbox, egal ob Sie Drucker, Architekt, Designer oder Installateur von Folien sind&#8230; &nbsp; Digitaldruck HEXIS entwickelt ICC-Profile f\u00fcr alle Druckmedien- und Digitaldruckertypen. Finden Sie Ihr ICC-Profil &nbsp; Technischen datenbl\u00e4tter Wie bereiten Sie am besten Ihren Untergrund vor, wie w\u00e4hlen und verkleben Sie die richtige Folie [&hellip;]","og_url":"https:\/\/www.hexis-graphics.com\/de\/professionals\/","og_site_name":"HEXIS Graphics","article_publisher":"https:\/\/www.facebook.com\/hexisgraphics","article_modified_time":"2016-04-12T13:16:51+00:00","og_image":[{"url":"https:\/\/www.hexis-graphics.com\/wp-content\/themes\/Hexis\/images\/profilICC.jpg","type":"","width":"","height":""}],"twitter_card":"summary_large_image","twitter_site":"@hexisgraphics","twitter_misc":{"Gesch\u00e4tzte Lesezeit":"1\u00a0Minute"},"schema":{"@context":"https:\/\/schema.org","@graph":[{"@type":"WebPage","@id":"https:\/\/www.hexis-graphics.com\/de\/professionals\/","url":"https:\/\/www.hexis-graphics.com\/de\/professionals\/","name":"PROFESSIONALS - HEXIS Graphics","isPartOf":{"@id":"https:\/\/www.hexis-graphics.com\/de\/#website"},"primaryImageOfPage":{"@id":"https:\/\/www.hexis-graphics.com\/de\/professionals\/#primaryimage"},"image":{"@id":"https:\/\/www.hexis-graphics.com\/de\/professionals\/#primaryimage"},"thumbnailUrl":"https:\/\/www.hexis-graphics.com\/wp-content\/themes\/Hexis\/images\/profilICC.jpg","datePublished":"2015-05-19T14:11:42+00:00","dateModified":"2016-04-12T13:16:51+00:00","breadcrumb":{"@id":"https:\/\/www.hexis-graphics.com\/de\/professionals\/#breadcrumb"},"inLanguage":"de","potentialAction":[{"@type":"ReadAction","target":["https:\/\/www.hexis-graphics.com\/de\/professionals\/"]}]},{"@type":"ImageObject","inLanguage":"de","@id":"https:\/\/www.hexis-graphics.com\/de\/professionals\/#primaryimage","url":"https:\/\/www.hexis-graphics.com\/wp-content\/themes\/Hexis\/images\/profilICC.jpg","contentUrl":"https:\/\/www.hexis-graphics.com\/wp-content\/themes\/Hexis\/images\/profilICC.jpg"},{"@type":"BreadcrumbList","@id":"https:\/\/www.hexis-graphics.com\/de\/professionals\/#breadcrumb","itemListElement":[{"@type":"ListItem","position":1,"name":"Accueil","item":"https:\/\/www.hexis-graphics.com\/de\/"},{"@type":"ListItem","position":2,"name":"PROFESSIONALS"}]},{"@type":"WebSite","@id":"https:\/\/www.hexis-graphics.com\/de\/#website","url":"https:\/\/www.hexis-graphics.com\/de\/","name":"HEXIS Graphics","description":"Manufacturer of self-adhesive films","publisher":{"@id":"https:\/\/www.hexis-graphics.com\/de\/#organization"},"potentialAction":[{"@type":"SearchAction","target":{"@type":"EntryPoint","urlTemplate":"https:\/\/www.hexis-graphics.com\/de\/?s={search_term_string}"},"query-input":{"@type":"PropertyValueSpecification","valueRequired":true,"valueName":"search_term_string"}}],"inLanguage":"de"},{"@type":"Organization","@id":"https:\/\/www.hexis-graphics.com\/de\/#organization","name":"HEXIS Graphics","url":"https:\/\/www.hexis-graphics.com\/de\/","logo":{"@type":"ImageObject","inLanguage":"de","@id":"https:\/\/www.hexis-graphics.com\/de\/#\/schema\/logo\/image\/","url":"https:\/\/www.hexis-graphics.com\/hexisgraphics\/2016\/05\/logo_HEXIS.jpg","contentUrl":"https:\/\/www.hexis-graphics.com\/hexisgraphics\/2016\/05\/logo_HEXIS.jpg","width":250,"height":107,"caption":"HEXIS Graphics"},"image":{"@id":"https:\/\/www.hexis-graphics.com\/de\/#\/schema\/logo\/image\/"},"sameAs":["https:\/\/www.facebook.com\/hexisgraphics","https:\/\/x.com\/hexisgraphics","https:\/\/www.instagram.com\/hexisgraphics\/","https:\/\/fr.linkedin.com\/company\/hexis-s-a-","https:\/\/www.youtube.com\/user\/HEXISSA"]}]}},"_links":{"self":[{"href":"https:\/\/www.hexis-graphics.com\/de\/wp-json\/wp\/v2\/pages\/676","targetHints":{"allow":["GET"]}}],"collection":[{"href":"https:\/\/www.hexis-graphics.com\/de\/wp-json\/wp\/v2\/pages"}],"about":[{"href":"https:\/\/www.hexis-graphics.com\/de\/wp-json\/wp\/v2\/types\/page"}],"author":[{"embeddable":true,"href":"https:\/\/www.hexis-graphics.com\/de\/wp-json\/wp\/v2\/users\/1"}],"replies":[{"embeddable":true,"href":"https:\/\/www.hexis-graphics.com\/de\/wp-json\/wp\/v2\/comments?post=676"}],"version-history":[{"count":0,"href":"https:\/\/www.hexis-graphics.com\/de\/wp-json\/wp\/v2\/pages\/676\/revisions"}],"wp:attachment":[{"href":"https:\/\/www.hexis-graphics.com\/de\/wp-json\/wp\/v2\/media?parent=676"}],"curies":[{"name":"wp","href":"https:\/\/api.w.org\/{rel}","templated":true}]}}