{"id":5972,"date":"2015-11-03T20:03:12","date_gmt":"2015-11-03T20:03:12","guid":{"rendered":"https:\/\/www.hexis-graphics.com\/de\/?page_id=5972"},"modified":"2022-10-14T05:12:22","modified_gmt":"2022-10-14T05:12:22","slug":"bedienungsanleitung","status":"publish","type":"page","link":"https:\/\/www.hexis-graphics.com\/de\/professionals\/digitaldruck\/bedienungsanleitung\/","title":{"rendered":"Bedienungsanleitung"},"content":{"rendered":"<p style=\"text-align: justify;\">Nachstehend finden Sie die Bedienerhinweise f\u00fcr den Import und den Gebrauch der ICC-Farbprofile. Eine vollst\u00e4ndige allgemeine Anleitung f\u00fcr die Farbverwaltung steht ebefalls zur Verf\u00fcgung.\u00a0 Jede PDF-Datei enth\u00e4lt die wichtigsten Hinweise f\u00fcr den Import in die RIP-Software und dar\u00fcber hinaus die wichtigsten Einstellungen zum erfolgreichen Gebrauch dieser Farbprofile. Bedenken Sie, dass es keine &#8222;fertige&#8220; L\u00f6sung gibt und dass die\u00a0gesamte grafische Kette als Ganzes verwaltet werden muss.<\/p>\n<div style=\"clear: both;\"><\/div>\n<div style=\"border: 1px solid #efefef;padding: 20px 40px;margin-bottom: 25px;background:#F7F5F5;width: 35%;float: left;min-width: 240px;\">\n<h1 class=\"titreArticle\">Gebrauchshinweise<\/h1>\n<p>Grundlagen zum Verst\u00e4ndnis und Beherrschen von Gro\u00dfformat-Digitaldruck<\/p>\n<div class=\"bg-red button-background-mini margintop5\"><a class=\"lien1\" href=\"https:\/\/www.hexis-graphics.com\/hexisgraphics\/2018\/06\/HEXIS_IMN_Guide_DE.zip\" target=\"_blank\"><i class=\"icon-hexis hexis icon-brochure white\"><\/i> Herunterladen 9 Mo<\/a><\/div>\n<\/div>\n<div style=\"clear: both;\"><\/div>\n<div style=\"float: left;padding: 20px;width: 94%;border: 1px solid #efefef;margin: 10px 0px;\">\n<div style=\"float: left;\">\n<h1 class=\"titreArticle\">Versaworks<\/h1>\n<p>Importieren von Profilen und Parametrieren in Versaworks<\/p>\n<\/div>\n<div class=\"bg-red button-background-mini margintop5\" style=\"float: right;\"><a class=\"lien1\" href=\"https:\/\/hexis-graphics.com\/documents\/guide\/document_en\/EFU.DOC.13A-EN_Configuring_RolandVersaWorks_to_print_on_your_HEXIS_media.pdf\" target=\"_blank\"><i class=\"icon-hexis hexis icon-brochure white\"><\/i> Herunterladen 706 Ko<\/a><\/div>\n<\/div>\n<div style=\"float: left;padding: 20px;width: 94%;border: 1px solid #efefef;margin: 10px 0px;\">\n<div style=\"float: left;\">\n<h1 class=\"titreArticle\">Caldera<\/h1>\n<p>Importieren von Profilen und Parametrieren in Caldera<\/p>\n<\/div>\n<div class=\"bg-red button-background-mini margintop5\" style=\"float: right;\"><a class=\"lien1\" href=\"https:\/\/hexis-graphics.com\/documents\/guide\/document_en\/EFU.DOC.14A-EN_Configuring_Caldera_to_print_on_your_HEXIS_media.pdf\" target=\"_blank\"><i class=\"icon-hexis hexis icon-brochure white\"><\/i> Herunterladen 2 Mo<\/a><\/div>\n<\/div>\n<div style=\"float: left;padding: 20px;width: 94%;border: 1px solid #efefef;margin: 10px 0px;\">\n<div style=\"float: left;\">\n<h1 class=\"titreArticle\">Onyx<\/h1>\n<p>Importieren von Profilen und Parametrieren in Onyx<\/p>\n<\/div>\n<div class=\"bg-red button-background-mini margintop5\" style=\"float: right;\"><a class=\"lien1\" href=\"https:\/\/hexis-graphics.com\/documents\/guide\/document_en\/EFU.DOC.15A-EN_Configuring_Onyx_to_print_on_your_HEXIS_media.pdf\" target=\"_blank\"><i class=\"icon-hexis hexis icon-brochure white\"><\/i> Herunterladen 1 Mo<\/a><\/div>\n<\/div>\n<div style=\"float: left;padding: 20px;width: 94%;border: 1px solid #efefef;margin: 10px 0px;\">\n<div style=\"float: left;\">\n<h1 class=\"titreArticle\">Wasatch<\/h1>\n<p>Importieren von Profilen in Wasatch<\/p>\n<\/div>\n<div class=\"bg-red button-background-mini margintop5\" style=\"float: right;\"><a class=\"lien1\" href=\"https:\/\/hexis-graphics.com\/documents\/guide\/document_fr\/technical_bulletin_import_icc_wasatch_v1_eng.pdf\" target=\"_blank\"><i class=\"icon-hexis hexis icon-brochure white\"><\/i> Herunterladen 828 Ko<\/a><\/div>\n<\/div>\n<div style=\"float: left;padding: 20px;width: 94%;border: 1px solid #efefef;margin: 10px 0px;\">\n<div style=\"float: left;\">\n<h1 class=\"titreArticle\">Scanvec<\/h1>\n<p>Importieren von Profilen in Scanvec<\/p>\n<\/div>\n<div class=\"bg-red button-background-mini margintop5\" style=\"float: right;\"><a class=\"lien1\" href=\"https:\/\/hexis-graphics.com\/documents\/guide\/document_fr\/technical_bulletin_import_icc_SAi_v1_eng.pdf\" target=\"_blank\"><i class=\"icon-hexis hexis icon-brochure white\"><\/i> Herunterladen 786 Ko<\/a><\/div>\n<\/div>\n","protected":false},"excerpt":{"rendered":"<p>Nachstehend finden Sie die Bedienerhinweise f\u00fcr den Import und den Gebrauch der ICC-Farbprofile. Eine vollst\u00e4ndige allgemeine Anleitung f\u00fcr die Farbverwaltung steht ebefalls zur Verf\u00fcgung.\u00a0 Jede PDF-Datei enth\u00e4lt die wichtigsten Hinweise f\u00fcr den Import in die RIP-Software und dar\u00fcber hinaus die wichtigsten Einstellungen zum erfolgreichen Gebrauch dieser Farbprofile. Bedenken Sie, dass es keine &#8222;fertige&#8220; L\u00f6sung gibt [&hellip;]<\/p>\n","protected":false},"author":1,"featured_media":0,"parent":5439,"menu_order":0,"comment_status":"closed","ping_status":"closed","template":"page-imn.php","meta":{"footnotes":""},"class_list":["post-5972","page","type-page","status-publish","hentry"],"yoast_head":"<!-- This site is optimized with the Yoast SEO plugin v26.9 - https:\/\/yoast.com\/product\/yoast-seo-wordpress\/ -->\n<title>Bedienungsanleitung - HEXIS Graphics<\/title>\n<meta name=\"robots\" content=\"index, follow, max-snippet:-1, max-image-preview:large, max-video-preview:-1\" \/>\n<link rel=\"canonical\" href=\"https:\/\/www.hexis-graphics.com\/de\/professionals\/digitaldruck\/bedienungsanleitung\/\" \/>\n<meta property=\"og:locale\" content=\"de_DE\" \/>\n<meta property=\"og:type\" content=\"article\" \/>\n<meta property=\"og:title\" content=\"Bedienungsanleitung - HEXIS Graphics\" \/>\n<meta property=\"og:description\" content=\"Nachstehend finden Sie die Bedienerhinweise f\u00fcr den Import und den Gebrauch der ICC-Farbprofile. Eine vollst\u00e4ndige allgemeine Anleitung f\u00fcr die Farbverwaltung steht ebefalls zur Verf\u00fcgung.\u00a0 Jede PDF-Datei enth\u00e4lt die wichtigsten Hinweise f\u00fcr den Import in die RIP-Software und dar\u00fcber hinaus die wichtigsten Einstellungen zum erfolgreichen Gebrauch dieser Farbprofile. Bedenken Sie, dass es keine &#8222;fertige&#8220; L\u00f6sung gibt [&hellip;]\" \/>\n<meta property=\"og:url\" content=\"https:\/\/www.hexis-graphics.com\/de\/professionals\/digitaldruck\/bedienungsanleitung\/\" \/>\n<meta property=\"og:site_name\" content=\"HEXIS Graphics\" \/>\n<meta property=\"article:publisher\" content=\"https:\/\/www.facebook.com\/hexisgraphics\" \/>\n<meta property=\"article:modified_time\" content=\"2022-10-14T05:12:22+00:00\" \/>\n<meta property=\"og:image\" content=\"https:\/\/www.hexis-graphics.com\/hexisgraphics\/2016\/05\/logo_HEXIS.jpg\" \/>\n\t<meta property=\"og:image:width\" content=\"250\" \/>\n\t<meta property=\"og:image:height\" content=\"107\" \/>\n\t<meta property=\"og:image:type\" content=\"image\/jpeg\" \/>\n<meta name=\"twitter:card\" content=\"summary_large_image\" \/>\n<meta name=\"twitter:site\" content=\"@hexisgraphics\" \/>\n<meta name=\"twitter:label1\" content=\"Gesch\u00e4tzte Lesezeit\" \/>\n\t<meta name=\"twitter:data1\" content=\"1\u00a0Minute\" \/>\n<script type=\"application\/ld+json\" class=\"yoast-schema-graph\">{\"@context\":\"https:\/\/schema.org\",\"@graph\":[{\"@type\":\"WebPage\",\"@id\":\"https:\/\/www.hexis-graphics.com\/de\/professionals\/digitaldruck\/bedienungsanleitung\/\",\"url\":\"https:\/\/www.hexis-graphics.com\/de\/professionals\/digitaldruck\/bedienungsanleitung\/\",\"name\":\"Bedienungsanleitung - HEXIS Graphics\",\"isPartOf\":{\"@id\":\"https:\/\/www.hexis-graphics.com\/de\/#website\"},\"datePublished\":\"2015-11-03T20:03:12+00:00\",\"dateModified\":\"2022-10-14T05:12:22+00:00\",\"breadcrumb\":{\"@id\":\"https:\/\/www.hexis-graphics.com\/de\/professionals\/digitaldruck\/bedienungsanleitung\/#breadcrumb\"},\"inLanguage\":\"de\",\"potentialAction\":[{\"@type\":\"ReadAction\",\"target\":[\"https:\/\/www.hexis-graphics.com\/de\/professionals\/digitaldruck\/bedienungsanleitung\/\"]}]},{\"@type\":\"BreadcrumbList\",\"@id\":\"https:\/\/www.hexis-graphics.com\/de\/professionals\/digitaldruck\/bedienungsanleitung\/#breadcrumb\",\"itemListElement\":[{\"@type\":\"ListItem\",\"position\":1,\"name\":\"Accueil\",\"item\":\"https:\/\/www.hexis-graphics.com\/de\/\"},{\"@type\":\"ListItem\",\"position\":2,\"name\":\"PROFESSIONALS\",\"item\":\"https:\/\/www.hexis-graphics.com\/de\/professionals\/\"},{\"@type\":\"ListItem\",\"position\":3,\"name\":\"Digitaldruck\",\"item\":\"https:\/\/www.hexis-graphics.com\/de\/professionals\/digitaldruck\/\"},{\"@type\":\"ListItem\",\"position\":4,\"name\":\"Bedienungsanleitung\"}]},{\"@type\":\"WebSite\",\"@id\":\"https:\/\/www.hexis-graphics.com\/de\/#website\",\"url\":\"https:\/\/www.hexis-graphics.com\/de\/\",\"name\":\"HEXIS Graphics\",\"description\":\"Manufacturer of self-adhesive films\",\"publisher\":{\"@id\":\"https:\/\/www.hexis-graphics.com\/de\/#organization\"},\"potentialAction\":[{\"@type\":\"SearchAction\",\"target\":{\"@type\":\"EntryPoint\",\"urlTemplate\":\"https:\/\/www.hexis-graphics.com\/de\/?s={search_term_string}\"},\"query-input\":{\"@type\":\"PropertyValueSpecification\",\"valueRequired\":true,\"valueName\":\"search_term_string\"}}],\"inLanguage\":\"de\"},{\"@type\":\"Organization\",\"@id\":\"https:\/\/www.hexis-graphics.com\/de\/#organization\",\"name\":\"HEXIS Graphics\",\"url\":\"https:\/\/www.hexis-graphics.com\/de\/\",\"logo\":{\"@type\":\"ImageObject\",\"inLanguage\":\"de\",\"@id\":\"https:\/\/www.hexis-graphics.com\/de\/#\/schema\/logo\/image\/\",\"url\":\"https:\/\/www.hexis-graphics.com\/hexisgraphics\/2016\/05\/logo_HEXIS.jpg\",\"contentUrl\":\"https:\/\/www.hexis-graphics.com\/hexisgraphics\/2016\/05\/logo_HEXIS.jpg\",\"width\":250,\"height\":107,\"caption\":\"HEXIS Graphics\"},\"image\":{\"@id\":\"https:\/\/www.hexis-graphics.com\/de\/#\/schema\/logo\/image\/\"},\"sameAs\":[\"https:\/\/www.facebook.com\/hexisgraphics\",\"https:\/\/x.com\/hexisgraphics\",\"https:\/\/www.instagram.com\/hexisgraphics\/\",\"https:\/\/fr.linkedin.com\/company\/hexis-s-a-\",\"https:\/\/www.youtube.com\/user\/HEXISSA\"]}]}<\/script>\n<!-- \/ Yoast SEO plugin. -->","yoast_head_json":{"title":"Bedienungsanleitung - HEXIS Graphics","robots":{"index":"index","follow":"follow","max-snippet":"max-snippet:-1","max-image-preview":"max-image-preview:large","max-video-preview":"max-video-preview:-1"},"canonical":"https:\/\/www.hexis-graphics.com\/de\/professionals\/digitaldruck\/bedienungsanleitung\/","og_locale":"de_DE","og_type":"article","og_title":"Bedienungsanleitung - HEXIS Graphics","og_description":"Nachstehend finden Sie die Bedienerhinweise f\u00fcr den Import und den Gebrauch der ICC-Farbprofile. Eine vollst\u00e4ndige allgemeine Anleitung f\u00fcr die Farbverwaltung steht ebefalls zur Verf\u00fcgung.\u00a0 Jede PDF-Datei enth\u00e4lt die wichtigsten Hinweise f\u00fcr den Import in die RIP-Software und dar\u00fcber hinaus die wichtigsten Einstellungen zum erfolgreichen Gebrauch dieser Farbprofile. Bedenken Sie, dass es keine &#8222;fertige&#8220; L\u00f6sung gibt [&hellip;]","og_url":"https:\/\/www.hexis-graphics.com\/de\/professionals\/digitaldruck\/bedienungsanleitung\/","og_site_name":"HEXIS Graphics","article_publisher":"https:\/\/www.facebook.com\/hexisgraphics","article_modified_time":"2022-10-14T05:12:22+00:00","og_image":[{"width":250,"height":107,"url":"https:\/\/www.hexis-graphics.com\/hexisgraphics\/2016\/05\/logo_HEXIS.jpg","type":"image\/jpeg"}],"twitter_card":"summary_large_image","twitter_site":"@hexisgraphics","twitter_misc":{"Gesch\u00e4tzte Lesezeit":"1\u00a0Minute"},"schema":{"@context":"https:\/\/schema.org","@graph":[{"@type":"WebPage","@id":"https:\/\/www.hexis-graphics.com\/de\/professionals\/digitaldruck\/bedienungsanleitung\/","url":"https:\/\/www.hexis-graphics.com\/de\/professionals\/digitaldruck\/bedienungsanleitung\/","name":"Bedienungsanleitung - HEXIS Graphics","isPartOf":{"@id":"https:\/\/www.hexis-graphics.com\/de\/#website"},"datePublished":"2015-11-03T20:03:12+00:00","dateModified":"2022-10-14T05:12:22+00:00","breadcrumb":{"@id":"https:\/\/www.hexis-graphics.com\/de\/professionals\/digitaldruck\/bedienungsanleitung\/#breadcrumb"},"inLanguage":"de","potentialAction":[{"@type":"ReadAction","target":["https:\/\/www.hexis-graphics.com\/de\/professionals\/digitaldruck\/bedienungsanleitung\/"]}]},{"@type":"BreadcrumbList","@id":"https:\/\/www.hexis-graphics.com\/de\/professionals\/digitaldruck\/bedienungsanleitung\/#breadcrumb","itemListElement":[{"@type":"ListItem","position":1,"name":"Accueil","item":"https:\/\/www.hexis-graphics.com\/de\/"},{"@type":"ListItem","position":2,"name":"PROFESSIONALS","item":"https:\/\/www.hexis-graphics.com\/de\/professionals\/"},{"@type":"ListItem","position":3,"name":"Digitaldruck","item":"https:\/\/www.hexis-graphics.com\/de\/professionals\/digitaldruck\/"},{"@type":"ListItem","position":4,"name":"Bedienungsanleitung"}]},{"@type":"WebSite","@id":"https:\/\/www.hexis-graphics.com\/de\/#website","url":"https:\/\/www.hexis-graphics.com\/de\/","name":"HEXIS Graphics","description":"Manufacturer of self-adhesive films","publisher":{"@id":"https:\/\/www.hexis-graphics.com\/de\/#organization"},"potentialAction":[{"@type":"SearchAction","target":{"@type":"EntryPoint","urlTemplate":"https:\/\/www.hexis-graphics.com\/de\/?s={search_term_string}"},"query-input":{"@type":"PropertyValueSpecification","valueRequired":true,"valueName":"search_term_string"}}],"inLanguage":"de"},{"@type":"Organization","@id":"https:\/\/www.hexis-graphics.com\/de\/#organization","name":"HEXIS Graphics","url":"https:\/\/www.hexis-graphics.com\/de\/","logo":{"@type":"ImageObject","inLanguage":"de","@id":"https:\/\/www.hexis-graphics.com\/de\/#\/schema\/logo\/image\/","url":"https:\/\/www.hexis-graphics.com\/hexisgraphics\/2016\/05\/logo_HEXIS.jpg","contentUrl":"https:\/\/www.hexis-graphics.com\/hexisgraphics\/2016\/05\/logo_HEXIS.jpg","width":250,"height":107,"caption":"HEXIS Graphics"},"image":{"@id":"https:\/\/www.hexis-graphics.com\/de\/#\/schema\/logo\/image\/"},"sameAs":["https:\/\/www.facebook.com\/hexisgraphics","https:\/\/x.com\/hexisgraphics","https:\/\/www.instagram.com\/hexisgraphics\/","https:\/\/fr.linkedin.com\/company\/hexis-s-a-","https:\/\/www.youtube.com\/user\/HEXISSA"]}]}},"_links":{"self":[{"href":"https:\/\/www.hexis-graphics.com\/de\/wp-json\/wp\/v2\/pages\/5972","targetHints":{"allow":["GET"]}}],"collection":[{"href":"https:\/\/www.hexis-graphics.com\/de\/wp-json\/wp\/v2\/pages"}],"about":[{"href":"https:\/\/www.hexis-graphics.com\/de\/wp-json\/wp\/v2\/types\/page"}],"author":[{"embeddable":true,"href":"https:\/\/www.hexis-graphics.com\/de\/wp-json\/wp\/v2\/users\/1"}],"replies":[{"embeddable":true,"href":"https:\/\/www.hexis-graphics.com\/de\/wp-json\/wp\/v2\/comments?post=5972"}],"version-history":[{"count":4,"href":"https:\/\/www.hexis-graphics.com\/de\/wp-json\/wp\/v2\/pages\/5972\/revisions"}],"predecessor-version":[{"id":40916,"href":"https:\/\/www.hexis-graphics.com\/de\/wp-json\/wp\/v2\/pages\/5972\/revisions\/40916"}],"up":[{"embeddable":true,"href":"https:\/\/www.hexis-graphics.com\/de\/wp-json\/wp\/v2\/pages\/5439"}],"wp:attachment":[{"href":"https:\/\/www.hexis-graphics.com\/de\/wp-json\/wp\/v2\/media?parent=5972"}],"curies":[{"name":"wp","href":"https:\/\/api.w.org\/{rel}","templated":true}]}}