{"id":5965,"date":"2015-05-18T15:13:16","date_gmt":"2015-05-18T15:13:16","guid":{"rendered":"https:\/\/www.hexis-graphics.com\/de\/ondersteuningen\/formations\/"},"modified":"2025-10-27T15:21:07","modified_gmt":"2025-10-27T15:21:07","slug":"formations","status":"publish","type":"page","link":"https:\/\/www.hexis-graphics.com\/de\/professionals\/formations\/","title":{"rendered":"Les formations HEXIS"},"content":{"rendered":"\n<h1 class=\"wp-block-heading\">Centre de Formation HEXIS &#8211; Le savoir-faire fran\u00e7ais du film adh\u00e9sif<figure><a href=\"https:\/\/www.hexis-graphics.com\/hexisgraphics\/2015\/10\/services-formations.jpg\"><img fetchpriority=\"high\" decoding=\"async\" class=\"alignright size-featured wp-image-5527\" src=\"https:\/\/www.hexis-graphics.com\/hexisgraphics\/2015\/10\/services-formations-374x248.jpg\" alt=\"services-formations\" width=\"374\" height=\"248\" srcset=\"https:\/\/www.hexis-graphics.com\/hexisgraphics\/2015\/10\/services-formations-374x248.jpg 374w, https:\/\/www.hexis-graphics.com\/hexisgraphics\/2015\/10\/services-formations-150x99.jpg 150w, https:\/\/www.hexis-graphics.com\/hexisgraphics\/2015\/10\/services-formations-300x198.jpg 300w, https:\/\/www.hexis-graphics.com\/hexisgraphics\/2015\/10\/services-formations-1024x677.jpg 1024w, https:\/\/www.hexis-graphics.com\/hexisgraphics\/2015\/10\/services-formations-400x265.jpg 400w, https:\/\/www.hexis-graphics.com\/hexisgraphics\/2015\/10\/services-formations-75x50.jpg 75w, https:\/\/www.hexis-graphics.com\/hexisgraphics\/2015\/10\/services-formations.jpg 1170w\" sizes=\"(max-width: 374px) 100vw, 374px\" \/><\/a><\/figure><\/h1>\n\n\n\n<p>Le <strong>Centre de Formation HEXIS <\/strong>est un lieu d\u00e9di\u00e9 \u00e0 l&#8217;apprentissage des techniques de pose des films adh\u00e9sifs pour la <strong>communication visuelle<\/strong>, le<strong> covering automobile<\/strong>, la <strong>protection de carrosserie (PPF) <\/strong>ou encore la <strong>d\u00e9coration de surface<\/strong>. <\/p>\n\n\n\n<h2 class=\"wp-block-heading\">Des formations professionnelles sign\u00e9es HEXIS <\/h2>\n\n\n\n<p>Avec <strong>plus de 250m\u00b2<\/strong> enti\u00e8rement d\u00e9di\u00e9s \u00e0 la formation, le <strong>Centre de Formation<\/strong> offre un environnement optimal :<\/p>\n\n\n\n<ul class=\"wp-block-list\">\n<li><strong>Temp\u00e9rature et luminosit\u00e9 contr\u00f4l\u00e9es<\/strong> pour une application parfaite<\/li>\n\n\n\n<li><strong>Outils p\u00e9dagogiques vari\u00e9s<\/strong> : v\u00e9hicules, vitres, portes utilitaires&#8230;<\/li>\n\n\n\n<li><strong>Groupes limit\u00e9s \u00e0 4 stagiaires<\/strong> pour un suivi personnalis\u00e9<\/li>\n\n\n\n<li><strong>Visite du site de production HEXIS<\/strong> \u00e0 chaque session pour d\u00e9couvrir les coulisses de la fabrication fran\u00e7aise<\/li>\n\n\n\n<li><strong>Accueil convivial <\/strong>et accompagnement par des formateurs experts en contact direct avec nos laboratoires de production<\/li>\n<\/ul>\n\n\n\n<h3 class=\"wp-block-heading\">Pourquoi choisir HEXIS Formation ? <\/h3>\n\n\n\n<p>HEXIS est le <strong>seul fabricant fran\u00e7ais<\/strong> et<strong> le mieux qualifi\u00e9<\/strong> pour former ses stagiaires sur la pose de ses produits. Les <strong>formateurs HEXIS<\/strong> transmettent un <strong>savoir-faire unique<\/strong>, directement issu du terrain et de la production. Chaque session combine <strong>th\u00e9orie<\/strong>, <strong>pratique <\/strong>et <strong>\u00e9changes d&#8217;exp\u00e9riences<\/strong> pour garantir un apprentissage concret et durable. <\/p>\n\n\n\n<h3 class=\"wp-block-heading\">Nos programmes de formation HEXIS<\/h3>\n\n\n\n<ul class=\"wp-block-list\">\n<li><a href=\"https:\/\/fr.hexis-training.com\/formation\/formation-signaletique\/\" target=\"_blank\" rel=\"noreferrer noopener\">Formation signal\u00e9tique<\/a><\/li>\n\n\n\n<li><a href=\"https:\/\/fr.hexis-training.com\/formation\/formation-total-covering\/\" target=\"_blank\" rel=\"noreferrer noopener\">Formation total covering<\/a> (plusieurs niveaux) <\/li>\n\n\n\n<li><a href=\"https:\/\/fr.hexis-training.com\/formation\/formation-ppf-bodyfence\/\" target=\"_blank\" rel=\"noreferrer noopener\">Formation PPF BODYFENCE<\/a> (plusieurs niveaux)<\/li>\n\n\n\n<li><a href=\"https:\/\/fr.hexis-training.com\/formation\/formation-decoration-interieure\/\" target=\"_blank\" rel=\"noreferrer noopener\">Formation d\u00e9coration int\u00e9rieure<\/a><\/li>\n\n\n\n<li><a href=\"https:\/\/fr.hexis-training.com\/formation\/formation-vitrophanie\/\" target=\"_blank\" rel=\"noreferrer noopener\">Formation vitrophanie<\/a><\/li>\n\n\n\n<li><a href=\"https:\/\/fr.hexis-training.com\/formation\/formation-vitre-teintee\/\" target=\"_blank\" rel=\"noreferrer noopener\">Formation vitre teint\u00e9e automobile<\/a>&#8230;<\/li>\n<\/ul>\n\n\n\n<h2 class=\"wp-block-heading\">Contact et inscription<\/h2>\n\n\n\n<p>\ud83d\udccdCentre de Formation HEXIS &#8211; Frontignan (34)<\/p>\n\n\n\n<p>\ud83d\udcbb Plus d&#8217;information, rendez-vous sur notre site internet d\u00e9di\u00e9 \u00e0 la formation en <a href=\"https:\/\/fr.hexis-training.com\/\" target=\"_blank\" rel=\"noreferrer noopener\">cliquant ici<\/a><\/p>\n\n\n\n<p>\ud83d\udcde04.67.18.08.88<\/p>\n","protected":false},"excerpt":{"rendered":"<p>Centre de Formation HEXIS &#8211; Le savoir-faire fran\u00e7ais du film adh\u00e9sif Le Centre de Formation HEXIS est un lieu d\u00e9di\u00e9 \u00e0 l&#8217;apprentissage des techniques de pose des films adh\u00e9sifs pour la communication visuelle, le covering automobile, la protection de carrosserie (PPF) ou encore la d\u00e9coration de surface. Des formations professionnelles sign\u00e9es HEXIS Avec plus de [&hellip;]<\/p>\n","protected":false},"author":1,"featured_media":0,"parent":676,"menu_order":0,"comment_status":"closed","ping_status":"closed","template":"","meta":{"footnotes":""},"class_list":["post-5965","page","type-page","status-publish","hentry"],"yoast_head":"<!-- This site is optimized with the Yoast SEO plugin v26.9 - https:\/\/yoast.com\/product\/yoast-seo-wordpress\/ -->\n<title>Les formations HEXIS - HEXIS Graphics<\/title>\n<meta name=\"description\" content=\"D\u00e9couvrez le centre de formation HEXIS : covering, PPF, signal\u00e9tique et adh\u00e9sifs. Apprenez les techniques de pose avec les HEXPERTS HEXIS.\" \/>\n<meta name=\"robots\" content=\"index, follow, max-snippet:-1, max-image-preview:large, max-video-preview:-1\" \/>\n<link rel=\"canonical\" href=\"https:\/\/www.hexis-graphics.com\/de\/professionals\/formations\/\" \/>\n<meta property=\"og:locale\" content=\"de_DE\" \/>\n<meta property=\"og:type\" content=\"article\" \/>\n<meta property=\"og:title\" content=\"Les formations HEXIS - HEXIS Graphics\" \/>\n<meta property=\"og:description\" content=\"D\u00e9couvrez le centre de formation HEXIS : covering, PPF, signal\u00e9tique et adh\u00e9sifs. Apprenez les techniques de pose avec les HEXPERTS HEXIS.\" \/>\n<meta property=\"og:url\" content=\"https:\/\/www.hexis-graphics.com\/de\/professionals\/formations\/\" \/>\n<meta property=\"og:site_name\" content=\"HEXIS Graphics\" \/>\n<meta property=\"article:publisher\" content=\"https:\/\/www.facebook.com\/hexisgraphics\" \/>\n<meta property=\"article:modified_time\" content=\"2025-10-27T15:21:07+00:00\" \/>\n<meta property=\"og:image\" content=\"https:\/\/www.hexis-graphics.com\/hexisgraphics\/2015\/10\/services-formations.jpg\" \/>\n\t<meta property=\"og:image:width\" content=\"1170\" \/>\n\t<meta property=\"og:image:height\" content=\"774\" \/>\n\t<meta property=\"og:image:type\" content=\"image\/jpeg\" \/>\n<meta name=\"twitter:card\" content=\"summary_large_image\" \/>\n<meta name=\"twitter:site\" content=\"@hexisgraphics\" \/>\n<meta name=\"twitter:label1\" content=\"Gesch\u00e4tzte Lesezeit\" \/>\n\t<meta name=\"twitter:data1\" content=\"2\u00a0Minuten\" \/>\n<script type=\"application\/ld+json\" class=\"yoast-schema-graph\">{\"@context\":\"https:\/\/schema.org\",\"@graph\":[{\"@type\":\"WebPage\",\"@id\":\"https:\/\/www.hexis-graphics.com\/de\/professionals\/formations\/\",\"url\":\"https:\/\/www.hexis-graphics.com\/de\/professionals\/formations\/\",\"name\":\"Les formations HEXIS - HEXIS Graphics\",\"isPartOf\":{\"@id\":\"https:\/\/www.hexis-graphics.com\/de\/#website\"},\"primaryImageOfPage\":{\"@id\":\"https:\/\/www.hexis-graphics.com\/de\/professionals\/formations\/#primaryimage\"},\"image\":{\"@id\":\"https:\/\/www.hexis-graphics.com\/de\/professionals\/formations\/#primaryimage\"},\"thumbnailUrl\":\"https:\/\/www.hexis-graphics.com\/hexisgraphics\/2015\/10\/services-formations-374x248.jpg\",\"datePublished\":\"2015-05-18T15:13:16+00:00\",\"dateModified\":\"2025-10-27T15:21:07+00:00\",\"description\":\"D\u00e9couvrez le centre de formation HEXIS : covering, PPF, signal\u00e9tique et adh\u00e9sifs. Apprenez les techniques de pose avec les HEXPERTS HEXIS.\",\"breadcrumb\":{\"@id\":\"https:\/\/www.hexis-graphics.com\/de\/professionals\/formations\/#breadcrumb\"},\"inLanguage\":\"de\",\"potentialAction\":[{\"@type\":\"ReadAction\",\"target\":[\"https:\/\/www.hexis-graphics.com\/de\/professionals\/formations\/\"]}]},{\"@type\":\"ImageObject\",\"inLanguage\":\"de\",\"@id\":\"https:\/\/www.hexis-graphics.com\/de\/professionals\/formations\/#primaryimage\",\"url\":\"https:\/\/www.hexis-graphics.com\/hexisgraphics\/2015\/10\/services-formations-374x248.jpg\",\"contentUrl\":\"https:\/\/www.hexis-graphics.com\/hexisgraphics\/2015\/10\/services-formations-374x248.jpg\"},{\"@type\":\"BreadcrumbList\",\"@id\":\"https:\/\/www.hexis-graphics.com\/de\/professionals\/formations\/#breadcrumb\",\"itemListElement\":[{\"@type\":\"ListItem\",\"position\":1,\"name\":\"Accueil\",\"item\":\"https:\/\/www.hexis-graphics.com\/de\/\"},{\"@type\":\"ListItem\",\"position\":2,\"name\":\"PROFESSIONALS\",\"item\":\"https:\/\/www.hexis-graphics.com\/de\/professionals\/\"},{\"@type\":\"ListItem\",\"position\":3,\"name\":\"Les formations HEXIS\"}]},{\"@type\":\"WebSite\",\"@id\":\"https:\/\/www.hexis-graphics.com\/de\/#website\",\"url\":\"https:\/\/www.hexis-graphics.com\/de\/\",\"name\":\"HEXIS Graphics\",\"description\":\"Manufacturer of self-adhesive films\",\"publisher\":{\"@id\":\"https:\/\/www.hexis-graphics.com\/de\/#organization\"},\"potentialAction\":[{\"@type\":\"SearchAction\",\"target\":{\"@type\":\"EntryPoint\",\"urlTemplate\":\"https:\/\/www.hexis-graphics.com\/de\/?s={search_term_string}\"},\"query-input\":{\"@type\":\"PropertyValueSpecification\",\"valueRequired\":true,\"valueName\":\"search_term_string\"}}],\"inLanguage\":\"de\"},{\"@type\":\"Organization\",\"@id\":\"https:\/\/www.hexis-graphics.com\/de\/#organization\",\"name\":\"HEXIS Graphics\",\"url\":\"https:\/\/www.hexis-graphics.com\/de\/\",\"logo\":{\"@type\":\"ImageObject\",\"inLanguage\":\"de\",\"@id\":\"https:\/\/www.hexis-graphics.com\/de\/#\/schema\/logo\/image\/\",\"url\":\"https:\/\/www.hexis-graphics.com\/hexisgraphics\/2016\/05\/logo_HEXIS.jpg\",\"contentUrl\":\"https:\/\/www.hexis-graphics.com\/hexisgraphics\/2016\/05\/logo_HEXIS.jpg\",\"width\":250,\"height\":107,\"caption\":\"HEXIS Graphics\"},\"image\":{\"@id\":\"https:\/\/www.hexis-graphics.com\/de\/#\/schema\/logo\/image\/\"},\"sameAs\":[\"https:\/\/www.facebook.com\/hexisgraphics\",\"https:\/\/x.com\/hexisgraphics\",\"https:\/\/www.instagram.com\/hexisgraphics\/\",\"https:\/\/fr.linkedin.com\/company\/hexis-s-a-\",\"https:\/\/www.youtube.com\/user\/HEXISSA\"]}]}<\/script>\n<!-- \/ Yoast SEO plugin. -->","yoast_head_json":{"title":"Les formations HEXIS - HEXIS Graphics","description":"D\u00e9couvrez le centre de formation HEXIS : covering, PPF, signal\u00e9tique et adh\u00e9sifs. Apprenez les techniques de pose avec les HEXPERTS HEXIS.","robots":{"index":"index","follow":"follow","max-snippet":"max-snippet:-1","max-image-preview":"max-image-preview:large","max-video-preview":"max-video-preview:-1"},"canonical":"https:\/\/www.hexis-graphics.com\/de\/professionals\/formations\/","og_locale":"de_DE","og_type":"article","og_title":"Les formations HEXIS - HEXIS Graphics","og_description":"D\u00e9couvrez le centre de formation HEXIS : covering, PPF, signal\u00e9tique et adh\u00e9sifs. Apprenez les techniques de pose avec les HEXPERTS HEXIS.","og_url":"https:\/\/www.hexis-graphics.com\/de\/professionals\/formations\/","og_site_name":"HEXIS Graphics","article_publisher":"https:\/\/www.facebook.com\/hexisgraphics","article_modified_time":"2025-10-27T15:21:07+00:00","og_image":[{"width":1170,"height":774,"url":"https:\/\/www.hexis-graphics.com\/hexisgraphics\/2015\/10\/services-formations.jpg","type":"image\/jpeg"}],"twitter_card":"summary_large_image","twitter_site":"@hexisgraphics","twitter_misc":{"Gesch\u00e4tzte Lesezeit":"2\u00a0Minuten"},"schema":{"@context":"https:\/\/schema.org","@graph":[{"@type":"WebPage","@id":"https:\/\/www.hexis-graphics.com\/de\/professionals\/formations\/","url":"https:\/\/www.hexis-graphics.com\/de\/professionals\/formations\/","name":"Les formations HEXIS - HEXIS Graphics","isPartOf":{"@id":"https:\/\/www.hexis-graphics.com\/de\/#website"},"primaryImageOfPage":{"@id":"https:\/\/www.hexis-graphics.com\/de\/professionals\/formations\/#primaryimage"},"image":{"@id":"https:\/\/www.hexis-graphics.com\/de\/professionals\/formations\/#primaryimage"},"thumbnailUrl":"https:\/\/www.hexis-graphics.com\/hexisgraphics\/2015\/10\/services-formations-374x248.jpg","datePublished":"2015-05-18T15:13:16+00:00","dateModified":"2025-10-27T15:21:07+00:00","description":"D\u00e9couvrez le centre de formation HEXIS : covering, PPF, signal\u00e9tique et adh\u00e9sifs. Apprenez les techniques de pose avec les HEXPERTS HEXIS.","breadcrumb":{"@id":"https:\/\/www.hexis-graphics.com\/de\/professionals\/formations\/#breadcrumb"},"inLanguage":"de","potentialAction":[{"@type":"ReadAction","target":["https:\/\/www.hexis-graphics.com\/de\/professionals\/formations\/"]}]},{"@type":"ImageObject","inLanguage":"de","@id":"https:\/\/www.hexis-graphics.com\/de\/professionals\/formations\/#primaryimage","url":"https:\/\/www.hexis-graphics.com\/hexisgraphics\/2015\/10\/services-formations-374x248.jpg","contentUrl":"https:\/\/www.hexis-graphics.com\/hexisgraphics\/2015\/10\/services-formations-374x248.jpg"},{"@type":"BreadcrumbList","@id":"https:\/\/www.hexis-graphics.com\/de\/professionals\/formations\/#breadcrumb","itemListElement":[{"@type":"ListItem","position":1,"name":"Accueil","item":"https:\/\/www.hexis-graphics.com\/de\/"},{"@type":"ListItem","position":2,"name":"PROFESSIONALS","item":"https:\/\/www.hexis-graphics.com\/de\/professionals\/"},{"@type":"ListItem","position":3,"name":"Les formations HEXIS"}]},{"@type":"WebSite","@id":"https:\/\/www.hexis-graphics.com\/de\/#website","url":"https:\/\/www.hexis-graphics.com\/de\/","name":"HEXIS Graphics","description":"Manufacturer of self-adhesive films","publisher":{"@id":"https:\/\/www.hexis-graphics.com\/de\/#organization"},"potentialAction":[{"@type":"SearchAction","target":{"@type":"EntryPoint","urlTemplate":"https:\/\/www.hexis-graphics.com\/de\/?s={search_term_string}"},"query-input":{"@type":"PropertyValueSpecification","valueRequired":true,"valueName":"search_term_string"}}],"inLanguage":"de"},{"@type":"Organization","@id":"https:\/\/www.hexis-graphics.com\/de\/#organization","name":"HEXIS Graphics","url":"https:\/\/www.hexis-graphics.com\/de\/","logo":{"@type":"ImageObject","inLanguage":"de","@id":"https:\/\/www.hexis-graphics.com\/de\/#\/schema\/logo\/image\/","url":"https:\/\/www.hexis-graphics.com\/hexisgraphics\/2016\/05\/logo_HEXIS.jpg","contentUrl":"https:\/\/www.hexis-graphics.com\/hexisgraphics\/2016\/05\/logo_HEXIS.jpg","width":250,"height":107,"caption":"HEXIS Graphics"},"image":{"@id":"https:\/\/www.hexis-graphics.com\/de\/#\/schema\/logo\/image\/"},"sameAs":["https:\/\/www.facebook.com\/hexisgraphics","https:\/\/x.com\/hexisgraphics","https:\/\/www.instagram.com\/hexisgraphics\/","https:\/\/fr.linkedin.com\/company\/hexis-s-a-","https:\/\/www.youtube.com\/user\/HEXISSA"]}]}},"_links":{"self":[{"href":"https:\/\/www.hexis-graphics.com\/de\/wp-json\/wp\/v2\/pages\/5965","targetHints":{"allow":["GET"]}}],"collection":[{"href":"https:\/\/www.hexis-graphics.com\/de\/wp-json\/wp\/v2\/pages"}],"about":[{"href":"https:\/\/www.hexis-graphics.com\/de\/wp-json\/wp\/v2\/types\/page"}],"author":[{"embeddable":true,"href":"https:\/\/www.hexis-graphics.com\/de\/wp-json\/wp\/v2\/users\/1"}],"replies":[{"embeddable":true,"href":"https:\/\/www.hexis-graphics.com\/de\/wp-json\/wp\/v2\/comments?post=5965"}],"version-history":[{"count":3,"href":"https:\/\/www.hexis-graphics.com\/de\/wp-json\/wp\/v2\/pages\/5965\/revisions"}],"predecessor-version":[{"id":56396,"href":"https:\/\/www.hexis-graphics.com\/de\/wp-json\/wp\/v2\/pages\/5965\/revisions\/56396"}],"up":[{"embeddable":true,"href":"https:\/\/www.hexis-graphics.com\/de\/wp-json\/wp\/v2\/pages\/676"}],"wp:attachment":[{"href":"https:\/\/www.hexis-graphics.com\/de\/wp-json\/wp\/v2\/media?parent=5965"}],"curies":[{"name":"wp","href":"https:\/\/api.w.org\/{rel}","templated":true}]}}