{"id":5940,"date":"2015-11-03T17:14:03","date_gmt":"2015-11-03T17:14:03","guid":{"rendered":"https:\/\/www.hexis-graphics.com\/de\/societe\/research-development\/"},"modified":"2019-07-17T09:16:28","modified_gmt":"2019-07-17T09:16:28","slug":"forschung-entwicklung","status":"publish","type":"page","link":"https:\/\/www.hexis-graphics.com\/de\/ueber-hexis\/forschung-entwicklung\/","title":{"rendered":"Forschung &#038; Entwicklung"},"content":{"rendered":"<section>\n<div class=\"section row\">\n<div class=\"container-full\">\n<div class=\"col four tablet-full mobile-full\">\n<h2 class=\"borderRed\">Das Unternehmen und seine Produkte<\/h2>\n<h3 class=\"silver  marginleft16\"><\/h3>\n<\/div>\n<div class=\"col eight tablet-full mobile-full silver margintop40\">\n<p>HEXIS S.A. ist einer der wichtigsten Hersteller von Klebefolien f\u00fcr die visuelle Kommunikation. 2014 feierte das Unternehmen 30 Jahre Innovation!<\/p>\n<p>Hexis ist auf hochwertige selbstklebende gegossene PVC-, PU- und Latexfolien spezialisiert und entwickelt mit immer neuen Innovationen Produkte f\u00fcr professionelle Anwendungen im Digitaldruck, f\u00fcr Schildermaler, Designer f\u00fcr Ausschilderungen und f\u00fcr Spezialfirmen im Textildruck.<\/p>\n<p>Bereits seit einigen Jahren handelt HEXIS mit einer umfassenden Produktreihe, die auch industriellen Projekten gerecht wird.<\/p>\n<\/div>\n<div class=\"clear\"><\/div>\n<\/div>\n<\/div>\n<\/section>\n<section>\n<div class=\"section bg-silver\">\n<div class=\"container-full\">\n<div class=\"col eight tablet-six mobile-full\">\n<iframe src=\"https:\/\/player.vimeo.com\/video\/162560142\" width=\"100%\" height=\"400px\" frameborder=\"0\" webkitallowfullscreen mozallowfullscreen allowfullscreen style=\"max-width:710px;\"><\/iframe>\n<\/div>\n<div class=\"col four tablet-six mobile-full margintop30\">\n<h4>Innovation und Wachstum<\/h4>\n<p class=\"silver\">Der wichtigste Motor f\u00fcr das Wachstum von HEXIS war die \u00fcber die Jahre   unabl\u00e4ssige Innovation auf dem Gebiet der Klebstoffe und der gegossenen   und kalandrierten Folien.\u00a0Mit dieser Motivation arbeiten wir st\u00e4ndig an   der Qualit\u00e4tsverbesserung unserer Produkte und an unseren   Betriebsabl\u00e4ufen. Nat\u00fcrlich entwickeln wir auch unsere Produktionsmittel   weiter, um unsere Kapazit\u00e4ten zu vergr\u00f6\u00dfern.<\/p>\n<p class=\"silver\"> Unsere Investition in unseren zweiten Produktionsstandort in Hagetmau in   S\u00fcdwestfrankreich zielt in dieselbe Richtung. Bis jetzt wurden 7,8 M\u20ac   investiert. In einer zweiten Tranche sollen ab 2015\/2016 noch einmal 7   M\u20ac eingesetzt werden.<\/p>\n<\/div>\n<div class=\"clear\"><\/div>\n<\/div>\n<\/div>\n<\/section>\n<section>\n<div class=\"section row\">\n<div class=\"container-full\">\n<div class=\"col four tablet-full mobile-full\">\n<h2 class=\"borderRed\">Die Labors<\/h2>\n<h3 class=\"silver\">HEXIS gibt 3 % seines Umsatzes in die Forschung und Entwicklung zur\u00fcck und besch\u00e4ftigt in seinen Labors 20 Mitarbeiter. <\/h3>\n<\/div>\n<div class=\"col four tablet-full mobile-full margintop40\">\n<p>Die Labors k\u00fcmmern sich um einen Teil der Qualit\u00e4tskontrolle der Rohstoffe, der Halbfertigprodukte in der Produktion sowie des Endprodukts am Ende der Produktionskette. Es werden eine Reihe von Werten ermittelt, die f\u00fcr die Leistung der Produkte und der Klebefolien entscheidend sind:<\/p>\n<\/div>\n<div class=\"col four tablet-full mobile-full margintop30\">\n<ul>\n<li>Die Dehnbarkeit und die Rei\u00dffestigkeit<\/li>\n<li>Die Farbechtheit<\/li>\n<li>Die Oberfl\u00e4chenrauigkeit<\/li>\n<li>Die Abziehkraft (Sch\u00e4ltest)<\/li>\n<li>Die Soforthaftung (Tack)<\/li>\n<li>Die abschlie\u00dfende Haftung nach der Verklebung<\/li>\n<li>Die langfristige Stabilit\u00e4t (unter Erw\u00e4rmung und mit UV-Einwirkung (QUV))<\/li>\n<\/ul>\n<\/div>\n<div class=\"clear\"><\/div>\n<\/div>\n<\/div>\n<\/section>\n<section>\n<div class=\"section row\">\n<div class=\"container-full\">\n<h2 class=\"borderRed\">Die wichtigsten Innovationen<\/h2>\n<\/div>\n<div class=\"container-full\">\n<div class=\"col six tablet-full mobile-full\">\n<p>Unser Forschungs- und Entwicklungslabor ist besonders aktiv bei der Entwicklung der gegossenen zuschneidbaren und bedruckbaren Folien sowie bei der Erarbeitung bedeutender Neuheiten. Diese Forschungsarbeiten haben hochinteressante Entwicklungen im Bereich der Klebstoffe mit sich gebracht.<\/p>\n<p>Mit \u201eHEX\u2019Press\u201c brachte HEXIS 2006 eine neue Klebstoff-Technologie auf den Weg, die die Verklebung selbstklebender Folien durch ein neues System der Luftblasenvermeidung erleichtert. Durch die Vermeidung von Falten und Luftblasen verk\u00fcrzt dieses Produkt die Verklebedauer erheblich und hinterl\u00e4sst zugleich einen exzellenten Eindruck auf der verklebten Fl\u00e4che.<br \/>\nEbenfalls im Jahr 2006 entwickelte das Labor die gegossene Folie \u201eCast\u201c. Mit diesem speziellen Verfahren lassen sich extrem verformbare und sehr d\u00fcnne PVC-Folien herstellen (30 bis 80 \u202f\u00b5m). Dies hat der Gruppe weltweit die Eroberung neuer Marktanteile im Bereich des \u201eTotal Covering\u201c erm\u00f6glicht, wo es um die Vollverklebung von Fahrzeugen mit einer bedruckten Folie geht.<\/p>\n<p>Seit \u00fcber 10 Jahren arbeitet HEXIS erfolgreich an einer Reihe selbstklebender Folien, die als Alternative zur Lackierung brauchbar sind. Und somit eine willkommene L\u00f6sung der Wartungsprobleme, mit denen es Hersteller oder Betreiber im \u00f6ffentlichen       Transportwesen zu tun haben. Diese L\u00f6sungen sparen viel Zeit bei der Durchf\u00fchrung und bieten \u00fcberdies Schutzmechanismen f\u00fcr die Oberfl\u00e4chen, zum Beispiel gegen Kratzer oder Graffiti. So wurden zum Beispiel die Z\u00fcge der Pariser und der Londoner Metro von Hexis \u201eeingekleidet\u201c, auch die Wagen zahlreicher TGV-Schnellz\u00fcge, von Regionalz\u00fcgen und Stra\u00dfenbahnen innerhalb und au\u00dferhalb Frankreichs, was ihnen ein einheitliches Aussehen und zugleich einen Schutz gegen Besch\u00e4digungen gibt.<\/p>\n<p>2008 kommt die antimikrobielle Folie PUREZONE auf den Markt, mit der der Verbreitung von Bakterien an \u00f6ffentlichen Orten wie zum Beispiel in Krankenh\u00e4usern entgegengewirkt werden kann\u2026<\/p>\n<p>Im Jahr 2010 startet HEXIS eine eigene Folienproduktreihe f\u00fcr die Gestaltung von Textilien: die Reihe Cutflex f\u00fcr den computergest\u00fctzten Zuschnitt und die Reihe Printflex der bedruckbaren Folien.<\/p>\n<\/div>\n<div class=\"col six tablet-full mobile-full silver\">\n<p>Tagt\u00e4glich arbeiten unsere Farbspezialisten an den F\u00e4rbungen, die unsere Kunden w\u00fcnschen, und an den Farben von Morgen.<\/p>\n<p> 2014 bestand ihre Arbeit vor allem darin, unsere Pigmentpasten so anzupassen, dass sie mit den Reach-Regeln \u00fcbereinstimmen.<\/p>\n<p>In den letzten Jahren setzte sich die Entwicklung umweltfreundlicher Produktreihen mit dem Start einer Foliengeneration fort, die auf der Basis w\u00e4ssriger Emulsionen produziert wird (Latex, PU, etc.). Diese PVC-freien Folien f\u00fcr die hochwertige visuelle Kommunikation entsprechen den strengsten Grunds\u00e4tzen der nachhaltigen Entwicklung. Dank der neuen wasserbasierten Produktionstechnologie wird der Gehalt an L\u00f6sungsmitteln, die bei der Herstellung verwendet werden, um 70 % reduziert. Diese Produkte enthalten weder Chlor, noch Phtalate, noch Schwermetalle und entsprechen somit den Vorschriften.<\/p>\n<p>2010 erh\u00e4lt HEXIS den regionalen Innovationspreis der \u201eTroph\u00e9es INPI\u201c. Die Troph\u00e9es INPI f\u00fcr Innovation zeichnen Unternehmen aus, die insbesondere ein gesundes wirtschaftliches Wachstum aufweisen und ihre Entwicklungsstrategie auf eigenes gesch\u00fctztes Know-how st\u00fctzen.<\/p>\n<p>Im Jahr 2014 erh\u00e4lt HEXIS anl\u00e4sslich der FESPA zwei EDP-Preise (European Digital Press) f\u00fcr die mehrschichtig gegossene Folie HX190WG2 f\u00fcr den Digitaldruck und f\u00fcr die HFLEX100P, eine Flex-Folie ohne PVC f\u00fcr die Gestaltung von Textilien.<\/p>\n<p>Dank dieser Diversifizierung und des hohen Mehrwerts der technischen Folien hat HEXIS die Herausforderungen der Globalisierung gemeistert und exportiert heute die H\u00e4lfte der Erzeugnisse \u00fcber seine 6 Niederlassungen und etwa 50 von der Exportabteilung betreute Vertriebspartner in die ganze Welt.<\/p>\n<\/div>\n<div class=\"clear\"><\/div>\n<\/div>\n<\/div>\n<\/section>\n","protected":false},"excerpt":{"rendered":"<p>Das Unternehmen und seine Produkte HEXIS S.A. ist einer der wichtigsten Hersteller von Klebefolien f\u00fcr die visuelle Kommunikation. 2014 feierte das Unternehmen 30 Jahre Innovation! Hexis ist auf hochwertige selbstklebende gegossene PVC-, PU- und Latexfolien spezialisiert und entwickelt mit immer neuen Innovationen Produkte f\u00fcr professionelle Anwendungen im Digitaldruck, f\u00fcr Schildermaler, Designer f\u00fcr Ausschilderungen und f\u00fcr [&hellip;]<\/p>\n","protected":false},"author":1,"featured_media":0,"parent":5427,"menu_order":20,"comment_status":"closed","ping_status":"closed","template":"page-hexis.php","meta":{"footnotes":""},"class_list":["post-5940","page","type-page","status-publish","hentry"],"yoast_head":"<!-- This site is optimized with the Yoast SEO plugin v26.9 - https:\/\/yoast.com\/product\/yoast-seo-wordpress\/ -->\n<title>Forschung &amp; Entwicklung - HEXIS Graphics<\/title>\n<meta name=\"robots\" content=\"index, follow, max-snippet:-1, max-image-preview:large, max-video-preview:-1\" \/>\n<link rel=\"canonical\" href=\"https:\/\/www.hexis-graphics.com\/de\/ueber-hexis\/forschung-entwicklung\/\" \/>\n<meta property=\"og:locale\" content=\"de_DE\" \/>\n<meta property=\"og:type\" content=\"article\" \/>\n<meta property=\"og:title\" content=\"Forschung &amp; Entwicklung - HEXIS Graphics\" \/>\n<meta property=\"og:description\" content=\"Das Unternehmen und seine Produkte HEXIS S.A. ist einer der wichtigsten Hersteller von Klebefolien f\u00fcr die visuelle Kommunikation. 2014 feierte das Unternehmen 30 Jahre Innovation! Hexis ist auf hochwertige selbstklebende gegossene PVC-, PU- und Latexfolien spezialisiert und entwickelt mit immer neuen Innovationen Produkte f\u00fcr professionelle Anwendungen im Digitaldruck, f\u00fcr Schildermaler, Designer f\u00fcr Ausschilderungen und f\u00fcr [&hellip;]\" \/>\n<meta property=\"og:url\" content=\"https:\/\/www.hexis-graphics.com\/de\/ueber-hexis\/forschung-entwicklung\/\" \/>\n<meta property=\"og:site_name\" content=\"HEXIS Graphics\" \/>\n<meta property=\"article:publisher\" content=\"https:\/\/www.facebook.com\/hexisgraphics\" \/>\n<meta property=\"article:modified_time\" content=\"2019-07-17T09:16:28+00:00\" \/>\n<meta property=\"og:image\" content=\"https:\/\/www.hexis-graphics.com\/hexisgraphics\/2016\/05\/logo_HEXIS.jpg\" \/>\n\t<meta property=\"og:image:width\" content=\"250\" \/>\n\t<meta property=\"og:image:height\" content=\"107\" \/>\n\t<meta property=\"og:image:type\" content=\"image\/jpeg\" \/>\n<meta name=\"twitter:card\" content=\"summary_large_image\" \/>\n<meta name=\"twitter:site\" content=\"@hexisgraphics\" \/>\n<meta name=\"twitter:label1\" content=\"Gesch\u00e4tzte Lesezeit\" \/>\n\t<meta name=\"twitter:data1\" content=\"4\u00a0Minuten\" \/>\n<script type=\"application\/ld+json\" class=\"yoast-schema-graph\">{\"@context\":\"https:\/\/schema.org\",\"@graph\":[{\"@type\":\"WebPage\",\"@id\":\"https:\/\/www.hexis-graphics.com\/de\/ueber-hexis\/forschung-entwicklung\/\",\"url\":\"https:\/\/www.hexis-graphics.com\/de\/ueber-hexis\/forschung-entwicklung\/\",\"name\":\"Forschung & Entwicklung - HEXIS Graphics\",\"isPartOf\":{\"@id\":\"https:\/\/www.hexis-graphics.com\/de\/#website\"},\"datePublished\":\"2015-11-03T17:14:03+00:00\",\"dateModified\":\"2019-07-17T09:16:28+00:00\",\"breadcrumb\":{\"@id\":\"https:\/\/www.hexis-graphics.com\/de\/ueber-hexis\/forschung-entwicklung\/#breadcrumb\"},\"inLanguage\":\"de\",\"potentialAction\":[{\"@type\":\"ReadAction\",\"target\":[\"https:\/\/www.hexis-graphics.com\/de\/ueber-hexis\/forschung-entwicklung\/\"]}]},{\"@type\":\"BreadcrumbList\",\"@id\":\"https:\/\/www.hexis-graphics.com\/de\/ueber-hexis\/forschung-entwicklung\/#breadcrumb\",\"itemListElement\":[{\"@type\":\"ListItem\",\"position\":1,\"name\":\"Accueil\",\"item\":\"https:\/\/www.hexis-graphics.com\/de\/\"},{\"@type\":\"ListItem\",\"position\":2,\"name\":\"HEXIS\",\"item\":\"https:\/\/www.hexis-graphics.com\/de\/ueber-hexis\/\"},{\"@type\":\"ListItem\",\"position\":3,\"name\":\"Forschung &#038; Entwicklung\"}]},{\"@type\":\"WebSite\",\"@id\":\"https:\/\/www.hexis-graphics.com\/de\/#website\",\"url\":\"https:\/\/www.hexis-graphics.com\/de\/\",\"name\":\"HEXIS Graphics\",\"description\":\"Manufacturer of self-adhesive films\",\"publisher\":{\"@id\":\"https:\/\/www.hexis-graphics.com\/de\/#organization\"},\"potentialAction\":[{\"@type\":\"SearchAction\",\"target\":{\"@type\":\"EntryPoint\",\"urlTemplate\":\"https:\/\/www.hexis-graphics.com\/de\/?s={search_term_string}\"},\"query-input\":{\"@type\":\"PropertyValueSpecification\",\"valueRequired\":true,\"valueName\":\"search_term_string\"}}],\"inLanguage\":\"de\"},{\"@type\":\"Organization\",\"@id\":\"https:\/\/www.hexis-graphics.com\/de\/#organization\",\"name\":\"HEXIS Graphics\",\"url\":\"https:\/\/www.hexis-graphics.com\/de\/\",\"logo\":{\"@type\":\"ImageObject\",\"inLanguage\":\"de\",\"@id\":\"https:\/\/www.hexis-graphics.com\/de\/#\/schema\/logo\/image\/\",\"url\":\"https:\/\/www.hexis-graphics.com\/hexisgraphics\/2016\/05\/logo_HEXIS.jpg\",\"contentUrl\":\"https:\/\/www.hexis-graphics.com\/hexisgraphics\/2016\/05\/logo_HEXIS.jpg\",\"width\":250,\"height\":107,\"caption\":\"HEXIS Graphics\"},\"image\":{\"@id\":\"https:\/\/www.hexis-graphics.com\/de\/#\/schema\/logo\/image\/\"},\"sameAs\":[\"https:\/\/www.facebook.com\/hexisgraphics\",\"https:\/\/x.com\/hexisgraphics\",\"https:\/\/www.instagram.com\/hexisgraphics\/\",\"https:\/\/fr.linkedin.com\/company\/hexis-s-a-\",\"https:\/\/www.youtube.com\/user\/HEXISSA\"]}]}<\/script>\n<!-- \/ Yoast SEO plugin. -->","yoast_head_json":{"title":"Forschung & Entwicklung - HEXIS Graphics","robots":{"index":"index","follow":"follow","max-snippet":"max-snippet:-1","max-image-preview":"max-image-preview:large","max-video-preview":"max-video-preview:-1"},"canonical":"https:\/\/www.hexis-graphics.com\/de\/ueber-hexis\/forschung-entwicklung\/","og_locale":"de_DE","og_type":"article","og_title":"Forschung & Entwicklung - HEXIS Graphics","og_description":"Das Unternehmen und seine Produkte HEXIS S.A. ist einer der wichtigsten Hersteller von Klebefolien f\u00fcr die visuelle Kommunikation. 2014 feierte das Unternehmen 30 Jahre Innovation! Hexis ist auf hochwertige selbstklebende gegossene PVC-, PU- und Latexfolien spezialisiert und entwickelt mit immer neuen Innovationen Produkte f\u00fcr professionelle Anwendungen im Digitaldruck, f\u00fcr Schildermaler, Designer f\u00fcr Ausschilderungen und f\u00fcr [&hellip;]","og_url":"https:\/\/www.hexis-graphics.com\/de\/ueber-hexis\/forschung-entwicklung\/","og_site_name":"HEXIS Graphics","article_publisher":"https:\/\/www.facebook.com\/hexisgraphics","article_modified_time":"2019-07-17T09:16:28+00:00","og_image":[{"width":250,"height":107,"url":"https:\/\/www.hexis-graphics.com\/hexisgraphics\/2016\/05\/logo_HEXIS.jpg","type":"image\/jpeg"}],"twitter_card":"summary_large_image","twitter_site":"@hexisgraphics","twitter_misc":{"Gesch\u00e4tzte Lesezeit":"4\u00a0Minuten"},"schema":{"@context":"https:\/\/schema.org","@graph":[{"@type":"WebPage","@id":"https:\/\/www.hexis-graphics.com\/de\/ueber-hexis\/forschung-entwicklung\/","url":"https:\/\/www.hexis-graphics.com\/de\/ueber-hexis\/forschung-entwicklung\/","name":"Forschung & Entwicklung - HEXIS Graphics","isPartOf":{"@id":"https:\/\/www.hexis-graphics.com\/de\/#website"},"datePublished":"2015-11-03T17:14:03+00:00","dateModified":"2019-07-17T09:16:28+00:00","breadcrumb":{"@id":"https:\/\/www.hexis-graphics.com\/de\/ueber-hexis\/forschung-entwicklung\/#breadcrumb"},"inLanguage":"de","potentialAction":[{"@type":"ReadAction","target":["https:\/\/www.hexis-graphics.com\/de\/ueber-hexis\/forschung-entwicklung\/"]}]},{"@type":"BreadcrumbList","@id":"https:\/\/www.hexis-graphics.com\/de\/ueber-hexis\/forschung-entwicklung\/#breadcrumb","itemListElement":[{"@type":"ListItem","position":1,"name":"Accueil","item":"https:\/\/www.hexis-graphics.com\/de\/"},{"@type":"ListItem","position":2,"name":"HEXIS","item":"https:\/\/www.hexis-graphics.com\/de\/ueber-hexis\/"},{"@type":"ListItem","position":3,"name":"Forschung &#038; Entwicklung"}]},{"@type":"WebSite","@id":"https:\/\/www.hexis-graphics.com\/de\/#website","url":"https:\/\/www.hexis-graphics.com\/de\/","name":"HEXIS Graphics","description":"Manufacturer of self-adhesive films","publisher":{"@id":"https:\/\/www.hexis-graphics.com\/de\/#organization"},"potentialAction":[{"@type":"SearchAction","target":{"@type":"EntryPoint","urlTemplate":"https:\/\/www.hexis-graphics.com\/de\/?s={search_term_string}"},"query-input":{"@type":"PropertyValueSpecification","valueRequired":true,"valueName":"search_term_string"}}],"inLanguage":"de"},{"@type":"Organization","@id":"https:\/\/www.hexis-graphics.com\/de\/#organization","name":"HEXIS Graphics","url":"https:\/\/www.hexis-graphics.com\/de\/","logo":{"@type":"ImageObject","inLanguage":"de","@id":"https:\/\/www.hexis-graphics.com\/de\/#\/schema\/logo\/image\/","url":"https:\/\/www.hexis-graphics.com\/hexisgraphics\/2016\/05\/logo_HEXIS.jpg","contentUrl":"https:\/\/www.hexis-graphics.com\/hexisgraphics\/2016\/05\/logo_HEXIS.jpg","width":250,"height":107,"caption":"HEXIS Graphics"},"image":{"@id":"https:\/\/www.hexis-graphics.com\/de\/#\/schema\/logo\/image\/"},"sameAs":["https:\/\/www.facebook.com\/hexisgraphics","https:\/\/x.com\/hexisgraphics","https:\/\/www.instagram.com\/hexisgraphics\/","https:\/\/fr.linkedin.com\/company\/hexis-s-a-","https:\/\/www.youtube.com\/user\/HEXISSA"]}]}},"_links":{"self":[{"href":"https:\/\/www.hexis-graphics.com\/de\/wp-json\/wp\/v2\/pages\/5940","targetHints":{"allow":["GET"]}}],"collection":[{"href":"https:\/\/www.hexis-graphics.com\/de\/wp-json\/wp\/v2\/pages"}],"about":[{"href":"https:\/\/www.hexis-graphics.com\/de\/wp-json\/wp\/v2\/types\/page"}],"author":[{"embeddable":true,"href":"https:\/\/www.hexis-graphics.com\/de\/wp-json\/wp\/v2\/users\/1"}],"replies":[{"embeddable":true,"href":"https:\/\/www.hexis-graphics.com\/de\/wp-json\/wp\/v2\/comments?post=5940"}],"version-history":[{"count":1,"href":"https:\/\/www.hexis-graphics.com\/de\/wp-json\/wp\/v2\/pages\/5940\/revisions"}],"predecessor-version":[{"id":27212,"href":"https:\/\/www.hexis-graphics.com\/de\/wp-json\/wp\/v2\/pages\/5940\/revisions\/27212"}],"up":[{"embeddable":true,"href":"https:\/\/www.hexis-graphics.com\/de\/wp-json\/wp\/v2\/pages\/5427"}],"wp:attachment":[{"href":"https:\/\/www.hexis-graphics.com\/de\/wp-json\/wp\/v2\/media?parent=5940"}],"curies":[{"name":"wp","href":"https:\/\/api.w.org\/{rel}","templated":true}]}}