{"id":5935,"date":"2015-11-03T17:13:35","date_gmt":"2015-11-03T17:13:35","guid":{"rendered":"https:\/\/www.hexis-graphics.com\/de\/societe\/quality-environment\/"},"modified":"2024-11-06T15:01:42","modified_gmt":"2024-11-06T15:01:42","slug":"qualitat-umwelt","status":"publish","type":"page","link":"https:\/\/www.hexis-graphics.com\/de\/ueber-hexis\/qualitat-umwelt\/","title":{"rendered":"Qualit\u00e4t &amp; Umwelt"},"content":{"rendered":"<p><!--vcv no format--><!-- vcwb\/dynamicElementComment:38ca6e96 --><\/p>\n<div class=\"vce-row-container\" data-vce-boxed-width=\"true\">\n<div class=\"vce-row vce-row--col-gap-30 vce-row-content--top\" id=\"el-38ca6e96\" data-vce-do-apply=\"all el-38ca6e96\">\n<div class=\"vce-row-content\" data-vce-element-content=\"true\"><!-- vcwb\/dynamicElementComment:6eb3ce15 --><\/p>\n<div class=\"vce-col vce-col--md-100p vce-col--xs-1 vce-col--xs-last vce-col--xs-first vce-col--sm-last vce-col--sm-first vce-col--md-last vce-col--lg-last vce-col--xl-last vce-col--md-first vce-col--lg-first vce-col--xl-first\" id=\"el-6eb3ce15\">\n<div class=\"vce-col-inner\" data-vce-do-apply=\"border margin background  el-6eb3ce15\">\n<div class=\"vce-col-content\" data-vce-element-content=\"true\" data-vce-do-apply=\"padding el-6eb3ce15\"><!-- vcwb\/dynamicElementComment:373dfa86 --><\/p>\n<div class=\"vce-text-block\">\n<div class=\"vce-text-block-wrapper vce\" id=\"el-373dfa86\" data-vce-do-apply=\"all el-373dfa86\">\n<section>\n<div class=\"section row\">\n<div class=\"container-full\">\n<div class=\"col four tablet-full mobile-full\">\n<h1 class=\"borderRed\">Nachhaltige Entwicklung<\/h1>\n<h3 class=\"silver marginleft16\">&nbsp;<\/h3>\n<\/div>\n<div class=\"col eight tablet-full mobile-full silver margintop40\">\n<div class=\"col nine tablet-full mobile-full silver nomargin nopadding\">\n<p>Nach Anst\u00f6\u00dfen durch den Unternehmenschef Michel Mateu hat HEXIS eine Reihe von Wertma\u00dfst\u00e4ben der nachhaltigen Entwicklung in die Arbeitsweisen der Gruppe eingef\u00fchrt, viele davon im Bereich des Sozialen.<\/p>\n<p>Parallel dazu hat HEXIS in den letzten Jahren erheblich in Aktionen Investiert, die die Umwelteinfl\u00fcsse der Aktivit\u00e4ten immer mehr verringern.<\/p>\n<p>Enhancing sustainable development has become a major issue for all economic players. Hexis is committed to good practices that balance the economic, social and environmental dimensions under each corporate goal.<\/p>\n<\/div>\n<div class=\"col three tablet-full mobile-full nomargin nopadding textright\"><img decoding=\"async\" src=\"..\/..\/hexisgraphics\/2015\/09\/iso9001.jpg\" alt=\"\"><br \/><img decoding=\"async\" class=\"margintop20\" src=\"..\/..\/hexisgraphics\/2015\/09\/hexis-madeinfrance.jpg\" alt=\"\"><\/div>\n<\/div>\n<\/div>\n<\/div>\n<\/section>\n<\/div>\n<\/div>\n<p><!-- \/vcwb\/dynamicElementComment:373dfa86 --><\/div>\n<\/div>\n<\/div>\n<p><!-- \/vcwb\/dynamicElementComment:6eb3ce15 --><!-- vcwb\/dynamicElementComment:79bb8d64 --><\/p>\n<div class=\"vce-col vce-col--md-100p vce-col--xs-1 vce-col--xs-last vce-col--xs-first vce-col--sm-last vce-col--sm-first vce-col--md-last vce-col--lg-last vce-col--xl-last vce-col--md-first vce-col--lg-first vce-col--xl-first\" id=\"el-79bb8d64\">\n<div class=\"vce-col-inner\" data-vce-do-apply=\"border margin background  el-79bb8d64\">\n<div class=\"vce-col-content\" data-vce-element-content=\"true\" data-vce-do-apply=\"padding el-79bb8d64\"><!-- vcwb\/dynamicElementComment:1cb0d1e0 --><\/p>\n<div class=\"vce-raw-html\">\n<div class=\"vce-raw-html-wrapper\" id=\"el-1cb0d1e0\" data-vce-do-apply=\"all el-1cb0d1e0\"><center><a href=\"|!|vcvUploadUrl|!|\/2024\/08\/HEXIS-MANUEL-RSE-2024.pdf\" target=\"_blank\" rel=\"noopener noreferrer\"><button style=\"border-radius: 20px; background-color: #c60c30; color: white; padding: 10px 20px; width: auto; display: inline-block; margin: 0 10px;\" type=\"button\" ,=\"\" align=\"center\">CSR Report 2024<\/button><\/a><\/center><\/div>\n<\/div>\n<p><!-- \/vcwb\/dynamicElementComment:1cb0d1e0 --><!-- vcwb\/dynamicElementComment:24b444fe --><\/p>\n<div class=\"vce-text-block\">\n<div class=\"vce-text-block-wrapper vce\" id=\"el-24b444fe\" data-vce-do-apply=\"all el-24b444fe\">\n<section>\n<div class=\"section row\">\n<div class=\"container-full\">\n<div class=\"col eight tablet-full mobile-full silver margintop40\">\n<div class=\"col three tablet-full mobile-full nomargin nopadding textright\">&nbsp;<\/div>\n<\/div>\n<\/div>\n<\/div>\n<\/section>\n<section>\n<div class=\"section bg-silver\">\n<div class=\"container-full\">\n<div class=\"col four tablet-six mobile-full margintop30\"><img decoding=\"async\" src=\"..\/..\/hexisgraphics\/2015\/05\/batiment_hexis.jpg\" alt=\"\"><\/div>\n<div class=\"col eight tablet-six mobile-full margintop20\">\n<h2 style=\"margin: 0 0 15px 0;\">Der wirtschaftliche Aspekt<\/h2>\n<h4>Fortbestand des Unternehmens<\/h4>\n<ul style=\"padding: 0 0 0 16px;\">\n<li>Eine Strategie des Wachstums: Beherrschter Personalstand und Umsatz<\/li>\n<li>Zertifizierung ISO 9001: Kundenzufriedenheit und Qualit\u00e4t der Produkte und Dienstleistungen<\/li>\n<li>Permanente Verbesserungen und Innovation: hohe Investitionen in F &amp; E und Produktionsmittel<\/li>\n<\/ul>\n<h4>Der soziale Aspekt<\/h4>\n<ul style=\"padding: 0 0 0 16px;\">\n<li>Diskriminierungsfreie Einstellungen, Einstellung von Menschen in schwierigen Situationen<\/li>\n<li>Zusammenarbeit mit Behindertenwerkst\u00e4tten, M\u00e4zenatentum, Behindertensport und humanit\u00e4re Aktionen<\/li>\n<li>Eine Strategie der lokalen Besch\u00e4ftigung ohne Delokalisierungen ins Ausland<\/li>\n<li>Fortbildung, Information und Erfolgsbeteiligung der Besch\u00e4ftigten<\/li>\n<\/ul>\n<\/div>\n<div class=\"clear\">&nbsp;<\/div>\n<\/div>\n<\/div>\n<\/section>\n<section>\n<div class=\"section\">\n<div class=\"container-full\">\n<h2 class=\"borderRed\">Der Aspekt Umweltschutz<\/h2>\n<div class=\"col nomargin three tablet-full mobile-full\">\n<h4>\u00dcbereinstimmung mit den ICPE-Regeln (Einstufung der Produktionsanlagen nach Umweltschutzkriterien).<\/h4>\n<p class=\"silver\">Im Rahmen der Richtlinie SEVESO 3 hat das das Unternehmen HEXIS S.A seine Konformit\u00e4t verwirklicht und die Rubriken 4xxx integriert.<\/p>\n<p class=\"silver\">Diese Richtlinie hat das Ziel, gef\u00e4hrlichen industriellen Risiken vorzubeugen und solchen durch die Umsetzung pr\u00e4ventiver Ma\u00dfnahmen bereits im Vorfeld zu beherrschen.<\/p>\n<\/div>\n<div class=\"col three tablet-full mobile-full\">\n<h4>Verminderung atmosph\u00e4rischer Emissionen und W\u00e4rmegewinnung in Zusammenarbeit mit der Umweltagentur ADEME.<\/h4>\n<p class=\"silver\">F\u00fcr diesen Zweck hat HEXIS \u00fcber 650 000\u202f\u20ac in Ausr\u00fcstungen investiert, die die Verarbeitung von Produktionsabgasen erm\u00f6glichen und eine Verbrennungsanlage f\u00fcr fl\u00fcchtige organische Komponenten installiert. Diese Installation eliminiert beinahe vollst\u00e4ndig alle L\u00f6sungsmittel, die in den Produktionsverfahren eingesetzt werden und st\u00f6\u00dft am Ende nur Wasser und kleine Mengen fl\u00fcchtiger organischer Stoffe aus.<\/p>\n<p class=\"silver\">Parallel dazu kontrolliert HEXIS gem\u00e4\u00df den geltenden Vorschriften regelm\u00e4\u00dfig alle atmosph\u00e4rischen Emissionen.<\/p>\n<\/div>\n<div class=\"col three tablet-full mobile-full\">\n<h4>Umweltgerechte Gestaltung der Produkte und Sensibilisierung der Rohstoffzulieferer.<\/h4>\n<p class=\"silver\">So sind zum Beispiel die Liner umweltgerechte Produkte, die die den Normen EN13430 (Recycling durch Materialumwandlung), EN13431 (Recycling durch Energieerzeugung), EN13428 (Abwesenheit giftiger Substanzen), EN13695 (Abwesenheit von Schwermetallen) entsprechen.<\/p>\n<\/div>\n<div class=\"col three tablet-full mobile-full\">\n<h4>Wiederverwertung und Recycling von Abf\u00e4llen, Recycling der Plastiksockel, die mit den Rollen geliefert werden.<\/h4>\n<p class=\"silver\">Besondere Aufmerksamkeit widmet HEXIS allen gef\u00e4hrlichen Abf\u00e4llen, die t\u00e4glich in den verschiedenen Produktionsprozessen anfallen. Die Nachverfolgung und die statistische Analyse sowie die Vermeidung dieser Abf\u00e4lle hat in jedem Augenblick Vorrang.<\/p>\n<p class=\"silver\">Die Summe der gesammelten Daten ist die Grundlage der allj\u00e4hrlichen Erkl\u00e4rung der Emission und Weitergabe von Schadstoffen und Abf\u00e4llen (GEREP).<\/p>\n<\/div>\n<\/div>\n<\/div>\n<\/section>\n<\/div>\n<\/div>\n<p><!-- \/vcwb\/dynamicElementComment:24b444fe --><\/div>\n<\/div>\n<\/div>\n<p><!-- \/vcwb\/dynamicElementComment:79bb8d64 --><\/div>\n<\/div>\n<\/div>\n<p><!-- \/vcwb\/dynamicElementComment:38ca6e96 --><!--vcv no format--><\/p>\n","protected":false},"excerpt":{"rendered":"<p>Nachhaltige Entwicklung &nbsp; Nach Anst\u00f6\u00dfen durch den Unternehmenschef Michel Mateu hat HEXIS eine Reihe von Wertma\u00dfst\u00e4ben der nachhaltigen Entwicklung in die Arbeitsweisen der Gruppe eingef\u00fchrt, viele davon im Bereich des Sozialen. Parallel dazu hat HEXIS in den letzten Jahren erheblich in Aktionen Investiert, die die Umwelteinfl\u00fcsse der Aktivit\u00e4ten immer mehr verringern. Enhancing sustainable development has [&hellip;]<\/p>\n","protected":false},"author":1,"featured_media":0,"parent":5427,"menu_order":10,"comment_status":"closed","ping_status":"closed","template":"page-hexis.php","meta":{"footnotes":""},"class_list":["post-5935","page","type-page","status-publish","hentry"],"yoast_head":"<!-- This site is optimized with the Yoast SEO plugin v26.9 - https:\/\/yoast.com\/product\/yoast-seo-wordpress\/ -->\n<title>Qualit\u00e4t &amp; Umwelt - HEXIS Graphics<\/title>\n<meta name=\"robots\" content=\"index, follow, max-snippet:-1, max-image-preview:large, max-video-preview:-1\" \/>\n<link rel=\"canonical\" href=\"https:\/\/www.hexis-graphics.com\/de\/ueber-hexis\/qualitat-umwelt\/\" \/>\n<meta property=\"og:locale\" content=\"de_DE\" \/>\n<meta property=\"og:type\" content=\"article\" \/>\n<meta property=\"og:title\" content=\"Qualit\u00e4t &amp; Umwelt - HEXIS Graphics\" \/>\n<meta property=\"og:description\" content=\"Nachhaltige Entwicklung &nbsp; Nach Anst\u00f6\u00dfen durch den Unternehmenschef Michel Mateu hat HEXIS eine Reihe von Wertma\u00dfst\u00e4ben der nachhaltigen Entwicklung in die Arbeitsweisen der Gruppe eingef\u00fchrt, viele davon im Bereich des Sozialen. Parallel dazu hat HEXIS in den letzten Jahren erheblich in Aktionen Investiert, die die Umwelteinfl\u00fcsse der Aktivit\u00e4ten immer mehr verringern. Enhancing sustainable development has [&hellip;]\" \/>\n<meta property=\"og:url\" content=\"https:\/\/www.hexis-graphics.com\/de\/ueber-hexis\/qualitat-umwelt\/\" \/>\n<meta property=\"og:site_name\" content=\"HEXIS Graphics\" \/>\n<meta property=\"article:publisher\" content=\"https:\/\/www.facebook.com\/hexisgraphics\" \/>\n<meta property=\"article:modified_time\" content=\"2024-11-06T15:01:42+00:00\" \/>\n<meta property=\"og:image\" content=\"https:\/\/www.hexis-graphics.com\/hexisgraphics\/2016\/05\/logo_HEXIS.jpg\" \/>\n\t<meta property=\"og:image:width\" content=\"250\" \/>\n\t<meta property=\"og:image:height\" content=\"107\" \/>\n\t<meta property=\"og:image:type\" content=\"image\/jpeg\" \/>\n<meta name=\"twitter:card\" content=\"summary_large_image\" \/>\n<meta name=\"twitter:site\" content=\"@hexisgraphics\" \/>\n<meta name=\"twitter:label1\" content=\"Gesch\u00e4tzte Lesezeit\" \/>\n\t<meta name=\"twitter:data1\" content=\"2\u00a0Minuten\" \/>\n<script type=\"application\/ld+json\" class=\"yoast-schema-graph\">{\"@context\":\"https:\/\/schema.org\",\"@graph\":[{\"@type\":\"WebPage\",\"@id\":\"https:\/\/www.hexis-graphics.com\/de\/ueber-hexis\/qualitat-umwelt\/\",\"url\":\"https:\/\/www.hexis-graphics.com\/de\/ueber-hexis\/qualitat-umwelt\/\",\"name\":\"Qualit\u00e4t &amp; Umwelt - HEXIS Graphics\",\"isPartOf\":{\"@id\":\"https:\/\/www.hexis-graphics.com\/de\/#website\"},\"datePublished\":\"2015-11-03T17:13:35+00:00\",\"dateModified\":\"2024-11-06T15:01:42+00:00\",\"breadcrumb\":{\"@id\":\"https:\/\/www.hexis-graphics.com\/de\/ueber-hexis\/qualitat-umwelt\/#breadcrumb\"},\"inLanguage\":\"de\",\"potentialAction\":[{\"@type\":\"ReadAction\",\"target\":[\"https:\/\/www.hexis-graphics.com\/de\/ueber-hexis\/qualitat-umwelt\/\"]}]},{\"@type\":\"BreadcrumbList\",\"@id\":\"https:\/\/www.hexis-graphics.com\/de\/ueber-hexis\/qualitat-umwelt\/#breadcrumb\",\"itemListElement\":[{\"@type\":\"ListItem\",\"position\":1,\"name\":\"Accueil\",\"item\":\"https:\/\/www.hexis-graphics.com\/de\/\"},{\"@type\":\"ListItem\",\"position\":2,\"name\":\"HEXIS\",\"item\":\"https:\/\/www.hexis-graphics.com\/de\/ueber-hexis\/\"},{\"@type\":\"ListItem\",\"position\":3,\"name\":\"Qualit\u00e4t &amp; Umwelt\"}]},{\"@type\":\"WebSite\",\"@id\":\"https:\/\/www.hexis-graphics.com\/de\/#website\",\"url\":\"https:\/\/www.hexis-graphics.com\/de\/\",\"name\":\"HEXIS Graphics\",\"description\":\"Manufacturer of self-adhesive films\",\"publisher\":{\"@id\":\"https:\/\/www.hexis-graphics.com\/de\/#organization\"},\"potentialAction\":[{\"@type\":\"SearchAction\",\"target\":{\"@type\":\"EntryPoint\",\"urlTemplate\":\"https:\/\/www.hexis-graphics.com\/de\/?s={search_term_string}\"},\"query-input\":{\"@type\":\"PropertyValueSpecification\",\"valueRequired\":true,\"valueName\":\"search_term_string\"}}],\"inLanguage\":\"de\"},{\"@type\":\"Organization\",\"@id\":\"https:\/\/www.hexis-graphics.com\/de\/#organization\",\"name\":\"HEXIS Graphics\",\"url\":\"https:\/\/www.hexis-graphics.com\/de\/\",\"logo\":{\"@type\":\"ImageObject\",\"inLanguage\":\"de\",\"@id\":\"https:\/\/www.hexis-graphics.com\/de\/#\/schema\/logo\/image\/\",\"url\":\"https:\/\/www.hexis-graphics.com\/hexisgraphics\/2016\/05\/logo_HEXIS.jpg\",\"contentUrl\":\"https:\/\/www.hexis-graphics.com\/hexisgraphics\/2016\/05\/logo_HEXIS.jpg\",\"width\":250,\"height\":107,\"caption\":\"HEXIS Graphics\"},\"image\":{\"@id\":\"https:\/\/www.hexis-graphics.com\/de\/#\/schema\/logo\/image\/\"},\"sameAs\":[\"https:\/\/www.facebook.com\/hexisgraphics\",\"https:\/\/x.com\/hexisgraphics\",\"https:\/\/www.instagram.com\/hexisgraphics\/\",\"https:\/\/fr.linkedin.com\/company\/hexis-s-a-\",\"https:\/\/www.youtube.com\/user\/HEXISSA\"]}]}<\/script>\n<!-- \/ Yoast SEO plugin. -->","yoast_head_json":{"title":"Qualit\u00e4t &amp; Umwelt - HEXIS Graphics","robots":{"index":"index","follow":"follow","max-snippet":"max-snippet:-1","max-image-preview":"max-image-preview:large","max-video-preview":"max-video-preview:-1"},"canonical":"https:\/\/www.hexis-graphics.com\/de\/ueber-hexis\/qualitat-umwelt\/","og_locale":"de_DE","og_type":"article","og_title":"Qualit\u00e4t &amp; Umwelt - HEXIS Graphics","og_description":"Nachhaltige Entwicklung &nbsp; Nach Anst\u00f6\u00dfen durch den Unternehmenschef Michel Mateu hat HEXIS eine Reihe von Wertma\u00dfst\u00e4ben der nachhaltigen Entwicklung in die Arbeitsweisen der Gruppe eingef\u00fchrt, viele davon im Bereich des Sozialen. Parallel dazu hat HEXIS in den letzten Jahren erheblich in Aktionen Investiert, die die Umwelteinfl\u00fcsse der Aktivit\u00e4ten immer mehr verringern. Enhancing sustainable development has [&hellip;]","og_url":"https:\/\/www.hexis-graphics.com\/de\/ueber-hexis\/qualitat-umwelt\/","og_site_name":"HEXIS Graphics","article_publisher":"https:\/\/www.facebook.com\/hexisgraphics","article_modified_time":"2024-11-06T15:01:42+00:00","og_image":[{"width":250,"height":107,"url":"https:\/\/www.hexis-graphics.com\/hexisgraphics\/2016\/05\/logo_HEXIS.jpg","type":"image\/jpeg"}],"twitter_card":"summary_large_image","twitter_site":"@hexisgraphics","twitter_misc":{"Gesch\u00e4tzte Lesezeit":"2\u00a0Minuten"},"schema":{"@context":"https:\/\/schema.org","@graph":[{"@type":"WebPage","@id":"https:\/\/www.hexis-graphics.com\/de\/ueber-hexis\/qualitat-umwelt\/","url":"https:\/\/www.hexis-graphics.com\/de\/ueber-hexis\/qualitat-umwelt\/","name":"Qualit\u00e4t &amp; Umwelt - HEXIS Graphics","isPartOf":{"@id":"https:\/\/www.hexis-graphics.com\/de\/#website"},"datePublished":"2015-11-03T17:13:35+00:00","dateModified":"2024-11-06T15:01:42+00:00","breadcrumb":{"@id":"https:\/\/www.hexis-graphics.com\/de\/ueber-hexis\/qualitat-umwelt\/#breadcrumb"},"inLanguage":"de","potentialAction":[{"@type":"ReadAction","target":["https:\/\/www.hexis-graphics.com\/de\/ueber-hexis\/qualitat-umwelt\/"]}]},{"@type":"BreadcrumbList","@id":"https:\/\/www.hexis-graphics.com\/de\/ueber-hexis\/qualitat-umwelt\/#breadcrumb","itemListElement":[{"@type":"ListItem","position":1,"name":"Accueil","item":"https:\/\/www.hexis-graphics.com\/de\/"},{"@type":"ListItem","position":2,"name":"HEXIS","item":"https:\/\/www.hexis-graphics.com\/de\/ueber-hexis\/"},{"@type":"ListItem","position":3,"name":"Qualit\u00e4t &amp; Umwelt"}]},{"@type":"WebSite","@id":"https:\/\/www.hexis-graphics.com\/de\/#website","url":"https:\/\/www.hexis-graphics.com\/de\/","name":"HEXIS Graphics","description":"Manufacturer of self-adhesive films","publisher":{"@id":"https:\/\/www.hexis-graphics.com\/de\/#organization"},"potentialAction":[{"@type":"SearchAction","target":{"@type":"EntryPoint","urlTemplate":"https:\/\/www.hexis-graphics.com\/de\/?s={search_term_string}"},"query-input":{"@type":"PropertyValueSpecification","valueRequired":true,"valueName":"search_term_string"}}],"inLanguage":"de"},{"@type":"Organization","@id":"https:\/\/www.hexis-graphics.com\/de\/#organization","name":"HEXIS Graphics","url":"https:\/\/www.hexis-graphics.com\/de\/","logo":{"@type":"ImageObject","inLanguage":"de","@id":"https:\/\/www.hexis-graphics.com\/de\/#\/schema\/logo\/image\/","url":"https:\/\/www.hexis-graphics.com\/hexisgraphics\/2016\/05\/logo_HEXIS.jpg","contentUrl":"https:\/\/www.hexis-graphics.com\/hexisgraphics\/2016\/05\/logo_HEXIS.jpg","width":250,"height":107,"caption":"HEXIS Graphics"},"image":{"@id":"https:\/\/www.hexis-graphics.com\/de\/#\/schema\/logo\/image\/"},"sameAs":["https:\/\/www.facebook.com\/hexisgraphics","https:\/\/x.com\/hexisgraphics","https:\/\/www.instagram.com\/hexisgraphics\/","https:\/\/fr.linkedin.com\/company\/hexis-s-a-","https:\/\/www.youtube.com\/user\/HEXISSA"]}]}},"_links":{"self":[{"href":"https:\/\/www.hexis-graphics.com\/de\/wp-json\/wp\/v2\/pages\/5935","targetHints":{"allow":["GET"]}}],"collection":[{"href":"https:\/\/www.hexis-graphics.com\/de\/wp-json\/wp\/v2\/pages"}],"about":[{"href":"https:\/\/www.hexis-graphics.com\/de\/wp-json\/wp\/v2\/types\/page"}],"author":[{"embeddable":true,"href":"https:\/\/www.hexis-graphics.com\/de\/wp-json\/wp\/v2\/users\/1"}],"replies":[{"embeddable":true,"href":"https:\/\/www.hexis-graphics.com\/de\/wp-json\/wp\/v2\/comments?post=5935"}],"version-history":[{"count":3,"href":"https:\/\/www.hexis-graphics.com\/de\/wp-json\/wp\/v2\/pages\/5935\/revisions"}],"predecessor-version":[{"id":50819,"href":"https:\/\/www.hexis-graphics.com\/de\/wp-json\/wp\/v2\/pages\/5935\/revisions\/50819"}],"up":[{"embeddable":true,"href":"https:\/\/www.hexis-graphics.com\/de\/wp-json\/wp\/v2\/pages\/5427"}],"wp:attachment":[{"href":"https:\/\/www.hexis-graphics.com\/de\/wp-json\/wp\/v2\/media?parent=5935"}],"curies":[{"name":"wp","href":"https:\/\/api.w.org\/{rel}","templated":true}]}}