{"id":5427,"date":"2015-09-25T17:39:42","date_gmt":"2015-09-25T17:39:42","guid":{"rendered":"https:\/\/www.hexis-graphics.com\/de\/societe\/"},"modified":"2026-03-19T10:28:41","modified_gmt":"2026-03-19T10:28:41","slug":"ueber-hexis","status":"publish","type":"page","link":"https:\/\/www.hexis-graphics.com\/de\/ueber-hexis\/","title":{"rendered":"HEXIS"},"content":{"rendered":"\t\t<div data-elementor-type=\"wp-page\" data-elementor-id=\"5427\" class=\"elementor elementor-5427 elementor-4943\" data-elementor-post-type=\"page\">\n\t\t\t\t<div class=\"elementor-element elementor-element-2c9310fb e-flex e-con-boxed e-con e-parent\" data-id=\"2c9310fb\" data-element_type=\"container\">\n\t\t\t\t\t<div class=\"e-con-inner\">\n\t\t\t\t<div class=\"elementor-element elementor-element-113df269 elementor-widget elementor-widget-text-editor\" data-id=\"113df269\" data-element_type=\"widget\" data-widget_type=\"text-editor.default\">\n\t\t\t\t<div class=\"elementor-widget-container\">\n\t\t\t\t\t\t\t\t\t<div class=\"vce-row-container\" data-vce-boxed-width=\"true\"><div id=\"el-32c277bd\" class=\"vce-row vce-row--col-gap-30 vce-row-equal-height vce-row-content--top\" data-vce-do-apply=\"all el-32c277bd\"><div class=\"vce-row-content\" data-vce-element-content=\"true\"><div id=\"el-ec84c75d\" class=\"vce-col vce-col--md-auto vce-col--xs-1 vce-col--xs-last vce-col--xs-first vce-col--sm-last vce-col--sm-first vce-col--md-last vce-col--lg-last vce-col--xl-last vce-col--md-first vce-col--lg-first vce-col--xl-first\"><div class=\"vce-col-inner\" data-vce-do-apply=\"border margin background el-ec84c75d\"><div class=\"vce-col-content\" data-vce-element-content=\"true\" data-vce-do-apply=\"padding el-ec84c75d\"><div class=\"vce-text-block\"><div id=\"el-22c66114\" class=\"vce-text-block-wrapper vce\" data-vce-do-apply=\"all el-22c66114\"><section><div id=\"hexisgroup\" class=\"section row\"><div class=\"container-full\"><div class=\"col four tablet-full mobile-full\"><h1 class=\"borderRed\">\u00dcber HEXIS &#8230;<\/h1><h3 class=\"silver marginleft16\">Die HEXIS SAS ist einer der wichtigsten Hersteller von Klebefolien f\u00fcr die visuelle Kommunikation, den Schutz und die pers\u00f6nliche Gestaltung von Oberfl\u00e4chen.<\/h3><div class=\"button-grey button-background-mini margintop20 marginleft16\"><a title=\"\" href=\"https:\/\/www.hexis-graphics.com\/hexisgraphics\/2024\/09\/PressKit_2024_EN.zip\"><i class=\"icon-hexis hexis icon-pdf white\"><\/i> PRESSEMAPPE<\/a><\/div><\/div><div class=\"col eight tablet-full mobile-full silver margintop80\"><p>Seit der Gr\u00fcndung im Jahr 1989 verteidigt HEXIS im internationalen Wettbewerb erfolgreich die Position des franz\u00f6sischen Marktf\u00fchrers im Bereich Beschriftungs- und Digitaldruckfolien.<\/p><p>HEXIS verf\u00fcgt \u00fcber 2 Produktionsstandorte: einen am Hauptsitz in Frontignan bei Montpellier und einen weiteren in Hagetmau, in S\u00fcdwestfrankreich. Seit vermehrt Wert auf lokale Produktion und das &#8222;Made in France&#8220; gelegt wird, erinnert HEXIS an das eigene Engagement f\u00fcr franz\u00f6sisches Know-how in der Produktion, f\u00fcr Arbeitspl\u00e4tze in der eigenen Region und f\u00fcr eine aktive Teilnahme am Umweltschutz. Die Gruppe besch\u00e4ftigt weltweit 464 Personen, 350 davon in Frankreich.<\/p><div class=\"col nine tablet-full mobile-full silver nomargin nopadding\"><h4 class=\"black\">Das Know-how von HEXIS<\/h4><p>Das Unternehmen ist auf hochwertige gegossene PVC-, PU- und Latexfolien spezialisiert und entwickelt mit immer neuen Innovationen Produkte f\u00fcr professionelle Anwendungen im Digitaldruck, f\u00fcr Schildermaler, Designer f\u00fcr Ausschilderungen und f\u00fcr Spezialfirmen im Textildruck.<\/p><p>Ihre Anwendungsgebiete sind Anzeigen und Werbung in Stadtbereichen, die Dekoration von R\u00e4umen und Objekten, Ausschilderungen, Leuchtk\u00e4sten, die Markierung von Fahrzeugen (Autos, Schienenfahrzeuge, Stra\u00dfenbahnen, Schiffe, Flugzeuge\u2026), von Gegenst\u00e4nden und Textilien, die Laminierung usw.<\/p><p>Der Markt der Klebefolien erlebt zurzeit eine starke Diversifizierung. Die Anpassung an spezifische Anwendungen und die Fertigung nach Ma\u00df spielt bei unseren hochtechnischen Folien eine immer gr\u00f6\u00dfere Rolle. Neue M\u00e4rkte entstehen mit der Verwendung von Klebefolien im Bereich Design, Dekoration sowie Innen- und Au\u00dfenarchitektur.<\/p><p>Bereits seit einigen Jahren handelt HEXIS mit einer umfassenden Produktreihe, die auch industriellen Projekten gerecht wird.<br \/>Auch Klebefolien als Ersatz f\u00fcr Lackierungen oder Oberfl\u00e4chenschutz f\u00fcr die Wagen von Hochgeschwindigkeitsz\u00fcgen, Regionalz\u00fcgen und Stra\u00dfenbahnen innerhalb und au\u00dferhalb Frankreichs geh\u00f6ren seit langem zu unserem Angebot. Auch die Metro-Wagen in Paris und London wurden von HEXIS &#8222;eingekleidet&#8220;, was ihnen ein einheitliches Aussehen und zugleich einen Schutz gegen Besch\u00e4digungen verleiht.<\/p><\/div><div class=\"col three tablet-full mobile-full nomargin nopadding textright\"><img decoding=\"async\" class=\"margintop40\" src=\"|!|vcvUploadUrl|!|\/2022\/09\/Certifications-ISO-HEXIS.png\" alt=\"\" \/><br \/><img decoding=\"async\" class=\"margintop20\" src=\"|!|vcvUploadUrl|!|\/2015\/09\/hexis-madeinfrance.jpg\" alt=\"\" \/><\/div><\/div><\/div><div class=\"clear\">\u00a0<\/div><\/div><\/section><section><div id=\"hexishistory\" class=\"section row\" style=\"display: none;\"><div class=\"container-full\"><div class=\"col four tablet-four mobile-full\"><h2 class=\"borderWhite\">Evolution<\/h2><\/div><div class=\"clear\">\u00a0<\/div><\/div><\/div><\/section><section><div id=\"hexisproducts\" class=\"section bg-black\"><div class=\"container-full textcenter\" style=\"height: 170px; padding-top: 25px; padding-bottom: 20px;\"><div class=\"fusion-column-wrapper\"><div class=\"ffusion-slider-sc flexslider flexslider-hover-type-none\"><ul class=\"slides\"><li class=\"flex-active-slide\" style=\"position: relative; opacity: 1; display: block; max-width: 100%; height: 170px; z-index: 2;\"><h3 class=\"silver margintop20\">Die Unternehmensaktivit\u00e4ten sind in f\u00fcnf gro\u00dfe Produktfamilien eingeteilt.<\/h3><h3 class=\"proregular white margintop10\"><span class=\"hover-type-none\">Durchgef\u00e4rbte Folien f\u00fcr den computergest\u00fctzten Zuschnitt.<\/span><\/h3><\/li><li style=\"position: relative; opacity: 0; display: block; max-width: 100%; height: 170px; z-index: 1;\"><h3 class=\"silver margintop20\">Die Unternehmensaktivit\u00e4ten sind in f\u00fcnf gro\u00dfe Produktfamilien eingeteilt.<\/h3><h3 class=\"proregular white margintop10\"><span class=\"hover-type-none\">Medien f\u00fcr gro\u00dfformatige Digitaldrucke.<\/span><\/h3><\/li><li style=\"position: relative; opacity: 0; display: block; max-width: 100%; height: 170px; z-index: 1;\"><h3 class=\"silver margintop20\">Die Unternehmensaktivit\u00e4ten sind in f\u00fcnf gro\u00dfe Produktfamilien eingeteilt.<\/h3><h3 class=\"proregular white margintop10\"><span class=\"hover-type-none\">Folien f\u00fcr Vollverklebungen<\/span><\/h3><\/li><li style=\"position: relative; opacity: 0; display: block; max-width: 100%; height: 170px; z-index: 1;\"><h3 class=\"silver margintop20\">Die Unternehmensaktivit\u00e4ten sind in f\u00fcnf gro\u00dfe Produktfamilien eingeteilt.<\/h3><h3 class=\"proregular white margintop10\"><span class=\"hover-type-none\">Folien f\u00fcr den Textildruck (zuschneidbar, bedruckbar, DTF)<\/span><\/h3><\/li><li style=\"position: relative; opacity: 0; display: block; max-width: 100%; height: 170px; z-index: 1;\"><h3 class=\"silver margintop20\">Die Unternehmensaktivit\u00e4ten sind in f\u00fcnf gro\u00dfe Produktfamilien eingeteilt.<\/h3><h3 class=\"proregular white margintop10\"><span class=\"hover-type-none\">Folien f\u00fcr den Oberfl\u00e4chenschutz (anti-mikrobiell sowie Schutz gegen Kratzer und Graffiti)<\/span><\/h3><\/li><\/ul><\/div><div class=\"fusion-clearfix\">\u00a0<\/div><\/div><\/div><div class=\"clear\">\u00a0<\/div><\/div><\/section><section class=\"module parallax parallax-kit textcenter top156\"><div class=\"button-diagonal big bg-red\"><a href=\"|!|vcvUploadUrl|!|\/2024\/09\/PressKit_2024_EN.zip\" rel=\"bookmark\">DOWNLOAD PRESS KIT<\/a><\/div><div class=\"container-full\"><h3 class=\"white\">Erfahren Sie mehr \u00fcber HEXIS! HEXIS, Hersteller von selbstklebenden Folien.<\/h3><\/div><div class=\"clear\">\u00a0<\/div><\/section><section><div id=\"hexisinnovation\" class=\"section row\"><div class=\"container-full\"><div class=\"col twelve tablet-full mobile-full margintop20\"><h2 class=\"borderRed\">Das Labor f\u00fcr Forschung und Entwicklung<\/h2><\/div><div class=\"clear\">\u00a0<\/div><div class=\"col four tablet-full mobile-full nomargin nopadding\"><h3 class=\"silver marginleft16\">Das Unternehmen HEXIS investiert 2,5 % seines Umsatzes in Forschung &amp; Entwicklung und besch\u00e4ftigt 20 Mitarbeiter in seinem Labor. HEXIS hat an beiden Produktionsstandorten ein Labor eingerichtet, wo sowohl Forschung und Entwicklung als auch Qualit\u00e4tskontrolle betrieben wird.<\/h3><\/div><div class=\"col eight tablet-full mobile-full textright\"><div class=\"resize\"><img decoding=\"async\" src=\"|!|vcvUploadUrl|!|\/2015\/09\/hexis-laboratoire.jpg\" alt=\"\" \/><\/div><\/div><div class=\"clear\">\u00a0<\/div><div class=\"col twelve tablet-full mobile-full textcenter margintop20\" style=\"display: none;\"><h3 class=\"proregular\">L\u2019innovation constante dans le domaine des adh\u00e9sifs et des films coul\u00e9s et calandr\u00e9s a toujours \u00e9t\u00e9 le vrai moteur de la croissance chez HEXIS.<\/h3><\/div><div class=\"clear\">\u00a0<\/div><div class=\" twelve tablet-full mobile-full textcenter margintop60\"><h3 class=\"proregular marginbottom20\">Ausgefeilte Analysen stellen die Qualit\u00e4t unserer Produkte sicher. Folgende Merkmale nehmen wir genau unter die Lupe:<\/h3><ul class=\"rounded\" style=\"padding: 0px !important;\"><li><i class=\"icon-special hexis big icon-elongation\"><\/i><div>Die Bruchdehnung und Zugfestigkeit<\/div><\/li><li><i class=\"icon-special hexis big icon-couleur\"><\/i><div>Die Farbechtheit<\/div><\/li><li><i class=\"icon-special hexis big icon-rugosite\"><\/i><div>Die Oberfl\u00e4chenrauigkeit<\/div><\/li><li><i class=\"icon-special hexis big icon-pelage\"><\/i><div>Die Sch\u00e4lfestigkeit<\/div><\/li><li><i class=\"icon-special hexis big icon-tack\"><\/i><div>Die Soforthaftung (Tack)<\/div><\/li><li><i class=\"icon-special hexis big icon-adhesion\"><\/i><div>Die endg\u00fcltige Haftung auf dem Untergrund<\/div><\/li><li><i class=\"icon-special hexis big icon-stabilite\"><\/i><div>Die langfristige Stabilit\u00e4t (durch Erw\u00e4rmung und QUV-Tester f\u00fcr beschleunigte Bewitterung)<\/div><\/li><\/ul><div class=\"clear\">\u00a0<\/div><\/div><\/div><div class=\"clear\">\u00a0<\/div><\/div><\/section><section class=\"module parallax parallax-worldmap\"><div class=\"container-full\"><div class=\"col six tablet-full mobile-full\"><h2 class=\"borderWhite white\">Frankreich und dann &#8230; die ganze Welt!<\/h2><h3 class=\"white marginleft16\">Dank der Vielfalt und des hohen Mehrwerts der technischen Folien hat HEXIS die Herausforderungen der Globalisierung gemeistert und exportiert heute die H\u00e4lfte der Erzeugnisse \u00fcber seine 10 Niederlassungen und Vertriebsnetze in die ganze Welt.<\/h3><p>Ein Entwicklungsschwerpunkt von HEXIS auf internationaler Ebene st\u00fctzt sich auf die Schaffung von Zweigstellen: Gr\u00fcndung, Integration oder externes Wachstum.<\/p><h4 class=\"white marginleft16 margintop40\">Niederlassungen<\/h4><div class=\"button-group marginleft16\"><div class=\"btnBlack btnColor\">FRANKREICH<\/div><div class=\"btnBlack btnColor\">DEUTSCHLAND<\/div><div class=\"btnBlack btnColor\">SPANIEN<\/div><div class=\"btnBlack btnColor\">ITALIEN<\/div><div class=\"btnBlack btnColor\">SCHWEDEN<\/div><div class=\"btnBlack btnColor\">USA<\/div><div class=\"btnBlack btnColor\">FWI<\/div><div class=\"btnBlack btnColor\">AUSTRALIEN<\/div><div class=\"btnBlack btnColor\">SCHWEIZ<\/div><div class=\"btnBlack btnColor\">R\u00c9UNION<\/div><\/div><\/div><div class=\"col six tablet-full mobile-full margintop20\"><p><img decoding=\"async\" src=\"|!|vcvUploadUrl|!|\/2015\/09\/hexis-filiales.png\" alt=\"\" \/><\/p><h4 class=\"white margintop30\">Vertriebsgesellschaften + unabh\u00e4ngige Franchise-Unternehmen<\/h4><p class=\"white\">HEXIS arbeitet mit unabh\u00e4ngigen Franchise-Unternehmen in den Niederlanden (HEXIS Nederland), HEXIS Nahen Osten und dem Vereinigten K\u00f6nigreich (HEXIS UK) zusammen. 50 Vertriebspartner beliefern 65 weitere L\u00e4nder weltweit.<\/p><div class=\"button-diagonal big bg-yellow\"><a href=\"\/?page_id=6438\" rel=\"bookmark\">Das HEXIS-Netzwerk<\/a><\/div><\/div><div class=\"clear\">\u00a0<\/div><\/div><\/section><section><div id=\"hexisnumbers\" class=\"section row\"><div class=\"container-full\"><div class=\"col twelve tablet-full mobile-full margintop20\"><h2 class=\"borderRed\">Die wichtigsten Zahlen<\/h2><h3 class=\"silver\">Ganz im Sinne des nachhaltigen Wachstums arbeiten wir an der kontinuierlichen Qualit\u00e4tsverbesserung unserer Produkte und unserer Betriebsabl\u00e4ufe. Selbstverst\u00e4ndlich entwickeln wir auch unsere Produktionsmittel weiter, um unsere Kapazit\u00e4ten zu erweitern.<\/h3><div class=\"clear\">\u00a0<\/div><div class=\"col four mobile-full marginleft16\"><div style=\"position: relative; top: 10px; left: 0px; text-align: center;\">\u00a0<\/div><div class=\"proregular\" style=\"display: block; position: relative; top: -66px; left: 0px; font-size: 16px; color: white; text-align: center;\"><span style=\"display: block; margin-bottom: 0px;\">1989<\/span><\/div><\/div><\/div><h4 class=\"red margintop20\" style=\"position: relative; top: -50px;\"><span class=\"proregular red\">Klebefolienproduktion: <\/span>20 Millionen m\u00b2<\/h4><\/div><\/div><\/section><section class=\"module parallax parallax-entreprise textcenter top156\"><div class=\"button-diagonal big bg-red\"><a href=\"|!|vcvUploadUrl|!|\/2024\/09\/Corporate-Presentation_EN_2024.pdf\" rel=\"bookmark\">Pr\u00e4sentation unserer Firma<\/a><\/div><div class=\"clear\">\u00a0<\/div><\/section><section><div id=\"hexisquality\" class=\"section row\"><div class=\"container-full\"><div class=\"col twelve tablet-full mobile-full margintop20\"><h2 class=\"borderRed\">Qualit\u00e4t und nachhaltige Entwicklung<\/h2><\/div><div class=\"clear\">\u00a0<\/div><div class=\"col eight tablet-full mobile-full nomargin nopadding\"><h3 class=\"silver marginleft16\">Auf Veranlassung des Unternehmensleiters Michel Mateu hat HEXIS eine Reihe von Wertma\u00dfst\u00e4ben der nachhaltigen Entwicklung in die Betriebsabl\u00e4ufe integriert, insbesondere im Bereich des Sozialen. Parallel dazu hat HEXIS in den letzten Jahren gro\u00dfe Investitionen durchgef\u00fchrt, Ma\u00dfnahmen getroffen und Mittel bereitgestellt, um die belastenden Auswirkungen auf die Umwelt zu verringern. Die nachfolgenden Aspekte k\u00f6nnen wir als Beispiele f\u00fcr vorbildliche Verfahren anf\u00fchren:<\/h3><\/div><div class=\"col four tablet-full mobile-full textcenter\"><img decoding=\"async\" style=\"vertical-align: middle;\" src=\"|!|vcvUploadUrl|!|\/2022\/09\/Ecovadis-HEXIS.png\" alt=\"\" width=\"100px\" height=\"100px\" \/><img decoding=\"async\" class=\"\" style=\"vertical-align: middle; max-width: 250px;\" src=\"|!|vcvUploadUrl|!|\/2022\/09\/Certifications-ISO-HEXIS.png\" alt=\"\" \/><\/div><\/div><div class=\"clear\">\u00a0<\/div><\/div><\/section><\/div><\/div><\/div><\/div><\/div><\/div><\/div><\/div>\t\t\t\t\t\t\t\t<\/div>\n\t\t\t\t<\/div>\n\t\t\t\t\t<\/div>\n\t\t\t\t<\/div>\n\t\t\t\t<\/div>\n\t\t","protected":false},"excerpt":{"rendered":"<p>\u00dcber HEXIS &#8230; Die HEXIS SAS ist einer der wichtigsten Hersteller von Klebefolien f\u00fcr die visuelle Kommunikation, den Schutz und die pers\u00f6nliche Gestaltung von Oberfl\u00e4chen. PRESSEMAPPE Seit der Gr\u00fcndung im Jahr 1989 verteidigt HEXIS im internationalen Wettbewerb erfolgreich die Position des franz\u00f6sischen Marktf\u00fchrers im Bereich Beschriftungs- und Digitaldruckfolien. HEXIS verf\u00fcgt \u00fcber 2 Produktionsstandorte: einen am [&hellip;]<\/p>\n","protected":false},"author":3,"featured_media":0,"parent":0,"menu_order":10,"comment_status":"closed","ping_status":"closed","template":"page-hexis.php","meta":{"footnotes":""},"class_list":["post-5427","page","type-page","status-publish","hentry"],"yoast_head":"<!-- This site is optimized with the Yoast SEO plugin v26.9 - https:\/\/yoast.com\/product\/yoast-seo-wordpress\/ -->\n<title>HEXIS - HEXIS Graphics<\/title>\n<meta name=\"robots\" content=\"index, follow, max-snippet:-1, max-image-preview:large, max-video-preview:-1\" \/>\n<link rel=\"canonical\" href=\"https:\/\/www.hexis-graphics.com\/de\/ueber-hexis\/\" \/>\n<meta property=\"og:locale\" content=\"de_DE\" \/>\n<meta property=\"og:type\" content=\"article\" \/>\n<meta property=\"og:title\" content=\"HEXIS - HEXIS Graphics\" \/>\n<meta property=\"og:description\" content=\"\u00dcber HEXIS &#8230; Die HEXIS SAS ist einer der wichtigsten Hersteller von Klebefolien f\u00fcr die visuelle Kommunikation, den Schutz und die pers\u00f6nliche Gestaltung von Oberfl\u00e4chen. PRESSEMAPPE Seit der Gr\u00fcndung im Jahr 1989 verteidigt HEXIS im internationalen Wettbewerb erfolgreich die Position des franz\u00f6sischen Marktf\u00fchrers im Bereich Beschriftungs- und Digitaldruckfolien. HEXIS verf\u00fcgt \u00fcber 2 Produktionsstandorte: einen am [&hellip;]\" \/>\n<meta property=\"og:url\" content=\"https:\/\/www.hexis-graphics.com\/de\/ueber-hexis\/\" \/>\n<meta property=\"og:site_name\" content=\"HEXIS Graphics\" \/>\n<meta property=\"article:publisher\" content=\"https:\/\/www.facebook.com\/hexisgraphics\" \/>\n<meta property=\"article:modified_time\" content=\"2026-03-19T10:28:41+00:00\" \/>\n<meta property=\"og:image\" content=\"https:\/\/www.hexis-graphics.com\/hexisgraphics\/2016\/05\/logo_HEXIS.jpg\" \/>\n\t<meta property=\"og:image:width\" content=\"250\" \/>\n\t<meta property=\"og:image:height\" content=\"107\" \/>\n\t<meta property=\"og:image:type\" content=\"image\/jpeg\" \/>\n<meta name=\"twitter:card\" content=\"summary_large_image\" \/>\n<meta name=\"twitter:site\" content=\"@hexisgraphics\" \/>\n<meta name=\"twitter:label1\" content=\"Gesch\u00e4tzte Lesezeit\" \/>\n\t<meta name=\"twitter:data1\" content=\"6\u00a0Minuten\" \/>\n<script type=\"application\/ld+json\" class=\"yoast-schema-graph\">{\"@context\":\"https:\/\/schema.org\",\"@graph\":[{\"@type\":\"WebPage\",\"@id\":\"https:\/\/www.hexis-graphics.com\/de\/ueber-hexis\/\",\"url\":\"https:\/\/www.hexis-graphics.com\/de\/ueber-hexis\/\",\"name\":\"HEXIS - HEXIS Graphics\",\"isPartOf\":{\"@id\":\"https:\/\/www.hexis-graphics.com\/de\/#website\"},\"datePublished\":\"2015-09-25T17:39:42+00:00\",\"dateModified\":\"2026-03-19T10:28:41+00:00\",\"breadcrumb\":{\"@id\":\"https:\/\/www.hexis-graphics.com\/de\/ueber-hexis\/#breadcrumb\"},\"inLanguage\":\"de\",\"potentialAction\":[{\"@type\":\"ReadAction\",\"target\":[\"https:\/\/www.hexis-graphics.com\/de\/ueber-hexis\/\"]}]},{\"@type\":\"BreadcrumbList\",\"@id\":\"https:\/\/www.hexis-graphics.com\/de\/ueber-hexis\/#breadcrumb\",\"itemListElement\":[{\"@type\":\"ListItem\",\"position\":1,\"name\":\"Accueil\",\"item\":\"https:\/\/www.hexis-graphics.com\/de\/\"},{\"@type\":\"ListItem\",\"position\":2,\"name\":\"HEXIS\"}]},{\"@type\":\"WebSite\",\"@id\":\"https:\/\/www.hexis-graphics.com\/de\/#website\",\"url\":\"https:\/\/www.hexis-graphics.com\/de\/\",\"name\":\"HEXIS Graphics\",\"description\":\"Manufacturer of self-adhesive films\",\"publisher\":{\"@id\":\"https:\/\/www.hexis-graphics.com\/de\/#organization\"},\"potentialAction\":[{\"@type\":\"SearchAction\",\"target\":{\"@type\":\"EntryPoint\",\"urlTemplate\":\"https:\/\/www.hexis-graphics.com\/de\/?s={search_term_string}\"},\"query-input\":{\"@type\":\"PropertyValueSpecification\",\"valueRequired\":true,\"valueName\":\"search_term_string\"}}],\"inLanguage\":\"de\"},{\"@type\":\"Organization\",\"@id\":\"https:\/\/www.hexis-graphics.com\/de\/#organization\",\"name\":\"HEXIS Graphics\",\"url\":\"https:\/\/www.hexis-graphics.com\/de\/\",\"logo\":{\"@type\":\"ImageObject\",\"inLanguage\":\"de\",\"@id\":\"https:\/\/www.hexis-graphics.com\/de\/#\/schema\/logo\/image\/\",\"url\":\"https:\/\/www.hexis-graphics.com\/hexisgraphics\/2016\/05\/logo_HEXIS.jpg\",\"contentUrl\":\"https:\/\/www.hexis-graphics.com\/hexisgraphics\/2016\/05\/logo_HEXIS.jpg\",\"width\":250,\"height\":107,\"caption\":\"HEXIS Graphics\"},\"image\":{\"@id\":\"https:\/\/www.hexis-graphics.com\/de\/#\/schema\/logo\/image\/\"},\"sameAs\":[\"https:\/\/www.facebook.com\/hexisgraphics\",\"https:\/\/x.com\/hexisgraphics\",\"https:\/\/www.instagram.com\/hexisgraphics\/\",\"https:\/\/fr.linkedin.com\/company\/hexis-s-a-\",\"https:\/\/www.youtube.com\/user\/HEXISSA\"]}]}<\/script>\n<!-- \/ Yoast SEO plugin. -->","yoast_head_json":{"title":"HEXIS - HEXIS Graphics","robots":{"index":"index","follow":"follow","max-snippet":"max-snippet:-1","max-image-preview":"max-image-preview:large","max-video-preview":"max-video-preview:-1"},"canonical":"https:\/\/www.hexis-graphics.com\/de\/ueber-hexis\/","og_locale":"de_DE","og_type":"article","og_title":"HEXIS - HEXIS Graphics","og_description":"\u00dcber HEXIS &#8230; Die HEXIS SAS ist einer der wichtigsten Hersteller von Klebefolien f\u00fcr die visuelle Kommunikation, den Schutz und die pers\u00f6nliche Gestaltung von Oberfl\u00e4chen. PRESSEMAPPE Seit der Gr\u00fcndung im Jahr 1989 verteidigt HEXIS im internationalen Wettbewerb erfolgreich die Position des franz\u00f6sischen Marktf\u00fchrers im Bereich Beschriftungs- und Digitaldruckfolien. HEXIS verf\u00fcgt \u00fcber 2 Produktionsstandorte: einen am [&hellip;]","og_url":"https:\/\/www.hexis-graphics.com\/de\/ueber-hexis\/","og_site_name":"HEXIS Graphics","article_publisher":"https:\/\/www.facebook.com\/hexisgraphics","article_modified_time":"2026-03-19T10:28:41+00:00","og_image":[{"width":250,"height":107,"url":"https:\/\/www.hexis-graphics.com\/hexisgraphics\/2016\/05\/logo_HEXIS.jpg","type":"image\/jpeg"}],"twitter_card":"summary_large_image","twitter_site":"@hexisgraphics","twitter_misc":{"Gesch\u00e4tzte Lesezeit":"6\u00a0Minuten"},"schema":{"@context":"https:\/\/schema.org","@graph":[{"@type":"WebPage","@id":"https:\/\/www.hexis-graphics.com\/de\/ueber-hexis\/","url":"https:\/\/www.hexis-graphics.com\/de\/ueber-hexis\/","name":"HEXIS - HEXIS Graphics","isPartOf":{"@id":"https:\/\/www.hexis-graphics.com\/de\/#website"},"datePublished":"2015-09-25T17:39:42+00:00","dateModified":"2026-03-19T10:28:41+00:00","breadcrumb":{"@id":"https:\/\/www.hexis-graphics.com\/de\/ueber-hexis\/#breadcrumb"},"inLanguage":"de","potentialAction":[{"@type":"ReadAction","target":["https:\/\/www.hexis-graphics.com\/de\/ueber-hexis\/"]}]},{"@type":"BreadcrumbList","@id":"https:\/\/www.hexis-graphics.com\/de\/ueber-hexis\/#breadcrumb","itemListElement":[{"@type":"ListItem","position":1,"name":"Accueil","item":"https:\/\/www.hexis-graphics.com\/de\/"},{"@type":"ListItem","position":2,"name":"HEXIS"}]},{"@type":"WebSite","@id":"https:\/\/www.hexis-graphics.com\/de\/#website","url":"https:\/\/www.hexis-graphics.com\/de\/","name":"HEXIS Graphics","description":"Manufacturer of self-adhesive films","publisher":{"@id":"https:\/\/www.hexis-graphics.com\/de\/#organization"},"potentialAction":[{"@type":"SearchAction","target":{"@type":"EntryPoint","urlTemplate":"https:\/\/www.hexis-graphics.com\/de\/?s={search_term_string}"},"query-input":{"@type":"PropertyValueSpecification","valueRequired":true,"valueName":"search_term_string"}}],"inLanguage":"de"},{"@type":"Organization","@id":"https:\/\/www.hexis-graphics.com\/de\/#organization","name":"HEXIS Graphics","url":"https:\/\/www.hexis-graphics.com\/de\/","logo":{"@type":"ImageObject","inLanguage":"de","@id":"https:\/\/www.hexis-graphics.com\/de\/#\/schema\/logo\/image\/","url":"https:\/\/www.hexis-graphics.com\/hexisgraphics\/2016\/05\/logo_HEXIS.jpg","contentUrl":"https:\/\/www.hexis-graphics.com\/hexisgraphics\/2016\/05\/logo_HEXIS.jpg","width":250,"height":107,"caption":"HEXIS Graphics"},"image":{"@id":"https:\/\/www.hexis-graphics.com\/de\/#\/schema\/logo\/image\/"},"sameAs":["https:\/\/www.facebook.com\/hexisgraphics","https:\/\/x.com\/hexisgraphics","https:\/\/www.instagram.com\/hexisgraphics\/","https:\/\/fr.linkedin.com\/company\/hexis-s-a-","https:\/\/www.youtube.com\/user\/HEXISSA"]}]}},"_links":{"self":[{"href":"https:\/\/www.hexis-graphics.com\/de\/wp-json\/wp\/v2\/pages\/5427","targetHints":{"allow":["GET"]}}],"collection":[{"href":"https:\/\/www.hexis-graphics.com\/de\/wp-json\/wp\/v2\/pages"}],"about":[{"href":"https:\/\/www.hexis-graphics.com\/de\/wp-json\/wp\/v2\/types\/page"}],"author":[{"embeddable":true,"href":"https:\/\/www.hexis-graphics.com\/de\/wp-json\/wp\/v2\/users\/3"}],"replies":[{"embeddable":true,"href":"https:\/\/www.hexis-graphics.com\/de\/wp-json\/wp\/v2\/comments?post=5427"}],"version-history":[{"count":3,"href":"https:\/\/www.hexis-graphics.com\/de\/wp-json\/wp\/v2\/pages\/5427\/revisions"}],"predecessor-version":[{"id":58232,"href":"https:\/\/www.hexis-graphics.com\/de\/wp-json\/wp\/v2\/pages\/5427\/revisions\/58232"}],"wp:attachment":[{"href":"https:\/\/www.hexis-graphics.com\/de\/wp-json\/wp\/v2\/media?parent=5427"}],"curies":[{"name":"wp","href":"https:\/\/api.w.org\/{rel}","templated":true}]}}