{"id":5073,"date":"2015-09-28T20:31:13","date_gmt":"2015-09-28T20:31:13","guid":{"rendered":"https:\/\/www.hexis-graphics.com\/de\/?page_id=5073"},"modified":"2022-10-13T10:33:24","modified_gmt":"2022-10-13T10:33:24","slug":"haltbarkeit","status":"publish","type":"page","link":"https:\/\/www.hexis-graphics.com\/de\/professionals\/haltbarkeit\/","title":{"rendered":"Haltbarkeit"},"content":{"rendered":"<div style=\"text-align: center; background-color: #c90219; color: white; padding: 15px; margin-top: 10px;\">\n<p>&nbsp;<\/p>\n<p>ALLGEMEINE UMRECHNUNGSREGELN DER HALTBARKEITSRICHTWERTE NACH GEOGRAFISCHEN ZONEN<\/p>\n<h1 style=\"color: #ffffff !important;\">PLOTTERFOLIEN, VOLLVERKLEBUNGEN, DIGITALDRUCK UND AUTOMOBILSCHUTZFOLIEN<\/h1>\n<\/div>\n<div style=\"clear: both;\"><\/div>\n<div style=\"float: left;\"><button id=\"gf_button_get_form_5\" class=\"button-black button-background-mini\" style=\"float: left; margin-right: 10px; font-size: 13px; margin-top: 15px;\"><a style=\"padding: 0px;\" href=\"https:\/\/www.hexis-graphics.com\/hexisgraphics\/2022\/10\/Haltbarkeit-nach-geografischen-Zonen-FTP-allemand-076E.pdf\" target=\"_blank\" rel=\"noopener\">Herunterladen 124Kb<\/a><\/button><\/div>\n<div style=\"float: right;\"><span style=\"float: left; margin-right: 10px; font-size: 13px; margin-top: 15px;\">FTP.DAO.076E 10.22<\/span><\/div>\n<div style=\"clear: both;\"><\/div>\n<div style=\"text-align: justify;\">\n<h3 class=\"titreArticle\" style=\"text-decoration: underline;\">HALTBARKEITSRICHTWERTE:<\/h3>\n<p>Die Richtwerte f\u00fcr die Haltbarkeit(1), die in den technischen Datenbl\u00e4ttern der Produktreihen Plotter-, Vollverklebungs-, Digitaldruck- und Automobilschutzfolien angegeben sind, gelten f\u00fcr unver\u00e4nderte und unbearbeitete HEXIS-Folien bei vertikaler Neigung (\u00b1 10\u00b0) in mitteleurop\u00e4ischen Klimazonen (entspricht der geografischen Zone 1). Die Haltbarkeitskriterien gehen, von einigen wenigen Grad abgesehen, mit dieser Position einher. Eine Ausrichtung in einem anderen Winkel mindert die Best\u00e4ndigkeit gegen Klimaeinfl\u00fcsse, wodurch eine Beeintr\u00e4chtigung des Glanzgrads und der Farbe, ja sogar mehlige Flecken entstehen k\u00f6nnen. Der Alterungsprozess der Folie ist im Falle einer Anbringung auf der Motorhaube besonders ausgepr\u00e4gt, und zwar aufgrund der waagrechten Ausrichtung sowie der Hitzeeinwirkung des Motors.<\/p>\n<p>In der nachfolgenden Tabelle sind die Umrechnungsformeln aufgelistet, die eine Einsch\u00e4tzung der Haltbarkeit(1) bei einer anderen Ausrichtung und\/oder geografischen Zone erm\u00f6glichen.<\/p>\n<table class=\"faq-table\" style=\"border: 2px solid black; text-align: center; width: 100%; border-spacing: 0;\" border=\"1\">\n<thead>\n<tr>\n<td rowspan=\"2\"><\/td>\n<td style=\"text-align: center;\" colspan=\"3\">Zone 1<\/td>\n<td style=\"text-align: center;\" colspan=\"3\">Zone 2<\/td>\n<td style=\"text-align: center;\" colspan=\"3\">Zone 3<\/td>\n<\/tr>\n<tr>\n<td class=\"last\" style=\"background-color: darkgrey; padding: 2px; width: 10%;\">Vertikal<\/td>\n<td class=\"last\" style=\"background-color: grey; padding: 2px; width: 10%;\">Nicht vertikal<\/td>\n<td class=\"last\" style=\"background-color: #c90219; color: white; padding: 2px; width: 10%; border: 1px solid #000000;\">Horizontal<\/td>\n<td class=\"last\" style=\"background-color: darkgrey; padding: 2px; width: 10%;\">Vertikal<\/td>\n<td class=\"last\" style=\"background-color: grey; padding: 2px; width: 10%;\">Nicht vertikal<\/td>\n<td class=\"last\" style=\"background-color: #c90219; color: white; padding: 2px; width: 10%; border: 1px solid #000000;\">Horizontal<\/td>\n<td class=\"last\" style=\"background-color: darkgrey; padding: 2px; width: 10%;\">Vertikal<\/td>\n<td class=\"last\" style=\"background-color: grey; padding: 2px; width: 10%;\">Nicht vertikal<\/td>\n<td class=\"last\" style=\"background-color: #c90219; color: white; padding: 2px; width: 10%; border: 1px solid #000000;\">Horizontal<\/td>\n<\/tr>\n<\/thead>\n<tbody>\n<tr>\n<td class=\"first\" style=\"padding: 2px;\">Berechnung der Haltbarkeitsrichtwerte <sup>(1)<\/sup><\/td>\n<td style=\"background-color: darkgrey; padding: 2px; width: 15%;\">In den technischen Datenbl\u00e4ttern angegebene Haltbarkeitsrichtwerte (Hb.RW1)<\/td>\n<td style=\"background-color: grey; padding: 2px;\">Hb.RW1 * 0,50<\/td>\n<td style=\"background-color: #c90219; color: white; padding: 2px; border: 1px solid #000000;\">Hb.RW1 * 0,35<\/td>\n<td style=\"background-color: darkgrey; padding: 2px;\">Hb.RW1 * 0,65<\/td>\n<td style=\"background-color: grey; padding: 2px;\">Hb.RW1 * 0,35<\/td>\n<td style=\"background-color: #c90219; color: white; padding: 2px; border: 1px solid #000000;\">Hb.RW1 * 0,15<\/td>\n<td style=\"background-color: darkgrey; padding: 2px;\">Hb.RW1 * 0,35<\/td>\n<td style=\"background-color: grey; padding: 2px;\">Hb.RW1 * 0,15<\/td>\n<td style=\"background-color: #c90219; color: white; padding: 2px;\">Hb.RW1 * 0,10<\/td>\n<\/tr>\n<\/tbody>\n<\/table>\n<h2 style=\"text-decoration: underline; font-size: 14px; color: dimgrey; margin-top: 15px;\">DEFINITION DER KLIMAZONEN:<\/h2>\n<div class=\"row\" style=\"padding: 15px; margin-top: -45px;\">\n<div class=\"col four\">\n<h3 style=\"font-size: 14px; font-weight: bold; text-align: center;\">Geografische Zone 1:<\/h3>\n<p class=\"titreArticle\">Andorra, Armenien, Aserbaidschan, Belgien, Bosnien-Herzegowina, D\u00e4nemark, Deutschland, Estland, Finnland, Frankreich (Mutterland), Georgien, Gr\u00f6nland, Gro\u00dfbritannien, Irland, Island, Italien (n\u00f6rdlich von Rom), Kanada, Kasachstan, Kroatien, Lettland, Lichtenstein, Litauen, Luxemburg, Moldawien, Montenegro, Niederlande, Norwegen, \u00d6sterreich, Polen, Rum\u00e4nien, Russland, Schweden, Schweiz, Serbien, Slowakei, Slowenien, Tschechien, Ukraine, Ungarn, USA (davon ausgenommen sind die in Zone 2 genannten Bundesstaaten), Wei\u00dfrussland.<\/p>\n<\/div>\n<div class=\"col four\">\n<h3 style=\"font-size: 14px; font-weight: bold; text-align: center;\">Geografische Zone 2:<\/h3>\n<p class=\"titreArticle\">Afghanistan, Albanien, Antillen, Argentinien, Australien (s\u00fcdliche Staaten), Bahamas, Bangladesch, Barbados, Belize, Bhutan, Birma, Bolivien, Brasilien, Bulgarien, Chile, China, Costa Rica, Dominikanische Republik, Ecuador, El Salvador, Fidschi, French West Indies (Guadeloupe, Martinique usw.), Karibik, Griechenland, Guatemala, Guyana, Haiti, Honduras, Indien, Indonesien, Italien (s\u00fcdlich von Rom), Jamaika, Japan, Kambodscha, Kap Verde, Karibische Inseln, Kirgisistan, Kolumbien, Kooperative Republik Guyana, Korea, Kreta, Kuba, Laos, Lesotho, Malaysia, Malediven, Malta, Mazedonien, Mongolei, Nepal, Neuseeland, Nicaragua, Ost-Timor, Pakistan, Panama, Papua-Neuguinea, Paraguay, Peru, Philippinen, Polynesien, Porto Rico, Portugal, Sardinien, Singapur, Spanien, Sri Lanka, S\u00fcdafrika, Surinam, Swasiland, Syrien, Tadschikistan, Taiwan, Thailand, T\u00fcrkei, Turkmenistan, Uruguay, Usbekistan, USA (Arizona, Florida, Kalifornien, Nevada, New Mexico, Texas, Utah), Venezuela, Vietnam, Zypern.<\/p>\n<\/div>\n<div class=\"col four\">\n<h3 style=\"font-size: 14px; font-weight: bold; text-align: center;\">Geografische Zone 3:<\/h3>\n<p class=\"titreArticle\">\u00c4gypten, Algerien, Angola, \u00c4quatorialguinea, \u00c4thiopien, Australien (n\u00f6rdliche Staaten und W\u00fcstengebiete), Bahrein, Benin, Botswana, Burkina Faso, Burundi, Demokratische Republik Kongo, Djibouti, Elfenbeink\u00fcste, Eritrea, Gabun, Gambia, Ghana, Guinea, Guinea-Bissau, Irak, Iran, Insel R\u00e9union, Israel, Jemen, Jordanien, Kamerun, Katar, Kenia, Kongo, Kuweit, Libanon, Liberia, Libyen, Madagaskar, Malawi, Mali, Marokko, Mauretanien, Mauritius, Mexiko, Mosambik, Namibia, Niger, Nigeria, Oman, Pal\u00e4stina, Ruanda, Sambia, Saudi-Arabien, Senegal, Sierra Leone, Somalia, Sudan, Tansania, Togo, Tschad, Tunesien, Uganda, Vereinigte Arabische Emirate, Westsahara, Zentralafrikanische Republik, Zimbabwe.<br \/>\nAlle W\u00fcstengebiete.<br \/>\nAlle Gebiete einer H\u00f6he \u00fcber 1000 Meter.<\/p>\n<\/div>\n<\/div>\n<div class=\"definition\" style=\"display: inline-block; margin-top: -40px;\">\n<h2 style=\"text-decoration: underline; font-size: 14px; color: dimgrey;\">DEFINITION DER NEIGUNGEN:<\/h2>\n<div style=\"float: left; display: inline-block; ; padding-top: 15px; width: 570px; margin: -25px;\">\n<ul style=\"list-style: none;\">\n<li style=\"background-color: gainsboro; padding: 3px 10px;\">Vertikale Ausrichtung: \u00b1 10\u00b0 im Verh\u00e4ltnis zur Vertikalen<\/li>\n<li style=\"background-color: darkgrey; padding: 3px 10px;\">Nicht vertikale Ausrichtung: 11 bis 79\u00b0 im Verh\u00e4ltnis zur Vertikalen<\/li>\n<li style=\"background-color: #c80b0e; color: white; padding: 3px 10px;\">Horizontale Ausrichtung: 80 bis 90\u00b0 im Verh\u00e4ltnis zur Vertikalen<\/li>\n<\/ul>\n<\/div>\n<p><img decoding=\"async\" class=\"alignright lazyloaded\" style=\"float: left; display: inline-block; margin-top: -55px; margin-left: 50px;\" src=\"https:\/\/hexis-graphics.com\/img\/durability\/orientation.png\" alt=\"orientations possibles\" width=\"188\" height=\"200\" data-lazy-src=\"https:\/\/hexis-graphics.com\/img\/durability\/orientation.png\" \/><noscript>&lt;img class=&#8220;alignright&#8220; src=&#8220;https:\/\/hexis-graphics.com\/img\/durability\/orientation.png&#8220; alt=&#8220;orientations possibles&#8220; \/&gt;<\/noscript><\/p>\n<div style=\"float: left; display: inline-block;\">\n<ul>\n<li>Die tats\u00e4chliche Haltbarkeit eines Produkts h\u00e4ngt von einer Vielzahl von Parametern ab, zu denen beispielsweise die Qualit\u00e4t und Vorbereitung des Untergrunds, die Ausrichtung (Umfeld, Klima, Einstrahlungswinkel), die Folienpflege, das Ausma\u00df der Luftverschmutzung, die Drucktechnologie und die f\u00fcr die Digitaldruckfolien verwendete Druckqualit\u00e4t geh\u00f6ren.<\/li>\n<li>Empfehlung (sofern m\u00f6glich bitte beachten): Sonneneinstrahlung, l\u00e4ngerfristige Witterungseinwirkung und Luftverschmutzung k\u00f6nnen zu einer Alterung der Folie f\u00fchren(2). Ein foliertes Fahrzeug muss so oft wie m\u00f6glich vor Sonneneinstrahlung und Wettereinfl\u00fcssen (Regen, Tau usw.) gesch\u00fctzt werden: tags\u00fcber ist im Schatten zu parken, nachts in einer geschlossenen Garage (notfalls ist das Fahrzeug mit einer Schutzplane abzudecken).<\/li>\n<\/ul>\n<\/div>\n<h3 class=\"titreArticle\" style=\"font-size: 13px; text-decoration: underline; float: left; margin-top: -5px;\">HINWEISE:<\/h3>\n<div style=\"float: left; display: inline-block; font-size: 12px; margin-top: -15px;\">\n<p>1) Die in diesem Dokument genannten Haltbarkeitswerte stellen keine Garantie bzw. zugesicherte Eigenschaft dar. Es handelt sich lediglich um die gesch\u00e4tzte Dauer, wie lange die Folie bei normalem Betrachtungsabstand ein korrektes Erscheinungsbild aufweist.<br \/>\nEine Materialverschlechterung (leichte und fortschreitende Ver\u00e4nderung der Farbe und des Glanzes) ist ein nat\u00fcrliches und unvermeidliches Ph\u00e4nomen.<\/p>\n<p>(2) Bei starker Besch\u00e4digung der Folie (Verblassung, Mehlstaub, braune F\u00e4rbung usw.) durch lange und intensive Sonneneinstrahlung, Freibewitterung oder Schadstoffaussetzung muss diese umgehend entfernt werden, um eine Sch\u00e4digung der darunter liegenden Lackschicht zu verhindern.<\/p>\n<p>Angesichts der gro\u00dfen Vielfalt an Untergr\u00fcnden und immer neuer Verarbeitungsm\u00f6glichkeiten muss der Anwender die Eignung und Beschaffenheit des Produkts vor jedem Einsatz pr\u00fcfen. Alle ver\u00f6ffentlichten Angaben beruhen auf Messungen, die in unserem Labor regelm\u00e4\u00dfig durchgef\u00fchrt werden. Eine rechtlich verbindliche Garantie bzw. Zusicherung bestimmter Eigenschaften und Leistungen besteht nicht. Es gelten unsere Allgemeinen Gesch\u00e4ftsbedingungen (AGB). Alle technischen Angaben k\u00f6nnen sich ohne Vorank\u00fcndigung \u00e4ndern und werden regelm\u00e4\u00dfig auf unserer Website www.hexis-graphics.com aktualisiert. Dort finden Sie auch unsere AGB in der jeweils g\u00fcltigen Fassung.<\/p>\n<\/div>\n<\/div>\n<\/div>\n","protected":false},"excerpt":{"rendered":"<p>&nbsp; ALLGEMEINE UMRECHNUNGSREGELN DER HALTBARKEITSRICHTWERTE NACH GEOGRAFISCHEN ZONEN PLOTTERFOLIEN, VOLLVERKLEBUNGEN, DIGITALDRUCK UND AUTOMOBILSCHUTZFOLIEN Herunterladen 124Kb FTP.DAO.076E 10.22 HALTBARKEITSRICHTWERTE: Die Richtwerte f\u00fcr die Haltbarkeit(1), die in den technischen Datenbl\u00e4ttern der Produktreihen Plotter-, Vollverklebungs-, Digitaldruck- und Automobilschutzfolien angegeben sind, gelten f\u00fcr unver\u00e4nderte und unbearbeitete HEXIS-Folien bei vertikaler Neigung (\u00b1 10\u00b0) in mitteleurop\u00e4ischen Klimazonen (entspricht der geografischen Zone [&hellip;]<\/p>\n","protected":false},"author":1,"featured_media":0,"parent":676,"menu_order":0,"comment_status":"closed","ping_status":"closed","template":"","meta":{"footnotes":""},"class_list":["post-5073","page","type-page","status-publish","hentry"],"yoast_head":"<!-- This site is optimized with the Yoast SEO plugin v26.9 - https:\/\/yoast.com\/product\/yoast-seo-wordpress\/ -->\n<title>Haltbarkeit - HEXIS Graphics<\/title>\n<meta name=\"robots\" content=\"index, follow, max-snippet:-1, max-image-preview:large, max-video-preview:-1\" \/>\n<link rel=\"canonical\" href=\"https:\/\/www.hexis-graphics.com\/de\/professionals\/haltbarkeit\/\" \/>\n<meta property=\"og:locale\" content=\"de_DE\" \/>\n<meta property=\"og:type\" content=\"article\" \/>\n<meta property=\"og:title\" content=\"Haltbarkeit - HEXIS Graphics\" \/>\n<meta property=\"og:description\" content=\"&nbsp; ALLGEMEINE UMRECHNUNGSREGELN DER HALTBARKEITSRICHTWERTE NACH GEOGRAFISCHEN ZONEN PLOTTERFOLIEN, VOLLVERKLEBUNGEN, DIGITALDRUCK UND AUTOMOBILSCHUTZFOLIEN Herunterladen 124Kb FTP.DAO.076E 10.22 HALTBARKEITSRICHTWERTE: Die Richtwerte f\u00fcr die Haltbarkeit(1), die in den technischen Datenbl\u00e4ttern der Produktreihen Plotter-, Vollverklebungs-, Digitaldruck- und Automobilschutzfolien angegeben sind, gelten f\u00fcr unver\u00e4nderte und unbearbeitete HEXIS-Folien bei vertikaler Neigung (\u00b1 10\u00b0) in mitteleurop\u00e4ischen Klimazonen (entspricht der geografischen Zone [&hellip;]\" \/>\n<meta property=\"og:url\" content=\"https:\/\/www.hexis-graphics.com\/de\/professionals\/haltbarkeit\/\" \/>\n<meta property=\"og:site_name\" content=\"HEXIS Graphics\" \/>\n<meta property=\"article:publisher\" content=\"https:\/\/www.facebook.com\/hexisgraphics\" \/>\n<meta property=\"article:modified_time\" content=\"2022-10-13T10:33:24+00:00\" \/>\n<meta property=\"og:image\" content=\"https:\/\/hexis-graphics.com\/img\/durability\/orientation.png\" \/>\n<meta name=\"twitter:card\" content=\"summary_large_image\" \/>\n<meta name=\"twitter:site\" content=\"@hexisgraphics\" \/>\n<meta name=\"twitter:label1\" content=\"Gesch\u00e4tzte Lesezeit\" \/>\n\t<meta name=\"twitter:data1\" content=\"4\u00a0Minuten\" \/>\n<script type=\"application\/ld+json\" class=\"yoast-schema-graph\">{\"@context\":\"https:\/\/schema.org\",\"@graph\":[{\"@type\":\"WebPage\",\"@id\":\"https:\/\/www.hexis-graphics.com\/de\/professionals\/haltbarkeit\/\",\"url\":\"https:\/\/www.hexis-graphics.com\/de\/professionals\/haltbarkeit\/\",\"name\":\"Haltbarkeit - HEXIS Graphics\",\"isPartOf\":{\"@id\":\"https:\/\/www.hexis-graphics.com\/de\/#website\"},\"primaryImageOfPage\":{\"@id\":\"https:\/\/www.hexis-graphics.com\/de\/professionals\/haltbarkeit\/#primaryimage\"},\"image\":{\"@id\":\"https:\/\/www.hexis-graphics.com\/de\/professionals\/haltbarkeit\/#primaryimage\"},\"thumbnailUrl\":\"https:\/\/hexis-graphics.com\/img\/durability\/orientation.png\",\"datePublished\":\"2015-09-28T20:31:13+00:00\",\"dateModified\":\"2022-10-13T10:33:24+00:00\",\"breadcrumb\":{\"@id\":\"https:\/\/www.hexis-graphics.com\/de\/professionals\/haltbarkeit\/#breadcrumb\"},\"inLanguage\":\"de\",\"potentialAction\":[{\"@type\":\"ReadAction\",\"target\":[\"https:\/\/www.hexis-graphics.com\/de\/professionals\/haltbarkeit\/\"]}]},{\"@type\":\"ImageObject\",\"inLanguage\":\"de\",\"@id\":\"https:\/\/www.hexis-graphics.com\/de\/professionals\/haltbarkeit\/#primaryimage\",\"url\":\"https:\/\/hexis-graphics.com\/img\/durability\/orientation.png\",\"contentUrl\":\"https:\/\/hexis-graphics.com\/img\/durability\/orientation.png\"},{\"@type\":\"BreadcrumbList\",\"@id\":\"https:\/\/www.hexis-graphics.com\/de\/professionals\/haltbarkeit\/#breadcrumb\",\"itemListElement\":[{\"@type\":\"ListItem\",\"position\":1,\"name\":\"Accueil\",\"item\":\"https:\/\/www.hexis-graphics.com\/de\/\"},{\"@type\":\"ListItem\",\"position\":2,\"name\":\"PROFESSIONALS\",\"item\":\"https:\/\/www.hexis-graphics.com\/de\/professionals\/\"},{\"@type\":\"ListItem\",\"position\":3,\"name\":\"Haltbarkeit\"}]},{\"@type\":\"WebSite\",\"@id\":\"https:\/\/www.hexis-graphics.com\/de\/#website\",\"url\":\"https:\/\/www.hexis-graphics.com\/de\/\",\"name\":\"HEXIS Graphics\",\"description\":\"Manufacturer of self-adhesive films\",\"publisher\":{\"@id\":\"https:\/\/www.hexis-graphics.com\/de\/#organization\"},\"potentialAction\":[{\"@type\":\"SearchAction\",\"target\":{\"@type\":\"EntryPoint\",\"urlTemplate\":\"https:\/\/www.hexis-graphics.com\/de\/?s={search_term_string}\"},\"query-input\":{\"@type\":\"PropertyValueSpecification\",\"valueRequired\":true,\"valueName\":\"search_term_string\"}}],\"inLanguage\":\"de\"},{\"@type\":\"Organization\",\"@id\":\"https:\/\/www.hexis-graphics.com\/de\/#organization\",\"name\":\"HEXIS Graphics\",\"url\":\"https:\/\/www.hexis-graphics.com\/de\/\",\"logo\":{\"@type\":\"ImageObject\",\"inLanguage\":\"de\",\"@id\":\"https:\/\/www.hexis-graphics.com\/de\/#\/schema\/logo\/image\/\",\"url\":\"https:\/\/www.hexis-graphics.com\/hexisgraphics\/2016\/05\/logo_HEXIS.jpg\",\"contentUrl\":\"https:\/\/www.hexis-graphics.com\/hexisgraphics\/2016\/05\/logo_HEXIS.jpg\",\"width\":250,\"height\":107,\"caption\":\"HEXIS Graphics\"},\"image\":{\"@id\":\"https:\/\/www.hexis-graphics.com\/de\/#\/schema\/logo\/image\/\"},\"sameAs\":[\"https:\/\/www.facebook.com\/hexisgraphics\",\"https:\/\/x.com\/hexisgraphics\",\"https:\/\/www.instagram.com\/hexisgraphics\/\",\"https:\/\/fr.linkedin.com\/company\/hexis-s-a-\",\"https:\/\/www.youtube.com\/user\/HEXISSA\"]}]}<\/script>\n<!-- \/ Yoast SEO plugin. -->","yoast_head_json":{"title":"Haltbarkeit - HEXIS Graphics","robots":{"index":"index","follow":"follow","max-snippet":"max-snippet:-1","max-image-preview":"max-image-preview:large","max-video-preview":"max-video-preview:-1"},"canonical":"https:\/\/www.hexis-graphics.com\/de\/professionals\/haltbarkeit\/","og_locale":"de_DE","og_type":"article","og_title":"Haltbarkeit - HEXIS Graphics","og_description":"&nbsp; ALLGEMEINE UMRECHNUNGSREGELN DER HALTBARKEITSRICHTWERTE NACH GEOGRAFISCHEN ZONEN PLOTTERFOLIEN, VOLLVERKLEBUNGEN, DIGITALDRUCK UND AUTOMOBILSCHUTZFOLIEN Herunterladen 124Kb FTP.DAO.076E 10.22 HALTBARKEITSRICHTWERTE: Die Richtwerte f\u00fcr die Haltbarkeit(1), die in den technischen Datenbl\u00e4ttern der Produktreihen Plotter-, Vollverklebungs-, Digitaldruck- und Automobilschutzfolien angegeben sind, gelten f\u00fcr unver\u00e4nderte und unbearbeitete HEXIS-Folien bei vertikaler Neigung (\u00b1 10\u00b0) in mitteleurop\u00e4ischen Klimazonen (entspricht der geografischen Zone [&hellip;]","og_url":"https:\/\/www.hexis-graphics.com\/de\/professionals\/haltbarkeit\/","og_site_name":"HEXIS Graphics","article_publisher":"https:\/\/www.facebook.com\/hexisgraphics","article_modified_time":"2022-10-13T10:33:24+00:00","og_image":[{"url":"https:\/\/hexis-graphics.com\/img\/durability\/orientation.png","type":"","width":"","height":""}],"twitter_card":"summary_large_image","twitter_site":"@hexisgraphics","twitter_misc":{"Gesch\u00e4tzte Lesezeit":"4\u00a0Minuten"},"schema":{"@context":"https:\/\/schema.org","@graph":[{"@type":"WebPage","@id":"https:\/\/www.hexis-graphics.com\/de\/professionals\/haltbarkeit\/","url":"https:\/\/www.hexis-graphics.com\/de\/professionals\/haltbarkeit\/","name":"Haltbarkeit - HEXIS Graphics","isPartOf":{"@id":"https:\/\/www.hexis-graphics.com\/de\/#website"},"primaryImageOfPage":{"@id":"https:\/\/www.hexis-graphics.com\/de\/professionals\/haltbarkeit\/#primaryimage"},"image":{"@id":"https:\/\/www.hexis-graphics.com\/de\/professionals\/haltbarkeit\/#primaryimage"},"thumbnailUrl":"https:\/\/hexis-graphics.com\/img\/durability\/orientation.png","datePublished":"2015-09-28T20:31:13+00:00","dateModified":"2022-10-13T10:33:24+00:00","breadcrumb":{"@id":"https:\/\/www.hexis-graphics.com\/de\/professionals\/haltbarkeit\/#breadcrumb"},"inLanguage":"de","potentialAction":[{"@type":"ReadAction","target":["https:\/\/www.hexis-graphics.com\/de\/professionals\/haltbarkeit\/"]}]},{"@type":"ImageObject","inLanguage":"de","@id":"https:\/\/www.hexis-graphics.com\/de\/professionals\/haltbarkeit\/#primaryimage","url":"https:\/\/hexis-graphics.com\/img\/durability\/orientation.png","contentUrl":"https:\/\/hexis-graphics.com\/img\/durability\/orientation.png"},{"@type":"BreadcrumbList","@id":"https:\/\/www.hexis-graphics.com\/de\/professionals\/haltbarkeit\/#breadcrumb","itemListElement":[{"@type":"ListItem","position":1,"name":"Accueil","item":"https:\/\/www.hexis-graphics.com\/de\/"},{"@type":"ListItem","position":2,"name":"PROFESSIONALS","item":"https:\/\/www.hexis-graphics.com\/de\/professionals\/"},{"@type":"ListItem","position":3,"name":"Haltbarkeit"}]},{"@type":"WebSite","@id":"https:\/\/www.hexis-graphics.com\/de\/#website","url":"https:\/\/www.hexis-graphics.com\/de\/","name":"HEXIS Graphics","description":"Manufacturer of self-adhesive films","publisher":{"@id":"https:\/\/www.hexis-graphics.com\/de\/#organization"},"potentialAction":[{"@type":"SearchAction","target":{"@type":"EntryPoint","urlTemplate":"https:\/\/www.hexis-graphics.com\/de\/?s={search_term_string}"},"query-input":{"@type":"PropertyValueSpecification","valueRequired":true,"valueName":"search_term_string"}}],"inLanguage":"de"},{"@type":"Organization","@id":"https:\/\/www.hexis-graphics.com\/de\/#organization","name":"HEXIS Graphics","url":"https:\/\/www.hexis-graphics.com\/de\/","logo":{"@type":"ImageObject","inLanguage":"de","@id":"https:\/\/www.hexis-graphics.com\/de\/#\/schema\/logo\/image\/","url":"https:\/\/www.hexis-graphics.com\/hexisgraphics\/2016\/05\/logo_HEXIS.jpg","contentUrl":"https:\/\/www.hexis-graphics.com\/hexisgraphics\/2016\/05\/logo_HEXIS.jpg","width":250,"height":107,"caption":"HEXIS Graphics"},"image":{"@id":"https:\/\/www.hexis-graphics.com\/de\/#\/schema\/logo\/image\/"},"sameAs":["https:\/\/www.facebook.com\/hexisgraphics","https:\/\/x.com\/hexisgraphics","https:\/\/www.instagram.com\/hexisgraphics\/","https:\/\/fr.linkedin.com\/company\/hexis-s-a-","https:\/\/www.youtube.com\/user\/HEXISSA"]}]}},"_links":{"self":[{"href":"https:\/\/www.hexis-graphics.com\/de\/wp-json\/wp\/v2\/pages\/5073","targetHints":{"allow":["GET"]}}],"collection":[{"href":"https:\/\/www.hexis-graphics.com\/de\/wp-json\/wp\/v2\/pages"}],"about":[{"href":"https:\/\/www.hexis-graphics.com\/de\/wp-json\/wp\/v2\/types\/page"}],"author":[{"embeddable":true,"href":"https:\/\/www.hexis-graphics.com\/de\/wp-json\/wp\/v2\/users\/1"}],"replies":[{"embeddable":true,"href":"https:\/\/www.hexis-graphics.com\/de\/wp-json\/wp\/v2\/comments?post=5073"}],"version-history":[{"count":6,"href":"https:\/\/www.hexis-graphics.com\/de\/wp-json\/wp\/v2\/pages\/5073\/revisions"}],"predecessor-version":[{"id":40884,"href":"https:\/\/www.hexis-graphics.com\/de\/wp-json\/wp\/v2\/pages\/5073\/revisions\/40884"}],"up":[{"embeddable":true,"href":"https:\/\/www.hexis-graphics.com\/de\/wp-json\/wp\/v2\/pages\/676"}],"wp:attachment":[{"href":"https:\/\/www.hexis-graphics.com\/de\/wp-json\/wp\/v2\/media?parent=5073"}],"curies":[{"name":"wp","href":"https:\/\/api.w.org\/{rel}","templated":true}]}}