{"id":4408,"date":"2015-09-24T09:36:11","date_gmt":"2015-09-24T09:36:11","guid":{"rendered":"https:\/\/www.hexis-graphics.com\/de\/?page_id=4408"},"modified":"2015-09-24T09:36:11","modified_gmt":"2015-09-24T09:36:11","slug":"nutzungsbedingungen-fuer-dieses-website","status":"publish","type":"page","link":"https:\/\/www.hexis-graphics.com\/de\/nutzungsbedingungen-fuer-dieses-website\/","title":{"rendered":"Nutzungsbedingungen f\u00fcr dieses Website"},"content":{"rendered":"<div>\n<div><span lang=\"FR\">Bitte lesen Sie diese Nutzungsbedingungen aufmerksam, bevor Sie diese Website besuchen. Durch den Zugang zu dieser Website und zu den Dokumente, die sich darin befinden, erkl\u00e4ren Sie, dass Sie mit diesen Nutzungsbedigungen einverstanden sind und sie in vollem Mass einhalten. Wenn Sie dies ablehnen, bitten wir Sie, diese Website sofort zu verlassen und keine der darin enthaltenen Dokumente weiter zu nutzen.<\/p>\n<p><\/span><\/div>\n<div>1 &#8211; Lic\u00e9it\u00e9 et Fiabilit\u00e9 du site<\/p>\n<\/div>\n<div>HEXIS garantit que les informations et documents fournis sur le Site ne contreviennent \u00e0 aucune loi ou r\u00e9glementation en vigueur. De m\u00eame, HEXIS garantit que la production ou l&#8217;exploitation du Site n&#8217;enfreint pas les droits des tiers, notamment qu&#8217;elles ne constituent ni une contrefa\u00e7on, ni un acte de concurrence d\u00e9loyale.<\/div>\n<div><\/div>\n<div>HEXIS garantit en outre qu&#8217;elle a mis et mettra en \u0153uvre tous ses moyens pour que les informations donn\u00e9es sur ce Site soient fiables et actualis\u00e9es.<\/div>\n<div><\/div>\n<div>Les documents de ce Site peuvent contenir des fautes orthographiques et typographiques ou des inexactitudes techniques qui seront corrig\u00e9es et mises \u00e0 jour sans annonce pr\u00e9alable de sorte que de petites interruptions d&#8217;acc\u00e8s peuvent appara\u00eetre sur certaines pages sans l&#8217;implication de la responsabilit\u00e9 d\u2019HEXIS.<\/div>\n<div><\/div>\n<div>Certaines parties de ce Site Internet sont destin\u00e9es au public d\u2019un pays sp\u00e9cifique, comme indiqu\u00e9 dans les r\u00e9f\u00e9rences de pays de l\u2019en-t\u00eate des pages du Site Internet. Les conditions d\u2019utilisation de ces pages Web sp\u00e9cifiques \u00e0 certains pays peuvent varier et \u00eatre accessibles depuis le Site Internet d\u2019HEXIS du pays concern\u00e9. HEXIS se r\u00e9serve le droit d\u2019annuler ou de modifier certains des droits figurant sur cette page d\u2019informations \u00e0 tout moment en mettant cette page \u00e0 jour.<\/p>\n<\/div>\n<div>2 &#8211; Obligations du VISITEUR<\/div>\n<div><\/div>\n<div>Le VISITEUR s&#8217;engage, d&#8217;une mani\u00e8re g\u00e9n\u00e9rale, \u00e0 respecter l&#8217;ensemble de la r\u00e9glementation en vigueur.<\/div>\n<div><\/div>\n<div>Le VISITEUR s&#8217;interdit d&#8217;utiliser le Site ou les donn\u00e9es fournies dans des conditions qui seraient contraires aux lois ou r\u00e8glements en vigueur, notamment pour constituer des fichiers en infraction avec la loi dite \u00ab\u00a0 Informatique et Libert\u00e9s\u00a0\u00bb.<\/div>\n<div><\/div>\n<div>Le VISITEUR utilise le Site HEXIS sous sa responsabilit\u00e9 exclusive. Notamment, HEXIS ne saurait \u00eatre tenue pour responsable de la proc\u00e9dure d&#8217;interrogation suivie par Le VISITEUR, ni de l&#8217;interpr\u00e9tation ou de l&#8217;usage qu&#8217;il fait des informations obtenues, ou des d\u00e9cisions prises sur la base de ces informations.<\/div>\n<div><\/div>\n<div>3 &#8211; Protection du site &#8211; Utilisation des informations<\/div>\n<div><\/div>\n<div>Le VISITEUR est inform\u00e9 et reconnait que l\u2019ensemble du Site Internet rel\u00e8ve de la l\u00e9gislation fran\u00e7aise et internationale sur le droit d\u2019auteur et la propri\u00e9t\u00e9 intellectuelle. Les informations contenues dans ce Site sont la propri\u00e9t\u00e9 d\u2019HEXIS.<\/div>\n<div><\/div>\n<div>En cons\u00e9quence, Le VISITEUR s&#8217;engage \u00e0 respecter strictement les droits de propri\u00e9t\u00e9 intellectuelle sur le Site et \u00e0 n&#8217;exploiter son contenu que dans les conditions ci-apr\u00e8s.<\/div>\n<div><\/div>\n<div>Le VISITEUR s&#8217;interdit formellement de faire une quelconque copie, \u00e0 quelque usage que ce soit, du site y compris \u00e0 titre de sauvegarde.<\/div>\n<div><\/div>\n<div>Le VISITEUR a le droit d&#8217;extraire \u00e0 des fins strictement priv\u00e9es une partie qualitativement ou quantitativement substantielle du contenu du Site sous r\u00e9serve du respect des droits d&#8217;auteur ou des droits voisins \u00e9ventuels sur les \u0153uvres ou \u00e9l\u00e9ments incorpor\u00e9s dans le Site.<\/div>\n<div><\/div>\n<div>Le VISITEUR a le droit d&#8217;exploiter les informations recueillies par la mise en \u0153uvre du Site pour les besoins de son activit\u00e9, de sa client\u00e8le et notamment pour les exemples d&#8217;utilisation des produits de la gamme HEXIS.<\/div>\n<div><\/div>\n<div>Plus g\u00e9n\u00e9ralement le VISITEUR s&#8217;engage \u00e0 exploiter le contenu du Site HEXIS dans le strict respect des droits de propri\u00e9t\u00e9 intellectuelle d&#8217;HEXIS sur ce Site.<\/div>\n<div><\/div>\n<div>4 &#8211; Clause de non-responsabilit\u00e9<\/div>\n<div><\/div>\n<div>HEXIS ne sera pas tenue responsable pour tous dommages directs ou indirects cons\u00e9quemment \u00e0 l&#8217;usage ou au mauvais usage de ce site.<\/div>\n<div><\/div>\n<div>HEXIS ne garantit pas que ce Site Internet est compatible avec votre \u00e9quipement informatique ou que ce Site Internet ou son serveur ne contient ni erreurs, ni virus, ni vers informatiques, ni \u00ab chevaux de Troie \u00bb, et HEXIS ne peut \u00eatre tenue responsable des dommages que vous pourriez subir du fait de ces programmes destructeurs.<\/div>\n<div><\/div>\n<div>De m\u00eame HEXIS ne donne aucune garantie sur d&#8217;autres sites qui ont un lien pour entrer dans ce site et tous les liens de ce Site vers d&#8217;autres sites ne sont pas de la responsabilit\u00e9 d\u2019HEXIS.<\/div>\n<div><\/div>\n<div>La responsabilit\u00e9 d&#8217;HEXIS ne saurait \u00eatre engag\u00e9e en raison des erreurs, omissions ou d\u00e9faut d&#8217;actualisation des informations, documents, produits et\/ou services mentionn\u00e9s sur le Site ou li\u00e9s au Site. Il appartient donc au VISITEUR de v\u00e9rifier ou recouper les informations recueillies en interrogeant directement la soci\u00e9t\u00e9 HEXIS.<\/div>\n<div><\/div>\n<div>Le t\u00e9l\u00e9chargement ou autre acquisition de tous documents via le Site est effectu\u00e9 aux risques et p\u00e9rils du VISITEUR qui sera seul responsable de tout dommage sur son syst\u00e8me informatique ou de toute perte de donn\u00e9es provoqu\u00e9es par le t\u00e9l\u00e9chargement ou l&#8217;acquisition de ces documents.<\/div>\n<div><\/div>\n<div>Le VISITEUR s&#8217;engage \u00e0 indemniser HEXIS de toutes cons\u00e9quences dommageables li\u00e9es directement ou indirectement \u00e0 l&#8217;usage qu&#8217;il fait du Site.<\/div>\n<div><\/div>\n<div>5 &#8211; Juridiction<\/div>\n<div><\/div>\n<div>L\u2019utilisation et l\u2019acc\u00e8s \u00e0 ce Site Internet sont r\u00e9gis par la loi et interpr\u00e9t\u00e9s conform\u00e9ment \u00e0 celle-ci. Les \u00e9ventuels litiges relatifs \u00e0 l\u2019utilisation de ce Site Internet seront soumis aux juridictions fran\u00e7aises.<\/div>\n<\/div>\n<p>&nbsp;<\/p>\n<h1 class=\"titreArticle\">Impressum<\/h1>\n<p>Web hosting:<\/p>\n<p>GROUPE MIT \u2013 143, rue \u00c9mile Julien \u2013 34070 Montpellier \u2013 Frankreich<\/p>\n<p>Tel. +33 (0)4 67 15 12 87<\/p>\n<p>Fax +33 (0)4 67 65 10 44<\/p>\n<p>&nbsp;<\/p>\n<p>Technik &#8211; Redaktion:<\/p>\n<p>HEXIS S.A. \u2013 Z.I. Horizons Sud \u2013 34110 Frontignan \u2013 Frankreich<\/p>\n<p>Tel. +33 (0)4 67 18 66 80<\/p>\n<p>Fax + 33 (0)4 67 48 38 79<\/p>\n<p>&nbsp;<\/p>\n<p>HEXIS ist eine S.A. mit einem Kapital von 10 000 000 Euro \u2013 Handelsregister RCS Montpellier 351 372 677 \u2013 APE 2229B<\/p>\n<p>F\u00fcr den Inhalt verantwortlich: Michel MATEU (Gesch\u00e4ftsf\u00fchrer)<\/p>\n","protected":false},"excerpt":{"rendered":"<p>Bitte lesen Sie diese Nutzungsbedingungen aufmerksam, bevor Sie diese Website besuchen. Durch den Zugang zu dieser Website und zu den Dokumente, die sich darin befinden, erkl\u00e4ren Sie, dass Sie mit diesen Nutzungsbedigungen einverstanden sind und sie in vollem Mass einhalten. Wenn Sie dies ablehnen, bitten wir Sie, diese Website sofort zu verlassen und keine der [&hellip;]<\/p>\n","protected":false},"author":1,"featured_media":0,"parent":0,"menu_order":100,"comment_status":"closed","ping_status":"closed","template":"","meta":{"footnotes":""},"class_list":["post-4408","page","type-page","status-publish","hentry"],"yoast_head":"<!-- This site is optimized with the Yoast SEO plugin v26.9 - https:\/\/yoast.com\/product\/yoast-seo-wordpress\/ -->\n<title>Nutzungsbedingungen f\u00fcr dieses Website - HEXIS Graphics<\/title>\n<meta name=\"robots\" content=\"index, follow, max-snippet:-1, max-image-preview:large, max-video-preview:-1\" \/>\n<link rel=\"canonical\" href=\"https:\/\/www.hexis-graphics.com\/de\/nutzungsbedingungen-fuer-dieses-website\/\" \/>\n<meta property=\"og:locale\" content=\"de_DE\" \/>\n<meta property=\"og:type\" content=\"article\" \/>\n<meta property=\"og:title\" content=\"Nutzungsbedingungen f\u00fcr dieses Website - HEXIS Graphics\" \/>\n<meta property=\"og:description\" content=\"Bitte lesen Sie diese Nutzungsbedingungen aufmerksam, bevor Sie diese Website besuchen. Durch den Zugang zu dieser Website und zu den Dokumente, die sich darin befinden, erkl\u00e4ren Sie, dass Sie mit diesen Nutzungsbedigungen einverstanden sind und sie in vollem Mass einhalten. Wenn Sie dies ablehnen, bitten wir Sie, diese Website sofort zu verlassen und keine der [&hellip;]\" \/>\n<meta property=\"og:url\" content=\"https:\/\/www.hexis-graphics.com\/de\/nutzungsbedingungen-fuer-dieses-website\/\" \/>\n<meta property=\"og:site_name\" content=\"HEXIS Graphics\" \/>\n<meta property=\"article:publisher\" content=\"https:\/\/www.facebook.com\/hexisgraphics\" \/>\n<meta property=\"og:image\" content=\"https:\/\/www.hexis-graphics.com\/hexisgraphics\/2016\/05\/logo_HEXIS.jpg\" \/>\n\t<meta property=\"og:image:width\" content=\"250\" \/>\n\t<meta property=\"og:image:height\" content=\"107\" \/>\n\t<meta property=\"og:image:type\" content=\"image\/jpeg\" \/>\n<meta name=\"twitter:card\" content=\"summary_large_image\" \/>\n<meta name=\"twitter:site\" content=\"@hexisgraphics\" \/>\n<meta name=\"twitter:label1\" content=\"Gesch\u00e4tzte Lesezeit\" \/>\n\t<meta name=\"twitter:data1\" content=\"5\u00a0Minuten\" \/>\n<script type=\"application\/ld+json\" class=\"yoast-schema-graph\">{\"@context\":\"https:\/\/schema.org\",\"@graph\":[{\"@type\":\"WebPage\",\"@id\":\"https:\/\/www.hexis-graphics.com\/de\/nutzungsbedingungen-fuer-dieses-website\/\",\"url\":\"https:\/\/www.hexis-graphics.com\/de\/nutzungsbedingungen-fuer-dieses-website\/\",\"name\":\"Nutzungsbedingungen f\u00fcr dieses Website - HEXIS Graphics\",\"isPartOf\":{\"@id\":\"https:\/\/www.hexis-graphics.com\/de\/#website\"},\"datePublished\":\"2015-09-24T09:36:11+00:00\",\"breadcrumb\":{\"@id\":\"https:\/\/www.hexis-graphics.com\/de\/nutzungsbedingungen-fuer-dieses-website\/#breadcrumb\"},\"inLanguage\":\"de\",\"potentialAction\":[{\"@type\":\"ReadAction\",\"target\":[\"https:\/\/www.hexis-graphics.com\/de\/nutzungsbedingungen-fuer-dieses-website\/\"]}]},{\"@type\":\"BreadcrumbList\",\"@id\":\"https:\/\/www.hexis-graphics.com\/de\/nutzungsbedingungen-fuer-dieses-website\/#breadcrumb\",\"itemListElement\":[{\"@type\":\"ListItem\",\"position\":1,\"name\":\"Accueil\",\"item\":\"https:\/\/www.hexis-graphics.com\/de\/\"},{\"@type\":\"ListItem\",\"position\":2,\"name\":\"Nutzungsbedingungen f\u00fcr dieses Website\"}]},{\"@type\":\"WebSite\",\"@id\":\"https:\/\/www.hexis-graphics.com\/de\/#website\",\"url\":\"https:\/\/www.hexis-graphics.com\/de\/\",\"name\":\"HEXIS Graphics\",\"description\":\"Manufacturer of self-adhesive films\",\"publisher\":{\"@id\":\"https:\/\/www.hexis-graphics.com\/de\/#organization\"},\"potentialAction\":[{\"@type\":\"SearchAction\",\"target\":{\"@type\":\"EntryPoint\",\"urlTemplate\":\"https:\/\/www.hexis-graphics.com\/de\/?s={search_term_string}\"},\"query-input\":{\"@type\":\"PropertyValueSpecification\",\"valueRequired\":true,\"valueName\":\"search_term_string\"}}],\"inLanguage\":\"de\"},{\"@type\":\"Organization\",\"@id\":\"https:\/\/www.hexis-graphics.com\/de\/#organization\",\"name\":\"HEXIS Graphics\",\"url\":\"https:\/\/www.hexis-graphics.com\/de\/\",\"logo\":{\"@type\":\"ImageObject\",\"inLanguage\":\"de\",\"@id\":\"https:\/\/www.hexis-graphics.com\/de\/#\/schema\/logo\/image\/\",\"url\":\"https:\/\/www.hexis-graphics.com\/hexisgraphics\/2016\/05\/logo_HEXIS.jpg\",\"contentUrl\":\"https:\/\/www.hexis-graphics.com\/hexisgraphics\/2016\/05\/logo_HEXIS.jpg\",\"width\":250,\"height\":107,\"caption\":\"HEXIS Graphics\"},\"image\":{\"@id\":\"https:\/\/www.hexis-graphics.com\/de\/#\/schema\/logo\/image\/\"},\"sameAs\":[\"https:\/\/www.facebook.com\/hexisgraphics\",\"https:\/\/x.com\/hexisgraphics\",\"https:\/\/www.instagram.com\/hexisgraphics\/\",\"https:\/\/fr.linkedin.com\/company\/hexis-s-a-\",\"https:\/\/www.youtube.com\/user\/HEXISSA\"]}]}<\/script>\n<!-- \/ Yoast SEO plugin. -->","yoast_head_json":{"title":"Nutzungsbedingungen f\u00fcr dieses Website - HEXIS Graphics","robots":{"index":"index","follow":"follow","max-snippet":"max-snippet:-1","max-image-preview":"max-image-preview:large","max-video-preview":"max-video-preview:-1"},"canonical":"https:\/\/www.hexis-graphics.com\/de\/nutzungsbedingungen-fuer-dieses-website\/","og_locale":"de_DE","og_type":"article","og_title":"Nutzungsbedingungen f\u00fcr dieses Website - HEXIS Graphics","og_description":"Bitte lesen Sie diese Nutzungsbedingungen aufmerksam, bevor Sie diese Website besuchen. Durch den Zugang zu dieser Website und zu den Dokumente, die sich darin befinden, erkl\u00e4ren Sie, dass Sie mit diesen Nutzungsbedigungen einverstanden sind und sie in vollem Mass einhalten. Wenn Sie dies ablehnen, bitten wir Sie, diese Website sofort zu verlassen und keine der [&hellip;]","og_url":"https:\/\/www.hexis-graphics.com\/de\/nutzungsbedingungen-fuer-dieses-website\/","og_site_name":"HEXIS Graphics","article_publisher":"https:\/\/www.facebook.com\/hexisgraphics","og_image":[{"width":250,"height":107,"url":"https:\/\/www.hexis-graphics.com\/hexisgraphics\/2016\/05\/logo_HEXIS.jpg","type":"image\/jpeg"}],"twitter_card":"summary_large_image","twitter_site":"@hexisgraphics","twitter_misc":{"Gesch\u00e4tzte Lesezeit":"5\u00a0Minuten"},"schema":{"@context":"https:\/\/schema.org","@graph":[{"@type":"WebPage","@id":"https:\/\/www.hexis-graphics.com\/de\/nutzungsbedingungen-fuer-dieses-website\/","url":"https:\/\/www.hexis-graphics.com\/de\/nutzungsbedingungen-fuer-dieses-website\/","name":"Nutzungsbedingungen f\u00fcr dieses Website - HEXIS Graphics","isPartOf":{"@id":"https:\/\/www.hexis-graphics.com\/de\/#website"},"datePublished":"2015-09-24T09:36:11+00:00","breadcrumb":{"@id":"https:\/\/www.hexis-graphics.com\/de\/nutzungsbedingungen-fuer-dieses-website\/#breadcrumb"},"inLanguage":"de","potentialAction":[{"@type":"ReadAction","target":["https:\/\/www.hexis-graphics.com\/de\/nutzungsbedingungen-fuer-dieses-website\/"]}]},{"@type":"BreadcrumbList","@id":"https:\/\/www.hexis-graphics.com\/de\/nutzungsbedingungen-fuer-dieses-website\/#breadcrumb","itemListElement":[{"@type":"ListItem","position":1,"name":"Accueil","item":"https:\/\/www.hexis-graphics.com\/de\/"},{"@type":"ListItem","position":2,"name":"Nutzungsbedingungen f\u00fcr dieses Website"}]},{"@type":"WebSite","@id":"https:\/\/www.hexis-graphics.com\/de\/#website","url":"https:\/\/www.hexis-graphics.com\/de\/","name":"HEXIS Graphics","description":"Manufacturer of self-adhesive films","publisher":{"@id":"https:\/\/www.hexis-graphics.com\/de\/#organization"},"potentialAction":[{"@type":"SearchAction","target":{"@type":"EntryPoint","urlTemplate":"https:\/\/www.hexis-graphics.com\/de\/?s={search_term_string}"},"query-input":{"@type":"PropertyValueSpecification","valueRequired":true,"valueName":"search_term_string"}}],"inLanguage":"de"},{"@type":"Organization","@id":"https:\/\/www.hexis-graphics.com\/de\/#organization","name":"HEXIS Graphics","url":"https:\/\/www.hexis-graphics.com\/de\/","logo":{"@type":"ImageObject","inLanguage":"de","@id":"https:\/\/www.hexis-graphics.com\/de\/#\/schema\/logo\/image\/","url":"https:\/\/www.hexis-graphics.com\/hexisgraphics\/2016\/05\/logo_HEXIS.jpg","contentUrl":"https:\/\/www.hexis-graphics.com\/hexisgraphics\/2016\/05\/logo_HEXIS.jpg","width":250,"height":107,"caption":"HEXIS Graphics"},"image":{"@id":"https:\/\/www.hexis-graphics.com\/de\/#\/schema\/logo\/image\/"},"sameAs":["https:\/\/www.facebook.com\/hexisgraphics","https:\/\/x.com\/hexisgraphics","https:\/\/www.instagram.com\/hexisgraphics\/","https:\/\/fr.linkedin.com\/company\/hexis-s-a-","https:\/\/www.youtube.com\/user\/HEXISSA"]}]}},"_links":{"self":[{"href":"https:\/\/www.hexis-graphics.com\/de\/wp-json\/wp\/v2\/pages\/4408","targetHints":{"allow":["GET"]}}],"collection":[{"href":"https:\/\/www.hexis-graphics.com\/de\/wp-json\/wp\/v2\/pages"}],"about":[{"href":"https:\/\/www.hexis-graphics.com\/de\/wp-json\/wp\/v2\/types\/page"}],"author":[{"embeddable":true,"href":"https:\/\/www.hexis-graphics.com\/de\/wp-json\/wp\/v2\/users\/1"}],"replies":[{"embeddable":true,"href":"https:\/\/www.hexis-graphics.com\/de\/wp-json\/wp\/v2\/comments?post=4408"}],"version-history":[{"count":0,"href":"https:\/\/www.hexis-graphics.com\/de\/wp-json\/wp\/v2\/pages\/4408\/revisions"}],"wp:attachment":[{"href":"https:\/\/www.hexis-graphics.com\/de\/wp-json\/wp\/v2\/media?parent=4408"}],"curies":[{"name":"wp","href":"https:\/\/api.w.org\/{rel}","templated":true}]}}