{"id":10547,"date":"2015-11-24T21:20:03","date_gmt":"2015-11-24T21:20:03","guid":{"rendered":"https:\/\/www.hexis-graphics.com\/de\/?page_id=10547"},"modified":"2022-07-04T12:34:50","modified_gmt":"2022-07-04T12:34:50","slug":"farbpaletten","status":"publish","type":"page","link":"https:\/\/www.hexis-graphics.com\/de\/professionals\/digitaldruck\/farbpaletten\/","title":{"rendered":"Farbpaletten"},"content":{"rendered":"<p style=\"text-align: justify;\">Nachstehend finden sie die verschiedenen Farbpaletten die f\u00fcr die einzelnen SUPTAC und RIP Softwares zu benutzen sind. Jeder Ordner enth\u00e4lt die Datei SUBTAC Farben und ein kurzes Video, in dem der sachgerechte Import und Gebrauch Ihrer Farb\u00fcbersicht, erkl\u00e4rt werden.<br \/>\nSollten beim Import oder der Verwaltung Probleme oder Schwierigkeiten auftreten, nehmen Sie bitte mit uns Kontakt auf: profils@hexis.fr<\/p>\n<p>&nbsp;<\/p>\n<div style=\"float:left;margin:10px;padding:10px;width:90%;border-bottom:1px solid #efefef;\">\n<div style=\"float:left;max-width:50%\">\n<h1 class=\"titreArticle\">Colour charts correspondence<\/h1>\n<p><img decoding=\"async\" style=\"max-height:100px\" src=\"https:\/\/hexis-graphics.com\/img\/colorpalette\/image\/thumb.small.IMG_2830.jpg\"\/><\/p>\n<\/div>\n<div style=\"float:right;\" class=\"bg-red button-background-mini margintop5\"><a class=\"lien1\" href=\"https:\/\/hexis-graphics.com\/documents\/colorpalette\/Correspondances-nuanciers-HEXIS.zip\" target=\"_blank\"><i class=\"icon-hexis hexis icon-brochure white\"><\/i> Herunterladen<\/a><\/div>\n<\/div>\n<div style=\"float: left; margin: 10px; padding: 10px; width: 90%; border-bottom: 1px solid #efefef;\">\n<div style=\"float: left;\">\n<h1 class=\"titreArticle\">Onyx<\/h1>\n<p><img decoding=\"async\" style=\"max-height: 75px;\" src=\"https:\/\/hexis-graphics.com\/img\/colorpalette\/image\/thumb.small.onyx_last.jpg\" \/><\/p>\n<\/div>\n<div class=\"bg-red button-background-mini margintop5\" style=\"float: right;\"><a class=\"lien1\" href=\"https:\/\/hexis-graphics.com\/documents\/colorpalette\/color-onyx.zip\" target=\"_blank\"><i class=\"icon-hexis hexis icon-brochure white\"><\/i>Herunterladen<\/a><\/div>\n<\/div>\n<div style=\"float: left; margin: 10px; padding: 10px; width: 90%; border-bottom: 1px solid #efefef;\">\n<div style=\"float: left;\">\n<h1 class=\"titreArticle\">Adobe suite<\/h1>\n<p><img decoding=\"async\" style=\"max-height: 75px;\" src=\"https:\/\/hexis-graphics.com\/img\/colorpalette\/image\/thumb.small.logo_ill_in.jpg\" \/><\/p>\n<\/div>\n<div class=\"bg-red button-background-mini margintop5\" style=\"float: right;\"><a class=\"lien1\" href=\"https:\/\/hexis-graphics.com\/documents\/colorpalette\/color-adobe.zip\" target=\"_blank\"><i class=\"icon-hexis hexis icon-brochure white\"><\/i> Herunterladen<\/a><\/div>\n<\/div>\n<div style=\"float: left; margin: 10px; padding: 10px; width: 90%; border-bottom: 1px solid #efefef;\">\n<div style=\"float: left;\">\n<h1 class=\"titreArticle\">Caldera<\/h1>\n<p><img decoding=\"async\" style=\"max-height: 75px;\" src=\"https:\/\/hexis-graphics.com\/img\/colorpalette\/image\/thumb.small.Caldera_Logo_2008.jpg\" \/><\/p>\n<\/div>\n<div class=\"bg-red button-background-mini margintop5\" style=\"float: right;\"><a class=\"lien1\" href=\"https:\/\/hexis-graphics.com\/documents\/colorpalette\/color-caldera.zip\" target=\"_blank\"><i class=\"icon-hexis hexis icon-brochure white\"><\/i> Herunterladen<\/a><\/div>\n<\/div>\n<div style=\"float: left; margin: 10px; padding: 10px; width: 90%; border-bottom: 1px solid #efefef;\">\n<div style=\"float: left;\">\n<h1 class=\"titreArticle\">Versaworks<\/h1>\n<p><img decoding=\"async\" style=\"max-height: 75px;\" src=\"https:\/\/hexis-graphics.com\/img\/colorpalette\/image\/thumb.small.roland_versaworks.jpg\" \/><\/p>\n<\/div>\n<div class=\"bg-red button-background-mini margintop5\" style=\"float: right;\"><a class=\"lien1\" href=\"https:\/\/hexis-graphics.com\/documents\/colorpalette\/color-versaworks.zip\" target=\"_blank\"><i class=\"icon-hexis hexis icon-brochure white\"><\/i> Herunterladen<\/a><\/div>\n<\/div>\n<div style=\"float: left; margin: 10px; padding: 10px; width: 90%; border-bottom: 1px solid #efefef;\">\n<div style=\"float: left;\">\n<h1 class=\"titreArticle\">Sai photoprint<\/h1>\n<p><img decoding=\"async\"  style=\"max-height:75px\" src=\"https:\/\/www.hexis-graphics.com\/hexisgraphics\/2022\/07\/logo-SAI.png\" alt=\"\" width=\"75\"  class=\"size-full wp-image-39451\" srcset=\"https:\/\/www.hexis-graphics.com\/hexisgraphics\/2022\/07\/logo-SAI.png 162w, https:\/\/www.hexis-graphics.com\/hexisgraphics\/2022\/07\/logo-SAI-145x150.png 145w\" sizes=\"(max-width: 162px) 100vw, 162px\" \/><\/p>\n<\/div>\n<div class=\"bg-red button-background-mini margintop5\" style=\"float: right;\"><a class=\"lien1\" href=\"https:\/\/hexis-graphics.com\/documents\/colorpalette\/document_en\/flexi_sign.zip\" target=\"_blank\"><i class=\"icon-hexis hexis icon-brochure white\"><\/i> Herunterladen<\/a><\/div>\n<\/div>\n<div style=\"float: left; margin: 10px; padding: 10px; width: 90%; border-bottom: 1px solid #efefef;\">\n<div style=\"float: left;\">\n<h1 class=\"titreArticle\">Coreldraw<\/h1>\n<p><img decoding=\"async\" style=\"max-height: 75px;\" src=\"https:\/\/hexis-graphics.com\/img\/colorpalette\/image\/thumb.small.corel_x5.jpg\" \/><\/p>\n<\/div>\n<div class=\"bg-red button-background-mini margintop5\" style=\"float: right;\"><a class=\"lien1\" href=\"https:\/\/hexis-graphics.com\/documents\/colorpalette\/document_en\/Corel_draw.zip\" target=\"_blank\"><i class=\"icon-hexis hexis icon-brochure white\"><\/i> Herunterladen<\/a><\/div>\n<\/div>\n<div style=\"float: left; margin: 10px; padding: 10px; width: 90%; border-bottom: 1px solid #efefef;\">\n<div style=\"float: left;\">\n<h1 class=\"titreArticle\">Wasatch<\/h1>\n<p><img decoding=\"async\" style=\"max-height: 75px;\" src=\"https:\/\/hexis-graphics.com\/img\/colorpalette\/image\/thumb.small.Wasatch_Logo_for_web.jpg\" \/><\/p>\n<\/div>\n<div class=\"bg-red button-background-mini margintop5\" style=\"float: right;\"><a class=\"lien1\" href=\"https:\/\/hexis-graphics.com\/documents\/colorpalette\/document_en\/Wasatch_Suptac.zip\" target=\"_blank\"><i class=\"icon-hexis hexis icon-brochure white\"><\/i> Herunterladen<\/a><\/div>\n<\/div>\n<div style=\"float: left; margin: 10px; padding: 10px; width: 90%; border-bottom: 1px solid #efefef;\">\n<div style=\"float: left;\">\n<h1 class=\"titreArticle\">Sign lab<\/h1>\n<p><img decoding=\"async\" style=\"max-height: 75px;\" src=\"https:\/\/hexis-graphics.com\/img\/colorpalette\/image\/thumb.small.signlab_logo.jpg\" \/><\/p>\n<\/div>\n<div class=\"bg-red button-background-mini margintop5\" style=\"float: right;\"><a class=\"lien1\" href=\"https:\/\/hexis-graphics.com\/documents\/colorpalette\/document_en\/sign_lab.zip\" target=\"_blank\"><i class=\"icon-hexis hexis icon-brochure white\"><\/i> Herunterladen<\/a><\/div>\n<\/div>\n","protected":false},"excerpt":{"rendered":"<p>Nachstehend finden sie die verschiedenen Farbpaletten die f\u00fcr die einzelnen SUPTAC und RIP Softwares zu benutzen sind. Jeder Ordner enth\u00e4lt die Datei SUBTAC Farben und ein kurzes Video, in dem der sachgerechte Import und Gebrauch Ihrer Farb\u00fcbersicht, erkl\u00e4rt werden. Sollten beim Import oder der Verwaltung Probleme oder Schwierigkeiten auftreten, nehmen Sie bitte mit uns Kontakt [&hellip;]<\/p>\n","protected":false},"author":1,"featured_media":0,"parent":5439,"menu_order":0,"comment_status":"closed","ping_status":"closed","template":"page-imn.php","meta":{"footnotes":""},"class_list":["post-10547","page","type-page","status-publish","hentry"],"yoast_head":"<!-- This site is optimized with the Yoast SEO plugin v26.9 - https:\/\/yoast.com\/product\/yoast-seo-wordpress\/ -->\n<title>Farbpaletten - HEXIS Graphics<\/title>\n<meta name=\"robots\" content=\"index, follow, max-snippet:-1, max-image-preview:large, max-video-preview:-1\" \/>\n<link rel=\"canonical\" href=\"https:\/\/www.hexis-graphics.com\/de\/professionals\/digitaldruck\/farbpaletten\/\" \/>\n<meta property=\"og:locale\" content=\"de_DE\" \/>\n<meta property=\"og:type\" content=\"article\" \/>\n<meta property=\"og:title\" content=\"Farbpaletten - HEXIS Graphics\" \/>\n<meta property=\"og:description\" content=\"Nachstehend finden sie die verschiedenen Farbpaletten die f\u00fcr die einzelnen SUPTAC und RIP Softwares zu benutzen sind. Jeder Ordner enth\u00e4lt die Datei SUBTAC Farben und ein kurzes Video, in dem der sachgerechte Import und Gebrauch Ihrer Farb\u00fcbersicht, erkl\u00e4rt werden. Sollten beim Import oder der Verwaltung Probleme oder Schwierigkeiten auftreten, nehmen Sie bitte mit uns Kontakt [&hellip;]\" \/>\n<meta property=\"og:url\" content=\"https:\/\/www.hexis-graphics.com\/de\/professionals\/digitaldruck\/farbpaletten\/\" \/>\n<meta property=\"og:site_name\" content=\"HEXIS Graphics\" \/>\n<meta property=\"article:publisher\" content=\"https:\/\/www.facebook.com\/hexisgraphics\" \/>\n<meta property=\"article:modified_time\" content=\"2022-07-04T12:34:50+00:00\" \/>\n<meta property=\"og:image\" content=\"https:\/\/hexis-graphics.com\/img\/colorpalette\/image\/thumb.small.IMG_2830.jpg\" \/>\n<meta name=\"twitter:card\" content=\"summary_large_image\" \/>\n<meta name=\"twitter:site\" content=\"@hexisgraphics\" \/>\n<script type=\"application\/ld+json\" class=\"yoast-schema-graph\">{\"@context\":\"https:\/\/schema.org\",\"@graph\":[{\"@type\":\"WebPage\",\"@id\":\"https:\/\/www.hexis-graphics.com\/de\/professionals\/digitaldruck\/farbpaletten\/\",\"url\":\"https:\/\/www.hexis-graphics.com\/de\/professionals\/digitaldruck\/farbpaletten\/\",\"name\":\"Farbpaletten - HEXIS Graphics\",\"isPartOf\":{\"@id\":\"https:\/\/www.hexis-graphics.com\/de\/#website\"},\"primaryImageOfPage\":{\"@id\":\"https:\/\/www.hexis-graphics.com\/de\/professionals\/digitaldruck\/farbpaletten\/#primaryimage\"},\"image\":{\"@id\":\"https:\/\/www.hexis-graphics.com\/de\/professionals\/digitaldruck\/farbpaletten\/#primaryimage\"},\"thumbnailUrl\":\"https:\/\/hexis-graphics.com\/img\/colorpalette\/image\/thumb.small.IMG_2830.jpg\",\"datePublished\":\"2015-11-24T21:20:03+00:00\",\"dateModified\":\"2022-07-04T12:34:50+00:00\",\"breadcrumb\":{\"@id\":\"https:\/\/www.hexis-graphics.com\/de\/professionals\/digitaldruck\/farbpaletten\/#breadcrumb\"},\"inLanguage\":\"de\",\"potentialAction\":[{\"@type\":\"ReadAction\",\"target\":[\"https:\/\/www.hexis-graphics.com\/de\/professionals\/digitaldruck\/farbpaletten\/\"]}]},{\"@type\":\"ImageObject\",\"inLanguage\":\"de\",\"@id\":\"https:\/\/www.hexis-graphics.com\/de\/professionals\/digitaldruck\/farbpaletten\/#primaryimage\",\"url\":\"https:\/\/hexis-graphics.com\/img\/colorpalette\/image\/thumb.small.IMG_2830.jpg\",\"contentUrl\":\"https:\/\/hexis-graphics.com\/img\/colorpalette\/image\/thumb.small.IMG_2830.jpg\"},{\"@type\":\"BreadcrumbList\",\"@id\":\"https:\/\/www.hexis-graphics.com\/de\/professionals\/digitaldruck\/farbpaletten\/#breadcrumb\",\"itemListElement\":[{\"@type\":\"ListItem\",\"position\":1,\"name\":\"Accueil\",\"item\":\"https:\/\/www.hexis-graphics.com\/de\/\"},{\"@type\":\"ListItem\",\"position\":2,\"name\":\"PROFESSIONALS\",\"item\":\"https:\/\/www.hexis-graphics.com\/de\/professionals\/\"},{\"@type\":\"ListItem\",\"position\":3,\"name\":\"Digitaldruck\",\"item\":\"https:\/\/www.hexis-graphics.com\/de\/professionals\/digitaldruck\/\"},{\"@type\":\"ListItem\",\"position\":4,\"name\":\"Farbpaletten\"}]},{\"@type\":\"WebSite\",\"@id\":\"https:\/\/www.hexis-graphics.com\/de\/#website\",\"url\":\"https:\/\/www.hexis-graphics.com\/de\/\",\"name\":\"HEXIS Graphics\",\"description\":\"Manufacturer of self-adhesive films\",\"publisher\":{\"@id\":\"https:\/\/www.hexis-graphics.com\/de\/#organization\"},\"potentialAction\":[{\"@type\":\"SearchAction\",\"target\":{\"@type\":\"EntryPoint\",\"urlTemplate\":\"https:\/\/www.hexis-graphics.com\/de\/?s={search_term_string}\"},\"query-input\":{\"@type\":\"PropertyValueSpecification\",\"valueRequired\":true,\"valueName\":\"search_term_string\"}}],\"inLanguage\":\"de\"},{\"@type\":\"Organization\",\"@id\":\"https:\/\/www.hexis-graphics.com\/de\/#organization\",\"name\":\"HEXIS Graphics\",\"url\":\"https:\/\/www.hexis-graphics.com\/de\/\",\"logo\":{\"@type\":\"ImageObject\",\"inLanguage\":\"de\",\"@id\":\"https:\/\/www.hexis-graphics.com\/de\/#\/schema\/logo\/image\/\",\"url\":\"https:\/\/www.hexis-graphics.com\/hexisgraphics\/2016\/05\/logo_HEXIS.jpg\",\"contentUrl\":\"https:\/\/www.hexis-graphics.com\/hexisgraphics\/2016\/05\/logo_HEXIS.jpg\",\"width\":250,\"height\":107,\"caption\":\"HEXIS Graphics\"},\"image\":{\"@id\":\"https:\/\/www.hexis-graphics.com\/de\/#\/schema\/logo\/image\/\"},\"sameAs\":[\"https:\/\/www.facebook.com\/hexisgraphics\",\"https:\/\/x.com\/hexisgraphics\",\"https:\/\/www.instagram.com\/hexisgraphics\/\",\"https:\/\/fr.linkedin.com\/company\/hexis-s-a-\",\"https:\/\/www.youtube.com\/user\/HEXISSA\"]}]}<\/script>\n<!-- \/ Yoast SEO plugin. -->","yoast_head_json":{"title":"Farbpaletten - HEXIS Graphics","robots":{"index":"index","follow":"follow","max-snippet":"max-snippet:-1","max-image-preview":"max-image-preview:large","max-video-preview":"max-video-preview:-1"},"canonical":"https:\/\/www.hexis-graphics.com\/de\/professionals\/digitaldruck\/farbpaletten\/","og_locale":"de_DE","og_type":"article","og_title":"Farbpaletten - HEXIS Graphics","og_description":"Nachstehend finden sie die verschiedenen Farbpaletten die f\u00fcr die einzelnen SUPTAC und RIP Softwares zu benutzen sind. Jeder Ordner enth\u00e4lt die Datei SUBTAC Farben und ein kurzes Video, in dem der sachgerechte Import und Gebrauch Ihrer Farb\u00fcbersicht, erkl\u00e4rt werden. Sollten beim Import oder der Verwaltung Probleme oder Schwierigkeiten auftreten, nehmen Sie bitte mit uns Kontakt [&hellip;]","og_url":"https:\/\/www.hexis-graphics.com\/de\/professionals\/digitaldruck\/farbpaletten\/","og_site_name":"HEXIS Graphics","article_publisher":"https:\/\/www.facebook.com\/hexisgraphics","article_modified_time":"2022-07-04T12:34:50+00:00","og_image":[{"url":"https:\/\/hexis-graphics.com\/img\/colorpalette\/image\/thumb.small.IMG_2830.jpg","type":"","width":"","height":""}],"twitter_card":"summary_large_image","twitter_site":"@hexisgraphics","schema":{"@context":"https:\/\/schema.org","@graph":[{"@type":"WebPage","@id":"https:\/\/www.hexis-graphics.com\/de\/professionals\/digitaldruck\/farbpaletten\/","url":"https:\/\/www.hexis-graphics.com\/de\/professionals\/digitaldruck\/farbpaletten\/","name":"Farbpaletten - HEXIS Graphics","isPartOf":{"@id":"https:\/\/www.hexis-graphics.com\/de\/#website"},"primaryImageOfPage":{"@id":"https:\/\/www.hexis-graphics.com\/de\/professionals\/digitaldruck\/farbpaletten\/#primaryimage"},"image":{"@id":"https:\/\/www.hexis-graphics.com\/de\/professionals\/digitaldruck\/farbpaletten\/#primaryimage"},"thumbnailUrl":"https:\/\/hexis-graphics.com\/img\/colorpalette\/image\/thumb.small.IMG_2830.jpg","datePublished":"2015-11-24T21:20:03+00:00","dateModified":"2022-07-04T12:34:50+00:00","breadcrumb":{"@id":"https:\/\/www.hexis-graphics.com\/de\/professionals\/digitaldruck\/farbpaletten\/#breadcrumb"},"inLanguage":"de","potentialAction":[{"@type":"ReadAction","target":["https:\/\/www.hexis-graphics.com\/de\/professionals\/digitaldruck\/farbpaletten\/"]}]},{"@type":"ImageObject","inLanguage":"de","@id":"https:\/\/www.hexis-graphics.com\/de\/professionals\/digitaldruck\/farbpaletten\/#primaryimage","url":"https:\/\/hexis-graphics.com\/img\/colorpalette\/image\/thumb.small.IMG_2830.jpg","contentUrl":"https:\/\/hexis-graphics.com\/img\/colorpalette\/image\/thumb.small.IMG_2830.jpg"},{"@type":"BreadcrumbList","@id":"https:\/\/www.hexis-graphics.com\/de\/professionals\/digitaldruck\/farbpaletten\/#breadcrumb","itemListElement":[{"@type":"ListItem","position":1,"name":"Accueil","item":"https:\/\/www.hexis-graphics.com\/de\/"},{"@type":"ListItem","position":2,"name":"PROFESSIONALS","item":"https:\/\/www.hexis-graphics.com\/de\/professionals\/"},{"@type":"ListItem","position":3,"name":"Digitaldruck","item":"https:\/\/www.hexis-graphics.com\/de\/professionals\/digitaldruck\/"},{"@type":"ListItem","position":4,"name":"Farbpaletten"}]},{"@type":"WebSite","@id":"https:\/\/www.hexis-graphics.com\/de\/#website","url":"https:\/\/www.hexis-graphics.com\/de\/","name":"HEXIS Graphics","description":"Manufacturer of self-adhesive films","publisher":{"@id":"https:\/\/www.hexis-graphics.com\/de\/#organization"},"potentialAction":[{"@type":"SearchAction","target":{"@type":"EntryPoint","urlTemplate":"https:\/\/www.hexis-graphics.com\/de\/?s={search_term_string}"},"query-input":{"@type":"PropertyValueSpecification","valueRequired":true,"valueName":"search_term_string"}}],"inLanguage":"de"},{"@type":"Organization","@id":"https:\/\/www.hexis-graphics.com\/de\/#organization","name":"HEXIS Graphics","url":"https:\/\/www.hexis-graphics.com\/de\/","logo":{"@type":"ImageObject","inLanguage":"de","@id":"https:\/\/www.hexis-graphics.com\/de\/#\/schema\/logo\/image\/","url":"https:\/\/www.hexis-graphics.com\/hexisgraphics\/2016\/05\/logo_HEXIS.jpg","contentUrl":"https:\/\/www.hexis-graphics.com\/hexisgraphics\/2016\/05\/logo_HEXIS.jpg","width":250,"height":107,"caption":"HEXIS Graphics"},"image":{"@id":"https:\/\/www.hexis-graphics.com\/de\/#\/schema\/logo\/image\/"},"sameAs":["https:\/\/www.facebook.com\/hexisgraphics","https:\/\/x.com\/hexisgraphics","https:\/\/www.instagram.com\/hexisgraphics\/","https:\/\/fr.linkedin.com\/company\/hexis-s-a-","https:\/\/www.youtube.com\/user\/HEXISSA"]}]}},"_links":{"self":[{"href":"https:\/\/www.hexis-graphics.com\/de\/wp-json\/wp\/v2\/pages\/10547","targetHints":{"allow":["GET"]}}],"collection":[{"href":"https:\/\/www.hexis-graphics.com\/de\/wp-json\/wp\/v2\/pages"}],"about":[{"href":"https:\/\/www.hexis-graphics.com\/de\/wp-json\/wp\/v2\/types\/page"}],"author":[{"embeddable":true,"href":"https:\/\/www.hexis-graphics.com\/de\/wp-json\/wp\/v2\/users\/1"}],"replies":[{"embeddable":true,"href":"https:\/\/www.hexis-graphics.com\/de\/wp-json\/wp\/v2\/comments?post=10547"}],"version-history":[{"count":3,"href":"https:\/\/www.hexis-graphics.com\/de\/wp-json\/wp\/v2\/pages\/10547\/revisions"}],"predecessor-version":[{"id":39466,"href":"https:\/\/www.hexis-graphics.com\/de\/wp-json\/wp\/v2\/pages\/10547\/revisions\/39466"}],"up":[{"embeddable":true,"href":"https:\/\/www.hexis-graphics.com\/de\/wp-json\/wp\/v2\/pages\/5439"}],"wp:attachment":[{"href":"https:\/\/www.hexis-graphics.com\/de\/wp-json\/wp\/v2\/media?parent=10547"}],"curies":[{"name":"wp","href":"https:\/\/api.w.org\/{rel}","templated":true}]}}