{"id":10528,"date":"2015-11-24T21:08:59","date_gmt":"2015-11-24T21:08:59","guid":{"rendered":"https:\/\/www.hexis-graphics.com\/de\/?page_id=10528"},"modified":"2015-11-24T21:14:21","modified_gmt":"2015-11-24T21:14:21","slug":"icc-profile","status":"publish","type":"page","link":"https:\/\/www.hexis-graphics.com\/de\/professionals\/digitaldruck\/icc-profile\/","title":{"rendered":"ICC Profile"},"content":{"rendered":"<h2 class=\"borderRed\">Wichtiger Hinweis<\/h2>\n<p>Willkommen zum ICC-Profile Download<\/p>\n<p>Um sicherzustellen, dass Hexis-Kunden beim Digitaldruck bestm\u00f6gliche Ergebnisse erzielen, stellt Hexis seinen Kunden eine Anzahl von Tools und Verarbeitungshinweisen zum Gebrauch ihrer Produkte zur Verf\u00fcgung.<\/p>\n<p>Hier finden Sie eine ausf\u00fchrliche Datenbank von ICC-Profilen f\u00fcr eine gro\u00dfe Anzahl von Drucker\/RIP\/Tinten und Medien-Kombinationen.<\/p>\n<p>Die ICC-Farbprofile werden kostenlos zur Verf\u00fcgung gestellt.<\/p>\n<p>Hexis lehnt jede Verantwortung ab f\u00fcr direkte und indirekte Folgesch\u00e4den, die aus dem Gebrauch dieser ICC-Profile entstehen k\u00f6nnten.<\/p>\n<p>Der Verarbeiter ist allein und ausschlie\u00dflich verantwortlich f\u00fcr die Qualit\u00e4t seines Drucks und f\u00fcr die Farbtreue, die er mit Hilfe dieser Profile erzielt.<\/p>\n<p>Diese Profile wurden von unseren Spezialisten f\u00fcr Kolorimetrie in unserer Digitaldruckabteilung entwickelt. Sie sind nur pr\u00e4zise bei dem Illuminant (Standard-Illuminant), f\u00fcr den Drucker, f\u00fcr den sie entwickelt wurden, und bei den Temperaturen und der Luftfeuchtigkeit, die f\u00fcr die Anwendung vorgeschrieben sind. Gewisse Parameter k\u00f6nnen von einem Drucker zum anderen verschieden sein und sind auch abh\u00e4ngig von Umweltbedingungen, die die Druckergebnisse wesentlich beeinflussen.<\/p>\n<p>Der Benutzer akzeptiert uneingeschr\u00e4nkt, dass ICC-Profile f\u00fcr einen Drucker nicht unabh\u00e4ngig funktionieren. Sie sind nur ein Bestandteil von mehreren, die erlauben die Farbwiedergabe zu kontrollieren, und der richtige Gebrauch setzt solide Kenntnisse im Bereich des Colour Managements voraus.<\/p>\n<p>Weitere Informationen zum richtigen Gebrauch dieser Profile und welche Ergebnisse man davon erwarten kann, finden Sie in der technischen Brosch\u00fcre How to make good use of ICC colour profiles.<\/p>\n","protected":false},"excerpt":{"rendered":"<p>Wichtiger Hinweis Willkommen zum ICC-Profile Download Um sicherzustellen, dass Hexis-Kunden beim Digitaldruck bestm\u00f6gliche Ergebnisse erzielen, stellt Hexis seinen Kunden eine Anzahl von Tools und Verarbeitungshinweisen zum Gebrauch ihrer Produkte zur Verf\u00fcgung. Hier finden Sie eine ausf\u00fchrliche Datenbank von ICC-Profilen f\u00fcr eine gro\u00dfe Anzahl von Drucker\/RIP\/Tinten und Medien-Kombinationen. Die ICC-Farbprofile werden kostenlos zur Verf\u00fcgung gestellt. Hexis [&hellip;]<\/p>\n","protected":false},"author":1,"featured_media":0,"parent":5439,"menu_order":0,"comment_status":"closed","ping_status":"closed","template":"page-icc.php","meta":{"footnotes":""},"class_list":["post-10528","page","type-page","status-publish","hentry"],"yoast_head":"<!-- This site is optimized with the Yoast SEO plugin v27.4 - https:\/\/yoast.com\/product\/yoast-seo-wordpress\/ -->\n<title>ICC Profile - HEXIS Graphics<\/title>\n<meta name=\"robots\" content=\"index, follow, max-snippet:-1, max-image-preview:large, max-video-preview:-1\" \/>\n<link rel=\"canonical\" href=\"https:\/\/www.hexis-graphics.com\/de\/professionals\/digitaldruck\/icc-profile\/\" \/>\n<meta property=\"og:locale\" content=\"de_DE\" \/>\n<meta property=\"og:type\" content=\"article\" \/>\n<meta property=\"og:title\" content=\"ICC Profile - HEXIS Graphics\" \/>\n<meta property=\"og:description\" content=\"Wichtiger Hinweis Willkommen zum ICC-Profile Download Um sicherzustellen, dass Hexis-Kunden beim Digitaldruck bestm\u00f6gliche Ergebnisse erzielen, stellt Hexis seinen Kunden eine Anzahl von Tools und Verarbeitungshinweisen zum Gebrauch ihrer Produkte zur Verf\u00fcgung. Hier finden Sie eine ausf\u00fchrliche Datenbank von ICC-Profilen f\u00fcr eine gro\u00dfe Anzahl von Drucker\/RIP\/Tinten und Medien-Kombinationen. Die ICC-Farbprofile werden kostenlos zur Verf\u00fcgung gestellt. Hexis [&hellip;]\" \/>\n<meta property=\"og:url\" content=\"https:\/\/www.hexis-graphics.com\/de\/professionals\/digitaldruck\/icc-profile\/\" \/>\n<meta property=\"og:site_name\" content=\"HEXIS Graphics\" \/>\n<meta property=\"article:publisher\" content=\"https:\/\/www.facebook.com\/hexisgraphics\" \/>\n<meta property=\"article:modified_time\" content=\"2015-11-24T21:14:21+00:00\" \/>\n<meta property=\"og:image\" content=\"https:\/\/www.hexis-graphics.com\/hexisgraphics\/2016\/05\/logo_HEXIS.jpg\" \/>\n\t<meta property=\"og:image:width\" content=\"250\" \/>\n\t<meta property=\"og:image:height\" content=\"107\" \/>\n\t<meta property=\"og:image:type\" content=\"image\/jpeg\" \/>\n<meta name=\"twitter:card\" content=\"summary_large_image\" \/>\n<meta name=\"twitter:site\" content=\"@hexisgraphics\" \/>\n<meta name=\"twitter:label1\" content=\"Gesch\u00e4tzte Lesezeit\" \/>\n\t<meta name=\"twitter:data1\" content=\"1\u00a0Minute\" \/>\n<script type=\"application\/ld+json\" class=\"yoast-schema-graph\">{\"@context\":\"https:\\\/\\\/schema.org\",\"@graph\":[{\"@type\":\"WebPage\",\"@id\":\"https:\\\/\\\/www.hexis-graphics.com\\\/de\\\/professionals\\\/digitaldruck\\\/icc-profile\\\/\",\"url\":\"https:\\\/\\\/www.hexis-graphics.com\\\/de\\\/professionals\\\/digitaldruck\\\/icc-profile\\\/\",\"name\":\"ICC Profile - HEXIS Graphics\",\"isPartOf\":{\"@id\":\"https:\\\/\\\/www.hexis-graphics.com\\\/de\\\/#website\"},\"datePublished\":\"2015-11-24T21:08:59+00:00\",\"dateModified\":\"2015-11-24T21:14:21+00:00\",\"breadcrumb\":{\"@id\":\"https:\\\/\\\/www.hexis-graphics.com\\\/de\\\/professionals\\\/digitaldruck\\\/icc-profile\\\/#breadcrumb\"},\"inLanguage\":\"de\",\"potentialAction\":[{\"@type\":\"ReadAction\",\"target\":[\"https:\\\/\\\/www.hexis-graphics.com\\\/de\\\/professionals\\\/digitaldruck\\\/icc-profile\\\/\"]}]},{\"@type\":\"BreadcrumbList\",\"@id\":\"https:\\\/\\\/www.hexis-graphics.com\\\/de\\\/professionals\\\/digitaldruck\\\/icc-profile\\\/#breadcrumb\",\"itemListElement\":[{\"@type\":\"ListItem\",\"position\":1,\"name\":\"Accueil\",\"item\":\"https:\\\/\\\/www.hexis-graphics.com\\\/de\\\/\"},{\"@type\":\"ListItem\",\"position\":2,\"name\":\"PROFESSIONALS\",\"item\":\"https:\\\/\\\/www.hexis-graphics.com\\\/de\\\/professionals\\\/\"},{\"@type\":\"ListItem\",\"position\":3,\"name\":\"Digitaldruck\",\"item\":\"https:\\\/\\\/www.hexis-graphics.com\\\/de\\\/professionals\\\/digitaldruck\\\/\"},{\"@type\":\"ListItem\",\"position\":4,\"name\":\"ICC Profile\"}]},{\"@type\":\"WebSite\",\"@id\":\"https:\\\/\\\/www.hexis-graphics.com\\\/de\\\/#website\",\"url\":\"https:\\\/\\\/www.hexis-graphics.com\\\/de\\\/\",\"name\":\"HEXIS Graphics\",\"description\":\"Manufacturer of self-adhesive films\",\"publisher\":{\"@id\":\"https:\\\/\\\/www.hexis-graphics.com\\\/de\\\/#organization\"},\"potentialAction\":[{\"@type\":\"SearchAction\",\"target\":{\"@type\":\"EntryPoint\",\"urlTemplate\":\"https:\\\/\\\/www.hexis-graphics.com\\\/de\\\/?s={search_term_string}\"},\"query-input\":{\"@type\":\"PropertyValueSpecification\",\"valueRequired\":true,\"valueName\":\"search_term_string\"}}],\"inLanguage\":\"de\"},{\"@type\":\"Organization\",\"@id\":\"https:\\\/\\\/www.hexis-graphics.com\\\/de\\\/#organization\",\"name\":\"HEXIS Graphics\",\"url\":\"https:\\\/\\\/www.hexis-graphics.com\\\/de\\\/\",\"logo\":{\"@type\":\"ImageObject\",\"inLanguage\":\"de\",\"@id\":\"https:\\\/\\\/www.hexis-graphics.com\\\/de\\\/#\\\/schema\\\/logo\\\/image\\\/\",\"url\":\"https:\\\/\\\/www.hexis-graphics.com\\\/hexisgraphics\\\/2016\\\/05\\\/logo_HEXIS.jpg\",\"contentUrl\":\"https:\\\/\\\/www.hexis-graphics.com\\\/hexisgraphics\\\/2016\\\/05\\\/logo_HEXIS.jpg\",\"width\":250,\"height\":107,\"caption\":\"HEXIS Graphics\"},\"image\":{\"@id\":\"https:\\\/\\\/www.hexis-graphics.com\\\/de\\\/#\\\/schema\\\/logo\\\/image\\\/\"},\"sameAs\":[\"https:\\\/\\\/www.facebook.com\\\/hexisgraphics\",\"https:\\\/\\\/x.com\\\/hexisgraphics\",\"https:\\\/\\\/www.instagram.com\\\/hexisgraphics\\\/\",\"https:\\\/\\\/fr.linkedin.com\\\/company\\\/hexis-s-a-\",\"https:\\\/\\\/www.youtube.com\\\/user\\\/HEXISSA\"]}]}<\/script>\n<!-- \/ Yoast SEO plugin. -->","yoast_head_json":{"title":"ICC Profile - HEXIS Graphics","robots":{"index":"index","follow":"follow","max-snippet":"max-snippet:-1","max-image-preview":"max-image-preview:large","max-video-preview":"max-video-preview:-1"},"canonical":"https:\/\/www.hexis-graphics.com\/de\/professionals\/digitaldruck\/icc-profile\/","og_locale":"de_DE","og_type":"article","og_title":"ICC Profile - HEXIS Graphics","og_description":"Wichtiger Hinweis Willkommen zum ICC-Profile Download Um sicherzustellen, dass Hexis-Kunden beim Digitaldruck bestm\u00f6gliche Ergebnisse erzielen, stellt Hexis seinen Kunden eine Anzahl von Tools und Verarbeitungshinweisen zum Gebrauch ihrer Produkte zur Verf\u00fcgung. Hier finden Sie eine ausf\u00fchrliche Datenbank von ICC-Profilen f\u00fcr eine gro\u00dfe Anzahl von Drucker\/RIP\/Tinten und Medien-Kombinationen. Die ICC-Farbprofile werden kostenlos zur Verf\u00fcgung gestellt. Hexis [&hellip;]","og_url":"https:\/\/www.hexis-graphics.com\/de\/professionals\/digitaldruck\/icc-profile\/","og_site_name":"HEXIS Graphics","article_publisher":"https:\/\/www.facebook.com\/hexisgraphics","article_modified_time":"2015-11-24T21:14:21+00:00","og_image":[{"width":250,"height":107,"url":"https:\/\/www.hexis-graphics.com\/hexisgraphics\/2016\/05\/logo_HEXIS.jpg","type":"image\/jpeg"}],"twitter_card":"summary_large_image","twitter_site":"@hexisgraphics","twitter_misc":{"Gesch\u00e4tzte Lesezeit":"1\u00a0Minute"},"schema":{"@context":"https:\/\/schema.org","@graph":[{"@type":"WebPage","@id":"https:\/\/www.hexis-graphics.com\/de\/professionals\/digitaldruck\/icc-profile\/","url":"https:\/\/www.hexis-graphics.com\/de\/professionals\/digitaldruck\/icc-profile\/","name":"ICC Profile - HEXIS Graphics","isPartOf":{"@id":"https:\/\/www.hexis-graphics.com\/de\/#website"},"datePublished":"2015-11-24T21:08:59+00:00","dateModified":"2015-11-24T21:14:21+00:00","breadcrumb":{"@id":"https:\/\/www.hexis-graphics.com\/de\/professionals\/digitaldruck\/icc-profile\/#breadcrumb"},"inLanguage":"de","potentialAction":[{"@type":"ReadAction","target":["https:\/\/www.hexis-graphics.com\/de\/professionals\/digitaldruck\/icc-profile\/"]}]},{"@type":"BreadcrumbList","@id":"https:\/\/www.hexis-graphics.com\/de\/professionals\/digitaldruck\/icc-profile\/#breadcrumb","itemListElement":[{"@type":"ListItem","position":1,"name":"Accueil","item":"https:\/\/www.hexis-graphics.com\/de\/"},{"@type":"ListItem","position":2,"name":"PROFESSIONALS","item":"https:\/\/www.hexis-graphics.com\/de\/professionals\/"},{"@type":"ListItem","position":3,"name":"Digitaldruck","item":"https:\/\/www.hexis-graphics.com\/de\/professionals\/digitaldruck\/"},{"@type":"ListItem","position":4,"name":"ICC Profile"}]},{"@type":"WebSite","@id":"https:\/\/www.hexis-graphics.com\/de\/#website","url":"https:\/\/www.hexis-graphics.com\/de\/","name":"HEXIS Graphics","description":"Manufacturer of self-adhesive films","publisher":{"@id":"https:\/\/www.hexis-graphics.com\/de\/#organization"},"potentialAction":[{"@type":"SearchAction","target":{"@type":"EntryPoint","urlTemplate":"https:\/\/www.hexis-graphics.com\/de\/?s={search_term_string}"},"query-input":{"@type":"PropertyValueSpecification","valueRequired":true,"valueName":"search_term_string"}}],"inLanguage":"de"},{"@type":"Organization","@id":"https:\/\/www.hexis-graphics.com\/de\/#organization","name":"HEXIS Graphics","url":"https:\/\/www.hexis-graphics.com\/de\/","logo":{"@type":"ImageObject","inLanguage":"de","@id":"https:\/\/www.hexis-graphics.com\/de\/#\/schema\/logo\/image\/","url":"https:\/\/www.hexis-graphics.com\/hexisgraphics\/2016\/05\/logo_HEXIS.jpg","contentUrl":"https:\/\/www.hexis-graphics.com\/hexisgraphics\/2016\/05\/logo_HEXIS.jpg","width":250,"height":107,"caption":"HEXIS Graphics"},"image":{"@id":"https:\/\/www.hexis-graphics.com\/de\/#\/schema\/logo\/image\/"},"sameAs":["https:\/\/www.facebook.com\/hexisgraphics","https:\/\/x.com\/hexisgraphics","https:\/\/www.instagram.com\/hexisgraphics\/","https:\/\/fr.linkedin.com\/company\/hexis-s-a-","https:\/\/www.youtube.com\/user\/HEXISSA"]}]}},"_links":{"self":[{"href":"https:\/\/www.hexis-graphics.com\/de\/wp-json\/wp\/v2\/pages\/10528","targetHints":{"allow":["GET"]}}],"collection":[{"href":"https:\/\/www.hexis-graphics.com\/de\/wp-json\/wp\/v2\/pages"}],"about":[{"href":"https:\/\/www.hexis-graphics.com\/de\/wp-json\/wp\/v2\/types\/page"}],"author":[{"embeddable":true,"href":"https:\/\/www.hexis-graphics.com\/de\/wp-json\/wp\/v2\/users\/1"}],"replies":[{"embeddable":true,"href":"https:\/\/www.hexis-graphics.com\/de\/wp-json\/wp\/v2\/comments?post=10528"}],"version-history":[{"count":0,"href":"https:\/\/www.hexis-graphics.com\/de\/wp-json\/wp\/v2\/pages\/10528\/revisions"}],"up":[{"embeddable":true,"href":"https:\/\/www.hexis-graphics.com\/de\/wp-json\/wp\/v2\/pages\/5439"}],"wp:attachment":[{"href":"https:\/\/www.hexis-graphics.com\/de\/wp-json\/wp\/v2\/media?parent=10528"}],"curies":[{"name":"wp","href":"https:\/\/api.w.org\/{rel}","templated":true}]}}